{"id":18363,"date":"2023-01-05T15:41:36","date_gmt":"2023-01-05T14:41:36","guid":{"rendered":"https:\/\/www.grin.com\/publicacion-informaciones-para-nuevos-clientes\/"},"modified":"2024-05-22T11:40:19","modified_gmt":"2024-05-22T09:40:19","slug":"publicacion-informaciones-para-nuevos-clientes","status":"publish","type":"page","link":"https:\/\/www.grin.com\/es\/publicacion-informaciones-para-nuevos-clientes\/","title":{"rendered":"Publicaci\u00f3n &#8211; Informaci\u00f3nes para nuevos clientes"},"content":{"rendered":"\t\t<div data-elementor-type=\"wp-page\" data-elementor-id=\"18363\" class=\"elementor elementor-18363 elementor-17273\" data-elementor-post-type=\"page\">\n\t\t\t\t\t\t<section class=\"elementor-section elementor-top-section elementor-element elementor-element-a20be53 elementor-section-boxed elementor-section-height-default elementor-section-height-default\" data-id=\"a20be53\" data-element_type=\"section\" data-e-type=\"section\">\n\t\t\t\t\t\t<div class=\"elementor-container elementor-column-gap-default\">\n\t\t\t\t\t<div class=\"elementor-column elementor-col-100 elementor-top-column elementor-element elementor-element-759db81\" data-id=\"759db81\" data-element_type=\"column\" data-e-type=\"column\">\n\t\t\t<div class=\"elementor-widget-wrap elementor-element-populated\">\n\t\t\t\t\t\t<div class=\"elementor-element elementor-element-2c5c81f elementor-widget elementor-widget-grin-headerimage-widget\" data-id=\"2c5c81f\" data-element_type=\"widget\" data-e-type=\"widget\" data-widget_type=\"grin-headerimage-widget.default\">\n\t\t\t\t<div class=\"elementor-widget-container\">\n\t\t\t\t\t<div class=\"headerimage\">\r\n    <div class=\"image-container\"><img decoding=\"async\" width=\"2400\" height=\"1080\" src=\"https:\/\/www.grin.com\/wp-content\/uploads\/2020\/11\/hausarbeiten-publizieren.jpg\" class=\"attachment-full size-full\" alt=\"Titelbild: Studentin schreibt an ihrer Hausarbeit\" srcset=\"https:\/\/www.grin.com\/wp-content\/uploads\/2020\/11\/hausarbeiten-publizieren.jpg 2400w, https:\/\/www.grin.com\/wp-content\/uploads\/2020\/11\/hausarbeiten-publizieren-300x135.jpg 300w, https:\/\/www.grin.com\/wp-content\/uploads\/2020\/11\/hausarbeiten-publizieren-1024x461.jpg 1024w, https:\/\/www.grin.com\/wp-content\/uploads\/2020\/11\/hausarbeiten-publizieren-768x346.jpg 768w, https:\/\/www.grin.com\/wp-content\/uploads\/2020\/11\/hausarbeiten-publizieren-1536x691.jpg 1536w, https:\/\/www.grin.com\/wp-content\/uploads\/2020\/11\/hausarbeiten-publizieren-2048x922.jpg 2048w\" sizes=\"(max-width: 2400px) 100vw, 2400px\" title=\"\"><\/div>\r\n    <h1>Publica tus textos<br>con el experto en<br>publicaciones acad\u00e9micas<\/h1>\r\n<\/div>\t\t\t\t<\/div>\n\t\t\t\t<\/div>\n\t\t\t\t\t<\/div>\n\t\t<\/div>\n\t\t\t\t\t<\/div>\n\t\t<\/section>\n\t\t\t\t<section class=\"elementor-section elementor-top-section elementor-element elementor-element-b7a92e8 elementor-section-boxed elementor-section-height-default elementor-section-height-default\" data-id=\"b7a92e8\" data-element_type=\"section\" data-e-type=\"section\">\n\t\t\t\t\t\t<div class=\"elementor-container elementor-column-gap-default\">\n\t\t\t\t\t<div class=\"elementor-column elementor-col-100 elementor-top-column elementor-element elementor-element-a6de3f6\" data-id=\"a6de3f6\" data-element_type=\"column\" data-e-type=\"column\">\n\t\t\t<div class=\"elementor-widget-wrap elementor-element-populated\">\n\t\t\t\t\t\t<div class=\"elementor-element elementor-element-16dc880 elementor-widget elementor-widget-text-editor\" data-id=\"16dc880\" data-element_type=\"widget\" data-e-type=\"widget\" data-widget_type=\"text-editor.default\">\n\t\t\t\t<div class=\"elementor-widget-container\">\n\t\t\t\t\t\t\t\t\t<p>GRIN lleva m\u00e1s de 20 a\u00f1os publicando textos acad\u00e9micos y cient\u00edficos de todas las \u00e1reas tem\u00e1ticas. GRIN ofrece un servicio gratuito y sencillo de publicaci\u00f3n para estudiantes. Pero GRIN tambi\u00e9n es un socio fiable y profesional para la publicaci\u00f3n acad\u00e9mica para estudiantes de doctorado, profesores y autores de libros especializados.<\/p><p>Adem\u00e1s de la edici\u00f3n en e-book, todas las publicaciones se editan tambi\u00e9n como libros impresos. Los clientes pueden decidir si desean descargar el contenido inmediatamente o dejar el libro en su estanter\u00eda despu\u00e9s de leerlo.<\/p>\t\t\t\t\t\t\t\t<\/div>\n\t\t\t\t<\/div>\n\t\t\t\t\t<\/div>\n\t\t<\/div>\n\t\t\t\t\t<\/div>\n\t\t<\/section>\n\t\t\t\t<section class=\"elementor-section elementor-top-section elementor-element elementor-element-f739088 elementor-section-boxed elementor-section-height-default elementor-section-height-default\" data-id=\"f739088\" data-element_type=\"section\" data-e-type=\"section\">\n\t\t\t\t\t\t<div class=\"elementor-container elementor-column-gap-default\">\n\t\t\t\t\t<div class=\"elementor-column elementor-col-100 elementor-top-column elementor-element elementor-element-c774b44\" data-id=\"c774b44\" data-element_type=\"column\" data-e-type=\"column\">\n\t\t\t<div class=\"elementor-widget-wrap elementor-element-populated\">\n\t\t\t\t\t\t<div class=\"elementor-element elementor-element-6690e4a elementor-widget elementor-widget-text-editor\" data-id=\"6690e4a\" data-element_type=\"widget\" data-e-type=\"widget\" data-widget_type=\"text-editor.default\">\n\t\t\t\t<div class=\"elementor-widget-container\">\n\t\t\t\t\t\t\t\t\t<h2 class=\"small\">As\u00ed de f\u00e1cil es publicar en GRIN:<\/h2>\n\t\t\t\t\t\t\t\t<\/div>\n\t\t\t\t<\/div>\n\t\t\t\t\t<\/div>\n\t\t<\/div>\n\t\t\t\t\t<\/div>\n\t\t<\/section>\n\t\t\t\t<section class=\"elementor-section elementor-top-section elementor-element elementor-element-b44d5a2 elementor-section-boxed elementor-section-height-default elementor-section-height-default\" data-id=\"b44d5a2\" data-element_type=\"section\" data-e-type=\"section\">\n\t\t\t\t\t\t<div class=\"elementor-container elementor-column-gap-default\">\n\t\t\t\t\t<div class=\"elementor-column elementor-col-100 elementor-top-column elementor-element elementor-element-1c37979\" data-id=\"1c37979\" data-element_type=\"column\" data-e-type=\"column\">\n\t\t\t<div class=\"elementor-widget-wrap elementor-element-populated\">\n\t\t\t\t\t\t<div class=\"elementor-element elementor-element-b373d23 elementor-widget elementor-widget-text-editor\" data-id=\"b373d23\" data-element_type=\"widget\" data-e-type=\"widget\" data-widget_type=\"text-editor.default\">\n\t\t\t\t<div class=\"elementor-widget-container\">\n\t\t\t\t\t\t\t\t\t<p class=\"large\">Paso 1 &#8211; Registrarse y subir el texto<\/p><p>Para publicar en GRIN, necesitas una cuenta propia en la que se guarde tu texto. Para ello, reg\u00edstrate en nuestra p\u00e1gina web: s\u00f3lo necesitas tu nombre, una direcci\u00f3n de correo electr\u00f3nico v\u00e1lida y una contrase\u00f1a. Tambi\u00e9n puedes crear tu cuenta f\u00e1cilmente con tu cuenta de Google.<\/p>\t\t\t\t\t\t\t\t<\/div>\n\t\t\t\t<\/div>\n\t\t\t\t\t<\/div>\n\t\t<\/div>\n\t\t\t\t\t<\/div>\n\t\t<\/section>\n\t\t\t\t<section class=\"elementor-section elementor-top-section elementor-element elementor-element-7b2c3a1 elementor-section-boxed elementor-section-height-default elementor-section-height-default\" data-id=\"7b2c3a1\" data-element_type=\"section\" data-e-type=\"section\">\n\t\t\t\t\t\t<div class=\"elementor-container elementor-column-gap-default\">\n\t\t\t\t\t<div class=\"elementor-column elementor-col-100 elementor-top-column elementor-element elementor-element-547b42f\" data-id=\"547b42f\" data-element_type=\"column\" data-e-type=\"column\">\n\t\t\t<div class=\"elementor-widget-wrap elementor-element-populated\">\n\t\t\t\t\t\t<div class=\"elementor-element elementor-element-52f1937 elementor-align-center elementor-widget elementor-widget-button\" data-id=\"52f1937\" data-element_type=\"widget\" data-e-type=\"widget\" data-widget_type=\"button.default\">\n\t\t\t\t<div class=\"elementor-widget-container\">\n\t\t\t\t\t\t\t\t\t<div class=\"elementor-button-wrapper\">\n\t\t\t\t\t<a class=\"elementor-button elementor-button-link elementor-size-lg\" href=\"https:\/\/www.grin.com\/login\/#account\/document_upload\">\n\t\t\t\t\t\t<span class=\"elementor-button-content-wrapper\">\n\t\t\t\t\t\t\t\t\t<span class=\"elementor-button-text\">Haz clic aqu\u00ed para registrarte<\/span>\n\t\t\t\t\t<\/span>\n\t\t\t\t\t<\/a>\n\t\t\t\t<\/div>\n\t\t\t\t\t\t\t\t<\/div>\n\t\t\t\t<\/div>\n\t\t\t\t<div class=\"elementor-element elementor-element-8d09e94 elementor-widget elementor-widget-text-editor\" data-id=\"8d09e94\" data-element_type=\"widget\" data-e-type=\"widget\" data-widget_type=\"text-editor.default\">\n\t\t\t\t<div class=\"elementor-widget-container\">\n\t\t\t\t\t\t\t\t\t<p class=\"large\">Paso 2 \u2013 Aceptar contrato<\/p><p>Puedes elegir entre una tarifa de autor, un pago \u00fanico garantizado y la publicaci\u00f3n como OpenAccess.<\/p><p>Para obtener m\u00e1s informaci\u00f3n sobre tus opciones, consulta\u00a0<a href=\"https:\/\/www.grin.com\/es\/regalia\/\">nuestra descripci\u00f3n general.<\/a><\/p>\t\t\t\t\t\t\t\t<\/div>\n\t\t\t\t<\/div>\n\t\t\t\t\t<\/div>\n\t\t<\/div>\n\t\t\t\t\t<\/div>\n\t\t<\/section>\n\t\t\t\t<section class=\"elementor-section elementor-top-section elementor-element elementor-element-0937fa0 elementor-section-boxed elementor-section-height-default elementor-section-height-default\" data-id=\"0937fa0\" data-element_type=\"section\" data-e-type=\"section\">\n\t\t\t\t\t\t<div class=\"elementor-container elementor-column-gap-default\">\n\t\t\t\t\t<div class=\"elementor-column elementor-col-100 elementor-top-column elementor-element elementor-element-ad281ec\" data-id=\"ad281ec\" data-element_type=\"column\" data-e-type=\"column\">\n\t\t\t<div class=\"elementor-widget-wrap elementor-element-populated\">\n\t\t\t\t\t\t<div class=\"elementor-element elementor-element-8bd43e5 elementor-widget elementor-widget-text-editor\" data-id=\"8bd43e5\" data-element_type=\"widget\" data-e-type=\"widget\" data-widget_type=\"text-editor.default\">\n\t\t\t\t<div class=\"elementor-widget-container\">\n\t\t\t\t\t\t\t\t\t<p class=\"large\">Paso 3 \u2013 Convi\u00e9rtete en autor y gana dinero<\/p><p>Nosotros nos encargamos del resto: GRIN se encarga de la publicaci\u00f3n profesional, incluido el ISBN, y la distribuci\u00f3n a trav\u00e9s de m\u00e1s de 300 tiendas online y librer\u00edas.<\/p><p>Toda la informaci\u00f3n sobre la publicaci\u00f3n en GRIN se puede encontrar\u00a0<a href=\"https:\/\/support.grin.com\/de\/\" target=\"_blank\" rel=\"noopener\">en nuestras preguntas frecuentes.<\/a><\/p>\t\t\t\t\t\t\t\t<\/div>\n\t\t\t\t<\/div>\n\t\t\t\t\t<\/div>\n\t\t<\/div>\n\t\t\t\t\t<\/div>\n\t\t<\/section>\n\t\t\t\t<section class=\"elementor-section elementor-top-section elementor-element elementor-element-91954a8 elementor-section-boxed elementor-section-height-default elementor-section-height-default\" data-id=\"91954a8\" data-element_type=\"section\" data-e-type=\"section\">\n\t\t\t\t\t\t<div class=\"elementor-container elementor-column-gap-default\">\n\t\t\t\t\t<div class=\"elementor-column elementor-col-100 elementor-top-column elementor-element elementor-element-f92c64e\" data-id=\"f92c64e\" data-element_type=\"column\" data-e-type=\"column\">\n\t\t\t<div class=\"elementor-widget-wrap elementor-element-populated\">\n\t\t\t\t\t\t<div class=\"elementor-element elementor-element-7375ec3 elementor-widget elementor-widget-grin-pros-widget\" data-id=\"7375ec3\" data-element_type=\"widget\" data-e-type=\"widget\" data-widget_type=\"grin-pros-widget.default\">\n\t\t\t\t<div class=\"elementor-widget-container\">\n\t\t\t\t\t<div class=\"box-heading\"><h2 class=\"small\">Tus ventajas en GRIN<\/h2>\n<\/div>\r\n<div class=\"box pros\">\r\n    <div class=\"contentarea\">\r\n        <div class=\"tabcontent active\">\r\n            <div class=\"slider-container\"><div class=\"slide-item stacked-content\">\r\n    <div class=\"slide-title small\">Convi\u00e9rtete en autor en solo 5 minutos<\/div>\r\n    <div class=\"columns-container\">\r\n        <div class=\"tabcontent-column\">\r\n            <img decoding=\"async\" src=\"https:\/\/www.grin.com\/wp-content\/uploads\/2020\/10\/illu_vt_voe_schnell-1.svg\" class=\"attachment-full size-full\" alt=\", ,\" title=\"\">\r\n        <\/div>\r\n        <div class=\"tabcontent-column\">\r\n            <div class=\"tabcontent-column-content-container\"><p class=\"large\">Publica tus textos en todo el mundo con ISBN<\/p><p>Publica r\u00e1pidamente y benef\u00edciate permanentemente. Vendemos tu e-book y libro en cientos de tiendas online y librer\u00edas en l\u00ednea o locales.<\/p><\/div>\r\n        <\/div>\r\n    <\/div>\r\n<\/div><div class=\"slide-item stacked-content\">\r\n    <div class=\"slide-title small\">3 sencillos pasos para publicar<\/div>\r\n    <div class=\"columns-container\">\r\n        <div class=\"tabcontent-column\">\r\n            <img decoding=\"async\" src=\"https:\/\/www.grin.com\/wp-content\/uploads\/2020\/10\/illu_vt_voe_einfach-1.svg\" class=\"attachment-full size-full\" alt=\", ,\" title=\"\">\r\n        <\/div>\r\n        <div class=\"tabcontent-column\">\r\n            <div class=\"tabcontent-column-content-container\"><p class=\"large\">Subir, seleccionar la opci\u00f3n de tarifa - nosotros haremos el resto<\/p><p>No dejes que tus trabajos acumulen polvo en un caj\u00f3n, \u00a1simplemente gana dinero con ellos! En GRIN recibir\u00e1s un servicio de publicaci\u00f3n profesional.<\/p><\/div>\r\n        <\/div>\r\n    <\/div>\r\n<\/div><div class=\"slide-item stacked-content\">\r\n    <div class=\"slide-title small\">Tu conocimiento vale la pena<\/div>\r\n    <div class=\"columns-container\">\r\n        <div class=\"tabcontent-column\">\r\n            <img decoding=\"async\" src=\"https:\/\/www.grin.com\/wp-content\/uploads\/2020\/10\/illu_vt_honorare-1.svg\" class=\"attachment-full size-full\" alt=\", ,\" title=\"\">\r\n        <\/div>\r\n        <div class=\"tabcontent-column\">\r\n            <div class=\"tabcontent-column-content-container\"><p class=\"large\">Publica textos gratis y gana dinero<\/p><p>En GRIN, publicas tus textos acad\u00e9micos de forma totalmente gratuita y, al mismo tiempo, recibes unos altos honorarios de autor por cada venta.<\/p><\/div>\r\n        <\/div>\r\n    <\/div>\r\n<\/div><div class=\"slide-item stacked-content\">\r\n    <div class=\"slide-title small\">M\u00e1s de 20 a\u00f1os de experiencia editorial<\/div>\r\n    <div class=\"columns-container\">\r\n        <div class=\"tabcontent-column\">\r\n            <img decoding=\"async\" src=\"https:\/\/www.grin.com\/wp-content\/uploads\/2020\/10\/illu_vt_20_erfahrung-1.svg\" class=\"attachment-full size-full\" alt=\", ,\" title=\"\">\r\n        <\/div>\r\n        <div class=\"tabcontent-column\">\r\n            <div class=\"tabcontent-column-content-container\"><p class=\"large\">\u00a1Publica con un profesional para editar trabajos cient\u00edficos!<\/p><p>GRIN es un proveedor l\u00edder de textos acad\u00e9micos y pionero en el mercado del libro digital. Aprovecha nuestros conocimientos y muchos a\u00f1os de experiencia.<\/p><\/div>\r\n        <\/div>\r\n    <\/div>\r\n<\/div><div class=\"slide-item stacked-content\">\r\n    <div class=\"slide-title small\">Tu e-book y libro con tu propio ISBN<\/div>\r\n    <div class=\"columns-container\">\r\n        <div class=\"tabcontent-column\">\r\n            <img decoding=\"async\" src=\"https:\/\/www.grin.com\/wp-content\/uploads\/2020\/10\/illu_vt_isbn-1.svg\" class=\"attachment-full size-full\" alt=\", ,\" title=\"\">\r\n        <\/div>\r\n        <div class=\"tabcontent-column\">\r\n            <div class=\"tabcontent-column-content-container\"><p class=\"large\">Publicaci\u00f3n profesional en todo el mundo<\/p><p>GRIN publica tus textos como e-books profesionales y libros de bolsillo de alta calidad con su propio ISBN.<\/p><\/div>\r\n        <\/div>\r\n    <\/div>\r\n<\/div><\/div>\r\n        <\/div>\r\n    <\/div>\r\n    <div class=\"control\">\r\n        <div class=\"buttons\">\r\n            <a class=\"publish field borders green\" href=\"https:\/\/www.grin.com\/login\/#account\/document_upload\">\r\n                <span class=\"text\">\r\n                    <span class=\"text-content-container\">Reg\u00edstrese y publique ahora<\/span>\r\n                <\/span><span class=\"icon\"><\/span>\r\n            <\/a>\r\n        <\/div>\r\n        <div class=\"tabnav\">\r\n            <a href=\"#\" class=\"nav nav-previous\">Vorheriges<\/a>\r\n            <a href=\"#\" class=\"nav nav-next\">N\u00e4chstes<\/a>\r\n        <\/div>\r\n    <\/div>\r\n<\/div>\t\t\t\t<\/div>\n\t\t\t\t<\/div>\n\t\t\t\t\t<\/div>\n\t\t<\/div>\n\t\t\t\t\t<\/div>\n\t\t<\/section>\n\t\t\t\t<section class=\"elementor-section elementor-top-section elementor-element elementor-element-717c33e elementor-section-boxed elementor-section-height-default elementor-section-height-default\" data-id=\"717c33e\" data-element_type=\"section\" data-e-type=\"section\">\n\t\t\t\t\t\t<div class=\"elementor-container elementor-column-gap-default\">\n\t\t\t\t\t<div class=\"elementor-column elementor-col-100 elementor-top-column elementor-element elementor-element-ad74454\" data-id=\"ad74454\" data-element_type=\"column\" data-e-type=\"column\">\n\t\t\t<div class=\"elementor-widget-wrap elementor-element-populated\">\n\t\t\t\t\t\t<div class=\"elementor-element elementor-element-79f99b0 elementor-widget elementor-widget-text-editor\" data-id=\"79f99b0\" data-element_type=\"widget\" data-e-type=\"widget\" data-widget_type=\"text-editor.default\">\n\t\t\t\t<div class=\"elementor-widget-container\">\n\t\t\t\t\t\t\t\t\t<h2 class=\"small\">Tienes estas opciones al publicar:<\/h2><h3 class=\"small\">Opci\u00f3n 1: Comercializaci\u00f3n con derechos sobre las ventas<\/h3><p>Tu ganas dinero con las ventas de tu tesis, trabajo de fin de carrera u otros textos. Nosotros te pagamos trimestralmente un alto porcentaje. Puedes consultar nuestras tarifas <a href=\"https:\/\/www.grin.com\/es\/regalia\/\">en nuestro resumen de tarifas<\/a>.<\/p><p>Recibir\u00e1s tus derechos sobre el precio de venta del editor a partir de la primera venta de tu libro electr\u00f3nico. Encontrar\u00e1s todas las ventas a\u00fan no facturadas en nuestra \u00e1rea de autores. Recibir\u00e1s tus honorarios trimestralmente.<\/p><h3 class=\"small\">Opci\u00f3n 2: Tarifa \u00fanica garantizada<\/h3><p>\u00bfPrefieres un pago garantizado? Entonces elige el pago \u00fanico.<\/p><p>En cuanto publiquemos tu obra, recibir\u00e1s de nuestra parte un pago \u00fanico de 10 euros. Se te har\u00e1 con la liquidaci\u00f3n trimestral de honorarios. Nosotros assumimos el riesgo y todos los costes.<\/p><h3 class=\"small\">Opci\u00f3n 3: Publicaci\u00f3n en acceso abierto (gratuita para los lectores)<\/h3><p>Tambi\u00e9n puedes poner tus conocimientos a disposici\u00f3n de forma gratuita. As\u00ed, todos los interesados podr\u00e1n leer gratuitamente en l\u00ednea tus trabajos de fin de carrera, tesis de m\u00e1ster u otros textos. Adem\u00e1s, el trabajo se publicar\u00e1 en forma de libro y tu recibir\u00e1s trimestralmente tus honorarios sobre las ventas. Las ediciones de libros tambi\u00e9n tienen un precio normal con esta opci\u00f3n, ya que la editorial incurre en gastos cuando se producen.<\/p>\t\t\t\t\t\t\t\t<\/div>\n\t\t\t\t<\/div>\n\t\t\t\t\t<\/div>\n\t\t<\/div>\n\t\t\t\t\t<\/div>\n\t\t<\/section>\n\t\t\t\t<section class=\"elementor-section elementor-top-section elementor-element elementor-element-4b316f7 elementor-section-boxed elementor-section-height-default elementor-section-height-default\" data-id=\"4b316f7\" data-element_type=\"section\" data-e-type=\"section\">\n\t\t\t\t\t\t<div class=\"elementor-container elementor-column-gap-default\">\n\t\t\t\t\t<div class=\"elementor-column elementor-col-100 elementor-top-column elementor-element elementor-element-23d02de\" data-id=\"23d02de\" data-element_type=\"column\" data-e-type=\"column\">\n\t\t\t<div class=\"elementor-widget-wrap elementor-element-populated\">\n\t\t\t\t\t\t<div class=\"elementor-element elementor-element-ee67ab0 elementor-widget elementor-widget-global elementor-global-9891 elementor-global-1189 elementor-widget-grin-contact-widget\" data-id=\"ee67ab0\" data-element_type=\"widget\" data-e-type=\"widget\" data-widget_type=\"grin-contact-widget.default\">\n\t\t\t\t<div class=\"elementor-widget-container\">\n\t\t\t\t\t<div class=\"contact\">\r\n    <div class=\"contentarea\">\r\n        <h2 class=\"small\">\u00bfTienes preguntas o necesitas apoyo?<\/h2>\r\n        <div class=\"column-container\">\r\n            <div class=\"media\">\r\n                <div class=\"image-sizer\">\r\n                    <div class=\"image-container\"><img decoding=\"async\" width=\"2560\" height=\"1707\" src=\"https:\/\/www.grin.com\/wp-content\/uploads\/2020\/10\/Support-scaled.jpg\" class=\"attachment-full size-full\" alt=\"Frau nimmt telefonische Anfrage entgegen\" srcset=\"https:\/\/www.grin.com\/wp-content\/uploads\/2020\/10\/Support-scaled.jpg 2560w, https:\/\/www.grin.com\/wp-content\/uploads\/2020\/10\/Support-300x200.jpg 300w, https:\/\/www.grin.com\/wp-content\/uploads\/2020\/10\/Support-1024x683.jpg 1024w, https:\/\/www.grin.com\/wp-content\/uploads\/2020\/10\/Support-768x512.jpg 768w, https:\/\/www.grin.com\/wp-content\/uploads\/2020\/10\/Support-1536x1024.jpg 1536w, https:\/\/www.grin.com\/wp-content\/uploads\/2020\/10\/Support-2048x1365.jpg 2048w\" sizes=\"(max-width: 2560px) 100vw, 2560px\" title=\"\"><\/div>\r\n                <\/div>\r\n            <\/div>\r\n            <div class=\"textcontent\">\r\n                <div class=\"bigtext large\"><p>Lunes a Jueves:<\/p><p>10:00-13:00 y 14:00- 17:00<\/p><p>Viernes:<\/p><p>10:00-13:00 y 14:00- 16:00<\/p><p>+49 89 550559-0<\/p><p><a href=\"mailto:info@grin.com\">info@grin.com<\/a><\/p><\/div>\r\n                <div class=\"smalltext\"><p>Llamanos o escr\u00edbenos:<\/p><p><strong>Estaremos encantados de ayudarte personalmente.<\/strong><\/p><\/div>\r\n            <\/div>\r\n        <\/div>\r\n    <\/div>\r\n<\/div>\t\t\t\t<\/div>\n\t\t\t\t<\/div>\n\t\t\t\t\t<\/div>\n\t\t<\/div>\n\t\t\t\t\t<\/div>\n\t\t<\/section>\n\t\t\t\t<\/div>\n\t\t","protected":false},"excerpt":{"rendered":"<p>Publica tus textoscon el experto enpublicaciones acad\u00e9micas GRIN lleva m\u00e1s de 20 a\u00f1os publicando textos acad\u00e9micos y cient\u00edficos de todas las \u00e1reas tem\u00e1ticas. GRIN ofrece un servicio gratuito y sencillo de publicaci\u00f3n para estudiantes. Pero GRIN tambi\u00e9n es un socio fiable y profesional para la publicaci\u00f3n acad\u00e9mica para estudiantes de doctorado, profesores y autores de [&hellip;]<\/p>\n","protected":false},"author":17,"featured_media":0,"parent":0,"menu_order":0,"comment_status":"closed","ping_status":"closed","template":"","meta":{"_acf_changed":false,"_lmt_disableupdate":"","_lmt_disable":"","footnotes":""},"class_list":["post-18363","page","type-page","status-publish","hentry"],"acf":[],"_links":{"self":[{"href":"https:\/\/www.grin.com\/es\/wp-json\/wp\/v2\/pages\/18363","targetHints":{"allow":["GET"]}}],"collection":[{"href":"https:\/\/www.grin.com\/es\/wp-json\/wp\/v2\/pages"}],"about":[{"href":"https:\/\/www.grin.com\/es\/wp-json\/wp\/v2\/types\/page"}],"author":[{"embeddable":true,"href":"https:\/\/www.grin.com\/es\/wp-json\/wp\/v2\/users\/17"}],"replies":[{"embeddable":true,"href":"https:\/\/www.grin.com\/es\/wp-json\/wp\/v2\/comments?post=18363"}],"version-history":[{"count":14,"href":"https:\/\/www.grin.com\/es\/wp-json\/wp\/v2\/pages\/18363\/revisions"}],"predecessor-version":[{"id":38628,"href":"https:\/\/www.grin.com\/es\/wp-json\/wp\/v2\/pages\/18363\/revisions\/38628"}],"wp:attachment":[{"href":"https:\/\/www.grin.com\/es\/wp-json\/wp\/v2\/media?parent=18363"}],"curies":[{"name":"wp","href":"https:\/\/api.w.org\/{rel}","templated":true}]}}