{"id":37854,"date":"2024-05-07T14:27:13","date_gmt":"2024-05-07T12:27:13","guid":{"rendered":"https:\/\/www.grin.com\/tarifa-unica-garantizada-para-su-publicacion\/"},"modified":"2025-07-07T09:18:02","modified_gmt":"2025-07-07T07:18:02","slug":"tarifa-unica-garantizada-para-su-publicacion","status":"publish","type":"page","link":"https:\/\/www.grin.com\/es\/tarifa-unica-garantizada-para-su-publicacion\/","title":{"rendered":"Tarifa \u00fanica garantizada para su publicaci\u00f3n"},"content":{"rendered":"\t\t<div data-elementor-type=\"wp-page\" data-elementor-id=\"37854\" class=\"elementor elementor-37854 elementor-32216\" data-elementor-post-type=\"page\">\n\t\t\t\t\t\t<section class=\"elementor-section elementor-top-section elementor-element elementor-element-bfcfe28 elementor-section-boxed elementor-section-height-default elementor-section-height-default\" data-id=\"bfcfe28\" data-element_type=\"section\" data-e-type=\"section\">\n\t\t\t\t\t\t<div class=\"elementor-container elementor-column-gap-default\">\n\t\t\t\t\t<div class=\"elementor-column elementor-col-100 elementor-top-column elementor-element elementor-element-46f9952\" data-id=\"46f9952\" data-element_type=\"column\" data-e-type=\"column\">\n\t\t\t<div class=\"elementor-widget-wrap elementor-element-populated\">\n\t\t\t\t\t\t<div class=\"elementor-element elementor-element-dc78f24 elementor-widget elementor-widget-grin-promo-teaser-widget\" data-id=\"dc78f24\" data-element_type=\"widget\" data-e-type=\"widget\" data-widget_type=\"grin-promo-teaser-widget.default\">\n\t\t\t\t<div class=\"elementor-widget-container\">\n\t\t\t\t\t<a href=\"https:\/\/www.grin.com\/submission\/upload\/#\/\" class=\"promo-teaser\">\r\n    <div class=\"background-container\">\r\n        <div class=\"image-container\"><img decoding=\"async\" width=\"1489\" height=\"899\" src=\"https:\/\/www.grin.com\/wp-content\/uploads\/2022\/10\/AdobeStock_482128926-1.jpg\" class=\"attachment-full size-full\" alt=\", ,\" srcset=\"https:\/\/www.grin.com\/wp-content\/uploads\/2022\/10\/AdobeStock_482128926-1.jpg 1489w, https:\/\/www.grin.com\/wp-content\/uploads\/2022\/10\/AdobeStock_482128926-1-300x181.jpg 300w, https:\/\/www.grin.com\/wp-content\/uploads\/2022\/10\/AdobeStock_482128926-1-1024x618.jpg 1024w, https:\/\/www.grin.com\/wp-content\/uploads\/2022\/10\/AdobeStock_482128926-1-768x464.jpg 768w\" sizes=\"(max-width: 1489px) 100vw, 1489px\" title=\"\"><\/div>\r\n        <div class=\"texts\">\r\n            <h1 class=\"h1-like\">\u00a1Gana 10 euros garantizados con cada texto publicado!<\/h1>\r\n            \r\n            \r\n        <\/div>\r\n    <\/div>\r\n<\/a>\t\t\t\t<\/div>\n\t\t\t\t<\/div>\n\t\t\t\t\t<\/div>\n\t\t<\/div>\n\t\t\t\t\t<\/div>\n\t\t<\/section>\n\t\t\t\t<section class=\"elementor-section elementor-top-section elementor-element elementor-element-2a47594 elementor-section-boxed elementor-section-height-default elementor-section-height-default\" data-id=\"2a47594\" data-element_type=\"section\" data-e-type=\"section\">\n\t\t\t\t\t\t<div class=\"elementor-container elementor-column-gap-default\">\n\t\t\t\t\t<div class=\"elementor-column elementor-col-100 elementor-top-column elementor-element elementor-element-dd09dad\" data-id=\"dd09dad\" data-element_type=\"column\" data-e-type=\"column\">\n\t\t\t<div class=\"elementor-widget-wrap elementor-element-populated\">\n\t\t\t\t\t\t<div class=\"elementor-element elementor-element-3a86463 elementor-widget elementor-widget-text-editor\" data-id=\"3a86463\" data-element_type=\"widget\" data-e-type=\"widget\" data-widget_type=\"text-editor.default\">\n\t\t\t\t<div class=\"elementor-widget-container\">\n\t\t\t\t\t\t\t\t\t<p>\u00bfSolo quieres publicar tus trabajos de fin de curso si realmente vale la pena para ti? Entonces lo mejor es que elijas nuestra opci\u00f3n de tarifa \u00fanica garantizada. Esto significa que ganas 10 euros con tu publicaci\u00f3n, independientemente de si tu texto se vende y con qu\u00e9 frecuencia. Con la tarifa \u00fanica garantizada, puedes estar seguro y saber exactamente cu\u00e1nto vas a ganar antes de publicarlo.<\/p>\t\t\t\t\t\t\t\t<\/div>\n\t\t\t\t<\/div>\n\t\t\t\t\t<\/div>\n\t\t<\/div>\n\t\t\t\t\t<\/div>\n\t\t<\/section>\n\t\t\t\t<section class=\"elementor-section elementor-top-section elementor-element elementor-element-7418de1 elementor-section-boxed elementor-section-height-default elementor-section-height-default\" data-id=\"7418de1\" data-element_type=\"section\" data-e-type=\"section\">\n\t\t\t\t\t\t<div class=\"elementor-container elementor-column-gap-default\">\n\t\t\t\t\t<div class=\"elementor-column elementor-col-100 elementor-top-column elementor-element elementor-element-923aef9\" data-id=\"923aef9\" data-element_type=\"column\" data-e-type=\"column\">\n\t\t\t<div class=\"elementor-widget-wrap elementor-element-populated\">\n\t\t\t\t\t\t<div class=\"elementor-element elementor-element-03fd7ad elementor-widget elementor-widget-text-editor\" data-id=\"03fd7ad\" data-element_type=\"widget\" data-e-type=\"widget\" data-widget_type=\"text-editor.default\">\n\t\t\t\t<div class=\"elementor-widget-container\">\n\t\t\t\t\t\t\t\t\t<h2 class=\"small\">Cuando vale la pena para ti<\/h2><ul><li><strong>Pago garantizado sin riesgo<\/strong>: Recibir\u00e1s una cantidad fija con la que podr\u00e1s contar en el pr\u00f3ximo extracto de tarifas. Especialmente si publicas varios textos a la vez con nosotros, la cantidad puede valer la pena para ti.<\/li><li><strong>Su trabajo acad\u00e9mico cubre un tema especializado<\/strong>: la popularidad de los art\u00edculos acad\u00e9micos var\u00eda, y no todos los temas atraen a un gran n\u00famero de lectores. Con el pago \u00fanico, eres independiente de la frecuencia con la que otros estudiantes buscan una pregunta similar.<\/li><li><strong>No est\u00e1s satisfecho con la longitud o la nota de su trabajo, pero a\u00fan as\u00ed sigues pensando que tu texto ofrece un valor que otros estudiantes pueden aprovechar<\/strong>: publicamos todos los trabajos a partir de una nota de 6.0 y tambi\u00e9n aceptamos textos m\u00e1s cortos. Si ya hay otros textos sobre tu tema que han sido mejor valorados o tratan el tema con m\u00e1s detalle, existe una alta probabilidad de que los compradores opten por un t\u00edtulo diferente. Sin embargo, con la tarifa \u00fanica, en este caso puedes relajarte.<\/li><\/ul><h2 class=\"small\">Criterios para la tarifa \u00fanica<\/h2><p>Tu texto es apto para su publicaci\u00f3n con una tarifa \u00fanica garantizada si\u2026<\/p><ul><li>Se escribi\u00f3 en alem\u00e1n, ingl\u00e9s, franc\u00e9s o espa\u00f1ol<\/li><li>El documento de texto tiene al menos 50 p\u00e1ginas<\/li><li>Es una elaboraci\u00f3n escrita completa e independiente (es decir, sin ser transcripci\u00f3n de una lectura, presentaci\u00f3n o tarea de entrega)<\/li><\/ul><h2 class=\"small\">Un ejemplo de c\u00e1lculo<\/h2><p>Si subes\u00a0<strong>cuatro trabajos y dos ensayos<\/strong>\u00a0a GRIN, \u00a1recibir\u00e1s\u00a0<strong>60 euros de nuestra parte<\/strong>!<\/p><p><strong>Con una cuota \u00fanica garantizada de 10 euros<\/strong>, puedes permitirte m\u00e1s de lo que piensas:<\/p><ul><li>Invita a tus amigos a comer una pizza<\/li><li>Date un capricho con un poco de \u201eSoul Food\u201c<\/li><li>C\u00f3mprate un libro<\/li><li>Ve una pel\u00edcula de cine o una obra de teatro<\/li><li>\u00a1Y mucho m\u00e1s!<\/li><\/ul><p>Y no tienes que hacer nada m\u00e1s. Subir tus textos a GRIN es f\u00e1cil y tarda menos de <strong>cinco minutos<\/strong>.<\/p>\t\t\t\t\t\t\t\t<\/div>\n\t\t\t\t<\/div>\n\t\t\t\t\t<\/div>\n\t\t<\/div>\n\t\t\t\t\t<\/div>\n\t\t<\/section>\n\t\t\t\t<section class=\"elementor-section elementor-top-section elementor-element elementor-element-fff1ab4 elementor-section-boxed elementor-section-height-default elementor-section-height-default\" data-id=\"fff1ab4\" data-element_type=\"section\" data-e-type=\"section\">\n\t\t\t\t\t\t<div class=\"elementor-container elementor-column-gap-default\">\n\t\t\t\t\t<div class=\"elementor-column elementor-col-100 elementor-top-column elementor-element elementor-element-6eab0fa\" data-id=\"6eab0fa\" data-element_type=\"column\" data-e-type=\"column\">\n\t\t\t<div class=\"elementor-widget-wrap elementor-element-populated\">\n\t\t\t\t\t\t<div class=\"elementor-element elementor-element-32e2744 elementor-widget elementor-widget-text-editor\" data-id=\"32e2744\" data-element_type=\"widget\" data-e-type=\"widget\" data-widget_type=\"text-editor.default\">\n\t\t\t\t<div class=\"elementor-widget-container\">\n\t\t\t\t\t\t\t\t\t<p><strong>Subir, elegir una opci\u00f3n de pago, relajarse:<\/strong> Publicar un texto en GRIN es r\u00e1pido y f\u00e1cil.<\/p><ol><li><strong>Reg\u00edstrate gratuitamente y<\/strong><a href=\"https:\/\/www.grin.com\/submission\/upload\/#\/\"><strong> sube tu archivo<\/strong><br \/><\/a>(idealmente en formato Word o PDF). Aqu\u00ed encontrar\u00e1s nuestras\u00a0<a href=\"https:\/\/www.grin.com\/wp-content\/uploads\/2021\/11\/GRIN_quality-guidelines.pdf\">recomendaciones sobre el contenido y la forma de tu texto<\/a>.<\/li><li><strong>Elige una opci\u00f3n de tarifa<\/strong>: Para ganar 10 euros con tu texto, solo tienes que elegir la tarifa \u00fanica garantizada. Alternativamente, puedes ganar dinero con cada venta o publicar en acceso abierto.<\/li><li><strong>Rel\u00e1jate<\/strong>: Creamos tu e-book y tu libro, cada uno con su propio ISBN, damos portada a tu publicaci\u00f3n y publicamos tu texto en nuestra tienda online y en nuestra red de distribuci\u00f3n mundial.<\/li><\/ol>\t\t\t\t\t\t\t\t<\/div>\n\t\t\t\t<\/div>\n\t\t\t\t\t<\/div>\n\t\t<\/div>\n\t\t\t\t\t<\/div>\n\t\t<\/section>\n\t\t\t\t<section class=\"elementor-section elementor-top-section elementor-element elementor-element-736c36d0 elementor-section-boxed elementor-section-height-default elementor-section-height-default\" data-id=\"736c36d0\" data-element_type=\"section\" data-e-type=\"section\">\n\t\t\t\t\t\t<div class=\"elementor-container elementor-column-gap-default\">\n\t\t\t\t\t<div class=\"elementor-column elementor-col-100 elementor-top-column elementor-element elementor-element-54cacf84\" data-id=\"54cacf84\" data-element_type=\"column\" data-e-type=\"column\">\n\t\t\t<div class=\"elementor-widget-wrap elementor-element-populated\">\n\t\t\t\t\t\t<div class=\"elementor-element elementor-element-5b5cd431 elementor-align-center elementor-widget elementor-widget-button\" data-id=\"5b5cd431\" data-element_type=\"widget\" data-e-type=\"widget\" data-widget_type=\"button.default\">\n\t\t\t\t<div class=\"elementor-widget-container\">\n\t\t\t\t\t\t\t\t\t<div class=\"elementor-button-wrapper\">\n\t\t\t\t\t<a class=\"elementor-button elementor-button-link elementor-size-xl\" href=\"https:\/\/www.grin.com\/submission\/upload\/#\/\">\n\t\t\t\t\t\t<span class=\"elementor-button-content-wrapper\">\n\t\t\t\t\t\t\t\t\t<span class=\"elementor-button-text\">Haga clic aqu\u00ed para registrarse<\/span>\n\t\t\t\t\t<\/span>\n\t\t\t\t\t<\/a>\n\t\t\t\t<\/div>\n\t\t\t\t\t\t\t\t<\/div>\n\t\t\t\t<\/div>\n\t\t\t\t\t<\/div>\n\t\t<\/div>\n\t\t\t\t\t<\/div>\n\t\t<\/section>\n\t\t\t\t<section class=\"elementor-section elementor-top-section elementor-element elementor-element-4aeea7 elementor-section-boxed elementor-section-height-default elementor-section-height-default\" data-id=\"4aeea7\" data-element_type=\"section\" data-e-type=\"section\">\n\t\t\t\t\t\t<div class=\"elementor-container elementor-column-gap-default\">\n\t\t\t\t\t<div class=\"elementor-column elementor-col-100 elementor-top-column elementor-element elementor-element-65e368dd\" data-id=\"65e368dd\" data-element_type=\"column\" data-e-type=\"column\">\n\t\t\t<div class=\"elementor-widget-wrap elementor-element-populated\">\n\t\t\t\t\t\t<div class=\"elementor-element elementor-element-38639786 elementor-widget elementor-widget-text-editor\" data-id=\"38639786\" data-element_type=\"widget\" data-e-type=\"widget\" data-widget_type=\"text-editor.default\">\n\t\t\t\t<div class=\"elementor-widget-container\">\n\t\t\t\t\t\t\t\t\t<p>GRIN es el proveedor l\u00edder de textos acad\u00e9micos y pionero en el mercado del libro digital. Aprovecha de nuestros conocimientos y muchos a\u00f1os de experiencia.<\/p><ul><li>Cada texto se verifica formalmente seg\u00fan nuestras \u00a0<a href=\"https:\/\/www.grin.com\/wp-content\/uploads\/2021\/11\/GRIN_quality-guidelines.pdf\">directrices de calidad<\/a>.<\/li><li>Con\u00a0<strong>m\u00e1s de 20 a\u00f1os de experiencia<\/strong>\u00a0, le ofrecemos un apoyo fiable y competente en todos los asuntos relacionados con la publicaci\u00f3n acad\u00e9mica.<\/li><li>GRIN est\u00e1 conectado digitalmente a la\u00a0<strong>Biblioteca Nacional Alemana<\/strong>\u00a0, por lo que todas nuestras publicaciones aparecen autom\u00e1ticamente all\u00ed.<\/li><li>Para nosotros,\u00a0<strong>la transparencia y el servicio<\/strong>\u00a0son algo m\u00e1s que conceptos abstractos: por un lado, damos gran importancia a una\u00a0<strong>declaraci\u00f3n de honorarios<\/strong>\u00a0comprensible y clara, en la que la composici\u00f3n y la facturaci\u00f3n de los honorarios sean claramente visibles, y por otro, a una <strong>asistencia al cliente f\u00e1cilmente disponible<\/strong>, incluido un n\u00famero de tel\u00e9fono gratuito y tiempos de respuesta r\u00e1pidos a las consultas por correo electr\u00f3nico. Nuestra l\u00ednea de atenci\u00f3n telef\u00f3nica est\u00e1 atendida por nuestros empleados m\u00e1s experimentados.<\/li><li>Tambi\u00e9n damos gran importancia a la profesionalidad, la competencia y el aprecio en la\u00a0<strong>formaci\u00f3n de nuestros empleados<\/strong>\u00a0.<\/li><li>GRIN presta especial atenci\u00f3n al\u00a0<strong>cumplimiento del RGPD<\/strong>, lo\u00a0que tambi\u00e9n significa que solo publicamos datos personales en nuestros textos (por ejemplo, direcciones de correo electr\u00f3nico) despu\u00e9s de consultar previamente a nuestros autores.<\/li><li>A los compradores les ofrecemos\u00a0<strong>una compra segura y protecci\u00f3n comprador independiente<\/strong>.<\/li><\/ul>\t\t\t\t\t\t\t\t<\/div>\n\t\t\t\t<\/div>\n\t\t\t\t\t<\/div>\n\t\t<\/div>\n\t\t\t\t\t<\/div>\n\t\t<\/section>\n\t\t\t\t<section class=\"elementor-section elementor-top-section elementor-element elementor-element-66002f8f elementor-section-boxed elementor-section-height-default elementor-section-height-default\" data-id=\"66002f8f\" data-element_type=\"section\" data-e-type=\"section\">\n\t\t\t\t\t\t<div class=\"elementor-container elementor-column-gap-default\">\n\t\t\t\t\t<div class=\"elementor-column elementor-col-100 elementor-top-column elementor-element elementor-element-320e39aa\" data-id=\"320e39aa\" data-element_type=\"column\" data-e-type=\"column\">\n\t\t\t<div class=\"elementor-widget-wrap elementor-element-populated\">\n\t\t\t\t\t\t<div class=\"elementor-element elementor-element-5d3698be elementor-position-top elementor-widget elementor-widget-image-box\" data-id=\"5d3698be\" data-element_type=\"widget\" data-e-type=\"widget\" data-widget_type=\"image-box.default\">\n\t\t\t\t<div class=\"elementor-widget-container\">\n\t\t\t\t\t<div class=\"elementor-image-box-wrapper\"><figure class=\"elementor-image-box-img\"><img decoding=\"async\" width=\"1\" height=\"1\" src=\"https:\/\/www.grin.com\/wp-content\/uploads\/2020\/10\/illu_vt_kundenservice-1.svg\" class=\"attachment-medium size-medium wp-image-9621\" alt=\", ,\" title=\"\"><\/figure><div class=\"elementor-image-box-content\"><h2 class=\"elementor-image-box-title\">Preguntas y respuestas  <br>para su publicaci\u00f3n en GRIN<\/h2><\/div><\/div>\t\t\t\t<\/div>\n\t\t\t\t<\/div>\n\t\t\t\t\t<\/div>\n\t\t<\/div>\n\t\t\t\t\t<\/div>\n\t\t<\/section>\n\t\t\t\t<section class=\"elementor-section elementor-top-section elementor-element elementor-element-2372e53f elementor-section-boxed elementor-section-height-default elementor-section-height-default\" data-id=\"2372e53f\" data-element_type=\"section\" data-e-type=\"section\">\n\t\t\t\t\t\t<div class=\"elementor-container elementor-column-gap-default\">\n\t\t\t\t\t<div class=\"elementor-column elementor-col-100 elementor-top-column elementor-element elementor-element-367a3db3\" data-id=\"367a3db3\" data-element_type=\"column\" data-e-type=\"column\">\n\t\t\t<div class=\"elementor-widget-wrap elementor-element-populated\">\n\t\t\t\t\t\t<div class=\"elementor-element elementor-element-a55cc7 elementor-widget elementor-widget-text-editor\" data-id=\"a55cc7\" data-element_type=\"widget\" data-e-type=\"widget\" data-widget_type=\"text-editor.default\">\n\t\t\t\t<div class=\"elementor-widget-container\">\n\t\t\t\t\t\t\t\t\t<h3 class=\"small\"><strong>No tengo el tiempo y los conocimientos para publicar.<\/strong><\/h3><p>En GRIN, tenemos la misi\u00f3n de hacer que el proceso de publicaci\u00f3n\u00a0<strong>sea lo m\u00e1s f\u00e1cil posible<\/strong>\u00a0para nuestros escritores. Te guiaremos a trav\u00e9s del proceso de publicaci\u00f3n. Solo necesitamos tres cosas:<\/p><ol><li>Un\u00a0<strong>documento de texto<\/strong>\u00a0de tu trabajo (Word, PDF, Pages, etc.)<\/li><li>Alguna\u00a0<strong>informaci\u00f3n<\/strong>\u00a0sobre tu texto (\u00e1rea tem\u00e1tica, tipo de texto\u2026)<\/li><li>Y por \u00faltimo, por supuesto, tu <strong>permiso\u00a0<\/strong>para la publicaci\u00f3n<\/li><\/ol>\t\t\t\t\t\t\t\t<\/div>\n\t\t\t\t<\/div>\n\t\t\t\t\t<\/div>\n\t\t<\/div>\n\t\t\t\t\t<\/div>\n\t\t<\/section>\n\t\t\t\t<section class=\"elementor-section elementor-top-section elementor-element elementor-element-4178643b elementor-section-boxed elementor-section-height-default elementor-section-height-default\" data-id=\"4178643b\" data-element_type=\"section\" data-e-type=\"section\">\n\t\t\t\t\t\t<div class=\"elementor-container elementor-column-gap-default\">\n\t\t\t\t\t<div class=\"elementor-column elementor-col-100 elementor-top-column elementor-element elementor-element-54db28fa\" data-id=\"54db28fa\" data-element_type=\"column\" data-e-type=\"column\">\n\t\t\t<div class=\"elementor-widget-wrap elementor-element-populated\">\n\t\t\t\t\t\t<div class=\"elementor-element elementor-element-6763f024 elementor-widget elementor-widget-text-editor\" data-id=\"6763f024\" data-element_type=\"widget\" data-e-type=\"widget\" data-widget_type=\"text-editor.default\">\n\t\t\t\t<div class=\"elementor-widget-container\">\n\t\t\t\t\t\t\t\t\t<h3 class=\"small\"><strong>Me gustar\u00eda publicar mi trabajo, pero no quiero que mi nombre aparezca.<\/strong><\/h3><p>\u00a1No hay problema! En GRIN, puedes decidir para cada trabajo si quieres publicar con tu nombre real, con un nombre de tu elecci\u00f3n o de forma totalmente an\u00f3nima.<\/p>\t\t\t\t\t\t\t\t<\/div>\n\t\t\t\t<\/div>\n\t\t\t\t\t<\/div>\n\t\t<\/div>\n\t\t\t\t\t<\/div>\n\t\t<\/section>\n\t\t\t\t<section class=\"elementor-section elementor-top-section elementor-element elementor-element-1310b231 elementor-section-boxed elementor-section-height-default elementor-section-height-default\" data-id=\"1310b231\" data-element_type=\"section\" data-e-type=\"section\">\n\t\t\t\t\t\t<div class=\"elementor-container elementor-column-gap-default\">\n\t\t\t\t\t<div class=\"elementor-column elementor-col-100 elementor-top-column elementor-element elementor-element-2288dea8\" data-id=\"2288dea8\" data-element_type=\"column\" data-e-type=\"column\">\n\t\t\t<div class=\"elementor-widget-wrap elementor-element-populated\">\n\t\t\t\t\t\t<div class=\"elementor-element elementor-element-6e7ccaf2 elementor-widget elementor-widget-text-editor\" data-id=\"6e7ccaf2\" data-element_type=\"widget\" data-e-type=\"widget\" data-widget_type=\"text-editor.default\">\n\t\t\t\t<div class=\"elementor-widget-container\">\n\t\t\t\t\t\t\t\t\t<h3 class=\"small\"><strong>\u00bfQu\u00e9 derechos cedo al editor?<\/strong><\/h3><p>Solo nos concedes los\u00a0<strong>derechos de uso<\/strong>\u00a0que necesitamos para la distribuci\u00f3n y venta mundial de tu t\u00edtulo. Los\u00a0<strong>derechos de autor<\/strong>\u00a0no son transferibles seg\u00fan la legislaci\u00f3n alemana y, en cualquier caso, siguen perteneci\u00e9ndote a ti.<\/p>\t\t\t\t\t\t\t\t<\/div>\n\t\t\t\t<\/div>\n\t\t\t\t\t<\/div>\n\t\t<\/div>\n\t\t\t\t\t<\/div>\n\t\t<\/section>\n\t\t\t\t<section class=\"elementor-section elementor-top-section elementor-element elementor-element-c026425 elementor-section-boxed elementor-section-height-default elementor-section-height-default\" data-id=\"c026425\" data-element_type=\"section\" data-e-type=\"section\">\n\t\t\t\t\t\t<div class=\"elementor-container elementor-column-gap-default\">\n\t\t\t\t\t<div class=\"elementor-column elementor-col-100 elementor-top-column elementor-element elementor-element-2466a6b\" data-id=\"2466a6b\" data-element_type=\"column\" data-e-type=\"column\">\n\t\t\t<div class=\"elementor-widget-wrap elementor-element-populated\">\n\t\t\t\t\t\t<div class=\"elementor-element elementor-element-c263d56 elementor-widget elementor-widget-global elementor-global-9895 elementor-global-921 elementor-widget-grin-share-widget\" data-id=\"c263d56\" data-element_type=\"widget\" data-e-type=\"widget\" data-widget_type=\"grin-share-widget.default\">\n\t\t\t\t<div class=\"elementor-widget-container\">\n\t\t\t\t\t<div class=\"share\">\n    <div class=\"footer-logo\"><\/div>\n    <div class=\"share-icons\">\n        <div class=\"shariff\" data-backend-url=\"null\" data-button-style=\"icon\" data-mail-url=\"mailto:\" data-services=\"[&quot;twitter&quot;,&quot;facebook&quot;,&quot;mail&quot;,&quot;whatsapp&quot;,&quot;linkedin&quot;]\"><\/div>\n        <div class=\"share-icon\"><a href=\"https:\/\/www.instagram.com\/grin_verlag\/\" target=\"_blank\" class=\"instagram\" rel=\"noopener\">Zu Instagram<\/a><\/div>\n    <\/div>\n<\/div>\t\t\t\t<\/div>\n\t\t\t\t<\/div>\n\t\t\t\t\t<\/div>\n\t\t<\/div>\n\t\t\t\t\t<\/div>\n\t\t<\/section>\n\t\t\t\t<\/div>\n\t\t","protected":false},"excerpt":{"rendered":"<p>\u00a1Gana 10 euros garantizados con cada texto publicado! \u00bfSolo quieres publicar tus trabajos de fin de curso si realmente vale la pena para ti? Entonces lo mejor es que elijas nuestra opci\u00f3n de tarifa \u00fanica garantizada. Esto significa que ganas 10 euros con tu publicaci\u00f3n, independientemente de si tu texto se vende y con qu\u00e9 [&hellip;]<\/p>\n","protected":false},"author":19,"featured_media":0,"parent":0,"menu_order":0,"comment_status":"closed","ping_status":"closed","template":"","meta":{"_acf_changed":false,"_lmt_disableupdate":"","_lmt_disable":"","footnotes":""},"class_list":["post-37854","page","type-page","status-publish","hentry"],"acf":[],"_links":{"self":[{"href":"https:\/\/www.grin.com\/es\/wp-json\/wp\/v2\/pages\/37854","targetHints":{"allow":["GET"]}}],"collection":[{"href":"https:\/\/www.grin.com\/es\/wp-json\/wp\/v2\/pages"}],"about":[{"href":"https:\/\/www.grin.com\/es\/wp-json\/wp\/v2\/types\/page"}],"author":[{"embeddable":true,"href":"https:\/\/www.grin.com\/es\/wp-json\/wp\/v2\/users\/19"}],"replies":[{"embeddable":true,"href":"https:\/\/www.grin.com\/es\/wp-json\/wp\/v2\/comments?post=37854"}],"version-history":[{"count":16,"href":"https:\/\/www.grin.com\/es\/wp-json\/wp\/v2\/pages\/37854\/revisions"}],"predecessor-version":[{"id":46725,"href":"https:\/\/www.grin.com\/es\/wp-json\/wp\/v2\/pages\/37854\/revisions\/46725"}],"wp:attachment":[{"href":"https:\/\/www.grin.com\/es\/wp-json\/wp\/v2\/media?parent=37854"}],"curies":[{"name":"wp","href":"https:\/\/api.w.org\/{rel}","templated":true}]}}