{"id":38041,"date":"2024-05-13T11:18:12","date_gmt":"2024-05-13T09:18:12","guid":{"rendered":"https:\/\/www.grin.com\/puedo-publicar-mis-trabajos-de-fin-de-curso\/"},"modified":"2024-05-14T13:54:38","modified_gmt":"2024-05-14T11:54:38","slug":"puedo-publicar-mis-trabajos-de-fin-de-curso","status":"publish","type":"page","link":"https:\/\/www.grin.com\/es\/puedo-publicar-mis-trabajos-de-fin-de-curso\/","title":{"rendered":"\u00bfPuedo publicar mis trabajos de fin de curso?"},"content":{"rendered":"\t\t<div data-elementor-type=\"wp-page\" data-elementor-id=\"38041\" class=\"elementor elementor-38041 elementor-31555\" data-elementor-post-type=\"page\">\n\t\t\t\t\t\t<section class=\"elementor-section elementor-top-section elementor-element elementor-element-020339c elementor-section-boxed elementor-section-height-default elementor-section-height-default\" data-id=\"020339c\" data-element_type=\"section\" data-e-type=\"section\">\n\t\t\t\t\t\t<div class=\"elementor-container elementor-column-gap-default\">\n\t\t\t\t\t<div class=\"elementor-column elementor-col-100 elementor-top-column elementor-element elementor-element-ed2b6bc\" data-id=\"ed2b6bc\" data-element_type=\"column\" data-e-type=\"column\">\n\t\t\t<div class=\"elementor-widget-wrap elementor-element-populated\">\n\t\t\t\t\t\t<div class=\"elementor-element elementor-element-e187ac4 elementor-widget elementor-widget-text-editor\" data-id=\"e187ac4\" data-element_type=\"widget\" data-e-type=\"widget\" data-widget_type=\"text-editor.default\">\n\t\t\t\t<div class=\"elementor-widget-container\">\n\t\t\t\t\t\t\t\t\t<h1 class=\"small\">\u00bfPuedo publicar mis trabajos de fin de grado o el trabajo de fin de carrera de mis estudios?<\/h1>\t\t\t\t\t\t\t\t<\/div>\n\t\t\t\t<\/div>\n\t\t\t\t\t<\/div>\n\t\t<\/div>\n\t\t\t\t\t<\/div>\n\t\t<\/section>\n\t\t\t\t<section class=\"elementor-section elementor-top-section elementor-element elementor-element-854db7c elementor-section-boxed elementor-section-height-default elementor-section-height-default\" data-id=\"854db7c\" data-element_type=\"section\" data-e-type=\"section\">\n\t\t\t\t\t\t<div class=\"elementor-container elementor-column-gap-default\">\n\t\t\t\t\t<div class=\"elementor-column elementor-col-100 elementor-top-column elementor-element elementor-element-5517066\" data-id=\"5517066\" data-element_type=\"column\" data-e-type=\"column\">\n\t\t\t<div class=\"elementor-widget-wrap elementor-element-populated\">\n\t\t\t\t\t\t<div class=\"elementor-element elementor-element-fd8c5c2 elementor-widget elementor-widget-text-editor\" data-id=\"fd8c5c2\" data-element_type=\"widget\" data-e-type=\"widget\" data-widget_type=\"text-editor.default\">\n\t\t\t\t<div class=\"elementor-widget-container\">\n\t\t\t\t\t\t\t\t\t<p>Estudiantes pueden publicar sus trabajos acad\u00e9micos por s\u00ed mismos. No importa si se trata de un trabajo de fin de curso, una tesis de licenciatura o cualquier otro texto. Sin embargo, el trabajo debe cumplir algunos requisitos que un art\u00edculo cient\u00edfico requiere de todos modos. A continuaci\u00f3n, te ofrecemos un resumen de algunos de estos requisitos.<\/p>\t\t\t\t\t\t\t\t<\/div>\n\t\t\t\t<\/div>\n\t\t\t\t\t<\/div>\n\t\t<\/div>\n\t\t\t\t\t<\/div>\n\t\t<\/section>\n\t\t\t\t<section class=\"elementor-section elementor-top-section elementor-element elementor-element-36491fc elementor-section-boxed elementor-section-height-default elementor-section-height-default\" data-id=\"36491fc\" data-element_type=\"section\" data-e-type=\"section\">\n\t\t\t\t\t\t<div class=\"elementor-container elementor-column-gap-default\">\n\t\t\t\t\t<div class=\"elementor-column elementor-col-100 elementor-top-column elementor-element elementor-element-ca8ac20\" data-id=\"ca8ac20\" data-element_type=\"column\" data-e-type=\"column\">\n\t\t\t<div class=\"elementor-widget-wrap elementor-element-populated\">\n\t\t\t\t\t\t<div class=\"elementor-element elementor-element-e89433f elementor-widget elementor-widget-text-editor\" data-id=\"e89433f\" data-element_type=\"widget\" data-e-type=\"widget\" data-widget_type=\"text-editor.default\">\n\t\t\t\t<div class=\"elementor-widget-container\">\n\t\t\t\t\t\t\t\t\t<h2 class=\"small\">\u00bfQu\u00e9 criterios debe cumplir un trabajo acad\u00e9mico para ser publicado?<\/h2><ul><li>T\u00fa debes ser el\u00a0<strong>autor<\/strong><br \/><strong>Nota:<\/strong>\u00a0Por lo tanto, la asignaci\u00f3n de profesores o similares no puede publicarse sin consentimiento.<\/li><li>Toda la informaci\u00f3n y los materiales obtenidos de fuentes\u00a0<strong>externas deben estar correctamente referenciados<\/strong>\u00a0. Adem\u00e1s, las ilustraciones solo pueden publicarse dentro del \u00e1mbito\u00a0<strong>de la ley de citas<\/strong>\u00a0. Esto significa que las ilustraciones deben servir para ganar conocimiento y no ser simplemente decorativas.<\/li><li>Los\u00a0<strong>derechos de uso del texto<\/strong>\u00a0deben ser suyos. Este suele ser el caso si no has acordado lo contrario con tu universidad o supervisor.<\/li><li>La\u00a0<strong>evaluaci\u00f3n por parte de su universidad<\/strong>\u00a0debe ser definitiva. Hasta la evaluaci\u00f3n oficial, la tesis est\u00e1 sujeta a la ley de ex\u00e1menes y normalmente no pude publicarse.<\/li><li>En\u00a0<strong>las universidades privadas, los programas de estudios duales o las cooperaci\u00f3nes con empresas,<\/strong>\u00a0la publicaci\u00f3n debe aclararse de antemano. Por favor, comprueba tu contrato de estudios o formaci\u00f3n, o consulta directamente con tu universidad o empresa.<\/li><li>Esto es obvio: No se pueden incluir <strong>contenidos discriminatorios u ofensivo<\/strong>\u00a0. Tambi\u00e9n necesitas el consentimiento de las personas afectadas si quieres publicar datos personales sujetos a\u00a0<strong>protecci\u00f3n de datos<\/strong>\u00a0. Adem\u00e1s, necesitas el consentimiento para la publicaci\u00f3n de informaci\u00f3n interna de empresas, instituciones, etc.<\/li><\/ul>\t\t\t\t\t\t\t\t<\/div>\n\t\t\t\t<\/div>\n\t\t\t\t\t<\/div>\n\t\t<\/div>\n\t\t\t\t\t<\/div>\n\t\t<\/section>\n\t\t\t\t<section class=\"elementor-section elementor-top-section elementor-element elementor-element-345ba3e elementor-section-boxed elementor-section-height-default elementor-section-height-default\" data-id=\"345ba3e\" data-element_type=\"section\" data-e-type=\"section\">\n\t\t\t\t\t\t<div class=\"elementor-container elementor-column-gap-default\">\n\t\t\t\t\t<div class=\"elementor-column elementor-col-100 elementor-top-column elementor-element elementor-element-d9c888e\" data-id=\"d9c888e\" data-element_type=\"column\" data-e-type=\"column\">\n\t\t\t<div class=\"elementor-widget-wrap elementor-element-populated\">\n\t\t\t\t\t\t<div class=\"elementor-element elementor-element-eef8a25 elementor-widget elementor-widget-global elementor-global-9891 elementor-global-1189 elementor-widget-grin-contact-widget\" data-id=\"eef8a25\" data-element_type=\"widget\" data-e-type=\"widget\" data-widget_type=\"grin-contact-widget.default\">\n\t\t\t\t<div class=\"elementor-widget-container\">\n\t\t\t\t\t<div class=\"contact\">\n    <div class=\"contentarea\">\n        <h2 class=\"small\">\u00bfTienes preguntas o necesitas apoyo?<\/h2>\n        <div class=\"column-container\">\n            <div class=\"media\">\n                <div class=\"image-sizer\">\n                    <div class=\"image-container\"><img decoding=\"async\" width=\"2560\" height=\"1707\" src=\"https:\/\/www.grin.com\/wp-content\/uploads\/2020\/10\/Support-scaled.jpg\" class=\"attachment-full size-full\" alt=\"Frau nimmt telefonische Anfrage entgegen\" srcset=\"https:\/\/www.grin.com\/wp-content\/uploads\/2020\/10\/Support-scaled.jpg 2560w, https:\/\/www.grin.com\/wp-content\/uploads\/2020\/10\/Support-300x200.jpg 300w, https:\/\/www.grin.com\/wp-content\/uploads\/2020\/10\/Support-1024x683.jpg 1024w, https:\/\/www.grin.com\/wp-content\/uploads\/2020\/10\/Support-768x512.jpg 768w, https:\/\/www.grin.com\/wp-content\/uploads\/2020\/10\/Support-1536x1024.jpg 1536w, https:\/\/www.grin.com\/wp-content\/uploads\/2020\/10\/Support-2048x1365.jpg 2048w\" sizes=\"(max-width: 2560px) 100vw, 2560px\" \/><\/div>\n                <\/div>\n            <\/div>\n            <div class=\"textcontent\">\n                <div class=\"bigtext large\"><p>Lunes a Jueves:<\/p><p>10:00-13:00 y 14:00- 17:00<\/p><p>Viernes:<\/p><p>10:00-13:00 y 14:00- 16:00<\/p><p>+49 89 550559-0<\/p><p><a href=\"mailto:info@grin.com\">info@grin.com<\/a><\/p><\/div>\n                <div class=\"smalltext\"><p>Llamanos o escr\u00edbenos:<\/p><p><strong>Estaremos encantados de ayudarte personalmente.<\/strong><\/p><\/div>\n            <\/div>\n        <\/div>\n    <\/div>\n<\/div>\t\t\t\t<\/div>\n\t\t\t\t<\/div>\n\t\t\t\t\t<\/div>\n\t\t<\/div>\n\t\t\t\t\t<\/div>\n\t\t<\/section>\n\t\t\t\t<\/div>\n\t\t","protected":false},"excerpt":{"rendered":"<p>\u00bfPuedo publicar mis trabajos de fin de grado o el trabajo de fin de carrera de mis estudios? Estudiantes pueden publicar sus trabajos acad\u00e9micos por s\u00ed mismos. No importa si se trata de un trabajo de fin de curso, una tesis de licenciatura o cualquier otro texto. Sin embargo, el trabajo debe cumplir algunos requisitos [&hellip;]<\/p>\n","protected":false},"author":19,"featured_media":0,"parent":0,"menu_order":0,"comment_status":"closed","ping_status":"closed","template":"","meta":{"_acf_changed":false,"_lmt_disableupdate":"","_lmt_disable":"","footnotes":""},"class_list":["post-38041","page","type-page","status-publish","hentry"],"acf":[],"_links":{"self":[{"href":"https:\/\/www.grin.com\/es\/wp-json\/wp\/v2\/pages\/38041","targetHints":{"allow":["GET"]}}],"collection":[{"href":"https:\/\/www.grin.com\/es\/wp-json\/wp\/v2\/pages"}],"about":[{"href":"https:\/\/www.grin.com\/es\/wp-json\/wp\/v2\/types\/page"}],"author":[{"embeddable":true,"href":"https:\/\/www.grin.com\/es\/wp-json\/wp\/v2\/users\/19"}],"replies":[{"embeddable":true,"href":"https:\/\/www.grin.com\/es\/wp-json\/wp\/v2\/comments?post=38041"}],"version-history":[{"count":7,"href":"https:\/\/www.grin.com\/es\/wp-json\/wp\/v2\/pages\/38041\/revisions"}],"predecessor-version":[{"id":38143,"href":"https:\/\/www.grin.com\/es\/wp-json\/wp\/v2\/pages\/38041\/revisions\/38143"}],"wp:attachment":[{"href":"https:\/\/www.grin.com\/es\/wp-json\/wp\/v2\/media?parent=38041"}],"curies":[{"name":"wp","href":"https:\/\/api.w.org\/{rel}","templated":true}]}}