{"id":38101,"date":"2024-05-14T13:30:21","date_gmt":"2024-05-14T11:30:21","guid":{"rendered":"https:\/\/www.grin.com\/nuestro-programa-de-socios-grin\/"},"modified":"2024-05-14T14:44:49","modified_gmt":"2024-05-14T12:44:49","slug":"nuestro-programa-de-socios-grin","status":"publish","type":"page","link":"https:\/\/www.grin.com\/es\/nuestro-programa-de-socios-grin\/","title":{"rendered":"Nuestro Programa de Socios GRIN"},"content":{"rendered":"\t\t<div data-elementor-type=\"wp-page\" data-elementor-id=\"38101\" class=\"elementor elementor-38101 elementor-28218\" data-elementor-post-type=\"page\">\n\t\t\t\t\t\t<section class=\"elementor-section elementor-top-section elementor-element elementor-element-9f3595c elementor-section-boxed elementor-section-height-default elementor-section-height-default\" data-id=\"9f3595c\" data-element_type=\"section\" data-e-type=\"section\">\n\t\t\t\t\t\t<div class=\"elementor-container elementor-column-gap-default\">\n\t\t\t\t\t<div class=\"elementor-column elementor-col-100 elementor-top-column elementor-element elementor-element-7fc8b12\" data-id=\"7fc8b12\" data-element_type=\"column\" data-e-type=\"column\">\n\t\t\t<div class=\"elementor-widget-wrap elementor-element-populated\">\n\t\t\t\t\t\t<div class=\"elementor-element elementor-element-4e813d9 elementor-widget elementor-widget-grin-promo-teaser-widget\" data-id=\"4e813d9\" data-element_type=\"widget\" data-e-type=\"widget\" data-widget_type=\"grin-promo-teaser-widget.default\">\n\t\t\t\t<div class=\"elementor-widget-container\">\n\t\t\t\t\t<a href=\"https:\/\/www.grin.com\/de\/freunde-werben\/#einladungslink\" class=\"promo-teaser\">\r\n    <div class=\"background-container\">\r\n        <div class=\"image-container\"><img decoding=\"async\" width=\"798\" height=\"540\" src=\"https:\/\/www.grin.com\/wp-content\/uploads\/2023\/09\/Partnerprogramm_Teaser_neu-1.jpg\" class=\"attachment-full size-full\" alt=\"Gruppe von Jugendlichen im Freien.\" srcset=\"https:\/\/www.grin.com\/wp-content\/uploads\/2023\/09\/Partnerprogramm_Teaser_neu-1.jpg 798w, https:\/\/www.grin.com\/wp-content\/uploads\/2023\/09\/Partnerprogramm_Teaser_neu-1-300x203.jpg 300w, https:\/\/www.grin.com\/wp-content\/uploads\/2023\/09\/Partnerprogramm_Teaser_neu-1-768x520.jpg 768w\" sizes=\"(max-width: 798px) 100vw, 798px\" title=\"\"><\/div>\r\n        <div class=\"texts\">\r\n            <h1 class=\"h1-like\">Captar Grinnies<\/h1>\r\n            <p class=\"h2-like\">Tu recomendaci\u00f3n merece un agradecimiento: Gana 5\u20ac por autor recomendado.<\/p>\r\n            \r\n        <\/div>\r\n    <\/div>\r\n<\/a>\t\t\t\t<\/div>\n\t\t\t\t<\/div>\n\t\t\t\t\t<\/div>\n\t\t<\/div>\n\t\t\t\t\t<\/div>\n\t\t<\/section>\n\t\t\t\t<section class=\"elementor-section elementor-top-section elementor-element elementor-element-71b0ff0 elementor-section-boxed elementor-section-height-default elementor-section-height-default\" data-id=\"71b0ff0\" data-element_type=\"section\" data-e-type=\"section\">\n\t\t\t\t\t\t<div class=\"elementor-container elementor-column-gap-default\">\n\t\t\t\t\t<div class=\"elementor-column elementor-col-100 elementor-top-column elementor-element elementor-element-5e86d88\" data-id=\"5e86d88\" data-element_type=\"column\" data-e-type=\"column\">\n\t\t\t<div class=\"elementor-widget-wrap elementor-element-populated\">\n\t\t\t\t\t\t<div class=\"elementor-element elementor-element-edba21b elementor-widget elementor-widget-spacer\" data-id=\"edba21b\" data-element_type=\"widget\" data-e-type=\"widget\" data-widget_type=\"spacer.default\">\n\t\t\t\t<div class=\"elementor-widget-container\">\n\t\t\t\t\t\t\t<div class=\"elementor-spacer\">\n\t\t\t<div class=\"elementor-spacer-inner\"><\/div>\n\t\t<\/div>\n\t\t\t\t\t\t<\/div>\n\t\t\t\t<\/div>\n\t\t\t\t\t<\/div>\n\t\t<\/div>\n\t\t\t\t\t<\/div>\n\t\t<\/section>\n\t\t\t\t<section class=\"elementor-section elementor-top-section elementor-element elementor-element-c516103 elementor-section-boxed elementor-section-height-default elementor-section-height-default\" data-id=\"c516103\" data-element_type=\"section\" data-e-type=\"section\">\n\t\t\t\t\t\t<div class=\"elementor-container elementor-column-gap-default\">\n\t\t\t\t\t<div class=\"elementor-column elementor-col-100 elementor-top-column elementor-element elementor-element-d6c1ffa\" data-id=\"d6c1ffa\" data-element_type=\"column\" data-e-type=\"column\">\n\t\t\t<div class=\"elementor-widget-wrap elementor-element-populated\">\n\t\t\t\t\t\t<div class=\"elementor-element elementor-element-50d23e6 elementor-widget elementor-widget-text-editor\" data-id=\"50d23e6\" data-element_type=\"widget\" data-e-type=\"widget\" data-widget_type=\"text-editor.default\">\n\t\t\t\t<div class=\"elementor-widget-container\">\n\t\t\t\t\t\t\t\t\t<h2 class=\"small\" style=\"text-align: center;\">As\u00ed es como funciona:<\/h2><p style=\"text-align: center;\">Obt\u00e9n tu recompensa en tres pasos sencillos<\/p>\t\t\t\t\t\t\t\t<\/div>\n\t\t\t\t<\/div>\n\t\t\t\t\t<\/div>\n\t\t<\/div>\n\t\t\t\t\t<\/div>\n\t\t<\/section>\n\t\t\t\t<section class=\"elementor-section elementor-top-section elementor-element elementor-element-a0077a7 elementor-section-boxed elementor-section-height-default elementor-section-height-default\" data-id=\"a0077a7\" data-element_type=\"section\" data-e-type=\"section\">\n\t\t\t\t\t\t<div class=\"elementor-container elementor-column-gap-default\">\n\t\t\t\t\t<div class=\"elementor-column elementor-col-50 elementor-top-column elementor-element elementor-element-585e886\" data-id=\"585e886\" data-element_type=\"column\" data-e-type=\"column\">\n\t\t\t<div class=\"elementor-widget-wrap elementor-element-populated\">\n\t\t\t\t\t\t<div class=\"elementor-element elementor-element-a8eaad7 elementor-widget elementor-widget-image\" data-id=\"a8eaad7\" data-element_type=\"widget\" data-e-type=\"widget\" data-widget_type=\"image.default\">\n\t\t\t\t<div class=\"elementor-widget-container\">\n\t\t\t\t\t\t\t\t\t\t\t\t\t\t\t<img decoding=\"async\" src=\"https:\/\/www.grin.com\/wp-content\/uploads\/elementor\/thumbs\/Partnerprogramm_Schritt-1_Bild_mit-gruenem-Rahmen_neu-qvoox243f7a6ab0coegp3xi402nzzzujjiwu93tv4g.jpg\" title=\"Partnerprogramm_Schritt 1_Bild_mit gr\u00fcnem Rahmen_neu\" alt=\"Partnerprogramm_Schritt 1_Bild_mit gr\u00fcnem Rahmen_neu\" loading=\"lazy\" \/>\t\t\t\t\t\t\t\t\t\t\t\t\t\t\t<\/div>\n\t\t\t\t<\/div>\n\t\t\t\t\t<\/div>\n\t\t<\/div>\n\t\t\t\t<div class=\"elementor-column elementor-col-50 elementor-top-column elementor-element elementor-element-560bd8b\" data-id=\"560bd8b\" data-element_type=\"column\" data-e-type=\"column\">\n\t\t\t<div class=\"elementor-widget-wrap elementor-element-populated\">\n\t\t\t\t\t\t<div class=\"elementor-element elementor-element-77b37ed elementor-widget elementor-widget-text-editor\" data-id=\"77b37ed\" data-element_type=\"widget\" data-e-type=\"widget\" data-widget_type=\"text-editor.default\">\n\t\t\t\t<div class=\"elementor-widget-container\">\n\t\t\t\t\t\t\t\t\t<h3 class=\"small\">1. Corre la voz<\/h3><p>\u00bfTu amigo nunca ha subido un texto a GRIN o a\u00fan no tiene una cuenta en nuestra p\u00e1gina web?<br \/>\u00a1Pues cu\u00e9ntale de nosotros!<\/p>\t\t\t\t\t\t\t\t<\/div>\n\t\t\t\t<\/div>\n\t\t\t\t\t<\/div>\n\t\t<\/div>\n\t\t\t\t\t<\/div>\n\t\t<\/section>\n\t\t\t\t<section class=\"elementor-section elementor-top-section elementor-element elementor-element-ee7be62 elementor-section-boxed elementor-section-height-default elementor-section-height-default\" data-id=\"ee7be62\" data-element_type=\"section\" data-e-type=\"section\">\n\t\t\t\t\t\t<div class=\"elementor-container elementor-column-gap-default\">\n\t\t\t\t\t<div class=\"elementor-column elementor-col-50 elementor-top-column elementor-element elementor-element-d80def3\" data-id=\"d80def3\" data-element_type=\"column\" data-e-type=\"column\">\n\t\t\t<div class=\"elementor-widget-wrap elementor-element-populated\">\n\t\t\t\t\t\t<div class=\"elementor-element elementor-element-a486d9e elementor-widget elementor-widget-image\" data-id=\"a486d9e\" data-element_type=\"widget\" data-e-type=\"widget\" data-widget_type=\"image.default\">\n\t\t\t\t<div class=\"elementor-widget-container\">\n\t\t\t\t\t\t\t\t\t\t\t\t\t\t\t<img decoding=\"async\" src=\"https:\/\/www.grin.com\/wp-content\/uploads\/elementor\/thumbs\/Partnerprogramm_Schritt-2_Bild_mit-gruenem-Rahmen_neu-qvoox243f7a6ab0coegp3xi402nzzzujjiwu93tv4g.jpg\" title=\"Partnerprogramm_Schritt 2_Bild_mit gr\u00fcnem Rahmen_neu\" alt=\"Partnerprogramm_Schritt 2_Bild_mit gr\u00fcnem Rahmen_neu\" loading=\"lazy\" \/>\t\t\t\t\t\t\t\t\t\t\t\t\t\t\t<\/div>\n\t\t\t\t<\/div>\n\t\t\t\t\t<\/div>\n\t\t<\/div>\n\t\t\t\t<div class=\"elementor-column elementor-col-50 elementor-top-column elementor-element elementor-element-db27d07\" data-id=\"db27d07\" data-element_type=\"column\" data-e-type=\"column\">\n\t\t\t<div class=\"elementor-widget-wrap elementor-element-populated\">\n\t\t\t\t\t\t<div class=\"elementor-element elementor-element-6a0ebb7 elementor-widget elementor-widget-text-editor\" data-id=\"6a0ebb7\" data-element_type=\"widget\" data-e-type=\"widget\" data-widget_type=\"text-editor.default\">\n\t\t\t\t<div class=\"elementor-widget-container\">\n\t\t\t\t\t\t\t\t\t<h3 class=\"small\">2. Comparte el enlace de referencia<\/h3><p class=\"MsoNormal\"><span style=\"font-size: 12.0pt !msorm; line-height: 107% !msorm; font-family: 'Times New Roman',serif !msorm; mso-fareast-font-family: 'Times New Roman' !msorm; mso-font-kerning: 0pt !msorm; mso-ligatures: none !msorm; mso-ansi-language: DE !msorm; mso-fareast-language: DE !msorm;\"><span lang=\"EN-US\" style=\"mso-ansi-language: EN-US;\"><span style=\"mso-prop-change: 'Andrea Baumann' 20240514T1330;\">Copia tu enlace personal de tu perfil de autor y comp\u00e1rtelo con tus amigos, por ejemplo, a trav\u00e9s de Whatsapp.<\/span><\/span><\/span><\/p>\t\t\t\t\t\t\t\t<\/div>\n\t\t\t\t<\/div>\n\t\t\t\t\t<\/div>\n\t\t<\/div>\n\t\t\t\t\t<\/div>\n\t\t<\/section>\n\t\t\t\t<section class=\"elementor-section elementor-top-section elementor-element elementor-element-703fe99 elementor-section-boxed elementor-section-height-default elementor-section-height-default\" data-id=\"703fe99\" data-element_type=\"section\" data-e-type=\"section\">\n\t\t\t\t\t\t<div class=\"elementor-container elementor-column-gap-default\">\n\t\t\t\t\t<div class=\"elementor-column elementor-col-50 elementor-top-column elementor-element elementor-element-729fa8c\" data-id=\"729fa8c\" data-element_type=\"column\" data-e-type=\"column\">\n\t\t\t<div class=\"elementor-widget-wrap elementor-element-populated\">\n\t\t\t\t\t\t<div class=\"elementor-element elementor-element-a9a394e elementor-widget elementor-widget-image\" data-id=\"a9a394e\" data-element_type=\"widget\" data-e-type=\"widget\" data-widget_type=\"image.default\">\n\t\t\t\t<div class=\"elementor-widget-container\">\n\t\t\t\t\t\t\t\t\t\t\t\t\t\t\t<img decoding=\"async\" width=\"200\" height=\"200\" src=\"https:\/\/www.grin.com\/wp-content\/uploads\/2023\/10\/Partnerprogramm_Schritt3_klein.jpg\" class=\"attachment-full size-full wp-image-35588\" alt=\", ,\" srcset=\"https:\/\/www.grin.com\/wp-content\/uploads\/2023\/10\/Partnerprogramm_Schritt3_klein.jpg 200w, https:\/\/www.grin.com\/wp-content\/uploads\/2023\/10\/Partnerprogramm_Schritt3_klein-150x150.jpg 150w\" sizes=\"(max-width: 200px) 100vw, 200px\" title=\"\">\t\t\t\t\t\t\t\t\t\t\t\t\t\t\t<\/div>\n\t\t\t\t<\/div>\n\t\t\t\t\t<\/div>\n\t\t<\/div>\n\t\t\t\t<div class=\"elementor-column elementor-col-50 elementor-top-column elementor-element elementor-element-95791a0\" data-id=\"95791a0\" data-element_type=\"column\" data-e-type=\"column\">\n\t\t\t<div class=\"elementor-widget-wrap elementor-element-populated\">\n\t\t\t\t\t\t<div class=\"elementor-element elementor-element-89a3e6f elementor-widget elementor-widget-text-editor\" data-id=\"89a3e6f\" data-element_type=\"widget\" data-e-type=\"widget\" data-widget_type=\"text-editor.default\">\n\t\t\t\t<div class=\"elementor-widget-container\">\n\t\t\t\t\t\t\t\t\t<h3 class=\"small\">3. Cobra el bono<\/h3><p>\u00a1Te daremos <strong><em>cinco euros<\/em><\/strong> por CADA nuevo autor que publique a trav\u00e9s de tu enlace!<\/p>\t\t\t\t\t\t\t\t<\/div>\n\t\t\t\t<\/div>\n\t\t\t\t\t<\/div>\n\t\t<\/div>\n\t\t\t\t\t<\/div>\n\t\t<\/section>\n\t\t\t\t<section class=\"elementor-section elementor-top-section elementor-element elementor-element-728eeaa elementor-section-boxed elementor-section-height-default elementor-section-height-default\" data-id=\"728eeaa\" data-element_type=\"section\" data-e-type=\"section\">\n\t\t\t\t\t\t<div class=\"elementor-container elementor-column-gap-default\">\n\t\t\t\t\t<div class=\"elementor-column elementor-col-100 elementor-top-column elementor-element elementor-element-a9c5375\" data-id=\"a9c5375\" data-element_type=\"column\" data-e-type=\"column\">\n\t\t\t<div class=\"elementor-widget-wrap elementor-element-populated\">\n\t\t\t\t\t\t<div class=\"elementor-element elementor-element-e89912f elementor-widget elementor-widget-spacer\" data-id=\"e89912f\" data-element_type=\"widget\" data-e-type=\"widget\" data-widget_type=\"spacer.default\">\n\t\t\t\t<div class=\"elementor-widget-container\">\n\t\t\t\t\t\t\t<div class=\"elementor-spacer\">\n\t\t\t<div class=\"elementor-spacer-inner\"><\/div>\n\t\t<\/div>\n\t\t\t\t\t\t<\/div>\n\t\t\t\t<\/div>\n\t\t\t\t\t<\/div>\n\t\t<\/div>\n\t\t\t\t\t<\/div>\n\t\t<\/section>\n\t\t\t\t<section class=\"elementor-section elementor-top-section elementor-element elementor-element-58b436d elementor-section-boxed elementor-section-height-default elementor-section-height-default\" data-id=\"58b436d\" data-element_type=\"section\" data-e-type=\"section\">\n\t\t\t\t\t\t<div class=\"elementor-container elementor-column-gap-default\">\n\t\t\t\t\t<div class=\"elementor-column elementor-col-100 elementor-top-column elementor-element elementor-element-6c325bd\" data-id=\"6c325bd\" data-element_type=\"column\" data-e-type=\"column\">\n\t\t\t<div class=\"elementor-widget-wrap elementor-element-populated\">\n\t\t\t\t\t\t<div class=\"elementor-element elementor-element-7203a04 elementor-widget elementor-widget-text-editor\" data-id=\"7203a04\" data-element_type=\"widget\" data-e-type=\"widget\" data-widget_type=\"text-editor.default\">\n\t\t\t\t<div class=\"elementor-widget-container\">\n\t\t\t\t\t\t\t\t\t<h2 class=\"small\">Aqu\u00ed puedes encontrar el enlace de invitaci\u00f3n <a id=\"einladungslink\" name=\"Einladungslink\"><\/a> para tus amigos:<\/h2>\n\t\t\t\t\t\t\t\t<\/div>\n\t\t\t\t<\/div>\n\t\t\t\t\t<\/div>\n\t\t<\/div>\n\t\t\t\t\t<\/div>\n\t\t<\/section>\n\t\t\t\t<section class=\"elementor-section elementor-top-section elementor-element elementor-element-943e937 elementor-section-boxed elementor-section-height-default elementor-section-height-default\" data-id=\"943e937\" data-element_type=\"section\" data-e-type=\"section\">\n\t\t\t\t\t\t<div class=\"elementor-container elementor-column-gap-default\">\n\t\t\t\t\t<div class=\"elementor-column elementor-col-100 elementor-top-column elementor-element elementor-element-7ce44b2\" data-id=\"7ce44b2\" data-element_type=\"column\" data-e-type=\"column\">\n\t\t\t<div class=\"elementor-widget-wrap elementor-element-populated\">\n\t\t\t\t\t\t<div class=\"elementor-element elementor-element-688288e elementor-widget elementor-widget-image\" data-id=\"688288e\" data-element_type=\"widget\" data-e-type=\"widget\" data-widget_type=\"image.default\">\n\t\t\t\t<div class=\"elementor-widget-container\">\n\t\t\t\t\t\t\t\t\t\t\t\t\t\t\t\t<a href=\"https:\/\/www.grin.com\/login\/#account\/partner-program\">\n\t\t\t\t\t\t\t<img decoding=\"async\" width=\"800\" height=\"460\" src=\"https:\/\/www.grin.com\/wp-content\/uploads\/2024\/05\/Screenshot_Partnerprogramm_spanisch-1024x589.jpg\" class=\"attachment-large size-large wp-image-38125\" alt=\", ,\" srcset=\"https:\/\/www.grin.com\/wp-content\/uploads\/2024\/05\/Screenshot_Partnerprogramm_spanisch-1024x589.jpg 1024w, https:\/\/www.grin.com\/wp-content\/uploads\/2024\/05\/Screenshot_Partnerprogramm_spanisch-300x172.jpg 300w, https:\/\/www.grin.com\/wp-content\/uploads\/2024\/05\/Screenshot_Partnerprogramm_spanisch-768x441.jpg 768w, https:\/\/www.grin.com\/wp-content\/uploads\/2024\/05\/Screenshot_Partnerprogramm_spanisch.jpg 1418w\" sizes=\"(max-width: 800px) 100vw, 800px\" title=\"\">\t\t\t\t\t\t\t\t<\/a>\n\t\t\t\t\t\t\t\t\t\t\t\t\t\t\t<\/div>\n\t\t\t\t<\/div>\n\t\t\t\t\t<\/div>\n\t\t<\/div>\n\t\t\t\t\t<\/div>\n\t\t<\/section>\n\t\t\t\t<section class=\"elementor-section elementor-top-section elementor-element elementor-element-890dfba elementor-section-boxed elementor-section-height-default elementor-section-height-default\" data-id=\"890dfba\" data-element_type=\"section\" data-e-type=\"section\">\n\t\t\t\t\t\t<div class=\"elementor-container elementor-column-gap-default\">\n\t\t\t\t\t<div class=\"elementor-column elementor-col-100 elementor-top-column elementor-element elementor-element-8caa7d2\" data-id=\"8caa7d2\" data-element_type=\"column\" data-e-type=\"column\">\n\t\t\t<div class=\"elementor-widget-wrap elementor-element-populated\">\n\t\t\t\t\t\t<div class=\"elementor-element elementor-element-34a684a elementor-align-center elementor-widget elementor-widget-button\" data-id=\"34a684a\" data-element_type=\"widget\" data-e-type=\"widget\" data-widget_type=\"button.default\">\n\t\t\t\t<div class=\"elementor-widget-container\">\n\t\t\t\t\t\t\t\t\t<div class=\"elementor-button-wrapper\">\n\t\t\t\t\t<a class=\"elementor-button elementor-button-link elementor-size-lg\" href=\"https:\/\/www.grin.com\/submission\/upload\/#\/sign-in\">\n\t\t\t\t\t\t<span class=\"elementor-button-content-wrapper\">\n\t\t\t\t\t\t\t\t\t<span class=\"elementor-button-text\">Con\u00e9ctate ahora y comparta el enlace<\/span>\n\t\t\t\t\t<\/span>\n\t\t\t\t\t<\/a>\n\t\t\t\t<\/div>\n\t\t\t\t\t\t\t\t<\/div>\n\t\t\t\t<\/div>\n\t\t\t\t\t<\/div>\n\t\t<\/div>\n\t\t\t\t\t<\/div>\n\t\t<\/section>\n\t\t\t\t<section class=\"elementor-section elementor-top-section elementor-element elementor-element-b99c326 elementor-section-boxed elementor-section-height-default elementor-section-height-default\" data-id=\"b99c326\" data-element_type=\"section\" data-e-type=\"section\">\n\t\t\t\t\t\t<div class=\"elementor-container elementor-column-gap-default\">\n\t\t\t\t\t<div class=\"elementor-column elementor-col-100 elementor-top-column elementor-element elementor-element-74ed445\" data-id=\"74ed445\" data-element_type=\"column\" data-e-type=\"column\">\n\t\t\t<div class=\"elementor-widget-wrap elementor-element-populated\">\n\t\t\t\t\t\t<div class=\"elementor-element elementor-element-9196f8e elementor-widget elementor-widget-text-editor\" data-id=\"9196f8e\" data-element_type=\"widget\" data-e-type=\"widget\" data-widget_type=\"text-editor.default\">\n\t\t\t\t<div class=\"elementor-widget-container\">\n\t\t\t\t\t\t\t\t\t<h2 class=\"small\">Preguntas frecuentes<\/h2><h3 class=\"small\">\u00bfC\u00f3mo funciona el programa Recomendar a un amigo?<\/h3><p>\u00bfYa eres autor en GRIN y tienes amigos que tambi\u00e9n han escrito trabajos de fin de curso o tesis? \u00a1Entonces inv\u00edtalos a unirse a nosotros! Puedes copiar un enlace individual de tu perfil de autor &#8211; \u00a1por cada persona que se registre a trav\u00e9s de tu enlace y publique un texto, recibir\u00e1s <em><strong>cinco euros<\/strong><\/em>!<\/p><h3 class=\"small\">\u00bfC\u00f3mo puedo referir a mis amigos?<\/h3><p>Si has copiado el enlace de invitaci\u00f3n de tu perfil de autor de GRIN, puedes enviarlo f\u00e1cilmente a tus amigos, por ejemplo, por correo electr\u00f3nico o WhatsApp.<\/p><h3 class=\"small\">\u00bfC\u00f3mo recibo mi recompensa?<\/h3><p>Tu bonificaci\u00f3n, al igual que tus comisiones por los textos vendidos, se paga con el extracto de cuenta trimestral.<\/p>\t\t\t\t\t\t\t\t<\/div>\n\t\t\t\t<\/div>\n\t\t\t\t\t<\/div>\n\t\t<\/div>\n\t\t\t\t\t<\/div>\n\t\t<\/section>\n\t\t\t\t<section class=\"elementor-section elementor-top-section elementor-element elementor-element-f63fd21 elementor-section-boxed elementor-section-height-default elementor-section-height-default\" data-id=\"f63fd21\" data-element_type=\"section\" data-e-type=\"section\">\n\t\t\t\t\t\t<div class=\"elementor-container elementor-column-gap-default\">\n\t\t\t\t\t<div class=\"elementor-column elementor-col-100 elementor-top-column elementor-element elementor-element-9575636\" data-id=\"9575636\" data-element_type=\"column\" data-e-type=\"column\">\n\t\t\t<div class=\"elementor-widget-wrap elementor-element-populated\">\n\t\t\t\t\t\t<div class=\"elementor-element elementor-element-ca423a9 elementor-widget elementor-widget-text-editor\" data-id=\"ca423a9\" data-element_type=\"widget\" data-e-type=\"widget\" data-widget_type=\"text-editor.default\">\n\t\t\t\t<div class=\"elementor-widget-container\">\n\t\t\t\t\t\t\t\t\t<p><strong>Por cierto\u2026<\/strong><\/p><p>Tambi\u00e9n puedes utilizar el <a href=\"https:\/\/www.grin.com\/login\/#account\/partner-program\">enlace de tu perfil de autor<\/a> para vender tus propios libros. \u00a1Por cada texto vendido, recibir\u00e1s <em><br \/><strong>una comisi\u00f3n del cinco por ciento<\/strong><\/em>!<\/p>\t\t\t\t\t\t\t\t<\/div>\n\t\t\t\t<\/div>\n\t\t\t\t\t<\/div>\n\t\t<\/div>\n\t\t\t\t\t<\/div>\n\t\t<\/section>\n\t\t\t\t<section class=\"elementor-section elementor-top-section elementor-element elementor-element-047b976 elementor-section-boxed elementor-section-height-default elementor-section-height-default\" data-id=\"047b976\" data-element_type=\"section\" data-e-type=\"section\">\n\t\t\t\t\t\t<div class=\"elementor-container elementor-column-gap-default\">\n\t\t\t\t\t<div class=\"elementor-column elementor-col-100 elementor-top-column elementor-element elementor-element-8de54ab\" data-id=\"8de54ab\" data-element_type=\"column\" data-e-type=\"column\">\n\t\t\t<div class=\"elementor-widget-wrap elementor-element-populated\">\n\t\t\t\t\t\t<div class=\"elementor-element elementor-element-0f1a87b elementor-widget elementor-widget-global elementor-global-9895 elementor-global-921 elementor-widget-grin-share-widget\" data-id=\"0f1a87b\" data-element_type=\"widget\" data-e-type=\"widget\" data-widget_type=\"grin-share-widget.default\">\n\t\t\t\t<div class=\"elementor-widget-container\">\n\t\t\t\t\t<div class=\"share\">\n    <div class=\"footer-logo\"><\/div>\n    <div class=\"share-icons\">\n        <div class=\"shariff\" data-backend-url=\"null\" data-button-style=\"icon\" data-mail-url=\"mailto:\" data-services=\"[&quot;twitter&quot;,&quot;facebook&quot;,&quot;mail&quot;,&quot;whatsapp&quot;,&quot;linkedin&quot;]\"><\/div>\n        <div class=\"share-icon\"><a href=\"https:\/\/www.instagram.com\/grin_verlag\/\" target=\"_blank\" class=\"instagram\" rel=\"noopener\">Zu Instagram<\/a><\/div>\n    <\/div>\n<\/div>\t\t\t\t<\/div>\n\t\t\t\t<\/div>\n\t\t\t\t\t<\/div>\n\t\t<\/div>\n\t\t\t\t\t<\/div>\n\t\t<\/section>\n\t\t\t\t<\/div>\n\t\t","protected":false},"excerpt":{"rendered":"<p>Captar Grinnies Tu recomendaci\u00f3n merece un agradecimiento: Gana 5\u20ac por autor recomendado. Reciba un bono de 5\u20ac As\u00ed es como funciona: Obt\u00e9n tu recompensa en tres pasos sencillos 1. Corre la voz \u00bfTu amigo nunca ha subido un texto a GRIN o a\u00fan no tiene una cuenta en nuestra p\u00e1gina web?\u00a1Pues cu\u00e9ntale de nosotros! 2. [&hellip;]<\/p>\n","protected":false},"author":19,"featured_media":0,"parent":0,"menu_order":0,"comment_status":"closed","ping_status":"closed","template":"","meta":{"_acf_changed":false,"_lmt_disableupdate":"","_lmt_disable":"","footnotes":""},"class_list":["post-38101","page","type-page","status-publish","hentry"],"acf":[],"_links":{"self":[{"href":"https:\/\/www.grin.com\/es\/wp-json\/wp\/v2\/pages\/38101","targetHints":{"allow":["GET"]}}],"collection":[{"href":"https:\/\/www.grin.com\/es\/wp-json\/wp\/v2\/pages"}],"about":[{"href":"https:\/\/www.grin.com\/es\/wp-json\/wp\/v2\/types\/page"}],"author":[{"embeddable":true,"href":"https:\/\/www.grin.com\/es\/wp-json\/wp\/v2\/users\/19"}],"replies":[{"embeddable":true,"href":"https:\/\/www.grin.com\/es\/wp-json\/wp\/v2\/comments?post=38101"}],"version-history":[{"count":10,"href":"https:\/\/www.grin.com\/es\/wp-json\/wp\/v2\/pages\/38101\/revisions"}],"predecessor-version":[{"id":38192,"href":"https:\/\/www.grin.com\/es\/wp-json\/wp\/v2\/pages\/38101\/revisions\/38192"}],"wp:attachment":[{"href":"https:\/\/www.grin.com\/es\/wp-json\/wp\/v2\/media?parent=38101"}],"curies":[{"name":"wp","href":"https:\/\/api.w.org\/{rel}","templated":true}]}}