{"id":38195,"date":"2024-05-14T15:17:30","date_gmt":"2024-05-14T13:17:30","guid":{"rendered":"https:\/\/www.grin.com\/gana-dinero-con-trabajos-de-fin-de-curso-tesis-de-licenciatura-tesis-de-maestria-etc-mar\/"},"modified":"2024-05-16T10:01:06","modified_gmt":"2024-05-16T08:01:06","slug":"gana-dinero-con-trabajos-de-fin-de-curso-tesis-de-licenciatura-tesis-de-maestria-etc-mar","status":"publish","type":"page","link":"https:\/\/www.grin.com\/es\/gana-dinero-con-trabajos-de-fin-de-curso-tesis-de-licenciatura-tesis-de-maestria-etc-mar\/","title":{"rendered":"Gana dinero con trabajos de fin de curso, tesis de licenciatura, tesis de maestr\u00eda, etc. MAR"},"content":{"rendered":"\t\t<div data-elementor-type=\"wp-page\" data-elementor-id=\"38195\" class=\"elementor elementor-38195 elementor-36868\" data-elementor-post-type=\"page\">\n\t\t\t\t\t\t<section class=\"elementor-section elementor-top-section elementor-element elementor-element-b00c840 elementor-section-boxed elementor-section-height-default elementor-section-height-default\" data-id=\"b00c840\" data-element_type=\"section\" data-e-type=\"section\">\n\t\t\t\t\t\t<div class=\"elementor-container elementor-column-gap-default\">\n\t\t\t\t\t<div class=\"elementor-column elementor-col-100 elementor-top-column elementor-element elementor-element-fa7f9fe\" data-id=\"fa7f9fe\" data-element_type=\"column\" data-e-type=\"column\">\n\t\t\t<div class=\"elementor-widget-wrap elementor-element-populated\">\n\t\t\t\t\t\t<div class=\"elementor-element elementor-element-3e17e47 elementor-widget elementor-widget-grin-promo-teaser-widget\" data-id=\"3e17e47\" data-element_type=\"widget\" data-e-type=\"widget\" data-widget_type=\"grin-promo-teaser-widget.default\">\n\t\t\t\t<div class=\"elementor-widget-container\">\n\t\t\t\t\t<a href=\"https:\/\/www.grin.com\/submission\/upload\/#\/\" class=\"promo-teaser\">\n    <div class=\"background-container\">\n        <div class=\"image-container\"><img decoding=\"async\" width=\"2560\" height=\"1707\" src=\"https:\/\/www.grin.com\/wp-content\/uploads\/2021\/12\/Homeschooling_Englisch_v300436-scaled.jpg\" class=\"attachment-full size-full\" alt=\"\" srcset=\"https:\/\/www.grin.com\/wp-content\/uploads\/2021\/12\/Homeschooling_Englisch_v300436-scaled.jpg 2560w, https:\/\/www.grin.com\/wp-content\/uploads\/2021\/12\/Homeschooling_Englisch_v300436-300x200.jpg 300w, https:\/\/www.grin.com\/wp-content\/uploads\/2021\/12\/Homeschooling_Englisch_v300436-1024x683.jpg 1024w, https:\/\/www.grin.com\/wp-content\/uploads\/2021\/12\/Homeschooling_Englisch_v300436-768x512.jpg 768w, https:\/\/www.grin.com\/wp-content\/uploads\/2021\/12\/Homeschooling_Englisch_v300436-1536x1024.jpg 1536w, https:\/\/www.grin.com\/wp-content\/uploads\/2021\/12\/Homeschooling_Englisch_v300436-2048x1365.jpg 2048w, https:\/\/www.grin.com\/wp-content\/uploads\/2021\/12\/Homeschooling_Englisch_v300436-399x266.jpg 399w, https:\/\/www.grin.com\/wp-content\/uploads\/2021\/12\/Homeschooling_Englisch_v300436-60x40.jpg 60w, https:\/\/www.grin.com\/wp-content\/uploads\/2021\/12\/Homeschooling_Englisch_v300436-533x355.jpg 533w, https:\/\/www.grin.com\/wp-content\/uploads\/2021\/12\/Homeschooling_Englisch_v300436-120x80.jpg 120w, https:\/\/www.grin.com\/wp-content\/uploads\/2021\/12\/Homeschooling_Englisch_v300436-497x331.jpg 497w\" sizes=\"(max-width: 2560px) 100vw, 2560px\" \/><\/div>\n        <div class=\"texts\">\n            <h1 class=\"h1-like\">\u00bfSus textos acad\u00e9micos acumulan polvo? \u00a1Publica ahora en GRIN y gana dinero!<\/h1>\n            \n            \n        <\/div>\n    <\/div>\n<\/a>\t\t\t\t<\/div>\n\t\t\t\t<\/div>\n\t\t\t\t\t<\/div>\n\t\t<\/div>\n\t\t\t\t\t<\/div>\n\t\t<\/section>\n\t\t\t\t<section class=\"elementor-section elementor-top-section elementor-element elementor-element-192b85b elementor-section-boxed elementor-section-height-default elementor-section-height-default\" data-id=\"192b85b\" data-element_type=\"section\" data-e-type=\"section\">\n\t\t\t\t\t\t<div class=\"elementor-container elementor-column-gap-default\">\n\t\t\t\t\t<div class=\"elementor-column elementor-col-100 elementor-top-column elementor-element elementor-element-98cae2b\" data-id=\"98cae2b\" data-element_type=\"column\" data-e-type=\"column\">\n\t\t\t<div class=\"elementor-widget-wrap elementor-element-populated\">\n\t\t\t\t\t\t<div class=\"elementor-element elementor-element-810d19f elementor-widget elementor-widget-text-editor\" data-id=\"810d19f\" data-element_type=\"widget\" data-e-type=\"widget\" data-widget_type=\"text-editor.default\">\n\t\t\t\t<div class=\"elementor-widget-container\">\n\t\t\t\t\t\t\t\t\t<p>El trabajo est\u00e1 escrito y entregado, \u00bfy ahora qu\u00e9? \u00a1No dejes que tu tesis, trabajo de fin de carrera, trabajo acad\u00e9mico, etc. acumule polvo en tu disco duro y sube tus textos en GRIN ahora! Publicamos y vendemos tus trabajos acad\u00e9micos como <strong>e-books y libros<\/strong>. Te beneficiar\u00e1s de <strong>altos honorarios<\/strong> por cada venta.<\/p>\t\t\t\t\t\t\t\t<\/div>\n\t\t\t\t<\/div>\n\t\t\t\t\t<\/div>\n\t\t<\/div>\n\t\t\t\t\t<\/div>\n\t\t<\/section>\n\t\t\t\t<section class=\"elementor-section elementor-top-section elementor-element elementor-element-abee8b0 elementor-section-boxed elementor-section-height-default elementor-section-height-default\" data-id=\"abee8b0\" data-element_type=\"section\" data-e-type=\"section\">\n\t\t\t\t\t\t<div class=\"elementor-container elementor-column-gap-default\">\n\t\t\t\t\t<div class=\"elementor-column elementor-col-100 elementor-top-column elementor-element elementor-element-6cb0ac6\" data-id=\"6cb0ac6\" data-element_type=\"column\" data-e-type=\"column\">\n\t\t\t<div class=\"elementor-widget-wrap elementor-element-populated\">\n\t\t\t\t\t\t<div class=\"elementor-element elementor-element-b278e58 elementor-widget elementor-widget-text-editor\" data-id=\"b278e58\" data-element_type=\"widget\" data-e-type=\"widget\" data-widget_type=\"text-editor.default\">\n\t\t\t\t<div class=\"elementor-widget-container\">\n\t\t\t\t\t\t\t\t\t<p class=\"large\">Sube el texto, selecciona la opci\u00f3n de pago y rel\u00e1jate: Publicar un texto en GRIN es r\u00e1pido y f\u00e1cil.<\/p><ol><li><strong>Reg\u00edstrate gratuitamente y<\/strong><a href=\"https:\/\/www.grin.com\/login\/?utm_source=landingpage&amp;utm_medium=website&amp;utm_campaign=lp_geld-verdienen#account\/document_upload\"> <strong>sube tu documento<\/strong><br \/><\/a>(idealmente en formato Word o PDF). Aqu\u00ed encontrar\u00e1s nuestras <a href=\"https:\/\/www.grin.com\/wp-content\/uploads\/2021\/11\/GRIN_quality-guidelines.pdf\">recomendaciones sobre el contenido y la forma de tu texto<\/a>.<\/li><li><strong>Elige una opci\u00f3n de pago<\/strong>: En GRIN, puedes ganar dinero con cada venta, recibir una tarifa \u00fanica garantizada o publicar en acceso libre. Elige una de las opciones, \u00a1nosotros haremos el resto!<\/li><li><strong>Rel\u00e1jate<\/strong>: Creamos tu e-book y tu libro, cada uno con su propio ISBN, le damos a tu publicaci\u00f3n una portada y publicamos tu texto en nuestra tienda online y en nuestra red de distribuci\u00f3n mundial.<\/li><\/ol>\t\t\t\t\t\t\t\t<\/div>\n\t\t\t\t<\/div>\n\t\t\t\t\t<\/div>\n\t\t<\/div>\n\t\t\t\t\t<\/div>\n\t\t<\/section>\n\t\t\t\t<section class=\"elementor-section elementor-top-section elementor-element elementor-element-6eeedd9e elementor-section-boxed elementor-section-height-default elementor-section-height-default\" data-id=\"6eeedd9e\" data-element_type=\"section\" data-e-type=\"section\">\n\t\t\t\t\t\t<div class=\"elementor-container elementor-column-gap-default\">\n\t\t\t\t\t<div class=\"elementor-column elementor-col-100 elementor-top-column elementor-element elementor-element-7eca152b\" data-id=\"7eca152b\" data-element_type=\"column\" data-e-type=\"column\">\n\t\t\t<div class=\"elementor-widget-wrap elementor-element-populated\">\n\t\t\t\t\t\t<div class=\"elementor-element elementor-element-3628fe8e elementor-align-center elementor-widget elementor-widget-button\" data-id=\"3628fe8e\" data-element_type=\"widget\" data-e-type=\"widget\" data-widget_type=\"button.default\">\n\t\t\t\t<div class=\"elementor-widget-container\">\n\t\t\t\t\t\t\t\t\t<div class=\"elementor-button-wrapper\">\n\t\t\t\t\t<a class=\"elementor-button elementor-button-link elementor-size-xl\" href=\"https:\/\/www.grin.com\/submission\/upload\/#\/\">\n\t\t\t\t\t\t<span class=\"elementor-button-content-wrapper\">\n\t\t\t\t\t\t\t\t\t<span class=\"elementor-button-text\">Haz clic aqu\u00ed para registrarte<\/span>\n\t\t\t\t\t<\/span>\n\t\t\t\t\t<\/a>\n\t\t\t\t<\/div>\n\t\t\t\t\t\t\t\t<\/div>\n\t\t\t\t<\/div>\n\t\t\t\t\t<\/div>\n\t\t<\/div>\n\t\t\t\t\t<\/div>\n\t\t<\/section>\n\t\t\t\t<section class=\"elementor-section elementor-top-section elementor-element elementor-element-69b222a5 elementor-section-boxed elementor-section-height-default elementor-section-height-default\" data-id=\"69b222a5\" data-element_type=\"section\" data-e-type=\"section\">\n\t\t\t\t\t\t<div class=\"elementor-container elementor-column-gap-default\">\n\t\t\t\t\t<div class=\"elementor-column elementor-col-100 elementor-top-column elementor-element elementor-element-2f208919\" data-id=\"2f208919\" data-element_type=\"column\" data-e-type=\"column\">\n\t\t\t<div class=\"elementor-widget-wrap elementor-element-populated\">\n\t\t\t\t\t\t<div class=\"elementor-element elementor-element-41988ba2 elementor-widget elementor-widget-text-editor\" data-id=\"41988ba2\" data-element_type=\"widget\" data-e-type=\"widget\" data-widget_type=\"text-editor.default\">\n\t\t\t\t<div class=\"elementor-widget-container\">\n\t\t\t\t\t\t\t\t\t<h2 class=\"small\">Publique con el mayor proveedor de textos acad\u00e9micos de Alemania<\/h2><p><strong>Ofrecemos&#8230;<\/strong><\/p><ul><li>m\u00e1s de <strong>245.000 e-books y libros<\/strong><\/li><li>Conocimiento de m\u00e1s de <strong>100 campos tem\u00e1ticos<\/strong><\/li><li>20 a\u00f1os <strong>de experiencia editorial<\/strong><\/li><\/ul><p>Y lo m\u00e1s importante, publicamos las obras de m\u00e1s de\u00a0<strong>85.000 autores satisfechos<\/strong>.<\/p>\t\t\t\t\t\t\t\t<\/div>\n\t\t\t\t<\/div>\n\t\t\t\t<div class=\"elementor-element elementor-element-7fe71316 elementor-widget elementor-widget-text-editor\" data-id=\"7fe71316\" data-element_type=\"widget\" data-e-type=\"widget\" data-widget_type=\"text-editor.default\">\n\t\t\t\t<div class=\"elementor-widget-container\">\n\t\t\t\t\t\t\t\t\t<h3 class=\"small\">Cient\u00edficos y estudiantes usan nuestra tienda online para investigar<\/h3>\t\t\t\t\t\t\t\t<\/div>\n\t\t\t\t<\/div>\n\t\t\t\t<div class=\"elementor-element elementor-element-77738b48 elementor-widget elementor-widget-counter\" data-id=\"77738b48\" data-element_type=\"widget\" data-e-type=\"widget\" data-widget_type=\"counter.default\">\n\t\t\t\t<div class=\"elementor-widget-container\">\n\t\t\t\t\t\t\t<div class=\"elementor-counter\">\n\t\t\t<div class=\"elementor-counter-title\">Estudiantes investigan cada d\u00eda en GRIN<\/div>\t\t\t<div class=\"elementor-counter-number-wrapper\">\n\t\t\t\t<span class=\"elementor-counter-number-prefix\"><\/span>\n\t\t\t\t<span class=\"elementor-counter-number\" data-duration=\"2000\" data-to-value=\"52888\" data-from-value=\"0\" data-delimiter=\".\">0<\/span>\n\t\t\t\t<span class=\"elementor-counter-number-suffix\"><\/span>\n\t\t\t<\/div>\n\t\t<\/div>\n\t\t\t\t\t\t<\/div>\n\t\t\t\t<\/div>\n\t\t\t\t\t<\/div>\n\t\t<\/div>\n\t\t\t\t\t<\/div>\n\t\t<\/section>\n\t\t\t\t<section class=\"elementor-section elementor-top-section elementor-element elementor-element-15959a1 elementor-section-boxed elementor-section-height-default elementor-section-height-default\" data-id=\"15959a1\" data-element_type=\"section\" data-e-type=\"section\">\n\t\t\t\t\t\t<div class=\"elementor-container elementor-column-gap-default\">\n\t\t\t\t\t<div class=\"elementor-column elementor-col-100 elementor-top-column elementor-element elementor-element-5524cbe\" data-id=\"5524cbe\" data-element_type=\"column\" data-e-type=\"column\">\n\t\t\t<div class=\"elementor-widget-wrap elementor-element-populated\">\n\t\t\t\t\t\t<div class=\"elementor-element elementor-element-1d47710 elementor-widget elementor-widget-grin-online-widget\" data-id=\"1d47710\" data-element_type=\"widget\" data-e-type=\"widget\" data-widget_type=\"grin-online-widget.default\">\n\t\t\t\t<div class=\"elementor-widget-container\">\n\t\t\t\t\t<div class=\"box online\">\n    <div class=\"contentarea\">\n        <p class=\"small h2-like\">Tus trabajos online en ...<\/p>\n        <div class=\"slider-container\" data-itemsperslide=\"5\" data-itemsperslidemobile=\"1\">\n            <div class=\"slide-item\">\n                <div class=\"generic-slide-content-container\">\n                    <a href=\"https:\/\/www.amazon.de\/s?i=stripbooks&amp;rh=p_30%3AGRIN+Verlag&amp;s=relevancerank&amp;Adv-Srch-Books-Submit.x=66&amp;Adv-Srch-Books-Submit.y=5&amp;__mk_de_DE=%C3%85M%C3%85Z%C3%95%C3%91&amp;unfiltered=1&amp;ref=sr_adv_b\" class=\"logo-container\" target=\"_blank\" rel=\"noopener\">\n                        <img decoding=\"async\" src=\"\/wp-content\/plugins\/vias-grin-elementor-extension\/widgets\/grin-online-widget\/logo-amazon.png\" alt=\"Amazon\">\n                    <\/a>\n                <\/div>\n            <\/div>\n            <div class=\"slide-item\">\n                <div class=\"generic-slide-content-container\">\n                    <a href=\"https:\/\/www.thalia.de\/shop\/home\/mehr-von-suche\/ANY\/sv\/suche.html?mehrVon=GRIN\" class=\"logo-container\" target=\"_blank\" rel=\"noopener\">\n                        <img decoding=\"async\" src=\"\/wp-content\/plugins\/vias-grin-elementor-extension\/widgets\/grin-online-widget\/logo-thalia.png\" alt=\"Thalia\">\n                    <\/a>\n                <\/div>\n            <\/div>\n            <div class=\"slide-item\">\n                <div class=\"generic-slide-content-container\">\n                    <a href=\"https:\/\/books.apple.com\/author\/id1527063355\" class=\"logo-container\" target=\"_blank\" rel=\"noopener\">\n                        <img decoding=\"async\" src=\"\/wp-content\/plugins\/vias-grin-elementor-extension\/widgets\/grin-online-widget\/logo-apple.png\" alt=\"Apple Books\">\n                    <\/a>\n                <\/div>\n            <\/div>\n            <div class=\"slide-item\">\n                <div class=\"generic-slide-content-container\">\n                    <a href=\"https:\/\/play.google.com\/store\/books\/collection\/cluster?clp=ogERCgtHUklOIFZlcmxhZxgBMAU%3D:S:ANO1ljIGl1E&amp;gsr=ChSiAREKC0dSSU4gVmVybGFnGAEwBQ%3D%3D:S:ANO1ljLPVzU\" class=\"logo-container\" target=\"_blank\" rel=\"noopener\">\n                        <img decoding=\"async\" src=\"\/wp-content\/plugins\/vias-grin-elementor-extension\/widgets\/grin-online-widget\/logo-googleplay.png\" alt=\"Google Play\">\n                    <\/a>\n                <\/div>\n            <\/div>\n            <div class=\"slide-item\">\n                <div class=\"generic-slide-content-container\">\n                    <a href=\"https:\/\/www.osiander.de\/webdb\/index.cfm?osiaction=search&amp;startrow=1&amp;maxrows=24&amp;publisher=GRIN%20Verlag&amp;search_uwk&amp;detailsearch\" class=\"logo-container\" target=\"_blank\" rel=\"noopener\">\n                        <img decoding=\"async\" src=\"\/wp-content\/plugins\/vias-grin-elementor-extension\/widgets\/grin-online-widget\/logo-osiander.png\" alt=\"Osiander\">\n                    <\/a>\n                <\/div>\n            <\/div>\n        <\/div>\n    <\/div>\n    <div class=\"control\">\n        <div class=\"tabnav\">\n            <a href=\"#\" class=\"nav nav-previous\">Vorheriges<\/a>\n            <a href=\"#\" class=\"nav nav-next\">N\u00e4chstes<\/a>\n        <\/div>\n    <\/div>\n<\/div>\t\t\t\t<\/div>\n\t\t\t\t<\/div>\n\t\t\t\t\t<\/div>\n\t\t<\/div>\n\t\t\t\t\t<\/div>\n\t\t<\/section>\n\t\t\t\t<section class=\"elementor-section elementor-top-section elementor-element elementor-element-569e0b2d elementor-section-boxed elementor-section-height-default elementor-section-height-default\" data-id=\"569e0b2d\" data-element_type=\"section\" data-e-type=\"section\">\n\t\t\t\t\t\t<div class=\"elementor-container elementor-column-gap-default\">\n\t\t\t\t\t<div class=\"elementor-column elementor-col-100 elementor-top-column elementor-element elementor-element-34c31104\" data-id=\"34c31104\" data-element_type=\"column\" data-e-type=\"column\">\n\t\t\t<div class=\"elementor-widget-wrap elementor-element-populated\">\n\t\t\t\t\t\t<div class=\"elementor-element elementor-element-29b16f84 elementor-align-center elementor-widget elementor-widget-button\" data-id=\"29b16f84\" data-element_type=\"widget\" data-e-type=\"widget\" data-widget_type=\"button.default\">\n\t\t\t\t<div class=\"elementor-widget-container\">\n\t\t\t\t\t\t\t\t\t<div class=\"elementor-button-wrapper\">\n\t\t\t\t\t<a class=\"elementor-button elementor-button-link elementor-size-xl\" href=\"https:\/\/www.grin.com\/submission\/upload\/#\/\">\n\t\t\t\t\t\t<span class=\"elementor-button-content-wrapper\">\n\t\t\t\t\t\t\t\t\t<span class=\"elementor-button-text\">Haz clic aqu\u00ed para registrarte<\/span>\n\t\t\t\t\t<\/span>\n\t\t\t\t\t<\/a>\n\t\t\t\t<\/div>\n\t\t\t\t\t\t\t\t<\/div>\n\t\t\t\t<\/div>\n\t\t\t\t\t<\/div>\n\t\t<\/div>\n\t\t\t\t\t<\/div>\n\t\t<\/section>\n\t\t\t\t<section class=\"elementor-section elementor-top-section elementor-element elementor-element-1518957 elementor-section-boxed elementor-section-height-default elementor-section-height-default\" data-id=\"1518957\" data-element_type=\"section\" data-e-type=\"section\">\n\t\t\t\t\t\t<div class=\"elementor-container elementor-column-gap-default\">\n\t\t\t\t\t<div class=\"elementor-column elementor-col-100 elementor-top-column elementor-element elementor-element-c78863b\" data-id=\"c78863b\" data-element_type=\"column\" data-e-type=\"column\">\n\t\t\t<div class=\"elementor-widget-wrap elementor-element-populated\">\n\t\t\t\t\t\t<div class=\"elementor-element elementor-element-249a346 elementor-widget elementor-widget-global elementor-global-8703 elementor-widget-grin-share-widget\" data-id=\"249a346\" data-element_type=\"widget\" data-e-type=\"widget\" data-widget_type=\"grin-share-widget.default\">\n\t\t\t\t<div class=\"elementor-widget-container\">\n\t\t\t\t\t<div class=\"share\">\n    <div class=\"footer-logo\"><\/div>\n    <div class=\"share-icons\">\n        <div class=\"shariff\" data-backend-url=\"null\" data-button-style=\"icon\" data-mail-url=\"mailto:\" data-services=\"[&quot;twitter&quot;,&quot;facebook&quot;,&quot;mail&quot;,&quot;whatsapp&quot;,&quot;linkedin&quot;]\"><\/div>\n        <div class=\"share-icon\"><a href=\"https:\/\/www.instagram.com\/grin_verlag\/\" target=\"_blank\" class=\"instagram\" rel=\"noopener\">Zu Instagram<\/a><\/div>\n    <\/div>\n<\/div>\t\t\t\t<\/div>\n\t\t\t\t<\/div>\n\t\t\t\t\t<\/div>\n\t\t<\/div>\n\t\t\t\t\t<\/div>\n\t\t<\/section>\n\t\t\t\t<\/div>\n\t\t","protected":false},"excerpt":{"rendered":"<p>\u00bfSus textos acad\u00e9micos acumulan polvo? \u00a1Publica ahora en GRIN y gana dinero! Sube tus textos ahora El trabajo est\u00e1 escrito y entregado, \u00bfy ahora qu\u00e9? \u00a1No dejes que tu tesis, trabajo de fin de carrera, trabajo acad\u00e9mico, etc. acumule polvo en tu disco duro y sube tus textos en GRIN ahora! Publicamos y vendemos tus [&hellip;]<\/p>\n","protected":false},"author":19,"featured_media":0,"parent":0,"menu_order":0,"comment_status":"closed","ping_status":"closed","template":"","meta":{"_acf_changed":false,"_lmt_disableupdate":"","_lmt_disable":"","footnotes":""},"class_list":["post-38195","page","type-page","status-publish","hentry"],"acf":[],"_links":{"self":[{"href":"https:\/\/www.grin.com\/es\/wp-json\/wp\/v2\/pages\/38195","targetHints":{"allow":["GET"]}}],"collection":[{"href":"https:\/\/www.grin.com\/es\/wp-json\/wp\/v2\/pages"}],"about":[{"href":"https:\/\/www.grin.com\/es\/wp-json\/wp\/v2\/types\/page"}],"author":[{"embeddable":true,"href":"https:\/\/www.grin.com\/es\/wp-json\/wp\/v2\/users\/19"}],"replies":[{"embeddable":true,"href":"https:\/\/www.grin.com\/es\/wp-json\/wp\/v2\/comments?post=38195"}],"version-history":[{"count":4,"href":"https:\/\/www.grin.com\/es\/wp-json\/wp\/v2\/pages\/38195\/revisions"}],"predecessor-version":[{"id":38348,"href":"https:\/\/www.grin.com\/es\/wp-json\/wp\/v2\/pages\/38195\/revisions\/38348"}],"wp:attachment":[{"href":"https:\/\/www.grin.com\/es\/wp-json\/wp\/v2\/media?parent=38195"}],"curies":[{"name":"wp","href":"https:\/\/api.w.org\/{rel}","templated":true}]}}