{"id":38200,"date":"2024-05-14T15:22:18","date_gmt":"2024-05-14T13:22:18","guid":{"rendered":"https:\/\/www.grin.com\/investigacion-para-el-trabajo-de-termino-sea\/"},"modified":"2024-05-16T10:11:31","modified_gmt":"2024-05-16T08:11:31","slug":"investigacion-para-el-trabajo-de-termino-sea","status":"publish","type":"page","link":"https:\/\/www.grin.com\/es\/investigacion-para-el-trabajo-de-termino-sea\/","title":{"rendered":"Investigaci\u00f3n para el trabajo de t\u00e9rmino SEA"},"content":{"rendered":"\t\t<div data-elementor-type=\"wp-page\" data-elementor-id=\"38200\" class=\"elementor elementor-38200 elementor-36896\" data-elementor-post-type=\"page\">\n\t\t\t\t\t\t<section class=\"elementor-section elementor-top-section elementor-element elementor-element-585081b elementor-section-boxed elementor-section-height-default elementor-section-height-default\" data-id=\"585081b\" data-element_type=\"section\" data-e-type=\"section\">\n\t\t\t\t\t\t<div class=\"elementor-container elementor-column-gap-default\">\n\t\t\t\t\t<div class=\"elementor-column elementor-col-100 elementor-top-column elementor-element elementor-element-497152e\" data-id=\"497152e\" data-element_type=\"column\" data-e-type=\"column\">\n\t\t\t<div class=\"elementor-widget-wrap elementor-element-populated\">\n\t\t\t\t\t\t<div class=\"elementor-element elementor-element-374f66a elementor-widget elementor-widget-grin-publications-widget\" data-id=\"374f66a\" data-element_type=\"widget\" data-e-type=\"widget\" data-widget_type=\"grin-publications-widget.default\">\n\t\t\t\t<div class=\"elementor-widget-container\">\n\t\t\t\t\t<div class=\"box publications\">\n    <div class=\"contentarea\">\n        <p class=\"h2-like\"><em>Encuentra<\/em> exactamente los textos que buscas...<\/p>\n        <div class=\"search-widget-area\">\n            <div class=\"buttons\">\n                <div class=\"searchtoggle field borders green mobile-only-block\">\n                    <span class=\"icon\"><\/span>\n                <\/div>\n                <form class=\"search field borders green\" action=\"#\">\n                    <input type=\"text\" placeholder=\"Estoy buscando...\" data-widget=\"SearchTagAutocomplete\" class=\"text\"><span class=\"icon\"><\/span>\n                <\/form>\n            <\/div>\n            <a href=\"https:\/\/www.grin.com\/catalog\/\" class=\"link\">Directamente a los textos<\/a>\n        <\/div>\n        <ul class=\"tabheads\" id=\"tabheads\"><\/ul>\n        <div class=\"tabcontents\" id=\"tabcontentswithheads\">\n            <li class=\"tabhead\"><span class=\"tabheadcontent\">\u00daltimas publicaciones<\/span><\/li>\r\n<div class=\"tabcontent\">\r\n    <div class=\"slider-container\" data-itemsperslide=\"4\" data-itemsperslidemobile=\"1\">\r\n        <div class=\"slide-item\">\r\n<div class=\"tabcontent-column\">\r\n<div class=\"tabcontent-column-content-container\"><a href=\"https:\/\/www.grin.com\/document\/1715213\"><img decoding=\"async\" src=\"https:\/\/cdn.openpublishing.com\/images\/cover\/brand\/e-book\/1\/1715213_normal.jpg\" alt=\"Der Einfluss von Dyskalkulie auf sozialen und akademischen Erfolg\" \/><\/a>Der Einfluss von Dyskalkulie auf sozialen und akademischen Erfolg\r\n\r\n<strong>13.99 \u20ac<\/strong>\r\n\r\n<\/div>\r\n<\/div>\r\n<\/div><div class=\"slide-item\">\r\n<div class=\"tabcontent-column\">\r\n<div class=\"tabcontent-column-content-container\"><a href=\"https:\/\/www.grin.com\/document\/1715281\"><img decoding=\"async\" src=\"https:\/\/cdn.openpublishing.com\/images\/cover\/brand\/e-book\/1\/1715281_normal.jpg\" alt=\"Theodor Fontanes \"Effi Briest\" im Hinblick auf Balints Theorie zur 'Angstlust'\" \/><\/a>Theodor Fontanes \"Effi Briest\" im Hinblick auf Balints Theorie zur 'Angstlust'\r\n\r\n<strong>29.99 \u20ac<\/strong>\r\n\r\n<\/div>\r\n<\/div>\r\n<\/div><div class=\"slide-item\">\r\n<div class=\"tabcontent-column\">\r\n<div class=\"tabcontent-column-content-container\"><a href=\"https:\/\/www.grin.com\/document\/1715287\"><img decoding=\"async\" src=\"https:\/\/cdn.openpublishing.com\/images\/cover\/brand\/e-book\/1\/1715287_normal.jpg\" alt=\"Ernst Pinkert und die V\u00f6lkerschauen im Leipziger Zoo\" \/><\/a>Ernst Pinkert und die V\u00f6lkerschauen im Leipziger Zoo\r\n\r\n<strong>36.99 \u20ac<\/strong>\r\n\r\n<\/div>\r\n<\/div>\r\n<\/div><div class=\"slide-item\">\r\n<div class=\"tabcontent-column\">\r\n<div class=\"tabcontent-column-content-container\"><a href=\"https:\/\/www.grin.com\/document\/1715515\"><img decoding=\"async\" src=\"https:\/\/cdn.openpublishing.com\/images\/cover\/brand\/e-book\/1\/1715515_normal.jpg\" alt=\"In Erwartung der Zukunft: Hoffnung in philosophischer Hinsicht\" \/><\/a>In Erwartung der Zukunft: Hoffnung in philosophischer Hinsicht\r\n\r\n<strong>13.99 \u20ac<\/strong>\r\n\r\n<\/div>\r\n<\/div>\r\n<\/div><div class=\"slide-item\">\r\n<div class=\"tabcontent-column\">\r\n<div class=\"tabcontent-column-content-container\"><a href=\"https:\/\/www.grin.com\/document\/1715585\"><img decoding=\"async\" src=\"https:\/\/cdn.openpublishing.com\/images\/cover\/brand\/e-book\/1\/1715585_normal.jpg\" alt=\"Endlich 18 - und wohnungslos? Selbst- und Fremdbild junger wohnungsloser Erwachsener in Nieder\u00f6sterreich\" \/><\/a>Endlich 18 - und wohnungslos? Selbst- und Fremdbild junger wohnungsloser Erwachsener in Nieder\u00f6sterreich\r\n\r\n<strong>36.99 \u20ac<\/strong>\r\n\r\n<\/div>\r\n<\/div>\r\n<\/div><div class=\"slide-item\">\r\n<div class=\"tabcontent-column\">\r\n<div class=\"tabcontent-column-content-container\"><a href=\"https:\/\/www.grin.com\/document\/1715673\"><img decoding=\"async\" src=\"https:\/\/cdn.openpublishing.com\/images\/cover\/brand\/e-book\/1\/1715673_normal.jpg\" alt=\"Analyse der unterschiedlichen Ausbildungsmodelle im Bereich der Notfallsanit\u00e4terausbildung\" \/><\/a>Analyse der unterschiedlichen Ausbildungsmodelle im Bereich der Notfallsanit\u00e4terausbildung\r\n\r\n<strong>18.99 \u20ac<\/strong>\r\n\r\n<\/div>\r\n<\/div>\r\n<\/div><div class=\"slide-item\">\r\n<div class=\"tabcontent-column\">\r\n<div class=\"tabcontent-column-content-container\"><a href=\"https:\/\/www.grin.com\/document\/1715722\"><img decoding=\"async\" src=\"https:\/\/cdn.openpublishing.com\/images\/cover\/brand\/e-book\/1\/1715722_normal.jpg\" alt=\"Advanced Nursing Practice\" \/><\/a>Advanced Nursing Practice\r\n\r\n<strong>36.99 \u20ac<\/strong>\r\n\r\n<\/div>\r\n<\/div>\r\n<\/div><div class=\"slide-item\">\r\n<div class=\"tabcontent-column\">\r\n<div class=\"tabcontent-column-content-container\"><a href=\"https:\/\/www.grin.com\/document\/1715886\"><img decoding=\"async\" src=\"https:\/\/cdn.openpublishing.com\/images\/cover\/brand\/e-book\/1\/1715886_normal.jpg\" alt=\"Die Abgrenzung von Art. 18 Rom I-Verordnung sowie Art. 22 Rom II-Verordnung gegen\u00fcber \u00a7\u00a7 286 und 287 ZPO\" \/><\/a>Die Abgrenzung von Art. 18 Rom I-Verordnung sowie Art. 22 Rom II-Verordnung gegen\u00fcber \u00a7\u00a7 286 und 287 ZPO\r\n\r\n<strong>18.99 \u20ac<\/strong>\r\n\r\n<\/div>\r\n<\/div>\r\n<\/div><div class=\"slide-item\">\r\n<div class=\"tabcontent-column\">\r\n<div class=\"tabcontent-column-content-container\"><a href=\"https:\/\/www.grin.com\/document\/1716163\"><img decoding=\"async\" src=\"https:\/\/cdn.openpublishing.com\/images\/cover\/brand\/e-book\/1\/1716163_normal.jpg\" alt=\"Sprachentwicklung bei Kindern mit Trisomie 21 und besondere M\u00f6glichkeiten der Sprachf\u00f6rderung\" \/><\/a>Sprachentwicklung bei Kindern mit Trisomie 21 und besondere M\u00f6glichkeiten der Sprachf\u00f6rderung\r\n\r\n<strong>15.99 \u20ac<\/strong>\r\n\r\n<\/div>\r\n<\/div>\r\n<\/div><div class=\"slide-item\">\r\n<div class=\"tabcontent-column\">\r\n<div class=\"tabcontent-column-content-container\"><a href=\"https:\/\/www.grin.com\/document\/1716164\"><img decoding=\"async\" src=\"https:\/\/cdn.openpublishing.com\/images\/cover\/brand\/e-book\/1\/1716164_normal.jpg\" alt=\"Bildungsbiographien von Jugendlichen mit Migrationshintergrund aus der Perspektive Betroffener\" \/><\/a>Bildungsbiographien von Jugendlichen mit Migrationshintergrund aus der Perspektive Betroffener\r\n\r\n<strong>36.99 \u20ac<\/strong>\r\n\r\n<\/div>\r\n<\/div>\r\n<\/div>\r\n    <\/div>\r\n<\/div>\n        <\/div>\n        <script>\n            var heads = document.querySelector(\"#tabheads\");\n            var headsincontent = document.querySelector(\"#tabcontentswithheads\");\n            Array.prototype.forEach.call(headsincontent.querySelectorAll(\".tabhead\"), function(e) {\n                heads.appendChild(e);\n            });\n            heads.firstElementChild.classList.add(\"active\");\n            headsincontent.firstElementChild.classList.add(\"active\");\n            headsincontent.id = \"\";\n            heads.id = \"\";\n        <\/script>\n    <\/div>\n    <div class=\"control\">\n        <div class=\"tabnav\">\n            <a href=\"#\" class=\"nav nav-previous\">Vorheriges<\/a>\n            <a href=\"#\" class=\"nav nav-next\">N\u00e4chstes<\/a>\n        <\/div>\n    <\/div>\n<\/div>\t\t\t\t<\/div>\n\t\t\t\t<\/div>\n\t\t\t\t\t<\/div>\n\t\t<\/div>\n\t\t\t\t\t<\/div>\n\t\t<\/section>\n\t\t\t\t<section class=\"elementor-section elementor-top-section elementor-element elementor-element-dd613b2 elementor-section-boxed elementor-section-height-default elementor-section-height-default\" data-id=\"dd613b2\" data-element_type=\"section\" data-e-type=\"section\">\n\t\t\t\t\t\t<div class=\"elementor-container elementor-column-gap-default\">\n\t\t\t\t\t<div class=\"elementor-column elementor-col-100 elementor-top-column elementor-element elementor-element-fa6a0c5\" data-id=\"fa6a0c5\" data-element_type=\"column\" data-e-type=\"column\">\n\t\t\t<div class=\"elementor-widget-wrap\">\n\t\t\t\t\t\t\t<\/div>\n\t\t<\/div>\n\t\t\t\t\t<\/div>\n\t\t<\/section>\n\t\t\t\t<section class=\"elementor-section elementor-top-section elementor-element elementor-element-ddd948e elementor-section-boxed elementor-section-height-default elementor-section-height-default\" data-id=\"ddd948e\" data-element_type=\"section\" data-e-type=\"section\">\n\t\t\t\t\t\t<div class=\"elementor-container elementor-column-gap-default\">\n\t\t\t\t\t<div class=\"elementor-column elementor-col-100 elementor-top-column elementor-element elementor-element-b52823a\" data-id=\"b52823a\" data-element_type=\"column\" data-e-type=\"column\">\n\t\t\t<div class=\"elementor-widget-wrap elementor-element-populated\">\n\t\t\t\t\t\t<div class=\"elementor-element elementor-element-97b1f85 elementor-widget elementor-widget-text-editor\" data-id=\"97b1f85\" data-element_type=\"widget\" data-e-type=\"widget\" data-widget_type=\"text-editor.default\">\n\t\t\t\t<div class=\"elementor-widget-container\">\n\t\t\t\t\t\t\t\t\t<h2 class=\"small\">La investigaci\u00f3n es especialmente f\u00e1cil: nuestros textos gratuitos<\/h2><p>Con casi<a href=\"https:\/\/www.grin.com\/search?display=25&amp;product=ebook&amp;source_type=document&amp;field=title,subtitle,data&amp;price_range_id=1000&amp;sort=date-desc\"><strong>\u00a023.000 textos gratuitos<\/strong><\/a>, GRIN tiene una gran reserva de conocimientos de acceso libre. Puedes leer estos textos al completo en nuestras tiendas y, acceder as\u00ed tambi\u00e9n a muchas bibliograf\u00edas que pueden facilitarte la investigaci\u00f3n adicional sobre tu tema.<\/p>\t\t\t\t\t\t\t\t<\/div>\n\t\t\t\t<\/div>\n\t\t\t\t\t<\/div>\n\t\t<\/div>\n\t\t\t\t\t<\/div>\n\t\t<\/section>\n\t\t\t\t<section class=\"elementor-section elementor-top-section elementor-element elementor-element-8c6520c elementor-section-boxed elementor-section-height-default elementor-section-height-default\" data-id=\"8c6520c\" data-element_type=\"section\" data-e-type=\"section\">\n\t\t\t\t\t\t<div class=\"elementor-container elementor-column-gap-default\">\n\t\t\t\t\t<div class=\"elementor-column elementor-col-100 elementor-top-column elementor-element elementor-element-b8541e3\" data-id=\"b8541e3\" data-element_type=\"column\" data-e-type=\"column\">\n\t\t\t<div class=\"elementor-widget-wrap elementor-element-populated\">\n\t\t\t\t\t\t<div class=\"elementor-element elementor-element-84089b5 elementor-align-center elementor-widget elementor-widget-button\" data-id=\"84089b5\" data-element_type=\"widget\" data-e-type=\"widget\" data-widget_type=\"button.default\">\n\t\t\t\t<div class=\"elementor-widget-container\">\n\t\t\t\t\t\t\t\t\t<div class=\"elementor-button-wrapper\">\n\t\t\t\t\t<a class=\"elementor-button elementor-button-link elementor-size-lg\" href=\"https:\/\/www.grin.com\/search?display=25&#038;product=ebook&#038;source_type=document&#038;field=title,subtitle,data&#038;language_id=16&#038;price_range_id=1000&#038;sort=weight-desc,date-desc\">\n\t\t\t\t\t\t<span class=\"elementor-button-content-wrapper\">\n\t\t\t\t\t\t\t\t\t<span class=\"elementor-button-text\"><strong>Directamente a los textos gratuitos<\/strong><\/span>\n\t\t\t\t\t<\/span>\n\t\t\t\t\t<\/a>\n\t\t\t\t<\/div>\n\t\t\t\t\t\t\t\t<\/div>\n\t\t\t\t<\/div>\n\t\t\t\t\t<\/div>\n\t\t<\/div>\n\t\t\t\t\t<\/div>\n\t\t<\/section>\n\t\t\t\t<section class=\"elementor-section elementor-top-section elementor-element elementor-element-5f53c02 elementor-section-boxed elementor-section-height-default elementor-section-height-default\" data-id=\"5f53c02\" data-element_type=\"section\" data-e-type=\"section\">\n\t\t\t\t\t\t<div class=\"elementor-container elementor-column-gap-default\">\n\t\t\t\t\t<div class=\"elementor-column elementor-col-100 elementor-top-column elementor-element elementor-element-78a9ec7\" data-id=\"78a9ec7\" data-element_type=\"column\" data-e-type=\"column\">\n\t\t\t<div class=\"elementor-widget-wrap elementor-element-populated\">\n\t\t\t\t\t\t<div class=\"elementor-element elementor-element-5b85dd6 elementor-widget elementor-widget-text-editor\" data-id=\"5b85dd6\" data-element_type=\"widget\" data-e-type=\"widget\" data-widget_type=\"text-editor.default\">\n\t\t\t\t<div class=\"elementor-widget-container\">\n\t\t\t\t\t\t\t\t\t<h2 class=\"small\">Especialmente actuales: nuestras tesis finales<\/h2><p>Muchos de nuestros autores nos suben sus tesis inmediatamente despu\u00e9s de haber sido evaluadas. Esto significa que disponemos de los\u00a0<a href=\"https:\/\/www.grin.com\/search?display=25&amp;product=ebook&amp;source_type=document&amp;field=title,subtitle,data&amp;date=2021&amp;document_type=THESIS&amp;sort=date-desc\"><strong>\u00faltimos resultados de investigaci\u00f3n sobre numerosos temas<\/strong><\/a>, recomendaciones de acci\u00f3n bien documentadas para una amplia variedad de problemas y\u00a0<strong>estudios actuales<\/strong>\u00a0con encuestas, entrevistas y estad\u00edsticas. As\u00ed, siempre estar\u00e1s al d\u00eda de todos los temas importantes de tu carrera.<\/p>\t\t\t\t\t\t\t\t<\/div>\n\t\t\t\t<\/div>\n\t\t\t\t\t<\/div>\n\t\t<\/div>\n\t\t\t\t\t<\/div>\n\t\t<\/section>\n\t\t\t\t<section class=\"elementor-section elementor-top-section elementor-element elementor-element-dd5c336 elementor-section-boxed elementor-section-height-default elementor-section-height-default\" data-id=\"dd5c336\" data-element_type=\"section\" data-e-type=\"section\">\n\t\t\t\t\t\t<div class=\"elementor-container elementor-column-gap-default\">\n\t\t\t\t\t<div class=\"elementor-column elementor-col-100 elementor-top-column elementor-element elementor-element-224284c\" data-id=\"224284c\" data-element_type=\"column\" data-e-type=\"column\">\n\t\t\t<div class=\"elementor-widget-wrap elementor-element-populated\">\n\t\t\t\t\t\t<div class=\"elementor-element elementor-element-c7bbde8 elementor-align-center elementor-widget elementor-widget-button\" data-id=\"c7bbde8\" data-element_type=\"widget\" data-e-type=\"widget\" data-widget_type=\"button.default\">\n\t\t\t\t<div class=\"elementor-widget-container\">\n\t\t\t\t\t\t\t\t\t<div class=\"elementor-button-wrapper\">\n\t\t\t\t\t<a class=\"elementor-button elementor-button-link elementor-size-lg\" href=\"https:\/\/www.grin.com\/search?display=25&#038;product=ebook&#038;source_type=document&#038;field=title,subtitle,data&#038;language_id=16&#038;date=2019&#038;document_type=THESIS&#038;sort=weight-desc,date-desc\">\n\t\t\t\t\t\t<span class=\"elementor-button-content-wrapper\">\n\t\t\t\t\t\t\t\t\t<span class=\"elementor-button-text\"><strong>Nuestras \u00faltimas tesis<\/strong><\/span>\n\t\t\t\t\t<\/span>\n\t\t\t\t\t<\/a>\n\t\t\t\t<\/div>\n\t\t\t\t\t\t\t\t<\/div>\n\t\t\t\t<\/div>\n\t\t\t\t\t<\/div>\n\t\t<\/div>\n\t\t\t\t\t<\/div>\n\t\t<\/section>\n\t\t\t\t<section class=\"elementor-section elementor-top-section elementor-element elementor-element-82b0276 elementor-section-boxed elementor-section-height-default elementor-section-height-default\" data-id=\"82b0276\" data-element_type=\"section\" data-e-type=\"section\">\n\t\t\t\t\t\t<div class=\"elementor-container elementor-column-gap-default\">\n\t\t\t\t\t<div class=\"elementor-column elementor-col-100 elementor-top-column elementor-element elementor-element-c28614d\" data-id=\"c28614d\" data-element_type=\"column\" data-e-type=\"column\">\n\t\t\t<div class=\"elementor-widget-wrap elementor-element-populated\">\n\t\t\t\t\t\t<div class=\"elementor-element elementor-element-e0920d7 elementor-widget elementor-widget-grin-promo-teaser-widget\" data-id=\"e0920d7\" data-element_type=\"widget\" data-e-type=\"widget\" data-widget_type=\"grin-promo-teaser-widget.default\">\n\t\t\t\t<div class=\"elementor-widget-container\">\n\t\t\t\t\t<a href=\"https:\/\/www.grin.com\/catalog\/\" class=\"promo-teaser\">\r\n    <div class=\"background-container\">\r\n        <div class=\"image-container\"><img decoding=\"async\" width=\"1023\" height=\"540\" src=\"https:\/\/www.grin.com\/wp-content\/uploads\/2023\/10\/Recherche_SEA-Header.jpg\" class=\"attachment-full size-full\" alt=\"Frau arbeitet am Laptop im Caf\u00e9.\" srcset=\"https:\/\/www.grin.com\/wp-content\/uploads\/2023\/10\/Recherche_SEA-Header.jpg 1023w, https:\/\/www.grin.com\/wp-content\/uploads\/2023\/10\/Recherche_SEA-Header-300x158.jpg 300w, https:\/\/www.grin.com\/wp-content\/uploads\/2023\/10\/Recherche_SEA-Header-768x405.jpg 768w\" sizes=\"(max-width: 1023px) 100vw, 1023px\" \/><\/div>\r\n        <div class=\"texts\">\r\n            <h1 class=\"h1-like\">Investigaci\u00f3n y b\u00fasqueda de temas para trabajos acad\u00e9micos<\/h1>\r\n            <p class=\"h2-like\">Una etapa esencial del estudio<\/p>\r\n            \r\n        <\/div>\r\n    <\/div>\r\n<\/a>\t\t\t\t<\/div>\n\t\t\t\t<\/div>\n\t\t\t\t\t<\/div>\n\t\t<\/div>\n\t\t\t\t\t<\/div>\n\t\t<\/section>\n\t\t\t\t<section class=\"elementor-section elementor-top-section elementor-element elementor-element-50a3828 elementor-section-boxed elementor-section-height-default elementor-section-height-default\" data-id=\"50a3828\" data-element_type=\"section\" data-e-type=\"section\">\n\t\t\t\t\t\t<div class=\"elementor-container elementor-column-gap-default\">\n\t\t\t\t\t<div class=\"elementor-column elementor-col-100 elementor-top-column elementor-element elementor-element-ed8fec4\" data-id=\"ed8fec4\" data-element_type=\"column\" data-e-type=\"column\">\n\t\t\t<div class=\"elementor-widget-wrap elementor-element-populated\">\n\t\t\t\t\t\t<div class=\"elementor-element elementor-element-f68a0d8 elementor-widget elementor-widget-grin-pros-widget\" data-id=\"f68a0d8\" data-element_type=\"widget\" data-e-type=\"widget\" data-widget_type=\"grin-pros-widget.default\">\n\t\t\t\t<div class=\"elementor-widget-container\">\n\t\t\t\t\t<div class=\"box-heading\"><h2 class=\"small\">As\u00ed de f\u00e1cil es investigar\u00a0<em>con GRIN\u00a0<\/em><\/h2><\/div>\r\n<div class=\"box pros\">\r\n    <div class=\"contentarea\">\r\n        <div class=\"tabcontent active\">\r\n            <div class=\"slider-container\"><div class=\"slide-item stacked-content\">\r\n    <div class=\"slide-title small\">Siempre los \u00faltimos resultados cient\u00edficos<\/div>\r\n    <div class=\"columns-container\">\r\n        <div class=\"tabcontent-column\">\r\n            <img decoding=\"async\" src=\"https:\/\/www.grin.com\/wp-content\/uploads\/2020\/10\/illu_vt_forschungsergebnisse-1.svg\" class=\"attachment-full size-full\" alt=\"\" \/>\r\n        <\/div>\r\n        <div class=\"tabcontent-column\">\r\n            <div class=\"tabcontent-column-content-container\"><p class=\"large\">Mantente informado en tu campo de especializaci\u00f3n<\/p><p>GRIN publica conocimientos acad\u00e9micos directamente desde la universidad. As\u00ed encontrar\u00e1s siempre los \u00faltimos resultados de las investigaci\u00f3nes de tu campo.<\/p><\/div>\r\n        <\/div>\r\n    <\/div>\r\n<\/div><div class=\"slide-item stacked-content\">\r\n    <div class=\"slide-title small\">Acceso r\u00e1pido y f\u00e1cil<\/div>\r\n    <div class=\"columns-container\">\r\n        <div class=\"tabcontent-column\">\r\n            <img decoding=\"async\" src=\"https:\/\/www.grin.com\/wp-content\/uploads\/2020\/10\/illu_vt_voe_schnell-1.svg\" class=\"attachment-full size-full\" alt=\"\" \/>\r\n        <\/div>\r\n        <div class=\"tabcontent-column\">\r\n            <div class=\"tabcontent-column-content-container\"><p class=\"large\">Tu conexi\u00f3n con universidades de todo el mundo<\/p><p>GRIN facilita la investigaci\u00f3n con una tienda claramente organizada, una b\u00fasqueda tem\u00e1tica espec\u00edfica e investigaci\u00f3nes en libros similares. Para que puedas encontrar r\u00e1pidamente lo que buscas.<\/p><\/div>\r\n        <\/div>\r\n    <\/div>\r\n<\/div><div class=\"slide-item stacked-content\">\r\n    <div class=\"slide-title small\">M\u00e1s de 200.000 textos de m\u00e1s de 100 campos<\/div>\r\n    <div class=\"columns-container\">\r\n        <div class=\"tabcontent-column\">\r\n            <img decoding=\"async\" src=\"https:\/\/www.grin.com\/wp-content\/uploads\/2020\/10\/illu_vt_professionelles_tb-1.svg\" class=\"attachment-full size-full\" alt=\"\" \/>\r\n        <\/div>\r\n        <div class=\"tabcontent-column\">\r\n            <div class=\"tabcontent-column-content-container\"><p class=\"large\">Investiga temas generales y muy especializados<\/p><p>Aprovecha nuestra gran oferta de publicaciones. En GRIN encontrar\u00e1s de todo, desde res\u00famenes generales hasta temas individuales espec\u00edficos.<\/p><\/div>\r\n        <\/div>\r\n    <\/div>\r\n<\/div><div class=\"slide-item stacked-content\">\r\n    <div class=\"slide-title small\">Descarga inmediata de e-books<\/div>\r\n    <div class=\"columns-container\">\r\n        <div class=\"tabcontent-column\">\r\n            <img decoding=\"async\" src=\"https:\/\/www.grin.com\/wp-content\/uploads\/2020\/10\/illu_vt_downloads-2.svg\" class=\"attachment-full size-full\" alt=\"\" \/>\r\n        <\/div>\r\n        <div class=\"tabcontent-column\">\r\n            <div class=\"tabcontent-column-content-container\"><p class=\"large\">Nuestros e-books est\u00e1n disponibles para descarga directa<\/p><p>Puedes descargar nuestros libros electr\u00f3nicos tantas veces como quiera inmediatamente despu\u00e9s de la compra y en todos los formatos disponibles. Tampoco hay problema para guardarlos e imprimirlos.<\/p><\/div>\r\n        <\/div>\r\n    <\/div>\r\n<\/div><div class=\"slide-item stacked-content\">\r\n    <div class=\"slide-title small\">\u00a1Todo para tus estudios!<\/div>\r\n    <div class=\"columns-container\">\r\n        <div class=\"tabcontent-column\">\r\n            <img decoding=\"async\" src=\"https:\/\/www.grin.com\/wp-content\/uploads\/2020\/10\/illu_vt_services-1.svg\" class=\"attachment-full size-full\" alt=\"\" \/>\r\n        <\/div>\r\n        <div class=\"tabcontent-column\">\r\n            <div class=\"tabcontent-column-content-container\"><p class=\"large\">Contenido profesional y consejos y trucos valiosos<\/p><p>En GRIN encontrar\u00e1s conocimientos de todas las disciplinas cient\u00edficas. Adem\u00e1s de plantillas para trabajos acad\u00e9micos, instrucciones para la escritura acad\u00e9mica y consejos de nuestro equipo editorial.<\/p><\/div>\r\n        <\/div>\r\n    <\/div>\r\n<\/div><\/div>\r\n        <\/div>\r\n    <\/div>\r\n    <div class=\"control\">\r\n        <div class=\"buttons\">\r\n            <a class=\"publish field borders green\" href=\"https:\/\/www.grin.com\/catalog\/\">\r\n                <span class=\"text\">\r\n                    <span class=\"text-content-container\">Investiga ahora sobre GRIN<\/span>\r\n                <\/span><span class=\"icon\"><\/span>\r\n            <\/a>\r\n        <\/div>\r\n        <div class=\"tabnav\">\r\n            <a href=\"#\" class=\"nav nav-previous\">Vorheriges<\/a>\r\n            <a href=\"#\" class=\"nav nav-next\">N\u00e4chstes<\/a>\r\n        <\/div>\r\n    <\/div>\r\n<\/div>\t\t\t\t<\/div>\n\t\t\t\t<\/div>\n\t\t\t\t\t<\/div>\n\t\t<\/div>\n\t\t\t\t\t<\/div>\n\t\t<\/section>\n\t\t\t\t<\/div>\n\t\t","protected":false},"excerpt":{"rendered":"<p>Encuentra exactamente los textos que buscas&#8230; Directamente a los textos \u00daltimas publicaciones Der Einfluss von Dyskalkulie auf sozialen und akademischen Erfolg 13.99 \u20ac Theodor Fontanes &#8220;Effi Briest&#8221; im Hinblick auf Balints Theorie zur &#8216;Angstlust&#8217; 29.99 \u20ac Ernst Pinkert und die V\u00f6lkerschauen im Leipziger Zoo 36.99 \u20ac In Erwartung der Zukunft: Hoffnung in philosophischer Hinsicht 13.99 [&hellip;]<\/p>\n","protected":false},"author":19,"featured_media":0,"parent":0,"menu_order":0,"comment_status":"closed","ping_status":"closed","template":"","meta":{"_acf_changed":false,"_lmt_disableupdate":"","_lmt_disable":"","footnotes":""},"class_list":["post-38200","page","type-page","status-publish","hentry"],"acf":[],"_links":{"self":[{"href":"https:\/\/www.grin.com\/es\/wp-json\/wp\/v2\/pages\/38200","targetHints":{"allow":["GET"]}}],"collection":[{"href":"https:\/\/www.grin.com\/es\/wp-json\/wp\/v2\/pages"}],"about":[{"href":"https:\/\/www.grin.com\/es\/wp-json\/wp\/v2\/types\/page"}],"author":[{"embeddable":true,"href":"https:\/\/www.grin.com\/es\/wp-json\/wp\/v2\/users\/19"}],"replies":[{"embeddable":true,"href":"https:\/\/www.grin.com\/es\/wp-json\/wp\/v2\/comments?post=38200"}],"version-history":[{"count":4,"href":"https:\/\/www.grin.com\/es\/wp-json\/wp\/v2\/pages\/38200\/revisions"}],"predecessor-version":[{"id":38354,"href":"https:\/\/www.grin.com\/es\/wp-json\/wp\/v2\/pages\/38200\/revisions\/38354"}],"wp:attachment":[{"href":"https:\/\/www.grin.com\/es\/wp-json\/wp\/v2\/media?parent=38200"}],"curies":[{"name":"wp","href":"https:\/\/api.w.org\/{rel}","templated":true}]}}