{"id":38358,"date":"2024-05-16T10:35:00","date_gmt":"2024-05-16T08:35:00","guid":{"rendered":"https:\/\/www.grin.com\/libro-electronico-de-autopublicacion\/"},"modified":"2024-05-16T16:25:20","modified_gmt":"2024-05-16T14:25:20","slug":"libro-electronico-de-autopublicacion","status":"publish","type":"page","link":"https:\/\/www.grin.com\/es\/libro-electronico-de-autopublicacion\/","title":{"rendered":"Libro electr\u00f3nico de autopublicaci\u00f3n"},"content":{"rendered":"\t\t<div data-elementor-type=\"wp-page\" data-elementor-id=\"38358\" class=\"elementor elementor-38358 elementor-29203\" data-elementor-post-type=\"page\">\n\t\t\t\t\t\t<section class=\"elementor-section elementor-top-section elementor-element elementor-element-9ff4565 elementor-section-boxed elementor-section-height-default elementor-section-height-default\" data-id=\"9ff4565\" data-element_type=\"section\" data-e-type=\"section\">\n\t\t\t\t\t\t<div class=\"elementor-container elementor-column-gap-default\">\n\t\t\t\t\t<div class=\"elementor-column elementor-col-100 elementor-top-column elementor-element elementor-element-6ecea32\" data-id=\"6ecea32\" data-element_type=\"column\" data-e-type=\"column\">\n\t\t\t<div class=\"elementor-widget-wrap elementor-element-populated\">\n\t\t\t\t\t\t<div class=\"elementor-element elementor-element-a30d049 elementor-widget elementor-widget-grin-promo-teaser-widget\" data-id=\"a30d049\" data-element_type=\"widget\" data-e-type=\"widget\" data-widget_type=\"grin-promo-teaser-widget.default\">\n\t\t\t\t<div class=\"elementor-widget-container\">\n\t\t\t\t\t<a href=\"https:\/\/www.grin.com\/submission\/upload\/#\/\" class=\"promo-teaser\">\r\n    <div class=\"background-container\">\r\n        <div class=\"image-container\"><img decoding=\"async\" width=\"960\" height=\"540\" src=\"https:\/\/www.grin.com\/wp-content\/uploads\/2022\/05\/Student_Muetze_2-1.jpg\" class=\"attachment-full size-full\" alt=\"Bild eines Studenten mit gr\u00fcner M\u00fctze am Laptop\" srcset=\"https:\/\/www.grin.com\/wp-content\/uploads\/2022\/05\/Student_Muetze_2-1.jpg 960w, https:\/\/www.grin.com\/wp-content\/uploads\/2022\/05\/Student_Muetze_2-1-300x169.jpg 300w, https:\/\/www.grin.com\/wp-content\/uploads\/2022\/05\/Student_Muetze_2-1-768x432.jpg 768w, https:\/\/www.grin.com\/wp-content\/uploads\/2022\/05\/Student_Muetze_2-1-473x266.jpg 473w, https:\/\/www.grin.com\/wp-content\/uploads\/2022\/05\/Student_Muetze_2-1-60x34.jpg 60w, https:\/\/www.grin.com\/wp-content\/uploads\/2022\/05\/Student_Muetze_2-1-631x355.jpg 631w, https:\/\/www.grin.com\/wp-content\/uploads\/2022\/05\/Student_Muetze_2-1-120x68.jpg 120w, https:\/\/www.grin.com\/wp-content\/uploads\/2022\/05\/Student_Muetze_2-1-588x331.jpg 588w\" sizes=\"(max-width: 960px) 100vw, 960px\" title=\"\"><\/div>\r\n        <div class=\"texts\">\r\n            <h1 class=\"h1-like\">Su propio e-book en pocos pasos<\/h1>\r\n            \r\n            \r\n        <\/div>\r\n    <\/div>\r\n<\/a>\t\t\t\t<\/div>\n\t\t\t\t<\/div>\n\t\t\t\t\t<\/div>\n\t\t<\/div>\n\t\t\t\t\t<\/div>\n\t\t<\/section>\n\t\t\t\t<section class=\"elementor-section elementor-top-section elementor-element elementor-element-5909df9 elementor-section-boxed elementor-section-height-default elementor-section-height-default\" data-id=\"5909df9\" data-element_type=\"section\" data-e-type=\"section\">\n\t\t\t\t\t\t<div class=\"elementor-container elementor-column-gap-default\">\n\t\t\t\t\t<div class=\"elementor-column elementor-col-100 elementor-top-column elementor-element elementor-element-c84a575\" data-id=\"c84a575\" data-element_type=\"column\" data-e-type=\"column\">\n\t\t\t<div class=\"elementor-widget-wrap elementor-element-populated\">\n\t\t\t\t\t\t<div class=\"elementor-element elementor-element-a634758 elementor-widget elementor-widget-text-editor\" data-id=\"a634758\" data-element_type=\"widget\" data-e-type=\"widget\" data-widget_type=\"text-editor.default\">\n\t\t\t\t<div class=\"elementor-widget-container\">\n\t\t\t\t\t\t\t\t\t<p>\u00bfSiempre has so\u00f1ado con publicar tu propio libro? Entonces, \u00a1ponte manos a la obra! Es m\u00e1s f\u00e1cil de lo que crees.<\/p>\t\t\t\t\t\t\t\t<\/div>\n\t\t\t\t<\/div>\n\t\t\t\t\t<\/div>\n\t\t<\/div>\n\t\t\t\t\t<\/div>\n\t\t<\/section>\n\t\t\t\t<section class=\"elementor-section elementor-top-section elementor-element elementor-element-5b622cb elementor-section-boxed elementor-section-height-default elementor-section-height-default\" data-id=\"5b622cb\" data-element_type=\"section\" data-e-type=\"section\">\n\t\t\t\t\t\t<div class=\"elementor-container elementor-column-gap-default\">\n\t\t\t\t\t<div class=\"elementor-column elementor-col-100 elementor-top-column elementor-element elementor-element-40e1fd2\" data-id=\"40e1fd2\" data-element_type=\"column\" data-e-type=\"column\">\n\t\t\t<div class=\"elementor-widget-wrap elementor-element-populated\">\n\t\t\t\t\t\t<div class=\"elementor-element elementor-element-e6f60ef elementor-widget elementor-widget-text-editor\" data-id=\"e6f60ef\" data-element_type=\"widget\" data-e-type=\"widget\" data-widget_type=\"text-editor.default\">\n\t\t\t\t<div class=\"elementor-widget-container\">\n\t\t\t\t\t\t\t\t\t<p class=\"large\">Sube el texto, selecciona la opci\u00f3n de pago y rel\u00e1jate: Publicar un texto en GRIN es r\u00e1pido y f\u00e1cil.<\/p><ol><li><strong>Reg\u00edstrate gratuitamente y<\/strong><a href=\"https:\/\/www.grin.com\/login\/?utm_source=landingpage&amp;utm_medium=website&amp;utm_campaign=lp_geld-verdienen#account\/document_upload\">\u00a0<strong>sube tu archivo<\/strong><br \/><\/a>(idealmente en formato Word o PDF). Aqu\u00ed encontrar\u00e1s nuestras\u00a0<a href=\"https:\/\/www.grin.com\/wp-content\/uploads\/2021\/11\/GRIN_quality-guidelines.pdf\">recomendaciones sobre el contenido y la forma de tu texto<\/a>.<\/li><li><strong>Elige una opci\u00f3n de pago<\/strong>: En GRIN, puedes ganar dinero con cada venta, recibir una tarifa \u00fanica garantizada o publicar en acceso libre. Elige una de las opciones, \u00a1nosotros hacemos el resto!<\/li><li><strong>Rel\u00e1jate<\/strong>: Creamos tu e-book y tu libro, cada uno con su propio ISBN, le damos a tu publicaci\u00f3n una portada y publicamos tu texto en nuestra tienda online y en nuestra red de distribuci\u00f3n mundial.<\/li><\/ol>\t\t\t\t\t\t\t\t<\/div>\n\t\t\t\t<\/div>\n\t\t\t\t\t<\/div>\n\t\t<\/div>\n\t\t\t\t\t<\/div>\n\t\t<\/section>\n\t\t\t\t<section class=\"elementor-section elementor-top-section elementor-element elementor-element-276f5466 elementor-section-boxed elementor-section-height-default elementor-section-height-default\" data-id=\"276f5466\" data-element_type=\"section\" data-e-type=\"section\">\n\t\t\t\t\t\t<div class=\"elementor-container elementor-column-gap-default\">\n\t\t\t\t\t<div class=\"elementor-column elementor-col-100 elementor-top-column elementor-element elementor-element-410c1015\" data-id=\"410c1015\" data-element_type=\"column\" data-e-type=\"column\">\n\t\t\t<div class=\"elementor-widget-wrap elementor-element-populated\">\n\t\t\t\t\t\t<div class=\"elementor-element elementor-element-2cb7c84 elementor-widget elementor-widget-text-editor\" data-id=\"2cb7c84\" data-element_type=\"widget\" data-e-type=\"widget\" data-widget_type=\"text-editor.default\">\n\t\t\t\t<div class=\"elementor-widget-container\">\n\t\t\t\t\t\t\t\t\t<p>Con GRIN haces que tu texto sea visible. Publicamos nuestros e-books y libros impresos en m\u00e1s de 300 tiendas online de todo el mundo y nos aseguramos de que tu t\u00edtulo se posicione bien en los motores de b\u00fasqueda como Google optimizando tu t\u00edtulo y la breve descripci\u00f3n de tu texto y, si es necesario, a\u00f1adiendo palabras clave importantes.<\/p><ul><li>Nuestros t\u00edtulos GRIN est\u00e1n tan bien representados en los resultados de b\u00fasqueda de Google que nuestra visibilidad puede competir con la presencia en l\u00ednea de una empresa de automoci\u00f3n mediana.<\/li><li>En nuestro sitio web, tenemos una media de 4 millones de p\u00e1ginas vistas por mes.<\/li><li>M\u00e1s de 2 millones de palabras clave aparecen en la p\u00e1gina 1 de Google.<\/li><li>Nuestra red mundial de ventas incluye m\u00e1s de 300 tiendas online.<\/li><\/ul>\t\t\t\t\t\t\t\t<\/div>\n\t\t\t\t<\/div>\n\t\t\t\t<div class=\"elementor-element elementor-element-7d30bf4b elementor-widget elementor-widget-counter\" data-id=\"7d30bf4b\" data-element_type=\"widget\" data-e-type=\"widget\" data-widget_type=\"counter.default\">\n\t\t\t\t<div class=\"elementor-widget-container\">\n\t\t\t\t\t\t\t<div class=\"elementor-counter\">\n\t\t\t<div class=\"elementor-counter-title\">P\u00e1ginas vistas al mes<\/div>\t\t\t<div class=\"elementor-counter-number-wrapper\">\n\t\t\t\t<span class=\"elementor-counter-number-prefix\"><\/span>\n\t\t\t\t<span class=\"elementor-counter-number\" data-duration=\"2000\" data-to-value=\"4\" data-from-value=\"0\" data-delimiter=\".\">0<\/span>\n\t\t\t\t<span class=\"elementor-counter-number-suffix\">  Mill\u00f3n.<\/span>\n\t\t\t<\/div>\n\t\t<\/div>\n\t\t\t\t\t\t<\/div>\n\t\t\t\t<\/div>\n\t\t\t\t<div class=\"elementor-element elementor-element-69f9e42b elementor-widget elementor-widget-counter\" data-id=\"69f9e42b\" data-element_type=\"widget\" data-e-type=\"widget\" data-widget_type=\"counter.default\">\n\t\t\t\t<div class=\"elementor-widget-container\">\n\t\t\t\t\t\t\t<div class=\"elementor-counter\">\n\t\t\t<div class=\"elementor-counter-title\">Palabras clave en la p\u00e1gina 1 de Google<\/div>\t\t\t<div class=\"elementor-counter-number-wrapper\">\n\t\t\t\t<span class=\"elementor-counter-number-prefix\">m\u00e1s de <\/span>\n\t\t\t\t<span class=\"elementor-counter-number\" data-duration=\"2000\" data-to-value=\"2\" data-from-value=\"0\" data-delimiter=\",\">0<\/span>\n\t\t\t\t<span class=\"elementor-counter-number-suffix\">  Mill\u00f3n.<\/span>\n\t\t\t<\/div>\n\t\t<\/div>\n\t\t\t\t\t\t<\/div>\n\t\t\t\t<\/div>\n\t\t\t\t<div class=\"elementor-element elementor-element-399a31e6 elementor-widget elementor-widget-counter\" data-id=\"399a31e6\" data-element_type=\"widget\" data-e-type=\"widget\" data-widget_type=\"counter.default\">\n\t\t\t\t<div class=\"elementor-widget-container\">\n\t\t\t\t\t\t\t<div class=\"elementor-counter\">\n\t\t\t<div class=\"elementor-counter-title\">Tiendas online en todo el mundo<\/div>\t\t\t<div class=\"elementor-counter-number-wrapper\">\n\t\t\t\t<span class=\"elementor-counter-number-prefix\">m\u00e1s de <\/span>\n\t\t\t\t<span class=\"elementor-counter-number\" data-duration=\"2000\" data-to-value=\"300\" data-from-value=\"0\" data-delimiter=\",\">0<\/span>\n\t\t\t\t<span class=\"elementor-counter-number-suffix\"><\/span>\n\t\t\t<\/div>\n\t\t<\/div>\n\t\t\t\t\t\t<\/div>\n\t\t\t\t<\/div>\n\t\t\t\t<div class=\"elementor-element elementor-element-3c5b1dc elementor-widget elementor-widget-global elementor-global-9903 elementor-global-918 elementor-widget-grin-online-widget\" data-id=\"3c5b1dc\" data-element_type=\"widget\" data-e-type=\"widget\" data-widget_type=\"grin-online-widget.default\">\n\t\t\t\t<div class=\"elementor-widget-container\">\n\t\t\t\t\t<div class=\"box online\">\n    <div class=\"contentarea\">\n        <p class=\"small h2-like\">Sus trabajos en l\u00ednea en ...<\/p>\n        <div class=\"slider-container\" data-itemsperslide=\"5\" data-itemsperslidemobile=\"1\">\n            <div class=\"slide-item\">\n                <div class=\"generic-slide-content-container\">\n                    <a href=\"https:\/\/www.amazon.de\/s?i=stripbooks&amp;rh=p_30%3AGRIN+Verlag&amp;s=relevancerank&amp;Adv-Srch-Books-Submit.x=66&amp;Adv-Srch-Books-Submit.y=5&amp;__mk_de_DE=%C3%85M%C3%85Z%C3%95%C3%91&amp;unfiltered=1&amp;ref=sr_adv_b\" class=\"logo-container\" target=\"_blank\" rel=\"noopener\">\n                        <img decoding=\"async\" src=\"\/wp-content\/plugins\/vias-grin-elementor-extension\/widgets\/grin-online-widget\/logo-amazon.png\" alt=\"Amazon\" title=\"\">\n                    <\/a>\n                <\/div>\n            <\/div>\n            <div class=\"slide-item\">\n                <div class=\"generic-slide-content-container\">\n                    <a href=\"https:\/\/www.thalia.de\/shop\/home\/mehr-von-suche\/ANY\/sv\/suche.html?mehrVon=GRIN\" class=\"logo-container\" target=\"_blank\" rel=\"noopener\">\n                        <img decoding=\"async\" src=\"\/wp-content\/plugins\/vias-grin-elementor-extension\/widgets\/grin-online-widget\/logo-thalia.png\" alt=\"Thalia\" title=\"\">\n                    <\/a>\n                <\/div>\n            <\/div>\n            <div class=\"slide-item\">\n                <div class=\"generic-slide-content-container\">\n                    <a href=\"https:\/\/books.apple.com\/author\/id1527063355\" class=\"logo-container\" target=\"_blank\" rel=\"noopener\">\n                        <img decoding=\"async\" src=\"\/wp-content\/plugins\/vias-grin-elementor-extension\/widgets\/grin-online-widget\/logo-apple.png\" alt=\"Apple Books\" title=\"\">\n                    <\/a>\n                <\/div>\n            <\/div>\n            <div class=\"slide-item\">\n                <div class=\"generic-slide-content-container\">\n                    <a href=\"https:\/\/play.google.com\/store\/books\/collection\/cluster?clp=ogERCgtHUklOIFZlcmxhZxgBMAU%3D:S:ANO1ljIGl1E&amp;gsr=ChSiAREKC0dSSU4gVmVybGFnGAEwBQ%3D%3D:S:ANO1ljLPVzU\" class=\"logo-container\" target=\"_blank\" rel=\"noopener\">\n                        <img decoding=\"async\" src=\"\/wp-content\/plugins\/vias-grin-elementor-extension\/widgets\/grin-online-widget\/logo-googleplay.png\" alt=\"Google Play\" title=\"\">\n                    <\/a>\n                <\/div>\n            <\/div>\n            <div class=\"slide-item\">\n                <div class=\"generic-slide-content-container\">\n                    <a href=\"https:\/\/www.osiander.de\/webdb\/index.cfm?osiaction=search&amp;startrow=1&amp;maxrows=24&amp;publisher=GRIN%20Verlag&amp;search_uwk&amp;detailsearch\" class=\"logo-container\" target=\"_blank\" rel=\"noopener\">\n                        <img decoding=\"async\" src=\"\/wp-content\/plugins\/vias-grin-elementor-extension\/widgets\/grin-online-widget\/logo-osiander.png\" alt=\"Osiander\" title=\"\">\n                    <\/a>\n                <\/div>\n            <\/div>\n        <\/div>\n    <\/div>\n    <div class=\"control\">\n        <div class=\"tabnav\">\n            <a href=\"#\" class=\"nav nav-previous\">Vorheriges<\/a>\n            <a href=\"#\" class=\"nav nav-next\">N\u00e4chstes<\/a>\n        <\/div>\n    <\/div>\n<\/div>\t\t\t\t<\/div>\n\t\t\t\t<\/div>\n\t\t\t\t\t<\/div>\n\t\t<\/div>\n\t\t\t\t\t<\/div>\n\t\t<\/section>\n\t\t\t\t<section class=\"elementor-section elementor-top-section elementor-element elementor-element-6ec8437 elementor-section-boxed elementor-section-height-default elementor-section-height-default\" data-id=\"6ec8437\" data-element_type=\"section\" data-e-type=\"section\">\n\t\t\t\t\t\t<div class=\"elementor-container elementor-column-gap-default\">\n\t\t\t\t\t<div class=\"elementor-column elementor-col-100 elementor-top-column elementor-element elementor-element-9bef078\" data-id=\"9bef078\" data-element_type=\"column\" data-e-type=\"column\">\n\t\t\t<div class=\"elementor-widget-wrap elementor-element-populated\">\n\t\t\t\t\t\t<div class=\"elementor-element elementor-element-08d494f elementor-widget elementor-widget-text-editor\" data-id=\"08d494f\" data-element_type=\"widget\" data-e-type=\"widget\" data-widget_type=\"text-editor.default\">\n\t\t\t\t<div class=\"elementor-widget-container\">\n\t\t\t\t\t\t\t\t\t<p>Con GRIN puedes publicar tus textos en tan solo dos semanas.<\/p><ul><li>Subes tu texto<\/li><li>Comprobamos el texto de acuerdo con nuestras directrices de calidad, a\u00f1adimos los datos que faltan, creamos una portada y, si es necesario, optimizamos el t\u00edtulo y propaganda para que sea m\u00e1s f\u00e1cil encontrarlo en los motores de b\u00fasqueda<\/li><li>En menos de dos semanas, tu e-book est\u00e1 disponible en la tienda en l\u00ednea y se puede comprar en cualquier sitio \/\/ ganas dinero con cada venta<\/li><\/ul>\t\t\t\t\t\t\t\t<\/div>\n\t\t\t\t<\/div>\n\t\t\t\t\t<\/div>\n\t\t<\/div>\n\t\t\t\t\t<\/div>\n\t\t<\/section>\n\t\t\t\t<section class=\"elementor-section elementor-top-section elementor-element elementor-element-32992923 elementor-section-boxed elementor-section-height-default elementor-section-height-default\" data-id=\"32992923\" data-element_type=\"section\" data-e-type=\"section\">\n\t\t\t\t\t\t<div class=\"elementor-container elementor-column-gap-default\">\n\t\t\t\t\t<div class=\"elementor-column elementor-col-100 elementor-top-column elementor-element elementor-element-6c74f407\" data-id=\"6c74f407\" data-element_type=\"column\" data-e-type=\"column\">\n\t\t\t<div class=\"elementor-widget-wrap elementor-element-populated\">\n\t\t\t\t\t\t<div class=\"elementor-element elementor-element-6f62aaf7 elementor-align-center elementor-widget elementor-widget-button\" data-id=\"6f62aaf7\" data-element_type=\"widget\" data-e-type=\"widget\" data-widget_type=\"button.default\">\n\t\t\t\t<div class=\"elementor-widget-container\">\n\t\t\t\t\t\t\t\t\t<div class=\"elementor-button-wrapper\">\n\t\t\t\t\t<a class=\"elementor-button elementor-button-link elementor-size-xl\" href=\"https:\/\/www.grin.com\/submission\/upload\/#\/\">\n\t\t\t\t\t\t<span class=\"elementor-button-content-wrapper\">\n\t\t\t\t\t\t\t\t\t<span class=\"elementor-button-text\">Hazte autor ahora<\/span>\n\t\t\t\t\t<\/span>\n\t\t\t\t\t<\/a>\n\t\t\t\t<\/div>\n\t\t\t\t\t\t\t\t<\/div>\n\t\t\t\t<\/div>\n\t\t\t\t\t<\/div>\n\t\t<\/div>\n\t\t\t\t\t<\/div>\n\t\t<\/section>\n\t\t\t\t<section class=\"elementor-section elementor-top-section elementor-element elementor-element-4508a085 elementor-section-boxed elementor-section-height-default elementor-section-height-default\" data-id=\"4508a085\" data-element_type=\"section\" data-e-type=\"section\">\n\t\t\t\t\t\t<div class=\"elementor-container elementor-column-gap-default\">\n\t\t\t\t\t<div class=\"elementor-column elementor-col-50 elementor-top-column elementor-element elementor-element-58bc8307\" data-id=\"58bc8307\" data-element_type=\"column\" data-e-type=\"column\">\n\t\t\t<div class=\"elementor-widget-wrap elementor-element-populated\">\n\t\t\t\t\t\t<div class=\"elementor-element elementor-element-257e3590 elementor-widget elementor-widget-image\" data-id=\"257e3590\" data-element_type=\"widget\" data-e-type=\"widget\" data-widget_type=\"image.default\">\n\t\t\t\t<div class=\"elementor-widget-container\">\n\t\t\t\t\t\t\t\t\t\t\t\t\t\t\t<img decoding=\"async\" width=\"700\" height=\"560\" src=\"https:\/\/www.grin.com\/wp-content\/uploads\/2022\/01\/Headergif4.gif\" class=\"attachment-large size-large wp-image-24588\" alt=\"Verschiedene Cover als Bildstrecke\" title=\"\">\t\t\t\t\t\t\t\t\t\t\t\t\t\t\t<\/div>\n\t\t\t\t<\/div>\n\t\t\t\t\t<\/div>\n\t\t<\/div>\n\t\t\t\t<div class=\"elementor-column elementor-col-50 elementor-top-column elementor-element elementor-element-762b891c\" data-id=\"762b891c\" data-element_type=\"column\" data-e-type=\"column\">\n\t\t\t<div class=\"elementor-widget-wrap elementor-element-populated\">\n\t\t\t\t\t\t<div class=\"elementor-element elementor-element-d67a1ea elementor-widget elementor-widget-text-editor\" data-id=\"d67a1ea\" data-element_type=\"widget\" data-e-type=\"widget\" data-widget_type=\"text-editor.default\">\n\t\t\t\t<div class=\"elementor-widget-container\">\n\t\t\t\t\t\t\t\t\t<h2 class=\"small\">Pide tus propios ejemplares a precios baratos<\/h2><p>\u00bfQuieres encargar tu libro para tu propio uso? \u00a1El momento de tener tu propio libro en las manos es algo \u00fanico! Aprovecha nuestras atractivas condiciones para los ejemplares personales. Cuantos m\u00e1s ejemplares pidas, m\u00e1s descuento obtendr\u00e1s sobre el precio del libro:<\/p><ul><li>1-9 unidades: 35% de descuento<\/li><li>10-24 unidades: 45% de descuento<\/li><li>25-49 unidades: 50% de descuento<\/li><li>50-99 unidades: 55% de descuento<\/li><li>A partir de 100 unidades: 60% de descuento<\/li><\/ul>\t\t\t\t\t\t\t\t<\/div>\n\t\t\t\t<\/div>\n\t\t\t\t\t<\/div>\n\t\t<\/div>\n\t\t\t\t\t<\/div>\n\t\t<\/section>\n\t\t\t\t<section class=\"elementor-section elementor-top-section elementor-element elementor-element-11058ef6 elementor-section-boxed elementor-section-height-default elementor-section-height-default\" data-id=\"11058ef6\" data-element_type=\"section\" data-e-type=\"section\">\n\t\t\t\t\t\t<div class=\"elementor-container elementor-column-gap-default\">\n\t\t\t\t\t<div class=\"elementor-column elementor-col-100 elementor-top-column elementor-element elementor-element-58a5db9c\" data-id=\"58a5db9c\" data-element_type=\"column\" data-e-type=\"column\">\n\t\t\t<div class=\"elementor-widget-wrap elementor-element-populated\">\n\t\t\t\t\t\t<div class=\"elementor-element elementor-element-1354534b elementor-position-top elementor-widget elementor-widget-image-box\" data-id=\"1354534b\" data-element_type=\"widget\" data-e-type=\"widget\" data-widget_type=\"image-box.default\">\n\t\t\t\t<div class=\"elementor-widget-container\">\n\t\t\t\t\t<div class=\"elementor-image-box-wrapper\"><figure class=\"elementor-image-box-img\"><img decoding=\"async\" width=\"1\" height=\"1\" src=\"https:\/\/www.grin.com\/wp-content\/uploads\/2020\/10\/illu_vt_kundenservice-1.svg\" class=\"attachment-medium size-medium wp-image-9621\" alt=\", ,\" title=\"\"><\/figure><div class=\"elementor-image-box-content\"><h2 class=\"elementor-image-box-title\">Preguntas y respuestas  <br>sobre la publicaci\u00f3n en GRIN<\/h2><\/div><\/div>\t\t\t\t<\/div>\n\t\t\t\t<\/div>\n\t\t\t\t\t<\/div>\n\t\t<\/div>\n\t\t\t\t\t<\/div>\n\t\t<\/section>\n\t\t\t\t<section class=\"elementor-section elementor-top-section elementor-element elementor-element-66c3b716 elementor-section-boxed elementor-section-height-default elementor-section-height-default\" data-id=\"66c3b716\" data-element_type=\"section\" data-e-type=\"section\">\n\t\t\t\t\t\t<div class=\"elementor-container elementor-column-gap-default\">\n\t\t\t\t\t<div class=\"elementor-column elementor-col-100 elementor-top-column elementor-element elementor-element-a426388\" data-id=\"a426388\" data-element_type=\"column\" data-e-type=\"column\">\n\t\t\t<div class=\"elementor-widget-wrap elementor-element-populated\">\n\t\t\t\t\t\t<div class=\"elementor-element elementor-element-4a376da7 elementor-widget elementor-widget-text-editor\" data-id=\"4a376da7\" data-element_type=\"widget\" data-e-type=\"widget\" data-widget_type=\"text-editor.default\">\n\t\t\t\t<div class=\"elementor-widget-container\">\n\t\t\t\t\t\t\t\t\t<h3 class=\"small\">La publicaci\u00f3n me lleva demasiado tiempo.<\/h3><p>GRIN te ofrece un\u00a0<strong>servicio de publicaci\u00f3n fiable<\/strong>. Cada texto es verificado personalmente por nuestro experimentado equipo editorial seg\u00fan nuestras\u00a0<a href=\"https:\/\/www.grin.com\/wp-content\/uploads\/2021\/11\/GRIN_quality-guidelines.pdf\">directrices de calidad<\/a>\u00a0. Adem\u00e1s optimizamos el t\u00edtulo y la propaganda segun\u00a0<strong> criterios SEO<\/strong>\u00a0para que sea m\u00e1s f\u00e1cil encontrarlo en motores de b\u00fasqueda como Google. Dentro de\u00a0<strong>dos semanas<\/strong>\u00a0, tu publicaci\u00f3n estar\u00e1 disponible para su descarga inmediata en\u00a0<strong>m\u00e1s de 300 tiendas online<\/strong>\u00a0.<\/p>\t\t\t\t\t\t\t\t<\/div>\n\t\t\t\t<\/div>\n\t\t\t\t\t<\/div>\n\t\t<\/div>\n\t\t\t\t\t<\/div>\n\t\t<\/section>\n\t\t\t\t<section class=\"elementor-section elementor-top-section elementor-element elementor-element-2ff73379 elementor-section-boxed elementor-section-height-default elementor-section-height-default\" data-id=\"2ff73379\" data-element_type=\"section\" data-e-type=\"section\">\n\t\t\t\t\t\t<div class=\"elementor-container elementor-column-gap-default\">\n\t\t\t\t\t<div class=\"elementor-column elementor-col-100 elementor-top-column elementor-element elementor-element-45d679f8\" data-id=\"45d679f8\" data-element_type=\"column\" data-e-type=\"column\">\n\t\t\t<div class=\"elementor-widget-wrap elementor-element-populated\">\n\t\t\t\t\t\t<div class=\"elementor-element elementor-element-698c2fb0 elementor-widget elementor-widget-text-editor\" data-id=\"698c2fb0\" data-element_type=\"widget\" data-e-type=\"widget\" data-widget_type=\"text-editor.default\">\n\t\t\t\t<div class=\"elementor-widget-container\">\n\t\t\t\t\t\t\t\t\t<h3 class=\"small\">Me gustar\u00eda publicar mi trabajo, pero no quiero que mi nombre aparezca.<\/h3>\n<p>\u00a1No hay problema! En GRIN, puedes decidir para cada trabajo si quieres publicar con tu nombre real, con un nombre de tu elecci\u00f3n o de forma totalmente an\u00f3nima.<\/p>\n\t\t\t\t\t\t\t\t<\/div>\n\t\t\t\t<\/div>\n\t\t\t\t\t<\/div>\n\t\t<\/div>\n\t\t\t\t\t<\/div>\n\t\t<\/section>\n\t\t\t\t<\/div>\n\t\t","protected":false},"excerpt":{"rendered":"<p>Su propio e-book en pocos pasos \u00bfSiempre has so\u00f1ado con publicar tu propio libro? Entonces, \u00a1ponte manos a la obra! Es m\u00e1s f\u00e1cil de lo que crees. Sube el texto, selecciona la opci\u00f3n de pago y rel\u00e1jate: Publicar un texto en GRIN es r\u00e1pido y f\u00e1cil. Reg\u00edstrate gratuitamente y\u00a0sube tu archivo(idealmente en formato Word o [&hellip;]<\/p>\n","protected":false},"author":20,"featured_media":0,"parent":0,"menu_order":0,"comment_status":"closed","ping_status":"closed","template":"","meta":{"_acf_changed":false,"_lmt_disableupdate":"","_lmt_disable":"","footnotes":""},"class_list":["post-38358","page","type-page","status-publish","hentry"],"acf":[],"_links":{"self":[{"href":"https:\/\/www.grin.com\/es\/wp-json\/wp\/v2\/pages\/38358","targetHints":{"allow":["GET"]}}],"collection":[{"href":"https:\/\/www.grin.com\/es\/wp-json\/wp\/v2\/pages"}],"about":[{"href":"https:\/\/www.grin.com\/es\/wp-json\/wp\/v2\/types\/page"}],"author":[{"embeddable":true,"href":"https:\/\/www.grin.com\/es\/wp-json\/wp\/v2\/users\/20"}],"replies":[{"embeddable":true,"href":"https:\/\/www.grin.com\/es\/wp-json\/wp\/v2\/comments?post=38358"}],"version-history":[{"count":16,"href":"https:\/\/www.grin.com\/es\/wp-json\/wp\/v2\/pages\/38358\/revisions"}],"predecessor-version":[{"id":38490,"href":"https:\/\/www.grin.com\/es\/wp-json\/wp\/v2\/pages\/38358\/revisions\/38490"}],"wp:attachment":[{"href":"https:\/\/www.grin.com\/es\/wp-json\/wp\/v2\/media?parent=38358"}],"curies":[{"name":"wp","href":"https:\/\/api.w.org\/{rel}","templated":true}]}}