{"id":38363,"date":"2024-05-16T16:32:40","date_gmt":"2024-05-16T14:32:40","guid":{"rendered":"https:\/\/www.grin.com\/libro-electronico-de-autopublicacion-sea\/"},"modified":"2024-05-16T16:36:39","modified_gmt":"2024-05-16T14:36:39","slug":"libro-electronico-de-autopublicacion-sea","status":"publish","type":"page","link":"https:\/\/www.grin.com\/es\/libro-electronico-de-autopublicacion-sea\/","title":{"rendered":"Libro electr\u00f3nico de autopublicaci\u00f3n SEA"},"content":{"rendered":"\t\t<div data-elementor-type=\"wp-page\" data-elementor-id=\"38363\" class=\"elementor elementor-38363 elementor-36940\" data-elementor-post-type=\"page\">\n\t\t\t\t\t\t<section class=\"elementor-section elementor-top-section elementor-element elementor-element-9ff4565 elementor-section-boxed elementor-section-height-default elementor-section-height-default\" data-id=\"9ff4565\" data-element_type=\"section\" data-e-type=\"section\">\n\t\t\t\t\t\t<div class=\"elementor-container elementor-column-gap-default\">\n\t\t\t\t\t<div class=\"elementor-column elementor-col-100 elementor-top-column elementor-element elementor-element-6ecea32\" data-id=\"6ecea32\" data-element_type=\"column\" data-e-type=\"column\">\n\t\t\t<div class=\"elementor-widget-wrap elementor-element-populated\">\n\t\t\t\t\t\t<div class=\"elementor-element elementor-element-a30d049 elementor-widget elementor-widget-grin-promo-teaser-widget\" data-id=\"a30d049\" data-element_type=\"widget\" data-e-type=\"widget\" data-widget_type=\"grin-promo-teaser-widget.default\">\n\t\t\t\t<div class=\"elementor-widget-container\">\n\t\t\t\t\t<a href=\"https:\/\/www.grin.com\/submission\/upload\/#\/\" class=\"promo-teaser\">\n    <div class=\"background-container\">\n        <div class=\"image-container\"><img decoding=\"async\" width=\"960\" height=\"540\" src=\"https:\/\/www.grin.com\/wp-content\/uploads\/2022\/05\/Student_Muetze_2-1.jpg\" class=\"attachment-full size-full\" alt=\"Bild eines Studenten mit gr\u00fcner M\u00fctze am Laptop\" srcset=\"https:\/\/www.grin.com\/wp-content\/uploads\/2022\/05\/Student_Muetze_2-1.jpg 960w, https:\/\/www.grin.com\/wp-content\/uploads\/2022\/05\/Student_Muetze_2-1-300x169.jpg 300w, https:\/\/www.grin.com\/wp-content\/uploads\/2022\/05\/Student_Muetze_2-1-768x432.jpg 768w, https:\/\/www.grin.com\/wp-content\/uploads\/2022\/05\/Student_Muetze_2-1-473x266.jpg 473w, https:\/\/www.grin.com\/wp-content\/uploads\/2022\/05\/Student_Muetze_2-1-60x34.jpg 60w, https:\/\/www.grin.com\/wp-content\/uploads\/2022\/05\/Student_Muetze_2-1-631x355.jpg 631w, https:\/\/www.grin.com\/wp-content\/uploads\/2022\/05\/Student_Muetze_2-1-120x68.jpg 120w, https:\/\/www.grin.com\/wp-content\/uploads\/2022\/05\/Student_Muetze_2-1-588x331.jpg 588w\" sizes=\"(max-width: 960px) 100vw, 960px\" \/><\/div>\n        <div class=\"texts\">\n            <h1 class=\"h1-like\">In wenigen Schritten zum eigenen E-Book<\/h1>\n            \n            \n        <\/div>\n    <\/div>\n<\/a>\t\t\t\t<\/div>\n\t\t\t\t<\/div>\n\t\t\t\t\t<\/div>\n\t\t<\/div>\n\t\t\t\t\t<\/div>\n\t\t<\/section>\n\t\t\t\t<section class=\"elementor-section elementor-top-section elementor-element elementor-element-95d652f elementor-section-boxed elementor-section-height-default elementor-section-height-default\" data-id=\"95d652f\" data-element_type=\"section\" data-e-type=\"section\">\n\t\t\t\t\t\t<div class=\"elementor-container elementor-column-gap-default\">\n\t\t\t\t\t<div class=\"elementor-column elementor-col-100 elementor-top-column elementor-element elementor-element-9f55325\" data-id=\"9f55325\" data-element_type=\"column\" data-e-type=\"column\">\n\t\t\t<div class=\"elementor-widget-wrap elementor-element-populated\">\n\t\t\t\t\t\t<div class=\"elementor-element elementor-element-ecef557 elementor-widget elementor-widget-text-editor\" data-id=\"ecef557\" data-element_type=\"widget\" data-e-type=\"widget\" data-widget_type=\"text-editor.default\">\n\t\t\t\t<div class=\"elementor-widget-container\">\n\t\t\t\t\t\t\t\t\t<p>\u00bfSiempre has so\u00f1ado con publicar tu propio libro? Entonces, \u00a1ponte manos a la obra! Es m\u00e1s f\u00e1cil de lo que crees.<\/p>\t\t\t\t\t\t\t\t<\/div>\n\t\t\t\t<\/div>\n\t\t\t\t\t<\/div>\n\t\t<\/div>\n\t\t\t\t\t<\/div>\n\t\t<\/section>\n\t\t\t\t<section class=\"elementor-section elementor-top-section elementor-element elementor-element-ef3ad38 elementor-section-boxed elementor-section-height-default elementor-section-height-default\" data-id=\"ef3ad38\" data-element_type=\"section\" data-e-type=\"section\">\n\t\t\t\t\t\t<div class=\"elementor-container elementor-column-gap-default\">\n\t\t\t\t\t<div class=\"elementor-column elementor-col-100 elementor-top-column elementor-element elementor-element-94dd0f7\" data-id=\"94dd0f7\" data-element_type=\"column\" data-e-type=\"column\">\n\t\t\t<div class=\"elementor-widget-wrap elementor-element-populated\">\n\t\t\t\t\t\t<div class=\"elementor-element elementor-element-6f62aaf7 elementor-align-center elementor-widget elementor-widget-button\" data-id=\"6f62aaf7\" data-element_type=\"widget\" data-e-type=\"widget\" data-widget_type=\"button.default\">\n\t\t\t\t<div class=\"elementor-widget-container\">\n\t\t\t\t\t\t\t\t\t<div class=\"elementor-button-wrapper\">\n\t\t\t\t\t<a class=\"elementor-button elementor-button-link elementor-size-xl\" href=\"https:\/\/www.grin.com\/submission\/upload\/#\/\">\n\t\t\t\t\t\t<span class=\"elementor-button-content-wrapper\">\n\t\t\t\t\t\t\t\t\t<span class=\"elementor-button-text\">Publica ahora gratuitamente<\/span>\n\t\t\t\t\t<\/span>\n\t\t\t\t\t<\/a>\n\t\t\t\t<\/div>\n\t\t\t\t\t\t\t\t<\/div>\n\t\t\t\t<\/div>\n\t\t\t\t\t<\/div>\n\t\t<\/div>\n\t\t\t\t\t<\/div>\n\t\t<\/section>\n\t\t\t\t<section class=\"elementor-section elementor-top-section elementor-element elementor-element-01ec0c2 elementor-section-boxed elementor-section-height-default elementor-section-height-default\" data-id=\"01ec0c2\" data-element_type=\"section\" data-e-type=\"section\">\n\t\t\t\t\t\t<div class=\"elementor-container elementor-column-gap-default\">\n\t\t\t\t\t<div class=\"elementor-column elementor-col-100 elementor-top-column elementor-element elementor-element-9b15977\" data-id=\"9b15977\" data-element_type=\"column\" data-e-type=\"column\">\n\t\t\t<div class=\"elementor-widget-wrap elementor-element-populated\">\n\t\t\t\t\t\t<div class=\"elementor-element elementor-element-572c1ae elementor-widget elementor-widget-grin-pros-widget\" data-id=\"572c1ae\" data-element_type=\"widget\" data-e-type=\"widget\" data-widget_type=\"grin-pros-widget.default\">\n\t\t\t\t<div class=\"elementor-widget-container\">\n\t\t\t\t\t<div class=\"box-heading\"><h2 class=\"small\">Sus ventajas en GRIN<\/h2>\n<\/div>\n<div class=\"box pros\">\n    <div class=\"contentarea\">\n        <div class=\"tabcontent active\">\n            <div class=\"slider-container\"><div class=\"slide-item stacked-content\">\n    <div class=\"slide-title small\">El autor estar\u00e1 disponible en solo 5 minutos<\/div>\n    <div class=\"columns-container\">\n        <div class=\"tabcontent-column\">\n            <img decoding=\"async\" src=\"https:\/\/www.grin.com\/wp-content\/uploads\/2020\/10\/illu_vt_voe_schnell-1.svg\" class=\"attachment-full size-full\" alt=\"\" \/>\n        <\/div>\n        <div class=\"tabcontent-column\">\n            <div class=\"tabcontent-column-content-container\"><p class=\"large\">Publica tus textos en todo el mundo con ISBN<\/p>\n<p>Publique r\u00e1pidamente y benef\u00edciese permanentemente. Vendemos tu e-book y book a nivel nacional en cientos de tiendas online y librer\u00edas online o presenciales.<\/p>\n<\/div>\n        <\/div>\n    <\/div>\n<\/div><div class=\"slide-item stacked-content\">\n    <div class=\"slide-title small\">3 sencillos pasos para publicar<\/div>\n    <div class=\"columns-container\">\n        <div class=\"tabcontent-column\">\n            <img decoding=\"async\" src=\"https:\/\/www.grin.com\/wp-content\/uploads\/2020\/10\/illu_vt_voe_einfach-1.svg\" class=\"attachment-full size-full\" alt=\"\" \/>\n        <\/div>\n        <div class=\"tabcontent-column\">\n            <div class=\"tabcontent-column-content-container\"><p class=\"large\">Subir, elegir la opci\u00f3n de cuota - hacemos el resto<\/p>\n<p>No dejes que tus obras acumulen polvo en un caj\u00f3n, \u00a1simplemente gana dinero con ellas! En GRIN recibir\u00e1s un servicio profesional de publicaci\u00f3n.<\/p>\n<\/div>\n        <\/div>\n    <\/div>\n<\/div><div class=\"slide-item stacked-content\">\n    <div class=\"slide-title small\">Su conocimiento vale la pena<\/div>\n    <div class=\"columns-container\">\n        <div class=\"tabcontent-column\">\n            <img decoding=\"async\" src=\"https:\/\/www.grin.com\/wp-content\/uploads\/2020\/10\/illu_vt_honorare-1.svg\" class=\"attachment-full size-full\" alt=\"\" \/>\n        <\/div>\n        <div class=\"tabcontent-column\">\n            <div class=\"tabcontent-column-content-container\"><p class=\"large\">Publica textos y gana dinero gratis<\/p>\n<p>En GRIN publicas tus textos acad\u00e9micos de forma totalmente gratuita y, al mismo tiempo, recibes una alta tarifa de autor en cada venta.<\/p>\n<\/div>\n        <\/div>\n    <\/div>\n<\/div><div class=\"slide-item stacked-content\">\n    <div class=\"slide-title small\">M\u00e1s de 20 a\u00f1os de experiencia editorial<\/div>\n    <div class=\"columns-container\">\n        <div class=\"tabcontent-column\">\n            <img decoding=\"async\" src=\"https:\/\/www.grin.com\/wp-content\/uploads\/2020\/10\/illu_vt_20_erfahrung-1.svg\" class=\"attachment-full size-full\" alt=\"\" \/>\n        <\/div>\n        <div class=\"tabcontent-column\">\n            <div class=\"tabcontent-column-content-container\"><p class=\"large\">\u00a1Publique con el profesional para la publicaci\u00f3n cient\u00edfica!<\/p>\n<p>GRIN es un proveedor l\u00edder de textos acad\u00e9micos y pionero en el mercado del libro digital. Benef\u00edciese de nuestros conocimientos y muchos a\u00f1os de experiencia.<\/p>\n<\/div>\n        <\/div>\n    <\/div>\n<\/div><div class=\"slide-item stacked-content\">\n    <div class=\"slide-title small\">Tu e-book y libro con tu propio ISBN<\/div>\n    <div class=\"columns-container\">\n        <div class=\"tabcontent-column\">\n            <img decoding=\"async\" src=\"https:\/\/www.grin.com\/wp-content\/uploads\/2020\/10\/illu_vt_isbn-1.svg\" class=\"attachment-full size-full\" alt=\"\" \/>\n        <\/div>\n        <div class=\"tabcontent-column\">\n            <div class=\"tabcontent-column-content-container\"><p class=\"large\">Publicaci\u00f3n profesional en todo el mundo<\/p>\n<p>En GRIN, sus textos se publicar\u00e1n como libros electr\u00f3nicos profesionales y libros de bolsillo de alta calidad con su propio ISBN.<\/p>\n<\/div>\n        <\/div>\n    <\/div>\n<\/div><\/div>\n        <\/div>\n    <\/div>\n    <div class=\"control\">\n        <div class=\"buttons\">\n            <a class=\"publish field borders green\" href=\"https:\/\/www.grin.com\/submission\/upload\/#\/\">\n                <span class=\"text\">\n                    <span class=\"text-content-container\">Reg\u00edstrese y publique ahora<\/span>\n                <\/span><span class=\"icon\"><\/span>\n            <\/a>\n        <\/div>\n        <div class=\"tabnav\">\n            <a href=\"#\" class=\"nav nav-previous\">Vorheriges<\/a>\n            <a href=\"#\" class=\"nav nav-next\">N\u00e4chstes<\/a>\n        <\/div>\n    <\/div>\n<\/div>\t\t\t\t<\/div>\n\t\t\t\t<\/div>\n\t\t\t\t\t<\/div>\n\t\t<\/div>\n\t\t\t\t\t<\/div>\n\t\t<\/section>\n\t\t\t\t<section class=\"elementor-section elementor-top-section elementor-element elementor-element-84c83f3 elementor-section-boxed elementor-section-height-default elementor-section-height-default\" data-id=\"84c83f3\" data-element_type=\"section\" data-e-type=\"section\">\n\t\t\t\t\t\t<div class=\"elementor-container elementor-column-gap-default\">\n\t\t\t\t\t<div class=\"elementor-column elementor-col-100 elementor-top-column elementor-element elementor-element-861ebe1\" data-id=\"861ebe1\" data-element_type=\"column\" data-e-type=\"column\">\n\t\t\t<div class=\"elementor-widget-wrap elementor-element-populated\">\n\t\t\t\t\t\t<div class=\"elementor-element elementor-element-3c5b1dc elementor-widget elementor-widget-global elementor-global-9903 elementor-global-918 elementor-widget-grin-online-widget\" data-id=\"3c5b1dc\" data-element_type=\"widget\" data-e-type=\"widget\" data-widget_type=\"grin-online-widget.default\">\n\t\t\t\t<div class=\"elementor-widget-container\">\n\t\t\t\t\t<div class=\"box online\">\n    <div class=\"contentarea\">\n        <p class=\"small h2-like\">Sus trabajos en l\u00ednea en ...<\/p>\n        <div class=\"slider-container\" data-itemsperslide=\"5\" data-itemsperslidemobile=\"1\">\n            <div class=\"slide-item\">\n                <div class=\"generic-slide-content-container\">\n                    <a href=\"https:\/\/www.amazon.de\/s?i=stripbooks&amp;rh=p_30%3AGRIN+Verlag&amp;s=relevancerank&amp;Adv-Srch-Books-Submit.x=66&amp;Adv-Srch-Books-Submit.y=5&amp;__mk_de_DE=%C3%85M%C3%85Z%C3%95%C3%91&amp;unfiltered=1&amp;ref=sr_adv_b\" class=\"logo-container\" target=\"_blank\" rel=\"noopener\">\n                        <img decoding=\"async\" src=\"\/wp-content\/plugins\/vias-grin-elementor-extension\/widgets\/grin-online-widget\/logo-amazon.png\" alt=\"Amazon\">\n                    <\/a>\n                <\/div>\n            <\/div>\n            <div class=\"slide-item\">\n                <div class=\"generic-slide-content-container\">\n                    <a href=\"https:\/\/www.thalia.de\/shop\/home\/mehr-von-suche\/ANY\/sv\/suche.html?mehrVon=GRIN\" class=\"logo-container\" target=\"_blank\" rel=\"noopener\">\n                        <img decoding=\"async\" src=\"\/wp-content\/plugins\/vias-grin-elementor-extension\/widgets\/grin-online-widget\/logo-thalia.png\" alt=\"Thalia\">\n                    <\/a>\n                <\/div>\n            <\/div>\n            <div class=\"slide-item\">\n                <div class=\"generic-slide-content-container\">\n                    <a href=\"https:\/\/books.apple.com\/author\/id1527063355\" class=\"logo-container\" target=\"_blank\" rel=\"noopener\">\n                        <img decoding=\"async\" src=\"\/wp-content\/plugins\/vias-grin-elementor-extension\/widgets\/grin-online-widget\/logo-apple.png\" alt=\"Apple Books\">\n                    <\/a>\n                <\/div>\n            <\/div>\n            <div class=\"slide-item\">\n                <div class=\"generic-slide-content-container\">\n                    <a href=\"https:\/\/play.google.com\/store\/books\/collection\/cluster?clp=ogERCgtHUklOIFZlcmxhZxgBMAU%3D:S:ANO1ljIGl1E&amp;gsr=ChSiAREKC0dSSU4gVmVybGFnGAEwBQ%3D%3D:S:ANO1ljLPVzU\" class=\"logo-container\" target=\"_blank\" rel=\"noopener\">\n                        <img decoding=\"async\" src=\"\/wp-content\/plugins\/vias-grin-elementor-extension\/widgets\/grin-online-widget\/logo-googleplay.png\" alt=\"Google Play\">\n                    <\/a>\n                <\/div>\n            <\/div>\n            <div class=\"slide-item\">\n                <div class=\"generic-slide-content-container\">\n                    <a href=\"https:\/\/www.osiander.de\/webdb\/index.cfm?osiaction=search&amp;startrow=1&amp;maxrows=24&amp;publisher=GRIN%20Verlag&amp;search_uwk&amp;detailsearch\" class=\"logo-container\" target=\"_blank\" rel=\"noopener\">\n                        <img decoding=\"async\" src=\"\/wp-content\/plugins\/vias-grin-elementor-extension\/widgets\/grin-online-widget\/logo-osiander.png\" alt=\"Osiander\">\n                    <\/a>\n                <\/div>\n            <\/div>\n        <\/div>\n    <\/div>\n    <div class=\"control\">\n        <div class=\"tabnav\">\n            <a href=\"#\" class=\"nav nav-previous\">Vorheriges<\/a>\n            <a href=\"#\" class=\"nav nav-next\">N\u00e4chstes<\/a>\n        <\/div>\n    <\/div>\n<\/div>\t\t\t\t<\/div>\n\t\t\t\t<\/div>\n\t\t\t\t\t<\/div>\n\t\t<\/div>\n\t\t\t\t\t<\/div>\n\t\t<\/section>\n\t\t\t\t<section class=\"elementor-section elementor-top-section elementor-element elementor-element-276f5466 elementor-section-boxed elementor-section-height-default elementor-section-height-default\" data-id=\"276f5466\" data-element_type=\"section\" data-e-type=\"section\">\n\t\t\t\t\t\t<div class=\"elementor-container elementor-column-gap-default\">\n\t\t\t\t\t<div class=\"elementor-column elementor-col-100 elementor-top-column elementor-element elementor-element-410c1015\" data-id=\"410c1015\" data-element_type=\"column\" data-e-type=\"column\">\n\t\t\t<div class=\"elementor-widget-wrap elementor-element-populated\">\n\t\t\t\t\t\t<div class=\"elementor-element elementor-element-2cb7c84 elementor-widget elementor-widget-text-editor\" data-id=\"2cb7c84\" data-element_type=\"widget\" data-e-type=\"widget\" data-widget_type=\"text-editor.default\">\n\t\t\t\t<div class=\"elementor-widget-container\">\n\t\t\t\t\t\t\t\t\t<p>Con GRIN haces que tu texto sea visible. Publicamos nuestros e-books y libros impresos en m\u00e1s de 300 tiendas online de todo el mundo y nos aseguramos de que tu t\u00edtulo se posicione bien en los motores de b\u00fasqueda como Google optimizando tu t\u00edtulo y la breve descripci\u00f3n de tu texto y, si es necesario, a\u00f1adiendo palabras clave importantes.<\/p>\t\t\t\t\t\t\t\t<\/div>\n\t\t\t\t<\/div>\n\t\t\t\t<div class=\"elementor-element elementor-element-7d30bf4b elementor-widget elementor-widget-counter\" data-id=\"7d30bf4b\" data-element_type=\"widget\" data-e-type=\"widget\" data-widget_type=\"counter.default\">\n\t\t\t\t<div class=\"elementor-widget-container\">\n\t\t\t\t\t\t\t<div class=\"elementor-counter\">\n\t\t\t<div class=\"elementor-counter-title\">P\u00e1ginas vistas al mes<\/div>\t\t\t<div class=\"elementor-counter-number-wrapper\">\n\t\t\t\t<span class=\"elementor-counter-number-prefix\"><\/span>\n\t\t\t\t<span class=\"elementor-counter-number\" data-duration=\"2000\" data-to-value=\"4\" data-from-value=\"0\" data-delimiter=\".\">0<\/span>\n\t\t\t\t<span class=\"elementor-counter-number-suffix\">  Mill\u00f3n.<\/span>\n\t\t\t<\/div>\n\t\t<\/div>\n\t\t\t\t\t\t<\/div>\n\t\t\t\t<\/div>\n\t\t\t\t<div class=\"elementor-element elementor-element-69f9e42b elementor-widget elementor-widget-counter\" data-id=\"69f9e42b\" data-element_type=\"widget\" data-e-type=\"widget\" data-widget_type=\"counter.default\">\n\t\t\t\t<div class=\"elementor-widget-container\">\n\t\t\t\t\t\t\t<div class=\"elementor-counter\">\n\t\t\t<div class=\"elementor-counter-title\">Palabras clave en la p\u00e1gina 1 de Google<\/div>\t\t\t<div class=\"elementor-counter-number-wrapper\">\n\t\t\t\t<span class=\"elementor-counter-number-prefix\">mas de <\/span>\n\t\t\t\t<span class=\"elementor-counter-number\" data-duration=\"2000\" data-to-value=\"2\" data-from-value=\"0\" data-delimiter=\",\">0<\/span>\n\t\t\t\t<span class=\"elementor-counter-number-suffix\">  Mill\u00f3n.<\/span>\n\t\t\t<\/div>\n\t\t<\/div>\n\t\t\t\t\t\t<\/div>\n\t\t\t\t<\/div>\n\t\t\t\t<div class=\"elementor-element elementor-element-399a31e6 elementor-widget elementor-widget-counter\" data-id=\"399a31e6\" data-element_type=\"widget\" data-e-type=\"widget\" data-widget_type=\"counter.default\">\n\t\t\t\t<div class=\"elementor-widget-container\">\n\t\t\t\t\t\t\t<div class=\"elementor-counter\">\n\t\t\t<div class=\"elementor-counter-title\">Tiendas online en todo el mundo<\/div>\t\t\t<div class=\"elementor-counter-number-wrapper\">\n\t\t\t\t<span class=\"elementor-counter-number-prefix\">mas de <\/span>\n\t\t\t\t<span class=\"elementor-counter-number\" data-duration=\"2000\" data-to-value=\"300\" data-from-value=\"0\" data-delimiter=\",\">0<\/span>\n\t\t\t\t<span class=\"elementor-counter-number-suffix\"><\/span>\n\t\t\t<\/div>\n\t\t<\/div>\n\t\t\t\t\t\t<\/div>\n\t\t\t\t<\/div>\n\t\t\t\t\t<\/div>\n\t\t<\/div>\n\t\t\t\t\t<\/div>\n\t\t<\/section>\n\t\t\t\t<section class=\"elementor-section elementor-top-section elementor-element elementor-element-32992923 elementor-section-boxed elementor-section-height-default elementor-section-height-default\" data-id=\"32992923\" data-element_type=\"section\" data-e-type=\"section\">\n\t\t\t\t\t\t<div class=\"elementor-container elementor-column-gap-default\">\n\t\t\t\t\t<div class=\"elementor-column elementor-col-100 elementor-top-column elementor-element elementor-element-6c74f407\" data-id=\"6c74f407\" data-element_type=\"column\" data-e-type=\"column\">\n\t\t\t<div class=\"elementor-widget-wrap elementor-element-populated\">\n\t\t\t\t\t\t<div class=\"elementor-element elementor-element-914fd90 elementor-align-center elementor-widget elementor-widget-button\" data-id=\"914fd90\" data-element_type=\"widget\" data-e-type=\"widget\" data-widget_type=\"button.default\">\n\t\t\t\t<div class=\"elementor-widget-container\">\n\t\t\t\t\t\t\t\t\t<div class=\"elementor-button-wrapper\">\n\t\t\t\t\t<a class=\"elementor-button elementor-button-link elementor-size-xl\" href=\"https:\/\/www.grin.com\/submission\/upload\/#\/\">\n\t\t\t\t\t\t<span class=\"elementor-button-content-wrapper\">\n\t\t\t\t\t\t\t\t\t<span class=\"elementor-button-text\">Hazte autor ahora<\/span>\n\t\t\t\t\t<\/span>\n\t\t\t\t\t<\/a>\n\t\t\t\t<\/div>\n\t\t\t\t\t\t\t\t<\/div>\n\t\t\t\t<\/div>\n\t\t\t\t\t<\/div>\n\t\t<\/div>\n\t\t\t\t\t<\/div>\n\t\t<\/section>\n\t\t\t\t<\/div>\n\t\t","protected":false},"excerpt":{"rendered":"<p>In wenigen Schritten zum eigenen E-Book Jetzt dein Buch ver\u00f6ffentlichen \u00bfSiempre has so\u00f1ado con publicar tu propio libro? Entonces, \u00a1ponte manos a la obra! Es m\u00e1s f\u00e1cil de lo que crees. Publica ahora gratuitamente Sus ventajas en GRIN El autor estar\u00e1 disponible en solo 5 minutos Publica tus textos en todo el mundo con ISBN [&hellip;]<\/p>\n","protected":false},"author":19,"featured_media":0,"parent":0,"menu_order":0,"comment_status":"closed","ping_status":"closed","template":"","meta":{"_acf_changed":false,"_lmt_disableupdate":"","_lmt_disable":"","footnotes":""},"class_list":["post-38363","page","type-page","status-publish","hentry"],"acf":[],"_links":{"self":[{"href":"https:\/\/www.grin.com\/es\/wp-json\/wp\/v2\/pages\/38363","targetHints":{"allow":["GET"]}}],"collection":[{"href":"https:\/\/www.grin.com\/es\/wp-json\/wp\/v2\/pages"}],"about":[{"href":"https:\/\/www.grin.com\/es\/wp-json\/wp\/v2\/types\/page"}],"author":[{"embeddable":true,"href":"https:\/\/www.grin.com\/es\/wp-json\/wp\/v2\/users\/19"}],"replies":[{"embeddable":true,"href":"https:\/\/www.grin.com\/es\/wp-json\/wp\/v2\/comments?post=38363"}],"version-history":[{"count":0,"href":"https:\/\/www.grin.com\/es\/wp-json\/wp\/v2\/pages\/38363\/revisions"}],"wp:attachment":[{"href":"https:\/\/www.grin.com\/es\/wp-json\/wp\/v2\/media?parent=38363"}],"curies":[{"name":"wp","href":"https:\/\/api.w.org\/{rel}","templated":true}]}}