{"id":38629,"date":"2024-05-23T12:10:24","date_gmt":"2024-05-23T10:10:24","guid":{"rendered":"https:\/\/www.grin.com\/acceso-abierto\/"},"modified":"2024-05-23T13:36:55","modified_gmt":"2024-05-23T11:36:55","slug":"acceso-abierto","status":"publish","type":"page","link":"https:\/\/www.grin.com\/es\/acceso-abierto\/","title":{"rendered":"Acceso abierto"},"content":{"rendered":"\t\t<div data-elementor-type=\"wp-page\" data-elementor-id=\"38629\" class=\"elementor elementor-38629 elementor-27045\" data-elementor-post-type=\"page\">\n\t\t\t\t\t\t<section class=\"elementor-section elementor-top-section elementor-element elementor-element-a08e577 elementor-section-boxed elementor-section-height-default elementor-section-height-default\" data-id=\"a08e577\" data-element_type=\"section\" data-e-type=\"section\">\n\t\t\t\t\t\t<div class=\"elementor-container elementor-column-gap-default\">\n\t\t\t\t\t<div class=\"elementor-column elementor-col-100 elementor-top-column elementor-element elementor-element-ed96f3f\" data-id=\"ed96f3f\" data-element_type=\"column\" data-e-type=\"column\">\n\t\t\t<div class=\"elementor-widget-wrap elementor-element-populated\">\n\t\t\t\t\t\t<div class=\"elementor-element elementor-element-17a01bb elementor-widget elementor-widget-grin-headerimage-widget\" data-id=\"17a01bb\" data-element_type=\"widget\" data-e-type=\"widget\" data-widget_type=\"grin-headerimage-widget.default\">\n\t\t\t\t<div class=\"elementor-widget-container\">\n\t\t\t\t\t<div class=\"headerimage\">\r\n    <div class=\"image-container\"><img decoding=\"async\" width=\"2400\" height=\"1080\" src=\"https:\/\/www.grin.com\/wp-content\/uploads\/2022\/05\/Open-Access-Header-1.jpg\" class=\"attachment-full size-full\" alt=\"\" srcset=\"https:\/\/www.grin.com\/wp-content\/uploads\/2022\/05\/Open-Access-Header-1.jpg 2400w, https:\/\/www.grin.com\/wp-content\/uploads\/2022\/05\/Open-Access-Header-1-300x135.jpg 300w, https:\/\/www.grin.com\/wp-content\/uploads\/2022\/05\/Open-Access-Header-1-1024x461.jpg 1024w, https:\/\/www.grin.com\/wp-content\/uploads\/2022\/05\/Open-Access-Header-1-768x346.jpg 768w, https:\/\/www.grin.com\/wp-content\/uploads\/2022\/05\/Open-Access-Header-1-1536x691.jpg 1536w, https:\/\/www.grin.com\/wp-content\/uploads\/2022\/05\/Open-Access-Header-1-2048x922.jpg 2048w, https:\/\/www.grin.com\/wp-content\/uploads\/2022\/05\/Open-Access-Header-1-555x250.jpg 555w, https:\/\/www.grin.com\/wp-content\/uploads\/2022\/05\/Open-Access-Header-1-60x27.jpg 60w, https:\/\/www.grin.com\/wp-content\/uploads\/2022\/05\/Open-Access-Header-1-738x332.jpg 738w, https:\/\/www.grin.com\/wp-content\/uploads\/2022\/05\/Open-Access-Header-1-120x54.jpg 120w, https:\/\/www.grin.com\/wp-content\/uploads\/2022\/05\/Open-Access-Header-1-690x311.jpg 690w\" sizes=\"(max-width: 2400px) 100vw, 2400px\" \/><\/div>\r\n    <h1>Acceso abierto: \u00bfQu\u00e9 es y por qu\u00e9 vale la pena?<\/h1>\r\n<\/div>\t\t\t\t<\/div>\n\t\t\t\t<\/div>\n\t\t\t\t\t<\/div>\n\t\t<\/div>\n\t\t\t\t\t<\/div>\n\t\t<\/section>\n\t\t\t\t<section class=\"elementor-section elementor-top-section elementor-element elementor-element-3d7aa94 elementor-section-boxed elementor-section-height-default elementor-section-height-default\" data-id=\"3d7aa94\" data-element_type=\"section\" data-e-type=\"section\">\n\t\t\t\t\t\t<div class=\"elementor-container elementor-column-gap-default\">\n\t\t\t\t\t<div class=\"elementor-column elementor-col-50 elementor-top-column elementor-element elementor-element-45b4f1d\" data-id=\"45b4f1d\" data-element_type=\"column\" data-e-type=\"column\">\n\t\t\t<div class=\"elementor-widget-wrap elementor-element-populated\">\n\t\t\t\t\t\t<div class=\"elementor-element elementor-element-5e50469 elementor-widget elementor-widget-text-editor\" data-id=\"5e50469\" data-element_type=\"widget\" data-e-type=\"widget\" data-widget_type=\"text-editor.default\">\n\t\t\t\t<div class=\"elementor-widget-container\">\n\t\t\t\t\t\t\t\t\t<h2 class=\"small\">Acceso abierto: \u00bfQu\u00e9 es?<\/h2><p>El acceso abierto significa acceso libre y gratuito a las publicaciones cient\u00edficas para todas las personas interesadas en todo el mundo. Para garantizar un uso flexible, los t\u00edtulos de acceso abierto son publicaciones electr\u00f3nicas o en l\u00ednea que tambi\u00e9n pueden publicarse paralelamente en forma impresa, como es el caso en GRIN.<\/p><p>La definici\u00f3n m\u00e1s conocida viene de la llamada Declaraci\u00f3n de Budapest de 2002, una conferencia de la Iniciativa de Acceso Abierto de Budapest con el objetivo de hacer que los resultados de las investigaci\u00f3nes sean libremente accesibles al p\u00fablico.<\/p>\t\t\t\t\t\t\t\t<\/div>\n\t\t\t\t<\/div>\n\t\t\t\t\t<\/div>\n\t\t<\/div>\n\t\t\t\t<div class=\"elementor-column elementor-col-50 elementor-top-column elementor-element elementor-element-71b25e1\" data-id=\"71b25e1\" data-element_type=\"column\" data-e-type=\"column\">\n\t\t\t<div class=\"elementor-widget-wrap elementor-element-populated\">\n\t\t\t\t\t\t<div class=\"elementor-element elementor-element-3a4e926 elementor-blockquote--skin-boxed elementor-widget elementor-widget-blockquote\" data-id=\"3a4e926\" data-element_type=\"widget\" data-e-type=\"widget\" data-widget_type=\"blockquote.default\">\n\t\t\t\t<div class=\"elementor-widget-container\">\n\t\t\t\t\t\t\t<blockquote class=\"elementor-blockquote\">\n\t\t\t<p class=\"elementor-blockquote__content\">\n\t\t\t\tBy \u201copen access\u201d to this literature, we mean its free availability on the public internet, permitting any users to read, download, copy, distribute, print, search, or link to the full texts of these articles, crawl them for indexing, pass them as data to software, or use them for any other lawful purpose, without financial, legal, or technical barriers other than those inseparable from gaining access to the internet itself.\t\t\t<\/p>\n\t\t\t\t\t\t\t<div class=\"e-q-footer\">\n\t\t\t\t\t\t\t\t\t\t\t<cite class=\"elementor-blockquote__author\"><a href=\"https:\/\/www.budapestopenaccessinitiative.org\/read\/german-translation\/\" target=\"_blank\" rel=\"noopener\">Declaration of Budapest Open Access Initiative<\/a>, 2002<\/cite>\n\t\t\t\t\t\t\t\t\t\t\t\t\t\t<\/div>\n\t\t\t\t\t<\/blockquote>\n\t\t\t\t\t\t<\/div>\n\t\t\t\t<\/div>\n\t\t\t\t\t<\/div>\n\t\t<\/div>\n\t\t\t\t\t<\/div>\n\t\t<\/section>\n\t\t\t\t<section class=\"elementor-section elementor-top-section elementor-element elementor-element-5bc237a elementor-section-boxed elementor-section-height-default elementor-section-height-default\" data-id=\"5bc237a\" data-element_type=\"section\" data-e-type=\"section\">\n\t\t\t\t\t\t<div class=\"elementor-container elementor-column-gap-default\">\n\t\t\t\t\t<div class=\"elementor-column elementor-col-100 elementor-top-column elementor-element elementor-element-bfdb917\" data-id=\"bfdb917\" data-element_type=\"column\" data-e-type=\"column\">\n\t\t\t<div class=\"elementor-widget-wrap elementor-element-populated\">\n\t\t\t\t\t\t<div class=\"elementor-element elementor-element-3a7287a elementor-widget elementor-widget-grin-how-to-widget\" data-id=\"3a7287a\" data-element_type=\"widget\" data-e-type=\"widget\" data-widget_type=\"grin-how-to-widget.default\">\n\t\t\t\t<div class=\"elementor-widget-container\">\n\t\t\t\t\t<div class=\"box-heading\"><h2 class=\"small\">As\u00ed funciona la publicaci\u00f3n gratuita de <em>acceso abierto<\/em> en GRIN:<\/h2>\n<\/div>\r\n<div class=\"box howto\">\r\n    <div class=\"contentarea\">\r\n        <ol class=\"tabheads\">\r\n            <li class=\"tabhead active\"><span class=\"tabheadcontent\">Reg\u00edstrate y <\/br>sube tu trabajo<\/span><\/li>\r\n            <li class=\"tabhead\"><span class=\"tabheadcontent\">Elige la opci\u00f3n <\/br>de honorarios<\/span><\/li>\r\n            <li class=\"tabhead\"><span class=\"tabheadcontent\">Creamos tu<br>E-book y libro<br>Gratis<\/span><\/li>\r\n            <li class=\"tabhead\"><span class=\"tabheadcontent\">Distribuci\u00f3n mundial <\/br>de la versi\u00f3n impresa<\/span><\/li>\r\n            <li class=\"tabhead\"><span class=\"tabheadcontent\">Tu honorario<\/span><\/li>\r\n        <\/ol>\r\n        <div class=\"tabcontents\">\r\n            <div class=\"tabcontent active\">\r\n                <div class=\"tabcontent-column\">\r\n                    <img decoding=\"async\" src=\"https:\/\/www.grin.com\/wp-content\/uploads\/2020\/09\/illu_sf_01.svg\" class=\"attachment-full size-full\" alt=\"Registrieren und Datei hochladen\" \/>\r\n                <\/div>\r\n                <div class=\"tabcontent-column\">\r\n                    <div class=\"tabcontent-column-content-container\">\r\n                        <p class=\"large\"><strong>Reg\u00edstrate y sube tu trabajo<\/strong><\/p><p>Simplemente reg\u00edstrate de forma gratuita en GRIN y publica en 5 minutos. Utiliza nuestra funci\u00f3n de carga para subir tu texto como archivo Word o PDF.<\/p>\r\n                    <\/div>\r\n                <\/div>\r\n            <\/div>\r\n            <div class=\"tabcontent\">\r\n                <div class=\"tabcontent-column\">\r\n                    <img decoding=\"async\" src=\"https:\/\/www.grin.com\/wp-content\/uploads\/2020\/09\/illu_sf_02.svg\" class=\"attachment-full size-full\" alt=\"Honoraroption w\u00e4hlen\" \/>\r\n                <\/div>\r\n                <div class=\"tabcontent-column\">\r\n                    <div class=\"tabcontent-column-content-container\">\r\n                        <p class=\"large\"><strong>Elige una opci\u00f3n de pago<\/strong><\/p><p>De las 3 opciones de pago en GRIN, s\u00f3lo tienes que elegir la publicaci\u00f3n de acceso abierto y compartes tus conocimientos con el mundo de forma gratuita.<\/p>\r\n                    <\/div>\r\n                <\/div>\r\n            <\/div>\r\n            <div class=\"tabcontent\">\r\n                <div class=\"tabcontent-column\">\r\n                    <img decoding=\"async\" src=\"https:\/\/www.grin.com\/wp-content\/uploads\/2020\/09\/illu_sf_03.svg\" class=\"attachment-full size-full\" alt=\"Wir erstellen Ihr E-Book und Buch\" \/>\r\n                <\/div>\r\n                <div class=\"tabcontent-column\">\r\n                    <div class=\"tabcontent-column-content-container\">\r\n                        <p class=\"large\"><strong>Creamos tu e-book y libro gratis<\/strong><\/p><p>Con tu archivo de texto, nuestro equipo editorial crear\u00e1 un e-book y un libro, cada uno con su propio ISBN. Damos a tu publicaci\u00f3n una portada y publicamos tu texto en nuestra tienda online, donde podr\u00e1 descargarse de gratis.<\/p>\r\n                    <\/div>\r\n                <\/div>\r\n            <\/div>\r\n            <div class=\"tabcontent\">\r\n                <div class=\"tabcontent-column\">\r\n                    <img decoding=\"async\" src=\"https:\/\/www.grin.com\/wp-content\/uploads\/2020\/09\/illu_sf_04.svg\" class=\"attachment-full size-full\" alt=\"Weltweiter Vertrieb\" \/>\r\n                <\/div>\r\n                <div class=\"tabcontent-column\">\r\n                    <div class=\"tabcontent-column-content-container\">\r\n                        <p class=\"large\"><strong>Distribuci\u00f3n mundial<\/strong><\/p><p>La especialidad de GRIN: adem\u00e1s del e-book, al que se puede acceder gratuitamente, creamos una versi\u00f3n imprimida de tu texto. Esta se comercializa a trav\u00e9s de una red de ventas mundial de m\u00e1s de 300 tiendas online. Tu libro tambi\u00e9n est\u00e1 disponible en librer\u00edas locales.<\/p>\r\n                    <\/div>\r\n                <\/div>\r\n            <\/div>\r\n            <div class=\"tabcontent\">\r\n                <div class=\"tabcontent-column\">\r\n                    <img decoding=\"async\" src=\"https:\/\/www.grin.com\/wp-content\/uploads\/2020\/09\/illu_sf_05.svg\" class=\"attachment-full size-full\" alt=\"Hohes Autorenhonorar erhalten\" \/>\r\n                <\/div>\r\n                <div class=\"tabcontent-column\">\r\n                    <div class=\"tabcontent-column-content-container\">\r\n                        <p class=\"large\"><strong>Recibe honorarios<\/strong><\/p><p>Con el libro impreso, te beneficias de cada venta. GRIN paga una comisi\u00f3n de autor de hasta el 20% de las ventas de libros.<\/p>\r\n                    <\/div>\r\n                <\/div>\r\n            <\/div>\r\n        <\/div>\r\n    <\/div>\r\n    <div class=\"control\">\r\n        <div class=\"buttons\">\r\n            <a class=\"publish field borders green\" href=\"https:\/\/www.grin.com\/submission\/upload\/#\/sign-in\">\r\n                <span class=\"text\">\r\n                    <span class=\"text-content-container\">Carga y publica ahora<\/span>\r\n                <\/span><span class=\"icon\"><\/span>\r\n            <\/a>\r\n        <\/div>\r\n        <div class=\"tabnav\">\r\n            <a href=\"#\" class=\"nav nav-previous\">Vorheriges<\/a>\r\n            <a href=\"#\" class=\"nav nav-next\">N\u00e4chstes<\/a>\r\n        <\/div>\r\n    <\/div>\r\n<\/div>\t\t\t\t<\/div>\n\t\t\t\t<\/div>\n\t\t\t\t\t<\/div>\n\t\t<\/div>\n\t\t\t\t\t<\/div>\n\t\t<\/section>\n\t\t\t\t<section class=\"elementor-section elementor-top-section elementor-element elementor-element-cbd9b7d elementor-section-boxed elementor-section-height-default elementor-section-height-default\" data-id=\"cbd9b7d\" data-element_type=\"section\" data-e-type=\"section\">\n\t\t\t\t\t\t<div class=\"elementor-container elementor-column-gap-default\">\n\t\t\t\t\t<div class=\"elementor-column elementor-col-100 elementor-top-column elementor-element elementor-element-d2b7c77\" data-id=\"d2b7c77\" data-element_type=\"column\" data-e-type=\"column\">\n\t\t\t<div class=\"elementor-widget-wrap elementor-element-populated\">\n\t\t\t\t\t\t<div class=\"elementor-element elementor-element-fd2b0e8 elementor-widget elementor-widget-text-editor\" data-id=\"fd2b0e8\" data-element_type=\"widget\" data-e-type=\"widget\" data-widget_type=\"text-editor.default\">\n\t\t\t\t<div class=\"elementor-widget-container\">\n\t\t\t\t\t\t\t\t\t<h2 class=\"small\">Por qu\u00e9\u00a0el <em>Accesso abierto<\/em>\u00a0es la mejor opci\u00f3n para ti:<\/h2><div><ul><li>Pones tu texto\u00a0<strong>a disposici\u00f3n de forma gratuita<\/strong>y compartes as\u00ed tus conocimientos de manera sencilla, sin obst\u00e1culos e independientemente de las posibilidades econ\u00f3micas y ubicaciones de investigaci\u00f3n.<\/li><li>Subir tu texto a GRIN s\u00f3lo te costar\u00e1<strong> 5 minutos<\/strong>. Con tu archivo de texto creamos un e-book terminado y un libro, cada uno con su propio ISBN, y publicamos tu texto en nuestra tienda en l\u00ednea, donde se puede ver de forma gratuita. Este proceso dura unas 2 semanas, as\u00ed que los resultados de tu investigaci\u00f3n\u00a0<strong>est\u00e1n disponibles r\u00e1pidamente<\/strong>.<\/li><li>Los datos de investigaci\u00f3n que son de libre acceso pueden ser\u00a0<strong>revisados y verificados<\/strong>por m\u00e1s personas, aumentando as\u00ed la reputaci\u00f3n de tu texto y la probabilidad de que se distribuya mejor. Tambi\u00e9n contribuyes a una \u00a0<strong>transparencia<\/strong>\u00a0 mayor en las ciencias.<\/li><li>Contribuyes a\u00a0<strong>acelerar la cooperaci\u00f3n cient\u00edfica internacional<\/strong>ofreciendo tu texto de acceso abierto. El acceso abierto mudial tambi\u00e9n ayuda a las personas de los pa\u00edses menos ricos acceder a la informaci\u00f3nes cient\u00edficas relevantes.<\/li><li>Google y otros motores de b\u00fasqueda tienen acceso completo a textos de las publicaciones de acceso abierto, lo que significa que tu texto es\u00a0<strong>indexado m\u00e1s r\u00e1pido y mejor<\/strong>y, por tanto, es m\u00e1s f\u00e1cil de encontrar.<\/li><li>Las publicaciones cient\u00edficas que se ofrecen de forma gratuita se\u00a0<strong>citan con mayor frecuencia<\/strong>de media y, por lo tanto, ganan m\u00e1s visibilidad.<\/li><li>En GRIN, sigues ganando dinero con tu publicaci\u00f3n de acceso abierto, ya que creamos una versi\u00f3n impresa de tu texto al mismo tiempo y\u00a0<strong>lo comercializamos en todo el mundo<\/strong>.<\/li><li>GRIN ofrece\u00a0<strong>m\u00e1s de 20 a\u00f1os de experiencia editorial<\/strong>y dar\u00e1 a tu t\u00edtulo un\u00a0<strong>ISBN<\/strong>\u00a0para el e-book y para el libro, para que podamos comercializar tu versi\u00f3n impresa sin ning\u00fan problema.<\/li><\/ul><\/div>\t\t\t\t\t\t\t\t<\/div>\n\t\t\t\t<\/div>\n\t\t\t\t\t<\/div>\n\t\t<\/div>\n\t\t\t\t\t<\/div>\n\t\t<\/section>\n\t\t\t\t<section class=\"elementor-section elementor-top-section elementor-element elementor-element-a1be243 elementor-section-boxed elementor-section-height-default elementor-section-height-default\" data-id=\"a1be243\" data-element_type=\"section\" data-e-type=\"section\">\n\t\t\t\t\t\t<div class=\"elementor-container elementor-column-gap-default\">\n\t\t\t\t\t<div class=\"elementor-column elementor-col-100 elementor-top-column elementor-element elementor-element-a1e5d1f\" data-id=\"a1e5d1f\" data-element_type=\"column\" data-e-type=\"column\">\n\t\t\t<div class=\"elementor-widget-wrap elementor-element-populated\">\n\t\t\t\t\t\t<div class=\"elementor-element elementor-element-ae64a46 elementor-widget elementor-widget-grin-promo-teaser-widget\" data-id=\"ae64a46\" data-element_type=\"widget\" data-e-type=\"widget\" data-widget_type=\"grin-promo-teaser-widget.default\">\n\t\t\t\t<div class=\"elementor-widget-container\">\n\t\t\t\t\t<a href=\"https:\/\/www.grin.com\/submission\/upload\/#\/sign-in\" class=\"promo-teaser\">\r\n    <div class=\"background-container\">\r\n        <div class=\"image-container\"><img decoding=\"async\" width=\"960\" height=\"540\" src=\"https:\/\/www.grin.com\/wp-content\/uploads\/2022\/05\/Student_Muetze_2-1.jpg\" class=\"attachment-full size-full\" alt=\"Bild eines Studenten mit gr\u00fcner M\u00fctze am Laptop\" srcset=\"https:\/\/www.grin.com\/wp-content\/uploads\/2022\/05\/Student_Muetze_2-1.jpg 960w, https:\/\/www.grin.com\/wp-content\/uploads\/2022\/05\/Student_Muetze_2-1-300x169.jpg 300w, https:\/\/www.grin.com\/wp-content\/uploads\/2022\/05\/Student_Muetze_2-1-768x432.jpg 768w, https:\/\/www.grin.com\/wp-content\/uploads\/2022\/05\/Student_Muetze_2-1-473x266.jpg 473w, https:\/\/www.grin.com\/wp-content\/uploads\/2022\/05\/Student_Muetze_2-1-60x34.jpg 60w, https:\/\/www.grin.com\/wp-content\/uploads\/2022\/05\/Student_Muetze_2-1-631x355.jpg 631w, https:\/\/www.grin.com\/wp-content\/uploads\/2022\/05\/Student_Muetze_2-1-120x68.jpg 120w, https:\/\/www.grin.com\/wp-content\/uploads\/2022\/05\/Student_Muetze_2-1-588x331.jpg 588w\" sizes=\"(max-width: 960px) 100vw, 960px\" \/><\/div>\r\n        <div class=\"texts\">\r\n            <h2 class=\"h1-like\">\u00a1Comparte tus conocimientos publicando en acceso abierto!<\/h2>\r\n            \r\n            \r\n        <\/div>\r\n    <\/div>\r\n<\/a>\t\t\t\t<\/div>\n\t\t\t\t<\/div>\n\t\t\t\t\t<\/div>\n\t\t<\/div>\n\t\t\t\t\t<\/div>\n\t\t<\/section>\n\t\t\t\t<section class=\"elementor-section elementor-top-section elementor-element elementor-element-534c629 elementor-section-boxed elementor-section-height-default elementor-section-height-default\" data-id=\"534c629\" data-element_type=\"section\" data-e-type=\"section\">\n\t\t\t\t\t\t<div class=\"elementor-container elementor-column-gap-default\">\n\t\t\t\t\t<div class=\"elementor-column elementor-col-100 elementor-top-column elementor-element elementor-element-5631e2f\" data-id=\"5631e2f\" data-element_type=\"column\" data-e-type=\"column\">\n\t\t\t<div class=\"elementor-widget-wrap elementor-element-populated\">\n\t\t\t\t\t\t<div class=\"elementor-element elementor-element-b90cb30 elementor-widget elementor-widget-global elementor-global-9891 elementor-global-1189 elementor-widget-grin-contact-widget\" data-id=\"b90cb30\" data-element_type=\"widget\" data-e-type=\"widget\" data-widget_type=\"grin-contact-widget.default\">\n\t\t\t\t<div class=\"elementor-widget-container\">\n\t\t\t\t\t<div class=\"contact\">\r\n    <div class=\"contentarea\">\r\n        <h2 class=\"small\">\u00bfTienes preguntas o necesitas apoyo?<\/h2>\r\n        <div class=\"column-container\">\r\n            <div class=\"media\">\r\n                <div class=\"image-sizer\">\r\n                    <div class=\"image-container\"><img decoding=\"async\" width=\"2560\" height=\"1707\" src=\"https:\/\/www.grin.com\/wp-content\/uploads\/2020\/10\/Support-scaled.jpg\" class=\"attachment-full size-full\" alt=\"Frau nimmt telefonische Anfrage entgegen\" srcset=\"https:\/\/www.grin.com\/wp-content\/uploads\/2020\/10\/Support-scaled.jpg 2560w, https:\/\/www.grin.com\/wp-content\/uploads\/2020\/10\/Support-300x200.jpg 300w, https:\/\/www.grin.com\/wp-content\/uploads\/2020\/10\/Support-1024x683.jpg 1024w, https:\/\/www.grin.com\/wp-content\/uploads\/2020\/10\/Support-768x512.jpg 768w, https:\/\/www.grin.com\/wp-content\/uploads\/2020\/10\/Support-1536x1024.jpg 1536w, https:\/\/www.grin.com\/wp-content\/uploads\/2020\/10\/Support-2048x1365.jpg 2048w\" sizes=\"(max-width: 2560px) 100vw, 2560px\" \/><\/div>\r\n                <\/div>\r\n            <\/div>\r\n            <div class=\"textcontent\">\r\n                <div class=\"bigtext large\"><p>Lunes a Jueves:<\/p><p>10:00-13:00 y 14:00- 17:00<\/p><p>Viernes:<\/p><p>10:00-13:00 y 14:00- 16:00<\/p><p>+49 89 550559-0<\/p><p><a href=\"mailto:info@grin.com\">info@grin.com<\/a><\/p><\/div>\r\n                <div class=\"smalltext\"><p>Llamanos o escr\u00edbenos:<\/p><p><strong>Estaremos encantados de ayudarte personalmente.<\/strong><\/p><\/div>\r\n            <\/div>\r\n        <\/div>\r\n    <\/div>\r\n<\/div>\t\t\t\t<\/div>\n\t\t\t\t<\/div>\n\t\t\t\t\t<\/div>\n\t\t<\/div>\n\t\t\t\t\t<\/div>\n\t\t<\/section>\n\t\t\t\t<section class=\"elementor-section elementor-top-section elementor-element elementor-element-ebbf94c elementor-section-boxed elementor-section-height-default elementor-section-height-default\" data-id=\"ebbf94c\" data-element_type=\"section\" data-e-type=\"section\">\n\t\t\t\t\t\t<div class=\"elementor-container elementor-column-gap-default\">\n\t\t\t\t\t<div class=\"elementor-column elementor-col-100 elementor-top-column elementor-element elementor-element-7b14350\" data-id=\"7b14350\" data-element_type=\"column\" data-e-type=\"column\">\n\t\t\t<div class=\"elementor-widget-wrap elementor-element-populated\">\n\t\t\t\t\t\t<div class=\"elementor-element elementor-element-a4373dc elementor-widget elementor-widget-global elementor-global-9895 elementor-global-921 elementor-widget-grin-share-widget\" data-id=\"a4373dc\" data-element_type=\"widget\" data-e-type=\"widget\" data-widget_type=\"grin-share-widget.default\">\n\t\t\t\t<div class=\"elementor-widget-container\">\n\t\t\t\t\t<div class=\"share\">\n    <div class=\"footer-logo\"><\/div>\n    <div class=\"share-icons\">\n        <div class=\"shariff\" data-backend-url=\"null\" data-button-style=\"icon\" data-mail-url=\"mailto:\" data-services=\"[&quot;twitter&quot;,&quot;facebook&quot;,&quot;mail&quot;,&quot;whatsapp&quot;,&quot;linkedin&quot;]\"><\/div>\n        <div class=\"share-icon\"><a href=\"https:\/\/www.instagram.com\/grin_verlag\/\" target=\"_blank\" class=\"instagram\" rel=\"noopener\">Zu Instagram<\/a><\/div>\n    <\/div>\n<\/div>\t\t\t\t<\/div>\n\t\t\t\t<\/div>\n\t\t\t\t\t<\/div>\n\t\t<\/div>\n\t\t\t\t\t<\/div>\n\t\t<\/section>\n\t\t\t\t<\/div>\n\t\t","protected":false},"excerpt":{"rendered":"<p>Acceso abierto: \u00bfQu\u00e9 es y por qu\u00e9 vale la pena? Acceso abierto: \u00bfQu\u00e9 es? El acceso abierto significa acceso libre y gratuito a las publicaciones cient\u00edficas para todas las personas interesadas en todo el mundo. Para garantizar un uso flexible, los t\u00edtulos de acceso abierto son publicaciones electr\u00f3nicas o en l\u00ednea que tambi\u00e9n pueden publicarse [&hellip;]<\/p>\n","protected":false},"author":20,"featured_media":0,"parent":0,"menu_order":0,"comment_status":"closed","ping_status":"closed","template":"","meta":{"_acf_changed":false,"_lmt_disableupdate":"","_lmt_disable":"","footnotes":""},"class_list":["post-38629","page","type-page","status-publish","hentry"],"acf":[],"_links":{"self":[{"href":"https:\/\/www.grin.com\/es\/wp-json\/wp\/v2\/pages\/38629","targetHints":{"allow":["GET"]}}],"collection":[{"href":"https:\/\/www.grin.com\/es\/wp-json\/wp\/v2\/pages"}],"about":[{"href":"https:\/\/www.grin.com\/es\/wp-json\/wp\/v2\/types\/page"}],"author":[{"embeddable":true,"href":"https:\/\/www.grin.com\/es\/wp-json\/wp\/v2\/users\/20"}],"replies":[{"embeddable":true,"href":"https:\/\/www.grin.com\/es\/wp-json\/wp\/v2\/comments?post=38629"}],"version-history":[{"count":7,"href":"https:\/\/www.grin.com\/es\/wp-json\/wp\/v2\/pages\/38629\/revisions"}],"predecessor-version":[{"id":38653,"href":"https:\/\/www.grin.com\/es\/wp-json\/wp\/v2\/pages\/38629\/revisions\/38653"}],"wp:attachment":[{"href":"https:\/\/www.grin.com\/es\/wp-json\/wp\/v2\/media?parent=38629"}],"curies":[{"name":"wp","href":"https:\/\/api.w.org\/{rel}","templated":true}]}}