{"id":38816,"date":"2024-06-11T15:40:17","date_gmt":"2024-06-11T13:40:17","guid":{"rendered":"https:\/\/www.grin.com\/pedir-copias-del-autor-como-funciona\/"},"modified":"2024-06-11T15:56:06","modified_gmt":"2024-06-11T13:56:06","slug":"pedir-copias-del-autor-como-funciona","status":"publish","type":"page","link":"https:\/\/www.grin.com\/es\/pedir-copias-del-autor-como-funciona\/","title":{"rendered":"Pedir copias del autor: c\u00f3mo funciona"},"content":{"rendered":"\t\t<div data-elementor-type=\"wp-page\" data-elementor-id=\"38816\" class=\"elementor elementor-38816 elementor-34819\" data-elementor-post-type=\"page\">\n\t\t\t\t\t\t<section class=\"elementor-section elementor-top-section elementor-element elementor-element-ecbd225 elementor-section-boxed elementor-section-height-default elementor-section-height-default\" data-id=\"ecbd225\" data-element_type=\"section\" data-e-type=\"section\">\n\t\t\t\t\t\t<div class=\"elementor-container elementor-column-gap-default\">\n\t\t\t\t\t<div class=\"elementor-column elementor-col-100 elementor-top-column elementor-element elementor-element-8c9da89\" data-id=\"8c9da89\" data-element_type=\"column\" data-e-type=\"column\">\n\t\t\t<div class=\"elementor-widget-wrap elementor-element-populated\">\n\t\t\t\t\t\t<div class=\"elementor-element elementor-element-345d5f8 elementor-widget elementor-widget-grin-promo-teaser-widget\" data-id=\"345d5f8\" data-element_type=\"widget\" data-e-type=\"widget\" data-widget_type=\"grin-promo-teaser-widget.default\">\n\t\t\t\t<div class=\"elementor-widget-container\">\n\t\t\t\t\t<a href=\"https:\/\/www.grin.com\/login\/#account\/order-own-books\" class=\"promo-teaser\">\r\n    <div class=\"background-container\">\r\n        <div class=\"image-container\"><img decoding=\"async\" width=\"1200\" height=\"540\" src=\"https:\/\/www.grin.com\/wp-content\/uploads\/2023\/07\/eex-5.jpg\" class=\"attachment-full size-full\" alt=\", ,\" srcset=\"https:\/\/www.grin.com\/wp-content\/uploads\/2023\/07\/eex-5.jpg 1200w, https:\/\/www.grin.com\/wp-content\/uploads\/2023\/07\/eex-5-300x135.jpg 300w, https:\/\/www.grin.com\/wp-content\/uploads\/2023\/07\/eex-5-1024x461.jpg 1024w, https:\/\/www.grin.com\/wp-content\/uploads\/2023\/07\/eex-5-768x346.jpg 768w\" sizes=\"(max-width: 1200px) 100vw, 1200px\" title=\"\"><\/div>\r\n        <div class=\"texts\">\r\n            <h1 class=\"h1-like\">Copias del autor en GRIN<\/h1>\r\n            <p class=\"h2-like\">\u00a1Pide tu propio libro con un gran descuento!<\/p>\r\n            \r\n        <\/div>\r\n    <\/div>\r\n<\/a>\t\t\t\t<\/div>\n\t\t\t\t<\/div>\n\t\t\t\t\t<\/div>\n\t\t<\/div>\n\t\t\t\t\t<\/div>\n\t\t<\/section>\n\t\t\t\t<section class=\"elementor-section elementor-top-section elementor-element elementor-element-be0a442 elementor-section-boxed elementor-section-height-default elementor-section-height-default\" data-id=\"be0a442\" data-element_type=\"section\" data-e-type=\"section\">\n\t\t\t\t\t\t<div class=\"elementor-container elementor-column-gap-default\">\n\t\t\t\t\t<div class=\"elementor-column elementor-col-100 elementor-top-column elementor-element elementor-element-9c7d687\" data-id=\"9c7d687\" data-element_type=\"column\" data-e-type=\"column\">\n\t\t\t<div class=\"elementor-widget-wrap elementor-element-populated\">\n\t\t\t\t\t\t<div class=\"elementor-element elementor-element-5a5f58a elementor-widget elementor-widget-text-editor\" data-id=\"5a5f58a\" data-element_type=\"widget\" data-e-type=\"widget\" data-widget_type=\"text-editor.default\">\n\t\t\t\t<div class=\"elementor-widget-container\">\n\t\t\t\t\t\t\t\t\t<h2 class=\"small\">Copia del autor: \u00bfQu\u00e9 es eso?<\/h2><p>\u00bfHas publicado tu texto con nosotros y ahora quieres tener tu libro en tus propias manos? \u00a1No hay problema! Como autor de GRIN, puedes pedirnos tus propios t\u00edtulos con descuento como\u00a0<strong>los llamados ejemplares de autor\u00a0<\/strong> en cuanto se publiquen en versi\u00f3n impresa (te informaremos de ello por correo electr\u00f3nico). La cantidad del descuento depende de la cantidad del pedido: cuantos m\u00e1s libros a\u00f1adas a tu carrito de compra, m\u00e1s descuento tendr\u00e1s.<\/p>\t\t\t\t\t\t\t\t<\/div>\n\t\t\t\t<\/div>\n\t\t\t\t\t<\/div>\n\t\t<\/div>\n\t\t\t\t\t<\/div>\n\t\t<\/section>\n\t\t\t\t<section class=\"elementor-section elementor-top-section elementor-element elementor-element-b053e6a elementor-section-boxed elementor-section-height-default elementor-section-height-default\" data-id=\"b053e6a\" data-element_type=\"section\" data-e-type=\"section\">\n\t\t\t\t\t\t<div class=\"elementor-container elementor-column-gap-default\">\n\t\t\t\t\t<div class=\"elementor-column elementor-col-100 elementor-top-column elementor-element elementor-element-fc7d742\" data-id=\"fc7d742\" data-element_type=\"column\" data-e-type=\"column\">\n\t\t\t<div class=\"elementor-widget-wrap elementor-element-populated\">\n\t\t\t\t\t\t<div class=\"elementor-element elementor-element-7d8ef7b elementor-widget elementor-widget-text-editor\" data-id=\"7d8ef7b\" data-element_type=\"widget\" data-e-type=\"widget\" data-widget_type=\"text-editor.default\">\n\t\t\t\t<div class=\"elementor-widget-container\">\n\t\t\t\t\t\t\t\t\t<h2 class=\"small\">\u00bfC\u00f3mo funciona?<\/h2><p><span lang=\"EN-US\">En tu cuenta encontrar\u00e1s la opci\u00f3n \u00abEncargar mis libros\u00bb a la izquierda, dentro de \u00abMis textos\u00bb.<\/span><\/p>\t\t\t\t\t\t\t\t<\/div>\n\t\t\t\t<\/div>\n\t\t\t\t\t<\/div>\n\t\t<\/div>\n\t\t\t\t\t<\/div>\n\t\t<\/section>\n\t\t\t\t<section class=\"elementor-section elementor-top-section elementor-element elementor-element-c945bf5 elementor-section-boxed elementor-section-height-default elementor-section-height-default\" data-id=\"c945bf5\" data-element_type=\"section\" data-e-type=\"section\">\n\t\t\t\t\t\t<div class=\"elementor-container elementor-column-gap-default\">\n\t\t\t\t\t<div class=\"elementor-column elementor-col-100 elementor-top-column elementor-element elementor-element-8cfb777\" data-id=\"8cfb777\" data-element_type=\"column\" data-e-type=\"column\">\n\t\t\t<div class=\"elementor-widget-wrap elementor-element-populated\">\n\t\t\t\t\t\t<div class=\"elementor-element elementor-element-e11bd45 elementor-widget elementor-widget-image\" data-id=\"e11bd45\" data-element_type=\"widget\" data-e-type=\"widget\" data-widget_type=\"image.default\">\n\t\t\t\t<div class=\"elementor-widget-container\">\n\t\t\t\t\t\t\t\t\t\t\t\t\t\t\t<img decoding=\"async\" width=\"292\" height=\"721\" src=\"https:\/\/www.grin.com\/wp-content\/uploads\/2024\/06\/Eex_span.jpg\" class=\"attachment-large size-large wp-image-38823\" alt=\"Autorenaccount GRIN_spanisch\" srcset=\"https:\/\/www.grin.com\/wp-content\/uploads\/2024\/06\/Eex_span.jpg 292w, https:\/\/www.grin.com\/wp-content\/uploads\/2024\/06\/Eex_span-121x300.jpg 121w\" sizes=\"(max-width: 292px) 100vw, 292px\" title=\"\">\t\t\t\t\t\t\t\t\t\t\t\t\t\t\t<\/div>\n\t\t\t\t<\/div>\n\t\t\t\t\t<\/div>\n\t\t<\/div>\n\t\t\t\t\t<\/div>\n\t\t<\/section>\n\t\t\t\t<section class=\"elementor-section elementor-top-section elementor-element elementor-element-86ec91a elementor-section-boxed elementor-section-height-default elementor-section-height-default\" data-id=\"86ec91a\" data-element_type=\"section\" data-e-type=\"section\">\n\t\t\t\t\t\t<div class=\"elementor-container elementor-column-gap-default\">\n\t\t\t\t\t<div class=\"elementor-column elementor-col-100 elementor-top-column elementor-element elementor-element-a236414\" data-id=\"a236414\" data-element_type=\"column\" data-e-type=\"column\">\n\t\t\t<div class=\"elementor-widget-wrap elementor-element-populated\">\n\t\t\t\t\t\t<div class=\"elementor-element elementor-element-e65ba7b elementor-widget elementor-widget-text-editor\" data-id=\"e65ba7b\" data-element_type=\"widget\" data-e-type=\"widget\" data-widget_type=\"text-editor.default\">\n\t\t\t\t<div class=\"elementor-widget-container\">\n\t\t\t\t\t\t\t\t\t<p>Aqu\u00ed ver\u00e1s un resumen de todos los\u00a0<strong>t\u00edtulos que se pueden pedir<\/strong>\u00a0. Si has publicado t\u00edtulos con nosotros que solo se han publicado como e-books, no aparecer\u00e1n aqu\u00ed.<\/p><p>En el siguiente paso, selecciona el t\u00edtulo para el que deseas pedir ejemplares de autor e introduce el n\u00famero deseado o utiliza el control deslizante para cambiar la cantidad del pedido. En el lado derecho, puedes ver cu\u00e1nto descuento recibir\u00e1s en comparaci\u00f3n con el precio de venta al p\u00fablico. \u00a1Vale la pena desde el primer pedido!<\/p><p>Aqu\u00ed puedes ver la imagen cuando pides s\u00f3lo un ejemplar (= 35% de descuento sobre el precio bruto):<\/p>\t\t\t\t\t\t\t\t<\/div>\n\t\t\t\t<\/div>\n\t\t\t\t\t<\/div>\n\t\t<\/div>\n\t\t\t\t\t<\/div>\n\t\t<\/section>\n\t\t\t\t<section class=\"elementor-section elementor-top-section elementor-element elementor-element-2078f70 elementor-section-boxed elementor-section-height-default elementor-section-height-default\" data-id=\"2078f70\" data-element_type=\"section\" data-e-type=\"section\">\n\t\t\t\t\t\t<div class=\"elementor-container elementor-column-gap-default\">\n\t\t\t\t\t<div class=\"elementor-column elementor-col-100 elementor-top-column elementor-element elementor-element-17122da\" data-id=\"17122da\" data-element_type=\"column\" data-e-type=\"column\">\n\t\t\t<div class=\"elementor-widget-wrap elementor-element-populated\">\n\t\t\t\t\t\t<div class=\"elementor-element elementor-element-5980838 elementor-widget elementor-widget-image\" data-id=\"5980838\" data-element_type=\"widget\" data-e-type=\"widget\" data-widget_type=\"image.default\">\n\t\t\t\t<div class=\"elementor-widget-container\">\n\t\t\t\t\t\t\t\t\t\t\t\t\t\t\t<img decoding=\"async\" width=\"800\" height=\"156\" src=\"https:\/\/www.grin.com\/wp-content\/uploads\/2024\/06\/Eex_span_1eex-1024x200.jpg\" class=\"attachment-large size-large wp-image-38827\" alt=\"Autorenexemplar GRIN bestellen\" srcset=\"https:\/\/www.grin.com\/wp-content\/uploads\/2024\/06\/Eex_span_1eex-1024x200.jpg 1024w, https:\/\/www.grin.com\/wp-content\/uploads\/2024\/06\/Eex_span_1eex-300x58.jpg 300w, https:\/\/www.grin.com\/wp-content\/uploads\/2024\/06\/Eex_span_1eex-768x150.jpg 768w, https:\/\/www.grin.com\/wp-content\/uploads\/2024\/06\/Eex_span_1eex.jpg 1267w\" sizes=\"(max-width: 800px) 100vw, 800px\" title=\"\">\t\t\t\t\t\t\t\t\t\t\t\t\t\t\t<\/div>\n\t\t\t\t<\/div>\n\t\t\t\t\t<\/div>\n\t\t<\/div>\n\t\t\t\t\t<\/div>\n\t\t<\/section>\n\t\t\t\t<section class=\"elementor-section elementor-top-section elementor-element elementor-element-e9237fa elementor-section-boxed elementor-section-height-default elementor-section-height-default\" data-id=\"e9237fa\" data-element_type=\"section\" data-e-type=\"section\">\n\t\t\t\t\t\t<div class=\"elementor-container elementor-column-gap-default\">\n\t\t\t\t\t<div class=\"elementor-column elementor-col-100 elementor-top-column elementor-element elementor-element-2976453\" data-id=\"2976453\" data-element_type=\"column\" data-e-type=\"column\">\n\t\t\t<div class=\"elementor-widget-wrap elementor-element-populated\">\n\t\t\t\t\t\t<div class=\"elementor-element elementor-element-2279994 elementor-widget elementor-widget-text-editor\" data-id=\"2279994\" data-element_type=\"widget\" data-e-type=\"widget\" data-widget_type=\"text-editor.default\">\n\t\t\t\t<div class=\"elementor-widget-container\">\n\t\t\t\t\t\t\t\t\t<p><span lang=\"EN-US\">Y as\u00ed es como cambia el precio si pides 20 ejemplares (= 45% de descuento sobre el precio bruto):<\/span><\/p>\t\t\t\t\t\t\t\t<\/div>\n\t\t\t\t<\/div>\n\t\t\t\t\t<\/div>\n\t\t<\/div>\n\t\t\t\t\t<\/div>\n\t\t<\/section>\n\t\t\t\t<section class=\"elementor-section elementor-top-section elementor-element elementor-element-9280a46 elementor-section-boxed elementor-section-height-default elementor-section-height-default\" data-id=\"9280a46\" data-element_type=\"section\" data-e-type=\"section\">\n\t\t\t\t\t\t<div class=\"elementor-container elementor-column-gap-default\">\n\t\t\t\t\t<div class=\"elementor-column elementor-col-100 elementor-top-column elementor-element elementor-element-d1c29de\" data-id=\"d1c29de\" data-element_type=\"column\" data-e-type=\"column\">\n\t\t\t<div class=\"elementor-widget-wrap elementor-element-populated\">\n\t\t\t\t\t\t<div class=\"elementor-element elementor-element-3cf3d75 elementor-widget elementor-widget-image\" data-id=\"3cf3d75\" data-element_type=\"widget\" data-e-type=\"widget\" data-widget_type=\"image.default\">\n\t\t\t\t<div class=\"elementor-widget-container\">\n\t\t\t\t\t\t\t\t\t\t\t\t\t\t\t<img decoding=\"async\" width=\"800\" height=\"153\" src=\"https:\/\/www.grin.com\/wp-content\/uploads\/2024\/06\/Eex_span_20eex-1024x196.jpg\" class=\"attachment-large size-large wp-image-38831\" alt=\"Autorenexemplar GRIN bestellen\" srcset=\"https:\/\/www.grin.com\/wp-content\/uploads\/2024\/06\/Eex_span_20eex-1024x196.jpg 1024w, https:\/\/www.grin.com\/wp-content\/uploads\/2024\/06\/Eex_span_20eex-300x58.jpg 300w, https:\/\/www.grin.com\/wp-content\/uploads\/2024\/06\/Eex_span_20eex-768x147.jpg 768w, https:\/\/www.grin.com\/wp-content\/uploads\/2024\/06\/Eex_span_20eex.jpg 1257w\" sizes=\"(max-width: 800px) 100vw, 800px\" title=\"\">\t\t\t\t\t\t\t\t\t\t\t\t\t\t\t<\/div>\n\t\t\t\t<\/div>\n\t\t\t\t\t<\/div>\n\t\t<\/div>\n\t\t\t\t\t<\/div>\n\t\t<\/section>\n\t\t\t\t<section class=\"elementor-section elementor-top-section elementor-element elementor-element-04994cf elementor-section-boxed elementor-section-height-default elementor-section-height-default\" data-id=\"04994cf\" data-element_type=\"section\" data-e-type=\"section\">\n\t\t\t\t\t\t<div class=\"elementor-container elementor-column-gap-default\">\n\t\t\t\t\t<div class=\"elementor-column elementor-col-100 elementor-top-column elementor-element elementor-element-df6c4af\" data-id=\"df6c4af\" data-element_type=\"column\" data-e-type=\"column\">\n\t\t\t<div class=\"elementor-widget-wrap elementor-element-populated\">\n\t\t\t\t\t\t<div class=\"elementor-element elementor-element-ace57e8 elementor-widget elementor-widget-text-editor\" data-id=\"ace57e8\" data-element_type=\"widget\" data-e-type=\"widget\" data-widget_type=\"text-editor.default\">\n\t\t\t\t<div class=\"elementor-widget-container\">\n\t\t\t\t\t\t\t\t\t<h2 class=\"small\">\u00bfPara qu\u00e9 necesito ejemplares de autor?<\/h2><p>De aplicaciones a regalos de Navidad: En nuestra revista te presentamos nuestras ideas para qu\u00e9 puedes utilizar tus ejemplares de autor. Esto incluye, entre otras cosas, los posibles usos para:<\/p><ul><li>Tu entrevista de trabajo<\/li><li>Tu librer\u00eda favorita<\/li><li>Ferias y congresos<\/li><li>Tus lecturas<\/li><li>Prensa y Blogs<\/li><li>Redes Sociales<\/li><li>tu estanter\u00eda o el \u00e1rbol de Navidad<\/li><\/ul>\t\t\t\t\t\t\t\t<\/div>\n\t\t\t\t<\/div>\n\t\t\t\t\t<\/div>\n\t\t<\/div>\n\t\t\t\t\t<\/div>\n\t\t<\/section>\n\t\t\t\t<section class=\"elementor-section elementor-top-section elementor-element elementor-element-94cb60f elementor-section-boxed elementor-section-height-default elementor-section-height-default\" data-id=\"94cb60f\" data-element_type=\"section\" data-e-type=\"section\">\n\t\t\t\t\t\t<div class=\"elementor-container elementor-column-gap-default\">\n\t\t\t\t\t<div class=\"elementor-column elementor-col-100 elementor-top-column elementor-element elementor-element-1c637d6\" data-id=\"1c637d6\" data-element_type=\"column\" data-e-type=\"column\">\n\t\t\t<div class=\"elementor-widget-wrap elementor-element-populated\">\n\t\t\t\t\t\t<div class=\"elementor-element elementor-element-cc71d85 elementor-widget elementor-widget-global elementor-global-9895 elementor-global-921 elementor-widget-grin-share-widget\" data-id=\"cc71d85\" data-element_type=\"widget\" data-e-type=\"widget\" data-widget_type=\"grin-share-widget.default\">\n\t\t\t\t<div class=\"elementor-widget-container\">\n\t\t\t\t\t<div class=\"share\">\n    <div class=\"footer-logo\"><\/div>\n    <div class=\"share-icons\">\n        <div class=\"shariff\" data-backend-url=\"null\" data-button-style=\"icon\" data-mail-url=\"mailto:\" data-services=\"[&quot;twitter&quot;,&quot;facebook&quot;,&quot;mail&quot;,&quot;whatsapp&quot;,&quot;linkedin&quot;]\"><\/div>\n        <div class=\"share-icon\"><a href=\"https:\/\/www.instagram.com\/grin_verlag\/\" target=\"_blank\" class=\"instagram\" rel=\"noopener\">Zu Instagram<\/a><\/div>\n    <\/div>\n<\/div>\t\t\t\t<\/div>\n\t\t\t\t<\/div>\n\t\t\t\t\t<\/div>\n\t\t<\/div>\n\t\t\t\t\t<\/div>\n\t\t<\/section>\n\t\t\t\t<\/div>\n\t\t","protected":false},"excerpt":{"rendered":"<p>Copias del autor en GRIN \u00a1Pide tu propio libro con un gran descuento! Copia del autor: \u00bfQu\u00e9 es eso? \u00bfHas publicado tu texto con nosotros y ahora quieres tener tu libro en tus propias manos? \u00a1No hay problema! Como autor de GRIN, puedes pedirnos tus propios t\u00edtulos con descuento como\u00a0los llamados ejemplares de autor\u00a0 en [&hellip;]<\/p>\n","protected":false},"author":20,"featured_media":0,"parent":0,"menu_order":0,"comment_status":"closed","ping_status":"closed","template":"","meta":{"_acf_changed":false,"_lmt_disableupdate":"","_lmt_disable":"","footnotes":""},"class_list":["post-38816","page","type-page","status-publish","hentry"],"acf":[],"_links":{"self":[{"href":"https:\/\/www.grin.com\/es\/wp-json\/wp\/v2\/pages\/38816","targetHints":{"allow":["GET"]}}],"collection":[{"href":"https:\/\/www.grin.com\/es\/wp-json\/wp\/v2\/pages"}],"about":[{"href":"https:\/\/www.grin.com\/es\/wp-json\/wp\/v2\/types\/page"}],"author":[{"embeddable":true,"href":"https:\/\/www.grin.com\/es\/wp-json\/wp\/v2\/users\/20"}],"replies":[{"embeddable":true,"href":"https:\/\/www.grin.com\/es\/wp-json\/wp\/v2\/comments?post=38816"}],"version-history":[{"count":10,"href":"https:\/\/www.grin.com\/es\/wp-json\/wp\/v2\/pages\/38816\/revisions"}],"predecessor-version":[{"id":38840,"href":"https:\/\/www.grin.com\/es\/wp-json\/wp\/v2\/pages\/38816\/revisions\/38840"}],"wp:attachment":[{"href":"https:\/\/www.grin.com\/es\/wp-json\/wp\/v2\/media?parent=38816"}],"curies":[{"name":"wp","href":"https:\/\/api.w.org\/{rel}","templated":true}]}}