{"id":39909,"date":"2024-08-01T13:33:38","date_gmt":"2024-08-01T11:33:38","guid":{"rendered":"https:\/\/www.grin.com\/honorarbonus_neue-opciones\/"},"modified":"2024-08-01T15:34:29","modified_gmt":"2024-08-01T13:34:29","slug":"bonificacion","status":"publish","type":"page","link":"https:\/\/www.grin.com\/es\/bonificacion\/","title":{"rendered":"Bonificaci\u00f3n"},"content":{"rendered":"\t\t<div data-elementor-type=\"wp-page\" data-elementor-id=\"39909\" class=\"elementor elementor-39909 elementor-39457\" data-elementor-post-type=\"page\">\n\t\t\t\t\t\t<section class=\"elementor-section elementor-top-section elementor-element elementor-element-fd488e2 elementor-section-boxed elementor-section-height-default elementor-section-height-default\" data-id=\"fd488e2\" data-element_type=\"section\" data-e-type=\"section\">\n\t\t\t\t\t\t<div class=\"elementor-container elementor-column-gap-default\">\n\t\t\t\t\t<div class=\"elementor-column elementor-col-100 elementor-top-column elementor-element elementor-element-836a531\" data-id=\"836a531\" data-element_type=\"column\" data-e-type=\"column\">\n\t\t\t<div class=\"elementor-widget-wrap elementor-element-populated\">\n\t\t\t\t\t\t<div class=\"elementor-element elementor-element-e804487 elementor-widget elementor-widget-grin-promo-teaser-widget\" data-id=\"e804487\" data-element_type=\"widget\" data-e-type=\"widget\" data-widget_type=\"grin-promo-teaser-widget.default\">\n\t\t\t\t<div class=\"elementor-widget-container\">\n\t\t\t\t\t<a href=\"https:\/\/www.grin.com\/submission\/upload\/#\/sign-in\" class=\"promo-teaser\">\r\n    <div class=\"background-container\">\r\n        <div class=\"image-container\"><img decoding=\"async\" width=\"1200\" height=\"890\" src=\"https:\/\/www.grin.com\/wp-content\/uploads\/2024\/07\/Teaserbild.jpg\" class=\"attachment-full size-full\" alt=\"Junger Mann h\u00f6rt Musik im Freien\" srcset=\"https:\/\/www.grin.com\/wp-content\/uploads\/2024\/07\/Teaserbild.jpg 1200w, https:\/\/www.grin.com\/wp-content\/uploads\/2024\/07\/Teaserbild-300x223.jpg 300w, https:\/\/www.grin.com\/wp-content\/uploads\/2024\/07\/Teaserbild-1024x759.jpg 1024w, https:\/\/www.grin.com\/wp-content\/uploads\/2024\/07\/Teaserbild-768x570.jpg 768w\" sizes=\"(max-width: 1200px) 100vw, 1200px\" \/><\/div>\r\n        <div class=\"texts\">\r\n            <h1 class=\"h1-like\">Obt\u00e9n tu bonificaci\u00f3n <\/h1>\r\n            <p class=\"h2-like\">Recibe una bonificaci\u00f3n por cada e-book vendido<\/p>\r\n            \r\n        <\/div>\r\n    <\/div>\r\n<\/a>\t\t\t\t<\/div>\n\t\t\t\t<\/div>\n\t\t\t\t\t<\/div>\n\t\t<\/div>\n\t\t\t\t\t<\/div>\n\t\t<\/section>\n\t\t\t\t<section class=\"elementor-section elementor-top-section elementor-element elementor-element-627f237 elementor-section-boxed elementor-section-height-default elementor-section-height-default\" data-id=\"627f237\" data-element_type=\"section\" data-e-type=\"section\">\n\t\t\t\t\t\t<div class=\"elementor-container elementor-column-gap-default\">\n\t\t\t\t\t<div class=\"elementor-column elementor-col-100 elementor-top-column elementor-element elementor-element-5044a08\" data-id=\"5044a08\" data-element_type=\"column\" data-e-type=\"column\">\n\t\t\t<div class=\"elementor-widget-wrap elementor-element-populated\">\n\t\t\t\t\t\t<div class=\"elementor-element elementor-element-2689ff8 elementor-widget elementor-widget-text-editor\" data-id=\"2689ff8\" data-element_type=\"widget\" data-e-type=\"widget\" data-widget_type=\"text-editor.default\">\n\t\t\t\t<div class=\"elementor-widget-container\">\n\t\t\t\t\t\t\t\t\t<h2 class=\"small\" style=\"text-align: center;\">C\u00f3mo aumentar tus honorarios:<\/h2><p style=\"text-align: center;\">Recibe una bonificaci\u00f3n por cada e-book vendido con una o m\u00e1s de estas tres opciones.<\/p>\t\t\t\t\t\t\t\t<\/div>\n\t\t\t\t<\/div>\n\t\t\t\t\t<\/div>\n\t\t<\/div>\n\t\t\t\t\t<\/div>\n\t\t<\/section>\n\t\t\t\t<section class=\"elementor-section elementor-top-section elementor-element elementor-element-d0a11a7 elementor-section-boxed elementor-section-height-default elementor-section-height-default\" data-id=\"d0a11a7\" data-element_type=\"section\" data-e-type=\"section\">\n\t\t\t\t\t\t<div class=\"elementor-container elementor-column-gap-default\">\n\t\t\t\t\t<div class=\"elementor-column elementor-col-50 elementor-top-column elementor-element elementor-element-a7a85c0\" data-id=\"a7a85c0\" data-element_type=\"column\" data-e-type=\"column\">\n\t\t\t<div class=\"elementor-widget-wrap elementor-element-populated\">\n\t\t\t\t\t\t<div class=\"elementor-element elementor-element-6b00eee elementor-widget elementor-widget-image\" data-id=\"6b00eee\" data-element_type=\"widget\" data-e-type=\"widget\" data-widget_type=\"image.default\">\n\t\t\t\t<div class=\"elementor-widget-container\">\n\t\t\t\t\t\t\t\t\t\t\t\t\t\t\t<img decoding=\"async\" src=\"https:\/\/www.grin.com\/wp-content\/uploads\/elementor\/thumbs\/Early-Bird_Icon_umrandet-qvoox3zrsvcqxixmdf9y8x116ueqfe207s7t7nr2s0.jpg\" title=\"Early Bird_Icon_umrandet\" alt=\"#image_title\" loading=\"lazy\" \/>\t\t\t\t\t\t\t\t\t\t\t\t\t\t\t<\/div>\n\t\t\t\t<\/div>\n\t\t\t\t\t<\/div>\n\t\t<\/div>\n\t\t\t\t<div class=\"elementor-column elementor-col-50 elementor-top-column elementor-element elementor-element-2141b3e\" data-id=\"2141b3e\" data-element_type=\"column\" data-e-type=\"column\">\n\t\t\t<div class=\"elementor-widget-wrap elementor-element-populated\">\n\t\t\t\t\t\t<div class=\"elementor-element elementor-element-33b2bf2 elementor-widget elementor-widget-text-editor\" data-id=\"33b2bf2\" data-element_type=\"widget\" data-e-type=\"widget\" data-widget_type=\"text-editor.default\">\n\t\t\t\t<div class=\"elementor-widget-container\">\n\t\t\t\t\t\t\t\t\t<h2 class=\"small\"><em>Early Bird<\/em><\/h2>\n<p>Publicas tu texto dentro <strong>de los seis meses siguientes<\/strong> a su presentaci\u00f3n a la universidad.<\/p>\n\t\t\t\t\t\t\t\t<\/div>\n\t\t\t\t<\/div>\n\t\t\t\t\t<\/div>\n\t\t<\/div>\n\t\t\t\t\t<\/div>\n\t\t<\/section>\n\t\t\t\t<section class=\"elementor-section elementor-top-section elementor-element elementor-element-30de83f elementor-section-boxed elementor-section-height-default elementor-section-height-default\" data-id=\"30de83f\" data-element_type=\"section\" data-e-type=\"section\">\n\t\t\t\t\t\t<div class=\"elementor-container elementor-column-gap-default\">\n\t\t\t\t\t<div class=\"elementor-column elementor-col-50 elementor-top-column elementor-element elementor-element-f2c2415\" data-id=\"f2c2415\" data-element_type=\"column\" data-e-type=\"column\">\n\t\t\t<div class=\"elementor-widget-wrap elementor-element-populated\">\n\t\t\t\t\t\t<div class=\"elementor-element elementor-element-5736e32 elementor-widget elementor-widget-image\" data-id=\"5736e32\" data-element_type=\"widget\" data-e-type=\"widget\" data-widget_type=\"image.default\">\n\t\t\t\t<div class=\"elementor-widget-container\">\n\t\t\t\t\t\t\t\t\t\t\t\t\t\t\t<img decoding=\"async\" src=\"https:\/\/www.grin.com\/wp-content\/uploads\/elementor\/thumbs\/Treuebonus_Icon_umrandet-qvoox3zrsvcqxixmdf9y8x116ueqfe207s7t7nr2s0.jpg\" title=\"Treuebonus_Icon_umrandet\" alt=\"#image_title\" loading=\"lazy\" \/>\t\t\t\t\t\t\t\t\t\t\t\t\t\t\t<\/div>\n\t\t\t\t<\/div>\n\t\t\t\t\t<\/div>\n\t\t<\/div>\n\t\t\t\t<div class=\"elementor-column elementor-col-50 elementor-top-column elementor-element elementor-element-9f8e3cc\" data-id=\"9f8e3cc\" data-element_type=\"column\" data-e-type=\"column\">\n\t\t\t<div class=\"elementor-widget-wrap elementor-element-populated\">\n\t\t\t\t\t\t<div class=\"elementor-element elementor-element-f934d23 elementor-widget elementor-widget-text-editor\" data-id=\"f934d23\" data-element_type=\"widget\" data-e-type=\"widget\" data-widget_type=\"text-editor.default\">\n\t\t\t\t<div class=\"elementor-widget-container\">\n\t\t\t\t\t\t\t\t\t<h2 class=\"small\"><em>Loyalty Bonus<\/em><\/h2>\n<p>Publicas tu <strong>sexto texto<\/strong> o m\u00e1s.<\/p>\n\t\t\t\t\t\t\t\t<\/div>\n\t\t\t\t<\/div>\n\t\t\t\t\t<\/div>\n\t\t<\/div>\n\t\t\t\t\t<\/div>\n\t\t<\/section>\n\t\t\t\t<section class=\"elementor-section elementor-top-section elementor-element elementor-element-03899aa elementor-section-boxed elementor-section-height-default elementor-section-height-default\" data-id=\"03899aa\" data-element_type=\"section\" data-e-type=\"section\">\n\t\t\t\t\t\t<div class=\"elementor-container elementor-column-gap-default\">\n\t\t\t\t\t<div class=\"elementor-column elementor-col-50 elementor-top-column elementor-element elementor-element-f501147\" data-id=\"f501147\" data-element_type=\"column\" data-e-type=\"column\">\n\t\t\t<div class=\"elementor-widget-wrap elementor-element-populated\">\n\t\t\t\t\t\t<div class=\"elementor-element elementor-element-1a448de elementor-widget elementor-widget-image\" data-id=\"1a448de\" data-element_type=\"widget\" data-e-type=\"widget\" data-widget_type=\"image.default\">\n\t\t\t\t<div class=\"elementor-widget-container\">\n\t\t\t\t\t\t\t\t\t\t\t\t\t\t\t<img decoding=\"async\" src=\"https:\/\/www.grin.com\/wp-content\/uploads\/elementor\/thumbs\/English-Boost_Icon_umrandet-qvoox3zrsvcqxixmdf9y8x116ueqfe207s7t7nr2s0.jpg\" title=\"English Boost_Icon_umrandet\" alt=\"#image_title\" loading=\"lazy\" \/>\t\t\t\t\t\t\t\t\t\t\t\t\t\t\t<\/div>\n\t\t\t\t<\/div>\n\t\t\t\t\t<\/div>\n\t\t<\/div>\n\t\t\t\t<div class=\"elementor-column elementor-col-50 elementor-top-column elementor-element elementor-element-5a638c1\" data-id=\"5a638c1\" data-element_type=\"column\" data-e-type=\"column\">\n\t\t\t<div class=\"elementor-widget-wrap elementor-element-populated\">\n\t\t\t\t\t\t<div class=\"elementor-element elementor-element-2e8f775 elementor-widget elementor-widget-text-editor\" data-id=\"2e8f775\" data-element_type=\"widget\" data-e-type=\"widget\" data-widget_type=\"text-editor.default\">\n\t\t\t\t<div class=\"elementor-widget-container\">\n\t\t\t\t\t\t\t\t\t<h2 class=\"small\"><em>English Boost<\/em><\/h2>\n<p>Publicas un texto <strong>en ingl\u00e9s<\/strong>.<\/p>\n\t\t\t\t\t\t\t\t<\/div>\n\t\t\t\t<\/div>\n\t\t\t\t\t<\/div>\n\t\t<\/div>\n\t\t\t\t\t<\/div>\n\t\t<\/section>\n\t\t\t\t<section class=\"elementor-section elementor-top-section elementor-element elementor-element-cadd782 elementor-section-boxed elementor-section-height-default elementor-section-height-default\" data-id=\"cadd782\" data-element_type=\"section\" data-e-type=\"section\">\n\t\t\t\t\t\t<div class=\"elementor-container elementor-column-gap-default\">\n\t\t\t\t\t<div class=\"elementor-column elementor-col-100 elementor-top-column elementor-element elementor-element-b2b6a53\" data-id=\"b2b6a53\" data-element_type=\"column\" data-e-type=\"column\">\n\t\t\t<div class=\"elementor-widget-wrap elementor-element-populated\">\n\t\t\t\t\t\t<div class=\"elementor-element elementor-element-493763f elementor-widget elementor-widget-text-editor\" data-id=\"493763f\" data-element_type=\"widget\" data-e-type=\"widget\" data-widget_type=\"text-editor.default\">\n\t\t\t\t<div class=\"elementor-widget-container\">\n\t\t\t\t\t\t\t\t\t<p>Puedes combinar las tres opciones <em><strong>como quieras<\/strong><\/em>.  <\/p>\n<ul>\n<li>Si cumples los requisitos para <strong>una bonificaci\u00f3n<\/strong>, recibir\u00e1s hasta el <strong>35% de la comisi\u00f3n<\/strong>.<\/li>\n<li>Si cumples los requisitos para <strong>dos bonificaciones<\/strong>, recibir\u00e1s hasta un <strong>40% de la comisi\u00f3n<\/strong>. <\/li>\n<\/ul>\n\t\t\t\t\t\t\t\t<\/div>\n\t\t\t\t<\/div>\n\t\t\t\t\t<\/div>\n\t\t<\/div>\n\t\t\t\t\t<\/div>\n\t\t<\/section>\n\t\t\t\t<section class=\"elementor-section elementor-top-section elementor-element elementor-element-43c09af elementor-section-boxed elementor-section-height-default elementor-section-height-default\" data-id=\"43c09af\" data-element_type=\"section\" data-e-type=\"section\">\n\t\t\t\t\t\t<div class=\"elementor-container elementor-column-gap-default\">\n\t\t\t\t\t<div class=\"elementor-column elementor-col-100 elementor-top-column elementor-element elementor-element-cb22206\" data-id=\"cb22206\" data-element_type=\"column\" data-e-type=\"column\">\n\t\t\t<div class=\"elementor-widget-wrap elementor-element-populated\">\n\t\t\t\t\t\t<div class=\"elementor-element elementor-element-130215e elementor-widget elementor-widget-text-editor\" data-id=\"130215e\" data-element_type=\"widget\" data-e-type=\"widget\" data-widget_type=\"text-editor.default\">\n\t\t\t\t<div class=\"elementor-widget-container\">\n\t\t\t\t\t\t\t\t\t<p class=\"MsoNormal\"><strong><span class=\"oypena\"><span style=\"font-family: 'Arial',sans-serif; color: #333333;\">\u00bfPor qu\u00e9 existe el Early Bird?<\/span><\/span><\/strong><\/p>\n<ul>\n<li>Ofrecemos una selecci\u00f3n a\u00fan mayor de la literatura de investigaci\u00f3n actual.<\/li>\n<li><em>Tu ventaja:<\/em> Ganar\u00e1s algo de dinero extra durante tus estudios y compartir\u00e1s tus conocimientos actuales directamente.<\/li>\n<\/ul>\n<p><strong>\u00bfPor qu\u00e9 existe el English Boost?<\/strong><\/p>\n<ul>\n<li>Los cursos de estudios multiling\u00fces est\u00e1n aumentando, lo que significa que GRIN se est\u00e1 internacionalizando a\u00fan m\u00e1s. Con un texto en ingl\u00e9s, conseguir\u00e1s que tus conocimientos sean accesibles para estudiantes de todo el mundo.  <\/li>\n<li><em>Tu ventaja: <\/em>Aumentas tus posibilidades de venta ya que tu texto puede ser le\u00eddo por un p\u00fablico m\u00e1s amplio.<\/li>\n<\/ul>\n<p><strong>\u00bfPor qu\u00e9 existe el Loyalty Bonus?<\/strong><\/p>\n<ul>\n<li>Queremos agradecerte tu lealtad.<\/li>\n<li><em>Tu ventaja: <\/em>Aumentas tus posibilidades de venta al disponer de varios textos en la tienda que pueden atraer el inter\u00e9s.<\/li>\n<\/ul>\n\t\t\t\t\t\t\t\t<\/div>\n\t\t\t\t<\/div>\n\t\t\t\t\t<\/div>\n\t\t<\/div>\n\t\t\t\t\t<\/div>\n\t\t<\/section>\n\t\t\t\t<section class=\"elementor-section elementor-top-section elementor-element elementor-element-76ebeea elementor-section-boxed elementor-section-height-default elementor-section-height-default\" data-id=\"76ebeea\" data-element_type=\"section\" data-e-type=\"section\">\n\t\t\t\t\t\t<div class=\"elementor-container elementor-column-gap-default\">\n\t\t\t\t\t<div class=\"elementor-column elementor-col-100 elementor-top-column elementor-element elementor-element-4554961\" data-id=\"4554961\" data-element_type=\"column\" data-e-type=\"column\">\n\t\t\t<div class=\"elementor-widget-wrap elementor-element-populated\">\n\t\t\t\t\t\t<div class=\"elementor-element elementor-element-9c778fe elementor-align-center elementor-widget elementor-widget-button\" data-id=\"9c778fe\" data-element_type=\"widget\" data-e-type=\"widget\" data-widget_type=\"button.default\">\n\t\t\t\t<div class=\"elementor-widget-container\">\n\t\t\t\t\t\t\t\t\t<div class=\"elementor-button-wrapper\">\n\t\t\t\t\t<a class=\"elementor-button elementor-button-link elementor-size-lg\" href=\"https:\/\/www.grin.com\/submission\/upload\/#\/sign-in\">\n\t\t\t\t\t\t<span class=\"elementor-button-content-wrapper\">\n\t\t\t\t\t\t\t\t\t<span class=\"elementor-button-text\"><b>Sube tu texto ahora y obt\u00e9n tu bono<\/b><\/span>\n\t\t\t\t\t<\/span>\n\t\t\t\t\t<\/a>\n\t\t\t\t<\/div>\n\t\t\t\t\t\t\t\t<\/div>\n\t\t\t\t<\/div>\n\t\t\t\t\t<\/div>\n\t\t<\/div>\n\t\t\t\t\t<\/div>\n\t\t<\/section>\n\t\t\t\t<section class=\"elementor-section elementor-top-section elementor-element elementor-element-fec8ee6 elementor-section-boxed elementor-section-height-default elementor-section-height-default\" data-id=\"fec8ee6\" data-element_type=\"section\" data-e-type=\"section\">\n\t\t\t\t\t\t<div class=\"elementor-container elementor-column-gap-default\">\n\t\t\t\t\t<div class=\"elementor-column elementor-col-100 elementor-top-column elementor-element elementor-element-e0af359\" data-id=\"e0af359\" data-element_type=\"column\" data-e-type=\"column\">\n\t\t\t<div class=\"elementor-widget-wrap elementor-element-populated\">\n\t\t\t\t\t\t<div class=\"elementor-element elementor-element-a4eddc5 elementor-widget elementor-widget-text-editor\" data-id=\"a4eddc5\" data-element_type=\"widget\" data-e-type=\"widget\" data-widget_type=\"text-editor.default\">\n\t\t\t\t<div class=\"elementor-widget-container\">\n\t\t\t\t\t\t\t\t\t<h2 class=\"small\">Preguntas frecuentes<\/h2>\n<h3 class=\"small\">\u00bfTengo que hacer algo cuando subo mi texto o recibir\u00e9 mi bono autom\u00e1ticamente?<\/h3>\n<p>No tienes que hacer nada m\u00e1s para recibir tu bono de honorarios. Nuestro equipo editorial se encarga de todo.  <\/p>\n<h3 class=\"small\">\u00bfQu\u00e9 ocurre si cumplo con los requisitos de las tres bonificaciones? \u00bfObtendr\u00e9 m\u00e1s? <\/h3>\n<p>No, puedes conseguir <strong>un m\u00e1ximo del 40%<\/strong>, es decir, puedes combinar dos bonificaciones de cualquier tipo. <\/p>\n<h3 class=\"small\">\u00bfLa bonificaci\u00f3n tambi\u00e9n se aplica a la venta de libros?<\/h3>\n<p>S\u00ed, puedes aumentar tu comisi\u00f3n <a href=\"https:\/\/www.grin.com\/es\/regalia\/#:~:text=Honorar%20auf%20Buchverk%C3%A4ufe\">por venta de libros<\/a> hasta <strong>un 20%<\/strong> con las bonificaciones. <\/p>\n<h3 class=\"small\">\u00bfCu\u00e1ndo recibir\u00e9 mi comisi\u00f3n?<\/h3>\n<p>Tu extracto de comisiones ser\u00e1 <strong>trimestral <\/strong>como de costumbre. Recibir\u00e1s el extracto por correo electr\u00f3nico aproximadamente unas <strong>seis semanas despu\u00e9s del final de cada trimestre<\/strong>; en \u00e9l se detallar\u00e1n todas tus ventas. Recibir\u00e1s m\u00e1s informaci\u00f3n sobre todos los temas relacionados con las comisiones <a href=\"https:\/\/support.grin.com\/de\/collections\/4698595-vertrag-und-honorar-author-s-contract-and-fees\" target=\"_blank\" rel=\"noopener\">en nuestras preguntas frecuentes<\/a>.  <\/p>\n<h3 class=\"small\">\u00bfCaducar\u00e1 mi bonificaci\u00f3n retrospectivamente si ya no se cumplen los requisitos?<\/h3>\n<p>Una vez que se hayan publicado tus textos, tus bonificaciones de Early Bird y Loyalty <strong> ya no caducar\u00e1n<\/strong>.<\/p>\n\t\t\t\t\t\t\t\t<\/div>\n\t\t\t\t<\/div>\n\t\t\t\t\t<\/div>\n\t\t<\/div>\n\t\t\t\t\t<\/div>\n\t\t<\/section>\n\t\t\t\t<section class=\"elementor-section elementor-top-section elementor-element elementor-element-3a329ba elementor-section-boxed elementor-section-height-default elementor-section-height-default\" data-id=\"3a329ba\" data-element_type=\"section\" data-e-type=\"section\">\n\t\t\t\t\t\t<div class=\"elementor-container elementor-column-gap-default\">\n\t\t\t\t\t<div class=\"elementor-column elementor-col-100 elementor-top-column elementor-element elementor-element-eaff56e\" data-id=\"eaff56e\" data-element_type=\"column\" data-e-type=\"column\">\n\t\t\t<div class=\"elementor-widget-wrap elementor-element-populated\">\n\t\t\t\t\t\t<div class=\"elementor-element elementor-element-b2f45b3 elementor-widget elementor-widget-text-editor\" data-id=\"b2f45b3\" data-element_type=\"widget\" data-e-type=\"widget\" data-widget_type=\"text-editor.default\">\n\t\t\t\t<div class=\"elementor-widget-container\">\n\t\t\t\t\t\t\t\t\t<p><strong>Y adem\u00e1s\u2026<\/strong><\/p>\n<p>Tambi\u00e9n puedes utilizar el <a href=\"https:\/\/www.grin.com\/es\/nuestro-programa-de-socios-grin\/#:~:text=Hier%20findest%20du%20deinen%20Einladungslink%20f%C3%BCr%20Freund%3Ainnen%3A\">enlace de tu perfil de autor <\/a>para promocionar tus propios libros individualmente. \u00a1Por cada texto vendido, recibir\u00e1s una <strong><em>comisi\u00f3n del cinco por ciento!<\/em><\/strong> <\/p>\n\t\t\t\t\t\t\t\t<\/div>\n\t\t\t\t<\/div>\n\t\t\t\t\t<\/div>\n\t\t<\/div>\n\t\t\t\t\t<\/div>\n\t\t<\/section>\n\t\t\t\t<\/div>\n\t\t","protected":false},"excerpt":{"rendered":"<p>Obt\u00e9n tu bonificaci\u00f3n Recibe una bonificaci\u00f3n por cada e-book vendido Sube tu texto ahora C\u00f3mo aumentar tus honorarios: Recibe una bonificaci\u00f3n por cada e-book vendido con una o m\u00e1s de estas tres opciones. Early Bird Publicas tu texto dentro de los seis meses siguientes a su presentaci\u00f3n a la universidad. Loyalty Bonus Publicas tu sexto [&hellip;]<\/p>\n","protected":false},"author":20,"featured_media":0,"parent":0,"menu_order":0,"comment_status":"closed","ping_status":"closed","template":"","meta":{"_acf_changed":false,"_lmt_disableupdate":"","_lmt_disable":"","footnotes":""},"class_list":["post-39909","page","type-page","status-publish","hentry"],"acf":[],"_links":{"self":[{"href":"https:\/\/www.grin.com\/es\/wp-json\/wp\/v2\/pages\/39909","targetHints":{"allow":["GET"]}}],"collection":[{"href":"https:\/\/www.grin.com\/es\/wp-json\/wp\/v2\/pages"}],"about":[{"href":"https:\/\/www.grin.com\/es\/wp-json\/wp\/v2\/types\/page"}],"author":[{"embeddable":true,"href":"https:\/\/www.grin.com\/es\/wp-json\/wp\/v2\/users\/20"}],"replies":[{"embeddable":true,"href":"https:\/\/www.grin.com\/es\/wp-json\/wp\/v2\/comments?post=39909"}],"version-history":[{"count":10,"href":"https:\/\/www.grin.com\/es\/wp-json\/wp\/v2\/pages\/39909\/revisions"}],"predecessor-version":[{"id":39919,"href":"https:\/\/www.grin.com\/es\/wp-json\/wp\/v2\/pages\/39909\/revisions\/39919"}],"wp:attachment":[{"href":"https:\/\/www.grin.com\/es\/wp-json\/wp\/v2\/media?parent=39909"}],"curies":[{"name":"wp","href":"https:\/\/api.w.org\/{rel}","templated":true}]}}