{"id":9484,"date":"2021-01-28T13:18:09","date_gmt":"2021-01-28T12:18:09","guid":{"rendered":"https:\/\/www.grin.com\/impresion\/"},"modified":"2025-09-30T10:31:23","modified_gmt":"2025-09-30T08:31:23","slug":"aviso-legal","status":"publish","type":"page","link":"https:\/\/www.grin.com\/es\/aviso-legal\/","title":{"rendered":"Aviso legal"},"content":{"rendered":"\t\t<div data-elementor-type=\"wp-page\" data-elementor-id=\"9484\" class=\"elementor elementor-9484 elementor-3936\" data-elementor-post-type=\"page\">\n\t\t\t\t\t\t<section class=\"elementor-section elementor-top-section elementor-element elementor-element-c41725d elementor-section-boxed elementor-section-height-default elementor-section-height-default\" data-id=\"c41725d\" data-element_type=\"section\" data-e-type=\"section\">\n\t\t\t\t\t\t<div class=\"elementor-container elementor-column-gap-default\">\n\t\t\t\t\t<div class=\"elementor-column elementor-col-100 elementor-top-column elementor-element elementor-element-77d4507\" data-id=\"77d4507\" data-element_type=\"column\" data-e-type=\"column\">\n\t\t\t<div class=\"elementor-widget-wrap elementor-element-populated\">\n\t\t\t\t\t\t<div class=\"elementor-element elementor-element-8b2d4c7 elementor-widget elementor-widget-text-editor\" data-id=\"8b2d4c7\" data-element_type=\"widget\" data-e-type=\"widget\" data-widget_type=\"text-editor.default\">\n\t\t\t\t<div class=\"elementor-widget-container\">\n\t\t\t\t\t\t\t\t\t<h1>Aviso legal<\/h1>\t\t\t\t\t\t\t\t<\/div>\n\t\t\t\t<\/div>\n\t\t\t\t\t<\/div>\n\t\t<\/div>\n\t\t\t\t\t<\/div>\n\t\t<\/section>\n\t\t\t\t<section class=\"elementor-section elementor-top-section elementor-element elementor-element-bd1fe54 elementor-section-boxed elementor-section-height-default elementor-section-height-default\" data-id=\"bd1fe54\" data-element_type=\"section\" data-e-type=\"section\">\n\t\t\t\t\t\t<div class=\"elementor-container elementor-column-gap-default\">\n\t\t\t\t\t<div class=\"elementor-column elementor-col-100 elementor-top-column elementor-element elementor-element-ad54e37\" data-id=\"ad54e37\" data-element_type=\"column\" data-e-type=\"column\">\n\t\t\t<div class=\"elementor-widget-wrap elementor-element-populated\">\n\t\t\t\t\t\t<div class=\"elementor-element elementor-element-df9d779 elementor-widget elementor-widget-text-editor\" data-id=\"df9d779\" data-element_type=\"widget\" data-e-type=\"widget\" data-widget_type=\"text-editor.default\">\n\t\t\t\t<div class=\"elementor-widget-container\">\n\t\t\t\t\t\t\t\t\t<h2 class=\"small\">GRIN Publishing Ltd.<\/h2><p><strong>Sede de M\u00fanich<\/strong><br \/>Waltherstra\u00dfe 23<br \/>80337 M\u00fanich<br \/>Alemania<\/p><p><strong>Soporte telef\u00f3nico y contacto para la seguridad del producto<br \/><\/strong><br \/>De lunes a jueves<br \/>10 a.m. a 1 p.m. y 2 p.m. a 5 p.m.<\/p><p>Viernes<br \/>10 a.m. a 1 p.m. y 2 p.m. a 4 p.m.<\/p><p>Tel\u00e9fono: +49 (0)89-550559-0<\/p><p><strong>Contacto por correo electr\u00f3nico<\/strong><br \/>info@grin.com<\/p><p><strong>Libreros<\/strong><br \/>No es posible hacer pedidos de libros a editoriales. P\u00eddalo directamente a Libri, a Books on Demand (www.bod.de) o a Ingram. All\u00ed recibir\u00e1 las condiciones habituales del comercio de libros. <a href=\"https:\/\/www.grin.com\/es\/quienes-somos\/socios\/socios-comerciales\/\">Aqu\u00ed<\/a> puede encontrar un resumen de nuestros socios comerciales.<\/p><p><strong>Director general<\/strong><br \/>Kirsten-J. S\u00f6rries, CEO<br \/>Dr. Julius Mittenzwei, CTO<\/p><p><strong>Iva. Id. No.<\/strong><br \/>DE212031523<\/p><p><strong>Tribunal de Distrito de M\u00fanich<\/strong><br \/>HRB 175803<\/p><p><strong>Resoluci\u00f3n de disputas en l\u00ednea<\/strong><br \/>De conformidad con el art\u00edculo 14, apartado 1, 1 ODR-VO: La Comisi\u00f3n Europea proporciona una plataforma de resoluci\u00f3n de litigios en l\u00ednea (ODR), que se puede encontrar en http:\/\/ec.europa.eu\/consumers\/odr\/.<\/p><p>No participamos en un procedimiento de resoluci\u00f3n de disputas ante una junta de arbitraje de consumidores y no estamos obligados a hacerlo.<\/p><p><strong>Extracci\u00f3n de textos y datos<\/strong><br \/><span dir=\"ltr\">Los proveedores de servicios se reservan el derecho a utilizar sus contenidos para la extracci\u00f3n comercial de textos y datos en el sentido del art\u00edculo 44b de la Ley alemana de Propiedad Intelectual (UrhG).<\/span><\/p>\t\t\t\t\t\t\t\t<\/div>\n\t\t\t\t<\/div>\n\t\t\t\t\t<\/div>\n\t\t<\/div>\n\t\t\t\t\t<\/div>\n\t\t<\/section>\n\t\t\t\t<section class=\"elementor-section elementor-top-section elementor-element elementor-element-7bd3e11 elementor-section-boxed elementor-section-height-default elementor-section-height-default\" data-id=\"7bd3e11\" data-element_type=\"section\" data-e-type=\"section\">\n\t\t\t\t\t\t<div class=\"elementor-container elementor-column-gap-default\">\n\t\t\t\t\t<div class=\"elementor-column elementor-col-100 elementor-top-column elementor-element elementor-element-984e6c0\" data-id=\"984e6c0\" data-element_type=\"column\" data-e-type=\"column\">\n\t\t\t<div class=\"elementor-widget-wrap elementor-element-populated\">\n\t\t\t\t\t\t<div class=\"elementor-element elementor-element-1ff3bff elementor-widget elementor-widget-text-editor\" data-id=\"1ff3bff\" data-element_type=\"widget\" data-e-type=\"widget\" data-widget_type=\"text-editor.default\">\n\t\t\t\t<div class=\"elementor-widget-container\">\n\t\t\t\t\t\t\t\t\t<h2 class=\"small\">Publicidad<\/h2><p>Direcci\u00f3n de contacto para consultas publicitarias y patrocinio<\/p><p><strong>netpoint media gmbh<\/strong> <br \/>Rheinallee 60<br \/>55283 Nierstein<\/p><p>Tel\u00e9fono: +49 (0)6133.57.97.70<\/p><p>Correo electr\u00f3nico: <a href=\"mailto:media@netpoint-media.de\">media@netpoint-media.de<\/a><br \/>Web: <a href=\"http:\/\/www.netpoint-media.de\" target=\"_blank\" rel=\"noopener\">www.netpoint-media.de<\/a><\/p>\t\t\t\t\t\t\t\t<\/div>\n\t\t\t\t<\/div>\n\t\t\t\t\t<\/div>\n\t\t<\/div>\n\t\t\t\t\t<\/div>\n\t\t<\/section>\n\t\t\t\t<\/div>\n\t\t","protected":false},"excerpt":{"rendered":"<p>Aviso legal GRIN Publishing Ltd. Sede de M\u00fanichWaltherstra\u00dfe 2380337 M\u00fanichAlemania Soporte telef\u00f3nico y contacto para la seguridad del productoDe lunes a jueves10 a.m. a 1 p.m. y 2 p.m. a 5 p.m. Viernes10 a.m. a 1 p.m. y 2 p.m. a 4 p.m. Tel\u00e9fono: +49 (0)89-550559-0 Contacto por correo electr\u00f3nicoinfo@grin.com LibrerosNo es posible hacer pedidos [&hellip;]<\/p>\n","protected":false},"author":17,"featured_media":0,"parent":0,"menu_order":0,"comment_status":"closed","ping_status":"closed","template":"","meta":{"_acf_changed":false,"_lmt_disableupdate":"","_lmt_disable":"","footnotes":""},"class_list":["post-9484","page","type-page","status-publish","hentry"],"acf":[],"_links":{"self":[{"href":"https:\/\/www.grin.com\/es\/wp-json\/wp\/v2\/pages\/9484","targetHints":{"allow":["GET"]}}],"collection":[{"href":"https:\/\/www.grin.com\/es\/wp-json\/wp\/v2\/pages"}],"about":[{"href":"https:\/\/www.grin.com\/es\/wp-json\/wp\/v2\/types\/page"}],"author":[{"embeddable":true,"href":"https:\/\/www.grin.com\/es\/wp-json\/wp\/v2\/users\/17"}],"replies":[{"embeddable":true,"href":"https:\/\/www.grin.com\/es\/wp-json\/wp\/v2\/comments?post=9484"}],"version-history":[{"count":36,"href":"https:\/\/www.grin.com\/es\/wp-json\/wp\/v2\/pages\/9484\/revisions"}],"predecessor-version":[{"id":47821,"href":"https:\/\/www.grin.com\/es\/wp-json\/wp\/v2\/pages\/9484\/revisions\/47821"}],"wp:attachment":[{"href":"https:\/\/www.grin.com\/es\/wp-json\/wp\/v2\/media?parent=9484"}],"curies":[{"name":"wp","href":"https:\/\/api.w.org\/{rel}","templated":true}]}}