{"id":9486,"date":"2021-01-28T13:18:57","date_gmt":"2021-01-28T12:18:57","guid":{"rendered":"https:\/\/www.grin.com\/condiciones\/"},"modified":"2021-02-17T13:50:12","modified_gmt":"2021-02-17T12:50:12","slug":"condiciones","status":"publish","type":"page","link":"https:\/\/www.grin.com\/es\/condiciones\/","title":{"rendered":"Condiciones"},"content":{"rendered":"\t\t<div data-elementor-type=\"wp-page\" data-elementor-id=\"9486\" class=\"elementor elementor-9486 elementor-3731\" data-elementor-post-type=\"page\">\n\t\t\t\t\t\t<section class=\"elementor-section elementor-top-section elementor-element elementor-element-deca6df elementor-section-boxed elementor-section-height-default elementor-section-height-default\" data-id=\"deca6df\" data-element_type=\"section\" data-e-type=\"section\">\n\t\t\t\t\t\t<div class=\"elementor-container elementor-column-gap-default\">\n\t\t\t\t\t<div class=\"elementor-column elementor-col-100 elementor-top-column elementor-element elementor-element-f3e15b7\" data-id=\"f3e15b7\" data-element_type=\"column\" data-e-type=\"column\">\n\t\t\t<div class=\"elementor-widget-wrap elementor-element-populated\">\n\t\t\t\t\t\t<div class=\"elementor-element elementor-element-9336197 elementor-widget elementor-widget-text-editor\" data-id=\"9336197\" data-element_type=\"widget\" data-e-type=\"widget\" data-widget_type=\"text-editor.default\">\n\t\t\t\t<div class=\"elementor-widget-container\">\n\t\t\t\t\t\t\t\t\t<h1>T\u00e9rminos y condiciones para nuestros sorteos<\/h1>\n\t\t\t\t\t\t\t\t<\/div>\n\t\t\t\t<\/div>\n\t\t\t\t\t<\/div>\n\t\t<\/div>\n\t\t\t\t\t<\/div>\n\t\t<\/section>\n\t\t\t\t<section class=\"elementor-section elementor-top-section elementor-element elementor-element-cee1a78 elementor-section-boxed elementor-section-height-default elementor-section-height-default\" data-id=\"cee1a78\" data-element_type=\"section\" data-e-type=\"section\">\n\t\t\t\t\t\t<div class=\"elementor-container elementor-column-gap-default\">\n\t\t\t\t\t<div class=\"elementor-column elementor-col-100 elementor-top-column elementor-element elementor-element-2c275d0\" data-id=\"2c275d0\" data-element_type=\"column\" data-e-type=\"column\">\n\t\t\t<div class=\"elementor-widget-wrap elementor-element-populated\">\n\t\t\t\t\t\t<div class=\"elementor-element elementor-element-49edaf5 elementor-widget elementor-widget-button\" data-id=\"49edaf5\" data-element_type=\"widget\" data-e-type=\"widget\" data-widget_type=\"button.default\">\n\t\t\t\t<div class=\"elementor-widget-container\">\n\t\t\t\t\t\t\t\t\t<div class=\"elementor-button-wrapper\">\n\t\t\t\t\t<a class=\"elementor-button elementor-button-link elementor-size-lg\" href=\"https:\/\/www.grin.com\/wp-content\/uploads\/2019\/12\/teilnahmebedingungen.pdf\">\n\t\t\t\t\t\t<span class=\"elementor-button-content-wrapper\">\n\t\t\t\t\t\t\t\t\t<span class=\"elementor-button-text\">Descargar t\u00e9rminos y condiciones<\/span>\n\t\t\t\t\t<\/span>\n\t\t\t\t\t<\/a>\n\t\t\t\t<\/div>\n\t\t\t\t\t\t\t\t<\/div>\n\t\t\t\t<\/div>\n\t\t\t\t\t<\/div>\n\t\t<\/div>\n\t\t\t\t\t<\/div>\n\t\t<\/section>\n\t\t\t\t<section class=\"elementor-section elementor-top-section elementor-element elementor-element-599aee7 elementor-section-boxed elementor-section-height-default elementor-section-height-default\" data-id=\"599aee7\" data-element_type=\"section\" data-e-type=\"section\">\n\t\t\t\t\t\t<div class=\"elementor-container elementor-column-gap-default\">\n\t\t\t\t\t<div class=\"elementor-column elementor-col-100 elementor-top-column elementor-element elementor-element-6eb8f94\" data-id=\"6eb8f94\" data-element_type=\"column\" data-e-type=\"column\">\n\t\t\t<div class=\"elementor-widget-wrap elementor-element-populated\">\n\t\t\t\t\t\t<div class=\"elementor-element elementor-element-66fe48a elementor-widget elementor-widget-text-editor\" data-id=\"66fe48a\" data-element_type=\"widget\" data-e-type=\"widget\" data-widget_type=\"text-editor.default\">\n\t\t\t\t<div class=\"elementor-widget-container\">\n\t\t\t\t\t\t\t\t\t<p>El \u00fanico organizador de las competiciones es GRIN Verlag. El destinatario de la informaci\u00f3n facilitada por los participantes del editor antes mencionado.<\/p>\n<p>Como responsable de la protecci\u00f3n de datos, recopilamos sus datos con el fin de procesar estos sorteos. Esto requiere el procesamiento de su nombre y su direcci\u00f3n de correo electr\u00f3nico o direcci\u00f3n. Para ello, nos contactaremos con los ganadores por mensaje privado por correo electr\u00f3nico. El premio estar\u00e1 disponible por correo electr\u00f3nico o por correo postal. Procesamos sus datos sobre la base del Arte. un RGPD dentro del alcance del consentimiento dado por usted, que est\u00e1 impl\u00edcito en su respuesta activa a la pregunta de competencia. El tratamiento de datos m\u00e1s all\u00e1 del tratamiento del contrato de publicaci\u00f3n no tiene lugar.<\/p>\n<p>Sus datos ser\u00e1n eliminados con la p\u00e9rdida de la finalidad del tratamiento, siempre que no estemos obligados por ning\u00fan per\u00edodo legal de retenci\u00f3n (e.B. ley fiscal en el caso del ganador). Como parte del anuncio del concurso, le remitiremos a los t\u00e9rminos y condiciones de participaci\u00f3n, as\u00ed como a los detalles del tratamiento de datos en esta declaraci\u00f3n de protecci\u00f3n de datos. Su consentimiento puede ser revocado por usted en cualquier momento por correo electr\u00f3nico a info@grin.com. Sin embargo, ya no podr\u00e1s participar en la competici\u00f3n.<\/p>\n<p>Las preguntas, comentarios o quejas sobre sorteos solo deben dirigirse a GRIN Verlag.<\/p>\n<p>Solo se permite la participaci\u00f3n a personas f\u00edsicas. Los participantes deben participar en persona. Si existe la sospecha de que se han utilizado programas de ayuda o similares, el editor se reserva el derecho de excluir a los participantes de la participaci\u00f3n. Quedan excluidos de la participaci\u00f3n los representantes legales y los empleados del editor, los distribuidores y los socios comerciales, as\u00ed como todas las personas implicadas en la ejecuci\u00f3n del concurso, as\u00ed como los familiares de las personas antes mencionadas.<\/p>\n\t\t\t\t\t\t\t\t<\/div>\n\t\t\t\t<\/div>\n\t\t\t\t\t<\/div>\n\t\t<\/div>\n\t\t\t\t\t<\/div>\n\t\t<\/section>\n\t\t\t\t<section class=\"elementor-section elementor-top-section elementor-element elementor-element-b3451da elementor-section-boxed elementor-section-height-default elementor-section-height-default\" data-id=\"b3451da\" data-element_type=\"section\" data-e-type=\"section\">\n\t\t\t\t\t\t<div class=\"elementor-container elementor-column-gap-default\">\n\t\t\t\t\t<div class=\"elementor-column elementor-col-100 elementor-top-column elementor-element elementor-element-41eb757\" data-id=\"41eb757\" data-element_type=\"column\" data-e-type=\"column\">\n\t\t\t<div class=\"elementor-widget-wrap elementor-element-populated\">\n\t\t\t\t\t\t<div class=\"elementor-element elementor-element-0e453ff elementor-widget elementor-widget-global elementor-global-9895 elementor-global-921 elementor-widget-grin-share-widget\" data-id=\"0e453ff\" data-element_type=\"widget\" data-e-type=\"widget\" data-widget_type=\"grin-share-widget.default\">\n\t\t\t\t<div class=\"elementor-widget-container\">\n\t\t\t\t\t<div class=\"share\">\n    <div class=\"footer-logo\"><\/div>\n    <div class=\"share-icons\">\n        <div class=\"shariff\" data-backend-url=\"null\" data-button-style=\"icon\" data-mail-url=\"mailto:\" data-services=\"[&quot;twitter&quot;,&quot;facebook&quot;,&quot;mail&quot;,&quot;whatsapp&quot;,&quot;linkedin&quot;]\"><\/div>\n        <div class=\"share-icon\"><a href=\"https:\/\/www.instagram.com\/grin_verlag\/\" target=\"_blank\" class=\"instagram\" rel=\"noopener\">Zu Instagram<\/a><\/div>\n    <\/div>\n<\/div>\t\t\t\t<\/div>\n\t\t\t\t<\/div>\n\t\t\t\t\t<\/div>\n\t\t<\/div>\n\t\t\t\t\t<\/div>\n\t\t<\/section>\n\t\t\t\t<\/div>\n\t\t","protected":false},"excerpt":{"rendered":"<p>T\u00e9rminos y condiciones para nuestros sorteos Descargar t\u00e9rminos y condiciones El \u00fanico organizador de las competiciones es GRIN Verlag. El destinatario de la informaci\u00f3n facilitada por los participantes del editor antes mencionado. Como responsable de la protecci\u00f3n de datos, recopilamos sus datos con el fin de procesar estos sorteos. Esto requiere el procesamiento de su [&hellip;]<\/p>\n","protected":false},"author":17,"featured_media":0,"parent":0,"menu_order":0,"comment_status":"closed","ping_status":"closed","template":"","meta":{"_acf_changed":false,"_lmt_disableupdate":"","_lmt_disable":"","footnotes":""},"class_list":["post-9486","page","type-page","status-publish","hentry"],"acf":[],"_links":{"self":[{"href":"https:\/\/www.grin.com\/es\/wp-json\/wp\/v2\/pages\/9486","targetHints":{"allow":["GET"]}}],"collection":[{"href":"https:\/\/www.grin.com\/es\/wp-json\/wp\/v2\/pages"}],"about":[{"href":"https:\/\/www.grin.com\/es\/wp-json\/wp\/v2\/types\/page"}],"author":[{"embeddable":true,"href":"https:\/\/www.grin.com\/es\/wp-json\/wp\/v2\/users\/17"}],"replies":[{"embeddable":true,"href":"https:\/\/www.grin.com\/es\/wp-json\/wp\/v2\/comments?post=9486"}],"version-history":[{"count":2,"href":"https:\/\/www.grin.com\/es\/wp-json\/wp\/v2\/pages\/9486\/revisions"}],"predecessor-version":[{"id":10357,"href":"https:\/\/www.grin.com\/es\/wp-json\/wp\/v2\/pages\/9486\/revisions\/10357"}],"wp:attachment":[{"href":"https:\/\/www.grin.com\/es\/wp-json\/wp\/v2\/media?parent=9486"}],"curies":[{"name":"wp","href":"https:\/\/api.w.org\/{rel}","templated":true}]}}