{"id":9488,"date":"2021-02-05T16:28:02","date_gmt":"2021-02-05T15:28:02","guid":{"rendered":"https:\/\/www.grin.com\/socio\/"},"modified":"2021-11-17T13:01:37","modified_gmt":"2021-11-17T12:01:37","slug":"empresas-asociadas","status":"publish","type":"page","link":"https:\/\/www.grin.com\/es\/empresas-asociadas\/","title":{"rendered":"Empresas asociadas"},"content":{"rendered":"\t\t<div data-elementor-type=\"wp-page\" data-elementor-id=\"9488\" class=\"elementor elementor-9488 elementor-3533\" data-elementor-post-type=\"page\">\n\t\t\t\t\t\t<section class=\"elementor-section elementor-top-section elementor-element elementor-element-90c17dd elementor-section-boxed elementor-section-height-default elementor-section-height-default\" data-id=\"90c17dd\" data-element_type=\"section\" data-e-type=\"section\">\n\t\t\t\t\t\t<div class=\"elementor-container elementor-column-gap-default\">\n\t\t\t\t\t<div class=\"elementor-column elementor-col-100 elementor-top-column elementor-element elementor-element-fc80884\" data-id=\"fc80884\" data-element_type=\"column\" data-e-type=\"column\">\n\t\t\t<div class=\"elementor-widget-wrap elementor-element-populated\">\n\t\t\t\t\t\t<div class=\"elementor-element elementor-element-efee6f0 elementor-widget elementor-widget-text-editor\" data-id=\"efee6f0\" data-element_type=\"widget\" data-e-type=\"widget\" data-widget_type=\"text-editor.default\">\n\t\t\t\t<div class=\"elementor-widget-container\">\n\t\t\t\t\t\t\t\t\t<h1 class=\"large\">Empresas asociadas<\/h1>\t\t\t\t\t\t\t\t<\/div>\n\t\t\t\t<\/div>\n\t\t\t\t\t<\/div>\n\t\t<\/div>\n\t\t\t\t\t<\/div>\n\t\t<\/section>\n\t\t\t\t<section class=\"elementor-section elementor-top-section elementor-element elementor-element-7140231 elementor-section-boxed elementor-section-height-default elementor-section-height-default\" data-id=\"7140231\" data-element_type=\"section\" data-e-type=\"section\">\n\t\t\t\t\t\t<div class=\"elementor-container elementor-column-gap-default\">\n\t\t\t\t\t<div class=\"elementor-column elementor-col-100 elementor-top-column elementor-element elementor-element-20ef87c\" data-id=\"20ef87c\" data-element_type=\"column\" data-e-type=\"column\">\n\t\t\t<div class=\"elementor-widget-wrap elementor-element-populated\">\n\t\t\t\t\t\t<div class=\"elementor-element elementor-element-6f44807 elementor-widget elementor-widget-text-editor\" data-id=\"6f44807\" data-element_type=\"widget\" data-e-type=\"widget\" data-widget_type=\"text-editor.default\">\n\t\t\t\t<div class=\"elementor-widget-container\">\n\t\t\t\t\t\t\t\t\t<p>Conozca a las empresas asociadas de GRIN:<\/p><ul><li>\u00bfQu\u00e9 empresas est\u00e1n activas en mi campo?<\/li><li>\u00bfQu\u00e9 valores soportan las empresas?<\/li><li>\u00bfQu\u00e9 puedo esperar en mi nuevo trabajo?<\/li><li>\u00bfQui\u00e9n ofrece becas?<\/li><li>\u00bfEn qu\u00e9 empresa puedo escribir mi tesis?<\/li><li>\u00bfCu\u00e1les son las oportunidades de nivel b\u00e1sico para estudiantes y j\u00f3venes profesionales?<\/li><\/ul><p>Aqu\u00ed puede encontrar los datos m\u00e1s importantes y echar un vistazo entre bastidores. Nuestras empresas asociadas a GRIN tambi\u00e9n anuncian peri\u00f3dicamente puestos de trabajo en pr\u00e1cticas, en pr\u00e1cticas, programas de formaci\u00f3n y puestos permanentes en diversas \u00e1reas.<\/p><p>Nuestras empresas asociadas operan principalmente en el mercado de habla alemana. Puede encontrar los perfiles de las empresas en la versi\u00f3n alemana de nuestro sitio web: <a href=\"https:\/\/www.grin.com\/de\/partnerunternehmen\/\">https:\/\/www.grin.com\/de\/partnerunternehmen\/<\/a><\/p>\t\t\t\t\t\t\t\t<\/div>\n\t\t\t\t<\/div>\n\t\t\t\t\t<\/div>\n\t\t<\/div>\n\t\t\t\t\t<\/div>\n\t\t<\/section>\n\t\t\t\t<section class=\"elementor-section elementor-top-section elementor-element elementor-element-b646a65 elementor-section-boxed elementor-section-height-default elementor-section-height-default\" data-id=\"b646a65\" data-element_type=\"section\" data-e-type=\"section\">\n\t\t\t\t\t\t<div class=\"elementor-container elementor-column-gap-default\">\n\t\t\t\t\t<div class=\"elementor-column elementor-col-100 elementor-top-column elementor-element elementor-element-687ea70\" data-id=\"687ea70\" data-element_type=\"column\" data-e-type=\"column\">\n\t\t\t<div class=\"elementor-widget-wrap elementor-element-populated\">\n\t\t\t\t\t\t<div class=\"elementor-element elementor-element-b0ebd0d elementor-widget elementor-widget-global elementor-global-9895 elementor-global-921 elementor-widget-grin-share-widget\" data-id=\"b0ebd0d\" data-element_type=\"widget\" data-e-type=\"widget\" data-widget_type=\"grin-share-widget.default\">\n\t\t\t\t<div class=\"elementor-widget-container\">\n\t\t\t\t\t<div class=\"share\">\n    <div class=\"footer-logo\"><\/div>\n    <div class=\"share-icons\">\n        <div class=\"shariff\" data-backend-url=\"null\" data-button-style=\"icon\" data-mail-url=\"mailto:\" data-services=\"[&quot;twitter&quot;,&quot;facebook&quot;,&quot;mail&quot;,&quot;whatsapp&quot;,&quot;linkedin&quot;]\"><\/div>\n        <div class=\"share-icon\"><a href=\"https:\/\/www.instagram.com\/grin_verlag\/\" target=\"_blank\" class=\"instagram\" rel=\"noopener\">Zu Instagram<\/a><\/div>\n    <\/div>\n<\/div>\t\t\t\t<\/div>\n\t\t\t\t<\/div>\n\t\t\t\t\t<\/div>\n\t\t<\/div>\n\t\t\t\t\t<\/div>\n\t\t<\/section>\n\t\t\t\t<\/div>\n\t\t","protected":false},"excerpt":{"rendered":"<p>Empresas asociadas Conozca a las empresas asociadas de GRIN: \u00bfQu\u00e9 empresas est\u00e1n activas en mi campo? \u00bfQu\u00e9 valores soportan las empresas? \u00bfQu\u00e9 puedo esperar en mi nuevo trabajo? \u00bfQui\u00e9n ofrece becas? \u00bfEn qu\u00e9 empresa puedo escribir mi tesis? \u00bfCu\u00e1les son las oportunidades de nivel b\u00e1sico para estudiantes y j\u00f3venes profesionales? Aqu\u00ed puede encontrar los datos [&hellip;]<\/p>\n","protected":false},"author":17,"featured_media":0,"parent":0,"menu_order":0,"comment_status":"closed","ping_status":"closed","template":"","meta":{"_acf_changed":false,"_lmt_disableupdate":"","_lmt_disable":"","footnotes":""},"class_list":["post-9488","page","type-page","status-publish","hentry"],"acf":[],"_links":{"self":[{"href":"https:\/\/www.grin.com\/es\/wp-json\/wp\/v2\/pages\/9488","targetHints":{"allow":["GET"]}}],"collection":[{"href":"https:\/\/www.grin.com\/es\/wp-json\/wp\/v2\/pages"}],"about":[{"href":"https:\/\/www.grin.com\/es\/wp-json\/wp\/v2\/types\/page"}],"author":[{"embeddable":true,"href":"https:\/\/www.grin.com\/es\/wp-json\/wp\/v2\/users\/17"}],"replies":[{"embeddable":true,"href":"https:\/\/www.grin.com\/es\/wp-json\/wp\/v2\/comments?post=9488"}],"version-history":[{"count":9,"href":"https:\/\/www.grin.com\/es\/wp-json\/wp\/v2\/pages\/9488\/revisions"}],"predecessor-version":[{"id":23242,"href":"https:\/\/www.grin.com\/es\/wp-json\/wp\/v2\/pages\/9488\/revisions\/23242"}],"wp:attachment":[{"href":"https:\/\/www.grin.com\/es\/wp-json\/wp\/v2\/media?parent=9488"}],"curies":[{"name":"wp","href":"https:\/\/api.w.org\/{rel}","templated":true}]}}