{"id":9557,"date":"2021-02-05T13:43:02","date_gmt":"2021-02-05T12:43:02","guid":{"rendered":"https:\/\/www.grin.com\/contacto\/"},"modified":"2021-11-15T17:10:53","modified_gmt":"2021-11-15T16:10:53","slug":"contacto","status":"publish","type":"page","link":"https:\/\/www.grin.com\/es\/contacto\/","title":{"rendered":"Contacto"},"content":{"rendered":"\t\t<div data-elementor-type=\"wp-page\" data-elementor-id=\"9557\" class=\"elementor elementor-9557 elementor-2042\" data-elementor-post-type=\"page\">\n\t\t\t\t\t\t<section class=\"elementor-section elementor-top-section elementor-element elementor-element-4fc7147 elementor-section-boxed elementor-section-height-default elementor-section-height-default\" data-id=\"4fc7147\" data-element_type=\"section\" data-e-type=\"section\">\n\t\t\t\t\t\t<div class=\"elementor-container elementor-column-gap-default\">\n\t\t\t\t\t<div class=\"elementor-column elementor-col-100 elementor-top-column elementor-element elementor-element-c3f1a6d\" data-id=\"c3f1a6d\" data-element_type=\"column\" data-e-type=\"column\">\n\t\t\t<div class=\"elementor-widget-wrap elementor-element-populated\">\n\t\t\t\t\t\t<div class=\"elementor-element elementor-element-b46bed6 elementor-widget elementor-widget-text-editor\" data-id=\"b46bed6\" data-element_type=\"widget\" data-e-type=\"widget\" data-widget_type=\"text-editor.default\">\n\t\t\t\t<div class=\"elementor-widget-container\">\n\t\t\t\t\t\t\t\t\t<h1>P\u00f3ngase en contacto con el servicio de asistencia de GRIN<\/h1>\n\t\t\t\t\t\t\t\t<\/div>\n\t\t\t\t<\/div>\n\t\t\t\t\t<\/div>\n\t\t<\/div>\n\t\t\t\t\t<\/div>\n\t\t<\/section>\n\t\t\t\t<section class=\"elementor-section elementor-top-section elementor-element elementor-element-5f07278 elementor-section-boxed elementor-section-height-default elementor-section-height-default\" data-id=\"5f07278\" data-element_type=\"section\" data-e-type=\"section\">\n\t\t\t\t\t\t<div class=\"elementor-container elementor-column-gap-default\">\n\t\t\t\t\t<div class=\"elementor-column elementor-col-100 elementor-top-column elementor-element elementor-element-f40f2d2\" data-id=\"f40f2d2\" data-element_type=\"column\" data-e-type=\"column\">\n\t\t\t<div class=\"elementor-widget-wrap elementor-element-populated\">\n\t\t\t\t\t\t<div class=\"elementor-element elementor-element-dcd5cfe elementor-widget elementor-widget-text-editor\" data-id=\"dcd5cfe\" data-element_type=\"widget\" data-e-type=\"widget\" data-widget_type=\"text-editor.default\">\n\t\t\t\t<div class=\"elementor-widget-container\">\n\t\t\t\t\t\t\t\t\t<p>\u00bfTiene preguntas sobre la publicaci\u00f3n, la compra de un libro electr\u00f3nico, su contrato de autor o su cuenta GRIN? Nuestro servicio de atenci\u00f3n al cliente est\u00e1 a su disposici\u00f3n y estar\u00e1 encantado de ayudarle.<\/p>\t\t\t\t\t\t\t\t<\/div>\n\t\t\t\t<\/div>\n\t\t\t\t\t<\/div>\n\t\t<\/div>\n\t\t\t\t\t<\/div>\n\t\t<\/section>\n\t\t\t\t<section class=\"elementor-section elementor-top-section elementor-element elementor-element-c666219 elementor-section-boxed elementor-section-height-default elementor-section-height-default\" data-id=\"c666219\" data-element_type=\"section\" data-e-type=\"section\">\n\t\t\t\t\t\t<div class=\"elementor-container elementor-column-gap-default\">\n\t\t\t\t\t<div class=\"elementor-column elementor-col-100 elementor-top-column elementor-element elementor-element-c7cacea\" data-id=\"c7cacea\" data-element_type=\"column\" data-e-type=\"column\">\n\t\t\t<div class=\"elementor-widget-wrap elementor-element-populated\">\n\t\t\t\t\t\t<div class=\"elementor-element elementor-element-af583b1 elementor-widget elementor-widget-global elementor-global-9891 elementor-global-1189 elementor-widget-grin-contact-widget\" data-id=\"af583b1\" data-element_type=\"widget\" data-e-type=\"widget\" data-widget_type=\"grin-contact-widget.default\">\n\t\t\t\t<div class=\"elementor-widget-container\">\n\t\t\t\t\t<div class=\"contact\">\r\n    <div class=\"contentarea\">\r\n        <h2 class=\"small\">\u00bfTienes preguntas o necesitas apoyo?<\/h2>\r\n        <div class=\"column-container\">\r\n            <div class=\"media\">\r\n                <div class=\"image-sizer\">\r\n                    <div class=\"image-container\"><img decoding=\"async\" width=\"2560\" height=\"1707\" src=\"https:\/\/www.grin.com\/wp-content\/uploads\/2020\/10\/Support-scaled.jpg\" class=\"attachment-full size-full\" alt=\"Frau nimmt telefonische Anfrage entgegen\" srcset=\"https:\/\/www.grin.com\/wp-content\/uploads\/2020\/10\/Support-scaled.jpg 2560w, https:\/\/www.grin.com\/wp-content\/uploads\/2020\/10\/Support-300x200.jpg 300w, https:\/\/www.grin.com\/wp-content\/uploads\/2020\/10\/Support-1024x683.jpg 1024w, https:\/\/www.grin.com\/wp-content\/uploads\/2020\/10\/Support-768x512.jpg 768w, https:\/\/www.grin.com\/wp-content\/uploads\/2020\/10\/Support-1536x1024.jpg 1536w, https:\/\/www.grin.com\/wp-content\/uploads\/2020\/10\/Support-2048x1365.jpg 2048w\" sizes=\"(max-width: 2560px) 100vw, 2560px\" \/><\/div>\r\n                <\/div>\r\n            <\/div>\r\n            <div class=\"textcontent\">\r\n                <div class=\"bigtext large\"><p>Lunes a Jueves:<\/p><p>10:00-13:00 y 14:00- 17:00<\/p><p>Viernes:<\/p><p>10:00-13:00 y 14:00- 16:00<\/p><p>+49 89 550559-0<\/p><p><a href=\"mailto:info@grin.com\">info@grin.com<\/a><\/p><\/div>\r\n                <div class=\"smalltext\"><p>Llamanos o escr\u00edbenos:<\/p><p><strong>Estaremos encantados de ayudarte personalmente.<\/strong><\/p><\/div>\r\n            <\/div>\r\n        <\/div>\r\n    <\/div>\r\n<\/div>\t\t\t\t<\/div>\n\t\t\t\t<\/div>\n\t\t\t\t\t<\/div>\n\t\t<\/div>\n\t\t\t\t\t<\/div>\n\t\t<\/section>\n\t\t\t\t<section class=\"elementor-section elementor-top-section elementor-element elementor-element-a800636 elementor-section-boxed elementor-section-height-default elementor-section-height-default\" data-id=\"a800636\" data-element_type=\"section\" data-e-type=\"section\">\n\t\t\t\t\t\t<div class=\"elementor-container elementor-column-gap-default\">\n\t\t\t\t\t<div class=\"elementor-column elementor-col-100 elementor-top-column elementor-element elementor-element-88a7944\" data-id=\"88a7944\" data-element_type=\"column\" data-e-type=\"column\">\n\t\t\t<div class=\"elementor-widget-wrap elementor-element-populated\">\n\t\t\t\t\t\t<div class=\"elementor-element elementor-element-1b63be7 elementor-widget elementor-widget-text-editor\" data-id=\"1b63be7\" data-element_type=\"widget\" data-e-type=\"widget\" data-widget_type=\"text-editor.default\">\n\t\t\t\t<div class=\"elementor-widget-container\">\n\t\t\t\t\t\t\t\t\t<p>Tambi\u00e9n puede ponerse en contacto con nosotros a trav\u00e9s del siguiente formulario. Le ayudaremos personalmente con todas sus preguntas sobre GRIN.<\/p>\t\t\t\t\t\t\t\t<\/div>\n\t\t\t\t<\/div>\n\t\t\t\t\t<\/div>\n\t\t<\/div>\n\t\t\t\t\t<\/div>\n\t\t<\/section>\n\t\t\t\t<section class=\"elementor-section elementor-top-section elementor-element elementor-element-5e901a4 elementor-section-boxed elementor-section-height-default elementor-section-height-default\" data-id=\"5e901a4\" data-element_type=\"section\" data-e-type=\"section\">\n\t\t\t\t\t\t<div class=\"elementor-container elementor-column-gap-default\">\n\t\t\t\t\t<div class=\"elementor-column elementor-col-100 elementor-top-column elementor-element elementor-element-c438a6f\" data-id=\"c438a6f\" data-element_type=\"column\" data-e-type=\"column\">\n\t\t\t<div class=\"elementor-widget-wrap elementor-element-populated\">\n\t\t\t\t\t\t<div class=\"elementor-element elementor-element-2e30df6 elementor-button-align-stretch elementor-widget elementor-widget-form\" data-id=\"2e30df6\" data-element_type=\"widget\" data-e-type=\"widget\" data-settings=\"{&quot;step_next_label&quot;:&quot;N\\u00e4chster&quot;,&quot;step_previous_label&quot;:&quot;Voriger&quot;,&quot;button_width&quot;:&quot;100&quot;,&quot;step_type&quot;:&quot;number_text&quot;,&quot;step_icon_shape&quot;:&quot;circle&quot;}\" data-widget_type=\"form.default\">\n\t\t\t\t<div class=\"elementor-widget-container\">\n\t\t\t\t\t\t\t<form class=\"elementor-form\" method=\"post\" name=\"P\u00f3ngase en contacto con el soporte t\u00e9cnico\" aria-label=\"P\u00f3ngase en contacto con el soporte t\u00e9cnico\">\n\t\t\t<input type=\"hidden\" name=\"post_id\" value=\"9557\"\/>\n\t\t\t<input type=\"hidden\" name=\"form_id\" value=\"2e30df6\"\/>\n\t\t\t<input type=\"hidden\" name=\"referer_title\" value=\"\" \/>\n\n\t\t\t\n\t\t\t<div class=\"elementor-form-fields-wrapper elementor-labels-above\">\n\t\t\t\t\t\t\t\t<div class=\"elementor-field-type-text elementor-field-group elementor-column elementor-field-group-name elementor-col-100\">\n\t\t\t\t\t\t\t\t\t\t\t\t<label for=\"form-field-name\" class=\"elementor-field-label\">\n\t\t\t\t\t\t\t\tNombre Apellido\t\t\t\t\t\t\t<\/label>\n\t\t\t\t\t\t\t\t\t\t\t\t\t\t<input size=\"1\" type=\"text\" name=\"form_fields[name]\" id=\"form-field-name\" class=\"elementor-field elementor-size-sm  elementor-field-textual\" placeholder=\"Nombre Apellido\">\n\t\t\t\t\t\t\t\t\t\t\t<\/div>\n\t\t\t\t\t\t\t\t<div class=\"elementor-field-type-email elementor-field-group elementor-column elementor-field-group-email elementor-col-100 elementor-field-required elementor-mark-required\">\n\t\t\t\t\t\t\t\t\t\t\t\t<label for=\"form-field-email\" class=\"elementor-field-label\">\n\t\t\t\t\t\t\t\tDirecci\u00f3n de correo electr\u00f3nico\t\t\t\t\t\t\t<\/label>\n\t\t\t\t\t\t\t\t\t\t\t\t\t\t<input size=\"1\" type=\"email\" name=\"form_fields[email]\" id=\"form-field-email\" class=\"elementor-field elementor-size-sm  elementor-field-textual\" placeholder=\"Su direcci\u00f3n de correo electr\u00f3nico v\u00e1lida\" required=\"required\">\n\t\t\t\t\t\t\t\t\t\t\t<\/div>\n\t\t\t\t\t\t\t\t<div class=\"elementor-field-type-text\">\n\t\t\t\t\t<input size=\"1\" type=\"text\" name=\"form_fields[phone]\" id=\"form-field-phone\" class=\"elementor-field elementor-size-sm \" style=\"display:none !important;\">\t\t\t\t<\/div>\n\t\t\t\t\t\t\t\t<div class=\"elementor-field-type-textarea elementor-field-group elementor-column elementor-field-group-message elementor-col-100\">\n\t\t\t\t\t\t\t\t\t\t\t\t<label for=\"form-field-message\" class=\"elementor-field-label\">\n\t\t\t\t\t\t\t\tMensaje\t\t\t\t\t\t\t<\/label>\n\t\t\t\t\t\t<textarea class=\"elementor-field-textual elementor-field  elementor-size-sm\" name=\"form_fields[message]\" id=\"form-field-message\" rows=\"4\" placeholder=\"Opcional: Su mensaje para nosotros\"><\/textarea>\t\t\t\t<\/div>\n\t\t\t\t\t\t\t\t<div class=\"elementor-field-group elementor-column elementor-field-type-submit elementor-col-100 e-form__buttons\">\n\t\t\t\t\t<button class=\"elementor-button elementor-size-sm\" type=\"submit\">\n\t\t\t\t\t\t<span class=\"elementor-button-content-wrapper\">\n\t\t\t\t\t\t\t\t\t\t\t\t\t\t\t\t\t\t\t\t\t\t<span class=\"elementor-button-text\">Enviar<\/span>\n\t\t\t\t\t\t\t\t\t\t\t\t\t<\/span>\n\t\t\t\t\t<\/button>\n\t\t\t\t<\/div>\n\t\t\t<\/div>\n\t\t<\/form>\n\t\t\t\t\t\t<\/div>\n\t\t\t\t<\/div>\n\t\t\t\t\t<\/div>\n\t\t<\/div>\n\t\t\t\t\t<\/div>\n\t\t<\/section>\n\t\t\t\t<section class=\"elementor-section elementor-top-section elementor-element elementor-element-2c3433a elementor-section-boxed elementor-section-height-default elementor-section-height-default\" data-id=\"2c3433a\" data-element_type=\"section\" data-e-type=\"section\">\n\t\t\t\t\t\t<div class=\"elementor-container elementor-column-gap-default\">\n\t\t\t\t\t<div class=\"elementor-column elementor-col-100 elementor-top-column elementor-element elementor-element-3fd1fa7\" data-id=\"3fd1fa7\" data-element_type=\"column\" data-e-type=\"column\">\n\t\t\t<div class=\"elementor-widget-wrap elementor-element-populated\">\n\t\t\t\t\t\t<div class=\"elementor-element elementor-element-c16a55b elementor-widget elementor-widget-text-editor\" data-id=\"c16a55b\" data-element_type=\"widget\" data-e-type=\"widget\" data-widget_type=\"text-editor.default\">\n\t\t\t\t<div class=\"elementor-widget-container\">\n\t\t\t\t\t\t\t\t\t<p>GRIN Publishing GmbH, como responsable, procesa los datos personales que usted proporciona exclusivamente con el fin de responder a sus preguntas y ponerse en contacto con usted. Encontrar\u00e1 m\u00e1s informaci\u00f3n sobre la protecci\u00f3n de datos y sus derechos al respecto en nuestra <a href=\"https:\/\/www.grin.com\/es\/proteccion-de-datos\/\">declaraci\u00f3n de protecci\u00f3n de datos<\/a>.<\/p>\t\t\t\t\t\t\t\t<\/div>\n\t\t\t\t<\/div>\n\t\t\t\t\t<\/div>\n\t\t<\/div>\n\t\t\t\t\t<\/div>\n\t\t<\/section>\n\t\t\t\t<section class=\"elementor-section elementor-top-section elementor-element elementor-element-c03f207 elementor-section-boxed elementor-section-height-default elementor-section-height-default\" data-id=\"c03f207\" data-element_type=\"section\" data-e-type=\"section\">\n\t\t\t\t\t\t<div class=\"elementor-container elementor-column-gap-default\">\n\t\t\t\t\t<div class=\"elementor-column elementor-col-50 elementor-top-column elementor-element elementor-element-31ce1b6\" data-id=\"31ce1b6\" data-element_type=\"column\" data-e-type=\"column\">\n\t\t\t<div class=\"elementor-widget-wrap elementor-element-populated\">\n\t\t\t\t\t\t<div class=\"elementor-element elementor-element-eaa346d elementor-widget elementor-widget-global elementor-global-9917 elementor-global-906 elementor-widget-grin-register-teaser-widget\" data-id=\"eaa346d\" data-element_type=\"widget\" data-e-type=\"widget\" data-widget_type=\"grin-register-teaser-widget.default\">\n\t\t\t\t<div class=\"elementor-widget-container\">\n\t\t\t\t\t<div class=\"box teaser registerteaser\">\r\n    <div class=\"contentarea\">\r\n        <p class=\"small h2-like\">Publicar gratis y ganar dinero<\/p>\r\n        <a data-fancybox data-src=\"#registerHowTo .elementor-section\" href=\"#\" class=\"info\"><p><strong>C\u00f3mo funciona<\/strong><br \/>Haga clic aqu\u00ed para obtener m\u00e1s informaci\u00f3n.<\/p><\/a>\r\n        <div class=\"buttons\">\r\n            <a class=\"publish field borders green\" href=\"https:\/\/www.grin.com\/login\/\">\r\n                <span class=\"text\">\r\n                    <span class=\"text-content-container\">Reg\u00edstrese y publique ahora<\/span>\r\n                <\/span><span class=\"icon\"><\/span>\r\n            <\/a>\r\n        <\/div>\r\n    <\/div>\r\n    <div style=\"display:none\" id=\"registerHowTo\"><p>\t\t<div data-elementor-type=\"section\" data-elementor-id=\"10047\" class=\"elementor elementor-10047 elementor-795\" data-elementor-post-type=\"elementor_library\">\n\t\t\t\t\t<section class=\"elementor-section elementor-top-section elementor-element elementor-element-ab0d050 elementor-section-boxed elementor-section-height-default elementor-section-height-default\" data-id=\"ab0d050\" data-element_type=\"section\" data-e-type=\"section\">\n\t\t\t\t\t\t<div class=\"elementor-container elementor-column-gap-default\">\n\t\t\t\t\t<div class=\"elementor-column elementor-col-100 elementor-top-column elementor-element elementor-element-a331970\" data-id=\"a331970\" data-element_type=\"column\" data-e-type=\"column\">\n\t\t\t<div class=\"elementor-widget-wrap elementor-element-populated\">\n\t\t\t\t\t\t<div class=\"elementor-element elementor-element-de061ba elementor-widget elementor-widget-global elementor-global-9929 elementor-global-618 elementor-widget-grin-how-to-widget\" data-id=\"de061ba\" data-element_type=\"widget\" data-e-type=\"widget\" data-widget_type=\"grin-how-to-widget.default\">\n\t\t\t\t<div class=\"elementor-widget-container\">\n\t\t\t\t\t<div class=\"box-heading\"><h2 class=\"small\">As\u00ed es como funciona: <span class=\"green-text\">De la carga al libro terminado<\/span><\/h2>\n<\/div>\r\n<div class=\"box howto\">\r\n    <div class=\"contentarea\">\r\n        <ol class=\"tabheads\">\r\n            <li class=\"tabhead active\"><span class=\"tabheadcontent\">Reg\u00edstrese y<br>Trabajo de carga<\/span><\/li>\r\n            <li class=\"tabhead\"><span class=\"tabheadcontent\">Opci\u00f3n de tarifa<br>Elegir<\/span><\/li>\r\n            <li class=\"tabhead\"><span class=\"tabheadcontent\">Creamos su<br>E-book y libro<br>Gratis<\/span><\/li>\r\n            <li class=\"tabhead\"><span class=\"tabheadcontent\">Distribuci\u00f3n<\/span><\/li>\r\n            <li class=\"tabhead\"><span class=\"tabheadcontent\">Su cuota<\/span><\/li>\r\n        <\/ol>\r\n        <div class=\"tabcontents\">\r\n            <div class=\"tabcontent active\">\r\n                <div class=\"tabcontent-column\">\r\n                    <img decoding=\"async\" src=\"https:\/\/www.grin.com\/wp-content\/uploads\/2020\/09\/illu_sf_01.svg\" class=\"attachment-full size-full\" alt=\"Registrieren und Datei hochladen\" \/>\r\n                <\/div>\r\n                <div class=\"tabcontent-column\">\r\n                    <div class=\"tabcontent-column-content-container\">\r\n                        <p class=\"large\"><strong>Registrar y cargar el archivo<\/strong><\/p>\n<p>Haga clic en \"Iniciar sesi\u00f3n\" y reg\u00edstrese con GRIN. A continuaci\u00f3n, puede enviar su manuscrito directamente a su cuenta. Para ello, haga clic en Seleccionar archivo y cargue su archivo Word o PDF.  <\/p>\n\r\n                    <\/div>\r\n                <\/div>\r\n            <\/div>\r\n            <div class=\"tabcontent\">\r\n                <div class=\"tabcontent-column\">\r\n                    <img decoding=\"async\" src=\"https:\/\/www.grin.com\/wp-content\/uploads\/2020\/09\/illu_sf_02.svg\" class=\"attachment-full size-full\" alt=\"Honoraroption w\u00e4hlen\" \/>\r\n                <\/div>\r\n                <div class=\"tabcontent-column\">\r\n                    <div class=\"tabcontent-column-content-container\">\r\n                        <p class=\"large\"><strong>Elija una opci\u00f3n de tarifa<\/strong><\/p>\n<p>En GRIN, puede ganar en cualquier venta, recibir una tarifa \u00fanica garantizada u ofrecer su publicaci\u00f3n a los lectores de forma gratuita. Elige una de las opciones - \u00a1haremos el resto!  <\/p>\n\r\n                    <\/div>\r\n                <\/div>\r\n            <\/div>\r\n            <div class=\"tabcontent\">\r\n                <div class=\"tabcontent-column\">\r\n                    <img decoding=\"async\" src=\"https:\/\/www.grin.com\/wp-content\/uploads\/2020\/09\/illu_sf_03.svg\" class=\"attachment-full size-full\" alt=\"Wir erstellen Ihr E-Book und Buch\" \/>\r\n                <\/div>\r\n                <div class=\"tabcontent-column\">\r\n                    <div class=\"tabcontent-column-content-container\">\r\n                        <p class=\"large\"><strong>Creamos su libro electr\u00f3nico y su libro <\/strong><\/p>\n<p>A partir de su archivo de texto, nuestros editores crean un libro electr\u00f3nico terminado y un libro con su propio ISBN. Equipamos su publicaci\u00f3n con nuestra propia portada y publicamos su texto en nuestra tienda online.  <\/p>\n\r\n                    <\/div>\r\n                <\/div>\r\n            <\/div>\r\n            <div class=\"tabcontent\">\r\n                <div class=\"tabcontent-column\">\r\n                    <img decoding=\"async\" src=\"https:\/\/www.grin.com\/wp-content\/uploads\/2020\/09\/illu_sf_04.svg\" class=\"attachment-full size-full\" alt=\"Weltweiter Vertrieb\" \/>\r\n                <\/div>\r\n                <div class=\"tabcontent-column\">\r\n                    <div class=\"tabcontent-column-content-container\">\r\n                        <p class=\"large\"><strong>Ventas mundiales<\/strong><\/p>\n<p>La publicaci\u00f3n en GRIN incluye no s\u00f3lo nuestra propia tienda, sino tambi\u00e9n una red de distribuci\u00f3n mundial de m\u00e1s de 300 tiendas en l\u00ednea. Su libro tambi\u00e9n est\u00e1 disponible en las librer\u00edas locales.  <\/p>\n\r\n                    <\/div>\r\n                <\/div>\r\n            <\/div>\r\n            <div class=\"tabcontent\">\r\n                <div class=\"tabcontent-column\">\r\n                    <img decoding=\"async\" src=\"https:\/\/www.grin.com\/wp-content\/uploads\/2020\/09\/illu_sf_05.svg\" class=\"attachment-full size-full\" alt=\"Hohes Autorenhonorar erhalten\" \/>\r\n                <\/div>\r\n                <div class=\"tabcontent-column\">\r\n                    <div class=\"tabcontent-column-content-container\">\r\n                        <p class=\"large\"><strong>Alta tarifa de autor recibida<\/strong><\/p>\n<p>\u00a1Si\u00e9ntate y gana dinero! Si elige nuestra opci\u00f3n de tarifa, se beneficiar\u00e1 de cada venta. GRIN paga una alta cuota de autor de hasta el 35%.  <\/p>\n\r\n                    <\/div>\r\n                <\/div>\r\n            <\/div>\r\n        <\/div>\r\n    <\/div>\r\n    <div class=\"control\">\r\n        <div class=\"buttons\">\r\n            <a class=\"publish field borders green\" href=\"https:\/\/www.grin.com\/login\/\">\r\n                <span class=\"text\">\r\n                    <span class=\"text-content-container\">Reg\u00edstrese y publique ahora<\/span>\r\n                <\/span><span class=\"icon\"><\/span>\r\n            <\/a>\r\n        <\/div>\r\n        <div class=\"tabnav\">\r\n            <a href=\"#\" class=\"nav nav-previous\">Vorheriges<\/a>\r\n            <a href=\"#\" class=\"nav nav-next\">N\u00e4chstes<\/a>\r\n        <\/div>\r\n    <\/div>\r\n<\/div>\t\t\t\t<\/div>\n\t\t\t\t<\/div>\n\t\t\t\t\t<\/div>\n\t\t<\/div>\n\t\t\t\t\t<\/div>\n\t\t<\/section>\n\t\t\t\t<\/div>\n\t\t<\/p>\n<\/div>\r\n    <script>\r\n        var randomUniqueId = (Math.random() + \"\").substr(2);\r\n        var idElement1 = document.querySelector(\"#registerHowTo\");      \/\/ get the first match (should be this one, after this script run, this will not match anymore)\r\n        var refIdElement1 = idElement1.parentElement.querySelector(\"[data-fancybox][data-src]\");\r\n        refIdElement1.setAttribute(\"data-src\", refIdElement1.getAttribute(\"data-src\").replace(idElement1.id, idElement1.id + randomUniqueId));\r\n        idElement1.id += randomUniqueId;\r\n    <\/script>\r\n<\/div>\t\t\t\t<\/div>\n\t\t\t\t<\/div>\n\t\t\t\t\t<\/div>\n\t\t<\/div>\n\t\t\t\t<div class=\"elementor-column elementor-col-50 elementor-top-column elementor-element elementor-element-ad61289\" data-id=\"ad61289\" data-element_type=\"column\" data-e-type=\"column\">\n\t\t\t<div class=\"elementor-widget-wrap elementor-element-populated\">\n\t\t\t\t\t\t<div class=\"elementor-element elementor-element-b114d3e elementor-widget elementor-widget-global elementor-global-9915 elementor-global-909 elementor-widget-grin-search-teaser-widget\" data-id=\"b114d3e\" data-element_type=\"widget\" data-e-type=\"widget\" data-widget_type=\"grin-search-teaser-widget.default\">\n\t\t\t\t<div class=\"elementor-widget-container\">\n\t\t\t\t\t<div class=\"box teaser searchteaser\">\r\n    <div class=\"contentarea\">\r\n        <p class=\"small h2-like\">Encuentra lo que buscas<\/p>\r\n        <div><p>Investigaci\u00f3n sobre temas cient\u00edficos en m\u00e1s de 200.000 publicaciones de alta calidad.<\/p>\n<\/div>\r\n        <div class=\"buttons\">\r\n            <div class=\"searchtoggle field borders green mobile-only-block\">\r\n                <span class=\"icon\"><\/span>\r\n            <\/div>\r\n            <form class=\"search field borders green\" action=\"#\">\r\n                <input type=\"text\" placeholder=\"Estoy buscando...\" data-widget=\"SearchTagAutocomplete\" class=\"text\"><span class=\"icon\"><\/span>\r\n            <\/form>\r\n        <\/div>\r\n    <\/div>\r\n<\/div>\t\t\t\t<\/div>\n\t\t\t\t<\/div>\n\t\t\t\t\t<\/div>\n\t\t<\/div>\n\t\t\t\t\t<\/div>\n\t\t<\/section>\n\t\t\t\t<\/div>\n\t\t","protected":false},"excerpt":{"rendered":"<p>P\u00f3ngase en contacto con el servicio de asistencia de GRIN \u00bfTiene preguntas sobre la publicaci\u00f3n, la compra de un libro electr\u00f3nico, su contrato de autor o su cuenta GRIN? Nuestro servicio de atenci\u00f3n al cliente est\u00e1 a su disposici\u00f3n y estar\u00e1 encantado de ayudarle. \u00bfTiene preguntas o necesita apoyo? Lunes a Viernes: 10:00-13:00y 14:00- 17:00 [&hellip;]<\/p>\n","protected":false},"author":17,"featured_media":0,"parent":0,"menu_order":0,"comment_status":"closed","ping_status":"closed","template":"","meta":{"_acf_changed":false,"_lmt_disableupdate":"","_lmt_disable":"","footnotes":""},"class_list":["post-9557","page","type-page","status-publish","hentry"],"acf":[],"_links":{"self":[{"href":"https:\/\/www.grin.com\/es\/wp-json\/wp\/v2\/pages\/9557","targetHints":{"allow":["GET"]}}],"collection":[{"href":"https:\/\/www.grin.com\/es\/wp-json\/wp\/v2\/pages"}],"about":[{"href":"https:\/\/www.grin.com\/es\/wp-json\/wp\/v2\/types\/page"}],"author":[{"embeddable":true,"href":"https:\/\/www.grin.com\/es\/wp-json\/wp\/v2\/users\/17"}],"replies":[{"embeddable":true,"href":"https:\/\/www.grin.com\/es\/wp-json\/wp\/v2\/comments?post=9557"}],"version-history":[{"count":11,"href":"https:\/\/www.grin.com\/es\/wp-json\/wp\/v2\/pages\/9557\/revisions"}],"predecessor-version":[{"id":22798,"href":"https:\/\/www.grin.com\/es\/wp-json\/wp\/v2\/pages\/9557\/revisions\/22798"}],"wp:attachment":[{"href":"https:\/\/www.grin.com\/es\/wp-json\/wp\/v2\/media?parent=9557"}],"curies":[{"name":"wp","href":"https:\/\/api.w.org\/{rel}","templated":true}]}}