{"id":9609,"date":"2021-11-16T16:16:25","date_gmt":"2021-11-16T15:16:25","guid":{"rendered":"https:\/\/www.grin.com\/filosofia\/"},"modified":"2021-11-16T16:22:04","modified_gmt":"2021-11-16T15:22:04","slug":"filosofia","status":"publish","type":"page","link":"https:\/\/www.grin.com\/es\/quienes-somos\/filosofia\/","title":{"rendered":"Filosof\u00eda"},"content":{"rendered":"\t\t<div data-elementor-type=\"wp-page\" data-elementor-id=\"9609\" class=\"elementor elementor-9609 elementor-415\" data-elementor-post-type=\"page\">\n\t\t\t\t\t\t<section class=\"elementor-section elementor-top-section elementor-element elementor-element-81bf635 elementor-section-boxed elementor-section-height-default elementor-section-height-default\" data-id=\"81bf635\" data-element_type=\"section\" data-e-type=\"section\">\n\t\t\t\t\t\t<div class=\"elementor-container elementor-column-gap-default\">\n\t\t\t\t\t<div class=\"elementor-column elementor-col-100 elementor-top-column elementor-element elementor-element-ec8fa84\" data-id=\"ec8fa84\" data-element_type=\"column\" data-e-type=\"column\">\n\t\t\t<div class=\"elementor-widget-wrap elementor-element-populated\">\n\t\t\t\t\t\t<div class=\"elementor-element elementor-element-0c3ae3b elementor-widget elementor-widget-text-editor\" data-id=\"0c3ae3b\" data-element_type=\"widget\" data-e-type=\"widget\" data-widget_type=\"text-editor.default\">\n\t\t\t\t<div class=\"elementor-widget-container\">\n\t\t\t\t\t\t\t\t\t<h1 class=\"large\">Filosof\u00eda<\/h1>\n\t\t\t\t\t\t\t\t<\/div>\n\t\t\t\t<\/div>\n\t\t\t\t\t<\/div>\n\t\t<\/div>\n\t\t\t\t\t<\/div>\n\t\t<\/section>\n\t\t\t\t<section class=\"elementor-section elementor-top-section elementor-element elementor-element-cfc4b3b elementor-section-boxed elementor-section-height-default elementor-section-height-default\" data-id=\"cfc4b3b\" data-element_type=\"section\" data-e-type=\"section\">\n\t\t\t\t\t\t<div class=\"elementor-container elementor-column-gap-default\">\n\t\t\t\t\t<div class=\"elementor-column elementor-col-100 elementor-top-column elementor-element elementor-element-8f5ea60\" data-id=\"8f5ea60\" data-element_type=\"column\" data-e-type=\"column\">\n\t\t\t<div class=\"elementor-widget-wrap elementor-element-populated\">\n\t\t\t\t\t\t<div class=\"elementor-element elementor-element-e65899d elementor-widget elementor-widget-text-editor\" data-id=\"e65899d\" data-element_type=\"widget\" data-e-type=\"widget\" data-widget_type=\"text-editor.default\">\n\t\t\t\t<div class=\"elementor-widget-container\">\n\t\t\t\t\t\t\t\t\t<p>La difusi\u00f3n de la experiencia est\u00e1 en el coraz\u00f3n de GRIN. Ofrecemos textos cient\u00edficos de todas las \u00e1reas tem\u00e1ticas y a todos los niveles acad\u00e9micos una plataforma para su publicaci\u00f3n. Esto ha dado lugar a una amplia gama de informaci\u00f3n especializada que apoya a los lectores de todo el mundo en su trabajo cient\u00edfico. Como empresa, GRIN es sin\u00f3nimo de competencia en el mercado del libro digital, contenido relevante para los estudiantes y servicio al cliente personal.<\/p>\n\t\t\t\t\t\t\t\t<\/div>\n\t\t\t\t<\/div>\n\t\t\t\t\t<\/div>\n\t\t<\/div>\n\t\t\t\t\t<\/div>\n\t\t<\/section>\n\t\t\t\t<section class=\"elementor-section elementor-top-section elementor-element elementor-element-8375269 elementor-section-boxed elementor-section-height-default elementor-section-height-default\" data-id=\"8375269\" data-element_type=\"section\" data-e-type=\"section\">\n\t\t\t\t\t\t<div class=\"elementor-container elementor-column-gap-default\">\n\t\t\t\t\t<div class=\"elementor-column elementor-col-100 elementor-top-column elementor-element elementor-element-a708bc5\" data-id=\"a708bc5\" data-element_type=\"column\" data-e-type=\"column\">\n\t\t\t<div class=\"elementor-widget-wrap elementor-element-populated\">\n\t\t\t\t\t\t<div class=\"elementor-element elementor-element-771b3bf elementor-widget elementor-widget-text-editor\" data-id=\"771b3bf\" data-element_type=\"widget\" data-e-type=\"widget\" data-widget_type=\"text-editor.default\">\n\t\t\t\t<div class=\"elementor-widget-container\">\n\t\t\t\t\t\t\t\t\t<h2 class=\"small\">Socio competente para la publicaci\u00f3n profesional<\/h2>\n<p>GRIN se ve a s\u00ed misma no s\u00f3lo como una plataforma de publicaci\u00f3n, sino como un socio que apoya a sus autores en la publicaci\u00f3n y todas las preguntas relacionadas con la publicaci\u00f3n. Nuestro sitio web proporciona toda la informaci\u00f3n importante sobre la publicaci\u00f3n cient\u00edfica, desde la escritura inicial hasta la comercializaci\u00f3n del libro terminado. Con nuestras publicaciones profesionales, tambi\u00e9n apoyamos a nuestros autores en sus carreras cient\u00edficas. Todos los t\u00edtulos de GRIN aparecen con ISBN y en nuestra red de distribuci\u00f3n mundial.<\/p>\n\t\t\t\t\t\t\t\t<\/div>\n\t\t\t\t<\/div>\n\t\t\t\t\t<\/div>\n\t\t<\/div>\n\t\t\t\t\t<\/div>\n\t\t<\/section>\n\t\t\t\t<section class=\"elementor-section elementor-top-section elementor-element elementor-element-a5a73e2 elementor-section-boxed elementor-section-height-default elementor-section-height-default\" data-id=\"a5a73e2\" data-element_type=\"section\" data-e-type=\"section\">\n\t\t\t\t\t\t<div class=\"elementor-container elementor-column-gap-default\">\n\t\t\t\t\t<div class=\"elementor-column elementor-col-100 elementor-top-column elementor-element elementor-element-2d3984f\" data-id=\"2d3984f\" data-element_type=\"column\" data-e-type=\"column\">\n\t\t\t<div class=\"elementor-widget-wrap elementor-element-populated\">\n\t\t\t\t\t\t<div class=\"elementor-element elementor-element-7d04eb3 elementor-widget elementor-widget-grin-testimonials-widget\" data-id=\"7d04eb3\" data-element_type=\"widget\" data-e-type=\"widget\" data-widget_type=\"grin-testimonials-widget.default\">\n\t\t\t\t<div class=\"elementor-widget-container\">\n\t\t\t\t\t<div class=\"box testimonials\">\r\n    <div class=\"contentarea\">\r\n        <h2 class=\"small\">Autores exitosos - clientes satisfechos:<\/h2>\r\n        <div class=\"slider-container\" data-itemsperslide=\"2\" data-gutter=\"86\"><div class=\"slide-item\">\r\n    <div class=\"media\">\r\n        <div class=\"image-sizer\">\r\n            <div class=\"image-container\"><img decoding=\"async\" width=\"1080\" height=\"1080\" src=\"https:\/\/www.grin.com\/wp-content\/uploads\/2020\/11\/review.jpg\" class=\"attachment-full size-full\" alt=\"5 Sterne Bewertung\" srcset=\"https:\/\/www.grin.com\/wp-content\/uploads\/2020\/11\/review.jpg 1080w, https:\/\/www.grin.com\/wp-content\/uploads\/2020\/11\/review-300x300.jpg 300w, https:\/\/www.grin.com\/wp-content\/uploads\/2020\/11\/review-1024x1024.jpg 1024w, https:\/\/www.grin.com\/wp-content\/uploads\/2020\/11\/review-150x150.jpg 150w, https:\/\/www.grin.com\/wp-content\/uploads\/2020\/11\/review-768x768.jpg 768w\" sizes=\"(max-width: 1080px) 100vw, 1080px\" title=\"\"><\/div>\r\n        <\/div>\r\n    <\/div>\r\n    <div class=\"textcontent\">\r\n        <div class=\"quote\">La publicaci\u00f3n de tratados sobre temas muy espec\u00edficos es una enorme ayuda en la b\u00fasqueda de literatura. La compra y la entrega tambi\u00e9n funcionan sin problemas. Muchas gracias.<\/div>\r\n        <div class=\"signature\">An\u00f3nimo<\/div>\r\n    <\/div>\r\n<\/div><div class=\"slide-item\">\r\n    <div class=\"media\">\r\n        <div class=\"image-sizer\">\r\n            <div class=\"image-container\"><img decoding=\"async\" width=\"1080\" height=\"1080\" src=\"https:\/\/www.grin.com\/wp-content\/uploads\/2020\/11\/review.jpg\" class=\"attachment-full size-full\" alt=\"5 Sterne Bewertung\" srcset=\"https:\/\/www.grin.com\/wp-content\/uploads\/2020\/11\/review.jpg 1080w, https:\/\/www.grin.com\/wp-content\/uploads\/2020\/11\/review-300x300.jpg 300w, https:\/\/www.grin.com\/wp-content\/uploads\/2020\/11\/review-1024x1024.jpg 1024w, https:\/\/www.grin.com\/wp-content\/uploads\/2020\/11\/review-150x150.jpg 150w, https:\/\/www.grin.com\/wp-content\/uploads\/2020\/11\/review-768x768.jpg 768w\" sizes=\"(max-width: 1080px) 100vw, 1080px\" title=\"\"><\/div>\r\n        <\/div>\r\n    <\/div>\r\n    <div class=\"textcontent\">\r\n        <div class=\"quote\">Para m\u00ed, GRIN Verlag significa: ventas exitosas, procedimiento extremadamente simple, servicio amigable y orientado a soluciones.<\/div>\r\n        <div class=\"signature\">Despina Leonhard<\/div>\r\n    <\/div>\r\n<\/div><div class=\"slide-item\">\r\n    <div class=\"media\">\r\n        <div class=\"image-sizer\">\r\n            <div class=\"image-container\"><img decoding=\"async\" width=\"1080\" height=\"1080\" src=\"https:\/\/www.grin.com\/wp-content\/uploads\/2020\/11\/review.jpg\" class=\"attachment-full size-full\" alt=\"5 Sterne Bewertung\" srcset=\"https:\/\/www.grin.com\/wp-content\/uploads\/2020\/11\/review.jpg 1080w, https:\/\/www.grin.com\/wp-content\/uploads\/2020\/11\/review-300x300.jpg 300w, https:\/\/www.grin.com\/wp-content\/uploads\/2020\/11\/review-1024x1024.jpg 1024w, https:\/\/www.grin.com\/wp-content\/uploads\/2020\/11\/review-150x150.jpg 150w, https:\/\/www.grin.com\/wp-content\/uploads\/2020\/11\/review-768x768.jpg 768w\" sizes=\"(max-width: 1080px) 100vw, 1080px\" title=\"\"><\/div>\r\n        <\/div>\r\n    <\/div>\r\n    <div class=\"textcontent\">\r\n        <div class=\"quote\">La oferta en su conjunto es muy interesante, el pedido y la entrega funcionaron muy bien. Le gustar\u00eda escribir usted mismo y ofrecerlo a la venta. El concepto es concluyente. Sigue teniendo \u00e9xito y todo lo mejor.<\/div>\r\n        <div class=\"signature\">An\u00f3nimo<\/div>\r\n    <\/div>\r\n<\/div><div class=\"slide-item\">\r\n    <div class=\"media\">\r\n        <div class=\"image-sizer\">\r\n            <div class=\"image-container\"><img decoding=\"async\" width=\"1080\" height=\"1080\" src=\"https:\/\/www.grin.com\/wp-content\/uploads\/2020\/11\/review.jpg\" class=\"attachment-full size-full\" alt=\"5 Sterne Bewertung\" srcset=\"https:\/\/www.grin.com\/wp-content\/uploads\/2020\/11\/review.jpg 1080w, https:\/\/www.grin.com\/wp-content\/uploads\/2020\/11\/review-300x300.jpg 300w, https:\/\/www.grin.com\/wp-content\/uploads\/2020\/11\/review-1024x1024.jpg 1024w, https:\/\/www.grin.com\/wp-content\/uploads\/2020\/11\/review-150x150.jpg 150w, https:\/\/www.grin.com\/wp-content\/uploads\/2020\/11\/review-768x768.jpg 768w\" sizes=\"(max-width: 1080px) 100vw, 1080px\" title=\"\"><\/div>\r\n        <\/div>\r\n    <\/div>\r\n    <div class=\"textcontent\">\r\n        <div class=\"quote\">Gracias a GRIN, no s\u00f3lo estoy escribiendo para el caj\u00f3n, sino que puedo compartir mis intereses de investigaci\u00f3n con un gran n\u00famero de personas de afines.<\/div>\r\n        <div class=\"signature\">Simone Lackerbauer<\/div>\r\n    <\/div>\r\n<\/div><div class=\"slide-item\">\r\n    <div class=\"media\">\r\n        <div class=\"image-sizer\">\r\n            <div class=\"image-container\"><img decoding=\"async\" width=\"1080\" height=\"1080\" src=\"https:\/\/www.grin.com\/wp-content\/uploads\/2020\/11\/review.jpg\" class=\"attachment-full size-full\" alt=\"5 Sterne Bewertung\" srcset=\"https:\/\/www.grin.com\/wp-content\/uploads\/2020\/11\/review.jpg 1080w, https:\/\/www.grin.com\/wp-content\/uploads\/2020\/11\/review-300x300.jpg 300w, https:\/\/www.grin.com\/wp-content\/uploads\/2020\/11\/review-1024x1024.jpg 1024w, https:\/\/www.grin.com\/wp-content\/uploads\/2020\/11\/review-150x150.jpg 150w, https:\/\/www.grin.com\/wp-content\/uploads\/2020\/11\/review-768x768.jpg 768w\" sizes=\"(max-width: 1080px) 100vw, 1080px\" title=\"\"><\/div>\r\n        <\/div>\r\n    <\/div>\r\n    <div class=\"textcontent\">\r\n        <div class=\"quote\">\u00a1Todos ARRIBA! La selecci\u00f3n, la relaci\u00f3n precio\/rendimiento, la visi\u00f3n general de la tienda y la velocidad de entrega... no desea que se desee.<\/div>\r\n        <div class=\"signature\">An\u00f3nimo<\/div>\r\n    <\/div>\r\n<\/div><div class=\"slide-item\">\r\n    <div class=\"media\">\r\n        <div class=\"image-sizer\">\r\n            <div class=\"image-container\"><img decoding=\"async\" width=\"1080\" height=\"1080\" src=\"https:\/\/www.grin.com\/wp-content\/uploads\/2020\/11\/review.jpg\" class=\"attachment-full size-full\" alt=\"5 Sterne Bewertung\" srcset=\"https:\/\/www.grin.com\/wp-content\/uploads\/2020\/11\/review.jpg 1080w, https:\/\/www.grin.com\/wp-content\/uploads\/2020\/11\/review-300x300.jpg 300w, https:\/\/www.grin.com\/wp-content\/uploads\/2020\/11\/review-1024x1024.jpg 1024w, https:\/\/www.grin.com\/wp-content\/uploads\/2020\/11\/review-150x150.jpg 150w, https:\/\/www.grin.com\/wp-content\/uploads\/2020\/11\/review-768x768.jpg 768w\" sizes=\"(max-width: 1080px) 100vw, 1080px\" title=\"\"><\/div>\r\n        <\/div>\r\n    <\/div>\r\n    <div class=\"textcontent\">\r\n        <div class=\"quote\">La publicaci\u00f3n es r\u00e1pida y directa. \u00a1El equipo de Grin es muy profesional!<\/div>\r\n        <div class=\"signature\">Arthur Gogohia<\/div>\r\n    <\/div>\r\n<\/div><\/div>\r\n    <\/div>\r\n    <div class=\"control\">\r\n        <div class=\"tabnav\">\r\n            <a href=\"#\" class=\"nav nav-previous\">Vorheriges<\/a>\r\n            <a href=\"#\" class=\"nav nav-next\">N\u00e4chstes<\/a>\r\n        <\/div>\r\n    <\/div>\r\n<\/div>\t\t\t\t<\/div>\n\t\t\t\t<\/div>\n\t\t\t\t\t<\/div>\n\t\t<\/div>\n\t\t\t\t\t<\/div>\n\t\t<\/section>\n\t\t\t\t<section class=\"elementor-section elementor-top-section elementor-element elementor-element-095b595 elementor-section-boxed elementor-section-height-default elementor-section-height-default\" data-id=\"095b595\" data-element_type=\"section\" data-e-type=\"section\">\n\t\t\t\t\t\t<div class=\"elementor-container elementor-column-gap-default\">\n\t\t\t\t\t<div class=\"elementor-column elementor-col-100 elementor-top-column elementor-element elementor-element-eaf1e98\" data-id=\"eaf1e98\" data-element_type=\"column\" data-e-type=\"column\">\n\t\t\t<div class=\"elementor-widget-wrap elementor-element-populated\">\n\t\t\t\t\t\t<div class=\"elementor-element elementor-element-9d13786 elementor-widget elementor-widget-text-editor\" data-id=\"9d13786\" data-element_type=\"widget\" data-e-type=\"widget\" data-widget_type=\"text-editor.default\">\n\t\t\t\t<div class=\"elementor-widget-container\">\n\t\t\t\t\t\t\t\t\t<h2 class=\"small\">Compa\u00f1ero para cada etapa de estudio<\/h2><p>Ya sea escribiendo las primeras trabajos escritos o justo antes de comenzar una carrera, surgen muchos desaf\u00edos durante sus estudios. GRIN es un socio fiable en todas las fases de sus estudios. Ofrecemos instrucciones y plantillas para la escritura cient\u00edfica y el formato del texto, as\u00ed como asistencia para comenzar en la vida profesional.<\/p>\t\t\t\t\t\t\t\t<\/div>\n\t\t\t\t<\/div>\n\t\t\t\t\t<\/div>\n\t\t<\/div>\n\t\t\t\t\t<\/div>\n\t\t<\/section>\n\t\t\t\t<section class=\"elementor-section elementor-top-section elementor-element elementor-element-291a055 elementor-section-boxed elementor-section-height-default elementor-section-height-default\" data-id=\"291a055\" data-element_type=\"section\" data-e-type=\"section\">\n\t\t\t\t\t\t<div class=\"elementor-container elementor-column-gap-default\">\n\t\t\t\t\t<div class=\"elementor-column elementor-col-100 elementor-top-column elementor-element elementor-element-4355477\" data-id=\"4355477\" data-element_type=\"column\" data-e-type=\"column\">\n\t\t\t<div class=\"elementor-widget-wrap elementor-element-populated\">\n\t\t\t\t\t\t<div class=\"elementor-element elementor-element-2e7b459 elementor-widget elementor-widget-text-editor\" data-id=\"2e7b459\" data-element_type=\"widget\" data-e-type=\"widget\" data-widget_type=\"text-editor.default\">\n\t\t\t\t<div class=\"elementor-widget-container\">\n\t\t\t\t\t\t\t\t\t<h2 class=\"small\">Servicio al cliente amable, competente y personal<\/h2><p>El servicio personal al cliente es una cuesti\u00f3n de rutina para nosotros. Respondemos a sus preguntas de forma r\u00e1pida y competente: mediante el formulario de contacto, el correo electr\u00f3nico o el tel\u00e9fono. El intercambio directo con nuestros autores y clientes es importante para nosotros como empresa. Nos tomamos muy en serio las sugerencias y los problemas de nuestros usuarios y siempre trabajamos para mejorar nuestro servicio para usted.<\/p>\t\t\t\t\t\t\t\t<\/div>\n\t\t\t\t<\/div>\n\t\t\t\t\t<\/div>\n\t\t<\/div>\n\t\t\t\t\t<\/div>\n\t\t<\/section>\n\t\t\t\t<section class=\"elementor-section elementor-top-section elementor-element elementor-element-e97bab4 elementor-section-boxed elementor-section-height-default elementor-section-height-default\" data-id=\"e97bab4\" data-element_type=\"section\" data-e-type=\"section\">\n\t\t\t\t\t\t<div class=\"elementor-container elementor-column-gap-default\">\n\t\t\t\t\t<div class=\"elementor-column elementor-col-100 elementor-top-column elementor-element elementor-element-e9b90b2\" data-id=\"e9b90b2\" data-element_type=\"column\" data-e-type=\"column\">\n\t\t\t<div class=\"elementor-widget-wrap elementor-element-populated\">\n\t\t\t\t\t\t<div class=\"elementor-element elementor-element-1ef0dc2 elementor-widget elementor-widget-text-editor\" data-id=\"1ef0dc2\" data-element_type=\"widget\" data-e-type=\"widget\" data-widget_type=\"text-editor.default\">\n\t\t\t\t<div class=\"elementor-widget-container\">\n\t\t\t\t\t\t\t\t\t<h2 class=\"small\">Nuestra contribuci\u00f3n a una sociedad abierta y pluralista<\/h2>\n<p>GRIN significa publicaci\u00f3n mundial en todos los idiomas. Vemos nuestro servicio de publicaci\u00f3n como una contribuci\u00f3n a una sociedad abierta y pluralista. La diversidad cultural de nuestros autores y sus textos promueve el intercambio cient\u00edfico mundial y proporciona nuevos alimentos para el pensamiento para la investigaci\u00f3n.<\/p>\n\t\t\t\t\t\t\t\t<\/div>\n\t\t\t\t<\/div>\n\t\t\t\t\t<\/div>\n\t\t<\/div>\n\t\t\t\t\t<\/div>\n\t\t<\/section>\n\t\t\t\t<section class=\"elementor-section elementor-top-section elementor-element elementor-element-e12a067 elementor-section-boxed elementor-section-height-default elementor-section-height-default\" data-id=\"e12a067\" data-element_type=\"section\" data-e-type=\"section\">\n\t\t\t\t\t\t<div class=\"elementor-container elementor-column-gap-default\">\n\t\t\t\t\t<div class=\"elementor-column elementor-col-100 elementor-top-column elementor-element elementor-element-6d3506c\" data-id=\"6d3506c\" data-element_type=\"column\" data-e-type=\"column\">\n\t\t\t<div class=\"elementor-widget-wrap elementor-element-populated\">\n\t\t\t\t\t\t<div class=\"elementor-element elementor-element-f1da62f elementor-widget elementor-widget-text-editor\" data-id=\"f1da62f\" data-element_type=\"widget\" data-e-type=\"widget\" data-widget_type=\"text-editor.default\">\n\t\t\t\t<div class=\"elementor-widget-container\">\n\t\t\t\t\t\t\t\t\t<h2 class=\"small\">Nota de g\u00e9nero<\/h2>\n<p>En aras de la legibilidad, utilizamos el gen\u00e9rico masculino en nuestros sitios web para todos los grupos de personas (autores, clientes, etc.). En este punto, queremos dejar claro que el uso de la forma de la lengua masculina debe entenderse como independiente del g\u00e9nero y no debe expresar en modo alguno la discriminaci\u00f3n de g\u00e9nero ni una violaci\u00f3n del principio de igualdad.<\/p>\n\t\t\t\t\t\t\t\t<\/div>\n\t\t\t\t<\/div>\n\t\t\t\t\t<\/div>\n\t\t<\/div>\n\t\t\t\t\t<\/div>\n\t\t<\/section>\n\t\t\t\t<section class=\"elementor-section elementor-top-section elementor-element elementor-element-5e10d18 elementor-section-boxed elementor-section-height-default elementor-section-height-default\" data-id=\"5e10d18\" data-element_type=\"section\" data-e-type=\"section\">\n\t\t\t\t\t\t<div class=\"elementor-container elementor-column-gap-default\">\n\t\t\t\t\t<div class=\"elementor-column elementor-col-100 elementor-top-column elementor-element elementor-element-33c123f\" data-id=\"33c123f\" data-element_type=\"column\" data-e-type=\"column\">\n\t\t\t<div class=\"elementor-widget-wrap elementor-element-populated\">\n\t\t\t\t\t\t<div class=\"elementor-element elementor-element-177bf32 elementor-widget elementor-widget-global elementor-global-9895 elementor-global-921 elementor-widget-grin-share-widget\" data-id=\"177bf32\" data-element_type=\"widget\" data-e-type=\"widget\" data-widget_type=\"grin-share-widget.default\">\n\t\t\t\t<div class=\"elementor-widget-container\">\n\t\t\t\t\t<div class=\"share\">\n    <div class=\"footer-logo\"><\/div>\n    <div class=\"share-icons\">\n        <div class=\"shariff\" data-backend-url=\"null\" data-button-style=\"icon\" data-mail-url=\"mailto:\" data-services=\"[&quot;twitter&quot;,&quot;facebook&quot;,&quot;mail&quot;,&quot;whatsapp&quot;,&quot;linkedin&quot;]\"><\/div>\n        <div class=\"share-icon\"><a href=\"https:\/\/www.instagram.com\/grin_verlag\/\" target=\"_blank\" class=\"instagram\" rel=\"noopener\">Zu Instagram<\/a><\/div>\n    <\/div>\n<\/div>\t\t\t\t<\/div>\n\t\t\t\t<\/div>\n\t\t\t\t\t<\/div>\n\t\t<\/div>\n\t\t\t\t\t<\/div>\n\t\t<\/section>\n\t\t\t\t<\/div>\n\t\t","protected":false},"excerpt":{"rendered":"<p>Filosof\u00eda La difusi\u00f3n de la experiencia est\u00e1 en el coraz\u00f3n de GRIN. Ofrecemos textos cient\u00edficos de todas las \u00e1reas tem\u00e1ticas y a todos los niveles acad\u00e9micos una plataforma para su publicaci\u00f3n. Esto ha dado lugar a una amplia gama de informaci\u00f3n especializada que apoya a los lectores de todo el mundo en su trabajo cient\u00edfico. [&hellip;]<\/p>\n","protected":false},"author":17,"featured_media":0,"parent":9848,"menu_order":1,"comment_status":"closed","ping_status":"closed","template":"","meta":{"_acf_changed":false,"_lmt_disableupdate":"","_lmt_disable":"","footnotes":""},"class_list":["post-9609","page","type-page","status-publish","hentry"],"acf":[],"_links":{"self":[{"href":"https:\/\/www.grin.com\/es\/wp-json\/wp\/v2\/pages\/9609","targetHints":{"allow":["GET"]}}],"collection":[{"href":"https:\/\/www.grin.com\/es\/wp-json\/wp\/v2\/pages"}],"about":[{"href":"https:\/\/www.grin.com\/es\/wp-json\/wp\/v2\/types\/page"}],"author":[{"embeddable":true,"href":"https:\/\/www.grin.com\/es\/wp-json\/wp\/v2\/users\/17"}],"replies":[{"embeddable":true,"href":"https:\/\/www.grin.com\/es\/wp-json\/wp\/v2\/comments?post=9609"}],"version-history":[{"count":7,"href":"https:\/\/www.grin.com\/es\/wp-json\/wp\/v2\/pages\/9609\/revisions"}],"predecessor-version":[{"id":22848,"href":"https:\/\/www.grin.com\/es\/wp-json\/wp\/v2\/pages\/9609\/revisions\/22848"}],"up":[{"embeddable":true,"href":"https:\/\/www.grin.com\/es\/wp-json\/wp\/v2\/pages\/9848"}],"wp:attachment":[{"href":"https:\/\/www.grin.com\/es\/wp-json\/wp\/v2\/media?parent=9609"}],"curies":[{"name":"wp","href":"https:\/\/api.w.org\/{rel}","templated":true}]}}