{"id":9611,"date":"2021-02-05T12:09:40","date_gmt":"2021-02-05T11:09:40","guid":{"rendered":"https:\/\/www.grin.com\/pulse\/"},"modified":"2021-11-16T16:28:59","modified_gmt":"2021-11-16T15:28:59","slug":"prensa","status":"publish","type":"page","link":"https:\/\/www.grin.com\/es\/quienes-somos\/prensa\/","title":{"rendered":"Prensa"},"content":{"rendered":"\t\t<div data-elementor-type=\"wp-page\" data-elementor-id=\"9611\" class=\"elementor elementor-9611 elementor-414\" data-elementor-post-type=\"page\">\n\t\t\t\t\t\t<section class=\"elementor-section elementor-top-section elementor-element elementor-element-81bf635 elementor-section-boxed elementor-section-height-default elementor-section-height-default\" data-id=\"81bf635\" data-element_type=\"section\" data-e-type=\"section\">\n\t\t\t\t\t\t<div class=\"elementor-container elementor-column-gap-default\">\n\t\t\t\t\t<div class=\"elementor-column elementor-col-100 elementor-top-column elementor-element elementor-element-ec8fa84\" data-id=\"ec8fa84\" data-element_type=\"column\" data-e-type=\"column\">\n\t\t\t<div class=\"elementor-widget-wrap elementor-element-populated\">\n\t\t\t\t\t\t<div class=\"elementor-element elementor-element-0c3ae3b elementor-widget elementor-widget-text-editor\" data-id=\"0c3ae3b\" data-element_type=\"widget\" data-e-type=\"widget\" data-widget_type=\"text-editor.default\">\n\t\t\t\t<div class=\"elementor-widget-container\">\n\t\t\t\t\t\t\t\t\t<h1 class=\"large\">Prensa<\/h1>\t\t\t\t\t\t\t\t<\/div>\n\t\t\t\t<\/div>\n\t\t\t\t\t<\/div>\n\t\t<\/div>\n\t\t\t\t\t<\/div>\n\t\t<\/section>\n\t\t\t\t<section class=\"elementor-section elementor-top-section elementor-element elementor-element-745890b elementor-section-boxed elementor-section-height-default elementor-section-height-default\" data-id=\"745890b\" data-element_type=\"section\" data-e-type=\"section\">\n\t\t\t\t\t\t<div class=\"elementor-container elementor-column-gap-default\">\n\t\t\t\t\t<div class=\"elementor-column elementor-col-100 elementor-top-column elementor-element elementor-element-816a90b\" data-id=\"816a90b\" data-element_type=\"column\" data-e-type=\"column\">\n\t\t\t<div class=\"elementor-widget-wrap elementor-element-populated\">\n\t\t\t\t\t\t<div class=\"elementor-element elementor-element-38dc719 elementor-widget elementor-widget-text-editor\" data-id=\"38dc719\" data-element_type=\"widget\" data-e-type=\"widget\" data-widget_type=\"text-editor.default\">\n\t\t\t\t<div class=\"elementor-widget-container\">\n\t\t\t\t\t\t\t\t\t<p>Desde 1998, GRIN ha estado abriendo nuevos caminos en la publicaci\u00f3n digital y la publicaci\u00f3n de textos acad\u00e9micos como libros electr\u00f3nicos y impresos. Ya sea los trabajos escritos, la tesis o el ensayo, en GRIN cada texto cient\u00edfico tiene una oportunidad. Con m\u00e1s de 200.000 textos publicados, hemos creado un enorme archivo de conocimiento.<\/p><p>Adem\u00e1s, GRIN tambi\u00e9n publica libros sobre diversos temas como viajes, libros para colorear y hacerlo t\u00fa mismo.<\/p>\t\t\t\t\t\t\t\t<\/div>\n\t\t\t\t<\/div>\n\t\t\t\t\t<\/div>\n\t\t<\/div>\n\t\t\t\t\t<\/div>\n\t\t<\/section>\n\t\t\t\t<section class=\"elementor-section elementor-top-section elementor-element elementor-element-df5d362 elementor-section-boxed elementor-section-height-default elementor-section-height-default\" data-id=\"df5d362\" data-element_type=\"section\" data-e-type=\"section\">\n\t\t\t\t\t\t<div class=\"elementor-container elementor-column-gap-default\">\n\t\t\t\t\t<div class=\"elementor-column elementor-col-100 elementor-top-column elementor-element elementor-element-74bc19c\" data-id=\"74bc19c\" data-element_type=\"column\" data-e-type=\"column\">\n\t\t\t<div class=\"elementor-widget-wrap elementor-element-populated\">\n\t\t\t\t\t\t<div class=\"elementor-element elementor-element-8d59f04 elementor-widget elementor-widget-text-editor\" data-id=\"8d59f04\" data-element_type=\"widget\" data-e-type=\"widget\" data-widget_type=\"text-editor.default\">\n\t\t\t\t<div class=\"elementor-widget-container\">\n\t\t\t\t\t\t\t\t\t<h2 class=\"small\">Acerca de <span class=\"green-text\">GRIN como empresa<\/span><\/h2>\n<p>Aqu\u00ed puede descargar el logotipo y una presentaci\u00f3n de la empresa en un archivo ZIP.<\/p>\n\t\t\t\t\t\t\t\t<\/div>\n\t\t\t\t<\/div>\n\t\t\t\t\t<\/div>\n\t\t<\/div>\n\t\t\t\t\t<\/div>\n\t\t<\/section>\n\t\t\t\t<section class=\"elementor-section elementor-top-section elementor-element elementor-element-5db9458 elementor-section-boxed elementor-section-height-default elementor-section-height-default\" data-id=\"5db9458\" data-element_type=\"section\" data-e-type=\"section\">\n\t\t\t\t\t\t<div class=\"elementor-container elementor-column-gap-default\">\n\t\t\t\t\t<div class=\"elementor-column elementor-col-100 elementor-top-column elementor-element elementor-element-3c6b4a7\" data-id=\"3c6b4a7\" data-element_type=\"column\" data-e-type=\"column\">\n\t\t\t<div class=\"elementor-widget-wrap elementor-element-populated\">\n\t\t\t\t\t\t<div class=\"elementor-element elementor-element-dfb8dd7 elementor-widget elementor-widget-button\" data-id=\"dfb8dd7\" data-element_type=\"widget\" data-e-type=\"widget\" data-widget_type=\"button.default\">\n\t\t\t\t<div class=\"elementor-widget-container\">\n\t\t\t\t\t\t\t\t\t<div class=\"elementor-button-wrapper\">\n\t\t\t\t\t<a class=\"elementor-button elementor-button-link elementor-size-lg\" href=\"https:\/\/www.grin.com\/wp-content\/uploads\/2021\/01\/GRIN_package_press.zip\">\n\t\t\t\t\t\t<span class=\"elementor-button-content-wrapper\">\n\t\t\t\t\t\t\t\t\t<span class=\"elementor-button-text\">Aqu\u00ed puedes encontrar nuestro logotipo<\/span>\n\t\t\t\t\t<\/span>\n\t\t\t\t\t<\/a>\n\t\t\t\t<\/div>\n\t\t\t\t\t\t\t\t<\/div>\n\t\t\t\t<\/div>\n\t\t\t\t\t<\/div>\n\t\t<\/div>\n\t\t\t\t\t<\/div>\n\t\t<\/section>\n\t\t\t\t<section class=\"elementor-section elementor-top-section elementor-element elementor-element-b43b161 elementor-section-boxed elementor-section-height-default elementor-section-height-default\" data-id=\"b43b161\" data-element_type=\"section\" data-e-type=\"section\">\n\t\t\t\t\t\t<div class=\"elementor-container elementor-column-gap-default\">\n\t\t\t\t\t<div class=\"elementor-column elementor-col-100 elementor-top-column elementor-element elementor-element-adef144\" data-id=\"adef144\" data-element_type=\"column\" data-e-type=\"column\">\n\t\t\t<div class=\"elementor-widget-wrap elementor-element-populated\">\n\t\t\t\t\t\t<div class=\"elementor-element elementor-element-251c947 elementor-widget elementor-widget-grin-contact-widget\" data-id=\"251c947\" data-element_type=\"widget\" data-e-type=\"widget\" data-widget_type=\"grin-contact-widget.default\">\n\t\t\t\t<div class=\"elementor-widget-container\">\n\t\t\t\t\t<div class=\"contact\">\n    <div class=\"contentarea\">\n        <h2 class=\"small\">\u00bfTiene alguna pregunta o desea una copia de revisi\u00f3n?<\/h2>\n        <div class=\"column-container\">\n            <div class=\"media\">\n                <div class=\"image-sizer\">\n                    <div class=\"image-container\"><img decoding=\"async\" width=\"2560\" height=\"1707\" src=\"https:\/\/www.grin.com\/wp-content\/uploads\/2020\/10\/Support-scaled.jpg\" class=\"attachment-full size-full\" alt=\"Frau nimmt telefonische Anfrage entgegen\" srcset=\"https:\/\/www.grin.com\/wp-content\/uploads\/2020\/10\/Support-scaled.jpg 2560w, https:\/\/www.grin.com\/wp-content\/uploads\/2020\/10\/Support-300x200.jpg 300w, https:\/\/www.grin.com\/wp-content\/uploads\/2020\/10\/Support-1024x683.jpg 1024w, https:\/\/www.grin.com\/wp-content\/uploads\/2020\/10\/Support-768x512.jpg 768w, https:\/\/www.grin.com\/wp-content\/uploads\/2020\/10\/Support-1536x1024.jpg 1536w, https:\/\/www.grin.com\/wp-content\/uploads\/2020\/10\/Support-2048x1365.jpg 2048w\" sizes=\"(max-width: 2560px) 100vw, 2560px\" \/><\/div>\n                <\/div>\n            <\/div>\n            <div class=\"textcontent\">\n                <div class=\"bigtext large\"><p>+49 89 550559-0<\/p>\n<p><a href=\"mailto:presse@grin.com\">presse@grin.com<\/a><\/p>\n<\/p>\n<p class=\"small\">S\u00f3lo ll\u00e1manos<br \/>o escr\u00edbanos:<\/p>\n<p class=\"small\"><strong>Estamos felices de ser personales<\/strong><br \/><strong>all\u00ed para ti.<\/strong><\/p>\n<\/div>\n                <div class=\"smalltext\"><\/div>\n            <\/div>\n        <\/div>\n    <\/div>\n<\/div>\t\t\t\t<\/div>\n\t\t\t\t<\/div>\n\t\t\t\t\t<\/div>\n\t\t<\/div>\n\t\t\t\t\t<\/div>\n\t\t<\/section>\n\t\t\t\t<section class=\"elementor-section elementor-top-section elementor-element elementor-element-f6a372f elementor-section-boxed elementor-section-height-default elementor-section-height-default\" data-id=\"f6a372f\" data-element_type=\"section\" data-e-type=\"section\">\n\t\t\t\t\t\t<div class=\"elementor-container elementor-column-gap-default\">\n\t\t\t\t\t<div class=\"elementor-column elementor-col-100 elementor-top-column elementor-element elementor-element-9354787\" data-id=\"9354787\" data-element_type=\"column\" data-e-type=\"column\">\n\t\t\t<div class=\"elementor-widget-wrap elementor-element-populated\">\n\t\t\t\t\t\t<div class=\"elementor-element elementor-element-84d07fc elementor-widget elementor-widget-global elementor-global-9895 elementor-global-921 elementor-widget-grin-share-widget\" data-id=\"84d07fc\" data-element_type=\"widget\" data-e-type=\"widget\" data-widget_type=\"grin-share-widget.default\">\n\t\t\t\t<div class=\"elementor-widget-container\">\n\t\t\t\t\t<div class=\"share\">\n    <div class=\"footer-logo\"><\/div>\n    <div class=\"share-icons\">\n        <div class=\"shariff\" data-backend-url=\"null\" data-button-style=\"icon\" data-mail-url=\"mailto:\" data-services=\"[&quot;twitter&quot;,&quot;facebook&quot;,&quot;mail&quot;,&quot;whatsapp&quot;,&quot;linkedin&quot;]\"><\/div>\n        <div class=\"share-icon\"><a href=\"https:\/\/www.instagram.com\/grin_verlag\/\" target=\"_blank\" class=\"instagram\" rel=\"noopener\">Zu Instagram<\/a><\/div>\n    <\/div>\n<\/div>\t\t\t\t<\/div>\n\t\t\t\t<\/div>\n\t\t\t\t\t<\/div>\n\t\t<\/div>\n\t\t\t\t\t<\/div>\n\t\t<\/section>\n\t\t\t\t<\/div>\n\t\t","protected":false},"excerpt":{"rendered":"<p>Prensa Desde 1998, GRIN ha estado abriendo nuevos caminos en la publicaci\u00f3n digital y la publicaci\u00f3n de textos acad\u00e9micos como libros electr\u00f3nicos y impresos. Ya sea los trabajos escritos, la tesis o el ensayo, en GRIN cada texto cient\u00edfico tiene una oportunidad. Con m\u00e1s de 200.000 textos publicados, hemos creado un enorme archivo de conocimiento. [&hellip;]<\/p>\n","protected":false},"author":17,"featured_media":0,"parent":9848,"menu_order":4,"comment_status":"closed","ping_status":"closed","template":"","meta":{"_acf_changed":false,"_lmt_disableupdate":"","_lmt_disable":"","footnotes":""},"class_list":["post-9611","page","type-page","status-publish","hentry"],"acf":[],"_links":{"self":[{"href":"https:\/\/www.grin.com\/es\/wp-json\/wp\/v2\/pages\/9611","targetHints":{"allow":["GET"]}}],"collection":[{"href":"https:\/\/www.grin.com\/es\/wp-json\/wp\/v2\/pages"}],"about":[{"href":"https:\/\/www.grin.com\/es\/wp-json\/wp\/v2\/types\/page"}],"author":[{"embeddable":true,"href":"https:\/\/www.grin.com\/es\/wp-json\/wp\/v2\/users\/17"}],"replies":[{"embeddable":true,"href":"https:\/\/www.grin.com\/es\/wp-json\/wp\/v2\/comments?post=9611"}],"version-history":[{"count":18,"href":"https:\/\/www.grin.com\/es\/wp-json\/wp\/v2\/pages\/9611\/revisions"}],"predecessor-version":[{"id":22857,"href":"https:\/\/www.grin.com\/es\/wp-json\/wp\/v2\/pages\/9611\/revisions\/22857"}],"up":[{"embeddable":true,"href":"https:\/\/www.grin.com\/es\/wp-json\/wp\/v2\/pages\/9848"}],"wp:attachment":[{"href":"https:\/\/www.grin.com\/es\/wp-json\/wp\/v2\/media?parent=9611"}],"curies":[{"name":"wp","href":"https:\/\/api.w.org\/{rel}","templated":true}]}}