{"id":9641,"date":"2021-02-05T13:32:58","date_gmt":"2021-02-05T12:32:58","guid":{"rendered":"https:\/\/www.grin.com\/plantillas-e-instrucciones\/"},"modified":"2021-11-12T16:04:50","modified_gmt":"2021-11-12T15:04:50","slug":"plantillas","status":"publish","type":"page","link":"https:\/\/www.grin.com\/es\/servicios\/plantillas\/","title":{"rendered":"Plantillas &#038; instrucciones"},"content":{"rendered":"\t\t<div data-elementor-type=\"wp-page\" data-elementor-id=\"9641\" class=\"elementor elementor-9641 elementor-387\" data-elementor-post-type=\"page\">\n\t\t\t\t\t\t<section class=\"elementor-section elementor-top-section elementor-element elementor-element-90c17dd elementor-section-boxed elementor-section-height-default elementor-section-height-default\" data-id=\"90c17dd\" data-element_type=\"section\" data-e-type=\"section\">\n\t\t\t\t\t\t<div class=\"elementor-container elementor-column-gap-default\">\n\t\t\t\t\t<div class=\"elementor-column elementor-col-100 elementor-top-column elementor-element elementor-element-fc80884\" data-id=\"fc80884\" data-element_type=\"column\" data-e-type=\"column\">\n\t\t\t<div class=\"elementor-widget-wrap elementor-element-populated\">\n\t\t\t\t\t\t<div class=\"elementor-element elementor-element-efee6f0 elementor-widget elementor-widget-text-editor\" data-id=\"efee6f0\" data-element_type=\"widget\" data-e-type=\"widget\" data-widget_type=\"text-editor.default\">\n\t\t\t\t<div class=\"elementor-widget-container\">\n\t\t\t\t\t\t\t\t\t<h1 class=\"large\">Plantillas &amp; instrucciones<\/h1>\t\t\t\t\t\t\t\t<\/div>\n\t\t\t\t<\/div>\n\t\t\t\t\t<\/div>\n\t\t<\/div>\n\t\t\t\t\t<\/div>\n\t\t<\/section>\n\t\t\t\t<section class=\"elementor-section elementor-top-section elementor-element elementor-element-0a11706 elementor-section-boxed elementor-section-height-default elementor-section-height-default\" data-id=\"0a11706\" data-element_type=\"section\" data-e-type=\"section\">\n\t\t\t\t\t\t<div class=\"elementor-container elementor-column-gap-default\">\n\t\t\t\t\t<div class=\"elementor-column elementor-col-100 elementor-top-column elementor-element elementor-element-fa9f66c\" data-id=\"fa9f66c\" data-element_type=\"column\" data-e-type=\"column\">\n\t\t\t<div class=\"elementor-widget-wrap elementor-element-populated\">\n\t\t\t\t\t\t<div class=\"elementor-element elementor-element-9a2298d elementor-widget elementor-widget-text-editor\" data-id=\"9a2298d\" data-element_type=\"widget\" data-e-type=\"widget\" data-widget_type=\"text-editor.default\">\n\t\t\t\t<div class=\"elementor-widget-container\">\n\t\t\t\t\t\t\t\t\t<p>\u00bfC\u00f3mo puedo encontrar un tema para mi trabajo o tesis? \u00bfC\u00f3mo encuentro literatura \u00fatil? \u00bfY qu\u00e9 aspecto debe tener el papel terminado?<\/p><p>Escribir un trabajo acad\u00e9mico es mucho m\u00e1s que redactarlo. En esta p\u00e1gina encontrar\u00e1 un resumen de todas las cuestiones relativas a la preparaci\u00f3n y redacci\u00f3n de trabajos acad\u00e9micos.<\/p>\t\t\t\t\t\t\t\t<\/div>\n\t\t\t\t<\/div>\n\t\t\t\t\t<\/div>\n\t\t<\/div>\n\t\t\t\t\t<\/div>\n\t\t<\/section>\n\t\t\t\t<section class=\"elementor-section elementor-top-section elementor-element elementor-element-85b1b8f elementor-section-boxed elementor-section-height-default elementor-section-height-default\" data-id=\"85b1b8f\" data-element_type=\"section\" data-e-type=\"section\">\n\t\t\t\t\t\t<div class=\"elementor-container elementor-column-gap-default\">\n\t\t\t\t\t<div class=\"elementor-column elementor-col-100 elementor-top-column elementor-element elementor-element-bdd3eba\" data-id=\"bdd3eba\" data-element_type=\"column\" data-e-type=\"column\">\n\t\t\t<div class=\"elementor-widget-wrap elementor-element-populated\">\n\t\t\t\t\t\t<div class=\"elementor-element elementor-element-23541c3 elementor-widget elementor-widget-text-editor\" data-id=\"23541c3\" data-element_type=\"widget\" data-e-type=\"widget\" data-widget_type=\"text-editor.default\">\n\t\t\t\t<div class=\"elementor-widget-container\">\n\t\t\t\t\t\t\t\t\t<h2 class=\"small\">Las cosas m\u00e1s importantes en pocas palabras<\/h2><ul><li>Encuentre un tema que le guste y discuta con su instructor de antemano.<\/li><li>Lea y cite la literatura especializada relevante.<\/li><li>Marca las citas e indica todas sus fuentes.<\/li><li>Siga las directrices formales y d\u00e9 a su texto una estructura estructurada.<\/li><\/ul>\t\t\t\t\t\t\t\t<\/div>\n\t\t\t\t<\/div>\n\t\t\t\t\t<\/div>\n\t\t<\/div>\n\t\t\t\t\t<\/div>\n\t\t<\/section>\n\t\t\t\t<section class=\"elementor-section elementor-top-section elementor-element elementor-element-e644ecb elementor-section-boxed elementor-section-height-default elementor-section-height-default\" data-id=\"e644ecb\" data-element_type=\"section\" data-e-type=\"section\">\n\t\t\t\t\t\t<div class=\"elementor-container elementor-column-gap-default\">\n\t\t\t\t\t<div class=\"elementor-column elementor-col-100 elementor-top-column elementor-element elementor-element-c2e7962\" data-id=\"c2e7962\" data-element_type=\"column\" data-e-type=\"column\">\n\t\t\t<div class=\"elementor-widget-wrap elementor-element-populated\">\n\t\t\t\t\t\t<div class=\"elementor-element elementor-element-9a30677 elementor-widget elementor-widget-text-editor\" data-id=\"9a30677\" data-element_type=\"widget\" data-e-type=\"widget\" data-widget_type=\"text-editor.default\">\n\t\t\t\t<div class=\"elementor-widget-container\">\n\t\t\t\t\t\t\t\t\t<h2 class=\"small\">B\u00fasqueda tem\u00e1tica<\/h2><p>Con estos pasos puede encontrar f\u00e1cilmente su propia pregunta para sus tareas dom\u00e9sticas. En primer lugar, el tema del curso reduce la selecci\u00f3n de posibles \u00e1reas y al mismo tiempo le da algunos puntos de partida:<\/p><ul><li>\u00bfQu\u00e9 temas se discutieron?<\/li><li>\u00bfQu\u00e9 \u00e1rea te interesa m\u00e1s?<\/li><li>\u00bfTiene intereses personales relacionados con un tema del seminario?<\/li><li>\u00bfHubo alguna presentaci\u00f3n que le haya parecido particularmente emocionante?<\/li><li>\u00bfHubo tal vez una tesis en particular que le gustar\u00eda examinar m\u00e1s de cerca?<\/li><\/ul><p>Las respuestas a estas preguntas ya le proporcionan una direcci\u00f3n para sus tareas dom\u00e9sticas. Preguntas similares tambi\u00e9n ayudan a las tesis finales:<\/p><ul><li>\u00bfQu\u00e9 cursos o seminarios le resultaron particularmente interesantes?<\/li><li>\u00bfQu\u00e9 profesor te inspir\u00f3 durante tus estudios?<\/li><li>\u00bfHab\u00eda alguna obra dom\u00e9stica con la que te gustar\u00eda conectarte?<\/li><\/ul><p>Adem\u00e1s, la <a href=\"https:\/\/www.grin.com\/es\/catalog\/\">tienda GRIN<\/a> le da una idea de los temas y preguntas de otros estudiantes de su campo.<\/p>\t\t\t\t\t\t\t\t<\/div>\n\t\t\t\t<\/div>\n\t\t\t\t\t<\/div>\n\t\t<\/div>\n\t\t\t\t\t<\/div>\n\t\t<\/section>\n\t\t\t\t<section class=\"elementor-section elementor-top-section elementor-element elementor-element-944d5dc elementor-section-boxed elementor-section-height-default elementor-section-height-default\" data-id=\"944d5dc\" data-element_type=\"section\" data-e-type=\"section\">\n\t\t\t\t\t\t<div class=\"elementor-container elementor-column-gap-default\">\n\t\t\t\t\t<div class=\"elementor-column elementor-col-100 elementor-top-column elementor-element elementor-element-1b49a0f\" data-id=\"1b49a0f\" data-element_type=\"column\" data-e-type=\"column\">\n\t\t\t<div class=\"elementor-widget-wrap elementor-element-populated\">\n\t\t\t\t\t\t<div class=\"elementor-element elementor-element-91e13a3 elementor-widget elementor-widget-text-editor\" data-id=\"91e13a3\" data-element_type=\"widget\" data-e-type=\"widget\" data-widget_type=\"text-editor.default\">\n\t\t\t\t<div class=\"elementor-widget-container\">\n\t\t\t\t\t\t\t\t\t<h2 class=\"small\">Investigaci\u00f3n literaria<\/h2>\n<p>Al comienzo de un seminario, a menudo recibir\u00e1 una lista de literatura que complementa la lectura obligatoria y proporciona un buen punto de partida para su investigaci\u00f3n bibliogr\u00e1fica. Antes de empezar a investigar, al menos debe tener una conversaci\u00f3n con su instructor. Tal conversaci\u00f3n tambi\u00e9n se puede utilizar para pedir consejos de literatura a su profesor, especialmente si no hay una lista de literatura para el seminario.<\/p>\n<p><strong>Consejo:<\/strong> Como regla general, no es necesario leer toda la obra o todo el texto. Para una orientaci\u00f3n inicial, un vistazo a la tabla de contenido es a menudo suficiente para encontrar los cap\u00edtulos relevantes.<\/p>\n<p>En la investigaci\u00f3n bibli\u00f3ctil posterior, tiene varias opciones:<\/p>\n\t\t\t\t\t\t\t\t<\/div>\n\t\t\t\t<\/div>\n\t\t\t\t\t<\/div>\n\t\t<\/div>\n\t\t\t\t\t<\/div>\n\t\t<\/section>\n\t\t\t\t<section class=\"elementor-section elementor-top-section elementor-element elementor-element-cea7c30 elementor-section-boxed elementor-section-height-default elementor-section-height-default\" data-id=\"cea7c30\" data-element_type=\"section\" data-e-type=\"section\">\n\t\t\t\t\t\t<div class=\"elementor-container elementor-column-gap-default\">\n\t\t\t\t\t<div class=\"elementor-column elementor-col-100 elementor-top-column elementor-element elementor-element-aa19111\" data-id=\"aa19111\" data-element_type=\"column\" data-e-type=\"column\">\n\t\t\t<div class=\"elementor-widget-wrap elementor-element-populated\">\n\t\t\t\t\t\t<div class=\"elementor-element elementor-element-3c40bab elementor-widget elementor-widget-price-list\" data-id=\"3c40bab\" data-element_type=\"widget\" data-e-type=\"widget\" data-widget_type=\"price-list.default\">\n\t\t\t\t<div class=\"elementor-widget-container\">\n\t\t\t\t\t\n\t\t<ul class=\"elementor-price-list\">\n\n\t\t\t\t\t\t\t\t\t<li class=\"elementor-price-list-item\">\t\t\t\t\n\t\t\t\t<div class=\"elementor-price-list-text\">\n\t\t\t\t\t\t\t\t\t<div class=\"elementor-price-list-header\">\n\t\t\t\t\t\t\t\t\t\t\t<span class=\"elementor-price-list-title\">\n\t\t\t\t\t\t\tBiblioteca\t\t\t\t\t\t<\/span>\n\t\t\t\t\t\t\t\t\t\t\t\t\t\t\t\t\t\t\t\t\t<\/div>\n\t\t\t\t\t\t\t\t\t\t\t\t\t\t\t<p class=\"elementor-price-list-description\">\n\t\t\t\t\t\t\tUn cat\u00e1logo de bibliotecas enumera todas las obras que est\u00e1n presentes en la biblioteca respectiva.\t\t\t\t\t\t<\/p>\n\t\t\t\t\t\t\t\t<\/div>\n\t\t\t\t<\/li>\t\t\t\t\t\t\t\t\t\t\t\t<li class=\"elementor-price-list-item\">\t\t\t\t\n\t\t\t\t<div class=\"elementor-price-list-text\">\n\t\t\t\t\t\t\t\t\t<div class=\"elementor-price-list-header\">\n\t\t\t\t\t\t\t\t\t\t\t<span class=\"elementor-price-list-title\">\n\t\t\t\t\t\t\tInvestigaci\u00f3n en Internet\t\t\t\t\t\t<\/span>\n\t\t\t\t\t\t\t\t\t\t\t\t\t\t\t\t\t\t\t\t\t<\/div>\n\t\t\t\t\t\t\t\t\t\t\t\t\t\t\t<p class=\"elementor-price-list-description\">\n\t\t\t\t\t\t\tCon motores de b\u00fasqueda como Google, Bing y Co., encontrar\u00e1s muchas fuentes que se ajustan al tema que est\u00e1s buscando. Las publicaciones en la tienda GRIN tambi\u00e9n pueden proporcionarle inspiraci\u00f3n para su propio trabajo o llamar su atenci\u00f3n sobre la literatura interesante.\t\t\t\t\t\t<\/p>\n\t\t\t\t\t\t\t\t<\/div>\n\t\t\t\t<\/li>\t\t\t\t\t\t\t\t\t\t\t\t<li class=\"elementor-price-list-item\">\t\t\t\t\n\t\t\t\t<div class=\"elementor-price-list-text\">\n\t\t\t\t\t\t\t\t\t<div class=\"elementor-price-list-header\">\n\t\t\t\t\t\t\t\t\t\t\t<span class=\"elementor-price-list-title\">\n\t\t\t\t\t\t\tArchivos de peri\u00f3dicos\t\t\t\t\t\t<\/span>\n\t\t\t\t\t\t\t\t\t\t\t\t\t\t\t\t\t\t\t\t\t<\/div>\n\t\t\t\t\t\t\t\t\t\t\t\t\t\t\t<p class=\"elementor-price-list-description\">\n\t\t\t\t\t\t\tEn un archivo de peri\u00f3dico encontrar\u00e1 muchas fuentes, especialmente para temas hist\u00f3ricos y sociales.\t\t\t\t\t\t<\/p>\n\t\t\t\t\t\t\t\t<\/div>\n\t\t\t\t<\/li>\t\t\t\t\t\t\t\t\t\t\t\t<li class=\"elementor-price-list-item\">\t\t\t\t\n\t\t\t\t<div class=\"elementor-price-list-text\">\n\t\t\t\t\t\t\t\t\t<div class=\"elementor-price-list-header\">\n\t\t\t\t\t\t\t\t\t\t\t<span class=\"elementor-price-list-title\">\n\t\t\t\t\t\t\tEsquema Ponzi\t\t\t\t\t\t<\/span>\n\t\t\t\t\t\t\t\t\t\t\t\t\t\t\t\t\t\t\t\t\t<\/div>\n\t\t\t\t\t\t\t\t\t\t\t\t\t\t\t<p class=\"elementor-price-list-description\">\n\t\t\t\t\t\t\tEn el llamado sistema de bolas de nieve, uno busca en las notas al pie de p\u00e1gina o en la bibliograf\u00eda de un libro sobre el tema de trabajo para otros autores que lo han comentado.\t\t\t\t\t\t<\/p>\n\t\t\t\t\t\t\t\t<\/div>\n\t\t\t\t<\/li>\t\t\t\t\t\t\t\t\t\t\t\t<li class=\"elementor-price-list-item\">\t\t\t\t\n\t\t\t\t<div class=\"elementor-price-list-text\">\n\t\t\t\t\t\t\t\t\t<div class=\"elementor-price-list-header\">\n\t\t\t\t\t\t\t\t\t\t\t<span class=\"elementor-price-list-title\">\n\t\t\t\t\t\t\tListas de literatura libre\t\t\t\t\t\t<\/span>\n\t\t\t\t\t\t\t\t\t\t\t\t\t\t\t\t\t\t\t\t\t<\/div>\n\t\t\t\t\t\t\t\t\t\t\t\t\t\t\t<p class=\"elementor-price-list-description\">\n\t\t\t\t\t\t\tLas organizaciones de inter\u00e9s a menudo emiten listas de literatura gratuita espec\u00edficas para el tema.\t\t\t\t\t\t<\/p>\n\t\t\t\t\t\t\t\t<\/div>\n\t\t\t\t<\/li>\t\t\t\t\t\t\t\t\t\t\t\t<li class=\"elementor-price-list-item\">\t\t\t\t\n\t\t\t\t<div class=\"elementor-price-list-text\">\n\t\t\t\t\t\t\t\t\t<div class=\"elementor-price-list-header\">\n\t\t\t\t\t\t\t\t\t\t\t<span class=\"elementor-price-list-title\">\n\t\t\t\t\t\t\tDirectorios de fuentes\t\t\t\t\t\t<\/span>\n\t\t\t\t\t\t\t\t\t\t\t\t\t\t\t\t\t\t\t\t\t<\/div>\n\t\t\t\t\t\t\t\t\t\t\t\t\t\t\t<p class=\"elementor-price-list-description\">\n\t\t\t\t\t\t\tMuchas universidades emiten cat\u00e1logos con guiones que contienen obras reci\u00e9n adquiridas.\t\t\t\t\t\t<\/p>\n\t\t\t\t\t\t\t\t<\/div>\n\t\t\t\t<\/li>\t\t\t\t\t\t\t\t\t\t\t\t<li class=\"elementor-price-list-item\">\t\t\t\t\n\t\t\t\t<div class=\"elementor-price-list-text\">\n\t\t\t\t\t\t\t\t\t<div class=\"elementor-price-list-header\">\n\t\t\t\t\t\t\t\t\t\t\t<span class=\"elementor-price-list-title\">\n\t\t\t\t\t\t\tBases\t\t\t\t\t\t<\/span>\n\t\t\t\t\t\t\t\t\t\t\t\t\t\t\t\t\t\t\t\t\t<\/div>\n\t\t\t\t\t\t\t\t\t\t\t\t\t\t\t<p class=\"elementor-price-list-description\">\n\t\t\t\t\t\t\tEn Internet encontrar\u00e1 varias bases de datos como Google Scholar, WorldCat o la Biblioteca de Diarios Electr\u00f3nicos BCE, que contienen ensayos, estudios, etc.\t\t\t\t\t\t<\/p>\n\t\t\t\t\t\t\t\t<\/div>\n\t\t\t\t<\/li>\t\t\t\t\t\n\t\t<\/ul>\n\n\t\t\t\t\t\t<\/div>\n\t\t\t\t<\/div>\n\t\t\t\t\t<\/div>\n\t\t<\/div>\n\t\t\t\t\t<\/div>\n\t\t<\/section>\n\t\t\t\t<section class=\"elementor-section elementor-top-section elementor-element elementor-element-38c5975 elementor-section-boxed elementor-section-height-default elementor-section-height-default\" data-id=\"38c5975\" data-element_type=\"section\" data-e-type=\"section\">\n\t\t\t\t\t\t<div class=\"elementor-container elementor-column-gap-default\">\n\t\t\t\t\t<div class=\"elementor-column elementor-col-100 elementor-top-column elementor-element elementor-element-358b2dd\" data-id=\"358b2dd\" data-element_type=\"column\" data-e-type=\"column\">\n\t\t\t<div class=\"elementor-widget-wrap elementor-element-populated\">\n\t\t\t\t\t\t<div class=\"elementor-element elementor-element-7bdb4cf elementor-widget elementor-widget-text-editor\" data-id=\"7bdb4cf\" data-element_type=\"widget\" data-e-type=\"widget\" data-widget_type=\"text-editor.default\">\n\t\t\t\t<div class=\"elementor-widget-container\">\n\t\t\t\t\t\t\t\t\t<h2 class=\"small\">Desarrollo formal de un trabajo cient\u00edfico<\/h2>\n<p>Un trabajo cient\u00edfico siempre consiste en los mismos bloques de construcci\u00f3n:<\/p>\n<ul>\n<li>Cubrir<\/li>\n<li>Mesa<\/li>\n<li>Introducci\u00f3n<\/li>\n<li>Cuerpo<\/li>\n<li>Conclusi\u00f3n<\/li>\n<li>Bibliograf\u00eda<\/li>\n<li>Si es necesario, Ap\u00e9ndice<\/li>\n<\/ul>\n\t\t\t\t\t\t\t\t<\/div>\n\t\t\t\t<\/div>\n\t\t\t\t\t<\/div>\n\t\t<\/div>\n\t\t\t\t\t<\/div>\n\t\t<\/section>\n\t\t\t\t<section class=\"elementor-section elementor-top-section elementor-element elementor-element-5807e07 elementor-section-boxed elementor-section-height-default elementor-section-height-default\" data-id=\"5807e07\" data-element_type=\"section\" data-e-type=\"section\">\n\t\t\t\t\t\t<div class=\"elementor-container elementor-column-gap-default\">\n\t\t\t\t\t<div class=\"elementor-column elementor-col-100 elementor-top-column elementor-element elementor-element-710cff0\" data-id=\"710cff0\" data-element_type=\"column\" data-e-type=\"column\">\n\t\t\t<div class=\"elementor-widget-wrap elementor-element-populated\">\n\t\t\t\t\t\t<div class=\"elementor-element elementor-element-e3de5f9 elementor-widget elementor-widget-text-editor\" data-id=\"e3de5f9\" data-element_type=\"widget\" data-e-type=\"widget\" data-widget_type=\"text-editor.default\">\n\t\t\t\t<div class=\"elementor-widget-container\">\n\t\t\t\t\t\t\t\t\t<h2 class=\"small\">Fundamentos de la escritura cient\u00edfica<\/h2>\n<p>La base de un texto cient\u00edfico es la justificaci\u00f3n concluyente y comprensible de las tesis y argumentos.<\/p>\n<ul>\n<li>La pregunta debe ejecutarse como un hilo rojo a trav\u00e9s del texto<\/li>\n<li>El razonamiento debe ser sistem\u00e1tico y l\u00f3gico<\/li>\n<li>El trabajo debe estar siempre posicionado en el estado actual de la investigaci\u00f3n<\/li>\n<li>En primer lugar, debe definir t\u00e9rminos clave para que puedan constituir una base para un desarrollo posterior<\/li>\n<\/ul>\n<p>Importante: Debe proporcionar pruebas suficientes para cualquier tesis que presente en su texto. Adem\u00e1s, son posibles citas directas o par\u00e1frasis. Para ambas formas, debe especificar el origen.<\/p>\n<p>Las obras cient\u00edficas est\u00e1n escritas en la presente forma (presente). La escritura cient\u00edfica tambi\u00e9n incluye la evitaci\u00f3n de expresiones coloquiales, as\u00ed como evaluaciones impl\u00edcitas.<\/p>\n\t\t\t\t\t\t\t\t<\/div>\n\t\t\t\t<\/div>\n\t\t\t\t\t<\/div>\n\t\t<\/div>\n\t\t\t\t\t<\/div>\n\t\t<\/section>\n\t\t\t\t<section class=\"elementor-section elementor-top-section elementor-element elementor-element-e76c13f elementor-section-boxed elementor-section-height-default elementor-section-height-default\" data-id=\"e76c13f\" data-element_type=\"section\" data-e-type=\"section\">\n\t\t\t\t\t\t<div class=\"elementor-container elementor-column-gap-default\">\n\t\t\t\t\t<div class=\"elementor-column elementor-col-50 elementor-top-column elementor-element elementor-element-432bfbb\" data-id=\"432bfbb\" data-element_type=\"column\" data-e-type=\"column\">\n\t\t\t<div class=\"elementor-widget-wrap elementor-element-populated\">\n\t\t\t\t\t\t<div class=\"elementor-element elementor-element-15e814f elementor-widget elementor-widget-global elementor-global-9882 elementor-global-2285 elementor-widget-grin-custom-teaser-widget\" data-id=\"15e814f\" data-element_type=\"widget\" data-e-type=\"widget\" data-widget_type=\"grin-custom-teaser-widget.default\">\n\t\t\t\t<div class=\"elementor-widget-container\">\n\t\t\t\t\t<div class=\"box teaser customteaser\">\r\n    <div class=\"contentarea\">\r\n\t<div class=\"image-container bg-image\"><img decoding=\"async\" src=\"https:\/\/www.grin.com\/wp-content\/uploads\/2020\/12\/illu_Registrieren_Publizieren_555x224.svg\" class=\"attachment-full size-full\" alt=\"Registrieren und Publizieren\" \/><\/div>\r\n        <h2 class=\"small\">Consejos para usar Microsoft Word<\/h2>\n<p>Obtenga informaci\u00f3n sobre las formas \u00fatiles de formatear y automatizaci\u00f3n.<\/p>\n\r\n        <div class=\"buttons\">\r\n            <a class=\"icon-light field borders green\" href=\"https:\/\/www.grin.com\/es\/servicios\/consejos-para-microsoft-word\/\">\r\n                <span class=\"text\">\r\n                    <span class=\"text-content-container\">A las puntas de Word<\/span>\r\n                <\/span><span class=\"icon\"><\/span>\r\n            <\/a>\r\n        <\/div>\r\n    <\/div>\r\n<\/div>\t\t\t\t<\/div>\n\t\t\t\t<\/div>\n\t\t\t\t\t<\/div>\n\t\t<\/div>\n\t\t\t\t<div class=\"elementor-column elementor-col-50 elementor-top-column elementor-element elementor-element-6870139\" data-id=\"6870139\" data-element_type=\"column\" data-e-type=\"column\">\n\t\t\t<div class=\"elementor-widget-wrap elementor-element-populated\">\n\t\t\t\t\t\t<div class=\"elementor-element elementor-element-e5af262 elementor-widget elementor-widget-global elementor-global-9887 elementor-global-2101 elementor-widget-grin-custom-teaser-widget\" data-id=\"e5af262\" data-element_type=\"widget\" data-e-type=\"widget\" data-widget_type=\"grin-custom-teaser-widget.default\">\n\t\t\t\t<div class=\"elementor-widget-container\">\n\t\t\t\t\t<div class=\"box teaser customteaser\">\r\n    <div class=\"contentarea\">\r\n\t<div class=\"image-container bg-image\"><img decoding=\"async\" src=\"https:\/\/www.grin.com\/wp-content\/uploads\/2020\/12\/illu_Registrieren_Publizieren_555x224.svg\" class=\"attachment-full size-full\" alt=\"Registrieren und Publizieren\" \/><\/div>\r\n        <h2 class=\"small\">\u00a1Haga m\u00e1s de sus libros!<\/h2><p>Con nuestros servicios premium, puede mejorar la calidad de sus libros y, por lo tanto, sus oportunidades de venta.<\/p>\r\n        <div class=\"buttons\">\r\n            <a class=\"icon-light field borders green\" href=\"https:\/\/www.grin.com\/es\/servicios\/premium\/\">\r\n                <span class=\"text\">\r\n                    <span class=\"text-content-container\">A los Servicios Premium<\/span>\r\n                <\/span><span class=\"icon\"><\/span>\r\n            <\/a>\r\n        <\/div>\r\n    <\/div>\r\n<\/div>\t\t\t\t<\/div>\n\t\t\t\t<\/div>\n\t\t\t\t\t<\/div>\n\t\t<\/div>\n\t\t\t\t\t<\/div>\n\t\t<\/section>\n\t\t\t\t<section class=\"elementor-section elementor-top-section elementor-element elementor-element-ef1ad41 elementor-section-boxed elementor-section-height-default elementor-section-height-default\" data-id=\"ef1ad41\" data-element_type=\"section\" data-e-type=\"section\">\n\t\t\t\t\t\t<div class=\"elementor-container elementor-column-gap-default\">\n\t\t\t\t\t<div class=\"elementor-column elementor-col-100 elementor-top-column elementor-element elementor-element-572ac02\" data-id=\"572ac02\" data-element_type=\"column\" data-e-type=\"column\">\n\t\t\t<div class=\"elementor-widget-wrap elementor-element-populated\">\n\t\t\t\t\t\t<div class=\"elementor-element elementor-element-3b7bcd0 elementor-widget elementor-widget-global elementor-global-9895 elementor-global-921 elementor-widget-grin-share-widget\" data-id=\"3b7bcd0\" data-element_type=\"widget\" data-e-type=\"widget\" data-widget_type=\"grin-share-widget.default\">\n\t\t\t\t<div class=\"elementor-widget-container\">\n\t\t\t\t\t<div class=\"share\">\n    <div class=\"footer-logo\"><\/div>\n    <div class=\"share-icons\">\n        <div class=\"shariff\" data-backend-url=\"null\" data-button-style=\"icon\" data-mail-url=\"mailto:\" data-services=\"[&quot;twitter&quot;,&quot;facebook&quot;,&quot;mail&quot;,&quot;whatsapp&quot;,&quot;linkedin&quot;]\"><\/div>\n        <div class=\"share-icon\"><a href=\"https:\/\/www.instagram.com\/grin_verlag\/\" target=\"_blank\" class=\"instagram\" rel=\"noopener\">Zu Instagram<\/a><\/div>\n    <\/div>\n<\/div>\t\t\t\t<\/div>\n\t\t\t\t<\/div>\n\t\t\t\t\t<\/div>\n\t\t<\/div>\n\t\t\t\t\t<\/div>\n\t\t<\/section>\n\t\t\t\t<\/div>\n\t\t","protected":false},"excerpt":{"rendered":"<p>Plantillas &amp; instrucciones \u00bfC\u00f3mo puedo encontrar un tema para mi trabajo o tesis? \u00bfC\u00f3mo encuentro literatura \u00fatil? \u00bfY qu\u00e9 aspecto debe tener el papel terminado? Escribir un trabajo acad\u00e9mico es mucho m\u00e1s que redactarlo. En esta p\u00e1gina encontrar\u00e1 un resumen de todas las cuestiones relativas a la preparaci\u00f3n y redacci\u00f3n de trabajos acad\u00e9micos. Las cosas [&hellip;]<\/p>\n","protected":false},"author":17,"featured_media":0,"parent":9852,"menu_order":0,"comment_status":"closed","ping_status":"closed","template":"","meta":{"_acf_changed":false,"_lmt_disableupdate":"","_lmt_disable":"","footnotes":""},"class_list":["post-9641","page","type-page","status-publish","hentry"],"acf":[],"_links":{"self":[{"href":"https:\/\/www.grin.com\/es\/wp-json\/wp\/v2\/pages\/9641","targetHints":{"allow":["GET"]}}],"collection":[{"href":"https:\/\/www.grin.com\/es\/wp-json\/wp\/v2\/pages"}],"about":[{"href":"https:\/\/www.grin.com\/es\/wp-json\/wp\/v2\/types\/page"}],"author":[{"embeddable":true,"href":"https:\/\/www.grin.com\/es\/wp-json\/wp\/v2\/users\/17"}],"replies":[{"embeddable":true,"href":"https:\/\/www.grin.com\/es\/wp-json\/wp\/v2\/comments?post=9641"}],"version-history":[{"count":11,"href":"https:\/\/www.grin.com\/es\/wp-json\/wp\/v2\/pages\/9641\/revisions"}],"predecessor-version":[{"id":22581,"href":"https:\/\/www.grin.com\/es\/wp-json\/wp\/v2\/pages\/9641\/revisions\/22581"}],"up":[{"embeddable":true,"href":"https:\/\/www.grin.com\/es\/wp-json\/wp\/v2\/pages\/9852"}],"wp:attachment":[{"href":"https:\/\/www.grin.com\/es\/wp-json\/wp\/v2\/media?parent=9641"}],"curies":[{"name":"wp","href":"https:\/\/api.w.org\/{rel}","templated":true}]}}