{"id":9819,"date":"2021-02-05T13:17:58","date_gmt":"2021-02-05T12:17:58","guid":{"rendered":"https:\/\/www.grin.com\/encontrar-conocimiento\/"},"modified":"2023-07-14T15:00:23","modified_gmt":"2023-07-14T13:00:23","slug":"encuentre-informaciones","status":"publish","type":"page","link":"https:\/\/www.grin.com\/es\/estudiantes\/encuentre-informaciones\/","title":{"rendered":"Encuentre informaciones"},"content":{"rendered":"\t\t<div data-elementor-type=\"wp-page\" data-elementor-id=\"9819\" class=\"elementor elementor-9819 elementor-351\" data-elementor-post-type=\"page\">\n\t\t\t\t\t\t<section class=\"elementor-section elementor-top-section elementor-element elementor-element-84ae276 elementor-section-boxed elementor-section-height-default elementor-section-height-default\" data-id=\"84ae276\" data-element_type=\"section\" data-e-type=\"section\">\n\t\t\t\t\t\t<div class=\"elementor-container elementor-column-gap-default\">\n\t\t\t\t\t<div class=\"elementor-column elementor-col-100 elementor-top-column elementor-element elementor-element-39c32c8\" data-id=\"39c32c8\" data-element_type=\"column\" data-e-type=\"column\">\n\t\t\t<div class=\"elementor-widget-wrap elementor-element-populated\">\n\t\t\t\t\t\t<div class=\"elementor-element elementor-element-c49cbad elementor-widget elementor-widget-grin-headerimage-widget\" data-id=\"c49cbad\" data-element_type=\"widget\" data-e-type=\"widget\" data-widget_type=\"grin-headerimage-widget.default\">\n\t\t\t\t<div class=\"elementor-widget-container\">\n\t\t\t\t\t<div class=\"headerimage\">\r\n    <div class=\"image-container\"><img decoding=\"async\" width=\"2400\" height=\"1080\" src=\"https:\/\/www.grin.com\/wp-content\/uploads\/2020\/12\/wissenfinden.jpg\" class=\"attachment-full size-full\" alt=\"Imagen de portada: Los estudiantes investigan en Internet para sus tareas dom\u00e9sticas\" srcset=\"https:\/\/www.grin.com\/wp-content\/uploads\/2020\/12\/wissenfinden.jpg 2400w, https:\/\/www.grin.com\/wp-content\/uploads\/2020\/12\/wissenfinden-300x135.jpg 300w, https:\/\/www.grin.com\/wp-content\/uploads\/2020\/12\/wissenfinden-1024x461.jpg 1024w, https:\/\/www.grin.com\/wp-content\/uploads\/2020\/12\/wissenfinden-768x346.jpg 768w, https:\/\/www.grin.com\/wp-content\/uploads\/2020\/12\/wissenfinden-1536x691.jpg 1536w, https:\/\/www.grin.com\/wp-content\/uploads\/2020\/12\/wissenfinden-2048x922.jpg 2048w\" sizes=\"(max-width: 2400px) 100vw, 2400px\" title=\"\"><\/div>\r\n    <h1>Con GRIN puede investigar en<br>m\u00e1s de 200.000 publicaciones especializadas<br>- Esto facilitar\u00e1 sus estudios<\/h1>\r\n<\/div>\t\t\t\t<\/div>\n\t\t\t\t<\/div>\n\t\t\t\t\t<\/div>\n\t\t<\/div>\n\t\t\t\t\t<\/div>\n\t\t<\/section>\n\t\t\t\t<section class=\"elementor-section elementor-top-section elementor-element elementor-element-58353cb elementor-section-boxed elementor-section-height-default elementor-section-height-default\" data-id=\"58353cb\" data-element_type=\"section\" data-e-type=\"section\">\n\t\t\t\t\t\t<div class=\"elementor-container elementor-column-gap-default\">\n\t\t\t\t\t<div class=\"elementor-column elementor-col-100 elementor-top-column elementor-element elementor-element-551d5d6\" data-id=\"551d5d6\" data-element_type=\"column\" data-e-type=\"column\">\n\t\t\t<div class=\"elementor-widget-wrap elementor-element-populated\">\n\t\t\t\t\t\t<div class=\"elementor-element elementor-element-c6cd679 elementor-widget elementor-widget-text-editor\" data-id=\"c6cd679\" data-element_type=\"widget\" data-e-type=\"widget\" data-widget_type=\"text-editor.default\">\n\t\t\t\t<div class=\"elementor-widget-container\">\n\t\t\t\t\t\t\t\t\t<h2>Encontrar conocimiento <span class=\"green-text\">en GRIN<\/span><\/h2><p>En GRIN encontrar\u00e1 trabajos acad\u00e9micos sobre muchos temas de sus estudios. En nuestra tienda puede buscar trabajos y tesis actuales y hacerse una idea del libro con nuestra muestra de lectura. Conv\u00e9nzase de la calidad de nuestros textos y d\u00e9jese inspirar. Todas nuestras publicaciones pueden adquirirse r\u00e1pidamente y con unos pocos clics.<\/p>\t\t\t\t\t\t\t\t<\/div>\n\t\t\t\t<\/div>\n\t\t\t\t\t<\/div>\n\t\t<\/div>\n\t\t\t\t\t<\/div>\n\t\t<\/section>\n\t\t\t\t<section class=\"elementor-section elementor-top-section elementor-element elementor-element-43d563a elementor-section-boxed elementor-section-height-default elementor-section-height-default\" data-id=\"43d563a\" data-element_type=\"section\" data-e-type=\"section\">\n\t\t\t\t\t\t<div class=\"elementor-container elementor-column-gap-default\">\n\t\t\t\t\t<div class=\"elementor-column elementor-col-100 elementor-top-column elementor-element elementor-element-de6343b\" data-id=\"de6343b\" data-element_type=\"column\" data-e-type=\"column\">\n\t\t\t<div class=\"elementor-widget-wrap elementor-element-populated\">\n\t\t\t\t\t\t<div class=\"elementor-element elementor-element-915d9db elementor-widget elementor-widget-grin-pros-widget\" data-id=\"915d9db\" data-element_type=\"widget\" data-e-type=\"widget\" data-widget_type=\"grin-pros-widget.default\">\n\t\t\t\t<div class=\"elementor-widget-container\">\n\t\t\t\t\t<div class=\"box-heading\"><p class=\"large\">As\u00ed de f\u00e1cil es <span class=\"green-text\">la investigaci\u00f3n en GRIN<\/span><\/p><\/div>\r\n<div class=\"box pros\">\r\n    <div class=\"contentarea\">\r\n        <div class=\"tabcontent active\">\r\n            <div class=\"slider-container\"><div class=\"slide-item stacked-content\">\r\n    <div class=\"slide-title small\">Siempre los \u00faltimos resultados de la investigaci\u00f3n<\/div>\r\n    <div class=\"columns-container\">\r\n        <div class=\"tabcontent-column\">\r\n            <img decoding=\"async\" src=\"https:\/\/www.grin.com\/wp-content\/uploads\/2020\/10\/illu_vt_forschungsergebnisse-1.svg\" class=\"attachment-full size-full\" alt=\", ,\" title=\"\">\r\n        <\/div>\r\n        <div class=\"tabcontent-column\">\r\n            <div class=\"tabcontent-column-content-container\"><p class=\"large\">Mant\u00e9ngase informado en su campo<\/p><p>GRIN publica conocimientos acad\u00e9micos directamente desde la universidad. As\u00ed podr\u00e1 encontrar siempre los \u00faltimos resultados de la investigaci\u00f3n en su campo.<\/p><\/div>\r\n        <\/div>\r\n    <\/div>\r\n<\/div><div class=\"slide-item stacked-content\">\r\n    <div class=\"slide-title small\">Acceso r\u00e1pido y f\u00e1cil<\/div>\r\n    <div class=\"columns-container\">\r\n        <div class=\"tabcontent-column\">\r\n            <img decoding=\"async\" src=\"https:\/\/www.grin.com\/wp-content\/uploads\/2020\/10\/illu_vt_voe_schnell-1.svg\" class=\"attachment-full size-full\" alt=\", ,\" title=\"\">\r\n        <\/div>\r\n        <div class=\"tabcontent-column\">\r\n            <div class=\"tabcontent-column-content-container\"><p class=\"large\">Su enlace con las universidades de todo el mundo<\/p><p>GRIN facilita la investigaci\u00f3n con una tienda claramente estructurada, una b\u00fasqueda de temas espec\u00edficos y la b\u00fasqueda en libros similares. As\u00ed podr\u00e1 encontrar r\u00e1pidamente lo que busca.<\/p><\/div>\r\n        <\/div>\r\n    <\/div>\r\n<\/div><div class=\"slide-item stacked-content\">\r\n    <div class=\"slide-title small\">M\u00e1s de 200.000 textos de m\u00e1s de 100 \u00e1mbitos<\/div>\r\n    <div class=\"columns-container\">\r\n        <div class=\"tabcontent-column\">\r\n            <img decoding=\"async\" src=\"https:\/\/www.grin.com\/wp-content\/uploads\/2020\/10\/illu_vt_professionelles_tb-1.svg\" class=\"attachment-full size-full\" alt=\", ,\" title=\"\">\r\n        <\/div>\r\n        <div class=\"tabcontent-column\">\r\n            <div class=\"tabcontent-column-content-container\"><p class=\"large\">Investigaci\u00f3n de temas generales y altamente especializados<\/p><p>Aproveche nuestra amplia gama de publicaciones. En GRIN encontrar\u00e1 todo tipo de informaci\u00f3n, desde una visi\u00f3n general hasta temas espec\u00edficos.<\/p><\/div>\r\n        <\/div>\r\n    <\/div>\r\n<\/div><div class=\"slide-item stacked-content\">\r\n    <div class=\"slide-title small\">Descarga inmediata de libros electr\u00f3nicos<\/div>\r\n    <div class=\"columns-container\">\r\n        <div class=\"tabcontent-column\">\r\n            <img decoding=\"async\" src=\"https:\/\/www.grin.com\/wp-content\/uploads\/2020\/10\/illu_vt_downloads-2.svg\" class=\"attachment-full size-full\" alt=\", ,\" title=\"\">\r\n        <\/div>\r\n        <div class=\"tabcontent-column\">\r\n            <div class=\"tabcontent-column-content-container\"><p class=\"large\">Nuestros libros electr\u00f3nicos est\u00e1n disponibles para su descarga directa<\/p><p>Puede descargar nuestros libros electr\u00f3nicos tantas veces como quiera directamente despu\u00e9s de la compra, y en todos los formatos disponibles. Guardar e imprimir tampoco es un problema.<\/p><\/div>\r\n        <\/div>\r\n    <\/div>\r\n<\/div><div class=\"slide-item stacked-content\">\r\n    <div class=\"slide-title small\">\u00a1Todo para sus estudios!<\/div>\r\n    <div class=\"columns-container\">\r\n        <div class=\"tabcontent-column\">\r\n            <img decoding=\"async\" src=\"https:\/\/www.grin.com\/wp-content\/uploads\/2020\/10\/illu_vt_services-1.svg\" class=\"attachment-full size-full\" alt=\", ,\" title=\"\">\r\n        <\/div>\r\n        <div class=\"tabcontent-column\">\r\n            <div class=\"tabcontent-column-content-container\"><p class=\"large\">Contenido profesional y valiosos consejos y trucos<\/p><p>En GRIN encontrar\u00e1 conocimientos especializados de todas las disciplinas acad\u00e9micas. Y adem\u00e1s, plantillas para trabajos acad\u00e9micos, instrucciones sobre la redacci\u00f3n acad\u00e9mica y consejos de expertos de nuestro equipo editorial.<\/p><\/div>\r\n        <\/div>\r\n    <\/div>\r\n<\/div><\/div>\r\n        <\/div>\r\n    <\/div>\r\n    <div class=\"control\">\r\n        <div class=\"buttons\">\r\n            <a class=\"publish field borders green\" href=\"https:\/\/www.grin.com\/es\/catalog\/\">\r\n                <span class=\"text\">\r\n                    <span class=\"text-content-container\">Investigar sobre GRIN ahora<\/span>\r\n                <\/span><span class=\"icon\"><\/span>\r\n            <\/a>\r\n        <\/div>\r\n        <div class=\"tabnav\">\r\n            <a href=\"#\" class=\"nav nav-previous\">Vorheriges<\/a>\r\n            <a href=\"#\" class=\"nav nav-next\">N\u00e4chstes<\/a>\r\n        <\/div>\r\n    <\/div>\r\n<\/div>\t\t\t\t<\/div>\n\t\t\t\t<\/div>\n\t\t\t\t\t<\/div>\n\t\t<\/div>\n\t\t\t\t\t<\/div>\n\t\t<\/section>\n\t\t\t\t<section class=\"elementor-section elementor-top-section elementor-element elementor-element-86939d0 elementor-section-boxed elementor-section-height-default elementor-section-height-default\" data-id=\"86939d0\" data-element_type=\"section\" data-e-type=\"section\">\n\t\t\t\t\t\t<div class=\"elementor-container elementor-column-gap-default\">\n\t\t\t\t\t<div class=\"elementor-column elementor-col-100 elementor-top-column elementor-element elementor-element-1944f13\" data-id=\"1944f13\" data-element_type=\"column\" data-e-type=\"column\">\n\t\t\t<div class=\"elementor-widget-wrap elementor-element-populated\">\n\t\t\t\t\t\t<div class=\"elementor-element elementor-element-b3e5119 elementor-widget elementor-widget-global elementor-global-9891 elementor-global-1189 elementor-widget-grin-contact-widget\" data-id=\"b3e5119\" data-element_type=\"widget\" data-e-type=\"widget\" data-widget_type=\"grin-contact-widget.default\">\n\t\t\t\t<div class=\"elementor-widget-container\">\n\t\t\t\t\t<div class=\"contact\">\r\n    <div class=\"contentarea\">\r\n        <h2 class=\"small\">\u00bfTienes preguntas o necesitas apoyo?<\/h2>\r\n        <div class=\"column-container\">\r\n            <div class=\"media\">\r\n                <div class=\"image-sizer\">\r\n                    <div class=\"image-container\"><img decoding=\"async\" width=\"2560\" height=\"1707\" src=\"https:\/\/www.grin.com\/wp-content\/uploads\/2020\/10\/Support-scaled.jpg\" class=\"attachment-full size-full\" alt=\"Frau nimmt telefonische Anfrage entgegen\" srcset=\"https:\/\/www.grin.com\/wp-content\/uploads\/2020\/10\/Support-scaled.jpg 2560w, https:\/\/www.grin.com\/wp-content\/uploads\/2020\/10\/Support-300x200.jpg 300w, https:\/\/www.grin.com\/wp-content\/uploads\/2020\/10\/Support-1024x683.jpg 1024w, https:\/\/www.grin.com\/wp-content\/uploads\/2020\/10\/Support-768x512.jpg 768w, https:\/\/www.grin.com\/wp-content\/uploads\/2020\/10\/Support-1536x1024.jpg 1536w, https:\/\/www.grin.com\/wp-content\/uploads\/2020\/10\/Support-2048x1365.jpg 2048w\" sizes=\"(max-width: 2560px) 100vw, 2560px\" title=\"\"><\/div>\r\n                <\/div>\r\n            <\/div>\r\n            <div class=\"textcontent\">\r\n                <div class=\"bigtext large\"><p>Lunes a Jueves:<\/p><p>10:00-13:00 y 14:00- 17:00<\/p><p>Viernes:<\/p><p>10:00-13:00 y 14:00- 16:00<\/p><p>+49 89 550559-0<\/p><p><a href=\"mailto:info@grin.com\">info@grin.com<\/a><\/p><\/div>\r\n                <div class=\"smalltext\"><p>Llamanos o escr\u00edbenos:<\/p><p><strong>Estaremos encantados de ayudarte personalmente.<\/strong><\/p><\/div>\r\n            <\/div>\r\n        <\/div>\r\n    <\/div>\r\n<\/div>\t\t\t\t<\/div>\n\t\t\t\t<\/div>\n\t\t\t\t\t<\/div>\n\t\t<\/div>\n\t\t\t\t\t<\/div>\n\t\t<\/section>\n\t\t\t\t<section class=\"elementor-section elementor-top-section elementor-element elementor-element-e872517 elementor-section-boxed elementor-section-height-default elementor-section-height-default\" data-id=\"e872517\" data-element_type=\"section\" data-e-type=\"section\">\n\t\t\t\t\t\t<div class=\"elementor-container elementor-column-gap-default\">\n\t\t\t\t\t<div class=\"elementor-column elementor-col-50 elementor-top-column elementor-element elementor-element-98d1542\" data-id=\"98d1542\" data-element_type=\"column\" data-e-type=\"column\">\n\t\t\t<div class=\"elementor-widget-wrap elementor-element-populated\">\n\t\t\t\t\t\t<div class=\"elementor-element elementor-element-00138f4 elementor-widget elementor-widget-global elementor-global-9882 elementor-global-2285 elementor-widget-grin-custom-teaser-widget\" data-id=\"00138f4\" data-element_type=\"widget\" data-e-type=\"widget\" data-widget_type=\"grin-custom-teaser-widget.default\">\n\t\t\t\t<div class=\"elementor-widget-container\">\n\t\t\t\t\t<div class=\"box teaser customteaser\">\r\n    <div class=\"contentarea\">\r\n\t<div class=\"image-container bg-image\"><img decoding=\"async\" src=\"https:\/\/www.grin.com\/wp-content\/uploads\/2020\/12\/illu_Registrieren_Publizieren_555x224.svg\" class=\"attachment-full size-full\" alt=\"Registrieren und Publizieren\" title=\"\"><\/div>\r\n        <h2 class=\"small\">Consejos para usar Microsoft Word<\/h2>\n<p>Obtenga informaci\u00f3n sobre las formas \u00fatiles de formatear y automatizaci\u00f3n.<\/p>\n\r\n        <div class=\"buttons\">\r\n            <a class=\"icon-light field borders green\" href=\"https:\/\/www.grin.com\/es\/servicios\/consejos-para-microsoft-word\/\">\r\n                <span class=\"text\">\r\n                    <span class=\"text-content-container\">A las puntas de Word<\/span>\r\n                <\/span><span class=\"icon\"><\/span>\r\n            <\/a>\r\n        <\/div>\r\n    <\/div>\r\n<\/div>\t\t\t\t<\/div>\n\t\t\t\t<\/div>\n\t\t\t\t\t<\/div>\n\t\t<\/div>\n\t\t\t\t<div class=\"elementor-column elementor-col-50 elementor-top-column elementor-element elementor-element-a059c3a\" data-id=\"a059c3a\" data-element_type=\"column\" data-e-type=\"column\">\n\t\t\t<div class=\"elementor-widget-wrap elementor-element-populated\">\n\t\t\t\t\t\t<div class=\"elementor-element elementor-element-17fd038 elementor-widget elementor-widget-global elementor-global-9875 elementor-global-2288 elementor-widget-grin-custom-teaser-widget\" data-id=\"17fd038\" data-element_type=\"widget\" data-e-type=\"widget\" data-widget_type=\"grin-custom-teaser-widget.default\">\n\t\t\t\t<div class=\"elementor-widget-container\">\n\t\t\t\t\t<div class=\"box teaser customteaser\">\r\n    <div class=\"contentarea\">\r\n\t<div class=\"image-container bg-image\"><img decoding=\"async\" src=\"https:\/\/www.grin.com\/wp-content\/uploads\/2020\/12\/illu_Registrieren_Publizieren_555x224.svg\" class=\"attachment-full size-full\" alt=\"Registrieren und Publizieren\" title=\"\"><\/div>\r\n        <h2 class=\"small\">Ayuda para la escritura cient\u00edfica<\/h2>\n<p>Le ayudamos con la b\u00fasqueda de temas, la investigaci\u00f3n de la literatura y la escritura cient\u00edfica. <\/p>\n\r\n        <div class=\"buttons\">\r\n            <a class=\"icon-light field borders green\" href=\"https:\/\/www.grin.com\/es\/servicios\/plantillas\/\">\r\n                <span class=\"text\">\r\n                    <span class=\"text-content-container\">Comience ahora<\/span>\r\n                <\/span><span class=\"icon\"><\/span>\r\n            <\/a>\r\n        <\/div>\r\n    <\/div>\r\n<\/div>\t\t\t\t<\/div>\n\t\t\t\t<\/div>\n\t\t\t\t\t<\/div>\n\t\t<\/div>\n\t\t\t\t\t<\/div>\n\t\t<\/section>\n\t\t\t\t<section class=\"elementor-section elementor-top-section elementor-element elementor-element-a273121 elementor-section-boxed elementor-section-height-default elementor-section-height-default\" data-id=\"a273121\" data-element_type=\"section\" data-e-type=\"section\">\n\t\t\t\t\t\t<div class=\"elementor-container elementor-column-gap-default\">\n\t\t\t\t\t<div class=\"elementor-column elementor-col-50 elementor-top-column elementor-element elementor-element-028d390\" data-id=\"028d390\" data-element_type=\"column\" data-e-type=\"column\">\n\t\t\t<div class=\"elementor-widget-wrap elementor-element-populated\">\n\t\t\t\t\t\t<div class=\"elementor-element elementor-element-92481fd elementor-widget elementor-widget-global elementor-global-10017 elementor-global-340 elementor-widget-grin-audience-widget\" data-id=\"92481fd\" data-element_type=\"widget\" data-e-type=\"widget\" data-widget_type=\"grin-audience-widget.default\">\n\t\t\t\t<div class=\"elementor-widget-container\">\n\t\t\t\t\t<div class=\"whitebox audience\" style=\"background:\">\r\n    <div class=\"image-container\"><img decoding=\"async\" width=\"2400\" height=\"1080\" src=\"https:\/\/www.grin.com\/wp-content\/uploads\/2020\/11\/hausarbeiten-publizieren.jpg\" class=\"attachment-full size-full\" alt=\"Titelbild: Studentin schreibt an ihrer Hausarbeit\" srcset=\"https:\/\/www.grin.com\/wp-content\/uploads\/2020\/11\/hausarbeiten-publizieren.jpg 2400w, https:\/\/www.grin.com\/wp-content\/uploads\/2020\/11\/hausarbeiten-publizieren-300x135.jpg 300w, https:\/\/www.grin.com\/wp-content\/uploads\/2020\/11\/hausarbeiten-publizieren-1024x461.jpg 1024w, https:\/\/www.grin.com\/wp-content\/uploads\/2020\/11\/hausarbeiten-publizieren-768x346.jpg 768w, https:\/\/www.grin.com\/wp-content\/uploads\/2020\/11\/hausarbeiten-publizieren-1536x691.jpg 1536w, https:\/\/www.grin.com\/wp-content\/uploads\/2020\/11\/hausarbeiten-publizieren-2048x922.jpg 2048w\" sizes=\"(max-width: 2400px) 100vw, 2400px\" title=\"\"><\/div>\r\n    <div class=\"contentarea\">\r\n        \r\n        <h3 class=\"small\"><a href=\"https:\/\/www.grin.com\/es\/estudiantes\/publique-trabajos-escritos\/\">Publique sus trabajos escritos<\/a><\/h3><p><strong>GRIN le ayuda <\/strong>a ganar dinero con su trabajo semestral, trabajo de proyecto, ensayos y co.<br \/>\u2013 r\u00e1pido, f\u00e1cil y gratuito.<\/p><p><a title=\"Publicar art\u00edculos semestrales\" href=\"https:\/\/www.grin.com\/es\/estudiantes\/publique-trabajos-escritos\/\">Enlace a la p\u00e1gina<\/a><\/p>\r\n        \r\n    <\/div>\r\n<\/div>\t\t\t\t<\/div>\n\t\t\t\t<\/div>\n\t\t\t\t\t<\/div>\n\t\t<\/div>\n\t\t\t\t<div class=\"elementor-column elementor-col-50 elementor-top-column elementor-element elementor-element-ac0e7c1\" data-id=\"ac0e7c1\" data-element_type=\"column\" data-e-type=\"column\">\n\t\t\t<div class=\"elementor-widget-wrap elementor-element-populated\">\n\t\t\t\t\t\t<div class=\"elementor-element elementor-element-946ae77 elementor-widget elementor-widget-global elementor-global-10025 elementor-global-327 elementor-widget-grin-audience-widget\" data-id=\"946ae77\" data-element_type=\"widget\" data-e-type=\"widget\" data-widget_type=\"grin-audience-widget.default\">\n\t\t\t\t<div class=\"elementor-widget-container\">\n\t\t\t\t\t<div class=\"whitebox audience\" style=\"background:\">\r\n    <div class=\"image-container\"><img decoding=\"async\" width=\"2400\" height=\"1080\" src=\"https:\/\/www.grin.com\/wp-content\/uploads\/2020\/11\/abschlussarbeit-publizieren.jpg\" class=\"attachment-full size-full\" alt=\"Titelbild: Uni-Absolventen nach der feierlichen Zeugnisverleihung\" srcset=\"https:\/\/www.grin.com\/wp-content\/uploads\/2020\/11\/abschlussarbeit-publizieren.jpg 2400w, https:\/\/www.grin.com\/wp-content\/uploads\/2020\/11\/abschlussarbeit-publizieren-300x135.jpg 300w, https:\/\/www.grin.com\/wp-content\/uploads\/2020\/11\/abschlussarbeit-publizieren-1024x461.jpg 1024w, https:\/\/www.grin.com\/wp-content\/uploads\/2020\/11\/abschlussarbeit-publizieren-768x346.jpg 768w, https:\/\/www.grin.com\/wp-content\/uploads\/2020\/11\/abschlussarbeit-publizieren-1536x691.jpg 1536w, https:\/\/www.grin.com\/wp-content\/uploads\/2020\/11\/abschlussarbeit-publizieren-2048x922.jpg 2048w\" sizes=\"(max-width: 2400px) 100vw, 2400px\" title=\"\"><\/div>\r\n    <div class=\"contentarea\">\r\n        \r\n        <h3 class=\"small\"><a href=\"https:\/\/www.grin.com\/es\/estudiantes\/publique-tesis\/\">Publique su tesis<\/a><\/h3><p><strong>En GRIN puede publicar<\/strong> sus tesis de forma gratuita, f\u00e1cil y r\u00e1pida. Comparte tus conocimientos y gana dinero.<\/p><p><a title=\"Publicar tesis\" href=\"https:\/\/www.grin.com\/es\/estudiantes\/publique-tesis\/\">Enlace a la p\u00e1gina<\/a><\/p>\r\n        \r\n    <\/div>\r\n<\/div>\t\t\t\t<\/div>\n\t\t\t\t<\/div>\n\t\t\t\t\t<\/div>\n\t\t<\/div>\n\t\t\t\t\t<\/div>\n\t\t<\/section>\n\t\t\t\t<section class=\"elementor-section elementor-top-section elementor-element elementor-element-daf0dff elementor-section-boxed elementor-section-height-default elementor-section-height-default\" data-id=\"daf0dff\" data-element_type=\"section\" data-e-type=\"section\">\n\t\t\t\t\t\t<div class=\"elementor-container elementor-column-gap-default\">\n\t\t\t\t\t<div class=\"elementor-column elementor-col-100 elementor-top-column elementor-element elementor-element-6b00338\" data-id=\"6b00338\" data-element_type=\"column\" data-e-type=\"column\">\n\t\t\t<div class=\"elementor-widget-wrap elementor-element-populated\">\n\t\t\t\t\t\t<div class=\"elementor-element elementor-element-600b50f elementor-widget elementor-widget-global elementor-global-9895 elementor-global-921 elementor-widget-grin-share-widget\" data-id=\"600b50f\" data-element_type=\"widget\" data-e-type=\"widget\" data-widget_type=\"grin-share-widget.default\">\n\t\t\t\t<div class=\"elementor-widget-container\">\n\t\t\t\t\t<div class=\"share\">\n    <div class=\"footer-logo\"><\/div>\n    <div class=\"share-icons\">\n        <div class=\"shariff\" data-backend-url=\"null\" data-button-style=\"icon\" data-mail-url=\"mailto:\" data-services=\"[&quot;twitter&quot;,&quot;facebook&quot;,&quot;mail&quot;,&quot;whatsapp&quot;,&quot;linkedin&quot;]\"><\/div>\n        <div class=\"share-icon\"><a href=\"https:\/\/www.instagram.com\/grin_verlag\/\" target=\"_blank\" class=\"instagram\" rel=\"noopener\">Zu Instagram<\/a><\/div>\n    <\/div>\n<\/div>\t\t\t\t<\/div>\n\t\t\t\t<\/div>\n\t\t\t\t\t<\/div>\n\t\t<\/div>\n\t\t\t\t\t<\/div>\n\t\t<\/section>\n\t\t\t\t<\/div>\n\t\t","protected":false},"excerpt":{"rendered":"<p>Con GRIN puede investigar enm\u00e1s de 200.000 publicaciones especializadas&#8211; Esto facilitar\u00e1 sus estudios Encontrar conocimiento en GRIN En GRIN encontrar\u00e1 trabajos acad\u00e9micos sobre muchos temas de sus estudios. En nuestra tienda puede buscar trabajos y tesis actuales y hacerse una idea del libro con nuestra muestra de lectura. Conv\u00e9nzase de la calidad de nuestros textos [&hellip;]<\/p>\n","protected":false},"author":17,"featured_media":0,"parent":9865,"menu_order":0,"comment_status":"closed","ping_status":"closed","template":"","meta":{"_acf_changed":false,"_lmt_disableupdate":"","_lmt_disable":"","footnotes":""},"class_list":["post-9819","page","type-page","status-publish","hentry"],"acf":[],"_links":{"self":[{"href":"https:\/\/www.grin.com\/es\/wp-json\/wp\/v2\/pages\/9819","targetHints":{"allow":["GET"]}}],"collection":[{"href":"https:\/\/www.grin.com\/es\/wp-json\/wp\/v2\/pages"}],"about":[{"href":"https:\/\/www.grin.com\/es\/wp-json\/wp\/v2\/types\/page"}],"author":[{"embeddable":true,"href":"https:\/\/www.grin.com\/es\/wp-json\/wp\/v2\/users\/17"}],"replies":[{"embeddable":true,"href":"https:\/\/www.grin.com\/es\/wp-json\/wp\/v2\/comments?post=9819"}],"version-history":[{"count":25,"href":"https:\/\/www.grin.com\/es\/wp-json\/wp\/v2\/pages\/9819\/revisions"}],"predecessor-version":[{"id":34616,"href":"https:\/\/www.grin.com\/es\/wp-json\/wp\/v2\/pages\/9819\/revisions\/34616"}],"up":[{"embeddable":true,"href":"https:\/\/www.grin.com\/es\/wp-json\/wp\/v2\/pages\/9865"}],"wp:attachment":[{"href":"https:\/\/www.grin.com\/es\/wp-json\/wp\/v2\/media?parent=9819"}],"curies":[{"name":"wp","href":"https:\/\/api.w.org\/{rel}","templated":true}]}}