{"id":9850,"date":"2021-02-05T16:20:16","date_gmt":"2021-02-05T15:20:16","guid":{"rendered":"https:\/\/www.grin.com\/acerca-de-grin\/socio\/"},"modified":"2021-11-16T16:36:05","modified_gmt":"2021-11-16T15:36:05","slug":"socios","status":"publish","type":"page","link":"https:\/\/www.grin.com\/es\/quienes-somos\/socios\/","title":{"rendered":"Socios"},"content":{"rendered":"\t\t<div data-elementor-type=\"wp-page\" data-elementor-id=\"9850\" class=\"elementor elementor-9850 elementor-50\" data-elementor-post-type=\"page\">\n\t\t\t\t\t\t<section class=\"elementor-section elementor-top-section elementor-element elementor-element-8013046 elementor-section-boxed elementor-section-height-default elementor-section-height-default\" data-id=\"8013046\" data-element_type=\"section\" data-e-type=\"section\">\n\t\t\t\t\t\t<div class=\"elementor-container elementor-column-gap-default\">\n\t\t\t\t\t<div class=\"elementor-column elementor-col-100 elementor-top-column elementor-element elementor-element-43680a9\" data-id=\"43680a9\" data-element_type=\"column\" data-e-type=\"column\">\n\t\t\t<div class=\"elementor-widget-wrap elementor-element-populated\">\n\t\t\t\t\t\t<div class=\"elementor-element elementor-element-46c096a elementor-widget elementor-widget-grin-headerimage-widget\" data-id=\"46c096a\" data-element_type=\"widget\" data-e-type=\"widget\" data-widget_type=\"grin-headerimage-widget.default\">\n\t\t\t\t<div class=\"elementor-widget-container\">\n\t\t\t\t\t<div class=\"headerimage\">\r\n    <div class=\"image-container\"><img decoding=\"async\" width=\"2400\" height=\"1080\" src=\"https:\/\/www.grin.com\/wp-content\/uploads\/2020\/12\/partner1.jpg\" class=\"attachment-full size-full\" alt=\"Titelbild: Handschlag im B\u00fcro\" srcset=\"https:\/\/www.grin.com\/wp-content\/uploads\/2020\/12\/partner1.jpg 2400w, https:\/\/www.grin.com\/wp-content\/uploads\/2020\/12\/partner1-300x135.jpg 300w, https:\/\/www.grin.com\/wp-content\/uploads\/2020\/12\/partner1-1024x461.jpg 1024w, https:\/\/www.grin.com\/wp-content\/uploads\/2020\/12\/partner1-768x346.jpg 768w, https:\/\/www.grin.com\/wp-content\/uploads\/2020\/12\/partner1-1536x691.jpg 1536w, https:\/\/www.grin.com\/wp-content\/uploads\/2020\/12\/partner1-2048x922.jpg 2048w\" sizes=\"(max-width: 2400px) 100vw, 2400px\" title=\"\"><\/div>\r\n    <h1>Conozca a los socios de GRIN:<br>Socios comerciales, cooperaciones con universidades e instituciones cient\u00edficas<\/h1>\r\n<\/div>\t\t\t\t<\/div>\n\t\t\t\t<\/div>\n\t\t\t\t\t<\/div>\n\t\t<\/div>\n\t\t\t\t\t<\/div>\n\t\t<\/section>\n\t\t\t\t<section class=\"elementor-section elementor-top-section elementor-element elementor-element-043dd6d elementor-section-boxed elementor-section-height-default elementor-section-height-default\" data-id=\"043dd6d\" data-element_type=\"section\" data-e-type=\"section\">\n\t\t\t\t\t\t<div class=\"elementor-container elementor-column-gap-default\">\n\t\t\t\t\t<div class=\"elementor-column elementor-col-50 elementor-top-column elementor-element elementor-element-14c6794\" data-id=\"14c6794\" data-element_type=\"column\" data-e-type=\"column\">\n\t\t\t<div class=\"elementor-widget-wrap elementor-element-populated\">\n\t\t\t\t\t\t<div class=\"elementor-element elementor-element-1e126f2 elementor-widget elementor-widget-grin-custom-teaser-widget\" data-id=\"1e126f2\" data-element_type=\"widget\" data-e-type=\"widget\" data-widget_type=\"grin-custom-teaser-widget.default\">\n\t\t\t\t<div class=\"elementor-widget-container\">\n\t\t\t\t\t<div class=\"box teaser customteaser\">\r\n    <div class=\"contentarea\">\r\n\t<div class=\"image-container bg-image\"><img decoding=\"async\" src=\"https:\/\/www.grin.com\/wp-content\/uploads\/2020\/12\/illu_Registrieren_Publizieren_555x224.svg\" class=\"attachment-full size-full\" alt=\"Registrieren und Publizieren\" title=\"\"><\/div>\r\n        <h2 class=\"small\"><a href=\"https:\/\/www.grin.com\/es\/quienes-somos\/socios\/socios-comerciales\/\">Socios comerciales<\/a><\/h2><p><strong>GRIN suministra una red de distribuci\u00f3n mundial.<\/strong> Nuestros socios comerciales incluyen todas las principales tiendas en l\u00ednea, as\u00ed como librer\u00edas locales.<\/p>\r\n        <div class=\"buttons\">\r\n            <a class=\"icon-light field borders green\" href=\"https:\/\/www.grin.com\/es\/quienes-somos\/socios\/socios-comerciales\/\">\r\n                <span class=\"text\">\r\n                    <span class=\"text-content-container\">M\u00e1s informaci\u00f3n<\/span>\r\n                <\/span><span class=\"icon\"><\/span>\r\n            <\/a>\r\n        <\/div>\r\n    <\/div>\r\n<\/div>\t\t\t\t<\/div>\n\t\t\t\t<\/div>\n\t\t\t\t\t<\/div>\n\t\t<\/div>\n\t\t\t\t<div class=\"elementor-column elementor-col-50 elementor-top-column elementor-element elementor-element-9cd1d51\" data-id=\"9cd1d51\" data-element_type=\"column\" data-e-type=\"column\">\n\t\t\t<div class=\"elementor-widget-wrap elementor-element-populated\">\n\t\t\t\t\t\t<div class=\"elementor-element elementor-element-25c76ad elementor-widget elementor-widget-grin-custom-teaser-widget\" data-id=\"25c76ad\" data-element_type=\"widget\" data-e-type=\"widget\" data-widget_type=\"grin-custom-teaser-widget.default\">\n\t\t\t\t<div class=\"elementor-widget-container\">\n\t\t\t\t\t<div class=\"box teaser customteaser\">\r\n    <div class=\"contentarea\">\r\n\t<div class=\"image-container bg-image\"><img decoding=\"async\" src=\"https:\/\/www.grin.com\/wp-content\/uploads\/2020\/12\/illu_Registrieren_Publizieren_555x224.svg\" class=\"attachment-full size-full\" alt=\"Registrieren und Publizieren\" title=\"\"><\/div>\r\n        <h2 class=\"small\"><a href=\"https:\/\/www.grin.com\/es\/quienes-somos\/socios\/cooperacion\/\">Cooperaciones<\/a><\/h2><p><strong>GRIN coopera con diversas instituciones<\/strong> de los campos estudiantil y cient\u00edfico. Nuestros socios tambi\u00e9n incluyen universidades de renombre.<\/p>\r\n        <div class=\"buttons\">\r\n            <a class=\"icon-light field borders green\" href=\"https:\/\/www.grin.com\/es\/quienes-somos\/socios\/cooperacion\/\">\r\n                <span class=\"text\">\r\n                    <span class=\"text-content-container\">M\u00e1s informaci\u00f3n<\/span>\r\n                <\/span><span class=\"icon\"><\/span>\r\n            <\/a>\r\n        <\/div>\r\n    <\/div>\r\n<\/div>\t\t\t\t<\/div>\n\t\t\t\t<\/div>\n\t\t\t\t\t<\/div>\n\t\t<\/div>\n\t\t\t\t\t<\/div>\n\t\t<\/section>\n\t\t\t\t<section class=\"elementor-section elementor-top-section elementor-element elementor-element-9a49808 elementor-section-boxed elementor-section-height-default elementor-section-height-default\" data-id=\"9a49808\" data-element_type=\"section\" data-e-type=\"section\">\n\t\t\t\t\t\t<div class=\"elementor-container elementor-column-gap-default\">\n\t\t\t\t\t<div class=\"elementor-column elementor-col-50 elementor-top-column elementor-element elementor-element-16b6f5f\" data-id=\"16b6f5f\" data-element_type=\"column\" data-e-type=\"column\">\n\t\t\t<div class=\"elementor-widget-wrap elementor-element-populated\">\n\t\t\t\t\t\t<div class=\"elementor-element elementor-element-40214f5 elementor-widget elementor-widget-global elementor-global-9945 elementor-global-595 elementor-widget-grin-audience-widget\" data-id=\"40214f5\" data-element_type=\"widget\" data-e-type=\"widget\" data-widget_type=\"grin-audience-widget.default\">\n\t\t\t\t<div class=\"elementor-widget-container\">\n\t\t\t\t\t<div class=\"whitebox audience\" style=\"background:\">\r\n    <div class=\"image-container\"><img decoding=\"async\" width=\"2262\" height=\"1080\" src=\"https:\/\/www.grin.com\/wp-content\/uploads\/2020\/12\/hochschule_klein.jpg\" class=\"attachment-full size-full\" alt=\"Vorschaubild: Tablet in einem Regal mit B\u00fcchern\" srcset=\"https:\/\/www.grin.com\/wp-content\/uploads\/2020\/12\/hochschule_klein.jpg 2262w, https:\/\/www.grin.com\/wp-content\/uploads\/2020\/12\/hochschule_klein-300x143.jpg 300w, https:\/\/www.grin.com\/wp-content\/uploads\/2020\/12\/hochschule_klein-1024x489.jpg 1024w, https:\/\/www.grin.com\/wp-content\/uploads\/2020\/12\/hochschule_klein-768x367.jpg 768w, https:\/\/www.grin.com\/wp-content\/uploads\/2020\/12\/hochschule_klein-1536x733.jpg 1536w, https:\/\/www.grin.com\/wp-content\/uploads\/2020\/12\/hochschule_klein-2048x978.jpg 2048w\" sizes=\"(max-width: 2262px) 100vw, 2262px\" title=\"\"><\/div>\r\n    <div class=\"contentarea\">\r\n        \r\n        <h3 class=\"small\"><a href=\"https:\/\/www.grin.com\/es\/quienes-somos\/socios\/universidades\/\">Universidades<\/a><\/h3><p><strong>GRIN ofrece una amplia gama de<\/strong> publicaciones cient\u00edficas de alta calidad. \u00a1Aprende m\u00e1s sobre nuestro proceso de selecci\u00f3n y nuestros est\u00e1ndares de calidad!<\/p><p><a title=\"Universidades\" href=\"https:\/\/www.grin.com\/es\/quienes-somos\/socios\/universidades\/\">Enlace a la p\u00e1gina<\/a><\/p>\r\n        \r\n    <\/div>\r\n<\/div>\t\t\t\t<\/div>\n\t\t\t\t<\/div>\n\t\t\t\t\t<\/div>\n\t\t<\/div>\n\t\t\t\t<div class=\"elementor-column elementor-col-50 elementor-top-column elementor-element elementor-element-ea2008c\" data-id=\"ea2008c\" data-element_type=\"column\" data-e-type=\"column\">\n\t\t\t<div class=\"elementor-widget-wrap\">\n\t\t\t\t\t\t\t<\/div>\n\t\t<\/div>\n\t\t\t\t\t<\/div>\n\t\t<\/section>\n\t\t\t\t<section class=\"elementor-section elementor-top-section elementor-element elementor-element-0eba78b elementor-section-boxed elementor-section-height-default elementor-section-height-default\" data-id=\"0eba78b\" data-element_type=\"section\" data-e-type=\"section\">\n\t\t\t\t\t\t<div class=\"elementor-container elementor-column-gap-default\">\n\t\t\t\t\t<div class=\"elementor-column elementor-col-100 elementor-top-column elementor-element elementor-element-5db7c96\" data-id=\"5db7c96\" data-element_type=\"column\" data-e-type=\"column\">\n\t\t\t<div class=\"elementor-widget-wrap elementor-element-populated\">\n\t\t\t\t\t\t<div class=\"elementor-element elementor-element-97e2c5e elementor-widget elementor-widget-global elementor-global-9895 elementor-global-921 elementor-widget-grin-share-widget\" data-id=\"97e2c5e\" data-element_type=\"widget\" data-e-type=\"widget\" data-widget_type=\"grin-share-widget.default\">\n\t\t\t\t<div class=\"elementor-widget-container\">\n\t\t\t\t\t<div class=\"share\">\n    <div class=\"footer-logo\"><\/div>\n    <div class=\"share-icons\">\n        <div class=\"shariff\" data-backend-url=\"null\" data-button-style=\"icon\" data-mail-url=\"mailto:\" data-services=\"[&quot;twitter&quot;,&quot;facebook&quot;,&quot;mail&quot;,&quot;whatsapp&quot;,&quot;linkedin&quot;]\"><\/div>\n        <div class=\"share-icon\"><a href=\"https:\/\/www.instagram.com\/grin_verlag\/\" target=\"_blank\" class=\"instagram\" rel=\"noopener\">Zu Instagram<\/a><\/div>\n    <\/div>\n<\/div>\t\t\t\t<\/div>\n\t\t\t\t<\/div>\n\t\t\t\t\t<\/div>\n\t\t<\/div>\n\t\t\t\t\t<\/div>\n\t\t<\/section>\n\t\t\t\t<\/div>\n\t\t","protected":false},"excerpt":{"rendered":"<p>Conozca a los socios de GRIN:Socios comerciales, cooperaciones con universidades e instituciones cient\u00edficas Socios comerciales GRIN suministra una red de distribuci\u00f3n mundial. Nuestros socios comerciales incluyen todas las principales tiendas en l\u00ednea, as\u00ed como librer\u00edas locales. M\u00e1s informaci\u00f3n Cooperaciones GRIN coopera con diversas instituciones de los campos estudiantil y cient\u00edfico. Nuestros socios tambi\u00e9n incluyen universidades [&hellip;]<\/p>\n","protected":false},"author":17,"featured_media":0,"parent":9848,"menu_order":0,"comment_status":"closed","ping_status":"closed","template":"","meta":{"_acf_changed":false,"_lmt_disableupdate":"","_lmt_disable":"","footnotes":""},"class_list":["post-9850","page","type-page","status-publish","hentry"],"acf":[],"_links":{"self":[{"href":"https:\/\/www.grin.com\/es\/wp-json\/wp\/v2\/pages\/9850","targetHints":{"allow":["GET"]}}],"collection":[{"href":"https:\/\/www.grin.com\/es\/wp-json\/wp\/v2\/pages"}],"about":[{"href":"https:\/\/www.grin.com\/es\/wp-json\/wp\/v2\/types\/page"}],"author":[{"embeddable":true,"href":"https:\/\/www.grin.com\/es\/wp-json\/wp\/v2\/users\/17"}],"replies":[{"embeddable":true,"href":"https:\/\/www.grin.com\/es\/wp-json\/wp\/v2\/comments?post=9850"}],"version-history":[{"count":18,"href":"https:\/\/www.grin.com\/es\/wp-json\/wp\/v2\/pages\/9850\/revisions"}],"predecessor-version":[{"id":22892,"href":"https:\/\/www.grin.com\/es\/wp-json\/wp\/v2\/pages\/9850\/revisions\/22892"}],"up":[{"embeddable":true,"href":"https:\/\/www.grin.com\/es\/wp-json\/wp\/v2\/pages\/9848"}],"wp:attachment":[{"href":"https:\/\/www.grin.com\/es\/wp-json\/wp\/v2\/media?parent=9850"}],"curies":[{"name":"wp","href":"https:\/\/api.w.org\/{rel}","templated":true}]}}