{"id":9852,"date":"2021-02-05T13:30:34","date_gmt":"2021-02-05T12:30:34","guid":{"rendered":"https:\/\/www.grin.com\/servicios\/"},"modified":"2023-01-05T15:15:52","modified_gmt":"2023-01-05T14:15:52","slug":"servicios","status":"publish","type":"page","link":"https:\/\/www.grin.com\/es\/servicios\/","title":{"rendered":"Servicios"},"content":{"rendered":"\t\t<div data-elementor-type=\"wp-page\" data-elementor-id=\"9852\" class=\"elementor elementor-9852 elementor-48\" data-elementor-post-type=\"page\">\n\t\t\t\t\t\t<section class=\"elementor-section elementor-top-section elementor-element elementor-element-90c17dd elementor-section-boxed elementor-section-height-default elementor-section-height-default\" data-id=\"90c17dd\" data-element_type=\"section\" data-e-type=\"section\">\n\t\t\t\t\t\t<div class=\"elementor-container elementor-column-gap-default\">\n\t\t\t\t\t<div class=\"elementor-column elementor-col-100 elementor-top-column elementor-element elementor-element-fc80884\" data-id=\"fc80884\" data-element_type=\"column\" data-e-type=\"column\">\n\t\t\t<div class=\"elementor-widget-wrap elementor-element-populated\">\n\t\t\t\t\t\t<div class=\"elementor-element elementor-element-efee6f0 elementor-widget elementor-widget-text-editor\" data-id=\"efee6f0\" data-element_type=\"widget\" data-e-type=\"widget\" data-widget_type=\"text-editor.default\">\n\t\t\t\t<div class=\"elementor-widget-container\">\n\t\t\t\t\t\t\t\t\t<h1 class=\"large\">Nuestros servicios para estudiantes y autores<\/h1>\n\t\t\t\t\t\t\t\t<\/div>\n\t\t\t\t<\/div>\n\t\t\t\t\t<\/div>\n\t\t<\/div>\n\t\t\t\t\t<\/div>\n\t\t<\/section>\n\t\t\t\t<section class=\"elementor-section elementor-top-section elementor-element elementor-element-e0b5509 elementor-section-boxed elementor-section-height-default elementor-section-height-default\" data-id=\"e0b5509\" data-element_type=\"section\" data-e-type=\"section\">\n\t\t\t\t\t\t<div class=\"elementor-container elementor-column-gap-default\">\n\t\t\t\t\t<div class=\"elementor-column elementor-col-50 elementor-top-column elementor-element elementor-element-637c41b\" data-id=\"637c41b\" data-element_type=\"column\" data-e-type=\"column\">\n\t\t\t<div class=\"elementor-widget-wrap elementor-element-populated\">\n\t\t\t\t\t\t<div class=\"elementor-element elementor-element-b9ec8fd elementor-widget elementor-widget-global elementor-global-9887 elementor-global-2101 elementor-widget-grin-custom-teaser-widget\" data-id=\"b9ec8fd\" data-element_type=\"widget\" data-e-type=\"widget\" data-widget_type=\"grin-custom-teaser-widget.default\">\n\t\t\t\t<div class=\"elementor-widget-container\">\n\t\t\t\t\t<div class=\"box teaser customteaser\">\r\n    <div class=\"contentarea\">\r\n\t<div class=\"image-container bg-image\"><img decoding=\"async\" src=\"https:\/\/www.grin.com\/wp-content\/uploads\/2020\/12\/illu_Registrieren_Publizieren_555x224.svg\" class=\"attachment-full size-full\" alt=\"Registrieren und Publizieren\" title=\"\"><\/div>\r\n        <h2 class=\"small\">\u00a1Haga m\u00e1s de sus libros!<\/h2><p>Con nuestros servicios premium, puede mejorar la calidad de sus libros y, por lo tanto, sus oportunidades de venta.<\/p>\r\n        <div class=\"buttons\">\r\n            <a class=\"icon-light field borders green\" href=\"https:\/\/www.grin.com\/es\/servicios\/premium\/\">\r\n                <span class=\"text\">\r\n                    <span class=\"text-content-container\">A los Servicios Premium<\/span>\r\n                <\/span><span class=\"icon\"><\/span>\r\n            <\/a>\r\n        <\/div>\r\n    <\/div>\r\n<\/div>\t\t\t\t<\/div>\n\t\t\t\t<\/div>\n\t\t\t\t\t<\/div>\n\t\t<\/div>\n\t\t\t\t<div class=\"elementor-column elementor-col-50 elementor-top-column elementor-element elementor-element-335e716\" data-id=\"335e716\" data-element_type=\"column\" data-e-type=\"column\">\n\t\t\t<div class=\"elementor-widget-wrap elementor-element-populated\">\n\t\t\t\t\t\t<div class=\"elementor-element elementor-element-72c86df elementor-widget elementor-widget-global elementor-global-9875 elementor-global-2288 elementor-widget-grin-custom-teaser-widget\" data-id=\"72c86df\" data-element_type=\"widget\" data-e-type=\"widget\" data-widget_type=\"grin-custom-teaser-widget.default\">\n\t\t\t\t<div class=\"elementor-widget-container\">\n\t\t\t\t\t<div class=\"box teaser customteaser\">\r\n    <div class=\"contentarea\">\r\n\t<div class=\"image-container bg-image\"><img decoding=\"async\" src=\"https:\/\/www.grin.com\/wp-content\/uploads\/2020\/12\/illu_Registrieren_Publizieren_555x224.svg\" class=\"attachment-full size-full\" alt=\"Registrieren und Publizieren\" title=\"\"><\/div>\r\n        <h2 class=\"small\">Ayuda para la escritura cient\u00edfica<\/h2>\n<p>Le ayudamos con la b\u00fasqueda de temas, la investigaci\u00f3n de la literatura y la escritura cient\u00edfica. <\/p>\n\r\n        <div class=\"buttons\">\r\n            <a class=\"icon-light field borders green\" href=\"https:\/\/www.grin.com\/es\/servicios\/plantillas\/\">\r\n                <span class=\"text\">\r\n                    <span class=\"text-content-container\">Comience ahora<\/span>\r\n                <\/span><span class=\"icon\"><\/span>\r\n            <\/a>\r\n        <\/div>\r\n    <\/div>\r\n<\/div>\t\t\t\t<\/div>\n\t\t\t\t<\/div>\n\t\t\t\t\t<\/div>\n\t\t<\/div>\n\t\t\t\t\t<\/div>\n\t\t<\/section>\n\t\t\t\t<section class=\"elementor-section elementor-top-section elementor-element elementor-element-e7f9605 elementor-section-boxed elementor-section-height-default elementor-section-height-default\" data-id=\"e7f9605\" data-element_type=\"section\" data-e-type=\"section\">\n\t\t\t\t\t\t<div class=\"elementor-container elementor-column-gap-default\">\n\t\t\t\t\t<div class=\"elementor-column elementor-col-50 elementor-top-column elementor-element elementor-element-f67598c\" data-id=\"f67598c\" data-element_type=\"column\" data-e-type=\"column\">\n\t\t\t<div class=\"elementor-widget-wrap elementor-element-populated\">\n\t\t\t\t\t\t<div class=\"elementor-element elementor-element-0987dba elementor-widget elementor-widget-global elementor-global-9882 elementor-global-2285 elementor-widget-grin-custom-teaser-widget\" data-id=\"0987dba\" data-element_type=\"widget\" data-e-type=\"widget\" data-widget_type=\"grin-custom-teaser-widget.default\">\n\t\t\t\t<div class=\"elementor-widget-container\">\n\t\t\t\t\t<div class=\"box teaser customteaser\">\r\n    <div class=\"contentarea\">\r\n\t<div class=\"image-container bg-image\"><img decoding=\"async\" src=\"https:\/\/www.grin.com\/wp-content\/uploads\/2020\/12\/illu_Registrieren_Publizieren_555x224.svg\" class=\"attachment-full size-full\" alt=\"Registrieren und Publizieren\" title=\"\"><\/div>\r\n        <h2 class=\"small\">Consejos para usar Microsoft Word<\/h2>\n<p>Obtenga informaci\u00f3n sobre las formas \u00fatiles de formatear y automatizaci\u00f3n.<\/p>\n\r\n        <div class=\"buttons\">\r\n            <a class=\"icon-light field borders green\" href=\"https:\/\/www.grin.com\/es\/servicios\/consejos-para-microsoft-word\/\">\r\n                <span class=\"text\">\r\n                    <span class=\"text-content-container\">A las puntas de Word<\/span>\r\n                <\/span><span class=\"icon\"><\/span>\r\n            <\/a>\r\n        <\/div>\r\n    <\/div>\r\n<\/div>\t\t\t\t<\/div>\n\t\t\t\t<\/div>\n\t\t\t\t\t<\/div>\n\t\t<\/div>\n\t\t\t\t<div class=\"elementor-column elementor-col-50 elementor-top-column elementor-element elementor-element-2837227\" data-id=\"2837227\" data-element_type=\"column\" data-e-type=\"column\">\n\t\t\t<div class=\"elementor-widget-wrap elementor-element-populated\">\n\t\t\t\t\t\t<div class=\"elementor-element elementor-element-1ae26cd elementor-widget elementor-widget-grin-custom-teaser-widget\" data-id=\"1ae26cd\" data-element_type=\"widget\" data-e-type=\"widget\" data-widget_type=\"grin-custom-teaser-widget.default\">\n\t\t\t\t<div class=\"elementor-widget-container\">\n\t\t\t\t\t<div class=\"box teaser customteaser\">\r\n    <div class=\"contentarea\">\r\n\t<div class=\"image-container bg-image\"><img decoding=\"async\" src=\"https:\/\/www.grin.com\/wp-content\/uploads\/2020\/12\/illu_Registrieren_Publizieren_555x224.svg\" class=\"attachment-full size-full\" alt=\"Registrieren und Publizieren\" title=\"\"><\/div>\r\n        <h2 class=\"small\">\u00bfTiene preguntas o necesita apoyo?<\/h2><p>Hemos recopilado preguntas y respuestas \u00fatiles para usted en nuestra secci\u00f3n de ayuda.<\/p>\r\n        <div class=\"buttons\">\r\n            <a class=\"icon-light field borders green\" href=\"https:\/\/support.grin.com\/en\/\" target=\"_blank\" rel=\"noopener\">\r\n                <span class=\"text\">\r\n                    <span class=\"text-content-container\">Al \u00e1rea de ayuda<\/span>\r\n                <\/span><span class=\"icon\"><\/span>\r\n            <\/a>\r\n        <\/div>\r\n    <\/div>\r\n<\/div>\t\t\t\t<\/div>\n\t\t\t\t<\/div>\n\t\t\t\t\t<\/div>\n\t\t<\/div>\n\t\t\t\t\t<\/div>\n\t\t<\/section>\n\t\t\t\t<section class=\"elementor-section elementor-top-section elementor-element elementor-element-a24dd1a elementor-section-boxed elementor-section-height-default elementor-section-height-default\" data-id=\"a24dd1a\" data-element_type=\"section\" data-e-type=\"section\">\n\t\t\t\t\t\t<div class=\"elementor-container elementor-column-gap-default\">\n\t\t\t\t\t<div class=\"elementor-column elementor-col-100 elementor-top-column elementor-element elementor-element-03734e1\" data-id=\"03734e1\" data-element_type=\"column\" data-e-type=\"column\">\n\t\t\t<div class=\"elementor-widget-wrap elementor-element-populated\">\n\t\t\t\t\t\t<div class=\"elementor-element elementor-element-19c8a57 elementor-widget elementor-widget-global elementor-global-9895 elementor-global-921 elementor-widget-grin-share-widget\" data-id=\"19c8a57\" data-element_type=\"widget\" data-e-type=\"widget\" data-widget_type=\"grin-share-widget.default\">\n\t\t\t\t<div class=\"elementor-widget-container\">\n\t\t\t\t\t<div class=\"share\">\n    <div class=\"footer-logo\"><\/div>\n    <div class=\"share-icons\">\n        <div class=\"shariff\" data-backend-url=\"null\" data-button-style=\"icon\" data-mail-url=\"mailto:\" data-services=\"[&quot;twitter&quot;,&quot;facebook&quot;,&quot;mail&quot;,&quot;whatsapp&quot;,&quot;linkedin&quot;]\"><\/div>\n        <div class=\"share-icon\"><a href=\"https:\/\/www.instagram.com\/grin_verlag\/\" target=\"_blank\" class=\"instagram\" rel=\"noopener\">Zu Instagram<\/a><\/div>\n    <\/div>\n<\/div>\t\t\t\t<\/div>\n\t\t\t\t<\/div>\n\t\t\t\t\t<\/div>\n\t\t<\/div>\n\t\t\t\t\t<\/div>\n\t\t<\/section>\n\t\t\t\t<\/div>\n\t\t","protected":false},"excerpt":{"rendered":"<p>Nuestros servicios para estudiantes y autores \u00a1Haga m\u00e1s de sus libros! Con nuestros servicios premium, puede mejorar la calidad de sus libros y, por lo tanto, sus oportunidades de venta. A los Servicios Premium Ayuda para la escritura cient\u00edfica Le ayudamos con la b\u00fasqueda de temas, la investigaci\u00f3n de la literatura y la escritura cient\u00edfica. [&hellip;]<\/p>\n","protected":false},"author":17,"featured_media":0,"parent":0,"menu_order":0,"comment_status":"closed","ping_status":"closed","template":"","meta":{"_acf_changed":false,"_lmt_disableupdate":"","_lmt_disable":"","footnotes":""},"class_list":["post-9852","page","type-page","status-publish","hentry"],"acf":[],"_links":{"self":[{"href":"https:\/\/www.grin.com\/es\/wp-json\/wp\/v2\/pages\/9852","targetHints":{"allow":["GET"]}}],"collection":[{"href":"https:\/\/www.grin.com\/es\/wp-json\/wp\/v2\/pages"}],"about":[{"href":"https:\/\/www.grin.com\/es\/wp-json\/wp\/v2\/types\/page"}],"author":[{"embeddable":true,"href":"https:\/\/www.grin.com\/es\/wp-json\/wp\/v2\/users\/17"}],"replies":[{"embeddable":true,"href":"https:\/\/www.grin.com\/es\/wp-json\/wp\/v2\/comments?post=9852"}],"version-history":[{"count":14,"href":"https:\/\/www.grin.com\/es\/wp-json\/wp\/v2\/pages\/9852\/revisions"}],"predecessor-version":[{"id":30858,"href":"https:\/\/www.grin.com\/es\/wp-json\/wp\/v2\/pages\/9852\/revisions\/30858"}],"wp:attachment":[{"href":"https:\/\/www.grin.com\/es\/wp-json\/wp\/v2\/media?parent=9852"}],"curies":[{"name":"wp","href":"https:\/\/api.w.org\/{rel}","templated":true}]}}