{"id":9854,"date":"2021-02-05T13:24:04","date_gmt":"2021-02-05T12:24:04","guid":{"rendered":"https:\/\/www.grin.com\/profesores-y-estudiantes\/"},"modified":"2021-11-11T14:34:50","modified_gmt":"2021-11-11T13:34:50","slug":"profesores-alumnos","status":"publish","type":"page","link":"https:\/\/www.grin.com\/es\/profesores-alumnos\/","title":{"rendered":"Profesores y alumnos"},"content":{"rendered":"\t\t<div data-elementor-type=\"wp-page\" data-elementor-id=\"9854\" class=\"elementor elementor-9854 elementor-46\" data-elementor-post-type=\"page\">\n\t\t\t\t\t\t<section class=\"elementor-section elementor-top-section elementor-element elementor-element-ba5ce94 elementor-section-boxed elementor-section-height-default elementor-section-height-default\" data-id=\"ba5ce94\" data-element_type=\"section\" data-e-type=\"section\">\n\t\t\t\t\t\t<div class=\"elementor-container elementor-column-gap-default\">\n\t\t\t\t\t<div class=\"elementor-column elementor-col-100 elementor-top-column elementor-element elementor-element-4e85d48\" data-id=\"4e85d48\" data-element_type=\"column\" data-e-type=\"column\">\n\t\t\t<div class=\"elementor-widget-wrap elementor-element-populated\">\n\t\t\t\t\t\t<div class=\"elementor-element elementor-element-7413339 elementor-widget elementor-widget-grin-headerimage-widget\" data-id=\"7413339\" data-element_type=\"widget\" data-e-type=\"widget\" data-widget_type=\"grin-headerimage-widget.default\">\n\t\t\t\t<div class=\"elementor-widget-container\">\n\t\t\t\t\t<div class=\"headerimage\">\r\n    <div class=\"image-container\"><img decoding=\"async\" width=\"2400\" height=\"1080\" src=\"https:\/\/www.grin.com\/wp-content\/uploads\/2021\/01\/lehrer-schueler.jpg\" class=\"attachment-full size-full\" alt=\"Titelbild: Lehrerin steht vor Schultafel\" srcset=\"https:\/\/www.grin.com\/wp-content\/uploads\/2021\/01\/lehrer-schueler.jpg 2400w, https:\/\/www.grin.com\/wp-content\/uploads\/2021\/01\/lehrer-schueler-300x135.jpg 300w, https:\/\/www.grin.com\/wp-content\/uploads\/2021\/01\/lehrer-schueler-1024x461.jpg 1024w, https:\/\/www.grin.com\/wp-content\/uploads\/2021\/01\/lehrer-schueler-768x346.jpg 768w, https:\/\/www.grin.com\/wp-content\/uploads\/2021\/01\/lehrer-schueler-1536x691.jpg 1536w, https:\/\/www.grin.com\/wp-content\/uploads\/2021\/01\/lehrer-schueler-2048x922.jpg 2048w\" sizes=\"(max-width: 2400px) 100vw, 2400px\" \/><\/div>\r\n    <h1>GRIN hace que la ense\u00f1anza sea muy f\u00e1cil<br>- con materiales did\u00e1cticos para profesores y materiales de aprendizaje para los alumnos<\/h1>\r\n<\/div>\t\t\t\t<\/div>\n\t\t\t\t<\/div>\n\t\t\t\t\t<\/div>\n\t\t<\/div>\n\t\t\t\t\t<\/div>\n\t\t<\/section>\n\t\t\t\t<section class=\"elementor-section elementor-top-section elementor-element elementor-element-affdbcb elementor-section-boxed elementor-section-height-default elementor-section-height-default\" data-id=\"affdbcb\" data-element_type=\"section\" data-e-type=\"section\">\n\t\t\t\t\t\t<div class=\"elementor-container elementor-column-gap-default\">\n\t\t\t\t\t<div class=\"elementor-column elementor-col-50 elementor-top-column elementor-element elementor-element-6eb0955\" data-id=\"6eb0955\" data-element_type=\"column\" data-e-type=\"column\">\n\t\t\t<div class=\"elementor-widget-wrap elementor-element-populated\">\n\t\t\t\t\t\t<div class=\"elementor-element elementor-element-5c0b3b7 elementor-widget elementor-widget-global elementor-global-9959 elementor-global-561 elementor-widget-grin-audience-widget\" data-id=\"5c0b3b7\" data-element_type=\"widget\" data-e-type=\"widget\" data-widget_type=\"grin-audience-widget.default\">\n\t\t\t\t<div class=\"elementor-widget-container\">\n\t\t\t\t\t<div class=\"whitebox audience\" style=\"background:\">\r\n    <div class=\"image-container\"><img decoding=\"async\" width=\"1110\" height=\"530\" src=\"https:\/\/www.grin.com\/wp-content\/uploads\/2021\/01\/unterrichtsmaterial_small.jpg\" class=\"attachment-full size-full\" alt=\"Vorschaubild: Lehramtsstudent im Klassenzimmer\" srcset=\"https:\/\/www.grin.com\/wp-content\/uploads\/2021\/01\/unterrichtsmaterial_small.jpg 1110w, https:\/\/www.grin.com\/wp-content\/uploads\/2021\/01\/unterrichtsmaterial_small-300x143.jpg 300w, https:\/\/www.grin.com\/wp-content\/uploads\/2021\/01\/unterrichtsmaterial_small-1024x489.jpg 1024w, https:\/\/www.grin.com\/wp-content\/uploads\/2021\/01\/unterrichtsmaterial_small-768x367.jpg 768w\" sizes=\"(max-width: 1110px) 100vw, 1110px\" \/><\/div>\r\n    <div class=\"contentarea\">\r\n        \r\n        <h3 class=\"small\"><a href=\"https:\/\/www.grin.com\/es\/profesores-alumnos\/material-didactico-para-profesores\/\">Material did\u00e1ctico<br \/>para profesores<\/a><\/h3><p><strong>Preparaci\u00f3n de la lecci\u00f3n f\u00e1cil:<\/strong> En GRIN encontrar\u00e1 borradores detallados de la lecci\u00f3n, incluidos bocetos de lecciones y materiales para cada asignatura de la escuela.<\/p><p><a title=\"Profesores para Maestros\" href=\"https:\/\/www.grin.com\/es\/profesores-alumnos\/material-didactico-para-profesores\/\">Enlace a la p\u00e1gina<\/a><\/p>\r\n        \r\n    <\/div>\r\n<\/div>\t\t\t\t<\/div>\n\t\t\t\t<\/div>\n\t\t\t\t\t<\/div>\n\t\t<\/div>\n\t\t\t\t<div class=\"elementor-column elementor-col-50 elementor-top-column elementor-element elementor-element-8cd0fe9\" data-id=\"8cd0fe9\" data-element_type=\"column\" data-e-type=\"column\">\n\t\t\t<div class=\"elementor-widget-wrap elementor-element-populated\">\n\t\t\t\t\t\t<div class=\"elementor-element elementor-element-2cc68e4 elementor-widget elementor-widget-global elementor-global-9951 elementor-global-566 elementor-widget-grin-audience-widget\" data-id=\"2cc68e4\" data-element_type=\"widget\" data-e-type=\"widget\" data-widget_type=\"grin-audience-widget.default\">\n\t\t\t\t<div class=\"elementor-widget-container\">\n\t\t\t\t\t<div class=\"whitebox audience\" style=\"background:\">\r\n    <div class=\"image-container\"><img decoding=\"async\" width=\"1110\" height=\"530\" src=\"https:\/\/www.grin.com\/wp-content\/uploads\/2021\/01\/unterrichtsentwuerfe-small.jpg\" class=\"attachment-full size-full\" alt=\"Vorschaubild: Lehrerin steht im Klassenraum vor ihrer Klasse\" srcset=\"https:\/\/www.grin.com\/wp-content\/uploads\/2021\/01\/unterrichtsentwuerfe-small.jpg 1110w, https:\/\/www.grin.com\/wp-content\/uploads\/2021\/01\/unterrichtsentwuerfe-small-300x143.jpg 300w, https:\/\/www.grin.com\/wp-content\/uploads\/2021\/01\/unterrichtsentwuerfe-small-1024x489.jpg 1024w, https:\/\/www.grin.com\/wp-content\/uploads\/2021\/01\/unterrichtsentwuerfe-small-768x367.jpg 768w\" sizes=\"(max-width: 1110px) 100vw, 1110px\" \/><\/div>\r\n    <div class=\"contentarea\">\r\n        \r\n        <h3 class=\"small\"><a href=\"https:\/\/www.grin.com\/es\/profesores-alumnos\/publique-material-didactico\/\">Publique material did\u00e1ctico<\/a><\/h3><p><strong>Comparte tus planes de clase<\/strong> con otros profesores, ayuda a los alumnos a aprender en casa, \u00a1y incluso gana dinero haci\u00e9ndolo con GRIN!<\/p><p><a title=\"Profesores para estudiantes\" href=\"https:\/\/www.grin.com\/es\/profesores-y-estudiantes\/publicar-material-didactico\/\">Enlace a la p\u00e1gina<\/a><\/p>\r\n        \r\n    <\/div>\r\n<\/div>\t\t\t\t<\/div>\n\t\t\t\t<\/div>\n\t\t\t\t\t<\/div>\n\t\t<\/div>\n\t\t\t\t\t<\/div>\n\t\t<\/section>\n\t\t\t\t<section class=\"elementor-section elementor-top-section elementor-element elementor-element-d0474cf elementor-section-boxed elementor-section-height-default elementor-section-height-default\" data-id=\"d0474cf\" data-element_type=\"section\" data-e-type=\"section\">\n\t\t\t\t\t\t<div class=\"elementor-container elementor-column-gap-default\">\n\t\t\t\t\t<div class=\"elementor-column elementor-col-100 elementor-top-column elementor-element elementor-element-6d53e85\" data-id=\"6d53e85\" data-element_type=\"column\" data-e-type=\"column\">\n\t\t\t<div class=\"elementor-widget-wrap elementor-element-populated\">\n\t\t\t\t\t\t<div class=\"elementor-element elementor-element-8e46ee6 elementor-widget elementor-widget-text-editor\" data-id=\"8e46ee6\" data-element_type=\"widget\" data-e-type=\"widget\" data-widget_type=\"text-editor.default\">\n\t\t\t\t<div class=\"elementor-widget-container\">\n\t\t\t\t\t\t\t\t\t<h3>GRIN le ayuda a ense\u00f1ar en casa<\/h3><p>En GRIN encontrar\u00e1s numerosas ayudas para dominar con \u00e9xito tus a\u00f1os escolares. La tienda GRIN ofrece material did\u00e1ctico curado para las materias escolares m\u00e1s importantes. Adem\u00e1s, en GRIN puede buscar m\u00e1s de 200.000 publicaciones tem\u00e1ticas de muy diversa \u00edndole. El equipo editorial de GRIN tambi\u00e9n le ayuda con muchos consejos y trucos a la hora de escribir su primer art\u00edculo precient\u00edfico.<\/p>\t\t\t\t\t\t\t\t<\/div>\n\t\t\t\t<\/div>\n\t\t\t\t\t<\/div>\n\t\t<\/div>\n\t\t\t\t\t<\/div>\n\t\t<\/section>\n\t\t\t\t<section class=\"elementor-section elementor-top-section elementor-element elementor-element-fad9bc3 elementor-section-boxed elementor-section-height-default elementor-section-height-default\" data-id=\"fad9bc3\" data-element_type=\"section\" data-e-type=\"section\">\n\t\t\t\t\t\t<div class=\"elementor-container elementor-column-gap-default\">\n\t\t\t\t\t<div class=\"elementor-column elementor-col-50 elementor-top-column elementor-element elementor-element-dcafc95\" data-id=\"dcafc95\" data-element_type=\"column\" data-e-type=\"column\">\n\t\t\t<div class=\"elementor-widget-wrap elementor-element-populated\">\n\t\t\t\t\t\t<div class=\"elementor-element elementor-element-8216bc9 elementor-widget elementor-widget-global elementor-global-9949 elementor-global-577 elementor-widget-grin-audience-widget\" data-id=\"8216bc9\" data-element_type=\"widget\" data-e-type=\"widget\" data-widget_type=\"grin-audience-widget.default\">\n\t\t\t\t<div class=\"elementor-widget-container\">\n\t\t\t\t\t<div class=\"whitebox audience\" style=\"background:\">\r\n    <div class=\"image-container\"><img decoding=\"async\" width=\"2400\" height=\"1080\" src=\"https:\/\/www.grin.com\/wp-content\/uploads\/2020\/11\/lernmaterial.jpg\" class=\"attachment-full size-full\" alt=\"Titelbild: Sch\u00fcler vor einem Notebook\" srcset=\"https:\/\/www.grin.com\/wp-content\/uploads\/2020\/11\/lernmaterial.jpg 2400w, https:\/\/www.grin.com\/wp-content\/uploads\/2020\/11\/lernmaterial-300x135.jpg 300w, https:\/\/www.grin.com\/wp-content\/uploads\/2020\/11\/lernmaterial-1024x461.jpg 1024w, https:\/\/www.grin.com\/wp-content\/uploads\/2020\/11\/lernmaterial-768x346.jpg 768w, https:\/\/www.grin.com\/wp-content\/uploads\/2020\/11\/lernmaterial-1536x691.jpg 1536w, https:\/\/www.grin.com\/wp-content\/uploads\/2020\/11\/lernmaterial-2048x922.jpg 2048w\" sizes=\"(max-width: 2400px) 100vw, 2400px\" \/><\/div>\r\n    <div class=\"contentarea\">\r\n        \r\n        <h3 class=\"small\"><a href=\"https:\/\/www.grin.com\/es\/profesores-alumnos\/material-de-aprendizaje-para-alumnos\/\">Material de aprendizaje<br \/>para alumnos<\/a><\/h3><p><strong>Ya sea la educaci\u00f3n en casa o la tutor\u00eda en l\u00ednea:<\/strong> GRIN ofrece una oferta experta de materiales de aprendizaje para las asignaturas escolares m\u00e1s importantes.<\/p><p><a title=\"Para estudiantes y padres\" href=\"https:\/\/www.grin.com\/es\/profesores-alumnos\/material-de-aprendizaje-para-alumnos\/\">Enlace a la p\u00e1gina<\/a><\/p>\r\n        \r\n    <\/div>\r\n<\/div>\t\t\t\t<\/div>\n\t\t\t\t<\/div>\n\t\t\t\t\t<\/div>\n\t\t<\/div>\n\t\t\t\t<div class=\"elementor-column elementor-col-50 elementor-top-column elementor-element elementor-element-17572e6\" data-id=\"17572e6\" data-element_type=\"column\" data-e-type=\"column\">\n\t\t\t<div class=\"elementor-widget-wrap\">\n\t\t\t\t\t\t\t<\/div>\n\t\t<\/div>\n\t\t\t\t\t<\/div>\n\t\t<\/section>\n\t\t\t\t<\/div>\n\t\t","protected":false},"excerpt":{"rendered":"<p>GRIN hace que la ense\u00f1anza sea muy f\u00e1cil&#8211; con materiales did\u00e1cticos para profesores y materiales de aprendizaje para los alumnos Material did\u00e1cticopara profesores Preparaci\u00f3n de la lecci\u00f3n f\u00e1cil: En GRIN encontrar\u00e1 borradores detallados de la lecci\u00f3n, incluidos bocetos de lecciones y materiales para cada asignatura de la escuela. Enlace a la p\u00e1gina Publique material did\u00e1ctico [&hellip;]<\/p>\n","protected":false},"author":17,"featured_media":0,"parent":0,"menu_order":0,"comment_status":"closed","ping_status":"closed","template":"","meta":{"_acf_changed":false,"_lmt_disableupdate":"","_lmt_disable":"","footnotes":""},"class_list":["post-9854","page","type-page","status-publish","hentry"],"acf":[],"_links":{"self":[{"href":"https:\/\/www.grin.com\/es\/wp-json\/wp\/v2\/pages\/9854","targetHints":{"allow":["GET"]}}],"collection":[{"href":"https:\/\/www.grin.com\/es\/wp-json\/wp\/v2\/pages"}],"about":[{"href":"https:\/\/www.grin.com\/es\/wp-json\/wp\/v2\/types\/page"}],"author":[{"embeddable":true,"href":"https:\/\/www.grin.com\/es\/wp-json\/wp\/v2\/users\/17"}],"replies":[{"embeddable":true,"href":"https:\/\/www.grin.com\/es\/wp-json\/wp\/v2\/comments?post=9854"}],"version-history":[{"count":8,"href":"https:\/\/www.grin.com\/es\/wp-json\/wp\/v2\/pages\/9854\/revisions"}],"predecessor-version":[{"id":22037,"href":"https:\/\/www.grin.com\/es\/wp-json\/wp\/v2\/pages\/9854\/revisions\/22037"}],"wp:attachment":[{"href":"https:\/\/www.grin.com\/es\/wp-json\/wp\/v2\/media?parent=9854"}],"curies":[{"name":"wp","href":"https:\/\/api.w.org\/{rel}","templated":true}]}}