{"id":9865,"date":"2021-02-05T13:10:07","date_gmt":"2021-02-05T12:10:07","guid":{"rendered":"https:\/\/www.grin.com\/estudiantes\/"},"modified":"2021-10-22T13:40:49","modified_gmt":"2021-10-22T11:40:49","slug":"estudiantes","status":"publish","type":"page","link":"https:\/\/www.grin.com\/es\/estudiantes\/","title":{"rendered":"Estudiantes"},"content":{"rendered":"\t\t<div data-elementor-type=\"wp-page\" data-elementor-id=\"9865\" class=\"elementor elementor-9865 elementor-38\" data-elementor-post-type=\"page\">\n\t\t\t\t\t\t<section class=\"elementor-section elementor-top-section elementor-element elementor-element-f6eb03e elementor-section-boxed elementor-section-height-default elementor-section-height-default\" data-id=\"f6eb03e\" data-element_type=\"section\" data-e-type=\"section\">\n\t\t\t\t\t\t<div class=\"elementor-container elementor-column-gap-default\">\n\t\t\t\t\t<div class=\"elementor-column elementor-col-100 elementor-top-column elementor-element elementor-element-28d09a4\" data-id=\"28d09a4\" data-element_type=\"column\" data-e-type=\"column\">\n\t\t\t<div class=\"elementor-widget-wrap elementor-element-populated\">\n\t\t\t\t\t\t<div class=\"elementor-element elementor-element-a4365a9 elementor-widget elementor-widget-grin-headerimage-widget\" data-id=\"a4365a9\" data-element_type=\"widget\" data-e-type=\"widget\" data-widget_type=\"grin-headerimage-widget.default\">\n\t\t\t\t<div class=\"elementor-widget-container\">\n\t\t\t\t\t<div class=\"headerimage\">\r\n    <div class=\"image-container\"><img decoding=\"async\" width=\"2400\" height=\"1080\" src=\"https:\/\/www.grin.com\/wp-content\/uploads\/2020\/11\/studenten.jpg\" class=\"attachment-full size-full\" alt=\"Titelbild: Studentin sitzt mit Kommilitonen im H\u00f6rsaal\" srcset=\"https:\/\/www.grin.com\/wp-content\/uploads\/2020\/11\/studenten.jpg 2400w, https:\/\/www.grin.com\/wp-content\/uploads\/2020\/11\/studenten-300x135.jpg 300w, https:\/\/www.grin.com\/wp-content\/uploads\/2020\/11\/studenten-1024x461.jpg 1024w, https:\/\/www.grin.com\/wp-content\/uploads\/2020\/11\/studenten-768x346.jpg 768w, https:\/\/www.grin.com\/wp-content\/uploads\/2020\/11\/studenten-1536x691.jpg 1536w, https:\/\/www.grin.com\/wp-content\/uploads\/2020\/11\/studenten-2048x922.jpg 2048w\" sizes=\"(max-width: 2400px) 100vw, 2400px\" title=\"\"><\/div>\r\n    <h1>GRIN - \u00a1Su socio competente y confiable!<br>Publique sus trabajos y b\u00fasqueda en m\u00e1s de 200.000 publicaciones cientificas<\/h1>\r\n<\/div>\t\t\t\t<\/div>\n\t\t\t\t<\/div>\n\t\t\t\t\t<\/div>\n\t\t<\/div>\n\t\t\t\t\t<\/div>\n\t\t<\/section>\n\t\t\t\t<section class=\"elementor-section elementor-top-section elementor-element elementor-element-c5894c9 elementor-section-boxed elementor-section-height-default elementor-section-height-default\" data-id=\"c5894c9\" data-element_type=\"section\" data-e-type=\"section\">\n\t\t\t\t\t\t<div class=\"elementor-container elementor-column-gap-default\">\n\t\t\t\t\t<div class=\"elementor-column elementor-col-50 elementor-top-column elementor-element elementor-element-a1e047a\" data-id=\"a1e047a\" data-element_type=\"column\" data-e-type=\"column\">\n\t\t\t<div class=\"elementor-widget-wrap elementor-element-populated\">\n\t\t\t\t\t\t<div class=\"elementor-element elementor-element-3d4c224 elementor-widget elementor-widget-global elementor-global-10025 elementor-global-327 elementor-widget-grin-audience-widget\" data-id=\"3d4c224\" data-element_type=\"widget\" data-e-type=\"widget\" data-widget_type=\"grin-audience-widget.default\">\n\t\t\t\t<div class=\"elementor-widget-container\">\n\t\t\t\t\t<div class=\"whitebox audience\" style=\"background:\">\r\n    <div class=\"image-container\"><img decoding=\"async\" width=\"2400\" height=\"1080\" src=\"https:\/\/www.grin.com\/wp-content\/uploads\/2020\/11\/abschlussarbeit-publizieren.jpg\" class=\"attachment-full size-full\" alt=\"Titelbild: Uni-Absolventen nach der feierlichen Zeugnisverleihung\" srcset=\"https:\/\/www.grin.com\/wp-content\/uploads\/2020\/11\/abschlussarbeit-publizieren.jpg 2400w, https:\/\/www.grin.com\/wp-content\/uploads\/2020\/11\/abschlussarbeit-publizieren-300x135.jpg 300w, https:\/\/www.grin.com\/wp-content\/uploads\/2020\/11\/abschlussarbeit-publizieren-1024x461.jpg 1024w, https:\/\/www.grin.com\/wp-content\/uploads\/2020\/11\/abschlussarbeit-publizieren-768x346.jpg 768w, https:\/\/www.grin.com\/wp-content\/uploads\/2020\/11\/abschlussarbeit-publizieren-1536x691.jpg 1536w, https:\/\/www.grin.com\/wp-content\/uploads\/2020\/11\/abschlussarbeit-publizieren-2048x922.jpg 2048w\" sizes=\"(max-width: 2400px) 100vw, 2400px\" title=\"\"><\/div>\r\n    <div class=\"contentarea\">\r\n        \r\n        <h3 class=\"small\"><a href=\"https:\/\/www.grin.com\/es\/estudiantes\/publique-tesis\/\">Publique su tesis<\/a><\/h3><p><strong>En GRIN puede publicar<\/strong> sus tesis de forma gratuita, f\u00e1cil y r\u00e1pida. Comparte tus conocimientos y gana dinero.<\/p><p><a title=\"Publicar tesis\" href=\"https:\/\/www.grin.com\/es\/estudiantes\/publique-tesis\/\">Enlace a la p\u00e1gina<\/a><\/p>\r\n        \r\n    <\/div>\r\n<\/div>\t\t\t\t<\/div>\n\t\t\t\t<\/div>\n\t\t\t\t\t<\/div>\n\t\t<\/div>\n\t\t\t\t<div class=\"elementor-column elementor-col-50 elementor-top-column elementor-element elementor-element-df785f7\" data-id=\"df785f7\" data-element_type=\"column\" data-e-type=\"column\">\n\t\t\t<div class=\"elementor-widget-wrap elementor-element-populated\">\n\t\t\t\t\t\t<div class=\"elementor-element elementor-element-d568fb9 elementor-widget elementor-widget-global elementor-global-10017 elementor-global-340 elementor-widget-grin-audience-widget\" data-id=\"d568fb9\" data-element_type=\"widget\" data-e-type=\"widget\" data-widget_type=\"grin-audience-widget.default\">\n\t\t\t\t<div class=\"elementor-widget-container\">\n\t\t\t\t\t<div class=\"whitebox audience\" style=\"background:\">\r\n    <div class=\"image-container\"><img decoding=\"async\" width=\"2400\" height=\"1080\" src=\"https:\/\/www.grin.com\/wp-content\/uploads\/2020\/11\/hausarbeiten-publizieren.jpg\" class=\"attachment-full size-full\" alt=\"Titelbild: Studentin schreibt an ihrer Hausarbeit\" srcset=\"https:\/\/www.grin.com\/wp-content\/uploads\/2020\/11\/hausarbeiten-publizieren.jpg 2400w, https:\/\/www.grin.com\/wp-content\/uploads\/2020\/11\/hausarbeiten-publizieren-300x135.jpg 300w, https:\/\/www.grin.com\/wp-content\/uploads\/2020\/11\/hausarbeiten-publizieren-1024x461.jpg 1024w, https:\/\/www.grin.com\/wp-content\/uploads\/2020\/11\/hausarbeiten-publizieren-768x346.jpg 768w, https:\/\/www.grin.com\/wp-content\/uploads\/2020\/11\/hausarbeiten-publizieren-1536x691.jpg 1536w, https:\/\/www.grin.com\/wp-content\/uploads\/2020\/11\/hausarbeiten-publizieren-2048x922.jpg 2048w\" sizes=\"(max-width: 2400px) 100vw, 2400px\" title=\"\"><\/div>\r\n    <div class=\"contentarea\">\r\n        \r\n        <h3 class=\"small\"><a href=\"https:\/\/www.grin.com\/es\/estudiantes\/publique-trabajos-escritos\/\">Publique sus trabajos escritos<\/a><\/h3><p><strong>GRIN le ayuda <\/strong>a ganar dinero con su trabajo semestral, trabajo de proyecto, ensayos y co.<br \/>\u2013 r\u00e1pido, f\u00e1cil y gratuito.<\/p><p><a title=\"Publicar art\u00edculos semestrales\" href=\"https:\/\/www.grin.com\/es\/estudiantes\/publique-trabajos-escritos\/\">Enlace a la p\u00e1gina<\/a><\/p>\r\n        \r\n    <\/div>\r\n<\/div>\t\t\t\t<\/div>\n\t\t\t\t<\/div>\n\t\t\t\t\t<\/div>\n\t\t<\/div>\n\t\t\t\t\t<\/div>\n\t\t<\/section>\n\t\t\t\t<section class=\"elementor-section elementor-top-section elementor-element elementor-element-7761ca0 elementor-section-boxed elementor-section-height-default elementor-section-height-default\" data-id=\"7761ca0\" data-element_type=\"section\" data-e-type=\"section\">\n\t\t\t\t\t\t<div class=\"elementor-container elementor-column-gap-default\">\n\t\t\t\t\t<div class=\"elementor-column elementor-col-50 elementor-top-column elementor-element elementor-element-69b1359\" data-id=\"69b1359\" data-element_type=\"column\" data-e-type=\"column\">\n\t\t\t<div class=\"elementor-widget-wrap elementor-element-populated\">\n\t\t\t\t\t\t<div class=\"elementor-element elementor-element-a6d12be elementor-widget elementor-widget-global elementor-global-10003 elementor-global-457 elementor-widget-grin-audience-widget\" data-id=\"a6d12be\" data-element_type=\"widget\" data-e-type=\"widget\" data-widget_type=\"grin-audience-widget.default\">\n\t\t\t\t<div class=\"elementor-widget-container\">\n\t\t\t\t\t<div class=\"whitebox audience\" style=\"background:\">\r\n    <div class=\"image-container\"><img decoding=\"async\" width=\"1110\" height=\"530\" src=\"https:\/\/www.grin.com\/wp-content\/uploads\/2020\/12\/wissenfinden_klein.jpg\" class=\"attachment-full size-full\" alt=\"Vorschaubild: Studentin recherchiert im Internet f\u00fcr ihre Hausarbeit\" srcset=\"https:\/\/www.grin.com\/wp-content\/uploads\/2020\/12\/wissenfinden_klein.jpg 1110w, https:\/\/www.grin.com\/wp-content\/uploads\/2020\/12\/wissenfinden_klein-300x143.jpg 300w, https:\/\/www.grin.com\/wp-content\/uploads\/2020\/12\/wissenfinden_klein-1024x489.jpg 1024w, https:\/\/www.grin.com\/wp-content\/uploads\/2020\/12\/wissenfinden_klein-768x367.jpg 768w\" sizes=\"(max-width: 1110px) 100vw, 1110px\" title=\"\"><\/div>\r\n    <div class=\"contentarea\">\r\n        \r\n        <h3 class=\"small\"><a href=\"https:\/\/www.grin.com\/es\/estudiantes\/encuentre-informaciones\/\">Encuentre informaciones<\/a><\/h3><p><strong>GRIN es su socio<\/strong> en la b\u00fasqueda de informaci\u00f3n especializada. En nuestro cat\u00e1logo encontrar\u00e1 publicaciones actualizadas de todas las disciplinas.<\/p><p><a title=\"Investigaci\u00f3n\" href=\"https:\/\/www.grin.com\/es\/estudiantes\/encuentre-informaciones\/\">Enlace a la p\u00e1gina<\/a><\/p>\r\n        \r\n    <\/div>\r\n<\/div>\t\t\t\t<\/div>\n\t\t\t\t<\/div>\n\t\t\t\t\t<\/div>\n\t\t<\/div>\n\t\t\t\t<div class=\"elementor-column elementor-col-50 elementor-top-column elementor-element elementor-element-3c94144\" data-id=\"3c94144\" data-element_type=\"column\" data-e-type=\"column\">\n\t\t\t<div class=\"elementor-widget-wrap elementor-element-populated\">\n\t\t\t\t\t\t<div class=\"elementor-element elementor-element-dd19620 elementor-widget elementor-widget-global elementor-global-9907 elementor-global-912 elementor-widget-grin-advantages-widget\" data-id=\"dd19620\" data-element_type=\"widget\" data-e-type=\"widget\" data-widget_type=\"grin-advantages-widget.default\">\n\t\t\t\t<div class=\"elementor-widget-container\">\n\t\t\t\t\t<div class=\"box advantages\">\r\n    <div class=\"contentarea\">\r\n        <p class=\"small h2-like\">Beneficios y opciones<\/p>\r\n        <ul class=\"tabheads\">\r\n            <li class=\"tabhead active\"><span class=\"tabheadcontent\">PARA LOS AUTORES<\/span><\/li>\r\n            <li class=\"tabhead\"><span class=\"tabheadcontent\">PARA COMPRADORES<\/span><\/li>\r\n        <\/ul>\r\n        <div class=\"tabcontents\">\r\n            <div class=\"tabcontent active\">\r\n                <div class=\"slider-container\">\r\n                    <div class=\"slide-item\">\r\n                        <div class=\"tabcontent-column\">\r\n                            <img decoding=\"async\" src=\"\/wp-content\/plugins\/vias-grin-elementor-extension\/widgets\/grin-advantages-widget\/illu_vt_honorare.svg\" alt=\"Euro-W\u00e4hrung-Symbol und symbolischer Kopf eines Menschen \u00fcber einem Buch\" title=\"\">\r\n                        <\/div>\r\n                        <div class=\"tabcontent-column\">\r\n                            <div class=\"tabcontent-column-content-container\">\r\n                               <p class=\"large\"><strong>Sus conocimientos valen la pena<\/strong><\/p><p><strong>Publicar textos gratis y ganar dinero<\/strong><\/p>\r\n                            <\/div>\r\n                        <\/div>\r\n                    <\/div>\r\n                    <div class=\"slide-item\">\r\n                        <div class=\"tabcontent-column\">\r\n                            <img decoding=\"async\" src=\"\/wp-content\/plugins\/vias-grin-elementor-extension\/widgets\/grin-advantages-widget\/illu_vt_vo_einfach.svg\" alt=\"Zahlen 1,2,3 und Richtig-Haken sowie Buch\" title=\"\">\r\n                        <\/div>\r\n                        <div class=\"tabcontent-column\">\r\n                            <div class=\"tabcontent-column-content-container\">\r\n\t\t\t\t\t\t\t\t<p class=\"large\"><strong>3 sencillos pasos para publicar<\/strong><\/p><p><strong>Cargue, elija la opci\u00f3n de tarifa - nosotros hacemos el resto<\/strong><\/p>                                \r\n                            <\/div>\r\n                        <\/div>\r\n                    <\/div>\r\n                    <div class=\"slide-item\">\r\n                        <div class=\"tabcontent-column\">\r\n                            <img decoding=\"async\" src=\"\/wp-content\/plugins\/vias-grin-elementor-extension\/widgets\/grin-advantages-widget\/illu_vt_vo_schnell.svg\" alt=\"Uhr mit wenigen Minuten markiert und Buch\" title=\"\">\r\n                        <\/div>\r\n                        <div class=\"tabcontent-column\">\r\n                            <div class=\"tabcontent-column-content-container\">\r\n\t\t\t\t\t\t\t\t<p class=\"large\"><strong>Convi\u00e9rtase en autor en s\u00f3lo 5 minutos<\/strong><\/p><p><strong>Publique sus textos en todo el mundo con ISBN<\/strong><\/p>                                \r\n                            <\/div>\r\n                        <\/div>\r\n                    <\/div>\r\n                    <div class=\"slide-item\">\r\n                        <div class=\"tabcontent-column\">\r\n                            <img decoding=\"async\" src=\"\/wp-content\/plugins\/vias-grin-elementor-extension\/widgets\/grin-advantages-widget\/illu_vt_isbn.svg\" alt=\"ISBN Strichcode\" title=\"\">\r\n                        <\/div>\r\n                        <div class=\"tabcontent-column\">\r\n                            <div class=\"tabcontent-column-content-container\">\r\n\t\t\t\t\t\t\t\t<p class=\"large\"><strong>Su libro electr\u00f3nico y impreso con su propio ISBN<\/strong><\/p><p><strong>Publicaci\u00f3n profesional a nivel mundial<\/strong><\/p>                                \r\n                            <\/div>\r\n                        <\/div>\r\n                    <\/div>\r\n                    <div class=\"slide-item\">\r\n                        <div class=\"tabcontent-column\">\r\n                            <img decoding=\"async\" src=\"\/wp-content\/plugins\/vias-grin-elementor-extension\/widgets\/grin-advantages-widget\/illu_vt_20_erfahrung.svg\" alt=\"Zahl 20 mit Plus-Zeichen und GRIN Logo\" title=\"\">\r\n                        <\/div>\r\n                        <div class=\"tabcontent-column\">\r\n                            <div class=\"tabcontent-column-content-container\">\r\n\t\t\t\t\t\t\t\t<p class=\"large\"><strong>M\u00e1s de 20 a\u00f1os de experiencia editorial<\/strong><\/p><p><strong>\u00a1Publique con el profesional de la edici\u00f3n cient\u00edfica!<\/strong><\/p>                                \r\n                            <\/div>\r\n                        <\/div>\r\n                    <\/div>\r\n                <\/div>\r\n            <\/div>\r\n            <div class=\"tabcontent\">\r\n                <div class=\"slider-container\">\r\n                    <div class=\"slide-item\">\r\n                        <div class=\"tabcontent-column\">\r\n                            <img decoding=\"async\" src=\"\/wp-content\/plugins\/vias-grin-elementor-extension\/widgets\/grin-advantages-widget\/illu_vt_forschungsergebnisse.svg\" alt=\"Bildschirm auf dem ein Buch mit einem pi auf dem Umschlag und ein Buch mit einem omega auf dem Umschlag neben einer Lupe zu sehen ist\" title=\"\">\r\n                        <\/div>\r\n                        <div class=\"tabcontent-column\">\r\n                            <div class=\"tabcontent-column-content-container\">\r\n\t\t\t\t\t\t\t\t<p class=\"large\"><strong>Acceso r\u00e1pido y sin complicaciones<\/strong><\/p><p><strong>Su enlace con las universidades de todo el mundo<\/strong><\/p>                                \r\n                            <\/div>\r\n                        <\/div>\r\n                    <\/div>\r\n                    <div class=\"slide-item\">\r\n                        <div class=\"tabcontent-column\">\r\n                            <img decoding=\"async\" src=\"\/wp-content\/plugins\/vias-grin-elementor-extension\/widgets\/grin-advantages-widget\/illu_vt_downloads.svg\" alt=\"Bildschirm mit aufgeschlagenem Buch und Pfeil nach unten auf einen Teller zeigend daneben\" title=\"\">\r\n                        <\/div>\r\n                        <div class=\"tabcontent-column\">\r\n                            <div class=\"tabcontent-column-content-container\">\r\n\t\t\t\t\t\t\t\t<p class=\"large\"><strong>Descarga inmediata de libros electr\u00f3nicos<\/strong><\/p><p><strong>Nuestros libros electr\u00f3nicos est\u00e1n disponibles para su descarga directa<\/strong><\/p>                                \r\n                            <\/div>\r\n                        <\/div>\r\n                    <\/div>\r\n                    <div class=\"slide-item\">\r\n                        <div class=\"tabcontent-column\">\r\n                            <img decoding=\"async\" src=\"\/wp-content\/plugins\/vias-grin-elementor-extension\/widgets\/grin-advantages-widget\/illu_vt_services.svg\" alt=\"Hand mit aufsteigenen pluszeichen in Kugeln\" title=\"\">\r\n                        <\/div>\r\n                        <div class=\"tabcontent-column\">\r\n                            <div class=\"tabcontent-column-content-container\">\r\n\t\t\t\t\t\t\t\t<p class=\"large\"><strong>M\u00e1s de 200.000 textos de m\u00e1s de 100 \u00e1mbitos<\/strong><\/p><p><strong>Investigaci\u00f3n de temas generales y altamente especializados<\/strong><\/p>                                \r\n                            <\/div>\r\n                        <\/div>\r\n                    <\/div>\r\n                    <div class=\"slide-item\">\r\n                        <div class=\"tabcontent-column\">\r\n                            <img decoding=\"async\" src=\"\/wp-content\/plugins\/vias-grin-elementor-extension\/widgets\/grin-advantages-widget\/illu_vt_20_erfahrung.svg\" alt=\"Zahl 20 mit Plus-Zeichen und GRIN Logo\" title=\"\">\r\n                        <\/div>\r\n                        <div class=\"tabcontent-column\">\r\n                            <div class=\"tabcontent-column-content-container\">\r\n\t\t\t\t\t\t\t\t<p class=\"large\"><strong>M\u00e1s de 20 a\u00f1os de experiencia editorial<\/strong><\/p><p><strong>Contenido de alta calidad<\/strong><\/p>                                \r\n                            <\/div>\r\n                        <\/div>\r\n                    <\/div>\r\n                    <div class=\"slide-item\">\r\n                        <div class=\"tabcontent-column\">\r\n                            <img decoding=\"async\" src=\"\/wp-content\/plugins\/vias-grin-elementor-extension\/widgets\/grin-advantages-widget\/illu_vt_kundenservice.svg\" alt=\"symbolischer Kopf eines Menschen neben GRIN Logo\" title=\"\">\r\n                        <\/div>\r\n                        <div class=\"tabcontent-column\">\r\n                            <div class=\"tabcontent-column-content-container\">\r\n\t\t\t\t\t\t\t\t<p class=\"large\"><strong>\u00a1Hable con nosotros!<\/strong><\/p><p><strong>Amable, competente y personalmente a su disposici\u00f3n<\/strong><\/p>                                \r\n                            <\/div>\r\n                        <\/div>\r\n                    <\/div>\r\n                <\/div>\r\n            <\/div>\r\n        <\/div>\r\n    <\/div>\r\n    <div class=\"control\">\r\n        <div class=\"buttons\">\r\n            <a class=\"publish field borders green\" href=\"https:\/\/www.grin.com\/login\/\">\r\n                <span class=\"text\">\r\n\t\t\t\t\t<span class=\"text-content-container\">Registrarse y publicar<\/span>\t\t\t\t\r\n\t\t\t\t<\/span><span class=\"icon\"><\/span>\r\n            <\/a>\r\n        <\/div>\r\n        <div class=\"tabnav\">\r\n            <a href=\"#\" class=\"nav nav-previous\">Vorheriges<\/a>\r\n            <a href=\"#\" class=\"nav nav-next\">N\u00e4chstes<\/a>\r\n        <\/div>\r\n    <\/div>\r\n<\/div>\t\t\t\t<\/div>\n\t\t\t\t<\/div>\n\t\t\t\t\t<\/div>\n\t\t<\/div>\n\t\t\t\t\t<\/div>\n\t\t<\/section>\n\t\t\t\t<section class=\"elementor-section elementor-top-section elementor-element elementor-element-8c53bf9 elementor-section-boxed elementor-section-height-default elementor-section-height-default\" data-id=\"8c53bf9\" data-element_type=\"section\" data-e-type=\"section\">\n\t\t\t\t\t\t<div class=\"elementor-container elementor-column-gap-default\">\n\t\t\t\t\t<div class=\"elementor-column elementor-col-100 elementor-top-column elementor-element elementor-element-adb270e\" data-id=\"adb270e\" data-element_type=\"column\" data-e-type=\"column\">\n\t\t\t<div class=\"elementor-widget-wrap elementor-element-populated\">\n\t\t\t\t\t\t<div class=\"elementor-element elementor-element-bdc2c71 elementor-widget elementor-widget-global elementor-global-9895 elementor-global-921 elementor-widget-grin-share-widget\" data-id=\"bdc2c71\" data-element_type=\"widget\" data-e-type=\"widget\" data-widget_type=\"grin-share-widget.default\">\n\t\t\t\t<div class=\"elementor-widget-container\">\n\t\t\t\t\t<div class=\"share\">\n    <div class=\"footer-logo\"><\/div>\n    <div class=\"share-icons\">\n        <div class=\"shariff\" data-backend-url=\"null\" data-button-style=\"icon\" data-mail-url=\"mailto:\" data-services=\"[&quot;twitter&quot;,&quot;facebook&quot;,&quot;mail&quot;,&quot;whatsapp&quot;,&quot;linkedin&quot;]\"><\/div>\n        <div class=\"share-icon\"><a href=\"https:\/\/www.instagram.com\/grin_verlag\/\" target=\"_blank\" class=\"instagram\" rel=\"noopener\">Zu Instagram<\/a><\/div>\n    <\/div>\n<\/div>\t\t\t\t<\/div>\n\t\t\t\t<\/div>\n\t\t\t\t\t<\/div>\n\t\t<\/div>\n\t\t\t\t\t<\/div>\n\t\t<\/section>\n\t\t\t\t<section class=\"elementor-section elementor-top-section elementor-element elementor-element-5555fee elementor-section-boxed elementor-section-height-default elementor-section-height-default\" data-id=\"5555fee\" data-element_type=\"section\" data-e-type=\"section\">\n\t\t\t\t\t\t<div class=\"elementor-container elementor-column-gap-default\">\n\t\t\t\t\t<div class=\"elementor-column elementor-col-100 elementor-top-column elementor-element elementor-element-809d84f\" data-id=\"809d84f\" data-element_type=\"column\" data-e-type=\"column\">\n\t\t\t<div class=\"elementor-widget-wrap\">\n\t\t\t\t\t\t\t<\/div>\n\t\t<\/div>\n\t\t\t\t\t<\/div>\n\t\t<\/section>\n\t\t\t\t<\/div>\n\t\t","protected":false},"excerpt":{"rendered":"<p>GRIN &#8211; \u00a1Su socio competente y confiable!Publique sus trabajos y b\u00fasqueda en m\u00e1s de 200.000 publicaciones cientificas Publique su tesis Publicar en GRIN su tesis libre, f\u00e1cil y r\u00e1pido. Comparte tus conocimientos y gana dinero con \u00e9l. Enlace a la p\u00e1gina Publique sus trabajos escritos GRIN le ayudaa ganar dinero con su trabajo semestral, trabajo [&hellip;]<\/p>\n","protected":false},"author":17,"featured_media":0,"parent":0,"menu_order":0,"comment_status":"closed","ping_status":"closed","template":"","meta":{"_acf_changed":false,"_lmt_disableupdate":"","_lmt_disable":"","footnotes":""},"class_list":["post-9865","page","type-page","status-publish","hentry"],"acf":[],"_links":{"self":[{"href":"https:\/\/www.grin.com\/es\/wp-json\/wp\/v2\/pages\/9865","targetHints":{"allow":["GET"]}}],"collection":[{"href":"https:\/\/www.grin.com\/es\/wp-json\/wp\/v2\/pages"}],"about":[{"href":"https:\/\/www.grin.com\/es\/wp-json\/wp\/v2\/types\/page"}],"author":[{"embeddable":true,"href":"https:\/\/www.grin.com\/es\/wp-json\/wp\/v2\/users\/17"}],"replies":[{"embeddable":true,"href":"https:\/\/www.grin.com\/es\/wp-json\/wp\/v2\/comments?post=9865"}],"version-history":[{"count":8,"href":"https:\/\/www.grin.com\/es\/wp-json\/wp\/v2\/pages\/9865\/revisions"}],"predecessor-version":[{"id":18678,"href":"https:\/\/www.grin.com\/es\/wp-json\/wp\/v2\/pages\/9865\/revisions\/18678"}],"wp:attachment":[{"href":"https:\/\/www.grin.com\/es\/wp-json\/wp\/v2\/media?parent=9865"}],"curies":[{"name":"wp","href":"https:\/\/api.w.org\/{rel}","templated":true}]}}