{"id":18353,"date":"2022-03-10T08:20:41","date_gmt":"2022-03-10T07:20:41","guid":{"rendered":"https:\/\/www.grin.com\/loteries-chez-grin\/"},"modified":"2022-03-10T08:39:06","modified_gmt":"2022-03-10T07:39:06","slug":"loteries-chez-grin","status":"publish","type":"page","link":"https:\/\/www.grin.com\/fr\/loteries-chez-grin\/","title":{"rendered":"Loteries chez GRIN"},"content":{"rendered":"\t\t<div data-elementor-type=\"wp-page\" data-elementor-id=\"18353\" class=\"elementor elementor-18353 elementor-17937\" data-elementor-post-type=\"page\">\n\t\t\t\t\t\t<section class=\"elementor-section elementor-top-section elementor-element elementor-element-fd62d82 elementor-section-boxed elementor-section-height-default elementor-section-height-default\" data-id=\"fd62d82\" data-element_type=\"section\" data-e-type=\"section\">\n\t\t\t\t\t\t<div class=\"elementor-container elementor-column-gap-default\">\n\t\t\t\t\t<div class=\"elementor-column elementor-col-100 elementor-top-column elementor-element elementor-element-7f4a553\" data-id=\"7f4a553\" data-element_type=\"column\" data-e-type=\"column\">\n\t\t\t<div class=\"elementor-widget-wrap elementor-element-populated\">\n\t\t\t\t\t\t<div class=\"elementor-element elementor-element-493678e elementor-widget elementor-widget-text-editor\" data-id=\"493678e\" data-element_type=\"widget\" data-e-type=\"widget\" data-widget_type=\"text-editor.default\">\n\t\t\t\t<div class=\"elementor-widget-container\">\n\t\t\t\t\t\t\t\t\t<h1>Ne manquez plus jamais une loterie! Saisissez votre chance de gagner de superbes prix ici<\/h1>\n\t\t\t\t\t\t\t\t<\/div>\n\t\t\t\t<\/div>\n\t\t\t\t\t<\/div>\n\t\t<\/div>\n\t\t\t\t\t<\/div>\n\t\t<\/section>\n\t\t\t\t<section class=\"elementor-section elementor-top-section elementor-element elementor-element-34d463a elementor-section-boxed elementor-section-height-default elementor-section-height-default\" data-id=\"34d463a\" data-element_type=\"section\" data-e-type=\"section\">\n\t\t\t\t\t\t<div class=\"elementor-container elementor-column-gap-default\">\n\t\t\t\t\t<div class=\"elementor-column elementor-col-100 elementor-top-column elementor-element elementor-element-8ae36f6\" data-id=\"8ae36f6\" data-element_type=\"column\" data-e-type=\"column\">\n\t\t\t<div class=\"elementor-widget-wrap elementor-element-populated\">\n\t\t\t\t\t\t<div class=\"elementor-element elementor-element-9be38a4 elementor-widget elementor-widget-text-editor\" data-id=\"9be38a4\" data-element_type=\"widget\" data-e-type=\"widget\" data-widget_type=\"text-editor.default\">\n\t\t\t\t<div class=\"elementor-widget-container\">\n\t\t\t\t\t\t\t\t\t<p>GRIN organise r\u00e9guli\u00e8rement des loteries pour les \u00e9tudiants, les dipl\u00f4m\u00e9s et les auteurs. Vous trouverez ici toutes les informations sur les actions actuelles et pass\u00e9es.<\/p>\n\t\t\t\t\t\t\t\t<\/div>\n\t\t\t\t<\/div>\n\t\t\t\t\t<\/div>\n\t\t<\/div>\n\t\t\t\t\t<\/div>\n\t\t<\/section>\n\t\t\t\t<section class=\"elementor-section elementor-top-section elementor-element elementor-element-63f710a elementor-section-boxed elementor-section-height-default elementor-section-height-default\" data-id=\"63f710a\" data-element_type=\"section\" data-e-type=\"section\">\n\t\t\t\t\t\t<div class=\"elementor-container elementor-column-gap-default\">\n\t\t\t\t\t<div class=\"elementor-column elementor-col-100 elementor-top-column elementor-element elementor-element-547c83a\" data-id=\"547c83a\" data-element_type=\"column\" data-e-type=\"column\">\n\t\t\t<div class=\"elementor-widget-wrap elementor-element-populated\">\n\t\t\t\t\t\t<div class=\"elementor-element elementor-element-7e68429 elementor-widget elementor-widget-text-editor\" data-id=\"7e68429\" data-element_type=\"widget\" data-e-type=\"widget\" data-widget_type=\"text-editor.default\">\n\t\t\t\t<div class=\"elementor-widget-container\">\n\t\t\t\t\t\t\t\t\t<h2><span class=\"green-text\">T\u00e9l\u00e9chargez votre texte et, avec un peu de chance, gagnez un iPad d\u2019Apple!<\/span><\/h2>\n\t\t\t\t\t\t\t\t<\/div>\n\t\t\t\t<\/div>\n\t\t\t\t\t<\/div>\n\t\t<\/div>\n\t\t\t\t\t<\/div>\n\t\t<\/section>\n\t\t\t\t<section class=\"elementor-section elementor-top-section elementor-element elementor-element-cd5b972 elementor-section-boxed elementor-section-height-default elementor-section-height-default\" data-id=\"cd5b972\" data-element_type=\"section\" data-e-type=\"section\">\n\t\t\t\t\t\t<div class=\"elementor-container elementor-column-gap-default\">\n\t\t\t\t\t<div class=\"elementor-column elementor-col-50 elementor-top-column elementor-element elementor-element-3c71bcf\" data-id=\"3c71bcf\" data-element_type=\"column\" data-e-type=\"column\">\n\t\t\t<div class=\"elementor-widget-wrap elementor-element-populated\">\n\t\t\t\t\t\t<div class=\"elementor-element elementor-element-99962cb elementor-widget elementor-widget-image\" data-id=\"99962cb\" data-element_type=\"widget\" data-e-type=\"widget\" data-widget_type=\"image.default\">\n\t\t\t\t<div class=\"elementor-widget-container\">\n\t\t\t\t\t\t\t\t\t\t\t\t\t\t\t\t<a href=\"https:\/\/www.grin.com\/login\/#account\/document_upload\">\n\t\t\t\t\t\t\t<img decoding=\"async\" width=\"800\" height=\"1000\" src=\"https:\/\/www.grin.com\/wp-content\/uploads\/2021\/10\/MicrosoftTeams-image-10-819x1024.jpg\" class=\"attachment-large size-large wp-image-17949\" alt=\"Bild von einem iPad, das Sie bei GRIN gewinnen k\u00f6nnen\" srcset=\"https:\/\/www.grin.com\/wp-content\/uploads\/2021\/10\/MicrosoftTeams-image-10-819x1024.jpg 819w, https:\/\/www.grin.com\/wp-content\/uploads\/2021\/10\/MicrosoftTeams-image-10-240x300.jpg 240w, https:\/\/www.grin.com\/wp-content\/uploads\/2021\/10\/MicrosoftTeams-image-10-768x960.jpg 768w, https:\/\/www.grin.com\/wp-content\/uploads\/2021\/10\/MicrosoftTeams-image-10-213x266.jpg 213w, https:\/\/www.grin.com\/wp-content\/uploads\/2021\/10\/MicrosoftTeams-image-10-48x60.jpg 48w, https:\/\/www.grin.com\/wp-content\/uploads\/2021\/10\/MicrosoftTeams-image-10-284x355.jpg 284w, https:\/\/www.grin.com\/wp-content\/uploads\/2021\/10\/MicrosoftTeams-image-10-96x120.jpg 96w, https:\/\/www.grin.com\/wp-content\/uploads\/2021\/10\/MicrosoftTeams-image-10-265x331.jpg 265w, https:\/\/www.grin.com\/wp-content\/uploads\/2021\/10\/MicrosoftTeams-image-10.jpg 1080w\" sizes=\"(max-width: 800px) 100vw, 800px\" title=\"\">\t\t\t\t\t\t\t\t<\/a>\n\t\t\t\t\t\t\t\t\t\t\t\t\t\t\t<\/div>\n\t\t\t\t<\/div>\n\t\t\t\t\t<\/div>\n\t\t<\/div>\n\t\t\t\t<div class=\"elementor-column elementor-col-50 elementor-top-column elementor-element elementor-element-75e23f0\" data-id=\"75e23f0\" data-element_type=\"column\" data-e-type=\"column\">\n\t\t\t<div class=\"elementor-widget-wrap elementor-element-populated\">\n\t\t\t\t\t\t<div class=\"elementor-element elementor-element-25ec11f elementor-widget elementor-widget-text-editor\" data-id=\"25ec11f\" data-element_type=\"widget\" data-e-type=\"widget\" data-widget_type=\"text-editor.default\">\n\t\t\t\t<div class=\"elementor-widget-container\">\n\t\t\t\t\t\t\t\t\t<p>Des m\u00e9moires d&rsquo;\u00e9tude aux documents de recherche en passant par les livres sp\u00e9cialis\u00e9s &#8211; chaque article acad\u00e9mique que nous publions peut gagner!<\/p><p><strong>Comment se retrouve-t-on dans la cagnotte du loto ?<br \/><\/strong> T\u00e9l\u00e9chargez votre texte <strong>avant le 31.12.2022.<\/strong><\/p>\t\t\t\t\t\t\t\t<\/div>\n\t\t\t\t<\/div>\n\t\t\t\t<div class=\"elementor-element elementor-element-52f640d elementor-align-center elementor-widget elementor-widget-button\" data-id=\"52f640d\" data-element_type=\"widget\" data-e-type=\"widget\" data-widget_type=\"button.default\">\n\t\t\t\t<div class=\"elementor-widget-container\">\n\t\t\t\t\t\t\t\t\t<div class=\"elementor-button-wrapper\">\n\t\t\t\t\t<a class=\"elementor-button elementor-button-link elementor-size-lg\" href=\"https:\/\/www.grin.com\/login\/#account\/document_upload\">\n\t\t\t\t\t\t<span class=\"elementor-button-content-wrapper\">\n\t\t\t\t\t\t\t\t\t<span class=\"elementor-button-text\">T\u00e9l\u00e9chargez votre texte ici!<\/span>\n\t\t\t\t\t<\/span>\n\t\t\t\t\t<\/a>\n\t\t\t\t<\/div>\n\t\t\t\t\t\t\t\t<\/div>\n\t\t\t\t<\/div>\n\t\t\t\t<div class=\"elementor-element elementor-element-528909d elementor-widget elementor-widget-text-editor\" data-id=\"528909d\" data-element_type=\"widget\" data-e-type=\"widget\" data-widget_type=\"text-editor.default\">\n\t\t\t\t<div class=\"elementor-widget-container\">\n\t\t\t\t\t\t\t\t\t<p>La date de cl\u00f4ture est le 31.12.2022, 23:59 (CET). Les participants au concours sont ceux dont le texte t\u00e9l\u00e9charg\u00e9 a \u00e9t\u00e9 publi\u00e9 par notre \u00e9quipe \u00e9ditoriale. Le gagnant sera inform\u00e9 par notre \u00e9quipe par e-mail.<\/p><p>Graphique : Exemple d\u2019image<\/p>\t\t\t\t\t\t\t\t<\/div>\n\t\t\t\t<\/div>\n\t\t\t\t\t<\/div>\n\t\t<\/div>\n\t\t\t\t\t<\/div>\n\t\t<\/section>\n\t\t\t\t<section class=\"elementor-section elementor-top-section elementor-element elementor-element-320ea9a elementor-section-boxed elementor-section-height-default elementor-section-height-default\" data-id=\"320ea9a\" data-element_type=\"section\" data-e-type=\"section\">\n\t\t\t\t\t\t<div class=\"elementor-container elementor-column-gap-default\">\n\t\t\t\t\t<div class=\"elementor-column elementor-col-100 elementor-top-column elementor-element elementor-element-a86efb8\" data-id=\"a86efb8\" data-element_type=\"column\" data-e-type=\"column\">\n\t\t\t<div class=\"elementor-widget-wrap elementor-element-populated\">\n\t\t\t\t\t\t<div class=\"elementor-element elementor-element-9b7dfa0 elementor-widget elementor-widget-text-editor\" data-id=\"9b7dfa0\" data-element_type=\"widget\" data-e-type=\"widget\" data-widget_type=\"text-editor.default\">\n\t\t\t\t<div class=\"elementor-widget-container\">\n\t\t\t\t\t\t\t\t\t<p>Les conditions de participation \u00e0 nos concours sont disponibles <a href=\"https:\/\/www.grin.com\/fr\/conditions-de-participation\/\">ici.<\/a><\/p>\n\t\t\t\t\t\t\t\t<\/div>\n\t\t\t\t<\/div>\n\t\t\t\t\t<\/div>\n\t\t<\/div>\n\t\t\t\t\t<\/div>\n\t\t<\/section>\n\t\t\t\t<section class=\"elementor-section elementor-top-section elementor-element elementor-element-09a0e9d elementor-section-boxed elementor-section-height-default elementor-section-height-default\" data-id=\"09a0e9d\" data-element_type=\"section\" data-e-type=\"section\">\n\t\t\t\t\t\t<div class=\"elementor-container elementor-column-gap-default\">\n\t\t\t\t\t<div class=\"elementor-column elementor-col-100 elementor-top-column elementor-element elementor-element-f26b449\" data-id=\"f26b449\" data-element_type=\"column\" data-e-type=\"column\">\n\t\t\t<div class=\"elementor-widget-wrap elementor-element-populated\">\n\t\t\t\t\t\t<div class=\"elementor-element elementor-element-6cb929f elementor-widget elementor-widget-global elementor-global-8702 elementor-global-921 elementor-widget-grin-share-widget\" data-id=\"6cb929f\" data-element_type=\"widget\" data-e-type=\"widget\" data-widget_type=\"grin-share-widget.default\">\n\t\t\t\t<div class=\"elementor-widget-container\">\n\t\t\t\t\t<div class=\"share\">\n    <div class=\"footer-logo\"><\/div>\n    <div class=\"share-icons\">\n        <div class=\"shariff\" data-backend-url=\"null\" data-button-style=\"icon\" data-mail-url=\"mailto:\" data-services=\"[&quot;twitter&quot;,&quot;facebook&quot;,&quot;mail&quot;,&quot;whatsapp&quot;,&quot;linkedin&quot;]\"><\/div>\n        <div class=\"share-icon\"><a href=\"https:\/\/www.instagram.com\/grin_verlag\/\" target=\"_blank\" class=\"instagram\" rel=\"noopener\">Zu Instagram<\/a><\/div>\n    <\/div>\n<\/div>\t\t\t\t<\/div>\n\t\t\t\t<\/div>\n\t\t\t\t\t<\/div>\n\t\t<\/div>\n\t\t\t\t\t<\/div>\n\t\t<\/section>\n\t\t\t\t<\/div>\n\t\t","protected":false},"excerpt":{"rendered":"<p>Ne manquez plus jamais une loterie! Saisissez votre chance de gagner de superbes prix ici GRIN organise r\u00e9guli\u00e8rement des loteries pour les \u00e9tudiants, les dipl\u00f4m\u00e9s et les auteurs. Vous trouverez ici toutes les informations sur les actions actuelles et pass\u00e9es. T\u00e9l\u00e9chargez votre texte et, avec un peu de chance, gagnez un iPad d\u2019Apple! Des m\u00e9moires [&hellip;]<\/p>\n","protected":false},"author":17,"featured_media":0,"parent":0,"menu_order":0,"comment_status":"closed","ping_status":"closed","template":"","meta":{"_acf_changed":false,"_lmt_disableupdate":"","_lmt_disable":"","footnotes":""},"class_list":["post-18353","page","type-page","status-publish","hentry"],"acf":[],"_links":{"self":[{"href":"https:\/\/www.grin.com\/fr\/wp-json\/wp\/v2\/pages\/18353","targetHints":{"allow":["GET"]}}],"collection":[{"href":"https:\/\/www.grin.com\/fr\/wp-json\/wp\/v2\/pages"}],"about":[{"href":"https:\/\/www.grin.com\/fr\/wp-json\/wp\/v2\/types\/page"}],"author":[{"embeddable":true,"href":"https:\/\/www.grin.com\/fr\/wp-json\/wp\/v2\/users\/17"}],"replies":[{"embeddable":true,"href":"https:\/\/www.grin.com\/fr\/wp-json\/wp\/v2\/comments?post=18353"}],"version-history":[{"count":7,"href":"https:\/\/www.grin.com\/fr\/wp-json\/wp\/v2\/pages\/18353\/revisions"}],"predecessor-version":[{"id":25515,"href":"https:\/\/www.grin.com\/fr\/wp-json\/wp\/v2\/pages\/18353\/revisions\/25515"}],"wp:attachment":[{"href":"https:\/\/www.grin.com\/fr\/wp-json\/wp\/v2\/media?parent=18353"}],"curies":[{"name":"wp","href":"https:\/\/api.w.org\/{rel}","templated":true}]}}