{"id":38096,"date":"2024-05-14T09:25:58","date_gmt":"2024-05-14T07:25:58","guid":{"rendered":"https:\/\/www.grin.com\/notre-programme-de-partenariat-grin\/"},"modified":"2024-05-15T12:12:55","modified_gmt":"2024-05-15T10:12:55","slug":"notre-programme-de-partenariat-grin","status":"publish","type":"page","link":"https:\/\/www.grin.com\/fr\/notre-programme-de-partenariat-grin\/","title":{"rendered":"Notre programme de partenariat GRIN"},"content":{"rendered":"\t\t<div data-elementor-type=\"wp-page\" data-elementor-id=\"38096\" class=\"elementor elementor-38096 elementor-28218\" data-elementor-post-type=\"page\">\n\t\t\t\t\t\t<section class=\"elementor-section elementor-top-section elementor-element elementor-element-9f3595c elementor-section-boxed elementor-section-height-default elementor-section-height-default\" data-id=\"9f3595c\" data-element_type=\"section\" data-e-type=\"section\">\n\t\t\t\t\t\t<div class=\"elementor-container elementor-column-gap-default\">\n\t\t\t\t\t<div class=\"elementor-column elementor-col-100 elementor-top-column elementor-element elementor-element-7fc8b12\" data-id=\"7fc8b12\" data-element_type=\"column\" data-e-type=\"column\">\n\t\t\t<div class=\"elementor-widget-wrap elementor-element-populated\">\n\t\t\t\t\t\t<div class=\"elementor-element elementor-element-4e813d9 elementor-widget elementor-widget-grin-promo-teaser-widget\" data-id=\"4e813d9\" data-element_type=\"widget\" data-e-type=\"widget\" data-widget_type=\"grin-promo-teaser-widget.default\">\n\t\t\t\t<div class=\"elementor-widget-container\">\n\t\t\t\t\t<a href=\"https:\/\/www.grin.com\/de\/freunde-werben\/#einladungslink\" class=\"promo-teaser\">\r\n    <div class=\"background-container\">\r\n        <div class=\"image-container\"><img decoding=\"async\" width=\"798\" height=\"540\" src=\"https:\/\/www.grin.com\/wp-content\/uploads\/2023\/09\/Partnerprogramm_Teaser_neu-1.jpg\" class=\"attachment-full size-full\" alt=\"Gruppe von Jugendlichen im Freien.\" srcset=\"https:\/\/www.grin.com\/wp-content\/uploads\/2023\/09\/Partnerprogramm_Teaser_neu-1.jpg 798w, https:\/\/www.grin.com\/wp-content\/uploads\/2023\/09\/Partnerprogramm_Teaser_neu-1-300x203.jpg 300w, https:\/\/www.grin.com\/wp-content\/uploads\/2023\/09\/Partnerprogramm_Teaser_neu-1-768x520.jpg 768w\" sizes=\"(max-width: 798px) 100vw, 798px\" \/><\/div>\r\n        <div class=\"texts\">\r\n            <h1 class=\"h1-like\">Recruter des Grinnies<\/h1>\r\n            <p class=\"h2-like\">Votre recommandation nous vaut un remerciement : gagnez 5 \u20ac par auteur(e) parrain\u00e9(e).<\/p>\r\n            \r\n        <\/div>\r\n    <\/div>\r\n<\/a>\t\t\t\t<\/div>\n\t\t\t\t<\/div>\n\t\t\t\t\t<\/div>\n\t\t<\/div>\n\t\t\t\t\t<\/div>\n\t\t<\/section>\n\t\t\t\t<section class=\"elementor-section elementor-top-section elementor-element elementor-element-71b0ff0 elementor-section-boxed elementor-section-height-default elementor-section-height-default\" data-id=\"71b0ff0\" data-element_type=\"section\" data-e-type=\"section\">\n\t\t\t\t\t\t<div class=\"elementor-container elementor-column-gap-default\">\n\t\t\t\t\t<div class=\"elementor-column elementor-col-100 elementor-top-column elementor-element elementor-element-5e86d88\" data-id=\"5e86d88\" data-element_type=\"column\" data-e-type=\"column\">\n\t\t\t<div class=\"elementor-widget-wrap elementor-element-populated\">\n\t\t\t\t\t\t<div class=\"elementor-element elementor-element-edba21b elementor-widget elementor-widget-spacer\" data-id=\"edba21b\" data-element_type=\"widget\" data-e-type=\"widget\" data-widget_type=\"spacer.default\">\n\t\t\t\t<div class=\"elementor-widget-container\">\n\t\t\t\t\t\t\t<div class=\"elementor-spacer\">\n\t\t\t<div class=\"elementor-spacer-inner\"><\/div>\n\t\t<\/div>\n\t\t\t\t\t\t<\/div>\n\t\t\t\t<\/div>\n\t\t\t\t\t<\/div>\n\t\t<\/div>\n\t\t\t\t\t<\/div>\n\t\t<\/section>\n\t\t\t\t<section class=\"elementor-section elementor-top-section elementor-element elementor-element-c516103 elementor-section-boxed elementor-section-height-default elementor-section-height-default\" data-id=\"c516103\" data-element_type=\"section\" data-e-type=\"section\">\n\t\t\t\t\t\t<div class=\"elementor-container elementor-column-gap-default\">\n\t\t\t\t\t<div class=\"elementor-column elementor-col-100 elementor-top-column elementor-element elementor-element-d6c1ffa\" data-id=\"d6c1ffa\" data-element_type=\"column\" data-e-type=\"column\">\n\t\t\t<div class=\"elementor-widget-wrap elementor-element-populated\">\n\t\t\t\t\t\t<div class=\"elementor-element elementor-element-50d23e6 elementor-widget elementor-widget-text-editor\" data-id=\"50d23e6\" data-element_type=\"widget\" data-e-type=\"widget\" data-widget_type=\"text-editor.default\">\n\t\t\t\t<div class=\"elementor-widget-container\">\n\t\t\t\t\t\t\t\t\t<h2 class=\"small\" style=\"text-align: center;\">Voici comment cela fonctionne :<\/h2><p style=\"text-align: center;\">Recevez votre prime en trois \u00e9tapes simples<\/p>\t\t\t\t\t\t\t\t<\/div>\n\t\t\t\t<\/div>\n\t\t\t\t\t<\/div>\n\t\t<\/div>\n\t\t\t\t\t<\/div>\n\t\t<\/section>\n\t\t\t\t<section class=\"elementor-section elementor-top-section elementor-element elementor-element-a0077a7 elementor-section-boxed elementor-section-height-default elementor-section-height-default\" data-id=\"a0077a7\" data-element_type=\"section\" data-e-type=\"section\">\n\t\t\t\t\t\t<div class=\"elementor-container elementor-column-gap-default\">\n\t\t\t\t\t<div class=\"elementor-column elementor-col-50 elementor-top-column elementor-element elementor-element-585e886\" data-id=\"585e886\" data-element_type=\"column\" data-e-type=\"column\">\n\t\t\t<div class=\"elementor-widget-wrap elementor-element-populated\">\n\t\t\t\t\t\t<div class=\"elementor-element elementor-element-a8eaad7 elementor-widget elementor-widget-image\" data-id=\"a8eaad7\" data-element_type=\"widget\" data-e-type=\"widget\" data-widget_type=\"image.default\">\n\t\t\t\t<div class=\"elementor-widget-container\">\n\t\t\t\t\t\t\t\t\t\t\t\t\t\t\t<img decoding=\"async\" src=\"https:\/\/www.grin.com\/wp-content\/uploads\/elementor\/thumbs\/Partnerprogramm_Schritt-1_Bild_mit-gruenem-Rahmen_neu-qvoox243f7a6ab0coegp3xi402nzzzujjiwu93tv4g.jpg\" title=\"Partnerprogramm_Schritt 1_Bild_mit gr\u00fcnem Rahmen_neu\" alt=\"Partnerprogramm_Schritt 1_Bild_mit gr\u00fcnem Rahmen_neu\" loading=\"lazy\" \/>\t\t\t\t\t\t\t\t\t\t\t\t\t\t\t<\/div>\n\t\t\t\t<\/div>\n\t\t\t\t\t<\/div>\n\t\t<\/div>\n\t\t\t\t<div class=\"elementor-column elementor-col-50 elementor-top-column elementor-element elementor-element-560bd8b\" data-id=\"560bd8b\" data-element_type=\"column\" data-e-type=\"column\">\n\t\t\t<div class=\"elementor-widget-wrap elementor-element-populated\">\n\t\t\t\t\t\t<div class=\"elementor-element elementor-element-77b37ed elementor-widget elementor-widget-text-editor\" data-id=\"77b37ed\" data-element_type=\"widget\" data-e-type=\"widget\" data-widget_type=\"text-editor.default\">\n\t\t\t\t<div class=\"elementor-widget-container\">\n\t\t\t\t\t\t\t\t\t<h3 class=\"small\">1. Faites passer le message<\/h3><p>Votre ami n\u2019a jamais t\u00e9l\u00e9charg\u00e9 de texte sur GRIN ou n\u2019a pas encore de compte sur notre site ?<br \/>Alors parlez-lui de nous !<\/p>\t\t\t\t\t\t\t\t<\/div>\n\t\t\t\t<\/div>\n\t\t\t\t\t<\/div>\n\t\t<\/div>\n\t\t\t\t\t<\/div>\n\t\t<\/section>\n\t\t\t\t<section class=\"elementor-section elementor-top-section elementor-element elementor-element-ee7be62 elementor-section-boxed elementor-section-height-default elementor-section-height-default\" data-id=\"ee7be62\" data-element_type=\"section\" data-e-type=\"section\">\n\t\t\t\t\t\t<div class=\"elementor-container elementor-column-gap-default\">\n\t\t\t\t\t<div class=\"elementor-column elementor-col-50 elementor-top-column elementor-element elementor-element-d80def3\" data-id=\"d80def3\" data-element_type=\"column\" data-e-type=\"column\">\n\t\t\t<div class=\"elementor-widget-wrap elementor-element-populated\">\n\t\t\t\t\t\t<div class=\"elementor-element elementor-element-a486d9e elementor-widget elementor-widget-image\" data-id=\"a486d9e\" data-element_type=\"widget\" data-e-type=\"widget\" data-widget_type=\"image.default\">\n\t\t\t\t<div class=\"elementor-widget-container\">\n\t\t\t\t\t\t\t\t\t\t\t\t\t\t\t<img decoding=\"async\" src=\"https:\/\/www.grin.com\/wp-content\/uploads\/elementor\/thumbs\/Partnerprogramm_Schritt-2_Bild_mit-gruenem-Rahmen_neu-qvoox243f7a6ab0coegp3xi402nzzzujjiwu93tv4g.jpg\" title=\"Partnerprogramm_Schritt 2_Bild_mit gr\u00fcnem Rahmen_neu\" alt=\"Partnerprogramm_Schritt 2_Bild_mit gr\u00fcnem Rahmen_neu\" loading=\"lazy\" \/>\t\t\t\t\t\t\t\t\t\t\t\t\t\t\t<\/div>\n\t\t\t\t<\/div>\n\t\t\t\t\t<\/div>\n\t\t<\/div>\n\t\t\t\t<div class=\"elementor-column elementor-col-50 elementor-top-column elementor-element elementor-element-db27d07\" data-id=\"db27d07\" data-element_type=\"column\" data-e-type=\"column\">\n\t\t\t<div class=\"elementor-widget-wrap elementor-element-populated\">\n\t\t\t\t\t\t<div class=\"elementor-element elementor-element-6a0ebb7 elementor-widget elementor-widget-text-editor\" data-id=\"6a0ebb7\" data-element_type=\"widget\" data-e-type=\"widget\" data-widget_type=\"text-editor.default\">\n\t\t\t\t<div class=\"elementor-widget-container\">\n\t\t\t\t\t\t\t\t\t<h3 class=\"small\">2. Partager le lien de parrainage<\/h3>\n<p>Copiez votre lien personnel depuis votre profil d\u2019auteur et partagez-le avec vos amis, par exemple via Whatsapp !<\/p>\n\t\t\t\t\t\t\t\t<\/div>\n\t\t\t\t<\/div>\n\t\t\t\t\t<\/div>\n\t\t<\/div>\n\t\t\t\t\t<\/div>\n\t\t<\/section>\n\t\t\t\t<section class=\"elementor-section elementor-top-section elementor-element elementor-element-703fe99 elementor-section-boxed elementor-section-height-default elementor-section-height-default\" data-id=\"703fe99\" data-element_type=\"section\" data-e-type=\"section\">\n\t\t\t\t\t\t<div class=\"elementor-container elementor-column-gap-default\">\n\t\t\t\t\t<div class=\"elementor-column elementor-col-50 elementor-top-column elementor-element elementor-element-729fa8c\" data-id=\"729fa8c\" data-element_type=\"column\" data-e-type=\"column\">\n\t\t\t<div class=\"elementor-widget-wrap elementor-element-populated\">\n\t\t\t\t\t\t<div class=\"elementor-element elementor-element-a9a394e elementor-widget elementor-widget-image\" data-id=\"a9a394e\" data-element_type=\"widget\" data-e-type=\"widget\" data-widget_type=\"image.default\">\n\t\t\t\t<div class=\"elementor-widget-container\">\n\t\t\t\t\t\t\t\t\t\t\t\t\t\t\t<img decoding=\"async\" width=\"200\" height=\"200\" src=\"https:\/\/www.grin.com\/wp-content\/uploads\/2023\/10\/Partnerprogramm_Schritt3_klein.jpg\" class=\"attachment-full size-full wp-image-35587\" alt=\"\" srcset=\"https:\/\/www.grin.com\/wp-content\/uploads\/2023\/10\/Partnerprogramm_Schritt3_klein.jpg 200w, https:\/\/www.grin.com\/wp-content\/uploads\/2023\/10\/Partnerprogramm_Schritt3_klein-150x150.jpg 150w\" sizes=\"(max-width: 200px) 100vw, 200px\" \/>\t\t\t\t\t\t\t\t\t\t\t\t\t\t\t<\/div>\n\t\t\t\t<\/div>\n\t\t\t\t\t<\/div>\n\t\t<\/div>\n\t\t\t\t<div class=\"elementor-column elementor-col-50 elementor-top-column elementor-element elementor-element-95791a0\" data-id=\"95791a0\" data-element_type=\"column\" data-e-type=\"column\">\n\t\t\t<div class=\"elementor-widget-wrap elementor-element-populated\">\n\t\t\t\t\t\t<div class=\"elementor-element elementor-element-89a3e6f elementor-widget elementor-widget-text-editor\" data-id=\"89a3e6f\" data-element_type=\"widget\" data-e-type=\"widget\" data-widget_type=\"text-editor.default\">\n\t\t\t\t<div class=\"elementor-widget-container\">\n\t\t\t\t\t\t\t\t\t<h3 class=\"small\">3. Recevoir une prime<\/h3><p>Nous vous offrons\u00a0<strong><em>cinq euros <\/em><\/strong>pour CHAQUE nouvel(le) auteur(e) qui publie via votre lien !<\/p>\t\t\t\t\t\t\t\t<\/div>\n\t\t\t\t<\/div>\n\t\t\t\t\t<\/div>\n\t\t<\/div>\n\t\t\t\t\t<\/div>\n\t\t<\/section>\n\t\t\t\t<section class=\"elementor-section elementor-top-section elementor-element elementor-element-728eeaa elementor-section-boxed elementor-section-height-default elementor-section-height-default\" data-id=\"728eeaa\" data-element_type=\"section\" data-e-type=\"section\">\n\t\t\t\t\t\t<div class=\"elementor-container elementor-column-gap-default\">\n\t\t\t\t\t<div class=\"elementor-column elementor-col-100 elementor-top-column elementor-element elementor-element-a9c5375\" data-id=\"a9c5375\" data-element_type=\"column\" data-e-type=\"column\">\n\t\t\t<div class=\"elementor-widget-wrap elementor-element-populated\">\n\t\t\t\t\t\t<div class=\"elementor-element elementor-element-e89912f elementor-widget elementor-widget-spacer\" data-id=\"e89912f\" data-element_type=\"widget\" data-e-type=\"widget\" data-widget_type=\"spacer.default\">\n\t\t\t\t<div class=\"elementor-widget-container\">\n\t\t\t\t\t\t\t<div class=\"elementor-spacer\">\n\t\t\t<div class=\"elementor-spacer-inner\"><\/div>\n\t\t<\/div>\n\t\t\t\t\t\t<\/div>\n\t\t\t\t<\/div>\n\t\t\t\t\t<\/div>\n\t\t<\/div>\n\t\t\t\t\t<\/div>\n\t\t<\/section>\n\t\t\t\t<section class=\"elementor-section elementor-top-section elementor-element elementor-element-58b436d elementor-section-boxed elementor-section-height-default elementor-section-height-default\" data-id=\"58b436d\" data-element_type=\"section\" data-e-type=\"section\">\n\t\t\t\t\t\t<div class=\"elementor-container elementor-column-gap-default\">\n\t\t\t\t\t<div class=\"elementor-column elementor-col-100 elementor-top-column elementor-element elementor-element-6c325bd\" data-id=\"6c325bd\" data-element_type=\"column\" data-e-type=\"column\">\n\t\t\t<div class=\"elementor-widget-wrap elementor-element-populated\">\n\t\t\t\t\t\t<div class=\"elementor-element elementor-element-7203a04 elementor-widget elementor-widget-text-editor\" data-id=\"7203a04\" data-element_type=\"widget\" data-e-type=\"widget\" data-widget_type=\"text-editor.default\">\n\t\t\t\t<div class=\"elementor-widget-container\">\n\t\t\t\t\t\t\t\t\t<h2 class=\"small\">Vous trouverez ici votre <a id=\"einladungslink\" name=\"Einladungslink\"><\/a> lien d\u2019invitation pour vos amis :<\/h2>\n\t\t\t\t\t\t\t\t<\/div>\n\t\t\t\t<\/div>\n\t\t\t\t\t<\/div>\n\t\t<\/div>\n\t\t\t\t\t<\/div>\n\t\t<\/section>\n\t\t\t\t<section class=\"elementor-section elementor-top-section elementor-element elementor-element-943e937 elementor-section-boxed elementor-section-height-default elementor-section-height-default\" data-id=\"943e937\" data-element_type=\"section\" data-e-type=\"section\">\n\t\t\t\t\t\t<div class=\"elementor-container elementor-column-gap-default\">\n\t\t\t\t\t<div class=\"elementor-column elementor-col-100 elementor-top-column elementor-element elementor-element-7ce44b2\" data-id=\"7ce44b2\" data-element_type=\"column\" data-e-type=\"column\">\n\t\t\t<div class=\"elementor-widget-wrap elementor-element-populated\">\n\t\t\t\t\t\t<div class=\"elementor-element elementor-element-688288e elementor-widget elementor-widget-image\" data-id=\"688288e\" data-element_type=\"widget\" data-e-type=\"widget\" data-widget_type=\"image.default\">\n\t\t\t\t<div class=\"elementor-widget-container\">\n\t\t\t\t\t\t\t\t\t\t\t\t\t\t\t\t<a href=\"https:\/\/www.grin.com\/login\/#account\/partner-program\">\n\t\t\t\t\t\t\t<img decoding=\"async\" width=\"800\" height=\"460\" src=\"https:\/\/www.grin.com\/wp-content\/uploads\/2024\/05\/Screenshot_Partnerprogramm_frz-1-1024x589.jpg\" class=\"attachment-large size-large wp-image-38114\" alt=\"\" srcset=\"https:\/\/www.grin.com\/wp-content\/uploads\/2024\/05\/Screenshot_Partnerprogramm_frz-1-1024x589.jpg 1024w, https:\/\/www.grin.com\/wp-content\/uploads\/2024\/05\/Screenshot_Partnerprogramm_frz-1-300x172.jpg 300w, https:\/\/www.grin.com\/wp-content\/uploads\/2024\/05\/Screenshot_Partnerprogramm_frz-1-768x441.jpg 768w, https:\/\/www.grin.com\/wp-content\/uploads\/2024\/05\/Screenshot_Partnerprogramm_frz-1.jpg 1418w\" sizes=\"(max-width: 800px) 100vw, 800px\" \/>\t\t\t\t\t\t\t\t<\/a>\n\t\t\t\t\t\t\t\t\t\t\t\t\t\t\t<\/div>\n\t\t\t\t<\/div>\n\t\t\t\t\t<\/div>\n\t\t<\/div>\n\t\t\t\t\t<\/div>\n\t\t<\/section>\n\t\t\t\t<section class=\"elementor-section elementor-top-section elementor-element elementor-element-890dfba elementor-section-boxed elementor-section-height-default elementor-section-height-default\" data-id=\"890dfba\" data-element_type=\"section\" data-e-type=\"section\">\n\t\t\t\t\t\t<div class=\"elementor-container elementor-column-gap-default\">\n\t\t\t\t\t<div class=\"elementor-column elementor-col-100 elementor-top-column elementor-element elementor-element-8caa7d2\" data-id=\"8caa7d2\" data-element_type=\"column\" data-e-type=\"column\">\n\t\t\t<div class=\"elementor-widget-wrap elementor-element-populated\">\n\t\t\t\t\t\t<div class=\"elementor-element elementor-element-34a684a elementor-align-center elementor-widget elementor-widget-button\" data-id=\"34a684a\" data-element_type=\"widget\" data-e-type=\"widget\" data-widget_type=\"button.default\">\n\t\t\t\t<div class=\"elementor-widget-container\">\n\t\t\t\t\t\t\t\t\t<div class=\"elementor-button-wrapper\">\n\t\t\t\t\t<a class=\"elementor-button elementor-button-link elementor-size-lg\" href=\"https:\/\/www.grin.com\/submission\/upload\/#\/sign-in\">\n\t\t\t\t\t\t<span class=\"elementor-button-content-wrapper\">\n\t\t\t\t\t\t\t\t\t<span class=\"elementor-button-text\">Connectez-vous maintenant et partagez le lien<\/span>\n\t\t\t\t\t<\/span>\n\t\t\t\t\t<\/a>\n\t\t\t\t<\/div>\n\t\t\t\t\t\t\t\t<\/div>\n\t\t\t\t<\/div>\n\t\t\t\t\t<\/div>\n\t\t<\/div>\n\t\t\t\t\t<\/div>\n\t\t<\/section>\n\t\t\t\t<section class=\"elementor-section elementor-top-section elementor-element elementor-element-b99c326 elementor-section-boxed elementor-section-height-default elementor-section-height-default\" data-id=\"b99c326\" data-element_type=\"section\" data-e-type=\"section\">\n\t\t\t\t\t\t<div class=\"elementor-container elementor-column-gap-default\">\n\t\t\t\t\t<div class=\"elementor-column elementor-col-100 elementor-top-column elementor-element elementor-element-74ed445\" data-id=\"74ed445\" data-element_type=\"column\" data-e-type=\"column\">\n\t\t\t<div class=\"elementor-widget-wrap elementor-element-populated\">\n\t\t\t\t\t\t<div class=\"elementor-element elementor-element-9196f8e elementor-widget elementor-widget-text-editor\" data-id=\"9196f8e\" data-element_type=\"widget\" data-e-type=\"widget\" data-widget_type=\"text-editor.default\">\n\t\t\t\t<div class=\"elementor-widget-container\">\n\t\t\t\t\t\t\t\t\t<h2 class=\"small\">Questions fr\u00e9quentes<\/h2><h3 class=\"small\">Comment fonctionne le programme Parrainer un ami ?<\/h3><p>\u00cates-vous d\u00e9j\u00e0 auteur chez GRIN et avez-vous des amis qui ont \u00e9galement \u00e9crit des m\u00e9moires ou des th\u00e8ses ? Alors invitez-les \u00e0 nous rejoindre ! Vous pouvez copier un lien individuel \u00e0 partir de votre profil d\u2019auteur &#8211; pour chaque personne qui s\u2019inscrit via votre lien et publie un texte, vous recevrez <strong><em>cinq euros <\/em><\/strong>!<\/p><h3 class=\"small\">Comment puis-je parrainer des amis ?<\/h3><p>Si vous avez copi\u00e9 le lien d\u2019invitation de votre profil d\u2019auteur GRIN, vous pouvez facilement l\u2019envoyer \u00e0 vos amis, par exemple par e-mail ou WhatsApp.<\/p><h3 class=\"small\">Comment vais-je recevoir ma prime ?<\/h3><p>Votre prime, tout comme vos honoraires pour les textes vendus, est vers\u00e9e avec le d\u00e9compte trimestriel.<\/p>\t\t\t\t\t\t\t\t<\/div>\n\t\t\t\t<\/div>\n\t\t\t\t\t<\/div>\n\t\t<\/div>\n\t\t\t\t\t<\/div>\n\t\t<\/section>\n\t\t\t\t<section class=\"elementor-section elementor-top-section elementor-element elementor-element-f63fd21 elementor-section-boxed elementor-section-height-default elementor-section-height-default\" data-id=\"f63fd21\" data-element_type=\"section\" data-e-type=\"section\">\n\t\t\t\t\t\t<div class=\"elementor-container elementor-column-gap-default\">\n\t\t\t\t\t<div class=\"elementor-column elementor-col-100 elementor-top-column elementor-element elementor-element-9575636\" data-id=\"9575636\" data-element_type=\"column\" data-e-type=\"column\">\n\t\t\t<div class=\"elementor-widget-wrap elementor-element-populated\">\n\t\t\t\t\t\t<div class=\"elementor-element elementor-element-ca423a9 elementor-widget elementor-widget-text-editor\" data-id=\"ca423a9\" data-element_type=\"widget\" data-e-type=\"widget\" data-widget_type=\"text-editor.default\">\n\t\t\t\t<div class=\"elementor-widget-container\">\n\t\t\t\t\t\t\t\t\t<p><strong>D\u2019ailleurs&#8230;<\/strong><\/p><p>Vous pouvez \u00e9galement utiliser le <a href=\"https:\/\/www.grin.com\/login\/#account\/partner-program\">lien dans votre profil d\u2019auteur<\/a> pour vendre vos propres livres. Pour chaque texte vendu, vous recevrez <em><br \/><strong>une commission de cinq pour cent <\/strong><\/em>!<\/p>\t\t\t\t\t\t\t\t<\/div>\n\t\t\t\t<\/div>\n\t\t\t\t\t<\/div>\n\t\t<\/div>\n\t\t\t\t\t<\/div>\n\t\t<\/section>\n\t\t\t\t<section class=\"elementor-section elementor-top-section elementor-element elementor-element-047b976 elementor-section-boxed elementor-section-height-default elementor-section-height-default\" data-id=\"047b976\" data-element_type=\"section\" data-e-type=\"section\">\n\t\t\t\t\t\t<div class=\"elementor-container elementor-column-gap-default\">\n\t\t\t\t\t<div class=\"elementor-column elementor-col-100 elementor-top-column elementor-element elementor-element-8de54ab\" data-id=\"8de54ab\" data-element_type=\"column\" data-e-type=\"column\">\n\t\t\t<div class=\"elementor-widget-wrap elementor-element-populated\">\n\t\t\t\t\t\t<div class=\"elementor-element elementor-element-0f1a87b elementor-widget elementor-widget-global elementor-global-8702 elementor-global-921 elementor-widget-grin-share-widget\" data-id=\"0f1a87b\" data-element_type=\"widget\" data-e-type=\"widget\" data-widget_type=\"grin-share-widget.default\">\n\t\t\t\t<div class=\"elementor-widget-container\">\n\t\t\t\t\t<div class=\"share\">\n    <div class=\"footer-logo\"><\/div>\n    <div class=\"share-icons\">\n        <div class=\"shariff\" data-backend-url=\"null\" data-button-style=\"icon\" data-mail-url=\"mailto:\" data-services=\"[&quot;twitter&quot;,&quot;facebook&quot;,&quot;mail&quot;,&quot;whatsapp&quot;,&quot;linkedin&quot;]\"><\/div>\n        <div class=\"share-icon\"><a href=\"https:\/\/www.instagram.com\/grin_verlag\/\" target=\"_blank\" class=\"instagram\" rel=\"noopener\">Zu Instagram<\/a><\/div>\n    <\/div>\n<\/div>\t\t\t\t<\/div>\n\t\t\t\t<\/div>\n\t\t\t\t\t<\/div>\n\t\t<\/div>\n\t\t\t\t\t<\/div>\n\t\t<\/section>\n\t\t\t\t<\/div>\n\t\t","protected":false},"excerpt":{"rendered":"<p>Recruter des Grinnies Votre recommandation nous vaut un remerciement : gagnez 5 \u20ac par auteur(e) parrain\u00e9(e). Gagnez une prime de 5 \u20ac Voici comment cela fonctionne : Recevez votre prime en trois \u00e9tapes simples 1. Faites passer le message Votre ami n\u2019a jamais t\u00e9l\u00e9charg\u00e9 de texte sur GRIN ou n\u2019a pas encore de compte sur [&hellip;]<\/p>\n","protected":false},"author":19,"featured_media":0,"parent":0,"menu_order":0,"comment_status":"closed","ping_status":"closed","template":"","meta":{"_acf_changed":false,"_lmt_disableupdate":"","_lmt_disable":"","footnotes":""},"class_list":["post-38096","page","type-page","status-publish","hentry"],"acf":[],"_links":{"self":[{"href":"https:\/\/www.grin.com\/fr\/wp-json\/wp\/v2\/pages\/38096","targetHints":{"allow":["GET"]}}],"collection":[{"href":"https:\/\/www.grin.com\/fr\/wp-json\/wp\/v2\/pages"}],"about":[{"href":"https:\/\/www.grin.com\/fr\/wp-json\/wp\/v2\/types\/page"}],"author":[{"embeddable":true,"href":"https:\/\/www.grin.com\/fr\/wp-json\/wp\/v2\/users\/19"}],"replies":[{"embeddable":true,"href":"https:\/\/www.grin.com\/fr\/wp-json\/wp\/v2\/comments?post=38096"}],"version-history":[{"count":10,"href":"https:\/\/www.grin.com\/fr\/wp-json\/wp\/v2\/pages\/38096\/revisions"}],"predecessor-version":[{"id":38255,"href":"https:\/\/www.grin.com\/fr\/wp-json\/wp\/v2\/pages\/38096\/revisions\/38255"}],"wp:attachment":[{"href":"https:\/\/www.grin.com\/fr\/wp-json\/wp\/v2\/media?parent=38096"}],"curies":[{"name":"wp","href":"https:\/\/api.w.org\/{rel}","templated":true}]}}