{"id":40115,"date":"2024-08-12T11:32:30","date_gmt":"2024-08-12T09:32:30","guid":{"rendered":"https:\/\/www.grin.com\/bonus-pour-tes-honoraires\/"},"modified":"2024-08-12T12:31:57","modified_gmt":"2024-08-12T10:31:57","slug":"bonus-pour-tes-honoraires","status":"publish","type":"page","link":"https:\/\/www.grin.com\/fr\/bonus-pour-tes-honoraires\/","title":{"rendered":"Bonus pour tes honoraires"},"content":{"rendered":"\t\t<div data-elementor-type=\"wp-page\" data-elementor-id=\"40115\" class=\"elementor elementor-40115 elementor-39457\" data-elementor-post-type=\"page\">\n\t\t\t\t\t\t<section class=\"elementor-section elementor-top-section elementor-element elementor-element-fd488e2 elementor-section-boxed elementor-section-height-default elementor-section-height-default\" data-id=\"fd488e2\" data-element_type=\"section\" data-e-type=\"section\">\n\t\t\t\t\t\t<div class=\"elementor-container elementor-column-gap-default\">\n\t\t\t\t\t<div class=\"elementor-column elementor-col-100 elementor-top-column elementor-element elementor-element-836a531\" data-id=\"836a531\" data-element_type=\"column\" data-e-type=\"column\">\n\t\t\t<div class=\"elementor-widget-wrap elementor-element-populated\">\n\t\t\t\t\t\t<div class=\"elementor-element elementor-element-e804487 elementor-widget elementor-widget-grin-promo-teaser-widget\" data-id=\"e804487\" data-element_type=\"widget\" data-e-type=\"widget\" data-widget_type=\"grin-promo-teaser-widget.default\">\n\t\t\t\t<div class=\"elementor-widget-container\">\n\t\t\t\t\t<a href=\"https:\/\/www.grin.com\/submission\/upload\/#\/sign-in\" class=\"promo-teaser\">\r\n    <div class=\"background-container\">\r\n        <div class=\"image-container\"><img decoding=\"async\" width=\"1200\" height=\"890\" src=\"https:\/\/www.grin.com\/wp-content\/uploads\/2024\/07\/Teaserbild.jpg\" class=\"attachment-full size-full\" alt=\"Junger Mann h\u00f6rt Musik im Freien\" srcset=\"https:\/\/www.grin.com\/wp-content\/uploads\/2024\/07\/Teaserbild.jpg 1200w, https:\/\/www.grin.com\/wp-content\/uploads\/2024\/07\/Teaserbild-300x223.jpg 300w, https:\/\/www.grin.com\/wp-content\/uploads\/2024\/07\/Teaserbild-1024x759.jpg 1024w, https:\/\/www.grin.com\/wp-content\/uploads\/2024\/07\/Teaserbild-768x570.jpg 768w\" sizes=\"(max-width: 1200px) 100vw, 1200px\" title=\"\"><\/div>\r\n        <div class=\"texts\">\r\n            <h1 class=\"h1-like\">Assure ton bonus d'honoraires <\/h1>\r\n            <p class=\"h2-like\">Gagne jusqu'\u00e0 40% sur chaque vente de tes e-books !<\/p>\r\n            \r\n        <\/div>\r\n    <\/div>\r\n<\/a>\t\t\t\t<\/div>\n\t\t\t\t<\/div>\n\t\t\t\t\t<\/div>\n\t\t<\/div>\n\t\t\t\t\t<\/div>\n\t\t<\/section>\n\t\t\t\t<section class=\"elementor-section elementor-top-section elementor-element elementor-element-627f237 elementor-section-boxed elementor-section-height-default elementor-section-height-default\" data-id=\"627f237\" data-element_type=\"section\" data-e-type=\"section\">\n\t\t\t\t\t\t<div class=\"elementor-container elementor-column-gap-default\">\n\t\t\t\t\t<div class=\"elementor-column elementor-col-100 elementor-top-column elementor-element elementor-element-5044a08\" data-id=\"5044a08\" data-element_type=\"column\" data-e-type=\"column\">\n\t\t\t<div class=\"elementor-widget-wrap elementor-element-populated\">\n\t\t\t\t\t\t<div class=\"elementor-element elementor-element-2689ff8 elementor-widget elementor-widget-text-editor\" data-id=\"2689ff8\" data-element_type=\"widget\" data-e-type=\"widget\" data-widget_type=\"text-editor.default\">\n\t\t\t\t<div class=\"elementor-widget-container\">\n\t\t\t\t\t\t\t\t\t<h2 class=\"small\" style=\"text-align: center;\"><span class=\"ui-provider a b c d e f g h i j k l m n o p q r s t u v w x y z ab ac ae af ag ah ai aj ak\" dir=\"ltr\">C&rsquo;est a<\/span>insi que tes honoraires augmentent :<\/h2><p style=\"text-align: center;\">En principe, tu re\u00e7ois des honoraires de base de <strong>30 %*<\/strong> sur la vente d&rsquo;un e-book.<br \/>Une ou plusieurs des trois options suivantes permettent d&rsquo;augmenter tes honoraires jusqu&rsquo;\u00e0 10 % suppl\u00e9mentaires :<\/p>\t\t\t\t\t\t\t\t<\/div>\n\t\t\t\t<\/div>\n\t\t\t\t\t<\/div>\n\t\t<\/div>\n\t\t\t\t\t<\/div>\n\t\t<\/section>\n\t\t\t\t<section class=\"elementor-section elementor-top-section elementor-element elementor-element-d0a11a7 elementor-section-boxed elementor-section-height-default elementor-section-height-default\" data-id=\"d0a11a7\" data-element_type=\"section\" data-e-type=\"section\">\n\t\t\t\t\t\t<div class=\"elementor-container elementor-column-gap-default\">\n\t\t\t\t\t<div class=\"elementor-column elementor-col-50 elementor-top-column elementor-element elementor-element-a7a85c0\" data-id=\"a7a85c0\" data-element_type=\"column\" data-e-type=\"column\">\n\t\t\t<div class=\"elementor-widget-wrap elementor-element-populated\">\n\t\t\t\t\t\t<div class=\"elementor-element elementor-element-6b00eee elementor-widget elementor-widget-image\" data-id=\"6b00eee\" data-element_type=\"widget\" data-e-type=\"widget\" data-widget_type=\"image.default\">\n\t\t\t\t<div class=\"elementor-widget-container\">\n\t\t\t\t\t\t\t\t\t\t\t\t\t\t\t<img decoding=\"async\" src=\"https:\/\/www.grin.com\/wp-content\/uploads\/elementor\/thumbs\/Early-Bird_Icon_umrandet-qvoox3zrsvcqxixmdf9y8x116ueqfe207s7t7nr2s0.jpg\" title=\"Early Bird_Icon_umrandet\" alt=\"#image_title\" loading=\"lazy\" \/>\t\t\t\t\t\t\t\t\t\t\t\t\t\t\t<\/div>\n\t\t\t\t<\/div>\n\t\t\t\t\t<\/div>\n\t\t<\/div>\n\t\t\t\t<div class=\"elementor-column elementor-col-50 elementor-top-column elementor-element elementor-element-2141b3e\" data-id=\"2141b3e\" data-element_type=\"column\" data-e-type=\"column\">\n\t\t\t<div class=\"elementor-widget-wrap elementor-element-populated\">\n\t\t\t\t\t\t<div class=\"elementor-element elementor-element-33b2bf2 elementor-widget elementor-widget-text-editor\" data-id=\"33b2bf2\" data-element_type=\"widget\" data-e-type=\"widget\" data-widget_type=\"text-editor.default\">\n\t\t\t\t<div class=\"elementor-widget-container\">\n\t\t\t\t\t\t\t\t\t<h2 class=\"small\"><em>Early Bird<\/em><\/h2>\n<p>Tu publies ton texte dans les <strong>six mois<\/strong> suivant sa remise \u00e0 l&rsquo;universit\u00e9.<\/p>\n\t\t\t\t\t\t\t\t<\/div>\n\t\t\t\t<\/div>\n\t\t\t\t\t<\/div>\n\t\t<\/div>\n\t\t\t\t\t<\/div>\n\t\t<\/section>\n\t\t\t\t<section class=\"elementor-section elementor-top-section elementor-element elementor-element-30de83f elementor-section-boxed elementor-section-height-default elementor-section-height-default\" data-id=\"30de83f\" data-element_type=\"section\" data-e-type=\"section\">\n\t\t\t\t\t\t<div class=\"elementor-container elementor-column-gap-default\">\n\t\t\t\t\t<div class=\"elementor-column elementor-col-50 elementor-top-column elementor-element elementor-element-f2c2415\" data-id=\"f2c2415\" data-element_type=\"column\" data-e-type=\"column\">\n\t\t\t<div class=\"elementor-widget-wrap elementor-element-populated\">\n\t\t\t\t\t\t<div class=\"elementor-element elementor-element-5736e32 elementor-widget elementor-widget-image\" data-id=\"5736e32\" data-element_type=\"widget\" data-e-type=\"widget\" data-widget_type=\"image.default\">\n\t\t\t\t<div class=\"elementor-widget-container\">\n\t\t\t\t\t\t\t\t\t\t\t\t\t\t\t<img decoding=\"async\" src=\"https:\/\/www.grin.com\/wp-content\/uploads\/elementor\/thumbs\/Treuebonus_Icon_umrandet-qvoox3zrsvcqxixmdf9y8x116ueqfe207s7t7nr2s0.jpg\" title=\"Treuebonus_Icon_umrandet\" alt=\"#image_title\" loading=\"lazy\" \/>\t\t\t\t\t\t\t\t\t\t\t\t\t\t\t<\/div>\n\t\t\t\t<\/div>\n\t\t\t\t\t<\/div>\n\t\t<\/div>\n\t\t\t\t<div class=\"elementor-column elementor-col-50 elementor-top-column elementor-element elementor-element-9f8e3cc\" data-id=\"9f8e3cc\" data-element_type=\"column\" data-e-type=\"column\">\n\t\t\t<div class=\"elementor-widget-wrap elementor-element-populated\">\n\t\t\t\t\t\t<div class=\"elementor-element elementor-element-f934d23 elementor-widget elementor-widget-text-editor\" data-id=\"f934d23\" data-element_type=\"widget\" data-e-type=\"widget\" data-widget_type=\"text-editor.default\">\n\t\t\t\t<div class=\"elementor-widget-container\">\n\t\t\t\t\t\t\t\t\t<h2 class=\"small\"><em>Bonus de fid\u00e9lit\u00e9<\/em><\/h2>\n<p>Tu publies ton <strong>sixi\u00e8me texte ou plus<\/strong>.<\/p>\n\t\t\t\t\t\t\t\t<\/div>\n\t\t\t\t<\/div>\n\t\t\t\t\t<\/div>\n\t\t<\/div>\n\t\t\t\t\t<\/div>\n\t\t<\/section>\n\t\t\t\t<section class=\"elementor-section elementor-top-section elementor-element elementor-element-03899aa elementor-section-boxed elementor-section-height-default elementor-section-height-default\" data-id=\"03899aa\" data-element_type=\"section\" data-e-type=\"section\">\n\t\t\t\t\t\t<div class=\"elementor-container elementor-column-gap-default\">\n\t\t\t\t\t<div class=\"elementor-column elementor-col-50 elementor-top-column elementor-element elementor-element-f501147\" data-id=\"f501147\" data-element_type=\"column\" data-e-type=\"column\">\n\t\t\t<div class=\"elementor-widget-wrap elementor-element-populated\">\n\t\t\t\t\t\t<div class=\"elementor-element elementor-element-1a448de elementor-widget elementor-widget-image\" data-id=\"1a448de\" data-element_type=\"widget\" data-e-type=\"widget\" data-widget_type=\"image.default\">\n\t\t\t\t<div class=\"elementor-widget-container\">\n\t\t\t\t\t\t\t\t\t\t\t\t\t\t\t<img decoding=\"async\" src=\"https:\/\/www.grin.com\/wp-content\/uploads\/elementor\/thumbs\/English-Boost_Icon_umrandet-qvoox3zrsvcqxixmdf9y8x116ueqfe207s7t7nr2s0.jpg\" title=\"English Boost_Icon_umrandet\" alt=\"#image_title\" loading=\"lazy\" \/>\t\t\t\t\t\t\t\t\t\t\t\t\t\t\t<\/div>\n\t\t\t\t<\/div>\n\t\t\t\t\t<\/div>\n\t\t<\/div>\n\t\t\t\t<div class=\"elementor-column elementor-col-50 elementor-top-column elementor-element elementor-element-5a638c1\" data-id=\"5a638c1\" data-element_type=\"column\" data-e-type=\"column\">\n\t\t\t<div class=\"elementor-widget-wrap elementor-element-populated\">\n\t\t\t\t\t\t<div class=\"elementor-element elementor-element-2e8f775 elementor-widget elementor-widget-text-editor\" data-id=\"2e8f775\" data-element_type=\"widget\" data-e-type=\"widget\" data-widget_type=\"text-editor.default\">\n\t\t\t\t<div class=\"elementor-widget-container\">\n\t\t\t\t\t\t\t\t\t<h2 class=\"small\"><em>English Boost<\/em><\/h2>\n<p>Tu publies un texte <strong>en anglais<\/strong>.<\/p>\n\t\t\t\t\t\t\t\t<\/div>\n\t\t\t\t<\/div>\n\t\t\t\t\t<\/div>\n\t\t<\/div>\n\t\t\t\t\t<\/div>\n\t\t<\/section>\n\t\t\t\t<section class=\"elementor-section elementor-top-section elementor-element elementor-element-cadd782 elementor-section-boxed elementor-section-height-default elementor-section-height-default\" data-id=\"cadd782\" data-element_type=\"section\" data-e-type=\"section\">\n\t\t\t\t\t\t<div class=\"elementor-container elementor-column-gap-default\">\n\t\t\t\t\t<div class=\"elementor-column elementor-col-100 elementor-top-column elementor-element elementor-element-b2b6a53\" data-id=\"b2b6a53\" data-element_type=\"column\" data-e-type=\"column\">\n\t\t\t<div class=\"elementor-widget-wrap elementor-element-populated\">\n\t\t\t\t\t\t<div class=\"elementor-element elementor-element-493763f elementor-widget elementor-widget-text-editor\" data-id=\"493763f\" data-element_type=\"widget\" data-e-type=\"widget\" data-widget_type=\"text-editor.default\">\n\t\t\t\t<div class=\"elementor-widget-container\">\n\t\t\t\t\t\t\t\t\t<p>Les trois options peuvent \u00eatre <strong><em>combin\u00e9es \u00e0 volont\u00e9<\/em><\/strong>. Tu n&rsquo;as rien d&rsquo;autre \u00e0 faire.<\/p><ul><li>Si ton texte remplit les conditions pour obtenir <strong>un bonus<\/strong>, tu recevras automatiquement jusqu&rsquo;\u00e0 <strong>35 %<\/strong> d&rsquo;honoraires.<\/li><li>Si ton texte remplit les conditions pour <strong>deux bonus<\/strong>, tu recevras automatiquement jusqu&rsquo;\u00e0 <strong>40 %<\/strong> d&rsquo;honoraires.<\/li><\/ul>\t\t\t\t\t\t\t\t<\/div>\n\t\t\t\t<\/div>\n\t\t\t\t\t<\/div>\n\t\t<\/div>\n\t\t\t\t\t<\/div>\n\t\t<\/section>\n\t\t\t\t<section class=\"elementor-section elementor-top-section elementor-element elementor-element-43c09af elementor-section-boxed elementor-section-height-default elementor-section-height-default\" data-id=\"43c09af\" data-element_type=\"section\" data-e-type=\"section\">\n\t\t\t\t\t\t<div class=\"elementor-container elementor-column-gap-default\">\n\t\t\t\t\t<div class=\"elementor-column elementor-col-100 elementor-top-column elementor-element elementor-element-cb22206\" data-id=\"cb22206\" data-element_type=\"column\" data-e-type=\"column\">\n\t\t\t<div class=\"elementor-widget-wrap elementor-element-populated\">\n\t\t\t\t\t\t<div class=\"elementor-element elementor-element-130215e elementor-widget elementor-widget-text-editor\" data-id=\"130215e\" data-element_type=\"widget\" data-e-type=\"widget\" data-widget_type=\"text-editor.default\">\n\t\t\t\t<div class=\"elementor-widget-container\">\n\t\t\t\t\t\t\t\t\t<p class=\"MsoNormal\"><strong><span class=\"oypena\"><span style=\"font-family: 'Arial',sans-serif; color: #333333;\">Pourquoi y a-t-il un avantage \u00ab\u00a0early bird\u00a0\u00bb ?<\/span><\/span><\/strong><\/p><ul><li>Nous mettons \u00e0 disposition un choix encore plus large de litt\u00e9rature de recherche actuelle.<\/li><li><em>Ton avantage :<\/em> tu gagnes d\u00e9j\u00e0 quelque chose pendant tes \u00e9tudes et tu partages directement tes connaissances actuelles.<\/li><\/ul><p><strong>Pourquoi y a-t-il l&rsquo;English Boost ?<\/strong><\/p><ul><li>Les \u00e9tudes multilingues sont de plus en plus nombreuses, ce qui fait que GRIN devient encore plus international. En r\u00e9digeant un texte en anglais, tu rends tes connaissances accessibles aux personnes int\u00e9ress\u00e9es dans le monde entier.<\/li><li><em>Ton avantage :<\/em> tu augmentes tes chances de vente, car ton texte peut \u00eatre lu par un public plus large.<\/li><\/ul><p><strong>Pourquoi y a-t-il un bonus de fid\u00e9lit\u00e9 ?<\/strong><\/p><ul><li>Nous tenons \u00e0 te remercier pour ta fid\u00e9lit\u00e9.<\/li><li><em>Ton avantage :<\/em> tu augmentes tes chances de vente, car tu as plusieurs textes dans la boutique qui peuvent susciter de l&rsquo;int\u00e9r\u00eat.<\/li><\/ul>\t\t\t\t\t\t\t\t<\/div>\n\t\t\t\t<\/div>\n\t\t\t\t\t<\/div>\n\t\t<\/div>\n\t\t\t\t\t<\/div>\n\t\t<\/section>\n\t\t\t\t<section class=\"elementor-section elementor-top-section elementor-element elementor-element-76ebeea elementor-section-boxed elementor-section-height-default elementor-section-height-default\" data-id=\"76ebeea\" data-element_type=\"section\" data-e-type=\"section\">\n\t\t\t\t\t\t<div class=\"elementor-container elementor-column-gap-default\">\n\t\t\t\t\t<div class=\"elementor-column elementor-col-100 elementor-top-column elementor-element elementor-element-4554961\" data-id=\"4554961\" data-element_type=\"column\" data-e-type=\"column\">\n\t\t\t<div class=\"elementor-widget-wrap elementor-element-populated\">\n\t\t\t\t\t\t<div class=\"elementor-element elementor-element-9c778fe elementor-align-center elementor-widget elementor-widget-button\" data-id=\"9c778fe\" data-element_type=\"widget\" data-e-type=\"widget\" data-widget_type=\"button.default\">\n\t\t\t\t<div class=\"elementor-widget-container\">\n\t\t\t\t\t\t\t\t\t<div class=\"elementor-button-wrapper\">\n\t\t\t\t\t<a class=\"elementor-button elementor-button-link elementor-size-lg\" href=\"https:\/\/www.grin.com\/submission\/upload\/#\/sign-in\">\n\t\t\t\t\t\t<span class=\"elementor-button-content-wrapper\">\n\t\t\t\t\t\t\t\t\t<span class=\"elementor-button-text\"><b>T\u00e9l\u00e9charger le texte maintenant et obtenir un bonus<\/b><\/span>\n\t\t\t\t\t<\/span>\n\t\t\t\t\t<\/a>\n\t\t\t\t<\/div>\n\t\t\t\t\t\t\t\t<\/div>\n\t\t\t\t<\/div>\n\t\t\t\t\t<\/div>\n\t\t<\/div>\n\t\t\t\t\t<\/div>\n\t\t<\/section>\n\t\t\t\t<section class=\"elementor-section elementor-top-section elementor-element elementor-element-fec8ee6 elementor-section-boxed elementor-section-height-default elementor-section-height-default\" data-id=\"fec8ee6\" data-element_type=\"section\" data-e-type=\"section\">\n\t\t\t\t\t\t<div class=\"elementor-container elementor-column-gap-default\">\n\t\t\t\t\t<div class=\"elementor-column elementor-col-100 elementor-top-column elementor-element elementor-element-e0af359\" data-id=\"e0af359\" data-element_type=\"column\" data-e-type=\"column\">\n\t\t\t<div class=\"elementor-widget-wrap elementor-element-populated\">\n\t\t\t\t\t\t<div class=\"elementor-element elementor-element-a4eddc5 elementor-widget elementor-widget-text-editor\" data-id=\"a4eddc5\" data-element_type=\"widget\" data-e-type=\"widget\" data-widget_type=\"text-editor.default\">\n\t\t\t\t<div class=\"elementor-widget-container\">\n\t\t\t\t\t\t\t\t\t<h2 class=\"small\">Questions fr\u00e9quentes<\/h2><h3 class=\"small\">Est-ce que je dois faire quelque chose lorsque je t\u00e9l\u00e9charge mon texte ou est-ce que je re\u00e7ois mon bonus automatiquement ?<\/h3><p>Tu n&rsquo;as rien \u00e0 faire pour recevoir ton bonus d&rsquo;honoraires. Notre \u00e9quipe de r\u00e9daction s&rsquo;occupe de tout.<\/p><h3 class=\"small\">Que se passe-t-il si je remplis les conditions pour les trois bonus ? Est-ce que je recevrai plus ?<\/h3><p>Non, tu peux atteindre <strong>un maximum de 40 %<\/strong>, c&rsquo;est-\u00e0-dire combiner deux bonus de ton choix.<\/p><h3 class=\"small\">Le bonus d&rsquo;honoraires s&rsquo;applique-t-il \u00e9galement aux ventes de livres ?<\/h3><p>Oui, tu peux augmenter tes <a href=\"https:\/\/www.grin.com\/fr\/honoraires-dauteur\/#:~:text=Honorar%20auf%20Buchverk%C3%A4ufe\">honoraires sur les ventes de livres<\/a> \u00e0 <strong>20%<\/strong> avec les bonus.<\/p><h3 class=\"small\">Quand vais-je recevoir mes honoraires ?<\/h3><p>Ton d\u00e9compte d&rsquo;honoraires se fait <strong>comme d&rsquo;habitude tous les trimestres<\/strong>. Tu re\u00e7ois le d\u00e9compte par e-mail environ <strong>six semaines apr\u00e8s la fin du trimestre<\/strong> ; toutes tes ventes y sont d\u00e9taill\u00e9es. Tu trouveras plus d&rsquo;informations sur tous les th\u00e8mes li\u00e9s aux honoraires <a href=\"https:\/\/support.grin.com\/de\/collections\/4698595-vertrag-und-honorar-author-s-contract-and-fees\" target=\"_blank\" rel=\"noopener\">dans notre FAQ<\/a>.<\/p><h3 class=\"small\">Mon bonus expire-t-il r\u00e9troactivement si la condition n&rsquo;est plus remplie ?<\/h3><p>Une fois tes textes publi\u00e9s, ton bonus de fid\u00e9lit\u00e9 et ton bonus early bird <strong>ne peuvent plus \u00eatre supprim\u00e9s<\/strong>.<\/p>\t\t\t\t\t\t\t\t<\/div>\n\t\t\t\t<\/div>\n\t\t\t\t\t<\/div>\n\t\t<\/div>\n\t\t\t\t\t<\/div>\n\t\t<\/section>\n\t\t\t\t<section class=\"elementor-section elementor-top-section elementor-element elementor-element-3a329ba elementor-section-boxed elementor-section-height-default elementor-section-height-default\" data-id=\"3a329ba\" data-element_type=\"section\" data-e-type=\"section\">\n\t\t\t\t\t\t<div class=\"elementor-container elementor-column-gap-default\">\n\t\t\t\t\t<div class=\"elementor-column elementor-col-100 elementor-top-column elementor-element elementor-element-eaff56e\" data-id=\"eaff56e\" data-element_type=\"column\" data-e-type=\"column\">\n\t\t\t<div class=\"elementor-widget-wrap elementor-element-populated\">\n\t\t\t\t\t\t<div class=\"elementor-element elementor-element-b2f45b3 elementor-widget elementor-widget-text-editor\" data-id=\"b2f45b3\" data-element_type=\"widget\" data-e-type=\"widget\" data-widget_type=\"text-editor.default\">\n\t\t\t\t<div class=\"elementor-widget-container\">\n\t\t\t\t\t\t\t\t\t<p><strong>D\u2019ailleurs&#8230;<\/strong><\/p><p><span class=\"ui-provider a b c d e f g h i j k l m n o p q r s t u v w x y z ab ac ae af ag ah ai aj ak\" dir=\"ltr\">En cliquant sur le lien<\/span> <a href=\"https:\/\/www.grin.com\/login\/#account\/partner-program\">dans ton profil d&rsquo;auteur(e)<\/a><span class=\"ui-provider a b c d e f g h i j k l m n o p q r s t u v w x y z ab ac ae af ag ah ai aj ak\" dir=\"ltr\">, tu peux \u00e9galement faire de la publicit\u00e9 pour tes propres livres. Pour chaque texte vendu, tu re\u00e7ois <strong>une commission de 5 %<\/strong> !<\/span><\/p>\t\t\t\t\t\t\t\t<\/div>\n\t\t\t\t<\/div>\n\t\t\t\t\t<\/div>\n\t\t<\/div>\n\t\t\t\t\t<\/div>\n\t\t<\/section>\n\t\t\t\t<section class=\"elementor-section elementor-top-section elementor-element elementor-element-39c1012 elementor-section-boxed elementor-section-height-default elementor-section-height-default\" data-id=\"39c1012\" data-element_type=\"section\" data-e-type=\"section\">\n\t\t\t\t\t\t<div class=\"elementor-container elementor-column-gap-default\">\n\t\t\t\t\t<div class=\"elementor-column elementor-col-100 elementor-top-column elementor-element elementor-element-9cadcc2\" data-id=\"9cadcc2\" data-element_type=\"column\" data-e-type=\"column\">\n\t\t\t<div class=\"elementor-widget-wrap elementor-element-populated\">\n\t\t\t\t\t\t<div class=\"elementor-element elementor-element-4c30c3c elementor-widget elementor-widget-text-editor\" data-id=\"4c30c3c\" data-element_type=\"widget\" data-e-type=\"widget\" data-widget_type=\"text-editor.default\">\n\t\t\t\t<div class=\"elementor-widget-container\">\n\t\t\t\t\t\t\t\t\t<p class=\"small\">* S&rsquo;applique \u00e0 la vente d&rsquo;un e-book via nos propres sites web (grin.com, hausarbeiten.de, diplomarbeiten24.de, unterweisungen.de). Tu trouveras plus d&rsquo;informations ici : <a href=\"https:\/\/www.grin.com\/fr\/honoraires-dauteur\/\">https:\/\/www.grin.com\/fr\/honoraires-dauteur\/<\/a>  <\/p>\n\t\t\t\t\t\t\t\t<\/div>\n\t\t\t\t<\/div>\n\t\t\t\t\t<\/div>\n\t\t<\/div>\n\t\t\t\t\t<\/div>\n\t\t<\/section>\n\t\t\t\t<\/div>\n\t\t","protected":false},"excerpt":{"rendered":"<p>Assure ton bonus d&rsquo;honoraires Gagne jusqu&rsquo;\u00e0 40% sur chaque vente de tes e-books ! T\u00e9l\u00e9charger le texte maintenant C&rsquo;est ainsi que tes honoraires augmentent : En principe, tu re\u00e7ois des honoraires de base de 30 %* sur la vente d&rsquo;un e-book.Une ou plusieurs des trois options suivantes permettent d&rsquo;augmenter tes honoraires jusqu&rsquo;\u00e0 10 % suppl\u00e9mentaires [&hellip;]<\/p>\n","protected":false},"author":20,"featured_media":0,"parent":0,"menu_order":0,"comment_status":"closed","ping_status":"closed","template":"","meta":{"_acf_changed":false,"_lmt_disableupdate":"","_lmt_disable":"","footnotes":""},"class_list":["post-40115","page","type-page","status-publish","hentry"],"acf":[],"_links":{"self":[{"href":"https:\/\/www.grin.com\/fr\/wp-json\/wp\/v2\/pages\/40115","targetHints":{"allow":["GET"]}}],"collection":[{"href":"https:\/\/www.grin.com\/fr\/wp-json\/wp\/v2\/pages"}],"about":[{"href":"https:\/\/www.grin.com\/fr\/wp-json\/wp\/v2\/types\/page"}],"author":[{"embeddable":true,"href":"https:\/\/www.grin.com\/fr\/wp-json\/wp\/v2\/users\/20"}],"replies":[{"embeddable":true,"href":"https:\/\/www.grin.com\/fr\/wp-json\/wp\/v2\/comments?post=40115"}],"version-history":[{"count":7,"href":"https:\/\/www.grin.com\/fr\/wp-json\/wp\/v2\/pages\/40115\/revisions"}],"predecessor-version":[{"id":40122,"href":"https:\/\/www.grin.com\/fr\/wp-json\/wp\/v2\/pages\/40115\/revisions\/40122"}],"wp:attachment":[{"href":"https:\/\/www.grin.com\/fr\/wp-json\/wp\/v2\/media?parent=40115"}],"curies":[{"name":"wp","href":"https:\/\/api.w.org\/{rel}","templated":true}]}}