{"id":8377,"date":"2021-01-24T12:10:08","date_gmt":"2021-01-24T11:10:08","guid":{"rendered":"https:\/\/www.grin.com\/mentions-legales\/"},"modified":"2025-09-30T10:31:38","modified_gmt":"2025-09-30T08:31:38","slug":"mentions-legales","status":"publish","type":"page","link":"https:\/\/www.grin.com\/fr\/mentions-legales\/","title":{"rendered":"Mentions l\u00e9gales"},"content":{"rendered":"\t\t<div data-elementor-type=\"wp-page\" data-elementor-id=\"8377\" class=\"elementor elementor-8377 elementor-3936\" data-elementor-post-type=\"page\">\n\t\t\t\t\t\t<section class=\"elementor-section elementor-top-section elementor-element elementor-element-c41725d elementor-section-boxed elementor-section-height-default elementor-section-height-default\" data-id=\"c41725d\" data-element_type=\"section\" data-e-type=\"section\">\n\t\t\t\t\t\t<div class=\"elementor-container elementor-column-gap-default\">\n\t\t\t\t\t<div class=\"elementor-column elementor-col-100 elementor-top-column elementor-element elementor-element-77d4507\" data-id=\"77d4507\" data-element_type=\"column\" data-e-type=\"column\">\n\t\t\t<div class=\"elementor-widget-wrap elementor-element-populated\">\n\t\t\t\t\t\t<div class=\"elementor-element elementor-element-8b2d4c7 elementor-widget elementor-widget-text-editor\" data-id=\"8b2d4c7\" data-element_type=\"widget\" data-e-type=\"widget\" data-widget_type=\"text-editor.default\">\n\t\t\t\t<div class=\"elementor-widget-container\">\n\t\t\t\t\t\t\t\t\t<h1>Mentions l\u00e9gales<\/h1>\n\t\t\t\t\t\t\t\t<\/div>\n\t\t\t\t<\/div>\n\t\t\t\t\t<\/div>\n\t\t<\/div>\n\t\t\t\t\t<\/div>\n\t\t<\/section>\n\t\t\t\t<section class=\"elementor-section elementor-top-section elementor-element elementor-element-bd1fe54 elementor-section-boxed elementor-section-height-default elementor-section-height-default\" data-id=\"bd1fe54\" data-element_type=\"section\" data-e-type=\"section\">\n\t\t\t\t\t\t<div class=\"elementor-container elementor-column-gap-default\">\n\t\t\t\t\t<div class=\"elementor-column elementor-col-100 elementor-top-column elementor-element elementor-element-ad54e37\" data-id=\"ad54e37\" data-element_type=\"column\" data-e-type=\"column\">\n\t\t\t<div class=\"elementor-widget-wrap elementor-element-populated\">\n\t\t\t\t\t\t<div class=\"elementor-element elementor-element-df9d779 elementor-widget elementor-widget-text-editor\" data-id=\"df9d779\" data-element_type=\"widget\" data-e-type=\"widget\" data-widget_type=\"text-editor.default\">\n\t\t\t\t<div class=\"elementor-widget-container\">\n\t\t\t\t\t\t\t\t\t<h2 class=\"small\">GRIN Publishing GmbH<\/h2><p><strong>Si\u00e8ge \u00e0 Munich<\/strong><br \/>Waltherstra\u00dfe 23<br \/>80337 Munich<br \/>Allemagne<\/p><p><strong>Assistance t\u00e9l\u00e9phonique et contact pour la s\u00e9curit\u00e9 des produits <br \/><\/strong><br \/>Du lundi au jeudi<br \/>10 h &#8211; 13 h et 14 h &#8211; 17 h<\/p><p>Vendredi<br \/>10 h &#8211; 13 h et 14 h &#8211; 16 h<\/p><p>T\u00e9l.: +49 (0) 89-550559-0<\/p><p><strong>Contact e-mail<\/strong><br \/>info@grin.com<\/p><p><strong>Libraires<\/strong><br \/>Les commandes de livres par les \u00e9diteurs ne sont pas possibles. Veuillez commander directement aupr\u00e8s de Libri ou de Books on Demand (www.bod.de) ou d&rsquo;Ingram. Vous y recevrez les conditions habituelles de la librairie. Vous trouvez <a href=\"https:\/\/www.grin.com\/fr\/sur-grin\/partenaires\/partenaires-commerciaux\/\">ici<\/a> un aper\u00e7u de nos partenaires commerciaux.<\/p><p><strong>Directeur g\u00e9n\u00e9ral<\/strong><br \/>Kirsten-J. S\u00f6rries, PDG<br \/>Dr. Julius Mittenzwei, CTO<\/p><p><strong>TVA Num\u00e9ro d\u2019identification<\/strong><br \/>DE212031523<\/p><p><strong>Tribunal d&rsquo;instance de Munich<\/strong><br \/>HRB 175803<\/p><p><strong>R\u00e8glement des litiges en ligne<\/strong><br \/>Conform\u00e9ment \u00e0 l\u2019article 14, paragraphe 1 ODR-VO: La Commission europ\u00e9enne met \u00e0 disposition une plateforme de r\u00e8glement des litiges en ligne (RLL) que vous trouvez sous http:\/\/ec.europa.eu\/consumers\/odr\/.<\/p><p>Nous ne participons pas aux proc\u00e9dures de r\u00e8glement des litiges devant une commission d&rsquo;arbitrage des consommateurs et ne sommes pas oblig\u00e9s de le faire.<\/p><p><strong>Exploration de texte et de donn\u00e9es<\/strong><\/p><p>Les fournisseurs de services se r\u00e9servent express\u00e9ment le droit d&rsquo;utiliser leurs contenus pour l&rsquo;exploration commerciale de textes et de donn\u00e9es au sens de l&rsquo;article 44b <span class=\"ui-provider a b c d e f g h i j k l m n o p q r s t u v w x y z ab ac ae af ag ah ai aj ak\" dir=\"ltr\">UrhG <\/span>de la loi sur la propri\u00e9t\u00e9 intellectuelle.<\/p>\t\t\t\t\t\t\t\t<\/div>\n\t\t\t\t<\/div>\n\t\t\t\t\t<\/div>\n\t\t<\/div>\n\t\t\t\t\t<\/div>\n\t\t<\/section>\n\t\t\t\t<section class=\"elementor-section elementor-top-section elementor-element elementor-element-7bd3e11 elementor-section-boxed elementor-section-height-default elementor-section-height-default\" data-id=\"7bd3e11\" data-element_type=\"section\" data-e-type=\"section\">\n\t\t\t\t\t\t<div class=\"elementor-container elementor-column-gap-default\">\n\t\t\t\t\t<div class=\"elementor-column elementor-col-100 elementor-top-column elementor-element elementor-element-984e6c0\" data-id=\"984e6c0\" data-element_type=\"column\" data-e-type=\"column\">\n\t\t\t<div class=\"elementor-widget-wrap elementor-element-populated\">\n\t\t\t\t\t\t<div class=\"elementor-element elementor-element-1ff3bff elementor-widget elementor-widget-text-editor\" data-id=\"1ff3bff\" data-element_type=\"widget\" data-e-type=\"widget\" data-widget_type=\"text-editor.default\">\n\t\t\t\t<div class=\"elementor-widget-container\">\n\t\t\t\t\t\t\t\t\t<h2 class=\"small\">Publicit\u00e9<\/h2><p>Adresse de contact pour les demandes de publicit\u00e9 et le parrainage\/ sponsoring<\/p><p><strong>netpoint media gmbh<\/strong> <br \/>Rheinallee 60<br \/>55283 Nierstein<\/p><p>T\u00e9l\u00e9phone: +49 (0) 6133.57.97.70<\/p><p>E-mail: <a href=\"mailto:media@netpoint-media.de\">media@netpoint-media.de<\/a><br \/>Web: <a href=\"http:\/\/www.netpoint-media.de\" target=\"_blank\" rel=\"noopener\">www.netpoint-media.de<\/a><\/p>\t\t\t\t\t\t\t\t<\/div>\n\t\t\t\t<\/div>\n\t\t\t\t\t<\/div>\n\t\t<\/div>\n\t\t\t\t\t<\/div>\n\t\t<\/section>\n\t\t\t\t<\/div>\n\t\t","protected":false},"excerpt":{"rendered":"<p>Mentions l\u00e9gales GRIN Publishing GmbH Si\u00e8ge \u00e0 MunichWaltherstra\u00dfe 2380337 MunichAllemagne Assistance t\u00e9l\u00e9phonique et contact pour la s\u00e9curit\u00e9 des produits Du lundi au jeudi10 h &#8211; 13 h et 14 h &#8211; 17 h Vendredi10 h &#8211; 13 h et 14 h &#8211; 16 h T\u00e9l.: +49 (0) 89-550559-0 Contact e-mailinfo@grin.com LibrairesLes commandes de livres par [&hellip;]<\/p>\n","protected":false},"author":17,"featured_media":0,"parent":0,"menu_order":0,"comment_status":"closed","ping_status":"closed","template":"","meta":{"_acf_changed":false,"_lmt_disableupdate":"","_lmt_disable":"","footnotes":""},"class_list":["post-8377","page","type-page","status-publish","hentry"],"acf":[],"_links":{"self":[{"href":"https:\/\/www.grin.com\/fr\/wp-json\/wp\/v2\/pages\/8377","targetHints":{"allow":["GET"]}}],"collection":[{"href":"https:\/\/www.grin.com\/fr\/wp-json\/wp\/v2\/pages"}],"about":[{"href":"https:\/\/www.grin.com\/fr\/wp-json\/wp\/v2\/types\/page"}],"author":[{"embeddable":true,"href":"https:\/\/www.grin.com\/fr\/wp-json\/wp\/v2\/users\/17"}],"replies":[{"embeddable":true,"href":"https:\/\/www.grin.com\/fr\/wp-json\/wp\/v2\/comments?post=8377"}],"version-history":[{"count":37,"href":"https:\/\/www.grin.com\/fr\/wp-json\/wp\/v2\/pages\/8377\/revisions"}],"predecessor-version":[{"id":47824,"href":"https:\/\/www.grin.com\/fr\/wp-json\/wp\/v2\/pages\/8377\/revisions\/47824"}],"wp:attachment":[{"href":"https:\/\/www.grin.com\/fr\/wp-json\/wp\/v2\/media?parent=8377"}],"curies":[{"name":"wp","href":"https:\/\/api.w.org\/{rel}","templated":true}]}}