{"id":8380,"date":"2021-01-24T12:10:49","date_gmt":"2021-01-24T11:10:49","guid":{"rendered":"https:\/\/www.grin.com\/conditions-de-participation\/"},"modified":"2021-03-01T13:57:12","modified_gmt":"2021-03-01T12:57:12","slug":"conditions-de-participation","status":"publish","type":"page","link":"https:\/\/www.grin.com\/fr\/conditions-de-participation\/","title":{"rendered":"Conditions de participation"},"content":{"rendered":"\t\t<div data-elementor-type=\"wp-page\" data-elementor-id=\"8380\" class=\"elementor elementor-8380 elementor-3731\" data-elementor-post-type=\"page\">\n\t\t\t\t\t\t<section class=\"elementor-section elementor-top-section elementor-element elementor-element-deca6df elementor-section-boxed elementor-section-height-default elementor-section-height-default\" data-id=\"deca6df\" data-element_type=\"section\" data-e-type=\"section\">\n\t\t\t\t\t\t<div class=\"elementor-container elementor-column-gap-default\">\n\t\t\t\t\t<div class=\"elementor-column elementor-col-100 elementor-top-column elementor-element elementor-element-f3e15b7\" data-id=\"f3e15b7\" data-element_type=\"column\" data-e-type=\"column\">\n\t\t\t<div class=\"elementor-widget-wrap elementor-element-populated\">\n\t\t\t\t\t\t<div class=\"elementor-element elementor-element-9336197 elementor-widget elementor-widget-text-editor\" data-id=\"9336197\" data-element_type=\"widget\" data-e-type=\"widget\" data-widget_type=\"text-editor.default\">\n\t\t\t\t<div class=\"elementor-widget-container\">\n\t\t\t\t\t\t\t\t\t<h1>Conditions de participation \u00e0 nos tirages au sort<\/h1>\n\t\t\t\t\t\t\t\t<\/div>\n\t\t\t\t<\/div>\n\t\t\t\t\t<\/div>\n\t\t<\/div>\n\t\t\t\t\t<\/div>\n\t\t<\/section>\n\t\t\t\t<section class=\"elementor-section elementor-top-section elementor-element elementor-element-cee1a78 elementor-section-boxed elementor-section-height-default elementor-section-height-default\" data-id=\"cee1a78\" data-element_type=\"section\" data-e-type=\"section\">\n\t\t\t\t\t\t<div class=\"elementor-container elementor-column-gap-default\">\n\t\t\t\t\t<div class=\"elementor-column elementor-col-100 elementor-top-column elementor-element elementor-element-2c275d0\" data-id=\"2c275d0\" data-element_type=\"column\" data-e-type=\"column\">\n\t\t\t<div class=\"elementor-widget-wrap elementor-element-populated\">\n\t\t\t\t\t\t<div class=\"elementor-element elementor-element-49edaf5 elementor-widget elementor-widget-button\" data-id=\"49edaf5\" data-element_type=\"widget\" data-e-type=\"widget\" data-widget_type=\"button.default\">\n\t\t\t\t<div class=\"elementor-widget-container\">\n\t\t\t\t\t\t\t\t\t<div class=\"elementor-button-wrapper\">\n\t\t\t\t\t<a class=\"elementor-button elementor-button-link elementor-size-lg\" href=\"https:\/\/www.grin.com\/wp-content\/uploads\/2019\/12\/teilnahmebedingungen.pdf\">\n\t\t\t\t\t\t<span class=\"elementor-button-content-wrapper\">\n\t\t\t\t\t\t\t\t\t<span class=\"elementor-button-text\">T\u00e9l\u00e9charger les conditions de participation<\/span>\n\t\t\t\t\t<\/span>\n\t\t\t\t\t<\/a>\n\t\t\t\t<\/div>\n\t\t\t\t\t\t\t\t<\/div>\n\t\t\t\t<\/div>\n\t\t\t\t\t<\/div>\n\t\t<\/div>\n\t\t\t\t\t<\/div>\n\t\t<\/section>\n\t\t\t\t<section class=\"elementor-section elementor-top-section elementor-element elementor-element-599aee7 elementor-section-boxed elementor-section-height-default elementor-section-height-default\" data-id=\"599aee7\" data-element_type=\"section\" data-e-type=\"section\">\n\t\t\t\t\t\t<div class=\"elementor-container elementor-column-gap-default\">\n\t\t\t\t\t<div class=\"elementor-column elementor-col-100 elementor-top-column elementor-element elementor-element-6eb8f94\" data-id=\"6eb8f94\" data-element_type=\"column\" data-e-type=\"column\">\n\t\t\t<div class=\"elementor-widget-wrap elementor-element-populated\">\n\t\t\t\t\t\t<div class=\"elementor-element elementor-element-66fe48a elementor-widget elementor-widget-text-editor\" data-id=\"66fe48a\" data-element_type=\"widget\" data-e-type=\"widget\" data-widget_type=\"text-editor.default\">\n\t\t\t\t<div class=\"elementor-widget-container\">\n\t\t\t\t\t\t\t\t\t<p>L\u2019organisateur des tirages au sort est uniquement l&rsquo;\u00e9diteur GRIN. Le destinataire des informations fournies par les participants est l\u2019\u00e9diteur mentionn\u00e9 ci-dessus.<\/p>\n<p>Dans le cadre de ces tirages au sort, nous, en tant que responsable de la protection des donn\u00e9es, collectons vos donn\u00e9es aux fins de l&rsquo;administration de ces tirages au sort. Pour cela, le traitement de votre nom et de votre adresse e-mail est n\u00e9cessaire. Pour cela, nous contacterons les gagnants par message priv\u00e9 via e-mail. Le prix sera mis \u00e0 disposition par e-mail ou par courrier. Nous traitons vos donn\u00e9es sur la base de l\u2019art. 6 par.1 lit. a RGPD dans le cadre du consentement que vous avez donn\u00e9, qui est en accord avec votre r\u00e9ponse active \u00e0 la question du jeu-concours. Il n\u2019y a pas de traitement de donn\u00e9es au-del\u00e0 de l\u2019ex\u00e9cution du contrat d\u2019\u00e9dition.<\/p>\n<p>Vos donn\u00e9es seront effac\u00e9es avec la suppression des finalit\u00e9s du traitement, \u00e0 condition que nous ne soyons pas li\u00e9s par des d\u00e9lais de conservation l\u00e9gaux (par exemple, la l\u00e9gislation fiscale dans le cas du gagnant). Dans le cadre de l\u2019annonce du tirage au sort, nous vous informons sur les conditions de participation, ainsi que sur les d\u00e9tails du traitement des donn\u00e9es dans la pr\u00e9sente politique de confidentialit\u00e9. Votre consentement peut \u00eatre r\u00e9voqu\u00e9 \u00e0 tout moment par e-mail \u00e0 info@grin.com. Cependant, vous ne pouvez plus participer au tirage au sort.<\/p>\n<p>Veuillez adresser vos questions, commentaires ou plaintes concernant les tirages aux sorts exclusivement \u00e0 l&rsquo;\u00e9diteur GRIN.<\/p>\n<p>Seules les personnes physiques sont autoris\u00e9es \u00e0 participer. Les participants doivent participer en personne. S&rsquo;il y a le moindre soup\u00e7on que des programmes auxiliaires ou autres ont \u00e9t\u00e9 utilis\u00e9s, l&rsquo;\u00e9diteur se r\u00e9serve le droit d\u2019exclure les participants de la participation. Les repr\u00e9sentants l\u00e9gaux et les employ\u00e9s de l&rsquo;\u00e9diteur, les commer\u00e7ants et les distributeurs ainsi que toutes les personnes impliqu\u00e9es dans la r\u00e9alisation du tirage au sort et \u00e9galement les membres de la famille des personnes mentionn\u00e9es pr\u00e9c\u00e9demment, sont exclus de la participation.<\/p>\n\t\t\t\t\t\t\t\t<\/div>\n\t\t\t\t<\/div>\n\t\t\t\t\t<\/div>\n\t\t<\/div>\n\t\t\t\t\t<\/div>\n\t\t<\/section>\n\t\t\t\t<section class=\"elementor-section elementor-top-section elementor-element elementor-element-b3451da elementor-section-boxed elementor-section-height-default elementor-section-height-default\" data-id=\"b3451da\" data-element_type=\"section\" data-e-type=\"section\">\n\t\t\t\t\t\t<div class=\"elementor-container elementor-column-gap-default\">\n\t\t\t\t\t<div class=\"elementor-column elementor-col-100 elementor-top-column elementor-element elementor-element-41eb757\" data-id=\"41eb757\" data-element_type=\"column\" data-e-type=\"column\">\n\t\t\t<div class=\"elementor-widget-wrap elementor-element-populated\">\n\t\t\t\t\t\t<div class=\"elementor-element elementor-element-0e453ff elementor-widget elementor-widget-global elementor-global-8702 elementor-global-921 elementor-widget-grin-share-widget\" data-id=\"0e453ff\" data-element_type=\"widget\" data-e-type=\"widget\" data-widget_type=\"grin-share-widget.default\">\n\t\t\t\t<div class=\"elementor-widget-container\">\n\t\t\t\t\t<div class=\"share\">\n    <div class=\"footer-logo\"><\/div>\n    <div class=\"share-icons\">\n        <div class=\"shariff\" data-backend-url=\"null\" data-button-style=\"icon\" data-mail-url=\"mailto:\" data-services=\"[&quot;twitter&quot;,&quot;facebook&quot;,&quot;mail&quot;,&quot;whatsapp&quot;,&quot;linkedin&quot;]\"><\/div>\n        <div class=\"share-icon\"><a href=\"https:\/\/www.instagram.com\/grin_verlag\/\" target=\"_blank\" class=\"instagram\" rel=\"noopener\">Zu Instagram<\/a><\/div>\n    <\/div>\n<\/div>\t\t\t\t<\/div>\n\t\t\t\t<\/div>\n\t\t\t\t\t<\/div>\n\t\t<\/div>\n\t\t\t\t\t<\/div>\n\t\t<\/section>\n\t\t\t\t<\/div>\n\t\t","protected":false},"excerpt":{"rendered":"<p>Conditions de participation \u00e0 nos tirages au sort T\u00e9l\u00e9charger les conditions de participation L\u2019organisateur des tirages au sort est uniquement l&rsquo;\u00e9diteur GRIN. Le destinataire des informations fournies par les participants est l\u2019\u00e9diteur mentionn\u00e9 ci-dessus. Dans le cadre de ces tirages au sort, nous, en tant que responsable de la protection des donn\u00e9es, collectons vos donn\u00e9es [&hellip;]<\/p>\n","protected":false},"author":17,"featured_media":0,"parent":0,"menu_order":0,"comment_status":"closed","ping_status":"closed","template":"","meta":{"_acf_changed":false,"_lmt_disableupdate":"","_lmt_disable":"","footnotes":""},"class_list":["post-8380","page","type-page","status-publish","hentry"],"acf":[],"_links":{"self":[{"href":"https:\/\/www.grin.com\/fr\/wp-json\/wp\/v2\/pages\/8380","targetHints":{"allow":["GET"]}}],"collection":[{"href":"https:\/\/www.grin.com\/fr\/wp-json\/wp\/v2\/pages"}],"about":[{"href":"https:\/\/www.grin.com\/fr\/wp-json\/wp\/v2\/types\/page"}],"author":[{"embeddable":true,"href":"https:\/\/www.grin.com\/fr\/wp-json\/wp\/v2\/users\/17"}],"replies":[{"embeddable":true,"href":"https:\/\/www.grin.com\/fr\/wp-json\/wp\/v2\/comments?post=8380"}],"version-history":[{"count":7,"href":"https:\/\/www.grin.com\/fr\/wp-json\/wp\/v2\/pages\/8380\/revisions"}],"predecessor-version":[{"id":11725,"href":"https:\/\/www.grin.com\/fr\/wp-json\/wp\/v2\/pages\/8380\/revisions\/11725"}],"wp:attachment":[{"href":"https:\/\/www.grin.com\/fr\/wp-json\/wp\/v2\/media?parent=8380"}],"curies":[{"name":"wp","href":"https:\/\/api.w.org\/{rel}","templated":true}]}}