{"id":8417,"date":"2021-01-28T15:33:12","date_gmt":"2021-01-28T14:33:12","guid":{"rendered":"https:\/\/www.grin.com\/entreprises-partenaires\/"},"modified":"2021-03-16T13:45:16","modified_gmt":"2021-03-16T12:45:16","slug":"entreprises-partenaires","status":"publish","type":"page","link":"https:\/\/www.grin.com\/fr\/entreprises-partenaires\/","title":{"rendered":"Entreprises partenaires"},"content":{"rendered":"\t\t<div data-elementor-type=\"wp-page\" data-elementor-id=\"8417\" class=\"elementor elementor-8417 elementor-3533\" data-elementor-post-type=\"page\">\n\t\t\t\t\t\t<section class=\"elementor-section elementor-top-section elementor-element elementor-element-90c17dd elementor-section-boxed elementor-section-height-default elementor-section-height-default\" data-id=\"90c17dd\" data-element_type=\"section\" data-e-type=\"section\">\n\t\t\t\t\t\t<div class=\"elementor-container elementor-column-gap-default\">\n\t\t\t\t\t<div class=\"elementor-column elementor-col-100 elementor-top-column elementor-element elementor-element-fc80884\" data-id=\"fc80884\" data-element_type=\"column\" data-e-type=\"column\">\n\t\t\t<div class=\"elementor-widget-wrap elementor-element-populated\">\n\t\t\t\t\t\t<div class=\"elementor-element elementor-element-efee6f0 elementor-widget elementor-widget-text-editor\" data-id=\"efee6f0\" data-element_type=\"widget\" data-e-type=\"widget\" data-widget_type=\"text-editor.default\">\n\t\t\t\t<div class=\"elementor-widget-container\">\n\t\t\t\t\t\t\t\t\t<h1 class=\"large\">Entreprises partenaires<\/h1>\n\t\t\t\t\t\t\t\t<\/div>\n\t\t\t\t<\/div>\n\t\t\t\t\t<\/div>\n\t\t<\/div>\n\t\t\t\t\t<\/div>\n\t\t<\/section>\n\t\t\t\t<section class=\"elementor-section elementor-top-section elementor-element elementor-element-7140231 elementor-section-boxed elementor-section-height-default elementor-section-height-default\" data-id=\"7140231\" data-element_type=\"section\" data-e-type=\"section\">\n\t\t\t\t\t\t<div class=\"elementor-container elementor-column-gap-default\">\n\t\t\t\t\t<div class=\"elementor-column elementor-col-100 elementor-top-column elementor-element elementor-element-20ef87c\" data-id=\"20ef87c\" data-element_type=\"column\" data-e-type=\"column\">\n\t\t\t<div class=\"elementor-widget-wrap elementor-element-populated\">\n\t\t\t\t\t\t<div class=\"elementor-element elementor-element-6f44807 elementor-widget elementor-widget-text-editor\" data-id=\"6f44807\" data-element_type=\"widget\" data-e-type=\"widget\" data-widget_type=\"text-editor.default\">\n\t\t\t\t<div class=\"elementor-widget-container\">\n\t\t\t\t\t\t\t\t\t<p>D\u00e9couvrez les entreprises partenaires GRIN :<\/p>\n<ul>\n<li>Quelles sont les entreprises actives dans mon domaine?<\/li>\n<li>Quelles sont les valeurs d\u00e9fendues par les entreprises ?<\/li>\n<li>\u00c0 quoi puis-je m&rsquo;attendre dans mon nouvel job ?<\/li>\n<li>Qui offre des bourses d&rsquo;\u00e9tudes ?<\/li>\n<li>Dans quelle entreprise puis-je r\u00e9diger ma th\u00e8se ?<\/li>\n<li>Quelles sont les possibilit\u00e9s d\u2019entr\u00e9e pour les \u00e9tudiants et les jeunes professionnels ?<\/li>\n<\/ul>\n<p>Vous trouvez ici les faits les plus importants et vous pouvez jeter un coup d\u2019oeil dans les coulisses. Nos entreprises partenaires de GRIN publient \u00e9galement r\u00e9guli\u00e8rement des annonces de stages, de volontariats, de programmes de formation et de postes permanents dans diff\u00e9rents domaines.<\/p>\n\t\t\t\t\t\t\t\t<\/div>\n\t\t\t\t<\/div>\n\t\t\t\t\t<\/div>\n\t\t<\/div>\n\t\t\t\t\t<\/div>\n\t\t<\/section>\n\t\t\t\t<section class=\"elementor-section elementor-top-section elementor-element elementor-element-d2a5507 elementor-section-boxed elementor-section-height-default elementor-section-height-default\" data-id=\"d2a5507\" data-element_type=\"section\" data-e-type=\"section\">\n\t\t\t\t\t\t<div class=\"elementor-container elementor-column-gap-default\">\n\t\t\t\t\t<div class=\"elementor-column elementor-col-50 elementor-top-column elementor-element elementor-element-3e53978\" data-id=\"3e53978\" data-element_type=\"column\" data-e-type=\"column\">\n\t\t\t<div class=\"elementor-widget-wrap elementor-element-populated\">\n\t\t\t\t\t\t<div class=\"elementor-element elementor-element-2f5b241 elementor-widget elementor-widget-grin-audience-widget\" data-id=\"2f5b241\" data-element_type=\"widget\" data-e-type=\"widget\" data-widget_type=\"grin-audience-widget.default\">\n\t\t\t\t<div class=\"elementor-widget-container\">\n\t\t\t\t\t<div class=\"whitebox audience\" style=\"background:\">\r\n    <div class=\"image-container\"><img decoding=\"async\" width=\"1110\" height=\"530\" src=\"https:\/\/www.grin.com\/wp-content\/uploads\/2020\/12\/bilandia_Teaserbild.png\" class=\"attachment-full size-full\" alt=\"Logo Bilandia\" srcset=\"https:\/\/www.grin.com\/wp-content\/uploads\/2020\/12\/bilandia_Teaserbild.png 1110w, https:\/\/www.grin.com\/wp-content\/uploads\/2020\/12\/bilandia_Teaserbild-300x143.png 300w, https:\/\/www.grin.com\/wp-content\/uploads\/2020\/12\/bilandia_Teaserbild-1024x489.png 1024w, https:\/\/www.grin.com\/wp-content\/uploads\/2020\/12\/bilandia_Teaserbild-768x367.png 768w\" sizes=\"(max-width: 1110px) 100vw, 1110px\" title=\"\"><\/div>\r\n    <div class=\"contentarea\">\r\n        \r\n        <h2 class=\"small\"><a href=\"https:\/\/www.grin.com\/fr\/entreprises-partenaires\/open-publishing\/\">bilandia<\/a><\/h2>\n<p>Un marketing en ligne cr\u00e9atif pour tous les th\u00e8mes-Publishing<\/p>\n<p><a href=\"https:\/\/www.grin.com\/fr\/entreprises-partenaires\/open-publishing\/\">Lien vers le profil<\/a><\/p>\n\r\n        \r\n    <\/div>\r\n<\/div>\t\t\t\t<\/div>\n\t\t\t\t<\/div>\n\t\t\t\t\t<\/div>\n\t\t<\/div>\n\t\t\t\t<div class=\"elementor-column elementor-col-50 elementor-top-column elementor-element elementor-element-bd9ac6a\" data-id=\"bd9ac6a\" data-element_type=\"column\" data-e-type=\"column\">\n\t\t\t<div class=\"elementor-widget-wrap elementor-element-populated\">\n\t\t\t\t\t\t<div class=\"elementor-element elementor-element-dd14c6b elementor-widget elementor-widget-grin-audience-widget\" data-id=\"dd14c6b\" data-element_type=\"widget\" data-e-type=\"widget\" data-widget_type=\"grin-audience-widget.default\">\n\t\t\t\t<div class=\"elementor-widget-container\">\n\t\t\t\t\t<div class=\"whitebox audience\" style=\"background:\">\r\n    <div class=\"image-container\"><img decoding=\"async\" width=\"1110\" height=\"530\" src=\"https:\/\/www.grin.com\/wp-content\/uploads\/2020\/12\/Haselhorst_Teaserbild.png\" class=\"attachment-full size-full\" alt=\"Logo Haselhorst\" srcset=\"https:\/\/www.grin.com\/wp-content\/uploads\/2020\/12\/Haselhorst_Teaserbild.png 1110w, https:\/\/www.grin.com\/wp-content\/uploads\/2020\/12\/Haselhorst_Teaserbild-300x143.png 300w, https:\/\/www.grin.com\/wp-content\/uploads\/2020\/12\/Haselhorst_Teaserbild-1024x489.png 1024w, https:\/\/www.grin.com\/wp-content\/uploads\/2020\/12\/Haselhorst_Teaserbild-768x367.png 768w\" sizes=\"(max-width: 1110px) 100vw, 1110px\" title=\"\"><\/div>\r\n    <div class=\"contentarea\">\r\n        \r\n        <h2 class=\"small\"><a href=\"https:\/\/www.grin.com\/fr\/entreprises-partenaires\/haselhorst-associates\/\">Haselhorst Associates<\/a><\/h2>\n<p>Le conseil en gestion d\u2019entreprise pour votre nouveau cours<\/p>\n<p><a href=\"https:\/\/www.grin.com\/fr\/entreprises-partenaires\/haselhorst-associates\/\">Lien vers le profil<\/a><\/p>\n\r\n        \r\n    <\/div>\r\n<\/div>\t\t\t\t<\/div>\n\t\t\t\t<\/div>\n\t\t\t\t\t<\/div>\n\t\t<\/div>\n\t\t\t\t\t<\/div>\n\t\t<\/section>\n\t\t\t\t<section class=\"elementor-section elementor-top-section elementor-element elementor-element-c6d322f elementor-section-boxed elementor-section-height-default elementor-section-height-default\" data-id=\"c6d322f\" data-element_type=\"section\" data-e-type=\"section\">\n\t\t\t\t\t\t<div class=\"elementor-container elementor-column-gap-default\">\n\t\t\t\t\t<div class=\"elementor-column elementor-col-50 elementor-top-column elementor-element elementor-element-acc0c95\" data-id=\"acc0c95\" data-element_type=\"column\" data-e-type=\"column\">\n\t\t\t<div class=\"elementor-widget-wrap elementor-element-populated\">\n\t\t\t\t\t\t<div class=\"elementor-element elementor-element-3e156ca elementor-widget elementor-widget-grin-audience-widget\" data-id=\"3e156ca\" data-element_type=\"widget\" data-e-type=\"widget\" data-widget_type=\"grin-audience-widget.default\">\n\t\t\t\t<div class=\"elementor-widget-container\">\n\t\t\t\t\t<div class=\"whitebox audience\" style=\"background:\">\r\n    <div class=\"image-container\"><img decoding=\"async\" width=\"1110\" height=\"530\" src=\"https:\/\/www.grin.com\/wp-content\/uploads\/2020\/12\/OpenPublishing_Teaserbild.png\" class=\"attachment-full size-full\" alt=\"Logo Open Publishing\" srcset=\"https:\/\/www.grin.com\/wp-content\/uploads\/2020\/12\/OpenPublishing_Teaserbild.png 1110w, https:\/\/www.grin.com\/wp-content\/uploads\/2020\/12\/OpenPublishing_Teaserbild-300x143.png 300w, https:\/\/www.grin.com\/wp-content\/uploads\/2020\/12\/OpenPublishing_Teaserbild-1024x489.png 1024w, https:\/\/www.grin.com\/wp-content\/uploads\/2020\/12\/OpenPublishing_Teaserbild-768x367.png 768w\" sizes=\"(max-width: 1110px) 100vw, 1110px\" title=\"\"><\/div>\r\n    <div class=\"contentarea\">\r\n        \r\n        <h2 class=\"small\"><a href=\"https:\/\/www.grin.com\/fr\/entreprises-partenaires\/open-publishing\/\">Open Publishing<\/a><\/h2>\n<p>Software &amp; Services pour la publication num\u00e9rique<\/p>\n<p><a href=\"https:\/\/www.grin.com\/fr\/entreprises-partenaires\/open-publishing\/\">Lien vers le profil<\/a><\/p>\n\r\n        \r\n    <\/div>\r\n<\/div>\t\t\t\t<\/div>\n\t\t\t\t<\/div>\n\t\t\t\t\t<\/div>\n\t\t<\/div>\n\t\t\t\t<div class=\"elementor-column elementor-col-50 elementor-top-column elementor-element elementor-element-8ad315c\" data-id=\"8ad315c\" data-element_type=\"column\" data-e-type=\"column\">\n\t\t\t<div class=\"elementor-widget-wrap\">\n\t\t\t\t\t\t\t<\/div>\n\t\t<\/div>\n\t\t\t\t\t<\/div>\n\t\t<\/section>\n\t\t\t\t<section class=\"elementor-section elementor-top-section elementor-element elementor-element-b646a65 elementor-section-boxed elementor-section-height-default elementor-section-height-default\" data-id=\"b646a65\" data-element_type=\"section\" data-e-type=\"section\">\n\t\t\t\t\t\t<div class=\"elementor-container elementor-column-gap-default\">\n\t\t\t\t\t<div class=\"elementor-column elementor-col-100 elementor-top-column elementor-element elementor-element-687ea70\" data-id=\"687ea70\" data-element_type=\"column\" data-e-type=\"column\">\n\t\t\t<div class=\"elementor-widget-wrap elementor-element-populated\">\n\t\t\t\t\t\t<div class=\"elementor-element elementor-element-b0ebd0d elementor-widget elementor-widget-global elementor-global-8702 elementor-global-921 elementor-widget-grin-share-widget\" data-id=\"b0ebd0d\" data-element_type=\"widget\" data-e-type=\"widget\" data-widget_type=\"grin-share-widget.default\">\n\t\t\t\t<div class=\"elementor-widget-container\">\n\t\t\t\t\t<div class=\"share\">\n    <div class=\"footer-logo\"><\/div>\n    <div class=\"share-icons\">\n        <div class=\"shariff\" data-backend-url=\"null\" data-button-style=\"icon\" data-mail-url=\"mailto:\" data-services=\"[&quot;twitter&quot;,&quot;facebook&quot;,&quot;mail&quot;,&quot;whatsapp&quot;,&quot;linkedin&quot;]\"><\/div>\n        <div class=\"share-icon\"><a href=\"https:\/\/www.instagram.com\/grin_verlag\/\" target=\"_blank\" class=\"instagram\" rel=\"noopener\">Zu Instagram<\/a><\/div>\n    <\/div>\n<\/div>\t\t\t\t<\/div>\n\t\t\t\t<\/div>\n\t\t\t\t\t<\/div>\n\t\t<\/div>\n\t\t\t\t\t<\/div>\n\t\t<\/section>\n\t\t\t\t<\/div>\n\t\t","protected":false},"excerpt":{"rendered":"<p>Entreprises partenaires D\u00e9couvrez les entreprises partenaires GRIN : Quelles sont les entreprises actives dans mon domaine? Quelles sont les valeurs d\u00e9fendues par les entreprises ? \u00c0 quoi puis-je m&rsquo;attendre dans mon nouvel job ? Qui offre des bourses d&rsquo;\u00e9tudes ? Dans quelle entreprise puis-je r\u00e9diger ma th\u00e8se ? Quelles sont les possibilit\u00e9s d\u2019entr\u00e9e pour les [&hellip;]<\/p>\n","protected":false},"author":17,"featured_media":0,"parent":0,"menu_order":0,"comment_status":"closed","ping_status":"closed","template":"","meta":{"_acf_changed":false,"_lmt_disableupdate":"","_lmt_disable":"","footnotes":""},"class_list":["post-8417","page","type-page","status-publish","hentry"],"acf":[],"_links":{"self":[{"href":"https:\/\/www.grin.com\/fr\/wp-json\/wp\/v2\/pages\/8417","targetHints":{"allow":["GET"]}}],"collection":[{"href":"https:\/\/www.grin.com\/fr\/wp-json\/wp\/v2\/pages"}],"about":[{"href":"https:\/\/www.grin.com\/fr\/wp-json\/wp\/v2\/types\/page"}],"author":[{"embeddable":true,"href":"https:\/\/www.grin.com\/fr\/wp-json\/wp\/v2\/users\/17"}],"replies":[{"embeddable":true,"href":"https:\/\/www.grin.com\/fr\/wp-json\/wp\/v2\/comments?post=8417"}],"version-history":[{"count":14,"href":"https:\/\/www.grin.com\/fr\/wp-json\/wp\/v2\/pages\/8417\/revisions"}],"predecessor-version":[{"id":12021,"href":"https:\/\/www.grin.com\/fr\/wp-json\/wp\/v2\/pages\/8417\/revisions\/12021"}],"wp:attachment":[{"href":"https:\/\/www.grin.com\/fr\/wp-json\/wp\/v2\/media?parent=8417"}],"curies":[{"name":"wp","href":"https:\/\/api.w.org\/{rel}","templated":true}]}}