{"id":8441,"date":"2021-01-24T12:16:12","date_gmt":"2021-01-24T11:16:12","guid":{"rendered":"https:\/\/www.grin.com\/philosophie\/"},"modified":"2021-03-17T10:31:07","modified_gmt":"2021-03-17T09:31:07","slug":"philosophie","status":"publish","type":"page","link":"https:\/\/www.grin.com\/fr\/sur-grin\/philosophie\/","title":{"rendered":"Philosophie"},"content":{"rendered":"\t\t<div data-elementor-type=\"wp-page\" data-elementor-id=\"8441\" class=\"elementor elementor-8441 elementor-415\" data-elementor-post-type=\"page\">\n\t\t\t\t\t\t<section class=\"elementor-section elementor-top-section elementor-element elementor-element-81bf635 elementor-section-boxed elementor-section-height-default elementor-section-height-default\" data-id=\"81bf635\" data-element_type=\"section\" data-e-type=\"section\">\n\t\t\t\t\t\t<div class=\"elementor-container elementor-column-gap-default\">\n\t\t\t\t\t<div class=\"elementor-column elementor-col-100 elementor-top-column elementor-element elementor-element-ec8fa84\" data-id=\"ec8fa84\" data-element_type=\"column\" data-e-type=\"column\">\n\t\t\t<div class=\"elementor-widget-wrap elementor-element-populated\">\n\t\t\t\t\t\t<div class=\"elementor-element elementor-element-0c3ae3b elementor-widget elementor-widget-text-editor\" data-id=\"0c3ae3b\" data-element_type=\"widget\" data-e-type=\"widget\" data-widget_type=\"text-editor.default\">\n\t\t\t\t<div class=\"elementor-widget-container\">\n\t\t\t\t\t\t\t\t\t<h1 class=\"large\">Philosophie<\/h1>\n\t\t\t\t\t\t\t\t<\/div>\n\t\t\t\t<\/div>\n\t\t\t\t\t<\/div>\n\t\t<\/div>\n\t\t\t\t\t<\/div>\n\t\t<\/section>\n\t\t\t\t<section class=\"elementor-section elementor-top-section elementor-element elementor-element-cfc4b3b elementor-section-boxed elementor-section-height-default elementor-section-height-default\" data-id=\"cfc4b3b\" data-element_type=\"section\" data-e-type=\"section\">\n\t\t\t\t\t\t<div class=\"elementor-container elementor-column-gap-default\">\n\t\t\t\t\t<div class=\"elementor-column elementor-col-100 elementor-top-column elementor-element elementor-element-8f5ea60\" data-id=\"8f5ea60\" data-element_type=\"column\" data-e-type=\"column\">\n\t\t\t<div class=\"elementor-widget-wrap elementor-element-populated\">\n\t\t\t\t\t\t<div class=\"elementor-element elementor-element-e65899d elementor-widget elementor-widget-text-editor\" data-id=\"e65899d\" data-element_type=\"widget\" data-e-type=\"widget\" data-widget_type=\"text-editor.default\">\n\t\t\t\t<div class=\"elementor-widget-container\">\n\t\t\t\t\t\t\t\t\t<p>La diffusion de l\u2019expertise est au centre des pr\u00e9occupations de GRIN. Nous offrons une plateforme de publication aux textes scientifiques de tous les domaines et de tous les niveaux acad\u00e9miques. C\u2019est ainsi qu\u2019un large spectre d\u2019informations sp\u00e9cialis\u00e9es a \u00e9t\u00e9 cr\u00e9e, qui assistent les lecteurs du monde entier dans leurs travaux scientifiques. En tant qu\u2019entreprise, GRIN est connu pour son expertise sur le march\u00e9 du livre num\u00e9rique, ses contenus pertinents pour les \u00e9tudiants et son service \u00e0 la client\u00e8le personnalis\u00e9.<\/p>\n\t\t\t\t\t\t\t\t<\/div>\n\t\t\t\t<\/div>\n\t\t\t\t\t<\/div>\n\t\t<\/div>\n\t\t\t\t\t<\/div>\n\t\t<\/section>\n\t\t\t\t<section class=\"elementor-section elementor-top-section elementor-element elementor-element-8375269 elementor-section-boxed elementor-section-height-default elementor-section-height-default\" data-id=\"8375269\" data-element_type=\"section\" data-e-type=\"section\">\n\t\t\t\t\t\t<div class=\"elementor-container elementor-column-gap-default\">\n\t\t\t\t\t<div class=\"elementor-column elementor-col-100 elementor-top-column elementor-element elementor-element-a708bc5\" data-id=\"a708bc5\" data-element_type=\"column\" data-e-type=\"column\">\n\t\t\t<div class=\"elementor-widget-wrap elementor-element-populated\">\n\t\t\t\t\t\t<div class=\"elementor-element elementor-element-771b3bf elementor-widget elementor-widget-text-editor\" data-id=\"771b3bf\" data-element_type=\"widget\" data-e-type=\"widget\" data-widget_type=\"text-editor.default\">\n\t\t\t\t<div class=\"elementor-widget-container\">\n\t\t\t\t\t\t\t\t\t<h2 class=\"small\">Un partenaire comp\u00e9tent pour la publication professionnelle<\/h2>\n<p>GRIN ne se consid\u00e8re pas seulement comme une plate-forme de publication, mais aussi comme un partenaire qui soutient ses auteurs dans la publication et dans toutes les questions relatives \u00e0 la publication. Notre site web comprend toutes les informations importantes sur la publication scientifique \u2013 allant de la r\u00e9daction \u00e0 la commercialisation du livre finalis\u00e9. Avec nos publications professionnelles, nous aidons \u00e9galement nos auteurs dans leur carri\u00e8re scientifique. Tous les titres de GRIN sont publi\u00e9s avec un ISBN et dans notre r\u00e9seau de distribution mondial.<\/p>\n\t\t\t\t\t\t\t\t<\/div>\n\t\t\t\t<\/div>\n\t\t\t\t\t<\/div>\n\t\t<\/div>\n\t\t\t\t\t<\/div>\n\t\t<\/section>\n\t\t\t\t<section class=\"elementor-section elementor-top-section elementor-element elementor-element-a5a73e2 elementor-section-boxed elementor-section-height-default elementor-section-height-default\" data-id=\"a5a73e2\" data-element_type=\"section\" data-e-type=\"section\">\n\t\t\t\t\t\t<div class=\"elementor-container elementor-column-gap-default\">\n\t\t\t\t\t<div class=\"elementor-column elementor-col-100 elementor-top-column elementor-element elementor-element-2d3984f\" data-id=\"2d3984f\" data-element_type=\"column\" data-e-type=\"column\">\n\t\t\t<div class=\"elementor-widget-wrap elementor-element-populated\">\n\t\t\t\t\t\t<div class=\"elementor-element elementor-element-7d04eb3 elementor-widget elementor-widget-grin-testimonials-widget\" data-id=\"7d04eb3\" data-element_type=\"widget\" data-e-type=\"widget\" data-widget_type=\"grin-testimonials-widget.default\">\n\t\t\t\t<div class=\"elementor-widget-container\">\n\t\t\t\t\t<div class=\"box testimonials\">\n    <div class=\"contentarea\">\n        <h2 class=\"small\">Auteurs \u00e0 succ\u00e8s - Clients satisfaits :<\/h2>\n        <div class=\"slider-container\" data-itemsperslide=\"2\" data-gutter=\"86\"><div class=\"slide-item\">\n    <div class=\"media\">\n        <div class=\"image-sizer\">\n            <div class=\"image-container\"><img decoding=\"async\" width=\"1080\" height=\"1080\" src=\"https:\/\/www.grin.com\/wp-content\/uploads\/2020\/11\/review.jpg\" class=\"attachment-full size-full\" alt=\"5 Sterne Bewertung\" srcset=\"https:\/\/www.grin.com\/wp-content\/uploads\/2020\/11\/review.jpg 1080w, https:\/\/www.grin.com\/wp-content\/uploads\/2020\/11\/review-300x300.jpg 300w, https:\/\/www.grin.com\/wp-content\/uploads\/2020\/11\/review-1024x1024.jpg 1024w, https:\/\/www.grin.com\/wp-content\/uploads\/2020\/11\/review-150x150.jpg 150w, https:\/\/www.grin.com\/wp-content\/uploads\/2020\/11\/review-768x768.jpg 768w\" sizes=\"(max-width: 1080px) 100vw, 1080px\" \/><\/div>\n        <\/div>\n    <\/div>\n    <div class=\"textcontent\">\n        <div class=\"quote\">La publication d'articles sur des sujets tr\u00e8s sp\u00e9cifiques est une aide \u00e9norme pour la recherche litt\u00e9raire. L\u2019achat et la livraison se d\u00e9roulent \u00e9galement sans probl\u00e8me. Merci beaucoup.<\/div>\n        <div class=\"signature\">anonyme<\/div>\n    <\/div>\n<\/div><div class=\"slide-item\">\n    <div class=\"media\">\n        <div class=\"image-sizer\">\n            <div class=\"image-container\"><img decoding=\"async\" width=\"1080\" height=\"1080\" src=\"https:\/\/www.grin.com\/wp-content\/uploads\/2020\/11\/review.jpg\" class=\"attachment-full size-full\" alt=\"5 Sterne Bewertung\" srcset=\"https:\/\/www.grin.com\/wp-content\/uploads\/2020\/11\/review.jpg 1080w, https:\/\/www.grin.com\/wp-content\/uploads\/2020\/11\/review-300x300.jpg 300w, https:\/\/www.grin.com\/wp-content\/uploads\/2020\/11\/review-1024x1024.jpg 1024w, https:\/\/www.grin.com\/wp-content\/uploads\/2020\/11\/review-150x150.jpg 150w, https:\/\/www.grin.com\/wp-content\/uploads\/2020\/11\/review-768x768.jpg 768w\" sizes=\"(max-width: 1080px) 100vw, 1080px\" \/><\/div>\n        <\/div>\n    <\/div>\n    <div class=\"textcontent\">\n        <div class=\"quote\">Les \u00e9ditions GRIN signifient pour moi: vente r\u00e9ussie, proc\u00e9dure extr\u00eamement simple, service convivial et orient\u00e9 vers les solutions.<\/div>\n        <div class=\"signature\">Despina Leonhard<\/div>\n    <\/div>\n<\/div><div class=\"slide-item\">\n    <div class=\"media\">\n        <div class=\"image-sizer\">\n            <div class=\"image-container\"><img decoding=\"async\" width=\"1080\" height=\"1080\" src=\"https:\/\/www.grin.com\/wp-content\/uploads\/2020\/11\/review.jpg\" class=\"attachment-full size-full\" alt=\"5 Sterne Bewertung\" srcset=\"https:\/\/www.grin.com\/wp-content\/uploads\/2020\/11\/review.jpg 1080w, https:\/\/www.grin.com\/wp-content\/uploads\/2020\/11\/review-300x300.jpg 300w, https:\/\/www.grin.com\/wp-content\/uploads\/2020\/11\/review-1024x1024.jpg 1024w, https:\/\/www.grin.com\/wp-content\/uploads\/2020\/11\/review-150x150.jpg 150w, https:\/\/www.grin.com\/wp-content\/uploads\/2020\/11\/review-768x768.jpg 768w\" sizes=\"(max-width: 1080px) 100vw, 1080px\" \/><\/div>\n        <\/div>\n    <\/div>\n    <div class=\"textcontent\">\n        <div class=\"quote\">L\u2019offre dans son ensemble est tr\u00e8s int\u00e9ressante, la commande et la livraison ont tr\u00e8s bien fonctionn\u00e9. Surtout, on aimerait \u00e9crire soi-m\u00eame et le mettre en vente. Le concept est coh\u00e9rent. Encore beaucoup de succ\u00e8s et bonne chance.<\/div>\n        <div class=\"signature\">anonyme<\/div>\n    <\/div>\n<\/div><div class=\"slide-item\">\n    <div class=\"media\">\n        <div class=\"image-sizer\">\n            <div class=\"image-container\"><img decoding=\"async\" width=\"1080\" height=\"1080\" src=\"https:\/\/www.grin.com\/wp-content\/uploads\/2020\/11\/review.jpg\" class=\"attachment-full size-full\" alt=\"5 Sterne Bewertung\" srcset=\"https:\/\/www.grin.com\/wp-content\/uploads\/2020\/11\/review.jpg 1080w, https:\/\/www.grin.com\/wp-content\/uploads\/2020\/11\/review-300x300.jpg 300w, https:\/\/www.grin.com\/wp-content\/uploads\/2020\/11\/review-1024x1024.jpg 1024w, https:\/\/www.grin.com\/wp-content\/uploads\/2020\/11\/review-150x150.jpg 150w, https:\/\/www.grin.com\/wp-content\/uploads\/2020\/11\/review-768x768.jpg 768w\" sizes=\"(max-width: 1080px) 100vw, 1080px\" \/><\/div>\n        <\/div>\n    <\/div>\n    <div class=\"textcontent\">\n        <div class=\"quote\">Gr\u00e2ce \u00e0 GRIN, je n\u2019\u00e9cris pas seulement pour le tiroir, mais je peux partager mes int\u00e9r\u00eats de recherche avec un grand nombre de personnes partageant les m\u00eames id\u00e9es.<\/div>\n        <div class=\"signature\">Simone Lackerbauer<\/div>\n    <\/div>\n<\/div><div class=\"slide-item\">\n    <div class=\"media\">\n        <div class=\"image-sizer\">\n            <div class=\"image-container\"><img decoding=\"async\" width=\"1080\" height=\"1080\" src=\"https:\/\/www.grin.com\/wp-content\/uploads\/2020\/11\/review.jpg\" class=\"attachment-full size-full\" alt=\"5 Sterne Bewertung\" srcset=\"https:\/\/www.grin.com\/wp-content\/uploads\/2020\/11\/review.jpg 1080w, https:\/\/www.grin.com\/wp-content\/uploads\/2020\/11\/review-300x300.jpg 300w, https:\/\/www.grin.com\/wp-content\/uploads\/2020\/11\/review-1024x1024.jpg 1024w, https:\/\/www.grin.com\/wp-content\/uploads\/2020\/11\/review-150x150.jpg 150w, https:\/\/www.grin.com\/wp-content\/uploads\/2020\/11\/review-768x768.jpg 768w\" sizes=\"(max-width: 1080px) 100vw, 1080px\" \/><\/div>\n        <\/div>\n    <\/div>\n    <div class=\"textcontent\">\n        <div class=\"quote\">C\u2019est top ! Le choix, le rapport qualit\u00e9 \/ prix, l'aper\u00e7u dans la boutique et la vitesse de livraison... ne laissent rien au hasard.<\/div>\n        <div class=\"signature\">anonyme<\/div>\n    <\/div>\n<\/div><div class=\"slide-item\">\n    <div class=\"media\">\n        <div class=\"image-sizer\">\n            <div class=\"image-container\"><img decoding=\"async\" width=\"1080\" height=\"1080\" src=\"https:\/\/www.grin.com\/wp-content\/uploads\/2020\/11\/review.jpg\" class=\"attachment-full size-full\" alt=\"5 Sterne Bewertung\" srcset=\"https:\/\/www.grin.com\/wp-content\/uploads\/2020\/11\/review.jpg 1080w, https:\/\/www.grin.com\/wp-content\/uploads\/2020\/11\/review-300x300.jpg 300w, https:\/\/www.grin.com\/wp-content\/uploads\/2020\/11\/review-1024x1024.jpg 1024w, https:\/\/www.grin.com\/wp-content\/uploads\/2020\/11\/review-150x150.jpg 150w, https:\/\/www.grin.com\/wp-content\/uploads\/2020\/11\/review-768x768.jpg 768w\" sizes=\"(max-width: 1080px) 100vw, 1080px\" \/><\/div>\n        <\/div>\n    <\/div>\n    <div class=\"textcontent\">\n        <div class=\"quote\">Une publication est rapide et simple. L\u2019\u00e9quipe de Grin est tr\u00e8s professionnelle !<\/div>\n        <div class=\"signature\">Arthur Gogohia<\/div>\n    <\/div>\n<\/div><\/div>\n    <\/div>\n    <div class=\"control\">\n        <div class=\"tabnav\">\n            <a href=\"#\" class=\"nav nav-previous\">Vorheriges<\/a>\n            <a href=\"#\" class=\"nav nav-next\">N\u00e4chstes<\/a>\n        <\/div>\n    <\/div>\n<\/div>\t\t\t\t<\/div>\n\t\t\t\t<\/div>\n\t\t\t\t\t<\/div>\n\t\t<\/div>\n\t\t\t\t\t<\/div>\n\t\t<\/section>\n\t\t\t\t<section class=\"elementor-section elementor-top-section elementor-element elementor-element-095b595 elementor-section-boxed elementor-section-height-default elementor-section-height-default\" data-id=\"095b595\" data-element_type=\"section\" data-e-type=\"section\">\n\t\t\t\t\t\t<div class=\"elementor-container elementor-column-gap-default\">\n\t\t\t\t\t<div class=\"elementor-column elementor-col-100 elementor-top-column elementor-element elementor-element-eaf1e98\" data-id=\"eaf1e98\" data-element_type=\"column\" data-e-type=\"column\">\n\t\t\t<div class=\"elementor-widget-wrap elementor-element-populated\">\n\t\t\t\t\t\t<div class=\"elementor-element elementor-element-9d13786 elementor-widget elementor-widget-text-editor\" data-id=\"9d13786\" data-element_type=\"widget\" data-e-type=\"widget\" data-widget_type=\"text-editor.default\">\n\t\t\t\t<div class=\"elementor-widget-container\">\n\t\t\t\t\t\t\t\t\t<h2 class=\"small\">Un compagnon pour chaque phase de vos \u00e9tudes<\/h2>\n<p>Qu&#8217;il s&#8217;agisse de r\u00e9diger votre premier article scientifique ou juste avant d\u2019entrer dans la vie professionnelle, de nombreux d\u00e9fis se pr\u00e9sentent au cours de vos \u00e9tudes. GRIN est un partenaire fiable dans toutes les phases de vos \u00e9tudes. Nous offrons des instructions et des mod\u00e8les pour la r\u00e9daction scientifique et le formatage, mais aussi des orientations pour l\u2019entr\u00e9e dans la vie professionnelle.<\/p><\/p>\n\t\t\t\t\t\t\t\t<\/div>\n\t\t\t\t<\/div>\n\t\t\t\t\t<\/div>\n\t\t<\/div>\n\t\t\t\t\t<\/div>\n\t\t<\/section>\n\t\t\t\t<section class=\"elementor-section elementor-top-section elementor-element elementor-element-291a055 elementor-section-boxed elementor-section-height-default elementor-section-height-default\" data-id=\"291a055\" data-element_type=\"section\" data-e-type=\"section\">\n\t\t\t\t\t\t<div class=\"elementor-container elementor-column-gap-default\">\n\t\t\t\t\t<div class=\"elementor-column elementor-col-100 elementor-top-column elementor-element elementor-element-4355477\" data-id=\"4355477\" data-element_type=\"column\" data-e-type=\"column\">\n\t\t\t<div class=\"elementor-widget-wrap elementor-element-populated\">\n\t\t\t\t\t\t<div class=\"elementor-element elementor-element-2e7b459 elementor-widget elementor-widget-text-editor\" data-id=\"2e7b459\" data-element_type=\"widget\" data-e-type=\"widget\" data-widget_type=\"text-editor.default\">\n\t\t\t\t<div class=\"elementor-widget-container\">\n\t\t\t\t\t\t\t\t\t<h2 class=\"small\">Un service \u00e0 la client\u00e8le amical, comp\u00e9tent et personnalis\u00e9<\/h2>\n<p>Un service personnalis\u00e9 \u00e0 la client\u00e8le est une \u00e9vidence pour nous. Nous r\u00e9pondons \u00e0 vos questions rapidement et avec comp\u00e9tence &#8211; par formulaire de contact, e-mail ou t\u00e9l\u00e9phone. L\u2019\u00e9change direct avec nos auteurs et nos clients est important pour nous en tant qu\u2019entreprise. Nous prenons au s\u00e9rieux les suggestions et les probl\u00e8mes de nos utilisateurs et nous travaillons toujours \u00e0 am\u00e9liorer notre service pour vous.<\/p>\n\t\t\t\t\t\t\t\t<\/div>\n\t\t\t\t<\/div>\n\t\t\t\t\t<\/div>\n\t\t<\/div>\n\t\t\t\t\t<\/div>\n\t\t<\/section>\n\t\t\t\t<section class=\"elementor-section elementor-top-section elementor-element elementor-element-e97bab4 elementor-section-boxed elementor-section-height-default elementor-section-height-default\" data-id=\"e97bab4\" data-element_type=\"section\" data-e-type=\"section\">\n\t\t\t\t\t\t<div class=\"elementor-container elementor-column-gap-default\">\n\t\t\t\t\t<div class=\"elementor-column elementor-col-100 elementor-top-column elementor-element elementor-element-e9b90b2\" data-id=\"e9b90b2\" data-element_type=\"column\" data-e-type=\"column\">\n\t\t\t<div class=\"elementor-widget-wrap elementor-element-populated\">\n\t\t\t\t\t\t<div class=\"elementor-element elementor-element-1ef0dc2 elementor-widget elementor-widget-text-editor\" data-id=\"1ef0dc2\" data-element_type=\"widget\" data-e-type=\"widget\" data-widget_type=\"text-editor.default\">\n\t\t\t\t<div class=\"elementor-widget-container\">\n\t\t\t\t\t\t\t\t\t<h2 class=\"small\">Notre contribution \u00e0 une soci\u00e9t\u00e9 ouverte et pluraliste<\/h2>\n<p>GRIN est connu pour ses publications dans le monde entier et dans toutes les langues. Nous consid\u00e9rons notre service de publication comme une contribution \u00e0 une soci\u00e9t\u00e9 ouverte et pluraliste. La diversit\u00e9 culturelle de nos auteurs et de leurs textes favorise les \u00e9changes scientifiques mondiaux et donne de nouvelles id\u00e9es pour la recherche.<\/p>\n\t\t\t\t\t\t\t\t<\/div>\n\t\t\t\t<\/div>\n\t\t\t\t\t<\/div>\n\t\t<\/div>\n\t\t\t\t\t<\/div>\n\t\t<\/section>\n\t\t\t\t<section class=\"elementor-section elementor-top-section elementor-element elementor-element-e12a067 elementor-section-boxed elementor-section-height-default elementor-section-height-default\" data-id=\"e12a067\" data-element_type=\"section\" data-e-type=\"section\">\n\t\t\t\t\t\t<div class=\"elementor-container elementor-column-gap-default\">\n\t\t\t\t\t<div class=\"elementor-column elementor-col-100 elementor-top-column elementor-element elementor-element-6d3506c\" data-id=\"6d3506c\" data-element_type=\"column\" data-e-type=\"column\">\n\t\t\t<div class=\"elementor-widget-wrap elementor-element-populated\">\n\t\t\t\t\t\t<div class=\"elementor-element elementor-element-f1da62f elementor-widget elementor-widget-text-editor\" data-id=\"f1da62f\" data-element_type=\"widget\" data-e-type=\"widget\" data-widget_type=\"text-editor.default\">\n\t\t\t\t<div class=\"elementor-widget-container\">\n\t\t\t\t\t\t\t\t\t<h2 class=\"small\">R\u00e9f\u00e9rence de genre<\/h2>\n<p>Pour des raisons de lisibilit\u00e9, nous utilisons le masculin g\u00e9n\u00e9rique pour tous les groupes de personnes (auteurs, clients, etc.) sur nos sites web. Nous tenons \u00e0 souligner express\u00e9ment que l\u2019utilisation de la langue masculine doit \u00eatre comprise ind\u00e9pendamment du sexe et ne vise en aucun cas \u00e0 exprimer une discrimination de genre ou une violation du principe d&#8217;\u00e9galit\u00e9.<\/p>\n\t\t\t\t\t\t\t\t<\/div>\n\t\t\t\t<\/div>\n\t\t\t\t\t<\/div>\n\t\t<\/div>\n\t\t\t\t\t<\/div>\n\t\t<\/section>\n\t\t\t\t<section class=\"elementor-section elementor-top-section elementor-element elementor-element-5e10d18 elementor-section-boxed elementor-section-height-default elementor-section-height-default\" data-id=\"5e10d18\" data-element_type=\"section\" data-e-type=\"section\">\n\t\t\t\t\t\t<div class=\"elementor-container elementor-column-gap-default\">\n\t\t\t\t\t<div class=\"elementor-column elementor-col-100 elementor-top-column elementor-element elementor-element-33c123f\" data-id=\"33c123f\" data-element_type=\"column\" data-e-type=\"column\">\n\t\t\t<div class=\"elementor-widget-wrap elementor-element-populated\">\n\t\t\t\t\t\t<div class=\"elementor-element elementor-element-177bf32 elementor-widget elementor-widget-global elementor-global-8702 elementor-global-921 elementor-widget-grin-share-widget\" data-id=\"177bf32\" data-element_type=\"widget\" data-e-type=\"widget\" data-widget_type=\"grin-share-widget.default\">\n\t\t\t\t<div class=\"elementor-widget-container\">\n\t\t\t\t\t<div class=\"share\">\n    <div class=\"footer-logo\"><\/div>\n    <div class=\"share-icons\">\n        <div class=\"shariff\" data-backend-url=\"null\" data-button-style=\"icon\" data-mail-url=\"mailto:\" data-services=\"[&quot;twitter&quot;,&quot;facebook&quot;,&quot;mail&quot;,&quot;whatsapp&quot;,&quot;linkedin&quot;]\"><\/div>\n        <div class=\"share-icon\"><a href=\"https:\/\/www.instagram.com\/grin_verlag\/\" target=\"_blank\" class=\"instagram\" rel=\"noopener\">Zu Instagram<\/a><\/div>\n    <\/div>\n<\/div>\t\t\t\t<\/div>\n\t\t\t\t<\/div>\n\t\t\t\t\t<\/div>\n\t\t<\/div>\n\t\t\t\t\t<\/div>\n\t\t<\/section>\n\t\t\t\t<\/div>\n\t\t","protected":false},"excerpt":{"rendered":"<p>Philosophie La diffusion de l\u2019expertise est au centre des pr\u00e9occupations de GRIN. Nous offrons une plateforme de publication aux textes scientifiques de tous les domaines et de tous les niveaux acad\u00e9miques. C\u2019est ainsi qu\u2019un large spectre d\u2019informations sp\u00e9cialis\u00e9es a \u00e9t\u00e9 cr\u00e9e, qui assistent les lecteurs du monde entier dans leurs travaux scientifiques. En tant qu\u2019entreprise, [&hellip;]<\/p>\n","protected":false},"author":17,"featured_media":0,"parent":8561,"menu_order":1,"comment_status":"closed","ping_status":"closed","template":"","meta":{"_acf_changed":false,"_lmt_disableupdate":"","_lmt_disable":"","footnotes":""},"class_list":["post-8441","page","type-page","status-publish","hentry"],"acf":[],"_links":{"self":[{"href":"https:\/\/www.grin.com\/fr\/wp-json\/wp\/v2\/pages\/8441","targetHints":{"allow":["GET"]}}],"collection":[{"href":"https:\/\/www.grin.com\/fr\/wp-json\/wp\/v2\/pages"}],"about":[{"href":"https:\/\/www.grin.com\/fr\/wp-json\/wp\/v2\/types\/page"}],"author":[{"embeddable":true,"href":"https:\/\/www.grin.com\/fr\/wp-json\/wp\/v2\/users\/17"}],"replies":[{"embeddable":true,"href":"https:\/\/www.grin.com\/fr\/wp-json\/wp\/v2\/comments?post=8441"}],"version-history":[{"count":10,"href":"https:\/\/www.grin.com\/fr\/wp-json\/wp\/v2\/pages\/8441\/revisions"}],"predecessor-version":[{"id":12090,"href":"https:\/\/www.grin.com\/fr\/wp-json\/wp\/v2\/pages\/8441\/revisions\/12090"}],"up":[{"embeddable":true,"href":"https:\/\/www.grin.com\/fr\/wp-json\/wp\/v2\/pages\/8561"}],"wp:attachment":[{"href":"https:\/\/www.grin.com\/fr\/wp-json\/wp\/v2\/media?parent=8441"}],"curies":[{"name":"wp","href":"https:\/\/api.w.org\/{rel}","templated":true}]}}