{"id":8448,"date":"2021-01-24T12:17:04","date_gmt":"2021-01-24T11:17:04","guid":{"rendered":"https:\/\/www.grin.com\/historique\/"},"modified":"2021-03-17T13:08:53","modified_gmt":"2021-03-17T12:08:53","slug":"histoire","status":"publish","type":"page","link":"https:\/\/www.grin.com\/fr\/sur-grin\/histoire\/","title":{"rendered":"L&rsquo;histoire"},"content":{"rendered":"\t\t<div data-elementor-type=\"wp-page\" data-elementor-id=\"8448\" class=\"elementor elementor-8448 elementor-413\" data-elementor-post-type=\"page\">\n\t\t\t\t\t\t<section class=\"elementor-section elementor-top-section elementor-element elementor-element-81bf635 elementor-section-boxed elementor-section-height-default elementor-section-height-default\" data-id=\"81bf635\" data-element_type=\"section\" data-e-type=\"section\">\n\t\t\t\t\t\t<div class=\"elementor-container elementor-column-gap-default\">\n\t\t\t\t\t<div class=\"elementor-column elementor-col-100 elementor-top-column elementor-element elementor-element-ec8fa84\" data-id=\"ec8fa84\" data-element_type=\"column\" data-e-type=\"column\">\n\t\t\t<div class=\"elementor-widget-wrap elementor-element-populated\">\n\t\t\t\t\t\t<div class=\"elementor-element elementor-element-0c3ae3b elementor-widget elementor-widget-text-editor\" data-id=\"0c3ae3b\" data-element_type=\"widget\" data-e-type=\"widget\" data-widget_type=\"text-editor.default\">\n\t\t\t\t<div class=\"elementor-widget-container\">\n\t\t\t\t\t\t\t\t\t<h1 class=\"large\">L&rsquo;histoire<\/h1>\n\t\t\t\t\t\t\t\t<\/div>\n\t\t\t\t<\/div>\n\t\t\t\t\t<\/div>\n\t\t<\/div>\n\t\t\t\t\t<\/div>\n\t\t<\/section>\n\t\t\t\t<section class=\"elementor-section elementor-top-section elementor-element elementor-element-37dd316 elementor-section-boxed elementor-section-height-default elementor-section-height-default\" data-id=\"37dd316\" data-element_type=\"section\" data-e-type=\"section\">\n\t\t\t\t\t\t<div class=\"elementor-container elementor-column-gap-default\">\n\t\t\t\t\t<div class=\"elementor-column elementor-col-100 elementor-top-column elementor-element elementor-element-a5b487c\" data-id=\"a5b487c\" data-element_type=\"column\" data-e-type=\"column\">\n\t\t\t<div class=\"elementor-widget-wrap elementor-element-populated\">\n\t\t\t\t\t\t<div class=\"elementor-element elementor-element-5db1bb9 elementor-widget elementor-widget-text-editor\" data-id=\"5db1bb9\" data-element_type=\"widget\" data-e-type=\"widget\" data-widget_type=\"text-editor.default\">\n\t\t\t\t<div class=\"elementor-widget-container\">\n\t\t\t\t\t\t\t\t\t<p>Fond\u00e9e en 1998, GRIN a une exp\u00e9rience de plus de 20 ans dans le domaine d&rsquo;\u00e9dition. La plateforme initiale Hausarbeiten.de s&rsquo;est consacr\u00e9e d\u00e8s le d\u00e9but \u00e0 la publication et \u00e0 la diffusion des connaissances d&rsquo;\u00e9tudiants. Au cours des ann\u00e9es, l\u2019offre de GRIN n\u2019a pas arr\u00eat\u00e9 d\u2019augmenter.<\/p>\n<p>GRIN offre un service de publication gratuit et simple, venant d&rsquo;\u00e9tudiants pour des \u00e9tudiants. Mais GRIN est \u00e9galement un partenaire fiable et professionnel pour des doctorants, des professeurs et des auteurs de livres sp\u00e9cialis\u00e9s dans l&rsquo;\u00e9dition scientifique. Depuis 2006, en plus de l\u2019\u00e9dition de livres \u00e9lectroniques, toutes les publications paraissent \u00e9galement sous forme de livre imprim\u00e9. Les clients peuvent choisir de t\u00e9l\u00e9charger le contenu imm\u00e9diatement ou de ranger le livre sur leur \u00e9tag\u00e8re apr\u00e8s l&rsquo;avoir lu.<\/p>\n<p>Entre-temps, GRIN est le principal fournisseur de textes acad\u00e9miques. Pour que cela continue, nous \u00e9largissons et am\u00e9liorons constamment notre offre. L\u2019\u00e9quipe de GRIN vous souhaite beaucoup de plaisir et de succ\u00e8s dans la publication et la recherche sur notre plateforme !<\/p>\n\t\t\t\t\t\t\t\t<\/div>\n\t\t\t\t<\/div>\n\t\t\t\t\t<\/div>\n\t\t<\/div>\n\t\t\t\t\t<\/div>\n\t\t<\/section>\n\t\t\t\t<section class=\"elementor-section elementor-top-section elementor-element elementor-element-865353e elementor-section-boxed elementor-section-height-default elementor-section-height-default\" data-id=\"865353e\" data-element_type=\"section\" data-e-type=\"section\">\n\t\t\t\t\t\t<div class=\"elementor-container elementor-column-gap-default\">\n\t\t\t\t\t<div class=\"elementor-column elementor-col-100 elementor-top-column elementor-element elementor-element-597717a\" data-id=\"597717a\" data-element_type=\"column\" data-e-type=\"column\">\n\t\t\t<div class=\"elementor-widget-wrap elementor-element-populated\">\n\t\t\t\t\t\t<div class=\"elementor-element elementor-element-62dc9d7 elementor-widget elementor-widget-price-list\" data-id=\"62dc9d7\" data-element_type=\"widget\" data-e-type=\"widget\" data-widget_type=\"price-list.default\">\n\t\t\t\t<div class=\"elementor-widget-container\">\n\t\t\t\t\t\n\t\t<ul class=\"elementor-price-list\">\n\n\t\t\t\t\t\t\t\t\t<li class=\"elementor-price-list-item\">\t\t\t\t\n\t\t\t\t<div class=\"elementor-price-list-text\">\n\t\t\t\t\t\t\t\t\t<div class=\"elementor-price-list-header\">\n\t\t\t\t\t\t\t\t\t\t\t<span class=\"elementor-price-list-title\">\n\t\t\t\t\t\t\t1998 - Fondation de la plateforme Hausarbeiten.de\t\t\t\t\t\t<\/span>\n\t\t\t\t\t\t\t\t\t\t\t\t\t\t\t\t\t\t\t\t\t<\/div>\n\t\t\t\t\t\t\t\t\t\t\t\t\t\t\t<p class=\"elementor-price-list-description\">\n\t\t\t\t\t\t\tGRIN a \u00e9t\u00e9 lanc\u00e9 en tant que communaut\u00e9 d\u2019\u00e9tudiants. Au d\u00e9but, l\u2019accent a \u00e9t\u00e9 mis sur l'\u00e9change entre \u00e9tudiants de chaque discipline.\t\t\t\t\t\t<\/p>\n\t\t\t\t\t\t\t\t<\/div>\n\t\t\t\t<\/li>\t\t\t\t\t\t\t\t\t\t\t\t<li class=\"elementor-price-list-item\">\t\t\t\t\n\t\t\t\t<div class=\"elementor-price-list-text\">\n\t\t\t\t\t\t\t\t\t<div class=\"elementor-price-list-header\">\n\t\t\t\t\t\t\t\t\t\t\t<span class=\"elementor-price-list-title\">\n\t\t\t\t\t\t\t2006 - Les publications de GRIN apparaissent sous forme de livre imprim\u00e9\t\t\t\t\t\t<\/span>\n\t\t\t\t\t\t\t\t\t\t\t\t\t\t\t\t\t\t\t\t\t<\/div>\n\t\t\t\t\t\t\t\t\t\t\t\t\t\t\t<p class=\"elementor-price-list-description\">\n\t\t\t\t\t\t\tDepuis 2006, toutes les publications de GRIN apparaissent \u00e9galement sous forme de livre imprim\u00e9. L\u2019impression se fait selon la proc\u00e9dure d\u2019impression \u00e0 la demande. Cela signifie qu\u2019un livre n\u2019est pas fabriqu\u00e9 tant qu\u2019il n\u2019a pas \u00e9t\u00e9 achet\u00e9.\t\t\t\t\t\t<\/p>\n\t\t\t\t\t\t\t\t<\/div>\n\t\t\t\t<\/li>\t\t\t\t\t\t\t\t\t\t\t\t<li class=\"elementor-price-list-item\">\t\t\t\t\n\t\t\t\t<div class=\"elementor-price-list-text\">\n\t\t\t\t\t\t\t\t\t<div class=\"elementor-price-list-header\">\n\t\t\t\t\t\t\t\t\t\t\t<span class=\"elementor-price-list-title\">\n\t\t\t\t\t\t\t2008 - GRIN existe depuis 10 ans\t\t\t\t\t\t<\/span>\n\t\t\t\t\t\t\t\t\t\t\t\t\t\t\t\t\t\t\t\t\t<\/div>\n\t\t\t\t\t\t\t\t\t\t\t\t\t\t\t<p class=\"elementor-price-list-description\">\n\t\t\t\t\t\t\tGRIN c\u00e9l\u00e8bre 10 ans d\u2019exp\u00e9rience \u00e9ditoriale et une \u00e9quipe performante.\t\t\t\t\t\t<\/p>\n\t\t\t\t\t\t\t\t<\/div>\n\t\t\t\t<\/li>\t\t\t\t\t\t\t\t\t\t\t\t<li class=\"elementor-price-list-item\">\t\t\t\t\n\t\t\t\t<div class=\"elementor-price-list-text\">\n\t\t\t\t\t\t\t\t\t<div class=\"elementor-price-list-header\">\n\t\t\t\t\t\t\t\t\t\t\t<span class=\"elementor-price-list-title\">\n\t\t\t\t\t\t\t2013 - GRIN d\u00e9m\u00e9nage\t\t\t\t\t\t<\/span>\n\t\t\t\t\t\t\t\t\t\t\t\t\t\t\t\t\t\t\t\t\t<\/div>\n\t\t\t\t\t\t\t\t\t\t\t\t\t\t\t<p class=\"elementor-price-list-description\">\n\t\t\t\t\t\t\tL\u2019\u00e9quipe de GRIN s\u2019installe avec l\u2019agence de marketing bilandia et la maison d\u2019\u00e9dition en ligne TUBUK dans un nouveau bureau sur la Nymphenburger Stra\u00dfe \u00e0 Munich.\t\t\t\t\t\t<\/p>\n\t\t\t\t\t\t\t\t<\/div>\n\t\t\t\t<\/li>\t\t\t\t\t\t\t\t\t\t\t\t<li class=\"elementor-price-list-item\">\t\t\t\t\n\t\t\t\t<div class=\"elementor-price-list-text\">\n\t\t\t\t\t\t\t\t\t<div class=\"elementor-price-list-header\">\n\t\t\t\t\t\t\t\t\t\t\t<span class=\"elementor-price-list-title\">\n\t\t\t\t\t\t\t2016 - GRIN devient majeur\t\t\t\t\t\t<\/span>\n\t\t\t\t\t\t\t\t\t\t\t\t\t\t\t\t\t\t\t\t\t<\/div>\n\t\t\t\t\t\t\t\t\t\t\t\t\t\t\t<p class=\"elementor-price-list-description\">\n\t\t\t\t\t\t\tGRIN f\u00eate ses 18 ans ! Pour l\u2019anniversaire, il y avait un concours pour la soumission la plus cr\u00e9ative au sujet de GRIN.\t\t\t\t\t\t<\/p>\n\t\t\t\t\t\t\t\t<\/div>\n\t\t\t\t<\/li>\t\t\t\t\t\n\t\t<\/ul>\n\n\t\t\t\t\t\t<\/div>\n\t\t\t\t<\/div>\n\t\t\t\t\t<\/div>\n\t\t<\/div>\n\t\t\t\t\t<\/div>\n\t\t<\/section>\n\t\t\t\t<section class=\"elementor-section elementor-top-section elementor-element elementor-element-70b85c4 elementor-section-boxed elementor-section-height-default elementor-section-height-default\" data-id=\"70b85c4\" data-element_type=\"section\" data-e-type=\"section\">\n\t\t\t\t\t\t<div class=\"elementor-container elementor-column-gap-default\">\n\t\t\t\t\t<div class=\"elementor-column elementor-col-25 elementor-top-column elementor-element elementor-element-77a6c6f\" data-id=\"77a6c6f\" data-element_type=\"column\" data-e-type=\"column\">\n\t\t\t<div class=\"elementor-widget-wrap elementor-element-populated\">\n\t\t\t\t\t\t<div class=\"elementor-element elementor-element-fead8f4 elementor-widget elementor-widget-image\" data-id=\"fead8f4\" data-element_type=\"widget\" data-e-type=\"widget\" data-widget_type=\"image.default\">\n\t\t\t\t<div class=\"elementor-widget-container\">\n\t\t\t\t\t\t\t\t\t\t\t\t\t\t\t<img decoding=\"async\" width=\"300\" height=\"425\" src=\"https:\/\/www.grin.com\/wp-content\/uploads\/2020\/12\/1_Kraft.png\" class=\"attachment-large size-large wp-image-5216\" alt=\"Contribution cr\u00e9ative au concours - 1\u00e8re place\" srcset=\"https:\/\/www.grin.com\/wp-content\/uploads\/2020\/12\/1_Kraft.png 300w, https:\/\/www.grin.com\/wp-content\/uploads\/2020\/12\/1_Kraft-212x300.png 212w\" sizes=\"(max-width: 300px) 100vw, 300px\" title=\"\">\t\t\t\t\t\t\t\t\t\t\t\t\t\t\t<\/div>\n\t\t\t\t<\/div>\n\t\t\t\t\t<\/div>\n\t\t<\/div>\n\t\t\t\t<div class=\"elementor-column elementor-col-25 elementor-top-column elementor-element elementor-element-299e4e5\" data-id=\"299e4e5\" data-element_type=\"column\" data-e-type=\"column\">\n\t\t\t<div class=\"elementor-widget-wrap elementor-element-populated\">\n\t\t\t\t\t\t<div class=\"elementor-element elementor-element-e8128b1 elementor-widget elementor-widget-image\" data-id=\"e8128b1\" data-element_type=\"widget\" data-e-type=\"widget\" data-widget_type=\"image.default\">\n\t\t\t\t<div class=\"elementor-widget-container\">\n\t\t\t\t\t\t\t\t\t\t\t\t\t\t\t<img decoding=\"async\" width=\"300\" height=\"424\" src=\"https:\/\/www.grin.com\/wp-content\/uploads\/2020\/12\/2_Aguas.png\" class=\"attachment-large size-large wp-image-5220\" alt=\"Contribution cr\u00e9ative au concours - 2\u00e8me place\" srcset=\"https:\/\/www.grin.com\/wp-content\/uploads\/2020\/12\/2_Aguas.png 300w, https:\/\/www.grin.com\/wp-content\/uploads\/2020\/12\/2_Aguas-212x300.png 212w\" sizes=\"(max-width: 300px) 100vw, 300px\" title=\"\">\t\t\t\t\t\t\t\t\t\t\t\t\t\t\t<\/div>\n\t\t\t\t<\/div>\n\t\t\t\t\t<\/div>\n\t\t<\/div>\n\t\t\t\t<div class=\"elementor-column elementor-col-25 elementor-top-column elementor-element elementor-element-266ec4f\" data-id=\"266ec4f\" data-element_type=\"column\" data-e-type=\"column\">\n\t\t\t<div class=\"elementor-widget-wrap elementor-element-populated\">\n\t\t\t\t\t\t<div class=\"elementor-element elementor-element-0843f38 elementor-widget elementor-widget-image\" data-id=\"0843f38\" data-element_type=\"widget\" data-e-type=\"widget\" data-widget_type=\"image.default\">\n\t\t\t\t<div class=\"elementor-widget-container\">\n\t\t\t\t\t\t\t\t\t\t\t\t\t\t\t<img decoding=\"async\" width=\"300\" height=\"416\" src=\"https:\/\/www.grin.com\/wp-content\/uploads\/2020\/12\/3_Eames.png\" class=\"attachment-large size-large wp-image-5224\" alt=\"Contribution cr\u00e9ative au concours - 3\u00e8me place\" srcset=\"https:\/\/www.grin.com\/wp-content\/uploads\/2020\/12\/3_Eames.png 300w, https:\/\/www.grin.com\/wp-content\/uploads\/2020\/12\/3_Eames-216x300.png 216w\" sizes=\"(max-width: 300px) 100vw, 300px\" title=\"\">\t\t\t\t\t\t\t\t\t\t\t\t\t\t\t<\/div>\n\t\t\t\t<\/div>\n\t\t\t\t\t<\/div>\n\t\t<\/div>\n\t\t\t\t<div class=\"elementor-column elementor-col-25 elementor-top-column elementor-element elementor-element-78cef6e\" data-id=\"78cef6e\" data-element_type=\"column\" data-e-type=\"column\">\n\t\t\t<div class=\"elementor-widget-wrap elementor-element-populated\">\n\t\t\t\t\t\t<div class=\"elementor-element elementor-element-06eb92d elementor-widget elementor-widget-image\" data-id=\"06eb92d\" data-element_type=\"widget\" data-e-type=\"widget\" data-widget_type=\"image.default\">\n\t\t\t\t<div class=\"elementor-widget-container\">\n\t\t\t\t\t\t\t\t\t\t\t\t\t\t\t<img decoding=\"async\" width=\"300\" height=\"416\" src=\"https:\/\/www.grin.com\/wp-content\/uploads\/2020\/12\/3_Osswald.png\" class=\"attachment-large size-large wp-image-5212\" alt=\"Contribution cr\u00e9ative au concours - 3\u00e8me place\" srcset=\"https:\/\/www.grin.com\/wp-content\/uploads\/2020\/12\/3_Osswald.png 300w, https:\/\/www.grin.com\/wp-content\/uploads\/2020\/12\/3_Osswald-216x300.png 216w\" sizes=\"(max-width: 300px) 100vw, 300px\" title=\"\">\t\t\t\t\t\t\t\t\t\t\t\t\t\t\t<\/div>\n\t\t\t\t<\/div>\n\t\t\t\t\t<\/div>\n\t\t<\/div>\n\t\t\t\t\t<\/div>\n\t\t<\/section>\n\t\t\t\t<section class=\"elementor-section elementor-top-section elementor-element elementor-element-6e581f2 elementor-section-boxed elementor-section-height-default elementor-section-height-default\" data-id=\"6e581f2\" data-element_type=\"section\" data-e-type=\"section\">\n\t\t\t\t\t\t<div class=\"elementor-container elementor-column-gap-default\">\n\t\t\t\t\t<div class=\"elementor-column elementor-col-100 elementor-top-column elementor-element elementor-element-ae7d5fb\" data-id=\"ae7d5fb\" data-element_type=\"column\" data-e-type=\"column\">\n\t\t\t<div class=\"elementor-widget-wrap elementor-element-populated\">\n\t\t\t\t\t\t<div class=\"elementor-element elementor-element-f2cbeda elementor-widget elementor-widget-price-list\" data-id=\"f2cbeda\" data-element_type=\"widget\" data-e-type=\"widget\" data-widget_type=\"price-list.default\">\n\t\t\t\t<div class=\"elementor-widget-container\">\n\t\t\t\t\t\n\t\t<ul class=\"elementor-price-list\">\n\n\t\t\t\t\t\t\t\t\t<li class=\"elementor-price-list-item\">\t\t\t\t\n\t\t\t\t<div class=\"elementor-price-list-text\">\n\t\t\t\t\t\t\t\t\t<div class=\"elementor-price-list-header\">\n\t\t\t\t\t\t\t\t\t\t\t<span class=\"elementor-price-list-title\">\n\t\t\t\t\t\t\t2018 - GRIN f\u00eate ses 20 ans et 200.000 publications\t\t\t\t\t\t<\/span>\n\t\t\t\t\t\t\t\t\t\t\t\t\t\t\t\t\t\t\t\t\t<\/div>\n\t\t\t\t\t\t\t\t\t\t\t\t\t\t\t<p class=\"elementor-price-list-description\">\n\t\t\t\t\t\t\tGRIN f\u00eate l'anniversaire de son entreprise et en m\u00eame temps la publication du 200.000e texte. Depuis sa cr\u00e9ation, GRIN a vers\u00e9 plus de 7,5 millions d\u2019euros d\u2019honoraires.\t\t\t\t\t\t<\/p>\n\t\t\t\t\t\t\t\t<\/div>\n\t\t\t\t<\/li>\t\t\t\t\t\t\t\t\t\t\t\t<li class=\"elementor-price-list-item\">\t\t\t\t\n\t\t\t\t<div class=\"elementor-price-list-text\">\n\t\t\t\t\t\t\t\t\t<div class=\"elementor-price-list-header\">\n\t\t\t\t\t\t\t\t\t\t\t<span class=\"elementor-price-list-title\">\n\t\t\t\t\t\t\t2020 - D\u00e9m\u00e9nagement dans un nouveau bureau\t\t\t\t\t\t<\/span>\n\t\t\t\t\t\t\t\t\t\t\t\t\t\t\t\t\t\t\t\t\t<\/div>\n\t\t\t\t\t\t\t\t\t\t\t\t\t\t\t<p class=\"elementor-price-list-description\">\n\t\t\t\t\t\t\tEn d\u00e9cembre 2020, GRIN a d\u00e9m\u00e9nag\u00e9 dans un nouveau bureau: maintenant, nous sommes actifs pr\u00e8s de la \"Donnersbergerbr\u00fccke\" \u00e0 Munich.\t\t\t\t\t\t<\/p>\n\t\t\t\t\t\t\t\t<\/div>\n\t\t\t\t<\/li>\t\t\t\t\t\n\t\t<\/ul>\n\n\t\t\t\t\t\t<\/div>\n\t\t\t\t<\/div>\n\t\t\t\t\t<\/div>\n\t\t<\/div>\n\t\t\t\t\t<\/div>\n\t\t<\/section>\n\t\t\t\t<section class=\"elementor-section elementor-top-section elementor-element elementor-element-e69f845 elementor-section-boxed elementor-section-height-default elementor-section-height-default\" data-id=\"e69f845\" data-element_type=\"section\" data-e-type=\"section\">\n\t\t\t\t\t\t<div class=\"elementor-container elementor-column-gap-default\">\n\t\t\t\t\t<div class=\"elementor-column elementor-col-100 elementor-top-column elementor-element elementor-element-d2c99ea\" data-id=\"d2c99ea\" data-element_type=\"column\" data-e-type=\"column\">\n\t\t\t<div class=\"elementor-widget-wrap elementor-element-populated\">\n\t\t\t\t\t\t<div class=\"elementor-element elementor-element-2194242 elementor-widget elementor-widget-global elementor-global-8702 elementor-global-921 elementor-widget-grin-share-widget\" data-id=\"2194242\" data-element_type=\"widget\" data-e-type=\"widget\" data-widget_type=\"grin-share-widget.default\">\n\t\t\t\t<div class=\"elementor-widget-container\">\n\t\t\t\t\t<div class=\"share\">\n    <div class=\"footer-logo\"><\/div>\n    <div class=\"share-icons\">\n        <div class=\"shariff\" data-backend-url=\"null\" data-button-style=\"icon\" data-mail-url=\"mailto:\" data-services=\"[&quot;twitter&quot;,&quot;facebook&quot;,&quot;mail&quot;,&quot;whatsapp&quot;,&quot;linkedin&quot;]\"><\/div>\n        <div class=\"share-icon\"><a href=\"https:\/\/www.instagram.com\/grin_verlag\/\" target=\"_blank\" class=\"instagram\" rel=\"noopener\">Zu Instagram<\/a><\/div>\n    <\/div>\n<\/div>\t\t\t\t<\/div>\n\t\t\t\t<\/div>\n\t\t\t\t\t<\/div>\n\t\t<\/div>\n\t\t\t\t\t<\/div>\n\t\t<\/section>\n\t\t\t\t<\/div>\n\t\t","protected":false},"excerpt":{"rendered":"<p>L&rsquo;histoire Fond\u00e9e en 1998, GRIN a une exp\u00e9rience de plus de 20 ans dans le domaine d&rsquo;\u00e9dition. La plateforme initiale Hausarbeiten.de s&rsquo;est consacr\u00e9e d\u00e8s le d\u00e9but \u00e0 la publication et \u00e0 la diffusion des connaissances d&rsquo;\u00e9tudiants. Au cours des ann\u00e9es, l\u2019offre de GRIN n\u2019a pas arr\u00eat\u00e9 d\u2019augmenter. GRIN offre un service de publication gratuit et [&hellip;]<\/p>\n","protected":false},"author":17,"featured_media":0,"parent":8561,"menu_order":2,"comment_status":"closed","ping_status":"closed","template":"","meta":{"_acf_changed":false,"_lmt_disableupdate":"","_lmt_disable":"","footnotes":""},"class_list":["post-8448","page","type-page","status-publish","hentry"],"acf":[],"_links":{"self":[{"href":"https:\/\/www.grin.com\/fr\/wp-json\/wp\/v2\/pages\/8448","targetHints":{"allow":["GET"]}}],"collection":[{"href":"https:\/\/www.grin.com\/fr\/wp-json\/wp\/v2\/pages"}],"about":[{"href":"https:\/\/www.grin.com\/fr\/wp-json\/wp\/v2\/types\/page"}],"author":[{"embeddable":true,"href":"https:\/\/www.grin.com\/fr\/wp-json\/wp\/v2\/users\/17"}],"replies":[{"embeddable":true,"href":"https:\/\/www.grin.com\/fr\/wp-json\/wp\/v2\/comments?post=8448"}],"version-history":[{"count":6,"href":"https:\/\/www.grin.com\/fr\/wp-json\/wp\/v2\/pages\/8448\/revisions"}],"predecessor-version":[{"id":12098,"href":"https:\/\/www.grin.com\/fr\/wp-json\/wp\/v2\/pages\/8448\/revisions\/12098"}],"up":[{"embeddable":true,"href":"https:\/\/www.grin.com\/fr\/wp-json\/wp\/v2\/pages\/8561"}],"wp:attachment":[{"href":"https:\/\/www.grin.com\/fr\/wp-json\/wp\/v2\/media?parent=8448"}],"curies":[{"name":"wp","href":"https:\/\/api.w.org\/{rel}","templated":true}]}}