{"id":8554,"date":"2021-05-12T17:05:44","date_gmt":"2021-05-12T15:05:44","guid":{"rendered":"https:\/\/www.grin.com\/cgv\/"},"modified":"2025-09-30T10:42:35","modified_gmt":"2025-09-30T08:42:35","slug":"cgv","status":"publish","type":"page","link":"https:\/\/www.grin.com\/fr\/cgv\/","title":{"rendered":"CGV"},"content":{"rendered":"\t\t<div data-elementor-type=\"wp-page\" data-elementor-id=\"8554\" class=\"elementor elementor-8554 elementor-94\" data-elementor-post-type=\"page\">\n\t\t\t\t\t\t<section class=\"elementor-section elementor-top-section elementor-element elementor-element-5831a0a elementor-section-boxed elementor-section-height-default elementor-section-height-default\" data-id=\"5831a0a\" data-element_type=\"section\" data-e-type=\"section\">\n\t\t\t\t\t\t<div class=\"elementor-container elementor-column-gap-default\">\n\t\t\t\t\t<div class=\"elementor-column elementor-col-100 elementor-top-column elementor-element elementor-element-a1f174a\" data-id=\"a1f174a\" data-element_type=\"column\" data-e-type=\"column\">\n\t\t\t<div class=\"elementor-widget-wrap elementor-element-populated\">\n\t\t\t\t\t\t<div class=\"elementor-element elementor-element-b8a35c8 elementor-widget elementor-widget-text-editor\" data-id=\"b8a35c8\" data-element_type=\"widget\" data-e-type=\"widget\" data-widget_type=\"text-editor.default\">\n\t\t\t\t<div class=\"elementor-widget-container\">\n\t\t\t\t\t\t\t\t\t<h1>Conditions g\u00e9n\u00e9rales de GRIN Publishing GmbH<\/h1>\n\t\t\t\t\t\t\t\t<\/div>\n\t\t\t\t<\/div>\n\t\t\t\t\t<\/div>\n\t\t<\/div>\n\t\t\t\t\t<\/div>\n\t\t<\/section>\n\t\t\t\t<section class=\"elementor-section elementor-top-section elementor-element elementor-element-80099d3 elementor-section-boxed elementor-section-height-default elementor-section-height-default\" data-id=\"80099d3\" data-element_type=\"section\" data-e-type=\"section\">\n\t\t\t\t\t\t<div class=\"elementor-container elementor-column-gap-default\">\n\t\t\t\t\t<div class=\"elementor-column elementor-col-100 elementor-top-column elementor-element elementor-element-41e8d2f\" data-id=\"41e8d2f\" data-element_type=\"column\" data-e-type=\"column\">\n\t\t\t<div class=\"elementor-widget-wrap elementor-element-populated\">\n\t\t\t\t\t\t<div class=\"elementor-element elementor-element-33058be elementor-toc--minimized-on-tablet elementor-widget elementor-widget-table-of-contents\" data-id=\"33058be\" data-element_type=\"widget\" data-e-type=\"widget\" data-settings=\"{&quot;headings_by_tags&quot;:[&quot;h2&quot;],&quot;exclude_headings_by_selector&quot;:[],&quot;marker_view&quot;:&quot;bullets&quot;,&quot;icon&quot;:{&quot;value&quot;:&quot;&quot;,&quot;library&quot;:&quot;&quot;},&quot;no_headings_message&quot;:&quot;Aucun titre n\\u2019a \\u00e9t\\u00e9 trouv\\u00e9 sur cette page.&quot;,&quot;minimize_box&quot;:&quot;yes&quot;,&quot;minimized_on&quot;:&quot;tablet&quot;,&quot;hierarchical_view&quot;:&quot;yes&quot;,&quot;min_height&quot;:{&quot;unit&quot;:&quot;px&quot;,&quot;size&quot;:&quot;&quot;,&quot;sizes&quot;:[]},&quot;min_height_tablet&quot;:{&quot;unit&quot;:&quot;px&quot;,&quot;size&quot;:&quot;&quot;,&quot;sizes&quot;:[]},&quot;min_height_mobile&quot;:{&quot;unit&quot;:&quot;px&quot;,&quot;size&quot;:&quot;&quot;,&quot;sizes&quot;:[]}}\" data-widget_type=\"table-of-contents.default\">\n\t\t\t\t<div class=\"elementor-widget-container\">\n\t\t\t\t\t\t\t\t\t<div class=\"elementor-toc__header\">\n\t\t\t\t\t\t<h2 class=\"elementor-toc__header-title\">\n\t\t\t\tAper\u00e7u g\u00e9n\u00e9ral\t\t\t<\/h2>\n\t\t\t\t\t\t\t\t\t\t<div class=\"elementor-toc__toggle-button elementor-toc__toggle-button--expand\" role=\"button\" tabindex=\"0\" aria-controls=\"elementor-toc__33058be\" aria-expanded=\"true\" aria-label=\"Ouvrir la table des mati\u00e8res\"><i aria-hidden=\"true\" class=\"fas fa-chevron-down\"><\/i><\/div>\n\t\t\t\t<div class=\"elementor-toc__toggle-button elementor-toc__toggle-button--collapse\" role=\"button\" tabindex=\"0\" aria-controls=\"elementor-toc__33058be\" aria-expanded=\"true\" aria-label=\"Fermer la table des mati\u00e8res\"><i aria-hidden=\"true\" class=\"fas fa-chevron-up\"><\/i><\/div>\n\t\t\t\t\t<\/div>\n\t\t\t\t<div id=\"elementor-toc__33058be\" class=\"elementor-toc__body\">\n\t\t\t<div class=\"elementor-toc__spinner-container\">\n\t\t\t\t<i class=\"elementor-toc__spinner eicon-animation-spin eicon-loading\" aria-hidden=\"true\"><\/i>\t\t\t<\/div>\n\t\t<\/div>\n\t\t\t\t\t\t<\/div>\n\t\t\t\t<\/div>\n\t\t\t\t\t<\/div>\n\t\t<\/div>\n\t\t\t\t\t<\/div>\n\t\t<\/section>\n\t\t\t\t<section class=\"elementor-section elementor-top-section elementor-element elementor-element-1dce604 elementor-section-boxed elementor-section-height-default elementor-section-height-default\" data-id=\"1dce604\" data-element_type=\"section\" data-e-type=\"section\">\n\t\t\t\t\t\t<div class=\"elementor-container elementor-column-gap-default\">\n\t\t\t\t\t<div class=\"elementor-column elementor-col-100 elementor-top-column elementor-element elementor-element-c133361\" data-id=\"c133361\" data-element_type=\"column\" data-e-type=\"column\">\n\t\t\t<div class=\"elementor-widget-wrap elementor-element-populated\">\n\t\t\t\t\t\t<div class=\"elementor-element elementor-element-c51c423 elementor-widget elementor-widget-text-editor\" data-id=\"c51c423\" data-element_type=\"widget\" data-e-type=\"widget\" data-widget_type=\"text-editor.default\">\n\t\t\t\t<div class=\"elementor-widget-container\">\n\t\t\t\t\t\t\t\t\t<h2 class=\"small\">A. Conditions g\u00e9n\u00e9rales pour les acheteurs<\/h2><p class=\"large\">1. G\u00e9n\u00e9ralit\u00e9s<\/p><p>GRIN Publishing GmbH, Waltherstra\u00dfe 23, 80337 M\u00fcnchen &#8211; ci-apr\u00e8s d\u00e9nomm\u00e9 \u00ab\u00a0GRIN\u00a0\u00bb &#8211; propose aux acheteurs &#8211; ci-apr\u00e8s d\u00e9nomm\u00e9s \u00ab\u00a0acheteurs\u00a0\u00bb &#8211; d\u2019acheter des publications contre une r\u00e9mun\u00e9ration. Avec la conclusion du processus de commande, un contrat incluant les pr\u00e9sentes CGV est conclu entre l\u2019acheteur et GRIN. Pour la relation d\u2019affaires entre GRIN et l\u2019acheteur, seules les conditions g\u00e9n\u00e9rales suivantes d\u2019GRIN, accept\u00e9es par l\u2019acheteur lors de la commande, s\u2019appliquent. Les conditions g\u00e9n\u00e9rales de vente de l\u2019acheteur qui s\u2019\u00e9cartent de ces conditions ou qui s\u2019opposent aux pr\u00e9sentes conditions ne sont pas applicables, \u00e0 moins qu\u2019elles ne soient express\u00e9ment reconnues par GRIN par \u00e9crit. Le droit allemand s\u2019applique \u00e0 l\u2019exclusion du droit de vente des Nations Unies.<\/p><p class=\"large\">2. Droits d\u2019utilisation<\/p><p>L\u2019acheteur n\u2019a pas le droit de reproduire, de diffuser, de rendre publique ou de mettre \u00e0 la disposition du public une publication. Les reproductions individuelles, p. ex. des copies et des impressions, ne peuvent \u00eatre faites que pour une utilisation priv\u00e9e ou autres (\u00a7 53 UrhG). La production et la diffusion d\u2019autres reproductions ne sont autoris\u00e9es qu\u2019avec l\u2019autorisation expresse. Une publication ne doit pas \u00eatre modifi\u00e9e par le client ni sur le fond ni sur le plan r\u00e9dactionnel, sous r\u00e9serve de r\u00e8gles l\u00e9gales diff\u00e9rentes.<\/p><p class=\"large\">3. Garantie \/ r\u00e9clamation<\/p><p>Une r\u00e9clamation pour d\u00e9fauts de contenu des publications est exclue. GRIN n\u2019assume aucune responsabilit\u00e9 quant \u00e0 la qualit\u00e9 du contenu et de la conception des diff\u00e9rents th\u00e8ses d\u2019\u00e9tude, notamment en ce qui concerne la pr\u00e9sentation, la structure, le fonctionnement des proc\u00e9dures qui y sont d\u00e9crites et l\u2019exactitude des donn\u00e9es et des r\u00e9sultats acquis. Les auteurs sont eux-m\u00eames responsables du contenu des publications. GRIN ne garantit pas que les publications ont \u00e9t\u00e9 cr\u00e9\u00e9es, \u00e9valu\u00e9es et publi\u00e9es conform\u00e9ment aux exigences l\u00e9gales, en particulier aux r\u00e8glements d\u2019examen.<\/p><p class=\"large\">4. Responsabilit\u00e9<\/p><p>GRIN n\u2019est pas responsable des dommages qui ne se produisent pas sur l\u2019objet m\u00eame de la livraison, en particulier du manque \u00e0 gagner ou d\u2019autres pertes financi\u00e8res subis par l\u2019acheteur, dans la mesure o\u00f9 ils ne sont pas dus \u00e0 une n\u00e9gligence grave ou \u00e0 un comportement intentionnel d&rsquo;GRIN. En cas de n\u00e9gligence l\u00e9g\u00e8re, GRIN n\u2019est responsable qu\u2019en cas de violation des obligations contractuelles (obligations cardinales). Par ailleurs, la responsabilit\u00e9 contractuelle et non contractuelle d\u2019GRIN est limit\u00e9e \u00e0 la pr\u00e9m\u00e9ditation et \u00e0 la n\u00e9gligence grave, la limitation de la responsabilit\u00e9 \u00e9tant \u00e9galement applicable en cas d\u2019intervention d\u2019un agent d\u2019ex\u00e9cution d\u2019GRIN. Les demandes d\u2019indemnisation pour dommages corporels ou en vertu de la loi sur la responsabilit\u00e9 du fait des produits ne sont pas affect\u00e9es par les limitations de responsabilit\u00e9.<\/p><p class=\"large\">5. Information sur la r\u00e9tractation \/ Politiques d&rsquo;annulation<br \/>Droit de r\u00e9tractation pour les contenus num\u00e9riques (par exemple, les livres \u00e9lectroniques\/ e-books)<\/p><p>Vous avez le droit de r\u00e9voquer ce contrat dans un d\u00e9lai de quatorze jours sans justification. Le d\u00e9lai de r\u00e9tractation est de quatorze jours \u00e0 compter de la date de conclusion du contrat.<\/p><p>Pour exercer votre droit de r\u00e9tractation, vous devez nous informer<\/p><p><strong>GRIN Publishing GmbH<\/strong><br \/>Waltherstra\u00dfe 23<br \/>80337 Munich<\/p><p>Tel: 089-550559-0<br \/>Fax: 089-550559-10<\/p><p>E-mail: <a href=\"mailto:info@grin.com\">info@grin.com<\/a><\/p><p>par une d\u00e9claration claire (p. ex., une lettre envoy\u00e9e par la poste, fax ou e-mail) de votre d\u00e9cision de r\u00e9voquer le pr\u00e9sent contrat. Pour ce faire, vous pouvez utiliser le formulaire de r\u00e9tractation qui est disponible <a href=\"https:\/\/www.grin.com\/wp-content\/uploads\/2021\/06\/GRIN_withdrawalform.pdf\">ici,<\/a> qui n\u2019est pas obligatoire.<br \/>Pour respecter le d\u00e9lai de r\u00e9tractation, il vous suffit d\u2019envoyer la notification de l\u2019exercice du droit de r\u00e9tractation avant l\u2019expiration du d\u00e9lai de r\u00e9tractation.<\/p><p>Le droit de r\u00e9tractation expire lorsque GRIN a commenc\u00e9 \u00e0 ex\u00e9cuter le contrat apr\u00e8s que (i) l\u2019acheteur a express\u00e9ment accept\u00e9, en t\u00e9l\u00e9chargeant l\u2019eBook, que GRIN commence \u00e0 ex\u00e9cuter le contrat avant l\u2019expiration du d\u00e9lai de r\u00e9tractation, et (ii) a confirm\u00e9 qu&rsquo;il savait qu&rsquo;en donnant son consentement, il perdrait son droit de r\u00e9tractation d\u00e8s que l&rsquo;ex\u00e9cution du contrat commencerait.<\/p><p><strong>Cons\u00e9quences de la r\u00e9vocation<\/strong><\/p><p>Si vous r\u00e9voquez ce contrat, nous vous rembourserons tous les paiements que nous avons re\u00e7us de votre part, y compris les frais de livraison (\u00e0 l\u2019exception des frais suppl\u00e9mentaires r\u00e9sultant du choix d\u2019un autre type de livraison que la livraison la plus avantageuse que nous proposons), imm\u00e9diatement et au plus tard dans les quatorze jours suivant le jour o\u00f9 nous avons re\u00e7u la notification de votre r\u00e9tractation du pr\u00e9sent contrat. Pour ce remboursement, nous utilisons le m\u00eame moyen de paiement que celui que vous avez utilis\u00e9 lors de la transaction initiale, \u00e0 moins qu\u2019il n\u2019en ait \u00e9t\u00e9 express\u00e9ment convenu autrement; en aucun cas, vous ne serez factur\u00e9 pour ce remboursement.<\/p><p><strong>Droit de r\u00e9tractation pour les marchandises (p. ex., les livres)<\/strong><\/p><p>Vous avez le droit de r\u00e9voquer ce contrat dans un d\u00e9lai de quatorze jours sans justification. Le d\u00e9lai de r\u00e9tractation est de quatorze jours \u00e0 compter de la date \u00e0 laquelle vous ou un tiers d\u00e9sign\u00e9 par vous, qui n\u2019est pas le transporteur, a pris possession des marchandises.<\/p><p>Pour exercer votre droit de r\u00e9tractation, vous devez nous informer<\/p><p>GRIN Publishing GmbH<br \/>Waltherstra\u00dfe 23<br \/>80337 Munich<\/p><p>Tel: 089-550559-0<br \/>Fax: 089-550559-10<\/p><p>E-mail: <a href=\"mailto:info@grin.com\">info@grin.com<\/a><\/p><p>par une d\u00e9claration claire (p. ex., une lettre envoy\u00e9e par la poste, fax ou e-mail) de votre d\u00e9cision de r\u00e9voquer le pr\u00e9sent contrat. Pour ce faire, vous pouvez utiliser le formulaire de r\u00e9tractation qui est disponible <a href=\"https:\/\/www.grin.com\/wp-content\/uploads\/2021\/06\/GRIN_withdrawalform.pdf\">ici<\/a>, qui n\u2019est pas obligatoire.<\/p><p>Pour respecter le d\u00e9lai de r\u00e9tractation, il vous suffit d\u2019envoyer la notification de l\u2019exercice du droit de r\u00e9tractation avant l\u2019expiration du d\u00e9lai de r\u00e9tractation.<\/p><p><strong>Cons\u00e9quences de la r\u00e9vocation<\/strong><\/p><p>Si vous r\u00e9voquez ce contrat, nous vous rembourserons tous les paiements que nous avons re\u00e7us de votre part, y compris les frais de livraison (\u00e0 l\u2019exception des frais suppl\u00e9mentaires r\u00e9sultant du choix d\u2019un autre type de livraison que la livraison la plus avantageuse que nous proposons), imm\u00e9diatement et au plus tard dans les quatorze jours suivant le jour o\u00f9 nous avons re\u00e7u la notification de votre r\u00e9tractation du pr\u00e9sent contrat. Pour ce remboursement, nous utilisons le m\u00eame moyen de paiement que celui que vous avez utilis\u00e9 lors de la transaction initiale, \u00e0 moins qu\u2019il n\u2019en ait \u00e9t\u00e9 express\u00e9ment convenu autrement; en aucun cas, vous ne serez factur\u00e9 pour ce remboursement.<\/p><p>Nous pouvons refuser le remboursement jusqu\u2019\u00e0 ce que nous ayons r\u00e9cup\u00e9r\u00e9 les marchandises ou jusqu\u2019\u00e0 ce que vous ayez fourni la preuve que vous avez renvoy\u00e9 les marchandises, en fonction de la date ant\u00e9rieure.<\/p><p>Vous nous renvoyez ou nous remettez les marchandises sans d\u00e9lai et, en tout \u00e9tat de cause, dans un d\u00e9lai de quatorze jours \u00e0 compter de la date \u00e0 laquelle vous nous informez de la r\u00e9vocation du pr\u00e9sent contrat. Le d\u00e9lai est respect\u00e9 si vous envoyez les marchandises avant l\u2019expiration du d\u00e9lai de quatorze jours. Les frais directs de renvoi de la marchandise sont \u00e0 votre charge. Vous ne devez payer la perte de valeur des marchandises, que si cette perte de valeur est due \u00e0 une manipulation qui n\u2019est pas n\u00e9cessaire pour v\u00e9rifier la qualit\u00e9, les caract\u00e9ristiques et le fonctionnement des marchandises.<\/p><p>Le droit de r\u00e9tractation ne s&rsquo;applique pas pour les contrats \u00e0 distance de livraison de biens non pr\u00e9fabriqu\u00e9s et dont la production d\u00e9pend d\u2019une s\u00e9lection ou une d\u00e9termination individuelle par le consommateur ou qui sont clairement adapt\u00e9s aux besoins personnels du consommateur.<\/p><p>&#8211; Fin de l\u2019information sur la r\u00e9tractation &#8211;<\/p><p class=\"large\">6. Plaintes et r\u00e8glement des diff\u00e9rends\/ conciliation<\/p><p>La Commission europ\u00e9enne met \u00e0 disposition une plate-forme pour le r\u00e8glement extrajudiciaire des litiges. Cela permet aux consommateurs de r\u00e9soudre les litiges li\u00e9s \u00e0 une commande en ligne, le cas \u00e9ch\u00e9ant, sans l\u2019intervention d\u2019un tribunal. Nous nous effor\u00e7ons de r\u00e9soudre \u00e0 l&rsquo;amiable toute divergence d&rsquo;opinion d\u00e9coulant de notre contrat. En outre, nous ne sommes pas tenus de participer \u00e0 une proc\u00e9dure de conciliation et nous ne pouvons malheureusement pas vous proposer de participer \u00e0 une telle proc\u00e9dure. Notre adresse e-mail: <a href=\"mailto:info@grin.com\">info@grin.com<\/a>.<\/p>\t\t\t\t\t\t\t\t<\/div>\n\t\t\t\t<\/div>\n\t\t\t\t\t<\/div>\n\t\t<\/div>\n\t\t\t\t\t<\/div>\n\t\t<\/section>\n\t\t\t\t<section class=\"elementor-section elementor-top-section elementor-element elementor-element-05baadc elementor-section-boxed elementor-section-height-default elementor-section-height-default\" data-id=\"05baadc\" data-element_type=\"section\" data-e-type=\"section\">\n\t\t\t\t\t\t<div class=\"elementor-container elementor-column-gap-default\">\n\t\t\t\t\t<div class=\"elementor-column elementor-col-100 elementor-top-column elementor-element elementor-element-2d42254\" data-id=\"2d42254\" data-element_type=\"column\" data-e-type=\"column\">\n\t\t\t<div class=\"elementor-widget-wrap elementor-element-populated\">\n\t\t\t\t\t\t<div class=\"elementor-element elementor-element-481078c elementor-widget elementor-widget-text-editor\" data-id=\"481078c\" data-element_type=\"widget\" data-e-type=\"widget\" data-widget_type=\"text-editor.default\">\n\t\t\t\t<div class=\"elementor-widget-container\">\n\t\t\t\t\t\t\t\t\t<h2 class=\"small\">B. Relev\u00e9s de carte de cr\u00e9dit<\/h2>\n<p>Les relev\u00e9s de cartes de cr\u00e9dit sont effectu\u00e9s par:<\/p>\n<p><strong>PAYONE GmbH<\/strong> <br \/>Fraunhoferstra\u00dfe 2-4 <br \/>24118 Kiel, Germany<\/p>\n<p>Si\u00e8ge de la Soci\u00e9t\u00e9: Kiel <br \/>Amtsgericht Kiel HRB 6107 <br \/>Directeur g\u00e9n\u00e9ral : Carl Frederic Zitscher, Jan Kanie\u00df<\/p>\n<p>Une entreprise du groupe financier des caisses d\u2019\u00e9pargne<\/p>\n\t\t\t\t\t\t\t\t<\/div>\n\t\t\t\t<\/div>\n\t\t\t\t\t<\/div>\n\t\t<\/div>\n\t\t\t\t\t<\/div>\n\t\t<\/section>\n\t\t\t\t<section class=\"elementor-section elementor-top-section elementor-element elementor-element-823995c elementor-section-boxed elementor-section-height-default elementor-section-height-default\" data-id=\"823995c\" data-element_type=\"section\" data-e-type=\"section\">\n\t\t\t\t\t\t<div class=\"elementor-container elementor-column-gap-default\">\n\t\t\t\t\t<div class=\"elementor-column elementor-col-100 elementor-top-column elementor-element elementor-element-85116a9\" data-id=\"85116a9\" data-element_type=\"column\" data-e-type=\"column\">\n\t\t\t<div class=\"elementor-widget-wrap elementor-element-populated\">\n\t\t\t\t\t\t<div class=\"elementor-element elementor-element-4363f08 elementor-widget elementor-widget-text-editor\" data-id=\"4363f08\" data-element_type=\"widget\" data-e-type=\"widget\" data-widget_type=\"text-editor.default\">\n\t\t\t\t<div class=\"elementor-widget-container\">\n\t\t\t\t\t\t\t\t\t<h2 class=\"small\">C. Vos personnes de contact<\/h2><p><strong>GRIN Publishing GmbH<\/strong><br \/>Waltherstra\u00dfe 23<br \/>80337 Munich<br \/>Tel: 089-550559-0<br \/>Fax: 089-550559-10<br \/>E-mail: <a href=\"mailto:info@grin.com\">info@grin.com<\/a><\/p><p>Ust. Num\u00e9ro d\u2019identification : DE212031523<br \/>Amtsgericht M\u00fcnchen : HRB 175803<\/p>\t\t\t\t\t\t\t\t<\/div>\n\t\t\t\t<\/div>\n\t\t\t\t\t<\/div>\n\t\t<\/div>\n\t\t\t\t\t<\/div>\n\t\t<\/section>\n\t\t\t\t<section class=\"elementor-section elementor-top-section elementor-element elementor-element-dd36663 elementor-section-boxed elementor-section-height-default elementor-section-height-default\" data-id=\"dd36663\" data-element_type=\"section\" data-e-type=\"section\">\n\t\t\t\t\t\t<div class=\"elementor-container elementor-column-gap-default\">\n\t\t\t\t\t<div class=\"elementor-column elementor-col-100 elementor-top-column elementor-element elementor-element-e94feee\" data-id=\"e94feee\" data-element_type=\"column\" data-e-type=\"column\">\n\t\t\t<div class=\"elementor-widget-wrap elementor-element-populated\">\n\t\t\t\t\t\t<div class=\"elementor-element elementor-element-5351f0c elementor-widget elementor-widget-global elementor-global-8694 elementor-global-1189 elementor-widget-grin-contact-widget\" data-id=\"5351f0c\" data-element_type=\"widget\" data-e-type=\"widget\" data-widget_type=\"grin-contact-widget.default\">\n\t\t\t\t<div class=\"elementor-widget-container\">\n\t\t\t\t\t<div class=\"contact\">\r\n    <div class=\"contentarea\">\r\n        <h2 class=\"small\">Vous avez des questions ou<br>vous avez besoin d'aide ?<\/h2>\r\n        <div class=\"column-container\">\r\n            <div class=\"media\">\r\n                <div class=\"image-sizer\">\r\n                    <div class=\"image-container\"><img decoding=\"async\" width=\"2560\" height=\"1707\" src=\"https:\/\/www.grin.com\/wp-content\/uploads\/2020\/10\/Support-scaled.jpg\" class=\"attachment-full size-full\" alt=\"Frau nimmt telefonische Anfrage entgegen\" srcset=\"https:\/\/www.grin.com\/wp-content\/uploads\/2020\/10\/Support-scaled.jpg 2560w, https:\/\/www.grin.com\/wp-content\/uploads\/2020\/10\/Support-300x200.jpg 300w, https:\/\/www.grin.com\/wp-content\/uploads\/2020\/10\/Support-1024x683.jpg 1024w, https:\/\/www.grin.com\/wp-content\/uploads\/2020\/10\/Support-768x512.jpg 768w, https:\/\/www.grin.com\/wp-content\/uploads\/2020\/10\/Support-1536x1024.jpg 1536w, https:\/\/www.grin.com\/wp-content\/uploads\/2020\/10\/Support-2048x1365.jpg 2048w\" sizes=\"(max-width: 2560px) 100vw, 2560px\" title=\"\"><\/div>\r\n                <\/div>\r\n            <\/div>\r\n            <div class=\"textcontent\">\r\n                <div class=\"bigtext large\"><p>Du lundi au jeudi:<br \/>10h-13h et 14h- 17h<\/p><p>Vendredi:<br \/>10h-13h et 14h- 16h<\/p><p>+49 89 550559-0<\/p><p><a href=\"mailto:info@grin.com\">info@grin.com<\/a><\/p><\/div>\r\n                <div class=\"smalltext\"><p>Appelez-nous ou \u00e9crivez-nous :<\/p><p><strong>Nous serons ravis de vous aider.<\/strong><\/p><\/div>\r\n            <\/div>\r\n        <\/div>\r\n    <\/div>\r\n<\/div>\t\t\t\t<\/div>\n\t\t\t\t<\/div>\n\t\t\t\t\t<\/div>\n\t\t<\/div>\n\t\t\t\t\t<\/div>\n\t\t<\/section>\n\t\t\t\t<\/div>\n\t\t","protected":false},"excerpt":{"rendered":"<p>Conditions g\u00e9n\u00e9rales de GRIN Publishing GmbH Aper\u00e7u g\u00e9n\u00e9ral A. Conditions g\u00e9n\u00e9rales pour les acheteurs 1. G\u00e9n\u00e9ralit\u00e9s GRIN Publishing GmbH, Waltherstra\u00dfe 23, 80337 M\u00fcnchen &#8211; ci-apr\u00e8s d\u00e9nomm\u00e9 \u00ab\u00a0GRIN\u00a0\u00bb &#8211; propose aux acheteurs &#8211; ci-apr\u00e8s d\u00e9nomm\u00e9s \u00ab\u00a0acheteurs\u00a0\u00bb &#8211; d\u2019acheter des publications contre une r\u00e9mun\u00e9ration. Avec la conclusion du processus de commande, un contrat incluant les pr\u00e9sentes CGV [&hellip;]<\/p>\n","protected":false},"author":17,"featured_media":0,"parent":0,"menu_order":0,"comment_status":"closed","ping_status":"closed","template":"","meta":{"_acf_changed":false,"_lmt_disableupdate":"","_lmt_disable":"","footnotes":""},"class_list":["post-8554","page","type-page","status-publish","hentry"],"acf":[],"_links":{"self":[{"href":"https:\/\/www.grin.com\/fr\/wp-json\/wp\/v2\/pages\/8554","targetHints":{"allow":["GET"]}}],"collection":[{"href":"https:\/\/www.grin.com\/fr\/wp-json\/wp\/v2\/pages"}],"about":[{"href":"https:\/\/www.grin.com\/fr\/wp-json\/wp\/v2\/types\/page"}],"author":[{"embeddable":true,"href":"https:\/\/www.grin.com\/fr\/wp-json\/wp\/v2\/users\/17"}],"replies":[{"embeddable":true,"href":"https:\/\/www.grin.com\/fr\/wp-json\/wp\/v2\/comments?post=8554"}],"version-history":[{"count":18,"href":"https:\/\/www.grin.com\/fr\/wp-json\/wp\/v2\/pages\/8554\/revisions"}],"predecessor-version":[{"id":47848,"href":"https:\/\/www.grin.com\/fr\/wp-json\/wp\/v2\/pages\/8554\/revisions\/47848"}],"wp:attachment":[{"href":"https:\/\/www.grin.com\/fr\/wp-json\/wp\/v2\/media?parent=8554"}],"curies":[{"name":"wp","href":"https:\/\/api.w.org\/{rel}","templated":true}]}}