{"id":8566,"date":"2021-01-28T14:12:43","date_gmt":"2021-01-28T13:12:43","guid":{"rendered":"https:\/\/www.grin.com\/a-propos-de-grin\/partenaires\/"},"modified":"2021-03-17T14:05:37","modified_gmt":"2021-03-17T13:05:37","slug":"partenaires","status":"publish","type":"page","link":"https:\/\/www.grin.com\/fr\/sur-grin\/partenaires\/","title":{"rendered":"Partenaires"},"content":{"rendered":"\t\t<div data-elementor-type=\"wp-page\" data-elementor-id=\"8566\" class=\"elementor elementor-8566 elementor-50\" data-elementor-post-type=\"page\">\n\t\t\t\t\t\t<section class=\"elementor-section elementor-top-section elementor-element elementor-element-8013046 elementor-section-boxed elementor-section-height-default elementor-section-height-default\" data-id=\"8013046\" data-element_type=\"section\" data-e-type=\"section\">\n\t\t\t\t\t\t<div class=\"elementor-container elementor-column-gap-default\">\n\t\t\t\t\t<div class=\"elementor-column elementor-col-100 elementor-top-column elementor-element elementor-element-43680a9\" data-id=\"43680a9\" data-element_type=\"column\" data-e-type=\"column\">\n\t\t\t<div class=\"elementor-widget-wrap elementor-element-populated\">\n\t\t\t\t\t\t<div class=\"elementor-element elementor-element-46c096a elementor-widget elementor-widget-grin-headerimage-widget\" data-id=\"46c096a\" data-element_type=\"widget\" data-e-type=\"widget\" data-widget_type=\"grin-headerimage-widget.default\">\n\t\t\t\t<div class=\"elementor-widget-container\">\n\t\t\t\t\t<div class=\"headerimage\">\r\n    <div class=\"image-container\"><img decoding=\"async\" width=\"2400\" height=\"1080\" src=\"https:\/\/www.grin.com\/wp-content\/uploads\/2020\/12\/partner1.jpg\" class=\"attachment-full size-full\" alt=\"Titelbild: Handschlag im B\u00fcro\" srcset=\"https:\/\/www.grin.com\/wp-content\/uploads\/2020\/12\/partner1.jpg 2400w, https:\/\/www.grin.com\/wp-content\/uploads\/2020\/12\/partner1-300x135.jpg 300w, https:\/\/www.grin.com\/wp-content\/uploads\/2020\/12\/partner1-1024x461.jpg 1024w, https:\/\/www.grin.com\/wp-content\/uploads\/2020\/12\/partner1-768x346.jpg 768w, https:\/\/www.grin.com\/wp-content\/uploads\/2020\/12\/partner1-1536x691.jpg 1536w, https:\/\/www.grin.com\/wp-content\/uploads\/2020\/12\/partner1-2048x922.jpg 2048w\" sizes=\"(max-width: 2400px) 100vw, 2400px\" title=\"\"><\/div>\r\n    <h1>D\u00e9couvrez les partenaires de GRIN :<br>Partenaires commerciaux, coop\u00e9ration avec les universit\u00e9s et les institutions scientifiques<\/h1>\r\n<\/div>\t\t\t\t<\/div>\n\t\t\t\t<\/div>\n\t\t\t\t\t<\/div>\n\t\t<\/div>\n\t\t\t\t\t<\/div>\n\t\t<\/section>\n\t\t\t\t<section class=\"elementor-section elementor-top-section elementor-element elementor-element-043dd6d elementor-section-boxed elementor-section-height-default elementor-section-height-default\" data-id=\"043dd6d\" data-element_type=\"section\" data-e-type=\"section\">\n\t\t\t\t\t\t<div class=\"elementor-container elementor-column-gap-default\">\n\t\t\t\t\t<div class=\"elementor-column elementor-col-50 elementor-top-column elementor-element elementor-element-14c6794\" data-id=\"14c6794\" data-element_type=\"column\" data-e-type=\"column\">\n\t\t\t<div class=\"elementor-widget-wrap elementor-element-populated\">\n\t\t\t\t\t\t<div class=\"elementor-element elementor-element-1e126f2 elementor-widget elementor-widget-grin-custom-teaser-widget\" data-id=\"1e126f2\" data-element_type=\"widget\" data-e-type=\"widget\" data-widget_type=\"grin-custom-teaser-widget.default\">\n\t\t\t\t<div class=\"elementor-widget-container\">\n\t\t\t\t\t<div class=\"box teaser customteaser\">\r\n    <div class=\"contentarea\">\r\n\t<div class=\"image-container bg-image\"><img decoding=\"async\" src=\"https:\/\/www.grin.com\/wp-content\/uploads\/2020\/12\/illu_Registrieren_Publizieren_555x224.svg\" class=\"attachment-full size-full\" alt=\"Registrieren und Publizieren\" title=\"\"><\/div>\r\n        <h2 class=\"small\"><a href=\"https:\/\/www.grin.com\/fr\/sur-grin\/partenaires\/partenaires-commerciaux\/\">Partenaires commerciaux<\/a><\/h2>\n<p><strong>GRIN fournit un r\u00e9seau de distribution mondial.<\/strong> Nos partenaires commerciaux comprennent tous les grands magasins en ligne ainsi que les librairies locales.<\/p>\n\r\n        <div class=\"buttons\">\r\n            <a class=\"icon-light field borders green\" href=\"https:\/\/www.grin.com\/de\/ueber-grin\/partner\/handelspartner\/\">\r\n                <span class=\"text\">\r\n                    <span class=\"text-content-container\">En savoir plus<\/span>\r\n                <\/span><span class=\"icon\"><\/span>\r\n            <\/a>\r\n        <\/div>\r\n    <\/div>\r\n<\/div>\t\t\t\t<\/div>\n\t\t\t\t<\/div>\n\t\t\t\t\t<\/div>\n\t\t<\/div>\n\t\t\t\t<div class=\"elementor-column elementor-col-50 elementor-top-column elementor-element elementor-element-9cd1d51\" data-id=\"9cd1d51\" data-element_type=\"column\" data-e-type=\"column\">\n\t\t\t<div class=\"elementor-widget-wrap elementor-element-populated\">\n\t\t\t\t\t\t<div class=\"elementor-element elementor-element-25c76ad elementor-widget elementor-widget-grin-custom-teaser-widget\" data-id=\"25c76ad\" data-element_type=\"widget\" data-e-type=\"widget\" data-widget_type=\"grin-custom-teaser-widget.default\">\n\t\t\t\t<div class=\"elementor-widget-container\">\n\t\t\t\t\t<div class=\"box teaser customteaser\">\r\n    <div class=\"contentarea\">\r\n\t<div class=\"image-container bg-image\"><img decoding=\"async\" src=\"https:\/\/www.grin.com\/wp-content\/uploads\/2020\/12\/illu_Registrieren_Publizieren_555x224.svg\" class=\"attachment-full size-full\" alt=\"Registrieren und Publizieren\" title=\"\"><\/div>\r\n        <h2 class=\"small\"><a href=\"https:\/\/www.grin.com\/fr\/sur-grin\/partenaires\/cooperations\/\">Coop\u00e9rations<\/a><\/h2>\n<p><strong>GRIN coop\u00e8re avec diverses institutions<\/strong> \u00e9tudiantes et scientifiques. Des universit\u00e9s renomm\u00e9es font \u00e9galement partie de nos partenaires.<\/p>\n\r\n        <div class=\"buttons\">\r\n            <a class=\"icon-light field borders green\" href=\"https:\/\/www.grin.com\/de\/ueber-grin\/partner\/kooperationen\/\">\r\n                <span class=\"text\">\r\n                    <span class=\"text-content-container\">En savoir plus<\/span>\r\n                <\/span><span class=\"icon\"><\/span>\r\n            <\/a>\r\n        <\/div>\r\n    <\/div>\r\n<\/div>\t\t\t\t<\/div>\n\t\t\t\t<\/div>\n\t\t\t\t\t<\/div>\n\t\t<\/div>\n\t\t\t\t\t<\/div>\n\t\t<\/section>\n\t\t\t\t<section class=\"elementor-section elementor-top-section elementor-element elementor-element-9a49808 elementor-section-boxed elementor-section-height-default elementor-section-height-default\" data-id=\"9a49808\" data-element_type=\"section\" data-e-type=\"section\">\n\t\t\t\t\t\t<div class=\"elementor-container elementor-column-gap-default\">\n\t\t\t\t\t<div class=\"elementor-column elementor-col-50 elementor-top-column elementor-element elementor-element-16b6f5f\" data-id=\"16b6f5f\" data-element_type=\"column\" data-e-type=\"column\">\n\t\t\t<div class=\"elementor-widget-wrap elementor-element-populated\">\n\t\t\t\t\t\t<div class=\"elementor-element elementor-element-40214f5 elementor-widget elementor-widget-global elementor-global-8775 elementor-global-595 elementor-widget-grin-audience-widget\" data-id=\"40214f5\" data-element_type=\"widget\" data-e-type=\"widget\" data-widget_type=\"grin-audience-widget.default\">\n\t\t\t\t<div class=\"elementor-widget-container\">\n\t\t\t\t\t<div class=\"whitebox audience\" style=\"background:\">\r\n    <div class=\"image-container\"><img decoding=\"async\" width=\"2262\" height=\"1080\" src=\"https:\/\/www.grin.com\/wp-content\/uploads\/2020\/12\/hochschule_klein.jpg\" class=\"attachment-full size-full\" alt=\"Vorschaubild: Tablet in einem Regal mit B\u00fcchern\" srcset=\"https:\/\/www.grin.com\/wp-content\/uploads\/2020\/12\/hochschule_klein.jpg 2262w, https:\/\/www.grin.com\/wp-content\/uploads\/2020\/12\/hochschule_klein-300x143.jpg 300w, https:\/\/www.grin.com\/wp-content\/uploads\/2020\/12\/hochschule_klein-1024x489.jpg 1024w, https:\/\/www.grin.com\/wp-content\/uploads\/2020\/12\/hochschule_klein-768x367.jpg 768w, https:\/\/www.grin.com\/wp-content\/uploads\/2020\/12\/hochschule_klein-1536x733.jpg 1536w, https:\/\/www.grin.com\/wp-content\/uploads\/2020\/12\/hochschule_klein-2048x978.jpg 2048w\" sizes=\"(max-width: 2262px) 100vw, 2262px\" title=\"\"><\/div>\r\n    <div class=\"contentarea\">\r\n        \r\n        <h3 class=\"small\"><a href=\"https:\/\/www.grin.com\/fr\/sur-grin\/partenaires\/universites\/\">Universit\u00e9s<\/a><\/h3><p><strong>GRIN offre une grande s\u00e9lection<\/strong> de haute qualit\u00e9 de publications scientifiques. D\u00e9couvrez notre processus de s\u00e9lection et nos normes de qualit\u00e9 !<\/p><p><a title=\"Hochschulen\" href=\"https:\/\/www.grin.com\/fr\/sur-grin\/partenaires\/universites\/\">Link zur Seite<\/a><\/p>\r\n        \r\n    <\/div>\r\n<\/div>\t\t\t\t<\/div>\n\t\t\t\t<\/div>\n\t\t\t\t\t<\/div>\n\t\t<\/div>\n\t\t\t\t<div class=\"elementor-column elementor-col-50 elementor-top-column elementor-element elementor-element-ea2008c\" data-id=\"ea2008c\" data-element_type=\"column\" data-e-type=\"column\">\n\t\t\t<div class=\"elementor-widget-wrap\">\n\t\t\t\t\t\t\t<\/div>\n\t\t<\/div>\n\t\t\t\t\t<\/div>\n\t\t<\/section>\n\t\t\t\t<section class=\"elementor-section elementor-top-section elementor-element elementor-element-0eba78b elementor-section-boxed elementor-section-height-default elementor-section-height-default\" data-id=\"0eba78b\" data-element_type=\"section\" data-e-type=\"section\">\n\t\t\t\t\t\t<div class=\"elementor-container elementor-column-gap-default\">\n\t\t\t\t\t<div class=\"elementor-column elementor-col-100 elementor-top-column elementor-element elementor-element-5db7c96\" data-id=\"5db7c96\" data-element_type=\"column\" data-e-type=\"column\">\n\t\t\t<div class=\"elementor-widget-wrap elementor-element-populated\">\n\t\t\t\t\t\t<div class=\"elementor-element elementor-element-97e2c5e elementor-widget elementor-widget-global elementor-global-8702 elementor-global-921 elementor-widget-grin-share-widget\" data-id=\"97e2c5e\" data-element_type=\"widget\" data-e-type=\"widget\" data-widget_type=\"grin-share-widget.default\">\n\t\t\t\t<div class=\"elementor-widget-container\">\n\t\t\t\t\t<div class=\"share\">\n    <div class=\"footer-logo\"><\/div>\n    <div class=\"share-icons\">\n        <div class=\"shariff\" data-backend-url=\"null\" data-button-style=\"icon\" data-mail-url=\"mailto:\" data-services=\"[&quot;twitter&quot;,&quot;facebook&quot;,&quot;mail&quot;,&quot;whatsapp&quot;,&quot;linkedin&quot;]\"><\/div>\n        <div class=\"share-icon\"><a href=\"https:\/\/www.instagram.com\/grin_verlag\/\" target=\"_blank\" class=\"instagram\" rel=\"noopener\">Zu Instagram<\/a><\/div>\n    <\/div>\n<\/div>\t\t\t\t<\/div>\n\t\t\t\t<\/div>\n\t\t\t\t\t<\/div>\n\t\t<\/div>\n\t\t\t\t\t<\/div>\n\t\t<\/section>\n\t\t\t\t<\/div>\n\t\t","protected":false},"excerpt":{"rendered":"<p>D\u00e9couvrez les partenaires de GRIN :Partenaires commerciaux, coop\u00e9ration avec les universit\u00e9s et les institutions scientifiques Partenaires commerciaux GRIN fournit un r\u00e9seau de distribution mondial. Nos partenaires commerciaux comprennent tous les grands magasins en ligne ainsi que les librairies locales. En savoir plus Coop\u00e9rations GRIN coop\u00e8re avec diverses institutions \u00e9tudiantes et scientifiques. Des universit\u00e9s renomm\u00e9es font [&hellip;]<\/p>\n","protected":false},"author":17,"featured_media":0,"parent":8561,"menu_order":0,"comment_status":"closed","ping_status":"closed","template":"","meta":{"_acf_changed":false,"_lmt_disableupdate":"","_lmt_disable":"","footnotes":""},"class_list":["post-8566","page","type-page","status-publish","hentry"],"acf":[],"_links":{"self":[{"href":"https:\/\/www.grin.com\/fr\/wp-json\/wp\/v2\/pages\/8566","targetHints":{"allow":["GET"]}}],"collection":[{"href":"https:\/\/www.grin.com\/fr\/wp-json\/wp\/v2\/pages"}],"about":[{"href":"https:\/\/www.grin.com\/fr\/wp-json\/wp\/v2\/types\/page"}],"author":[{"embeddable":true,"href":"https:\/\/www.grin.com\/fr\/wp-json\/wp\/v2\/users\/17"}],"replies":[{"embeddable":true,"href":"https:\/\/www.grin.com\/fr\/wp-json\/wp\/v2\/comments?post=8566"}],"version-history":[{"count":15,"href":"https:\/\/www.grin.com\/fr\/wp-json\/wp\/v2\/pages\/8566\/revisions"}],"predecessor-version":[{"id":12111,"href":"https:\/\/www.grin.com\/fr\/wp-json\/wp\/v2\/pages\/8566\/revisions\/12111"}],"up":[{"embeddable":true,"href":"https:\/\/www.grin.com\/fr\/wp-json\/wp\/v2\/pages\/8561"}],"wp:attachment":[{"href":"https:\/\/www.grin.com\/fr\/wp-json\/wp\/v2\/media?parent=8566"}],"curies":[{"name":"wp","href":"https:\/\/api.w.org\/{rel}","templated":true}]}}