{"id":8570,"date":"2023-01-05T15:14:44","date_gmt":"2023-01-05T14:14:44","guid":{"rendered":"https:\/\/www.grin.com\/services\/"},"modified":"2023-01-05T15:15:15","modified_gmt":"2023-01-05T14:15:15","slug":"services","status":"publish","type":"page","link":"https:\/\/www.grin.com\/fr\/services\/","title":{"rendered":"Services"},"content":{"rendered":"\t\t<div data-elementor-type=\"wp-page\" data-elementor-id=\"8570\" class=\"elementor elementor-8570 elementor-48\" data-elementor-post-type=\"page\">\n\t\t\t\t\t\t<section class=\"elementor-section elementor-top-section elementor-element elementor-element-90c17dd elementor-section-boxed elementor-section-height-default elementor-section-height-default\" data-id=\"90c17dd\" data-element_type=\"section\" data-e-type=\"section\">\n\t\t\t\t\t\t<div class=\"elementor-container elementor-column-gap-default\">\n\t\t\t\t\t<div class=\"elementor-column elementor-col-100 elementor-top-column elementor-element elementor-element-fc80884\" data-id=\"fc80884\" data-element_type=\"column\" data-e-type=\"column\">\n\t\t\t<div class=\"elementor-widget-wrap elementor-element-populated\">\n\t\t\t\t\t\t<div class=\"elementor-element elementor-element-efee6f0 elementor-widget elementor-widget-text-editor\" data-id=\"efee6f0\" data-element_type=\"widget\" data-e-type=\"widget\" data-widget_type=\"text-editor.default\">\n\t\t\t\t<div class=\"elementor-widget-container\">\n\t\t\t\t\t\t\t\t\t<h1 class=\"large\">Nos services pour les \u00e9tudiants et les auteurs<\/h1>\n\t\t\t\t\t\t\t\t<\/div>\n\t\t\t\t<\/div>\n\t\t\t\t\t<\/div>\n\t\t<\/div>\n\t\t\t\t\t<\/div>\n\t\t<\/section>\n\t\t\t\t<section class=\"elementor-section elementor-top-section elementor-element elementor-element-382b8c7 elementor-section-boxed elementor-section-height-default elementor-section-height-default\" data-id=\"382b8c7\" data-element_type=\"section\" data-e-type=\"section\">\n\t\t\t\t\t\t<div class=\"elementor-container elementor-column-gap-default\">\n\t\t\t\t\t<div class=\"elementor-column elementor-col-50 elementor-top-column elementor-element elementor-element-13e5d65\" data-id=\"13e5d65\" data-element_type=\"column\" data-e-type=\"column\">\n\t\t\t<div class=\"elementor-widget-wrap elementor-element-populated\">\n\t\t\t\t\t\t<div class=\"elementor-element elementor-element-bb40d50 elementor-widget elementor-widget-grin-custom-teaser-widget\" data-id=\"bb40d50\" data-element_type=\"widget\" data-e-type=\"widget\" data-widget_type=\"grin-custom-teaser-widget.default\">\n\t\t\t\t<div class=\"elementor-widget-container\">\n\t\t\t\t\t<div class=\"box teaser customteaser\">\r\n    <div class=\"contentarea\">\r\n\t<div class=\"image-container bg-image\"><img decoding=\"async\" src=\"https:\/\/www.grin.com\/wp-content\/uploads\/2020\/12\/illu_Registrieren_Publizieren_555x224.svg\" class=\"attachment-full size-full\" alt=\"Registrieren und Publizieren\" title=\"\"><\/div>\r\n        <h2 class=\"small\">Services Premium - Faites-en plus de vos livres !<\/h2>\n<p>Avec nos Services Premium, vous pouvez mettre \u00e0 jour vos livres et les commercialiser sp\u00e9cifiquement aupr\u00e8s de votre groupe cible.<\/p>\n\r\n        <div class=\"buttons\">\r\n            <a class=\"icon-light field borders green\" href=\"https:\/\/www.grin.com\/de\/services\/premium\/\">\r\n                <span class=\"text\">\r\n                    <span class=\"text-content-container\">Sur les Services Premium<\/span>\r\n                <\/span><span class=\"icon\"><\/span>\r\n            <\/a>\r\n        <\/div>\r\n    <\/div>\r\n<\/div>\t\t\t\t<\/div>\n\t\t\t\t<\/div>\n\t\t\t\t\t<\/div>\n\t\t<\/div>\n\t\t\t\t<div class=\"elementor-column elementor-col-50 elementor-top-column elementor-element elementor-element-933f197\" data-id=\"933f197\" data-element_type=\"column\" data-e-type=\"column\">\n\t\t\t<div class=\"elementor-widget-wrap elementor-element-populated\">\n\t\t\t\t\t\t<div class=\"elementor-element elementor-element-8e9d38b elementor-widget elementor-widget-grin-custom-teaser-widget\" data-id=\"8e9d38b\" data-element_type=\"widget\" data-e-type=\"widget\" data-widget_type=\"grin-custom-teaser-widget.default\">\n\t\t\t\t<div class=\"elementor-widget-container\">\n\t\t\t\t\t<div class=\"box teaser customteaser\">\r\n    <div class=\"contentarea\">\r\n\t<div class=\"image-container bg-image\"><img decoding=\"async\" src=\"https:\/\/www.grin.com\/wp-content\/uploads\/2020\/12\/illu_Registrieren_Publizieren_555x224.svg\" class=\"attachment-full size-full\" alt=\"Registrieren und Publizieren\" title=\"\"><\/div>\r\n        <h2 class=\"small\">Mod\u00e8les &amp; aide pour des textes scientifiques<\/h2>\n<p>Nous vous aidons dans la recherche de sujets, \u00e0 faire des recherches litt\u00e9raires et dans la r\u00e9daction scientifique.<\/p>\n\r\n        <div class=\"buttons\">\r\n            <a class=\"icon-document field borders green\" href=\"https:\/\/www.grin.com\/de\/services\/vorlagen\/\">\r\n                <span class=\"text\">\r\n                    <span class=\"text-content-container\">Sur les mod\u00e8les &amp; conseils<\/span>\r\n                <\/span><span class=\"icon\"><\/span>\r\n            <\/a>\r\n        <\/div>\r\n    <\/div>\r\n<\/div>\t\t\t\t<\/div>\n\t\t\t\t<\/div>\n\t\t\t\t\t<\/div>\n\t\t<\/div>\n\t\t\t\t\t<\/div>\n\t\t<\/section>\n\t\t\t\t<section class=\"elementor-section elementor-top-section elementor-element elementor-element-6a56c2d elementor-section-boxed elementor-section-height-default elementor-section-height-default\" data-id=\"6a56c2d\" data-element_type=\"section\" data-e-type=\"section\">\n\t\t\t\t\t\t<div class=\"elementor-container elementor-column-gap-default\">\n\t\t\t\t\t<div class=\"elementor-column elementor-col-50 elementor-top-column elementor-element elementor-element-227bc3c\" data-id=\"227bc3c\" data-element_type=\"column\" data-e-type=\"column\">\n\t\t\t<div class=\"elementor-widget-wrap elementor-element-populated\">\n\t\t\t\t\t\t<div class=\"elementor-element elementor-element-4a41bea elementor-widget elementor-widget-grin-custom-teaser-widget\" data-id=\"4a41bea\" data-element_type=\"widget\" data-e-type=\"widget\" data-widget_type=\"grin-custom-teaser-widget.default\">\n\t\t\t\t<div class=\"elementor-widget-container\">\n\t\t\t\t\t<div class=\"box teaser customteaser\">\r\n    <div class=\"contentarea\">\r\n\t<div class=\"image-container bg-image\"><img decoding=\"async\" src=\"https:\/\/www.grin.com\/wp-content\/uploads\/2020\/12\/illu_Registrieren_Publizieren_555x224.svg\" class=\"attachment-full size-full\" alt=\"Registrieren und Publizieren\" title=\"\"><\/div>\r\n        <h2 class=\"small\">Conseils sur l\u2019utilisation de Microsoft Word<\/h2>\n<p>D\u00e9couvrez les options utiles pour le formatage et l'automatisation.<\/p>\n\r\n        <div class=\"buttons\">\r\n            <a class=\"icon-light field borders green\" href=\"https:\/\/www.grin.com\/de\/services\/word-tipps\/\">\r\n                <span class=\"text\">\r\n                    <span class=\"text-content-container\">Sur les conseils Word<\/span>\r\n                <\/span><span class=\"icon\"><\/span>\r\n            <\/a>\r\n        <\/div>\r\n    <\/div>\r\n<\/div>\t\t\t\t<\/div>\n\t\t\t\t<\/div>\n\t\t\t\t\t<\/div>\n\t\t<\/div>\n\t\t\t\t<div class=\"elementor-column elementor-col-50 elementor-top-column elementor-element elementor-element-3e8acae\" data-id=\"3e8acae\" data-element_type=\"column\" data-e-type=\"column\">\n\t\t\t<div class=\"elementor-widget-wrap elementor-element-populated\">\n\t\t\t\t\t\t<div class=\"elementor-element elementor-element-1ae26cd elementor-widget elementor-widget-grin-custom-teaser-widget\" data-id=\"1ae26cd\" data-element_type=\"widget\" data-e-type=\"widget\" data-widget_type=\"grin-custom-teaser-widget.default\">\n\t\t\t\t<div class=\"elementor-widget-container\">\n\t\t\t\t\t<div class=\"box teaser customteaser\">\r\n    <div class=\"contentarea\">\r\n\t<div class=\"image-container bg-image\"><img decoding=\"async\" src=\"https:\/\/www.grin.com\/wp-content\/uploads\/2020\/12\/illu_Registrieren_Publizieren_555x224.svg\" class=\"attachment-full size-full\" alt=\"Registrieren und Publizieren\" title=\"\"><\/div>\r\n        <h2 class=\"small\">Vous avez des questions sur notre service ?<\/h2>\n<p>Nous avons rassembl\u00e9 pour vous des questions et r\u00e9ponses utiles dans notre section d'aide.<\/p>\n\r\n        <div class=\"buttons\">\r\n            <a class=\"icon-light field borders green\" href=\"https:\/\/support.grin.com\/en\/\" target=\"_blank\" rel=\"noopener\">\r\n                <span class=\"text\">\r\n                    <span class=\"text-content-container\">Sur la section d\u2019aide<\/span>\r\n                <\/span><span class=\"icon\"><\/span>\r\n            <\/a>\r\n        <\/div>\r\n    <\/div>\r\n<\/div>\t\t\t\t<\/div>\n\t\t\t\t<\/div>\n\t\t\t\t\t<\/div>\n\t\t<\/div>\n\t\t\t\t\t<\/div>\n\t\t<\/section>\n\t\t\t\t<section class=\"elementor-section elementor-top-section elementor-element elementor-element-a24dd1a elementor-section-boxed elementor-section-height-default elementor-section-height-default\" data-id=\"a24dd1a\" data-element_type=\"section\" data-e-type=\"section\">\n\t\t\t\t\t\t<div class=\"elementor-container elementor-column-gap-default\">\n\t\t\t\t\t<div class=\"elementor-column elementor-col-100 elementor-top-column elementor-element elementor-element-03734e1\" data-id=\"03734e1\" data-element_type=\"column\" data-e-type=\"column\">\n\t\t\t<div class=\"elementor-widget-wrap elementor-element-populated\">\n\t\t\t\t\t\t<div class=\"elementor-element elementor-element-19c8a57 elementor-widget elementor-widget-global elementor-global-8702 elementor-global-921 elementor-widget-grin-share-widget\" data-id=\"19c8a57\" data-element_type=\"widget\" data-e-type=\"widget\" data-widget_type=\"grin-share-widget.default\">\n\t\t\t\t<div class=\"elementor-widget-container\">\n\t\t\t\t\t<div class=\"share\">\n    <div class=\"footer-logo\"><\/div>\n    <div class=\"share-icons\">\n        <div class=\"shariff\" data-backend-url=\"null\" data-button-style=\"icon\" data-mail-url=\"mailto:\" data-services=\"[&quot;twitter&quot;,&quot;facebook&quot;,&quot;mail&quot;,&quot;whatsapp&quot;,&quot;linkedin&quot;]\"><\/div>\n        <div class=\"share-icon\"><a href=\"https:\/\/www.instagram.com\/grin_verlag\/\" target=\"_blank\" class=\"instagram\" rel=\"noopener\">Zu Instagram<\/a><\/div>\n    <\/div>\n<\/div>\t\t\t\t<\/div>\n\t\t\t\t<\/div>\n\t\t\t\t\t<\/div>\n\t\t<\/div>\n\t\t\t\t\t<\/div>\n\t\t<\/section>\n\t\t\t\t<\/div>\n\t\t","protected":false},"excerpt":{"rendered":"<p>Nos services pour les \u00e9tudiants et les auteurs Services Premium &#8211; Faites-en plus de vos livres ! Avec nos Services Premium, vous pouvez mettre \u00e0 jour vos livres et les commercialiser sp\u00e9cifiquement aupr\u00e8s de votre groupe cible. Sur les Services Premium Mod\u00e8les &amp; aide pour des textes scientifiques Nous vous aidons dans la recherche de [&hellip;]<\/p>\n","protected":false},"author":17,"featured_media":0,"parent":0,"menu_order":0,"comment_status":"closed","ping_status":"closed","template":"","meta":{"_acf_changed":false,"_lmt_disableupdate":"","_lmt_disable":"","footnotes":""},"class_list":["post-8570","page","type-page","status-publish","hentry"],"acf":[],"_links":{"self":[{"href":"https:\/\/www.grin.com\/fr\/wp-json\/wp\/v2\/pages\/8570","targetHints":{"allow":["GET"]}}],"collection":[{"href":"https:\/\/www.grin.com\/fr\/wp-json\/wp\/v2\/pages"}],"about":[{"href":"https:\/\/www.grin.com\/fr\/wp-json\/wp\/v2\/types\/page"}],"author":[{"embeddable":true,"href":"https:\/\/www.grin.com\/fr\/wp-json\/wp\/v2\/users\/17"}],"replies":[{"embeddable":true,"href":"https:\/\/www.grin.com\/fr\/wp-json\/wp\/v2\/comments?post=8570"}],"version-history":[{"count":12,"href":"https:\/\/www.grin.com\/fr\/wp-json\/wp\/v2\/pages\/8570\/revisions"}],"predecessor-version":[{"id":30855,"href":"https:\/\/www.grin.com\/fr\/wp-json\/wp\/v2\/pages\/8570\/revisions\/30855"}],"wp:attachment":[{"href":"https:\/\/www.grin.com\/fr\/wp-json\/wp\/v2\/media?parent=8570"}],"curies":[{"name":"wp","href":"https:\/\/api.w.org\/{rel}","templated":true}]}}