{"id":8608,"date":"2021-07-27T11:47:42","date_gmt":"2021-07-27T09:47:42","guid":{"rendered":"https:\/\/www.grin.com\/faq-2\/prise-de-contact\/"},"modified":"2021-07-27T14:27:14","modified_gmt":"2021-07-27T12:27:14","slug":"prise-de-contact","status":"publish","type":"page","link":"https:\/\/www.grin.com\/fr\/prise-de-contact\/","title":{"rendered":"Prise de contact"},"content":{"rendered":"\t\t<div data-elementor-type=\"wp-page\" data-elementor-id=\"8608\" class=\"elementor elementor-8608 elementor-2042\" data-elementor-post-type=\"page\">\n\t\t\t\t\t\t<section class=\"elementor-section elementor-top-section elementor-element elementor-element-4fc7147 elementor-section-boxed elementor-section-height-default elementor-section-height-default\" data-id=\"4fc7147\" data-element_type=\"section\" data-e-type=\"section\">\n\t\t\t\t\t\t<div class=\"elementor-container elementor-column-gap-default\">\n\t\t\t\t\t<div class=\"elementor-column elementor-col-100 elementor-top-column elementor-element elementor-element-c3f1a6d\" data-id=\"c3f1a6d\" data-element_type=\"column\" data-e-type=\"column\">\n\t\t\t<div class=\"elementor-widget-wrap elementor-element-populated\">\n\t\t\t\t\t\t<div class=\"elementor-element elementor-element-b46bed6 elementor-widget elementor-widget-text-editor\" data-id=\"b46bed6\" data-element_type=\"widget\" data-e-type=\"widget\" data-widget_type=\"text-editor.default\">\n\t\t\t\t<div class=\"elementor-widget-container\">\n\t\t\t\t\t\t\t\t\t<h1>Contactez le service GRIN<\/h1>\n\t\t\t\t\t\t\t\t<\/div>\n\t\t\t\t<\/div>\n\t\t\t\t\t<\/div>\n\t\t<\/div>\n\t\t\t\t\t<\/div>\n\t\t<\/section>\n\t\t\t\t<section class=\"elementor-section elementor-top-section elementor-element elementor-element-5f07278 elementor-section-boxed elementor-section-height-default elementor-section-height-default\" data-id=\"5f07278\" data-element_type=\"section\" data-e-type=\"section\">\n\t\t\t\t\t\t<div class=\"elementor-container elementor-column-gap-default\">\n\t\t\t\t\t<div class=\"elementor-column elementor-col-100 elementor-top-column elementor-element elementor-element-f40f2d2\" data-id=\"f40f2d2\" data-element_type=\"column\" data-e-type=\"column\">\n\t\t\t<div class=\"elementor-widget-wrap elementor-element-populated\">\n\t\t\t\t\t\t<div class=\"elementor-element elementor-element-dcd5cfe elementor-widget elementor-widget-text-editor\" data-id=\"dcd5cfe\" data-element_type=\"widget\" data-e-type=\"widget\" data-widget_type=\"text-editor.default\">\n\t\t\t\t<div class=\"elementor-widget-container\">\n\t\t\t\t\t\t\t\t\t<p>Avez-vous des questions sur la publication, l\u2019achat d\u2019un e-book, votre contrat d\u2019auteur ou votre compte GRIN ? Notre service client\u00e8le est l\u00e0 pour vous aider.<\/p>\n\t\t\t\t\t\t\t\t<\/div>\n\t\t\t\t<\/div>\n\t\t\t\t\t<\/div>\n\t\t<\/div>\n\t\t\t\t\t<\/div>\n\t\t<\/section>\n\t\t\t\t<section class=\"elementor-section elementor-top-section elementor-element elementor-element-c666219 elementor-section-boxed elementor-section-height-default elementor-section-height-default\" data-id=\"c666219\" data-element_type=\"section\" data-e-type=\"section\">\n\t\t\t\t\t\t<div class=\"elementor-container elementor-column-gap-default\">\n\t\t\t\t\t<div class=\"elementor-column elementor-col-100 elementor-top-column elementor-element elementor-element-c7cacea\" data-id=\"c7cacea\" data-element_type=\"column\" data-e-type=\"column\">\n\t\t\t<div class=\"elementor-widget-wrap elementor-element-populated\">\n\t\t\t\t\t\t<div class=\"elementor-element elementor-element-af583b1 elementor-widget elementor-widget-global elementor-global-8694 elementor-global-1189 elementor-widget-grin-contact-widget\" data-id=\"af583b1\" data-element_type=\"widget\" data-e-type=\"widget\" data-widget_type=\"grin-contact-widget.default\">\n\t\t\t\t<div class=\"elementor-widget-container\">\n\t\t\t\t\t<div class=\"contact\">\r\n    <div class=\"contentarea\">\r\n        <h2 class=\"small\">Vous avez des questions ou<br>vous avez besoin d'aide ?<\/h2>\r\n        <div class=\"column-container\">\r\n            <div class=\"media\">\r\n                <div class=\"image-sizer\">\r\n                    <div class=\"image-container\"><img decoding=\"async\" width=\"2560\" height=\"1707\" src=\"https:\/\/www.grin.com\/wp-content\/uploads\/2020\/10\/Support-scaled.jpg\" class=\"attachment-full size-full\" alt=\"Frau nimmt telefonische Anfrage entgegen\" srcset=\"https:\/\/www.grin.com\/wp-content\/uploads\/2020\/10\/Support-scaled.jpg 2560w, https:\/\/www.grin.com\/wp-content\/uploads\/2020\/10\/Support-300x200.jpg 300w, https:\/\/www.grin.com\/wp-content\/uploads\/2020\/10\/Support-1024x683.jpg 1024w, https:\/\/www.grin.com\/wp-content\/uploads\/2020\/10\/Support-768x512.jpg 768w, https:\/\/www.grin.com\/wp-content\/uploads\/2020\/10\/Support-1536x1024.jpg 1536w, https:\/\/www.grin.com\/wp-content\/uploads\/2020\/10\/Support-2048x1365.jpg 2048w\" sizes=\"(max-width: 2560px) 100vw, 2560px\" \/><\/div>\r\n                <\/div>\r\n            <\/div>\r\n            <div class=\"textcontent\">\r\n                <div class=\"bigtext large\"><p>Du lundi au jeudi:<br \/>10h-13h et 14h- 17h<\/p><p>Vendredi:<br \/>10h-13h et 14h- 16h<\/p><p>+49 89 550559-0<\/p><p><a href=\"mailto:info@grin.com\">info@grin.com<\/a><\/p><\/div>\r\n                <div class=\"smalltext\"><p>Appelez-nous ou \u00e9crivez-nous :<\/p><p><strong>Nous serons ravis de vous aider.<\/strong><\/p><\/div>\r\n            <\/div>\r\n        <\/div>\r\n    <\/div>\r\n<\/div>\t\t\t\t<\/div>\n\t\t\t\t<\/div>\n\t\t\t\t\t<\/div>\n\t\t<\/div>\n\t\t\t\t\t<\/div>\n\t\t<\/section>\n\t\t\t\t<section class=\"elementor-section elementor-top-section elementor-element elementor-element-a800636 elementor-section-boxed elementor-section-height-default elementor-section-height-default\" data-id=\"a800636\" data-element_type=\"section\" data-e-type=\"section\">\n\t\t\t\t\t\t<div class=\"elementor-container elementor-column-gap-default\">\n\t\t\t\t\t<div class=\"elementor-column elementor-col-100 elementor-top-column elementor-element elementor-element-88a7944\" data-id=\"88a7944\" data-element_type=\"column\" data-e-type=\"column\">\n\t\t\t<div class=\"elementor-widget-wrap elementor-element-populated\">\n\t\t\t\t\t\t<div class=\"elementor-element elementor-element-1b63be7 elementor-widget elementor-widget-text-editor\" data-id=\"1b63be7\" data-element_type=\"widget\" data-e-type=\"widget\" data-widget_type=\"text-editor.default\">\n\t\t\t\t<div class=\"elementor-widget-container\">\n\t\t\t\t\t\t\t\t\t<p>N\u2019h\u00e9sitez pas \u00e0 nous contacter en utilisant le formulaire ci-dessous. Nous vous aidons personnellement pour toutes les questions concernant GRIN !<\/p>\n\t\t\t\t\t\t\t\t<\/div>\n\t\t\t\t<\/div>\n\t\t\t\t\t<\/div>\n\t\t<\/div>\n\t\t\t\t\t<\/div>\n\t\t<\/section>\n\t\t\t\t<section class=\"elementor-section elementor-top-section elementor-element elementor-element-5e901a4 elementor-section-boxed elementor-section-height-default elementor-section-height-default\" data-id=\"5e901a4\" data-element_type=\"section\" data-e-type=\"section\">\n\t\t\t\t\t\t<div class=\"elementor-container elementor-column-gap-default\">\n\t\t\t\t\t<div class=\"elementor-column elementor-col-100 elementor-top-column elementor-element elementor-element-c438a6f\" data-id=\"c438a6f\" data-element_type=\"column\" data-e-type=\"column\">\n\t\t\t<div class=\"elementor-widget-wrap elementor-element-populated\">\n\t\t\t\t\t\t<div class=\"elementor-element elementor-element-2e30df6 elementor-button-align-stretch elementor-widget elementor-widget-form\" data-id=\"2e30df6\" data-element_type=\"widget\" data-e-type=\"widget\" data-settings=\"{&quot;step_next_label&quot;:&quot;N\\u00e4chster&quot;,&quot;step_previous_label&quot;:&quot;Voriger&quot;,&quot;button_width&quot;:&quot;100&quot;,&quot;step_type&quot;:&quot;number_text&quot;,&quot;step_icon_shape&quot;:&quot;circle&quot;}\" data-widget_type=\"form.default\">\n\t\t\t\t<div class=\"elementor-widget-container\">\n\t\t\t\t\t\t\t<form class=\"elementor-form\" method=\"post\" name=\"Contactez le service\" aria-label=\"Contactez le service\">\n\t\t\t<input type=\"hidden\" name=\"post_id\" value=\"8608\"\/>\n\t\t\t<input type=\"hidden\" name=\"form_id\" value=\"2e30df6\"\/>\n\t\t\t<input type=\"hidden\" name=\"referer_title\" value=\"\" \/>\n\n\t\t\t\n\t\t\t<div class=\"elementor-form-fields-wrapper elementor-labels-above\">\n\t\t\t\t\t\t\t\t<div class=\"elementor-field-type-text elementor-field-group elementor-column elementor-field-group-name elementor-col-100\">\n\t\t\t\t\t\t\t\t\t\t\t\t<label for=\"form-field-name\" class=\"elementor-field-label\">\n\t\t\t\t\t\t\t\tNom\t\t\t\t\t\t\t<\/label>\n\t\t\t\t\t\t\t\t\t\t\t\t\t\t<input size=\"1\" type=\"text\" name=\"form_fields[name]\" id=\"form-field-name\" class=\"elementor-field elementor-size-sm  elementor-field-textual\" placeholder=\"Pr\u00e9nom et nom de famille\">\n\t\t\t\t\t\t\t\t\t\t\t<\/div>\n\t\t\t\t\t\t\t\t<div class=\"elementor-field-type-email elementor-field-group elementor-column elementor-field-group-email elementor-col-100 elementor-field-required elementor-mark-required\">\n\t\t\t\t\t\t\t\t\t\t\t\t<label for=\"form-field-email\" class=\"elementor-field-label\">\n\t\t\t\t\t\t\t\tAdresse e-mail\t\t\t\t\t\t\t<\/label>\n\t\t\t\t\t\t\t\t\t\t\t\t\t\t<input size=\"1\" type=\"email\" name=\"form_fields[email]\" id=\"form-field-email\" class=\"elementor-field elementor-size-sm  elementor-field-textual\" placeholder=\"Votre adresse e-mail valide\" required=\"required\">\n\t\t\t\t\t\t\t\t\t\t\t<\/div>\n\t\t\t\t\t\t\t\t<div class=\"elementor-field-type-text\">\n\t\t\t\t\t<input size=\"1\" type=\"text\" name=\"form_fields[phone]\" id=\"form-field-phone\" class=\"elementor-field elementor-size-sm \" style=\"display:none !important;\">\t\t\t\t<\/div>\n\t\t\t\t\t\t\t\t<div class=\"elementor-field-type-textarea elementor-field-group elementor-column elementor-field-group-message elementor-col-100\">\n\t\t\t\t\t\t\t\t\t\t\t\t<label for=\"form-field-message\" class=\"elementor-field-label\">\n\t\t\t\t\t\t\t\tMessage\t\t\t\t\t\t\t<\/label>\n\t\t\t\t\t\t<textarea class=\"elementor-field-textual elementor-field  elementor-size-sm\" name=\"form_fields[message]\" id=\"form-field-message\" rows=\"4\" placeholder=\"Facultatif : Votre message\"><\/textarea>\t\t\t\t<\/div>\n\t\t\t\t\t\t\t\t<div class=\"elementor-field-group elementor-column elementor-field-type-submit elementor-col-100 e-form__buttons\">\n\t\t\t\t\t<button class=\"elementor-button elementor-size-sm\" type=\"submit\">\n\t\t\t\t\t\t<span class=\"elementor-button-content-wrapper\">\n\t\t\t\t\t\t\t\t\t\t\t\t\t\t\t\t\t\t\t\t\t\t<span class=\"elementor-button-text\">Envoyer<\/span>\n\t\t\t\t\t\t\t\t\t\t\t\t\t<\/span>\n\t\t\t\t\t<\/button>\n\t\t\t\t<\/div>\n\t\t\t<\/div>\n\t\t<\/form>\n\t\t\t\t\t\t<\/div>\n\t\t\t\t<\/div>\n\t\t\t\t\t<\/div>\n\t\t<\/div>\n\t\t\t\t\t<\/div>\n\t\t<\/section>\n\t\t\t\t<section class=\"elementor-section elementor-top-section elementor-element elementor-element-2c3433a elementor-section-boxed elementor-section-height-default elementor-section-height-default\" data-id=\"2c3433a\" data-element_type=\"section\" data-e-type=\"section\">\n\t\t\t\t\t\t<div class=\"elementor-container elementor-column-gap-default\">\n\t\t\t\t\t<div class=\"elementor-column elementor-col-100 elementor-top-column elementor-element elementor-element-3fd1fa7\" data-id=\"3fd1fa7\" data-element_type=\"column\" data-e-type=\"column\">\n\t\t\t<div class=\"elementor-widget-wrap elementor-element-populated\">\n\t\t\t\t\t\t<div class=\"elementor-element elementor-element-c16a55b elementor-widget elementor-widget-text-editor\" data-id=\"c16a55b\" data-element_type=\"widget\" data-e-type=\"widget\" data-widget_type=\"text-editor.default\">\n\t\t\t\t<div class=\"elementor-widget-container\">\n\t\t\t\t\t\t\t\t\t<p>GRIN Publishing GmbH, en tant que responsable, traite vos donn\u00e9es personnelles que vous transmettez uniquement pour r\u00e9pondre \u00e0 vos questions et pour vous contacter. Vous trouvez toutes les autres informations sur la protection des donn\u00e9es et vos droits dans notre <a href=\"https:\/\/www.grin.com\/fr\/protection-des-donnees\/\">politique de confidentialit\u00e9.<\/a><\/p>\n\t\t\t\t\t\t\t\t<\/div>\n\t\t\t\t<\/div>\n\t\t\t\t\t<\/div>\n\t\t<\/div>\n\t\t\t\t\t<\/div>\n\t\t<\/section>\n\t\t\t\t<section class=\"elementor-section elementor-top-section elementor-element elementor-element-c03f207 elementor-section-boxed elementor-section-height-default elementor-section-height-default\" data-id=\"c03f207\" data-element_type=\"section\" data-e-type=\"section\">\n\t\t\t\t\t\t<div class=\"elementor-container elementor-column-gap-default\">\n\t\t\t\t\t<div class=\"elementor-column elementor-col-50 elementor-top-column elementor-element elementor-element-31ce1b6\" data-id=\"31ce1b6\" data-element_type=\"column\" data-e-type=\"column\">\n\t\t\t<div class=\"elementor-widget-wrap elementor-element-populated\">\n\t\t\t\t\t\t<div class=\"elementor-element elementor-element-eaa346d elementor-widget elementor-widget-global elementor-global-8753 elementor-global-906 elementor-widget-grin-register-teaser-widget\" data-id=\"eaa346d\" data-element_type=\"widget\" data-e-type=\"widget\" data-widget_type=\"grin-register-teaser-widget.default\">\n\t\t\t\t<div class=\"elementor-widget-container\">\n\t\t\t\t\t<div class=\"box teaser registerteaser\">\r\n    <div class=\"contentarea\">\r\n        <p class=\"small h2-like\">Publier &amp; gagner de l'argent<\/p>\r\n        <a data-fancybox data-src=\"#registerHowTo .elementor-section\" href=\"#\" class=\"info\"><p><strong>Voici comment cela fonctionne<\/strong><br \/>Cliquez ici pour en savoir plus !<\/p><\/a>\r\n        <div class=\"buttons\">\r\n            <a class=\"publish field borders green\" href=\"https:\/\/www.grin.com\/login\/\">\r\n                <span class=\"text\">\r\n                    <span class=\"text-content-container\">S'inscrire maintenant & publier<\/span>\r\n                <\/span><span class=\"icon\"><\/span>\r\n            <\/a>\r\n        <\/div>\r\n    <\/div>\r\n    <div style=\"display:none\" id=\"registerHowTo\"><p>\t\t<div data-elementor-type=\"section\" data-elementor-id=\"8849\" class=\"elementor elementor-8849 elementor-795\" data-elementor-post-type=\"elementor_library\">\n\t\t\t\t\t<section class=\"elementor-section elementor-top-section elementor-element elementor-element-ab0d050 elementor-section-boxed elementor-section-height-default elementor-section-height-default\" data-id=\"ab0d050\" data-element_type=\"section\" data-e-type=\"section\">\n\t\t\t\t\t\t<div class=\"elementor-container elementor-column-gap-default\">\n\t\t\t\t\t<div class=\"elementor-column elementor-col-100 elementor-top-column elementor-element elementor-element-a331970\" data-id=\"a331970\" data-element_type=\"column\" data-e-type=\"column\">\n\t\t\t<div class=\"elementor-widget-wrap elementor-element-populated\">\n\t\t\t\t\t\t<div class=\"elementor-element elementor-element-de061ba elementor-widget elementor-widget-global elementor-global-8760 elementor-global-618 elementor-widget-grin-how-to-widget\" data-id=\"de061ba\" data-element_type=\"widget\" data-e-type=\"widget\" data-widget_type=\"grin-how-to-widget.default\">\n\t\t\t\t<div class=\"elementor-widget-container\">\n\t\t\t\t\t<div class=\"box-heading\"><h2 class=\"small\">Voici comment cela fonctionne : <span class=\"green-text\">Du t\u00e9l\u00e9chargement jusqu'\u00e0 la publication<\/span><\/h2><\/div>\r\n<div class=\"box howto\">\r\n    <div class=\"contentarea\">\r\n        <ol class=\"tabheads\">\r\n            <li class=\"tabhead active\"><span class=\"tabheadcontent\">S'inscrire et<br>t\u00e9l\u00e9charger le texte<\/span><\/li>\r\n            <li class=\"tabhead\"><span class=\"tabheadcontent\">Choisir une option<br>d'honoraires<\/span><\/li>\r\n            <li class=\"tabhead\"><span class=\"tabheadcontent\">Nous r\u00e9alisons<br>votre E-Book et<br>livre gratuitement<\/span><\/li>\r\n            <li class=\"tabhead\"><span class=\"tabheadcontent\">Distribution<\/span><\/li>\r\n            <li class=\"tabhead\"><span class=\"tabheadcontent\">Vos honoraires<\/span><\/li>\r\n        <\/ol>\r\n        <div class=\"tabcontents\">\r\n            <div class=\"tabcontent active\">\r\n                <div class=\"tabcontent-column\">\r\n                    <img decoding=\"async\" src=\"https:\/\/www.grin.com\/wp-content\/uploads\/2020\/09\/illu_sf_01.svg\" class=\"attachment-full size-full\" alt=\"Registrieren und Datei hochladen\" \/>\r\n                <\/div>\r\n                <div class=\"tabcontent-column\">\r\n                    <div class=\"tabcontent-column-content-container\">\r\n                        <p class=\"large\"><strong>S'inscrire et t\u00e9l\u00e9charger le fichier<\/strong><\/p><p>Cliquez sur \"S'inscrire\" et registrez-vous sur GRIN. Ensuite, vous pouvez ajouter votre manuscrit directement \u00e0 votre compte. Pour ce faire, cliquez simplement sur \"s\u00e9lectionner le fichier\" et t\u00e9l\u00e9chargez votre fichier Word ou PDF.<\/p>\r\n                    <\/div>\r\n                <\/div>\r\n            <\/div>\r\n            <div class=\"tabcontent\">\r\n                <div class=\"tabcontent-column\">\r\n                    <img decoding=\"async\" src=\"https:\/\/www.grin.com\/wp-content\/uploads\/2020\/09\/illu_sf_02.svg\" class=\"attachment-full size-full\" alt=\"Honoraroption w\u00e4hlen\" \/>\r\n                <\/div>\r\n                <div class=\"tabcontent-column\">\r\n                    <div class=\"tabcontent-column-content-container\">\r\n                        <p class=\"large\"><strong>Choisir une option d'honoraires<\/strong><\/p><p>Chez GRIN, vous pouvez soit gagner de l'argent sur chaque vente, soit obtenir un honoraire unique garanti (vers\u00e9 qu'une seule fois) ou soit offrir gratuitement votre publication aux lecteurs. Choisissez l'une des options - nous nous chargeons du reste.<\/p>\r\n                    <\/div>\r\n                <\/div>\r\n            <\/div>\r\n            <div class=\"tabcontent\">\r\n                <div class=\"tabcontent-column\">\r\n                    <img decoding=\"async\" src=\"https:\/\/www.grin.com\/wp-content\/uploads\/2020\/09\/illu_sf_03.svg\" class=\"attachment-full size-full\" alt=\"Wir erstellen Ihr E-Book und Buch\" \/>\r\n                <\/div>\r\n                <div class=\"tabcontent-column\">\r\n                    <div class=\"tabcontent-column-content-container\">\r\n                        <p class=\"large\"><strong>Nous r\u00e9alisons votre E-Book et livre<\/strong><\/p><p>Avec votre fichier notre \u00e9quipe d'\u00e9dition r\u00e9alise un livre \u00e9lectronique et un livre avec votre propre ISBN. Nous ajoutons une couverture \u00e0 votre publication et publions votre texte dans notre boutique en ligne.<\/p>\r\n                    <\/div>\r\n                <\/div>\r\n            <\/div>\r\n            <div class=\"tabcontent\">\r\n                <div class=\"tabcontent-column\">\r\n                    <img decoding=\"async\" src=\"https:\/\/www.grin.com\/wp-content\/uploads\/2020\/09\/illu_sf_04.svg\" class=\"attachment-full size-full\" alt=\"Weltweiter Vertrieb\" \/>\r\n                <\/div>\r\n                <div class=\"tabcontent-column\">\r\n                    <div class=\"tabcontent-column-content-container\">\r\n                        <p class=\"large\"><strong>Distribution mondiale<\/strong><\/p><p>La publication chez GRIN comprend non seulement notre propre boutique, mais aussi un r\u00e9seau de distribution mondial avec plus de 300 boutiques en ligne. Votre livre est \u00e9galement disponible dans votre librairie locale.<\/p>\r\n                    <\/div>\r\n                <\/div>\r\n            <\/div>\r\n            <div class=\"tabcontent\">\r\n                <div class=\"tabcontent-column\">\r\n                    <img decoding=\"async\" src=\"https:\/\/www.grin.com\/wp-content\/uploads\/2020\/09\/illu_sf_05.svg\" class=\"attachment-full size-full\" alt=\"Hohes Autorenhonorar erhalten\" \/>\r\n                <\/div>\r\n                <div class=\"tabcontent-column\">\r\n                    <div class=\"tabcontent-column-content-container\">\r\n                        <p class=\"large\"><strong>Recevez des honoraires d'auteurs \u00e9lev\u00e9s<\/strong><\/p><p>Gagnez de l'argent : Si vous choisissez notre option d'honoraires, vous b\u00e9n\u00e9ficiez de chaque vente. GRIN verse des honoraires d'auteur \u00e9lev\u00e9s pouvant aller jusqu'\u00e0 35 %. <\/p>\r\n                    <\/div>\r\n                <\/div>\r\n            <\/div>\r\n        <\/div>\r\n    <\/div>\r\n    <div class=\"control\">\r\n        <div class=\"buttons\">\r\n            <a class=\"publish field borders green\" href=\"https:\/\/www.grin.com\/login\/#account\">\r\n                <span class=\"text\">\r\n                    <span class=\"text-content-container\">S'inscrire maintenant &amp; publier<\/span>\r\n                <\/span><span class=\"icon\"><\/span>\r\n            <\/a>\r\n        <\/div>\r\n        <div class=\"tabnav\">\r\n            <a href=\"#\" class=\"nav nav-previous\">Vorheriges<\/a>\r\n            <a href=\"#\" class=\"nav nav-next\">N\u00e4chstes<\/a>\r\n        <\/div>\r\n    <\/div>\r\n<\/div>\t\t\t\t<\/div>\n\t\t\t\t<\/div>\n\t\t\t\t\t<\/div>\n\t\t<\/div>\n\t\t\t\t\t<\/div>\n\t\t<\/section>\n\t\t\t\t<\/div>\n\t\t<\/p><\/div>\r\n    <script>\r\n        var randomUniqueId = (Math.random() + \"\").substr(2);\r\n        var idElement1 = document.querySelector(\"#registerHowTo\");      \/\/ get the first match (should be this one, after this script run, this will not match anymore)\r\n        var refIdElement1 = idElement1.parentElement.querySelector(\"[data-fancybox][data-src]\");\r\n        refIdElement1.setAttribute(\"data-src\", refIdElement1.getAttribute(\"data-src\").replace(idElement1.id, idElement1.id + randomUniqueId));\r\n        idElement1.id += randomUniqueId;\r\n    <\/script>\r\n<\/div>\t\t\t\t<\/div>\n\t\t\t\t<\/div>\n\t\t\t\t\t<\/div>\n\t\t<\/div>\n\t\t\t\t<div class=\"elementor-column elementor-col-50 elementor-top-column elementor-element elementor-element-ad61289\" data-id=\"ad61289\" data-element_type=\"column\" data-e-type=\"column\">\n\t\t\t<div class=\"elementor-widget-wrap elementor-element-populated\">\n\t\t\t\t\t\t<div class=\"elementor-element elementor-element-b114d3e elementor-widget elementor-widget-global elementor-global-8749 elementor-global-909 elementor-widget-grin-search-teaser-widget\" data-id=\"b114d3e\" data-element_type=\"widget\" data-e-type=\"widget\" data-widget_type=\"grin-search-teaser-widget.default\">\n\t\t\t\t<div class=\"elementor-widget-container\">\n\t\t\t\t\t<div class=\"box teaser searchteaser\">\r\n    <div class=\"contentarea\">\r\n        <p class=\"small h2-like\">Trouvez ce que vous cherchez<\/p>\r\n        <div><p>Recherchez des sujets scientifiques dans plus de 200.000 publications de haute qualit\u00e9.<\/p><\/div>\r\n        <div class=\"buttons\">\r\n            <div class=\"searchtoggle field borders green mobile-only-block\">\r\n                <span class=\"icon\"><\/span>\r\n            <\/div>\r\n            <form class=\"search field borders green\" action=\"#\">\r\n                <input type=\"text\" placeholder=\"Je cherche...\" data-widget=\"SearchTagAutocomplete\" class=\"text\"><span class=\"icon\"><\/span>\r\n            <\/form>\r\n        <\/div>\r\n    <\/div>\r\n<\/div>\t\t\t\t<\/div>\n\t\t\t\t<\/div>\n\t\t\t\t\t<\/div>\n\t\t<\/div>\n\t\t\t\t\t<\/div>\n\t\t<\/section>\n\t\t\t\t<\/div>\n\t\t","protected":false},"excerpt":{"rendered":"<p>Contactez le service GRIN Avez-vous des questions sur la publication, l\u2019achat d\u2019un e-book, votre contrat d\u2019auteur ou votre compte GRIN ? Notre service client\u00e8le est l\u00e0 pour vous aider. Vous avez des questions ouvous avez besoin d&rsquo;aide ? Du lundi au vendredi:10h-13h et 14h- 17h +49 89 550559-0 info@grin.com Appelez-nous ou \u00e9crivez-nous : Nous serons [&hellip;]<\/p>\n","protected":false},"author":17,"featured_media":0,"parent":0,"menu_order":0,"comment_status":"closed","ping_status":"closed","template":"","meta":{"_acf_changed":false,"_lmt_disableupdate":"","_lmt_disable":"","footnotes":""},"class_list":["post-8608","page","type-page","status-publish","hentry"],"acf":[],"_links":{"self":[{"href":"https:\/\/www.grin.com\/fr\/wp-json\/wp\/v2\/pages\/8608","targetHints":{"allow":["GET"]}}],"collection":[{"href":"https:\/\/www.grin.com\/fr\/wp-json\/wp\/v2\/pages"}],"about":[{"href":"https:\/\/www.grin.com\/fr\/wp-json\/wp\/v2\/types\/page"}],"author":[{"embeddable":true,"href":"https:\/\/www.grin.com\/fr\/wp-json\/wp\/v2\/users\/17"}],"replies":[{"embeddable":true,"href":"https:\/\/www.grin.com\/fr\/wp-json\/wp\/v2\/comments?post=8608"}],"version-history":[{"count":16,"href":"https:\/\/www.grin.com\/fr\/wp-json\/wp\/v2\/pages\/8608\/revisions"}],"predecessor-version":[{"id":15550,"href":"https:\/\/www.grin.com\/fr\/wp-json\/wp\/v2\/pages\/8608\/revisions\/15550"}],"wp:attachment":[{"href":"https:\/\/www.grin.com\/fr\/wp-json\/wp\/v2\/media?parent=8608"}],"curies":[{"name":"wp","href":"https:\/\/api.w.org\/{rel}","templated":true}]}}