{"id":8637,"date":"2021-01-25T10:16:27","date_gmt":"2021-01-25T09:16:27","guid":{"rendered":"https:\/\/www.grin.com\/etudiants\/"},"modified":"2021-02-17T09:15:40","modified_gmt":"2021-02-17T08:15:40","slug":"etudiants","status":"publish","type":"page","link":"https:\/\/www.grin.com\/fr\/etudiants\/","title":{"rendered":"\u00c9tudiants"},"content":{"rendered":"\t\t<div data-elementor-type=\"wp-page\" data-elementor-id=\"8637\" class=\"elementor elementor-8637 elementor-38\" data-elementor-post-type=\"page\">\n\t\t\t\t\t\t<section class=\"elementor-section elementor-top-section elementor-element elementor-element-f6eb03e elementor-section-boxed elementor-section-height-default elementor-section-height-default\" data-id=\"f6eb03e\" data-element_type=\"section\" data-e-type=\"section\">\n\t\t\t\t\t\t<div class=\"elementor-container elementor-column-gap-default\">\n\t\t\t\t\t<div class=\"elementor-column elementor-col-100 elementor-top-column elementor-element elementor-element-28d09a4\" data-id=\"28d09a4\" data-element_type=\"column\" data-e-type=\"column\">\n\t\t\t<div class=\"elementor-widget-wrap elementor-element-populated\">\n\t\t\t\t\t\t<div class=\"elementor-element elementor-element-a4365a9 elementor-widget elementor-widget-grin-headerimage-widget\" data-id=\"a4365a9\" data-element_type=\"widget\" data-e-type=\"widget\" data-widget_type=\"grin-headerimage-widget.default\">\n\t\t\t\t<div class=\"elementor-widget-container\">\n\t\t\t\t\t<div class=\"headerimage\">\r\n    <div class=\"image-container\"><img decoding=\"async\" width=\"2400\" height=\"1080\" src=\"https:\/\/www.grin.com\/wp-content\/uploads\/2020\/11\/studenten.jpg\" class=\"attachment-full size-full\" alt=\"Titelbild: Studentin sitzt mit Kommilitonen im H\u00f6rsaal\" srcset=\"https:\/\/www.grin.com\/wp-content\/uploads\/2020\/11\/studenten.jpg 2400w, https:\/\/www.grin.com\/wp-content\/uploads\/2020\/11\/studenten-300x135.jpg 300w, https:\/\/www.grin.com\/wp-content\/uploads\/2020\/11\/studenten-1024x461.jpg 1024w, https:\/\/www.grin.com\/wp-content\/uploads\/2020\/11\/studenten-768x346.jpg 768w, https:\/\/www.grin.com\/wp-content\/uploads\/2020\/11\/studenten-1536x691.jpg 1536w, https:\/\/www.grin.com\/wp-content\/uploads\/2020\/11\/studenten-2048x922.jpg 2048w\" sizes=\"(max-width: 2400px) 100vw, 2400px\" title=\"\"><\/div>\r\n    <h1>GRIN - Votre partenaire comp\u00e9tent et fiable !\r<br>Publiez vos textes et faites des recherches dans plus de 200.000 publications sp\u00e9cialis\u00e9es<\/h1>\r\n<\/div>\t\t\t\t<\/div>\n\t\t\t\t<\/div>\n\t\t\t\t\t<\/div>\n\t\t<\/div>\n\t\t\t\t\t<\/div>\n\t\t<\/section>\n\t\t\t\t<section class=\"elementor-section elementor-top-section elementor-element elementor-element-c5894c9 elementor-section-boxed elementor-section-height-default elementor-section-height-default\" data-id=\"c5894c9\" data-element_type=\"section\" data-e-type=\"section\">\n\t\t\t\t\t\t<div class=\"elementor-container elementor-column-gap-default\">\n\t\t\t\t\t<div class=\"elementor-column elementor-col-50 elementor-top-column elementor-element elementor-element-a1e047a\" data-id=\"a1e047a\" data-element_type=\"column\" data-e-type=\"column\">\n\t\t\t<div class=\"elementor-widget-wrap elementor-element-populated\">\n\t\t\t\t\t\t<div class=\"elementor-element elementor-element-3d4c224 elementor-widget elementor-widget-global elementor-global-8841 elementor-global-327 elementor-widget-grin-audience-widget\" data-id=\"3d4c224\" data-element_type=\"widget\" data-e-type=\"widget\" data-widget_type=\"grin-audience-widget.default\">\n\t\t\t\t<div class=\"elementor-widget-container\">\n\t\t\t\t\t<div class=\"whitebox audience\" style=\"background:\">\r\n    <div class=\"image-container\"><img decoding=\"async\" width=\"2400\" height=\"1080\" src=\"https:\/\/www.grin.com\/wp-content\/uploads\/2020\/11\/abschlussarbeit-publizieren.jpg\" class=\"attachment-full size-full\" alt=\"Titelbild: Uni-Absolventen nach der feierlichen Zeugnisverleihung\" srcset=\"https:\/\/www.grin.com\/wp-content\/uploads\/2020\/11\/abschlussarbeit-publizieren.jpg 2400w, https:\/\/www.grin.com\/wp-content\/uploads\/2020\/11\/abschlussarbeit-publizieren-300x135.jpg 300w, https:\/\/www.grin.com\/wp-content\/uploads\/2020\/11\/abschlussarbeit-publizieren-1024x461.jpg 1024w, https:\/\/www.grin.com\/wp-content\/uploads\/2020\/11\/abschlussarbeit-publizieren-768x346.jpg 768w, https:\/\/www.grin.com\/wp-content\/uploads\/2020\/11\/abschlussarbeit-publizieren-1536x691.jpg 1536w, https:\/\/www.grin.com\/wp-content\/uploads\/2020\/11\/abschlussarbeit-publizieren-2048x922.jpg 2048w\" sizes=\"(max-width: 2400px) 100vw, 2400px\" title=\"\"><\/div>\r\n    <div class=\"contentarea\">\r\n        \r\n        <h3 class=\"small\"><a href=\"https:\/\/www.grin.com\/fr\/etudiants\/publier-des-theses\/\">Publiez votre m\u00e9moire <br \/>de fin d\u2019\u00e9tudes<\/a><\/h3><p><strong>Sur GRIN, vous publiez vos th\u00e8ses<\/strong> de fin d\u2019\u00e9tudes gratuitement, facilement et rapidement. Partagez vos connaissances et gagnez de l\u2019argent.<\/p><p><a title=\"Abschlussarbeiten publizieren\" href=\"https:\/\/www.grin.com\/fr\/etudiants\/publier-des-theses\/\">Link zur Seite<\/a><\/p>\r\n        \r\n    <\/div>\r\n<\/div>\t\t\t\t<\/div>\n\t\t\t\t<\/div>\n\t\t\t\t\t<\/div>\n\t\t<\/div>\n\t\t\t\t<div class=\"elementor-column elementor-col-50 elementor-top-column elementor-element elementor-element-df785f7\" data-id=\"df785f7\" data-element_type=\"column\" data-e-type=\"column\">\n\t\t\t<div class=\"elementor-widget-wrap elementor-element-populated\">\n\t\t\t\t\t\t<div class=\"elementor-element elementor-element-d568fb9 elementor-widget elementor-widget-global elementor-global-8835 elementor-global-340 elementor-widget-grin-audience-widget\" data-id=\"d568fb9\" data-element_type=\"widget\" data-e-type=\"widget\" data-widget_type=\"grin-audience-widget.default\">\n\t\t\t\t<div class=\"elementor-widget-container\">\n\t\t\t\t\t<div class=\"whitebox audience\" style=\"background:\">\r\n    <div class=\"image-container\"><img decoding=\"async\" width=\"2400\" height=\"1080\" src=\"https:\/\/www.grin.com\/wp-content\/uploads\/2020\/11\/hausarbeiten-publizieren.jpg\" class=\"attachment-full size-full\" alt=\"Titelbild: Studentin schreibt an ihrer Hausarbeit\" srcset=\"https:\/\/www.grin.com\/wp-content\/uploads\/2020\/11\/hausarbeiten-publizieren.jpg 2400w, https:\/\/www.grin.com\/wp-content\/uploads\/2020\/11\/hausarbeiten-publizieren-300x135.jpg 300w, https:\/\/www.grin.com\/wp-content\/uploads\/2020\/11\/hausarbeiten-publizieren-1024x461.jpg 1024w, https:\/\/www.grin.com\/wp-content\/uploads\/2020\/11\/hausarbeiten-publizieren-768x346.jpg 768w, https:\/\/www.grin.com\/wp-content\/uploads\/2020\/11\/hausarbeiten-publizieren-1536x691.jpg 1536w, https:\/\/www.grin.com\/wp-content\/uploads\/2020\/11\/hausarbeiten-publizieren-2048x922.jpg 2048w\" sizes=\"(max-width: 2400px) 100vw, 2400px\" title=\"\"><\/div>\r\n    <div class=\"contentarea\">\r\n        \r\n        <h3 class=\"small\"><a href=\"https:\/\/www.grin.com\/fr\/etudiants\/publier-des-memoires\/\">Publiez des \u00e9tudes<br \/>de semestre<\/a><\/h3><p><strong>GRIN vous aide<\/strong> \u00e0 gagner de l'argent avec vos devoirs, articles, essais, documents de projet etc. - rapidement, facilement et gratuitement.<\/p><p><a title=\"Semesterarbeiten publizieren\" href=\"https:\/\/www.grin.com\/fr\/etudiants\/publier-des-memoires\/\">Link zur Seite<\/a><\/p>\r\n        \r\n    <\/div>\r\n<\/div>\t\t\t\t<\/div>\n\t\t\t\t<\/div>\n\t\t\t\t\t<\/div>\n\t\t<\/div>\n\t\t\t\t\t<\/div>\n\t\t<\/section>\n\t\t\t\t<section class=\"elementor-section elementor-top-section elementor-element elementor-element-7761ca0 elementor-section-boxed elementor-section-height-default elementor-section-height-default\" data-id=\"7761ca0\" data-element_type=\"section\" data-e-type=\"section\">\n\t\t\t\t\t\t<div class=\"elementor-container elementor-column-gap-default\">\n\t\t\t\t\t<div class=\"elementor-column elementor-col-50 elementor-top-column elementor-element elementor-element-69b1359\" data-id=\"69b1359\" data-element_type=\"column\" data-e-type=\"column\">\n\t\t\t<div class=\"elementor-widget-wrap elementor-element-populated\">\n\t\t\t\t\t\t<div class=\"elementor-element elementor-element-a6d12be elementor-widget elementor-widget-global elementor-global-8827 elementor-global-457 elementor-widget-grin-audience-widget\" data-id=\"a6d12be\" data-element_type=\"widget\" data-e-type=\"widget\" data-widget_type=\"grin-audience-widget.default\">\n\t\t\t\t<div class=\"elementor-widget-container\">\n\t\t\t\t\t<div class=\"whitebox audience\" style=\"background:\">\r\n    <div class=\"image-container\"><img decoding=\"async\" width=\"1110\" height=\"530\" src=\"https:\/\/www.grin.com\/wp-content\/uploads\/2020\/12\/wissenfinden_klein.jpg\" class=\"attachment-full size-full\" alt=\"Vorschaubild: Studentin recherchiert im Internet f\u00fcr ihre Hausarbeit\" srcset=\"https:\/\/www.grin.com\/wp-content\/uploads\/2020\/12\/wissenfinden_klein.jpg 1110w, https:\/\/www.grin.com\/wp-content\/uploads\/2020\/12\/wissenfinden_klein-300x143.jpg 300w, https:\/\/www.grin.com\/wp-content\/uploads\/2020\/12\/wissenfinden_klein-1024x489.jpg 1024w, https:\/\/www.grin.com\/wp-content\/uploads\/2020\/12\/wissenfinden_klein-768x367.jpg 768w\" sizes=\"(max-width: 1110px) 100vw, 1110px\" title=\"\"><\/div>\r\n    <div class=\"contentarea\">\r\n        \r\n        <h3 class=\"small\">Recherchez des connaissances<\/h3><p><strong>GRIN est votre partenaire<\/strong> pour la recherche d'informations sp\u00e9cialis\u00e9es. Dans notre catalogue, vous trouvez les derni\u00e8res publications de tous les domaines.<\/p><p><a title=\"Recherchieren\" href=\"https:\/\/www.grin.com\/fr\/etudiants\/rechercher-des-connaissances\/\">Link zur Seite<\/a><\/p>\r\n        \r\n    <\/div>\r\n<\/div>\t\t\t\t<\/div>\n\t\t\t\t<\/div>\n\t\t\t\t\t<\/div>\n\t\t<\/div>\n\t\t\t\t<div class=\"elementor-column elementor-col-50 elementor-top-column elementor-element elementor-element-3c94144\" data-id=\"3c94144\" data-element_type=\"column\" data-e-type=\"column\">\n\t\t\t<div class=\"elementor-widget-wrap elementor-element-populated\">\n\t\t\t\t\t\t<div class=\"elementor-element elementor-element-dd19620 elementor-widget elementor-widget-global elementor-global-8745 elementor-global-912 elementor-widget-grin-advantages-widget\" data-id=\"dd19620\" data-element_type=\"widget\" data-e-type=\"widget\" data-widget_type=\"grin-advantages-widget.default\">\n\t\t\t\t<div class=\"elementor-widget-container\">\n\t\t\t\t\t<div class=\"box advantages\">\r\n    <div class=\"contentarea\">\r\n        <p class=\"small h2-like\">Avantages &amp; Options<\/p>\r\n        <ul class=\"tabheads\">\r\n            <li class=\"tabhead active\"><span class=\"tabheadcontent\">POUR AUTEURS<\/span><\/li>\r\n            <li class=\"tabhead\"><span class=\"tabheadcontent\">POUR CLIENTS<\/span><\/li>\r\n        <\/ul>\r\n        <div class=\"tabcontents\">\r\n            <div class=\"tabcontent active\">\r\n                <div class=\"slider-container\">\r\n                    <div class=\"slide-item\">\r\n                        <div class=\"tabcontent-column\">\r\n                            <img decoding=\"async\" src=\"\/wp-content\/plugins\/vias-grin-elementor-extension\/widgets\/grin-advantages-widget\/illu_vt_honorare.svg\" alt=\"Euro-W\u00e4hrung-Symbol und symbolischer Kopf eines Menschen \u00fcber einem Buch\" title=\"\">\r\n                        <\/div>\r\n                        <div class=\"tabcontent-column\">\r\n                            <div class=\"tabcontent-column-content-container\">\r\n                               <p class=\"large\"><strong>Vos connaissances sont payantes<\/strong><\/p><p><strong>Publiez vos textes gratuitement et gagnez de l'argent<\/strong><\/p>\r\n                            <\/div>\r\n                        <\/div>\r\n                    <\/div>\r\n                    <div class=\"slide-item\">\r\n                        <div class=\"tabcontent-column\">\r\n                            <img decoding=\"async\" src=\"\/wp-content\/plugins\/vias-grin-elementor-extension\/widgets\/grin-advantages-widget\/illu_vt_vo_einfach.svg\" alt=\"Zahlen 1,2,3 und Richtig-Haken sowie Buch\" title=\"\">\r\n                        <\/div>\r\n                        <div class=\"tabcontent-column\">\r\n                            <div class=\"tabcontent-column-content-container\">\r\n\t\t\t\t\t\t\t\t<p class=\"large\"><strong>3 simples \u00e9tapes pour publier<\/strong><\/p><p><strong>T\u00e9l\u00e9chargez, choisissez l'option d'honoraires - nous nous chargeons du reste<\/strong><\/p>                                \r\n                            <\/div>\r\n                        <\/div>\r\n                    <\/div>\r\n                    <div class=\"slide-item\">\r\n                        <div class=\"tabcontent-column\">\r\n                            <img decoding=\"async\" src=\"\/wp-content\/plugins\/vias-grin-elementor-extension\/widgets\/grin-advantages-widget\/illu_vt_vo_schnell.svg\" alt=\"Uhr mit wenigen Minuten markiert und Buch\" title=\"\">\r\n                        <\/div>\r\n                        <div class=\"tabcontent-column\">\r\n                            <div class=\"tabcontent-column-content-container\">\r\n\t\t\t\t\t\t\t\t<p class=\"large\"><strong>Devenez auteur en seulement 5 minutes<\/strong><\/p><p><strong>Publiez vos textes dans le monde entier avec num\u00e9ro ISBN<\/strong><\/p>                                \r\n                            <\/div>\r\n                        <\/div>\r\n                    <\/div>\r\n                    <div class=\"slide-item\">\r\n                        <div class=\"tabcontent-column\">\r\n                            <img decoding=\"async\" src=\"\/wp-content\/plugins\/vias-grin-elementor-extension\/widgets\/grin-advantages-widget\/illu_vt_isbn.svg\" alt=\"ISBN Strichcode\" title=\"\">\r\n                        <\/div>\r\n                        <div class=\"tabcontent-column\">\r\n                            <div class=\"tabcontent-column-content-container\">\r\n\t\t\t\t\t\t\t\t<p class=\"large\"><strong>Votre e-Book et livre avec votre propre ISBN<\/strong><\/p><p><strong>Publication professionnelle et mondiale<\/strong><\/p>                                \r\n                            <\/div>\r\n                        <\/div>\r\n                    <\/div>\r\n                    <div class=\"slide-item\">\r\n                        <div class=\"tabcontent-column\">\r\n                            <img decoding=\"async\" src=\"\/wp-content\/plugins\/vias-grin-elementor-extension\/widgets\/grin-advantages-widget\/illu_vt_20_erfahrung.svg\" alt=\"Zahl 20 mit Plus-Zeichen und GRIN Logo\" title=\"\">\r\n                        <\/div>\r\n                        <div class=\"tabcontent-column\">\r\n                            <div class=\"tabcontent-column-content-container\">\r\n\t\t\t\t\t\t\t\t<p class=\"large\"><strong>Plus de 20 ans d'exp\u00e9rience \u00e9ditoriale<\/strong><\/p><p><strong>Publiez avec le professionnel de l'\u00e9dition scientifique !<\/strong><\/p>                                \r\n                            <\/div>\r\n                        <\/div>\r\n                    <\/div>\r\n                <\/div>\r\n            <\/div>\r\n            <div class=\"tabcontent\">\r\n                <div class=\"slider-container\">\r\n                    <div class=\"slide-item\">\r\n                        <div class=\"tabcontent-column\">\r\n                            <img decoding=\"async\" src=\"\/wp-content\/plugins\/vias-grin-elementor-extension\/widgets\/grin-advantages-widget\/illu_vt_forschungsergebnisse.svg\" alt=\"Bildschirm auf dem ein Buch mit einem pi auf dem Umschlag und ein Buch mit einem omega auf dem Umschlag neben einer Lupe zu sehen ist\" title=\"\">\r\n                        <\/div>\r\n                        <div class=\"tabcontent-column\">\r\n                            <div class=\"tabcontent-column-content-container\">\r\n\t\t\t\t\t\t\t\t<p class=\"large\"><strong>Acc\u00e8s rapide et simple<\/strong><\/p><p><strong>Vos liens avec les universit\u00e9s du monde entier<\/strong><\/p>                                \r\n                            <\/div>\r\n                        <\/div>\r\n                    <\/div>\r\n                    <div class=\"slide-item\">\r\n                        <div class=\"tabcontent-column\">\r\n                            <img decoding=\"async\" src=\"\/wp-content\/plugins\/vias-grin-elementor-extension\/widgets\/grin-advantages-widget\/illu_vt_downloads.svg\" alt=\"Bildschirm mit aufgeschlagenem Buch und Pfeil nach unten auf einen Teller zeigend daneben\" title=\"\">\r\n                        <\/div>\r\n                        <div class=\"tabcontent-column\">\r\n                            <div class=\"tabcontent-column-content-container\">\r\n\t\t\t\t\t\t\t\t<p class=\"large\"><strong>T\u00e9l\u00e9chargement imm\u00e9diat d'e-Books<\/strong><\/p><p><strong>Nos livres \u00e9lectroniques sont disponibles en t\u00e9l\u00e9chargement direct<\/strong><\/p>                                \r\n                            <\/div>\r\n                        <\/div>\r\n                    <\/div>\r\n                    <div class=\"slide-item\">\r\n                        <div class=\"tabcontent-column\">\r\n                            <img decoding=\"async\" src=\"\/wp-content\/plugins\/vias-grin-elementor-extension\/widgets\/grin-advantages-widget\/illu_vt_services.svg\" alt=\"Hand mit aufsteigenen pluszeichen in Kugeln\" title=\"\">\r\n                        <\/div>\r\n                        <div class=\"tabcontent-column\">\r\n                            <div class=\"tabcontent-column-content-container\">\r\n\t\t\t\t\t\t\t\t<p class=\"large\"><strong>Plus de 200.000 textes dans plus de 100 domaines<\/strong><\/p><p><strong>Recherchez sur des sujets g\u00e9n\u00e9raux et sp\u00e9cialis\u00e9s<\/strong><\/p>                                \r\n                            <\/div>\r\n                        <\/div>\r\n                    <\/div>\r\n                    <div class=\"slide-item\">\r\n                        <div class=\"tabcontent-column\">\r\n                            <img decoding=\"async\" src=\"\/wp-content\/plugins\/vias-grin-elementor-extension\/widgets\/grin-advantages-widget\/illu_vt_20_erfahrung.svg\" alt=\"Zahl 20 mit Plus-Zeichen und GRIN Logo\" title=\"\">\r\n                        <\/div>\r\n                        <div class=\"tabcontent-column\">\r\n                            <div class=\"tabcontent-column-content-container\">\r\n\t\t\t\t\t\t\t\t<p class=\"large\"><strong>Plus de 20 ans d'exp\u00e9rience \u00e9ditoriale<\/strong><\/p><p><strong>Contenu de haute qualit\u00e9<\/strong><\/p>                                \r\n                            <\/div>\r\n                        <\/div>\r\n                    <\/div>\r\n                    <div class=\"slide-item\">\r\n                        <div class=\"tabcontent-column\">\r\n                            <img decoding=\"async\" src=\"\/wp-content\/plugins\/vias-grin-elementor-extension\/widgets\/grin-advantages-widget\/illu_vt_kundenservice.svg\" alt=\"symbolischer Kopf eines Menschen neben GRIN Logo\" title=\"\">\r\n                        <\/div>\r\n                        <div class=\"tabcontent-column\">\r\n                            <div class=\"tabcontent-column-content-container\">\r\n\t\t\t\t\t\t\t\t<p class=\"large\"><strong>Contactez nous !<\/strong><\/p><p><strong>Toujours \u00e0 votre service - personnellement et avec comp\u00e9tence<\/strong><\/p>                                \r\n                            <\/div>\r\n                        <\/div>\r\n                    <\/div>\r\n                <\/div>\r\n            <\/div>\r\n        <\/div>\r\n    <\/div>\r\n    <div class=\"control\">\r\n        <div class=\"buttons\">\r\n            <a class=\"publish field borders green\" href=\"https:\/\/www.grin.com\/login\/\">\r\n                <span class=\"text\">\r\n\t\t\t\t\t<span class=\"text-content-container\">S'inscrire &amp; publier<\/span>\t\t\t\t\r\n\t\t\t\t<\/span><span class=\"icon\"><\/span>\r\n            <\/a>\r\n        <\/div>\r\n        <div class=\"tabnav\">\r\n            <a href=\"#\" class=\"nav nav-previous\">Vorheriges<\/a>\r\n            <a href=\"#\" class=\"nav nav-next\">N\u00e4chstes<\/a>\r\n        <\/div>\r\n    <\/div>\r\n<\/div>\t\t\t\t<\/div>\n\t\t\t\t<\/div>\n\t\t\t\t\t<\/div>\n\t\t<\/div>\n\t\t\t\t\t<\/div>\n\t\t<\/section>\n\t\t\t\t<section class=\"elementor-section elementor-top-section elementor-element elementor-element-8c53bf9 elementor-section-boxed elementor-section-height-default elementor-section-height-default\" data-id=\"8c53bf9\" data-element_type=\"section\" data-e-type=\"section\">\n\t\t\t\t\t\t<div class=\"elementor-container elementor-column-gap-default\">\n\t\t\t\t\t<div class=\"elementor-column elementor-col-100 elementor-top-column elementor-element elementor-element-adb270e\" data-id=\"adb270e\" data-element_type=\"column\" data-e-type=\"column\">\n\t\t\t<div class=\"elementor-widget-wrap elementor-element-populated\">\n\t\t\t\t\t\t<div class=\"elementor-element elementor-element-bdc2c71 elementor-widget elementor-widget-global elementor-global-8702 elementor-global-921 elementor-widget-grin-share-widget\" data-id=\"bdc2c71\" data-element_type=\"widget\" data-e-type=\"widget\" data-widget_type=\"grin-share-widget.default\">\n\t\t\t\t<div class=\"elementor-widget-container\">\n\t\t\t\t\t<div class=\"share\">\n    <div class=\"footer-logo\"><\/div>\n    <div class=\"share-icons\">\n        <div class=\"shariff\" data-backend-url=\"null\" data-button-style=\"icon\" data-mail-url=\"mailto:\" data-services=\"[&quot;twitter&quot;,&quot;facebook&quot;,&quot;mail&quot;,&quot;whatsapp&quot;,&quot;linkedin&quot;]\"><\/div>\n        <div class=\"share-icon\"><a href=\"https:\/\/www.instagram.com\/grin_verlag\/\" target=\"_blank\" class=\"instagram\" rel=\"noopener\">Zu Instagram<\/a><\/div>\n    <\/div>\n<\/div>\t\t\t\t<\/div>\n\t\t\t\t<\/div>\n\t\t\t\t\t<\/div>\n\t\t<\/div>\n\t\t\t\t\t<\/div>\n\t\t<\/section>\n\t\t\t\t<section class=\"elementor-section elementor-top-section elementor-element elementor-element-5555fee elementor-section-boxed elementor-section-height-default elementor-section-height-default\" data-id=\"5555fee\" data-element_type=\"section\" data-e-type=\"section\">\n\t\t\t\t\t\t<div class=\"elementor-container elementor-column-gap-default\">\n\t\t\t\t\t<div class=\"elementor-column elementor-col-100 elementor-top-column elementor-element elementor-element-809d84f\" data-id=\"809d84f\" data-element_type=\"column\" data-e-type=\"column\">\n\t\t\t<div class=\"elementor-widget-wrap\">\n\t\t\t\t\t\t\t<\/div>\n\t\t<\/div>\n\t\t\t\t\t<\/div>\n\t\t<\/section>\n\t\t\t\t<\/div>\n\t\t","protected":false},"excerpt":{"rendered":"<p>GRIN &#8211; Votre partenaire comp\u00e9tent et fiable ! Publiez vos textes et faites des recherches dans plus de 200.000 publications sp\u00e9cialis\u00e9es Abschlussarbeitpublizieren Bei GRIN ver\u00f6ffentlichen Sie Ihre Abschlussarbeiten kostenlos, einfach und schnell. Teilen Sie Ihr Wissen und verdienen Sie Geld dabei. Link zur Seite Hausarbeitenpublizieren GRIN hilft Ihnen, mit Ihren Semesterarbeiten, Projektarbeiten, Essays &amp; Co. [&hellip;]<\/p>\n","protected":false},"author":17,"featured_media":0,"parent":0,"menu_order":0,"comment_status":"closed","ping_status":"closed","template":"","meta":{"_acf_changed":false,"_lmt_disableupdate":"","_lmt_disable":"","footnotes":""},"class_list":["post-8637","page","type-page","status-publish","hentry"],"acf":[],"_links":{"self":[{"href":"https:\/\/www.grin.com\/fr\/wp-json\/wp\/v2\/pages\/8637","targetHints":{"allow":["GET"]}}],"collection":[{"href":"https:\/\/www.grin.com\/fr\/wp-json\/wp\/v2\/pages"}],"about":[{"href":"https:\/\/www.grin.com\/fr\/wp-json\/wp\/v2\/types\/page"}],"author":[{"embeddable":true,"href":"https:\/\/www.grin.com\/fr\/wp-json\/wp\/v2\/users\/17"}],"replies":[{"embeddable":true,"href":"https:\/\/www.grin.com\/fr\/wp-json\/wp\/v2\/comments?post=8637"}],"version-history":[{"count":18,"href":"https:\/\/www.grin.com\/fr\/wp-json\/wp\/v2\/pages\/8637\/revisions"}],"predecessor-version":[{"id":11601,"href":"https:\/\/www.grin.com\/fr\/wp-json\/wp\/v2\/pages\/8637\/revisions\/11601"}],"wp:attachment":[{"href":"https:\/\/www.grin.com\/fr\/wp-json\/wp\/v2\/media?parent=8637"}],"curies":[{"name":"wp","href":"https:\/\/api.w.org\/{rel}","templated":true}]}}