{"id":8658,"date":"2021-01-28T15:18:23","date_gmt":"2021-01-28T14:18:23","guid":{"rendered":"https:\/\/www.grin.com\/enseignants-et-eleves\/"},"modified":"2021-03-22T10:14:25","modified_gmt":"2021-03-22T09:14:25","slug":"enseignants-et-eleves","status":"publish","type":"page","link":"https:\/\/www.grin.com\/fr\/enseignants-et-eleves\/","title":{"rendered":"Enseignants &#038; \u00e9l\u00e8ves"},"content":{"rendered":"\t\t<div data-elementor-type=\"wp-page\" data-elementor-id=\"8658\" class=\"elementor elementor-8658 elementor-46\" data-elementor-post-type=\"page\">\n\t\t\t\t\t\t<section class=\"elementor-section elementor-top-section elementor-element elementor-element-ba5ce94 elementor-section-boxed elementor-section-height-default elementor-section-height-default\" data-id=\"ba5ce94\" data-element_type=\"section\" data-e-type=\"section\">\n\t\t\t\t\t\t<div class=\"elementor-container elementor-column-gap-default\">\n\t\t\t\t\t<div class=\"elementor-column elementor-col-100 elementor-top-column elementor-element elementor-element-4e85d48\" data-id=\"4e85d48\" data-element_type=\"column\" data-e-type=\"column\">\n\t\t\t<div class=\"elementor-widget-wrap elementor-element-populated\">\n\t\t\t\t\t\t<div class=\"elementor-element elementor-element-7413339 elementor-widget elementor-widget-grin-headerimage-widget\" data-id=\"7413339\" data-element_type=\"widget\" data-e-type=\"widget\" data-widget_type=\"grin-headerimage-widget.default\">\n\t\t\t\t<div class=\"elementor-widget-container\">\n\t\t\t\t\t<div class=\"headerimage\">\r\n    <div class=\"image-container\"><img decoding=\"async\" width=\"2400\" height=\"1080\" src=\"https:\/\/www.grin.com\/wp-content\/uploads\/2021\/01\/lehrer-schueler.jpg\" class=\"attachment-full size-full\" alt=\"Titelbild: Lehrerin steht vor Schultafel\" srcset=\"https:\/\/www.grin.com\/wp-content\/uploads\/2021\/01\/lehrer-schueler.jpg 2400w, https:\/\/www.grin.com\/wp-content\/uploads\/2021\/01\/lehrer-schueler-300x135.jpg 300w, https:\/\/www.grin.com\/wp-content\/uploads\/2021\/01\/lehrer-schueler-1024x461.jpg 1024w, https:\/\/www.grin.com\/wp-content\/uploads\/2021\/01\/lehrer-schueler-768x346.jpg 768w, https:\/\/www.grin.com\/wp-content\/uploads\/2021\/01\/lehrer-schueler-1536x691.jpg 1536w, https:\/\/www.grin.com\/wp-content\/uploads\/2021\/01\/lehrer-schueler-2048x922.jpg 2048w\" sizes=\"(max-width: 2400px) 100vw, 2400px\" \/><\/div>\r\n    <h1>GRIN fait de l\u2019enseignement un jeu d\u2019enfant\r<br>- avec du mat\u00e9riel p\u00e9dagogique pour des enseignants et du mat\u00e9riel didactique pour des \u00e9l\u00e8ves<\/h1>\r\n<\/div>\t\t\t\t<\/div>\n\t\t\t\t<\/div>\n\t\t\t\t\t<\/div>\n\t\t<\/div>\n\t\t\t\t\t<\/div>\n\t\t<\/section>\n\t\t\t\t<section class=\"elementor-section elementor-top-section elementor-element elementor-element-affdbcb elementor-section-boxed elementor-section-height-default elementor-section-height-default\" data-id=\"affdbcb\" data-element_type=\"section\" data-e-type=\"section\">\n\t\t\t\t\t\t<div class=\"elementor-container elementor-column-gap-default\">\n\t\t\t\t\t<div class=\"elementor-column elementor-col-50 elementor-top-column elementor-element elementor-element-6eb0955\" data-id=\"6eb0955\" data-element_type=\"column\" data-e-type=\"column\">\n\t\t\t<div class=\"elementor-widget-wrap elementor-element-populated\">\n\t\t\t\t\t\t<div class=\"elementor-element elementor-element-5c0b3b7 elementor-widget elementor-widget-global elementor-global-8795 elementor-global-561 elementor-widget-grin-audience-widget\" data-id=\"5c0b3b7\" data-element_type=\"widget\" data-e-type=\"widget\" data-widget_type=\"grin-audience-widget.default\">\n\t\t\t\t<div class=\"elementor-widget-container\">\n\t\t\t\t\t<div class=\"whitebox audience\" style=\"background:\">\r\n    <div class=\"image-container\"><img decoding=\"async\" width=\"1110\" height=\"530\" src=\"https:\/\/www.grin.com\/wp-content\/uploads\/2021\/01\/unterrichtsmaterial_small.jpg\" class=\"attachment-full size-full\" alt=\"Vorschaubild: Lehramtsstudent im Klassenzimmer\" srcset=\"https:\/\/www.grin.com\/wp-content\/uploads\/2021\/01\/unterrichtsmaterial_small.jpg 1110w, https:\/\/www.grin.com\/wp-content\/uploads\/2021\/01\/unterrichtsmaterial_small-300x143.jpg 300w, https:\/\/www.grin.com\/wp-content\/uploads\/2021\/01\/unterrichtsmaterial_small-1024x489.jpg 1024w, https:\/\/www.grin.com\/wp-content\/uploads\/2021\/01\/unterrichtsmaterial_small-768x367.jpg 768w\" sizes=\"(max-width: 1110px) 100vw, 1110px\" \/><\/div>\r\n    <div class=\"contentarea\">\r\n        \r\n        <h3 class=\"small\"><a href=\"https:\/\/www.grin.com\/fr\/enseignants-et-eleves\/materiel-pedagogique-pour-les-enseignants\/\">Mat\u00e9riel p\u00e9dagogique<br \/>pour enseignants<\/a><\/h3><p><strong>Faciliter la pr\u00e9paration des cours :<\/strong> Sur GRIN, vous trouvez des plans de cours et du mat\u00e9riel p\u00e9dagogique pour chaque mati\u00e8re.<\/p><p><a title=\"Lehrer f\u00fcr Lehrer\" href=\"https:\/\/www.grin.com\/fr\/enseignants-et-eleves\/materiel-pedagogique-pour-les-enseignants\/\">Link zur Seite<\/a><\/p>\r\n        \r\n    <\/div>\r\n<\/div>\t\t\t\t<\/div>\n\t\t\t\t<\/div>\n\t\t\t\t\t<\/div>\n\t\t<\/div>\n\t\t\t\t<div class=\"elementor-column elementor-col-50 elementor-top-column elementor-element elementor-element-8cd0fe9\" data-id=\"8cd0fe9\" data-element_type=\"column\" data-e-type=\"column\">\n\t\t\t<div class=\"elementor-widget-wrap elementor-element-populated\">\n\t\t\t\t\t\t<div class=\"elementor-element elementor-element-2cc68e4 elementor-widget elementor-widget-global elementor-global-8791 elementor-global-566 elementor-widget-grin-audience-widget\" data-id=\"2cc68e4\" data-element_type=\"widget\" data-e-type=\"widget\" data-widget_type=\"grin-audience-widget.default\">\n\t\t\t\t<div class=\"elementor-widget-container\">\n\t\t\t\t\t<div class=\"whitebox audience\" style=\"background:\">\r\n    <div class=\"image-container\"><img decoding=\"async\" width=\"1110\" height=\"530\" src=\"https:\/\/www.grin.com\/wp-content\/uploads\/2021\/01\/unterrichtsentwuerfe-small.jpg\" class=\"attachment-full size-full\" alt=\"Vorschaubild: Lehrerin steht im Klassenraum vor ihrer Klasse\" srcset=\"https:\/\/www.grin.com\/wp-content\/uploads\/2021\/01\/unterrichtsentwuerfe-small.jpg 1110w, https:\/\/www.grin.com\/wp-content\/uploads\/2021\/01\/unterrichtsentwuerfe-small-300x143.jpg 300w, https:\/\/www.grin.com\/wp-content\/uploads\/2021\/01\/unterrichtsentwuerfe-small-1024x489.jpg 1024w, https:\/\/www.grin.com\/wp-content\/uploads\/2021\/01\/unterrichtsentwuerfe-small-768x367.jpg 768w\" sizes=\"(max-width: 1110px) 100vw, 1110px\" \/><\/div>\r\n    <div class=\"contentarea\">\r\n        \r\n        <h3 class=\"small\"><a href=\"https:\/\/www.grin.com\/fr\/enseignants-et-eleves\/publier-materiel-pedagogique\/\">Publier du mat\u00e9riel<br \/>p\u00e9dagogique<\/a><\/h3><p><strong>Partagez vos plans de cours<\/strong> avec d\u2019autres enseignants, aidez les \u00e9l\u00e8ves qui \u00e9tudient \u00e0 la maison - et gagnez de l'argent avec GRIN !<\/p><p><a title=\"Lehrer f\u00fcr Sch\u00fcler\" href=\"https:\/\/www.grin.com\/fr\/enseignants-et-eleves\/publier-materiel-pedagogique\/\">Link zur Seite<\/a><\/p>\r\n        \r\n    <\/div>\r\n<\/div>\t\t\t\t<\/div>\n\t\t\t\t<\/div>\n\t\t\t\t\t<\/div>\n\t\t<\/div>\n\t\t\t\t\t<\/div>\n\t\t<\/section>\n\t\t\t\t<section class=\"elementor-section elementor-top-section elementor-element elementor-element-d0474cf elementor-section-boxed elementor-section-height-default elementor-section-height-default\" data-id=\"d0474cf\" data-element_type=\"section\" data-e-type=\"section\">\n\t\t\t\t\t\t<div class=\"elementor-container elementor-column-gap-default\">\n\t\t\t\t\t<div class=\"elementor-column elementor-col-100 elementor-top-column elementor-element elementor-element-6d53e85\" data-id=\"6d53e85\" data-element_type=\"column\" data-e-type=\"column\">\n\t\t\t<div class=\"elementor-widget-wrap elementor-element-populated\">\n\t\t\t\t\t\t<div class=\"elementor-element elementor-element-8e46ee6 elementor-widget elementor-widget-text-editor\" data-id=\"8e46ee6\" data-element_type=\"widget\" data-e-type=\"widget\" data-widget_type=\"text-editor.default\">\n\t\t\t\t<div class=\"elementor-widget-container\">\n\t\t\t\t\t\t\t\t\t<h3>GRIN vous aide \u00e0 enseigner \u00e0 la maison<\/h3>\n<p>Sur GRIN, vous trouvez de nombreuses aides pour r\u00e9ussir la scolarit\u00e9. Le GRIN-Shop propose des aides \u00e0 l\u2019apprentissage pour les mati\u00e8res scolaires les plus importantes. En outre, vous pouvez effectuer des recherches sur GRIN dans plus de 200.000 publications sp\u00e9cialis\u00e9es sur un large choix de sujets. La r\u00e9daction de GRIN vous aide en vous donnant <a href=\"https:\/\/www.grin.com\/fr\/services\/\">de nombreux conseils et astuces<\/a> pour la r\u00e9daction de votre premier article pr\u00e9-scientifique.<\/p>\n\t\t\t\t\t\t\t\t<\/div>\n\t\t\t\t<\/div>\n\t\t\t\t\t<\/div>\n\t\t<\/div>\n\t\t\t\t\t<\/div>\n\t\t<\/section>\n\t\t\t\t<section class=\"elementor-section elementor-top-section elementor-element elementor-element-fad9bc3 elementor-section-boxed elementor-section-height-default elementor-section-height-default\" data-id=\"fad9bc3\" data-element_type=\"section\" data-e-type=\"section\">\n\t\t\t\t\t\t<div class=\"elementor-container elementor-column-gap-default\">\n\t\t\t\t\t<div class=\"elementor-column elementor-col-50 elementor-top-column elementor-element elementor-element-dcafc95\" data-id=\"dcafc95\" data-element_type=\"column\" data-e-type=\"column\">\n\t\t\t<div class=\"elementor-widget-wrap elementor-element-populated\">\n\t\t\t\t\t\t<div class=\"elementor-element elementor-element-8216bc9 elementor-widget elementor-widget-global elementor-global-8787 elementor-global-577 elementor-widget-grin-audience-widget\" data-id=\"8216bc9\" data-element_type=\"widget\" data-e-type=\"widget\" data-widget_type=\"grin-audience-widget.default\">\n\t\t\t\t<div class=\"elementor-widget-container\">\n\t\t\t\t\t<div class=\"whitebox audience\" style=\"background:\">\r\n    <div class=\"image-container\"><img decoding=\"async\" width=\"2400\" height=\"1080\" src=\"https:\/\/www.grin.com\/wp-content\/uploads\/2020\/11\/lernmaterial.jpg\" class=\"attachment-full size-full\" alt=\"Titelbild: Sch\u00fcler vor einem Notebook\" srcset=\"https:\/\/www.grin.com\/wp-content\/uploads\/2020\/11\/lernmaterial.jpg 2400w, https:\/\/www.grin.com\/wp-content\/uploads\/2020\/11\/lernmaterial-300x135.jpg 300w, https:\/\/www.grin.com\/wp-content\/uploads\/2020\/11\/lernmaterial-1024x461.jpg 1024w, https:\/\/www.grin.com\/wp-content\/uploads\/2020\/11\/lernmaterial-768x346.jpg 768w, https:\/\/www.grin.com\/wp-content\/uploads\/2020\/11\/lernmaterial-1536x691.jpg 1536w, https:\/\/www.grin.com\/wp-content\/uploads\/2020\/11\/lernmaterial-2048x922.jpg 2048w\" sizes=\"(max-width: 2400px) 100vw, 2400px\" \/><\/div>\r\n    <div class=\"contentarea\">\r\n        \r\n        <h3 class=\"small\"><a href=\"https:\/\/www.grin.com\/fr\/enseignants-et-eleves\/materiel-didactique-pour-les-eleves\/\">Mat\u00e9riel didactique<br \/>pour \u00e9l\u00e8ves<\/a><\/h3><p><strong>Homeschooling ou cours de rattrapage en ligne :<\/strong> GRIN offre une vari\u00e9t\u00e9 de mat\u00e9riel p\u00e9dagogique s\u00e9lectionn\u00e9 par des experts pour les mati\u00e8res scolaires les plus importantes.<\/p><p><a title=\"F\u00fcr Sch\u00fcler und Eltern\" href=\"https:\/\/www.grin.com\/fr\/enseignants-et-eleves\/materiel-didactique-pour-les-eleves\/\">Link zur Seite<\/a><\/p>\r\n        \r\n    <\/div>\r\n<\/div>\t\t\t\t<\/div>\n\t\t\t\t<\/div>\n\t\t\t\t\t<\/div>\n\t\t<\/div>\n\t\t\t\t<div class=\"elementor-column elementor-col-50 elementor-top-column elementor-element elementor-element-17572e6\" data-id=\"17572e6\" data-element_type=\"column\" data-e-type=\"column\">\n\t\t\t<div class=\"elementor-widget-wrap\">\n\t\t\t\t\t\t\t<\/div>\n\t\t<\/div>\n\t\t\t\t\t<\/div>\n\t\t<\/section>\n\t\t\t\t<\/div>\n\t\t","protected":false},"excerpt":{"rendered":"<p>GRIN fait de l\u2019enseignement un jeu d\u2019enfant &#8211; avec du mat\u00e9riel p\u00e9dagogique pour des enseignants et du mat\u00e9riel didactique pour des \u00e9l\u00e8ves Unterrichtsmaterialf\u00fcr Lehrer Unterrichtsvorbereitung leicht gemacht: Bei GRIN finden Sie ausf\u00fchrliche Unterrichtsentw\u00fcrfe inklusive Stundenskizzen und Materialien f\u00fcr jedes Schulfach. Link zur Seite Unterrichtsmaterialver\u00f6ffentlichen Teilen Sie Ihre Unterrichtsentw\u00fcrfe mit anderen Lehrern, unterst\u00fctzen Sie Sch\u00fcler beim [&hellip;]<\/p>\n","protected":false},"author":17,"featured_media":0,"parent":0,"menu_order":0,"comment_status":"closed","ping_status":"closed","template":"","meta":{"_acf_changed":false,"_lmt_disableupdate":"","_lmt_disable":"","footnotes":""},"class_list":["post-8658","page","type-page","status-publish","hentry"],"acf":[],"_links":{"self":[{"href":"https:\/\/www.grin.com\/fr\/wp-json\/wp\/v2\/pages\/8658","targetHints":{"allow":["GET"]}}],"collection":[{"href":"https:\/\/www.grin.com\/fr\/wp-json\/wp\/v2\/pages"}],"about":[{"href":"https:\/\/www.grin.com\/fr\/wp-json\/wp\/v2\/types\/page"}],"author":[{"embeddable":true,"href":"https:\/\/www.grin.com\/fr\/wp-json\/wp\/v2\/users\/17"}],"replies":[{"embeddable":true,"href":"https:\/\/www.grin.com\/fr\/wp-json\/wp\/v2\/comments?post=8658"}],"version-history":[{"count":44,"href":"https:\/\/www.grin.com\/fr\/wp-json\/wp\/v2\/pages\/8658\/revisions"}],"predecessor-version":[{"id":12150,"href":"https:\/\/www.grin.com\/fr\/wp-json\/wp\/v2\/pages\/8658\/revisions\/12150"}],"wp:attachment":[{"href":"https:\/\/www.grin.com\/fr\/wp-json\/wp\/v2\/media?parent=8658"}],"curies":[{"name":"wp","href":"https:\/\/api.w.org\/{rel}","templated":true}]}}